{"id":45945,"date":"2026-04-26T09:16:25","date_gmt":"2026-04-26T09:16:25","guid":{"rendered":""},"modified":"2026-04-26T09:16:25","modified_gmt":"2026-04-26T09:16:25","slug":"hit-sezony-ceresit-cl-51-express-1-k-jednoslo-382-kov-aacute-hydroizolace-2kg-45945","status":"publish","type":"product","link":"https:\/\/www.koupelnapro.com\/index.php\/produkt\/hit-sezony-ceresit-cl-51-express-1-k-jednoslo-382-kov-aacute-hydroizolace-2kg-45945\/","title":{"rendered":"Hit Sez\u00f3ny CERESIT | CL 51 | EXPRESS 1-K | jednoslo&#382;kov&aacute; hydroizolace | 2kg"},"content":{"rendered":"<p><!-- More info -->\t\t\t\t\t<\/p>\n<section id=\"idTab1\" class=\"page-product-box tab-pane active\" role=\"tabpanel\" aria-labelledby=\"idTab1\">\t\t\t\t\t\t<!-- full description -->\t\t\t\t\t\t<\/p>\n<div class=\"rte\">Jednoslo\u017ekov\u00e1 elastick\u00e1 t\u011bsnic\u00ed hmota pod keramick\u00e9 obklady a dla\u017ebu v interi\u00e9ru.<\/p>\n<p>Vlastnosti<br \/>    vodot\u011bsn\u00e1 a elastick\u00e1<br \/>    lepen\u00ed obklad\u016f u\u017e po 4 hodin\u00e1ch<br \/>    p\u0159eklenuje trhliny v podkladu<br \/>    pro podlahov\u00e1 vyt\u00e1p\u011bn\u00ed<br \/>    na st\u011bny i podlahy v interi\u00e9ru<br \/>Spot\u0159eba cca 1,1kg\/m2 p\u0159i dvou vrstv\u00e1ch                                                                                                     <br \/>Oblasti pou\u017eit\u00ed<br \/>Hydroizolace CL 51 je ur\u010dena k povrchov\u00e9mu beze\u0161v\u00e9mu ut\u011bsn\u011bn\u00ed podklad\u016f p\u0159ed lepen\u00edm obklad\u016f a dla\u017eeb keramick\u00fdch, gresov\u00fdch (sav\u00fdch) i z kameniny na m\u00edstech zat\u00ed\u017een\u00fdch vlhkost\u00ed, jako jsou koupelny, kuchyn\u011b, toalety, sprchy a pr\u00e1delny. M\u016f\u017ee b\u00fdt pou\u017eita na cementov\u00e9 pot\u011bry, cementov\u00e9 a v\u00e1penno-cementov\u00e9 om\u00edtky, stejn\u011b jako p\u00f3robeton, anhydritov\u00e9 a s\u00e1drov\u00e9 podklady, podlahov\u00e9 vyrovn\u00e1vac\u00ed hmoty, s\u00e1drokartonov\u00e9, s\u00e1drovl\u00e1knit\u00e9 a cementovl\u00e1knit\u00e9 desky a OSB desky. Materi\u00e1l je p\u0159\u00edmo p\u0159ipraven\u00fd ke zpracov\u00e1n\u00ed. Hydroizolace Ceresit CL 51 spl\u0148uje n\u00e1roky pro izolace lehk\u00e9ho typu.<\/div>\n<\/section>\n<p>\t\t\t\t\t<!--end  More info -->\t\t\t\t\t\t\t\t\t\t\t\t\t<!-- Data sheet -->\t\t\t\t\t<\/p>\n<section id=\"idTab2\" class=\"page-product-box tab-pane\" role=\"tabpanel\" aria-labelledby=\"idTab2\">\n<table class=\"table-data-sheet\">\n<tr class=\"odd\">\n<td>Akce<\/td>\n<td>Ano <\/td>\n<\/tr>\n<tr class=\"even\">\n<td>Sleva<\/td>\n<td>Ano <\/td>\n<\/tr>\n<\/table>\n<\/section>\n<p>\t\t\t\t\t<!--end Data sheet -->\t\t\t\t\t\t\t\t\t\t\t\t\t\t\t\t\t\t\t\t\t\t\t\t\t\t\t<\/div>\n<\/p><\/div>\n<p><!--QTR Accessories --><\/p>\n","protected":false},"excerpt":{"rendered":"<p>Jednoslo\u017ekov\u00e1 elastick\u00e1 t\u011bsnic\u00ed hmota pod keramick\u00e9 obklady a dla\u017ebu v interi\u00e9ru. Vlastnosti vodot\u011bsn\u00e1 a elastick\u00e1 lepen\u00ed obklad\u016f u\u017e po 4 hodin\u00e1ch p\u0159eklenuje trhliny v podkladu pro podlahov\u00e1 vyt\u00e1p\u011bn\u00ed na st\u011bny i podlahy v interi\u00e9ruSpot\u0159eba cca 1,1kg\/m2 p\u0159i dvou vrstv\u00e1ch Oblasti pou\u017eit\u00edHydroizolace CL 51 je ur\u010dena k povrchov\u00e9mu beze\u0161v\u00e9mu ut\u011bsn\u011bn\u00ed podklad\u016f p\u0159ed lepen\u00edm obklad\u016f a dla\u017eeb [&hellip;]<\/p>\n","protected":false},"featured_media":46045,"comment_status":"open","ping_status":"open","template":"","meta":[],"product_brand":[],"product_cat":[160,159],"product_tag":[],"class_list":{"0":"post-45945","1":"product","2":"type-product","3":"status-publish","4":"has-post-thumbnail","6":"product_cat-sleva","7":"product_cat-v-yacute-prodej","9":"first","10":"instock","11":"sale","12":"shipping-taxable","13":"purchasable","14":"product-type-simple"},"yoast_head":"<!-- This site is optimized with the Yoast SEO plugin v26.8 - https:\/\/yoast.com\/product\/yoast-seo-wordpress\/ -->\n<title>Hit Sez\u00f3ny CERESIT | CL 51 | EXPRESS 1-K | jednoslo&#382;kov&aacute; hydroizolace | 2kg -<\/title>\n<meta name=\"robots\" content=\"index, follow, max-snippet:-1, max-image-preview:large, max-video-preview:-1\" \/>\n<link rel=\"canonical\" href=\"https:\/\/www.koupelnapro.com\/index.php\/produkt\/hit-sezony-ceresit-cl-51-express-1-k-jednoslo-382-kov-aacute-hydroizolace-2kg-45945\/\" \/>\n<meta property=\"og:locale\" content=\"cs_CZ\" \/>\n<meta property=\"og:type\" content=\"article\" \/>\n<meta property=\"og:title\" content=\"Hit Sez\u00f3ny CERESIT | CL 51 | EXPRESS 1-K | jednoslo&#382;kov&aacute; hydroizolace | 2kg -\" \/>\n<meta property=\"og:description\" content=\"Jednoslo\u017ekov\u00e1 elastick\u00e1 t\u011bsnic\u00ed hmota pod keramick\u00e9 obklady a dla\u017ebu v interi\u00e9ru. Vlastnosti vodot\u011bsn\u00e1 a elastick\u00e1 lepen\u00ed obklad\u016f u\u017e po 4 hodin\u00e1ch p\u0159eklenuje trhliny v podkladu pro podlahov\u00e1 vyt\u00e1p\u011bn\u00ed na st\u011bny i podlahy v interi\u00e9ruSpot\u0159eba cca 1,1kg\/m2 p\u0159i dvou vrstv\u00e1ch Oblasti pou\u017eit\u00edHydroizolace CL 51 je ur\u010dena k povrchov\u00e9mu beze\u0161v\u00e9mu ut\u011bsn\u011bn\u00ed podklad\u016f p\u0159ed lepen\u00edm obklad\u016f a dla\u017eeb [&hellip;]\" \/>\n<meta property=\"og:url\" content=\"https:\/\/www.koupelnapro.com\/index.php\/produkt\/hit-sezony-ceresit-cl-51-express-1-k-jednoslo-382-kov-aacute-hydroizolace-2kg-45945\/\" \/>\n<meta property=\"og:image\" content=\"https:\/\/www.koupelnapro.com\/wp-content\/uploads\/2026\/SK0002754-CZ20260425-093107-0-1777080667-61455-large_default.webp\" \/>\n\t<meta property=\"og:image:width\" content=\"470\" \/>\n\t<meta property=\"og:image:height\" content=\"470\" \/>\n\t<meta property=\"og:image:type\" content=\"image\/webp\" \/>\n<meta name=\"twitter:card\" content=\"summary_large_image\" \/>\n<meta name=\"twitter:label1\" content=\"Odhadovan\u00e1 doba \u010dten\u00ed\" \/>\n\t<meta name=\"twitter:data1\" content=\"1 minuta\" \/>\n<script type=\"application\/ld+json\" class=\"yoast-schema-graph\">{\"@context\":\"https:\/\/schema.org\",\"@graph\":[{\"@type\":\"WebPage\",\"@id\":\"https:\/\/www.koupelnapro.com\/index.php\/produkt\/hit-sezony-ceresit-cl-51-express-1-k-jednoslo-382-kov-aacute-hydroizolace-2kg-45945\/\",\"url\":\"https:\/\/www.koupelnapro.com\/index.php\/produkt\/hit-sezony-ceresit-cl-51-express-1-k-jednoslo-382-kov-aacute-hydroizolace-2kg-45945\/\",\"name\":\"Hit Sez\u00f3ny CERESIT | CL 51 | EXPRESS 1-K | jednoslo&#382;kov&aacute; hydroizolace | 2kg -\",\"isPartOf\":{\"@id\":\"https:\/\/www.koupelnapro.com\/#website\"},\"primaryImageOfPage\":{\"@id\":\"https:\/\/www.koupelnapro.com\/index.php\/produkt\/hit-sezony-ceresit-cl-51-express-1-k-jednoslo-382-kov-aacute-hydroizolace-2kg-45945\/#primaryimage\"},\"image\":{\"@id\":\"https:\/\/www.koupelnapro.com\/index.php\/produkt\/hit-sezony-ceresit-cl-51-express-1-k-jednoslo-382-kov-aacute-hydroizolace-2kg-45945\/#primaryimage\"},\"thumbnailUrl\":\"https:\/\/www.koupelnapro.com\/wp-content\/uploads\/2026\/SK0002754-CZ20260425-093107-0-1777080667-61455-large_default.webp\",\"datePublished\":\"2026-04-26T09:16:25+00:00\",\"breadcrumb\":{\"@id\":\"https:\/\/www.koupelnapro.com\/index.php\/produkt\/hit-sezony-ceresit-cl-51-express-1-k-jednoslo-382-kov-aacute-hydroizolace-2kg-45945\/#breadcrumb\"},\"inLanguage\":\"cs\",\"potentialAction\":[{\"@type\":\"ReadAction\",\"target\":[\"https:\/\/www.koupelnapro.com\/index.php\/produkt\/hit-sezony-ceresit-cl-51-express-1-k-jednoslo-382-kov-aacute-hydroizolace-2kg-45945\/\"]}]},{\"@type\":\"ImageObject\",\"inLanguage\":\"cs\",\"@id\":\"https:\/\/www.koupelnapro.com\/index.php\/produkt\/hit-sezony-ceresit-cl-51-express-1-k-jednoslo-382-kov-aacute-hydroizolace-2kg-45945\/#primaryimage\",\"url\":\"https:\/\/www.koupelnapro.com\/wp-content\/uploads\/2026\/SK0002754-CZ20260425-093107-0-1777080667-61455-large_default.webp\",\"contentUrl\":\"https:\/\/www.koupelnapro.com\/wp-content\/uploads\/2026\/SK0002754-CZ20260425-093107-0-1777080667-61455-large_default.webp\",\"width\":470,\"height\":470},{\"@type\":\"BreadcrumbList\",\"@id\":\"https:\/\/www.koupelnapro.com\/index.php\/produkt\/hit-sezony-ceresit-cl-51-express-1-k-jednoslo-382-kov-aacute-hydroizolace-2kg-45945\/#breadcrumb\",\"itemListElement\":[{\"@type\":\"ListItem\",\"position\":1,\"name\":\"Home\",\"item\":\"https:\/\/www.koupelnapro.com\/\"},{\"@type\":\"ListItem\",\"position\":2,\"name\":\"Products\",\"item\":\"https:\/\/www.koupelnapro.com\/index.php\/products\/\"},{\"@type\":\"ListItem\",\"position\":3,\"name\":\"Hit Sez\u00f3ny CERESIT | CL 51 | EXPRESS 1-K | jednoslo&#382;kov&aacute; hydroizolace | 2kg\"}]},{\"@type\":\"WebSite\",\"@id\":\"https:\/\/www.koupelnapro.com\/#website\",\"url\":\"https:\/\/www.koupelnapro.com\/\",\"name\":\"\",\"description\":\"\",\"potentialAction\":[{\"@type\":\"SearchAction\",\"target\":{\"@type\":\"EntryPoint\",\"urlTemplate\":\"https:\/\/www.koupelnapro.com\/?s={search_term_string}\"},\"query-input\":{\"@type\":\"PropertyValueSpecification\",\"valueRequired\":true,\"valueName\":\"search_term_string\"}}],\"inLanguage\":\"cs\"}]}<\/script>\n<!-- \/ Yoast SEO plugin. -->","yoast_head_json":{"title":"Hit Sez\u00f3ny CERESIT | CL 51 | EXPRESS 1-K | jednoslo&#382;kov&aacute; hydroizolace | 2kg -","robots":{"index":"index","follow":"follow","max-snippet":"max-snippet:-1","max-image-preview":"max-image-preview:large","max-video-preview":"max-video-preview:-1"},"canonical":"https:\/\/www.koupelnapro.com\/index.php\/produkt\/hit-sezony-ceresit-cl-51-express-1-k-jednoslo-382-kov-aacute-hydroizolace-2kg-45945\/","og_locale":"cs_CZ","og_type":"article","og_title":"Hit Sez\u00f3ny CERESIT | CL 51 | EXPRESS 1-K | jednoslo&#382;kov&aacute; hydroizolace | 2kg -","og_description":"Jednoslo\u017ekov\u00e1 elastick\u00e1 t\u011bsnic\u00ed hmota pod keramick\u00e9 obklady a dla\u017ebu v interi\u00e9ru. Vlastnosti vodot\u011bsn\u00e1 a elastick\u00e1 lepen\u00ed obklad\u016f u\u017e po 4 hodin\u00e1ch p\u0159eklenuje trhliny v podkladu pro podlahov\u00e1 vyt\u00e1p\u011bn\u00ed na st\u011bny i podlahy v interi\u00e9ruSpot\u0159eba cca 1,1kg\/m2 p\u0159i dvou vrstv\u00e1ch Oblasti pou\u017eit\u00edHydroizolace CL 51 je ur\u010dena k povrchov\u00e9mu beze\u0161v\u00e9mu ut\u011bsn\u011bn\u00ed podklad\u016f p\u0159ed lepen\u00edm obklad\u016f a dla\u017eeb [&hellip;]","og_url":"https:\/\/www.koupelnapro.com\/index.php\/produkt\/hit-sezony-ceresit-cl-51-express-1-k-jednoslo-382-kov-aacute-hydroizolace-2kg-45945\/","og_image":[{"width":470,"height":470,"url":"https:\/\/www.koupelnapro.com\/wp-content\/uploads\/2026\/SK0002754-CZ20260425-093107-0-1777080667-61455-large_default.webp","type":"image\/webp"}],"twitter_card":"summary_large_image","twitter_misc":{"Odhadovan\u00e1 doba \u010dten\u00ed":"1 minuta"},"schema":{"@context":"https:\/\/schema.org","@graph":[{"@type":"WebPage","@id":"https:\/\/www.koupelnapro.com\/index.php\/produkt\/hit-sezony-ceresit-cl-51-express-1-k-jednoslo-382-kov-aacute-hydroizolace-2kg-45945\/","url":"https:\/\/www.koupelnapro.com\/index.php\/produkt\/hit-sezony-ceresit-cl-51-express-1-k-jednoslo-382-kov-aacute-hydroizolace-2kg-45945\/","name":"Hit Sez\u00f3ny CERESIT | CL 51 | EXPRESS 1-K | jednoslo&#382;kov&aacute; hydroizolace | 2kg -","isPartOf":{"@id":"https:\/\/www.koupelnapro.com\/#website"},"primaryImageOfPage":{"@id":"https:\/\/www.koupelnapro.com\/index.php\/produkt\/hit-sezony-ceresit-cl-51-express-1-k-jednoslo-382-kov-aacute-hydroizolace-2kg-45945\/#primaryimage"},"image":{"@id":"https:\/\/www.koupelnapro.com\/index.php\/produkt\/hit-sezony-ceresit-cl-51-express-1-k-jednoslo-382-kov-aacute-hydroizolace-2kg-45945\/#primaryimage"},"thumbnailUrl":"https:\/\/www.koupelnapro.com\/wp-content\/uploads\/2026\/SK0002754-CZ20260425-093107-0-1777080667-61455-large_default.webp","datePublished":"2026-04-26T09:16:25+00:00","breadcrumb":{"@id":"https:\/\/www.koupelnapro.com\/index.php\/produkt\/hit-sezony-ceresit-cl-51-express-1-k-jednoslo-382-kov-aacute-hydroizolace-2kg-45945\/#breadcrumb"},"inLanguage":"cs","potentialAction":[{"@type":"ReadAction","target":["https:\/\/www.koupelnapro.com\/index.php\/produkt\/hit-sezony-ceresit-cl-51-express-1-k-jednoslo-382-kov-aacute-hydroizolace-2kg-45945\/"]}]},{"@type":"ImageObject","inLanguage":"cs","@id":"https:\/\/www.koupelnapro.com\/index.php\/produkt\/hit-sezony-ceresit-cl-51-express-1-k-jednoslo-382-kov-aacute-hydroizolace-2kg-45945\/#primaryimage","url":"https:\/\/www.koupelnapro.com\/wp-content\/uploads\/2026\/SK0002754-CZ20260425-093107-0-1777080667-61455-large_default.webp","contentUrl":"https:\/\/www.koupelnapro.com\/wp-content\/uploads\/2026\/SK0002754-CZ20260425-093107-0-1777080667-61455-large_default.webp","width":470,"height":470},{"@type":"BreadcrumbList","@id":"https:\/\/www.koupelnapro.com\/index.php\/produkt\/hit-sezony-ceresit-cl-51-express-1-k-jednoslo-382-kov-aacute-hydroizolace-2kg-45945\/#breadcrumb","itemListElement":[{"@type":"ListItem","position":1,"name":"Home","item":"https:\/\/www.koupelnapro.com\/"},{"@type":"ListItem","position":2,"name":"Products","item":"https:\/\/www.koupelnapro.com\/index.php\/products\/"},{"@type":"ListItem","position":3,"name":"Hit Sez\u00f3ny CERESIT | CL 51 | EXPRESS 1-K | jednoslo&#382;kov&aacute; hydroizolace | 2kg"}]},{"@type":"WebSite","@id":"https:\/\/www.koupelnapro.com\/#website","url":"https:\/\/www.koupelnapro.com\/","name":"","description":"","potentialAction":[{"@type":"SearchAction","target":{"@type":"EntryPoint","urlTemplate":"https:\/\/www.koupelnapro.com\/?s={search_term_string}"},"query-input":{"@type":"PropertyValueSpecification","valueRequired":true,"valueName":"search_term_string"}}],"inLanguage":"cs"}]}},"_links":{"self":[{"href":"https:\/\/www.koupelnapro.com\/index.php\/wp-json\/wp\/v2\/product\/45945","targetHints":{"allow":["GET"]}}],"collection":[{"href":"https:\/\/www.koupelnapro.com\/index.php\/wp-json\/wp\/v2\/product"}],"about":[{"href":"https:\/\/www.koupelnapro.com\/index.php\/wp-json\/wp\/v2\/types\/product"}],"replies":[{"embeddable":true,"href":"https:\/\/www.koupelnapro.com\/index.php\/wp-json\/wp\/v2\/comments?post=45945"}],"wp:featuredmedia":[{"embeddable":true,"href":"https:\/\/www.koupelnapro.com\/index.php\/wp-json\/wp\/v2\/media\/46045"}],"wp:attachment":[{"href":"https:\/\/www.koupelnapro.com\/index.php\/wp-json\/wp\/v2\/media?parent=45945"}],"wp:term":[{"taxonomy":"product_brand","embeddable":true,"href":"https:\/\/www.koupelnapro.com\/index.php\/wp-json\/wp\/v2\/product_brand?post=45945"},{"taxonomy":"product_cat","embeddable":true,"href":"https:\/\/www.koupelnapro.com\/index.php\/wp-json\/wp\/v2\/product_cat?post=45945"},{"taxonomy":"product_tag","embeddable":true,"href":"https:\/\/www.koupelnapro.com\/index.php\/wp-json\/wp\/v2\/product_tag?post=45945"}],"curies":[{"name":"wp","href":"https:\/\/api.w.org\/{rel}","templated":true}]}}