{"id":45144,"date":"2026-04-26T09:16:22","date_gmt":"2026-04-26T09:16:22","guid":{"rendered":""},"modified":"2026-04-26T09:16:22","modified_gmt":"2026-04-26T09:16:22","slug":"znackovy-umyvadlo-z-liteho-mramoru-mexen-ava-70-cm-s-otvorem-pro-baterii-bile-23017001-45144","status":"publish","type":"product","link":"https:\/\/www.koupelnapro.com\/index.php\/produkt\/znackovy-umyvadlo-z-liteho-mramoru-mexen-ava-70-cm-s-otvorem-pro-baterii-bile-23017001-45144\/","title":{"rendered":"Zna\u010dkov\u00fd Umyvadlo z lit\u00e9ho mramoru MEXEN AVA 70 cm &#8211; s otvorem pro baterii &#8211; b\u00edl\u00e9, 23017001"},"content":{"rendered":"<div class=\"tabs__content-outer\" id=\"tab_description\" data-hash=\"description\" data-tabindex=\"-1\">\n<div class=\"tabs__content toggle_description\" id=\"content_description\">\n<div class=\"wysiwyg-content\">\n<div class=\"product__tab product__description full-width\">\n<div class=\"container\">\n<div >\n<h3>Umyvadlo z lit\u00e9ho mramoru AVA 70 cm &#8211; s otvorem pro baterii &#8211; b\u00edl\u00e9<\/h3>\n<p>Umyvadlo vyroben\u00e9 z lit\u00e9ho mramoru je kr\u00e1sn\u00e9,<span>\u00a0mimo\u0159\u00e1dn\u011b funk\u010dn\u00ed a modern\u00ed.\u00a0Dokonale pasuje do modern\u00ed koupelny, kde dopl\u0148uje estetiku koupelny a dod\u00e1v\u00e1 pocit luxusu.\u00a0<\/span><span>Umyvadlo je vyrobeno z vysoce kvalitn\u00edho lit\u00e9ho mramoru, kter\u00fd se vyzna\u010duje obrovskou odolnost\u00ed proti po\u0161kr\u00e1b\u00e1n\u00ed, po\u0161kozen\u00ed i vysok\u00fdm teplot\u00e1m.\u00a0<\/span><\/p>\n<p><strong>Parametry:<\/strong>\u00a0<\/p>\n<ul>\n<li><span>Materi\u00e1l: konglomer\u00e1t &#8211; lit\u00fd mramor\u00a0<\/span><\/li>\n<li><span>Barva: b\u00edl\u00e1<\/span><\/li>\n<li><span>Rozm\u011bry\u00a0umyvadla: 700 x 460 x 120 mm\u00a0<\/span><\/li>\n<li><span>Hloubka umyvadla: 80 mm\u00a0<\/span><\/li>\n<li><span>Otvor pro baterii: Ano, 35 mm\u00a0<\/span><\/li>\n<li><span>Pr\u016fm\u011br odtoku: 45 mm\u00a0<\/span><\/li>\n<li><span>Instalace umyvadla na sk\u0159\u00ed\u0148ku nebo desku.\u00a0<\/span><\/li>\n<li><span>Baterie nen\u00ed sou\u010d\u00e1st\u00ed v\u00fdrobku, ale m\u016f\u017eete ji dokoupit u n\u00e1s v eshopu.\u00a0<\/span><\/li>\n<\/ul><\/div>\n<\/p><\/div>\n<\/p><\/div>\n<\/p><\/div>\n<\/p><\/div>\n","protected":false},"excerpt":{"rendered":"<p>Umyvadlo z lit\u00e9ho mramoru AVA 70 cm &#8211; s otvorem pro baterii &#8211; b\u00edl\u00e9 Umyvadlo vyroben\u00e9 z lit\u00e9ho mramoru je kr\u00e1sn\u00e9,\u00a0mimo\u0159\u00e1dn\u011b funk\u010dn\u00ed a modern\u00ed.\u00a0Dokonale pasuje do modern\u00ed koupelny, kde dopl\u0148uje estetiku koupelny a dod\u00e1v\u00e1 pocit luxusu.\u00a0Umyvadlo je vyrobeno z vysoce kvalitn\u00edho lit\u00e9ho mramoru, kter\u00fd se vyzna\u010duje obrovskou odolnost\u00ed proti po\u0161kr\u00e1b\u00e1n\u00ed, po\u0161kozen\u00ed i vysok\u00fdm teplot\u00e1m.\u00a0 Parametry:\u00a0 [&hellip;]<\/p>\n","protected":false},"featured_media":45244,"comment_status":"open","ping_status":"open","template":"","meta":[],"product_brand":[],"product_cat":[152],"product_tag":[],"class_list":{"0":"post-45144","1":"product","2":"type-product","3":"status-publish","4":"has-post-thumbnail","6":"product_cat-koupelna","8":"first","9":"instock","10":"sale","11":"shipping-taxable","12":"purchasable","13":"product-type-simple"},"yoast_head":"<!-- This site is optimized with the Yoast SEO plugin v26.8 - https:\/\/yoast.com\/product\/yoast-seo-wordpress\/ -->\n<title>Zna\u010dkov\u00fd Umyvadlo z lit\u00e9ho mramoru MEXEN AVA 70 cm - s otvorem pro baterii - b\u00edl\u00e9, 23017001 -<\/title>\n<meta name=\"robots\" content=\"index, follow, max-snippet:-1, max-image-preview:large, max-video-preview:-1\" \/>\n<link rel=\"canonical\" href=\"https:\/\/www.koupelnapro.com\/index.php\/produkt\/znackovy-umyvadlo-z-liteho-mramoru-mexen-ava-70-cm-s-otvorem-pro-baterii-bile-23017001-45144\/\" \/>\n<meta property=\"og:locale\" content=\"cs_CZ\" \/>\n<meta property=\"og:type\" content=\"article\" \/>\n<meta property=\"og:title\" content=\"Zna\u010dkov\u00fd Umyvadlo z lit\u00e9ho mramoru MEXEN AVA 70 cm - s otvorem pro baterii - b\u00edl\u00e9, 23017001 -\" \/>\n<meta property=\"og:description\" content=\"Umyvadlo z lit\u00e9ho mramoru AVA 70 cm &#8211; s otvorem pro baterii &#8211; b\u00edl\u00e9 Umyvadlo vyroben\u00e9 z lit\u00e9ho mramoru je kr\u00e1sn\u00e9,\u00a0mimo\u0159\u00e1dn\u011b funk\u010dn\u00ed a modern\u00ed.\u00a0Dokonale pasuje do modern\u00ed koupelny, kde dopl\u0148uje estetiku koupelny a dod\u00e1v\u00e1 pocit luxusu.\u00a0Umyvadlo je vyrobeno z vysoce kvalitn\u00edho lit\u00e9ho mramoru, kter\u00fd se vyzna\u010duje obrovskou odolnost\u00ed proti po\u0161kr\u00e1b\u00e1n\u00ed, po\u0161kozen\u00ed i vysok\u00fdm teplot\u00e1m.\u00a0 Parametry:\u00a0 [&hellip;]\" \/>\n<meta property=\"og:url\" content=\"https:\/\/www.koupelnapro.com\/index.php\/produkt\/znackovy-umyvadlo-z-liteho-mramoru-mexen-ava-70-cm-s-otvorem-pro-baterii-bile-23017001-45144\/\" \/>\n<meta property=\"og:image\" content=\"https:\/\/www.koupelnapro.com\/wp-content\/uploads\/2026\/SK0003675-CZ20260425-093041-0-1777080643-umyvadlo-z-liteho-mramoru-mexen-ava-70-cm-s-otvorem-pro-bat.webp\" \/>\n\t<meta property=\"og:image:width\" content=\"1000\" \/>\n\t<meta property=\"og:image:height\" content=\"496\" \/>\n\t<meta property=\"og:image:type\" content=\"image\/webp\" \/>\n<meta name=\"twitter:card\" content=\"summary_large_image\" \/>\n<meta name=\"twitter:label1\" content=\"Odhadovan\u00e1 doba \u010dten\u00ed\" \/>\n\t<meta name=\"twitter:data1\" content=\"1 minuta\" \/>\n<script type=\"application\/ld+json\" class=\"yoast-schema-graph\">{\"@context\":\"https:\/\/schema.org\",\"@graph\":[{\"@type\":\"WebPage\",\"@id\":\"https:\/\/www.koupelnapro.com\/index.php\/produkt\/znackovy-umyvadlo-z-liteho-mramoru-mexen-ava-70-cm-s-otvorem-pro-baterii-bile-23017001-45144\/\",\"url\":\"https:\/\/www.koupelnapro.com\/index.php\/produkt\/znackovy-umyvadlo-z-liteho-mramoru-mexen-ava-70-cm-s-otvorem-pro-baterii-bile-23017001-45144\/\",\"name\":\"Zna\u010dkov\u00fd Umyvadlo z lit\u00e9ho mramoru MEXEN AVA 70 cm - s otvorem pro baterii - b\u00edl\u00e9, 23017001 -\",\"isPartOf\":{\"@id\":\"https:\/\/www.koupelnapro.com\/#website\"},\"primaryImageOfPage\":{\"@id\":\"https:\/\/www.koupelnapro.com\/index.php\/produkt\/znackovy-umyvadlo-z-liteho-mramoru-mexen-ava-70-cm-s-otvorem-pro-baterii-bile-23017001-45144\/#primaryimage\"},\"image\":{\"@id\":\"https:\/\/www.koupelnapro.com\/index.php\/produkt\/znackovy-umyvadlo-z-liteho-mramoru-mexen-ava-70-cm-s-otvorem-pro-baterii-bile-23017001-45144\/#primaryimage\"},\"thumbnailUrl\":\"https:\/\/www.koupelnapro.com\/wp-content\/uploads\/2026\/SK0003675-CZ20260425-093041-0-1777080643-umyvadlo-z-liteho-mramoru-mexen-ava-70-cm-s-otvorem-pro-bat.webp\",\"datePublished\":\"2026-04-26T09:16:22+00:00\",\"breadcrumb\":{\"@id\":\"https:\/\/www.koupelnapro.com\/index.php\/produkt\/znackovy-umyvadlo-z-liteho-mramoru-mexen-ava-70-cm-s-otvorem-pro-baterii-bile-23017001-45144\/#breadcrumb\"},\"inLanguage\":\"cs\",\"potentialAction\":[{\"@type\":\"ReadAction\",\"target\":[\"https:\/\/www.koupelnapro.com\/index.php\/produkt\/znackovy-umyvadlo-z-liteho-mramoru-mexen-ava-70-cm-s-otvorem-pro-baterii-bile-23017001-45144\/\"]}]},{\"@type\":\"ImageObject\",\"inLanguage\":\"cs\",\"@id\":\"https:\/\/www.koupelnapro.com\/index.php\/produkt\/znackovy-umyvadlo-z-liteho-mramoru-mexen-ava-70-cm-s-otvorem-pro-baterii-bile-23017001-45144\/#primaryimage\",\"url\":\"https:\/\/www.koupelnapro.com\/wp-content\/uploads\/2026\/SK0003675-CZ20260425-093041-0-1777080643-umyvadlo-z-liteho-mramoru-mexen-ava-70-cm-s-otvorem-pro-bat.webp\",\"contentUrl\":\"https:\/\/www.koupelnapro.com\/wp-content\/uploads\/2026\/SK0003675-CZ20260425-093041-0-1777080643-umyvadlo-z-liteho-mramoru-mexen-ava-70-cm-s-otvorem-pro-bat.webp\",\"width\":1000,\"height\":496},{\"@type\":\"BreadcrumbList\",\"@id\":\"https:\/\/www.koupelnapro.com\/index.php\/produkt\/znackovy-umyvadlo-z-liteho-mramoru-mexen-ava-70-cm-s-otvorem-pro-baterii-bile-23017001-45144\/#breadcrumb\",\"itemListElement\":[{\"@type\":\"ListItem\",\"position\":1,\"name\":\"Home\",\"item\":\"https:\/\/www.koupelnapro.com\/\"},{\"@type\":\"ListItem\",\"position\":2,\"name\":\"Products\",\"item\":\"https:\/\/www.koupelnapro.com\/index.php\/products\/\"},{\"@type\":\"ListItem\",\"position\":3,\"name\":\"Zna\u010dkov\u00fd Umyvadlo z lit\u00e9ho mramoru MEXEN AVA 70 cm &#8211; s otvorem pro baterii &#8211; b\u00edl\u00e9, 23017001\"}]},{\"@type\":\"WebSite\",\"@id\":\"https:\/\/www.koupelnapro.com\/#website\",\"url\":\"https:\/\/www.koupelnapro.com\/\",\"name\":\"\",\"description\":\"\",\"potentialAction\":[{\"@type\":\"SearchAction\",\"target\":{\"@type\":\"EntryPoint\",\"urlTemplate\":\"https:\/\/www.koupelnapro.com\/?s={search_term_string}\"},\"query-input\":{\"@type\":\"PropertyValueSpecification\",\"valueRequired\":true,\"valueName\":\"search_term_string\"}}],\"inLanguage\":\"cs\"}]}<\/script>\n<!-- \/ Yoast SEO plugin. -->","yoast_head_json":{"title":"Zna\u010dkov\u00fd Umyvadlo z lit\u00e9ho mramoru MEXEN AVA 70 cm - s otvorem pro baterii - b\u00edl\u00e9, 23017001 -","robots":{"index":"index","follow":"follow","max-snippet":"max-snippet:-1","max-image-preview":"max-image-preview:large","max-video-preview":"max-video-preview:-1"},"canonical":"https:\/\/www.koupelnapro.com\/index.php\/produkt\/znackovy-umyvadlo-z-liteho-mramoru-mexen-ava-70-cm-s-otvorem-pro-baterii-bile-23017001-45144\/","og_locale":"cs_CZ","og_type":"article","og_title":"Zna\u010dkov\u00fd Umyvadlo z lit\u00e9ho mramoru MEXEN AVA 70 cm - s otvorem pro baterii - b\u00edl\u00e9, 23017001 -","og_description":"Umyvadlo z lit\u00e9ho mramoru AVA 70 cm &#8211; s otvorem pro baterii &#8211; b\u00edl\u00e9 Umyvadlo vyroben\u00e9 z lit\u00e9ho mramoru je kr\u00e1sn\u00e9,\u00a0mimo\u0159\u00e1dn\u011b funk\u010dn\u00ed a modern\u00ed.\u00a0Dokonale pasuje do modern\u00ed koupelny, kde dopl\u0148uje estetiku koupelny a dod\u00e1v\u00e1 pocit luxusu.\u00a0Umyvadlo je vyrobeno z vysoce kvalitn\u00edho lit\u00e9ho mramoru, kter\u00fd se vyzna\u010duje obrovskou odolnost\u00ed proti po\u0161kr\u00e1b\u00e1n\u00ed, po\u0161kozen\u00ed i vysok\u00fdm teplot\u00e1m.\u00a0 Parametry:\u00a0 [&hellip;]","og_url":"https:\/\/www.koupelnapro.com\/index.php\/produkt\/znackovy-umyvadlo-z-liteho-mramoru-mexen-ava-70-cm-s-otvorem-pro-baterii-bile-23017001-45144\/","og_image":[{"width":1000,"height":496,"url":"https:\/\/www.koupelnapro.com\/wp-content\/uploads\/2026\/SK0003675-CZ20260425-093041-0-1777080643-umyvadlo-z-liteho-mramoru-mexen-ava-70-cm-s-otvorem-pro-bat.webp","type":"image\/webp"}],"twitter_card":"summary_large_image","twitter_misc":{"Odhadovan\u00e1 doba \u010dten\u00ed":"1 minuta"},"schema":{"@context":"https:\/\/schema.org","@graph":[{"@type":"WebPage","@id":"https:\/\/www.koupelnapro.com\/index.php\/produkt\/znackovy-umyvadlo-z-liteho-mramoru-mexen-ava-70-cm-s-otvorem-pro-baterii-bile-23017001-45144\/","url":"https:\/\/www.koupelnapro.com\/index.php\/produkt\/znackovy-umyvadlo-z-liteho-mramoru-mexen-ava-70-cm-s-otvorem-pro-baterii-bile-23017001-45144\/","name":"Zna\u010dkov\u00fd Umyvadlo z lit\u00e9ho mramoru MEXEN AVA 70 cm - s otvorem pro baterii - b\u00edl\u00e9, 23017001 -","isPartOf":{"@id":"https:\/\/www.koupelnapro.com\/#website"},"primaryImageOfPage":{"@id":"https:\/\/www.koupelnapro.com\/index.php\/produkt\/znackovy-umyvadlo-z-liteho-mramoru-mexen-ava-70-cm-s-otvorem-pro-baterii-bile-23017001-45144\/#primaryimage"},"image":{"@id":"https:\/\/www.koupelnapro.com\/index.php\/produkt\/znackovy-umyvadlo-z-liteho-mramoru-mexen-ava-70-cm-s-otvorem-pro-baterii-bile-23017001-45144\/#primaryimage"},"thumbnailUrl":"https:\/\/www.koupelnapro.com\/wp-content\/uploads\/2026\/SK0003675-CZ20260425-093041-0-1777080643-umyvadlo-z-liteho-mramoru-mexen-ava-70-cm-s-otvorem-pro-bat.webp","datePublished":"2026-04-26T09:16:22+00:00","breadcrumb":{"@id":"https:\/\/www.koupelnapro.com\/index.php\/produkt\/znackovy-umyvadlo-z-liteho-mramoru-mexen-ava-70-cm-s-otvorem-pro-baterii-bile-23017001-45144\/#breadcrumb"},"inLanguage":"cs","potentialAction":[{"@type":"ReadAction","target":["https:\/\/www.koupelnapro.com\/index.php\/produkt\/znackovy-umyvadlo-z-liteho-mramoru-mexen-ava-70-cm-s-otvorem-pro-baterii-bile-23017001-45144\/"]}]},{"@type":"ImageObject","inLanguage":"cs","@id":"https:\/\/www.koupelnapro.com\/index.php\/produkt\/znackovy-umyvadlo-z-liteho-mramoru-mexen-ava-70-cm-s-otvorem-pro-baterii-bile-23017001-45144\/#primaryimage","url":"https:\/\/www.koupelnapro.com\/wp-content\/uploads\/2026\/SK0003675-CZ20260425-093041-0-1777080643-umyvadlo-z-liteho-mramoru-mexen-ava-70-cm-s-otvorem-pro-bat.webp","contentUrl":"https:\/\/www.koupelnapro.com\/wp-content\/uploads\/2026\/SK0003675-CZ20260425-093041-0-1777080643-umyvadlo-z-liteho-mramoru-mexen-ava-70-cm-s-otvorem-pro-bat.webp","width":1000,"height":496},{"@type":"BreadcrumbList","@id":"https:\/\/www.koupelnapro.com\/index.php\/produkt\/znackovy-umyvadlo-z-liteho-mramoru-mexen-ava-70-cm-s-otvorem-pro-baterii-bile-23017001-45144\/#breadcrumb","itemListElement":[{"@type":"ListItem","position":1,"name":"Home","item":"https:\/\/www.koupelnapro.com\/"},{"@type":"ListItem","position":2,"name":"Products","item":"https:\/\/www.koupelnapro.com\/index.php\/products\/"},{"@type":"ListItem","position":3,"name":"Zna\u010dkov\u00fd Umyvadlo z lit\u00e9ho mramoru MEXEN AVA 70 cm &#8211; s otvorem pro baterii &#8211; b\u00edl\u00e9, 23017001"}]},{"@type":"WebSite","@id":"https:\/\/www.koupelnapro.com\/#website","url":"https:\/\/www.koupelnapro.com\/","name":"","description":"","potentialAction":[{"@type":"SearchAction","target":{"@type":"EntryPoint","urlTemplate":"https:\/\/www.koupelnapro.com\/?s={search_term_string}"},"query-input":{"@type":"PropertyValueSpecification","valueRequired":true,"valueName":"search_term_string"}}],"inLanguage":"cs"}]}},"_links":{"self":[{"href":"https:\/\/www.koupelnapro.com\/index.php\/wp-json\/wp\/v2\/product\/45144","targetHints":{"allow":["GET"]}}],"collection":[{"href":"https:\/\/www.koupelnapro.com\/index.php\/wp-json\/wp\/v2\/product"}],"about":[{"href":"https:\/\/www.koupelnapro.com\/index.php\/wp-json\/wp\/v2\/types\/product"}],"replies":[{"embeddable":true,"href":"https:\/\/www.koupelnapro.com\/index.php\/wp-json\/wp\/v2\/comments?post=45144"}],"wp:featuredmedia":[{"embeddable":true,"href":"https:\/\/www.koupelnapro.com\/index.php\/wp-json\/wp\/v2\/media\/45244"}],"wp:attachment":[{"href":"https:\/\/www.koupelnapro.com\/index.php\/wp-json\/wp\/v2\/media?parent=45144"}],"wp:term":[{"taxonomy":"product_brand","embeddable":true,"href":"https:\/\/www.koupelnapro.com\/index.php\/wp-json\/wp\/v2\/product_brand?post=45144"},{"taxonomy":"product_cat","embeddable":true,"href":"https:\/\/www.koupelnapro.com\/index.php\/wp-json\/wp\/v2\/product_cat?post=45144"},{"taxonomy":"product_tag","embeddable":true,"href":"https:\/\/www.koupelnapro.com\/index.php\/wp-json\/wp\/v2\/product_tag?post=45144"}],"curies":[{"name":"wp","href":"https:\/\/api.w.org\/{rel}","templated":true}]}}