{"id":44790,"date":"2026-04-26T09:16:20","date_gmt":"2026-04-26T09:16:20","guid":{"rendered":""},"modified":"2026-04-26T09:16:20","modified_gmt":"2026-04-26T09:16:20","slug":"znackovy-zavesny-davkovac-mydla-maxmax-mexen-dalia-s-pumpickou-kov-sklo-zlaty-70173388-50-44790","status":"publish","type":"product","link":"https:\/\/www.koupelnapro.com\/index.php\/produkt\/znackovy-zavesny-davkovac-mydla-maxmax-mexen-dalia-s-pumpickou-kov-sklo-zlaty-70173388-50-44790\/","title":{"rendered":"Zna\u010dkov\u00fd Z\u00e1v\u011bsn\u00fd d\u00e1vkova\u010d m\u00fddla MAXMAX MEXEN DALIA s pumpi\u010dkou &#8211; kov\/sklo &#8211; zlat\u00fd, 70173388-50"},"content":{"rendered":"<div class=\"tabs__content-outer\" id=\"tab_description\" data-hash=\"description\" data-tabindex=\"-1\">\n<div class=\"tabs__content toggle_description\" id=\"content_description\">\n<div class=\"wysiwyg-content\">\n<div class=\"product__tab product__description full-width\">\n<div class=\"container\">\n<div >\n<h3>Z\u00e1v\u011bsn\u00fd d\u00e1vkova\u010d m\u00fddla MAXMAX DALIA s pumpi\u010dkou &#8211; kov\/sklo &#8211; zlat\u00fd<\/h3>\n<p>Jednoduch\u00fd modern\u00ed d\u00e1vkova\u010d m\u00fddla s dr\u017e\u00e1kem ve zlat\u00e9m proveden\u00ed snadno zav\u011bs\u00edte pobl\u00ed\u017e umyvadla. D\u00edky sv\u00e9mu nad\u010dasov\u00e9mu vzhledu a t\u011bla vyroben\u00e9ho z kovu bude dlouho slou\u017eit.<\/p>\n<p><strong>Parametry:\u00a0<\/strong><\/p>\n<ul>\n<li>materi\u00e1l: kov, sklo\u00a0<\/li>\n<li>barva: zlat\u00e1, ml\u00e9\u010dn\u00e9 sklo<\/li>\n<li>\u0161\u00ed\u0159ka: 135 mm\u00a0<\/li>\n<li>v\u00fd\u0161ka: 160 mm\u00a0<\/li>\n<li>hloubka: 95 mm\u00a0<\/li>\n<li>kapacita: 180 ml\u00a0<\/li>\n<\/ul>\n<\/div><\/div>\n<\/p><\/div>\n<\/p><\/div>\n<\/p><\/div>\n","protected":false},"excerpt":{"rendered":"<p>Z\u00e1v\u011bsn\u00fd d\u00e1vkova\u010d m\u00fddla MAXMAX DALIA s pumpi\u010dkou &#8211; kov\/sklo &#8211; zlat\u00fd Jednoduch\u00fd modern\u00ed d\u00e1vkova\u010d m\u00fddla s dr\u017e\u00e1kem ve zlat\u00e9m proveden\u00ed snadno zav\u011bs\u00edte pobl\u00ed\u017e umyvadla. D\u00edky sv\u00e9mu nad\u010dasov\u00e9mu vzhledu a t\u011bla vyroben\u00e9ho z kovu bude dlouho slou\u017eit. Parametry:\u00a0 materi\u00e1l: kov, sklo\u00a0 barva: zlat\u00e1, ml\u00e9\u010dn\u00e9 sklo \u0161\u00ed\u0159ka: 135 mm\u00a0 v\u00fd\u0161ka: 160 mm\u00a0 hloubka: 95 mm\u00a0 kapacita: 180 [&hellip;]<\/p>\n","protected":false},"featured_media":44890,"comment_status":"open","ping_status":"open","template":"","meta":[],"product_brand":[],"product_cat":[152],"product_tag":[],"class_list":{"0":"post-44790","1":"product","2":"type-product","3":"status-publish","4":"has-post-thumbnail","6":"product_cat-koupelna","8":"first","9":"instock","10":"sale","11":"shipping-taxable","12":"purchasable","13":"product-type-simple"},"yoast_head":"<!-- This site is optimized with the Yoast SEO plugin v26.8 - https:\/\/yoast.com\/product\/yoast-seo-wordpress\/ -->\n<title>Zna\u010dkov\u00fd Z\u00e1v\u011bsn\u00fd d\u00e1vkova\u010d m\u00fddla MAXMAX MEXEN DALIA s pumpi\u010dkou - kov\/sklo - zlat\u00fd, 70173388-50 -<\/title>\n<meta name=\"robots\" content=\"index, follow, max-snippet:-1, max-image-preview:large, max-video-preview:-1\" \/>\n<link rel=\"canonical\" href=\"https:\/\/www.koupelnapro.com\/index.php\/produkt\/znackovy-zavesny-davkovac-mydla-maxmax-mexen-dalia-s-pumpickou-kov-sklo-zlaty-70173388-50-44790\/\" \/>\n<meta property=\"og:locale\" content=\"cs_CZ\" \/>\n<meta property=\"og:type\" content=\"article\" \/>\n<meta property=\"og:title\" content=\"Zna\u010dkov\u00fd Z\u00e1v\u011bsn\u00fd d\u00e1vkova\u010d m\u00fddla MAXMAX MEXEN DALIA s pumpi\u010dkou - kov\/sklo - zlat\u00fd, 70173388-50 -\" \/>\n<meta property=\"og:description\" content=\"Z\u00e1v\u011bsn\u00fd d\u00e1vkova\u010d m\u00fddla MAXMAX DALIA s pumpi\u010dkou &#8211; kov\/sklo &#8211; zlat\u00fd Jednoduch\u00fd modern\u00ed d\u00e1vkova\u010d m\u00fddla s dr\u017e\u00e1kem ve zlat\u00e9m proveden\u00ed snadno zav\u011bs\u00edte pobl\u00ed\u017e umyvadla. D\u00edky sv\u00e9mu nad\u010dasov\u00e9mu vzhledu a t\u011bla vyroben\u00e9ho z kovu bude dlouho slou\u017eit. Parametry:\u00a0 materi\u00e1l: kov, sklo\u00a0 barva: zlat\u00e1, ml\u00e9\u010dn\u00e9 sklo \u0161\u00ed\u0159ka: 135 mm\u00a0 v\u00fd\u0161ka: 160 mm\u00a0 hloubka: 95 mm\u00a0 kapacita: 180 [&hellip;]\" \/>\n<meta property=\"og:url\" content=\"https:\/\/www.koupelnapro.com\/index.php\/produkt\/znackovy-zavesny-davkovac-mydla-maxmax-mexen-dalia-s-pumpickou-kov-sklo-zlaty-70173388-50-44790\/\" \/>\n<meta property=\"og:image\" content=\"https:\/\/www.koupelnapro.com\/wp-content\/uploads\/2026\/SK0003519-CZ20260425-093041-0-1777080643-zavesny-davkovac-mydla-maxmax-mexen-dalia-s-pumpickou-kov-s.webp\" \/>\n\t<meta property=\"og:image:width\" content=\"804\" \/>\n\t<meta property=\"og:image:height\" content=\"800\" \/>\n\t<meta property=\"og:image:type\" content=\"image\/webp\" \/>\n<meta name=\"twitter:card\" content=\"summary_large_image\" \/>\n<script type=\"application\/ld+json\" class=\"yoast-schema-graph\">{\"@context\":\"https:\/\/schema.org\",\"@graph\":[{\"@type\":\"WebPage\",\"@id\":\"https:\/\/www.koupelnapro.com\/index.php\/produkt\/znackovy-zavesny-davkovac-mydla-maxmax-mexen-dalia-s-pumpickou-kov-sklo-zlaty-70173388-50-44790\/\",\"url\":\"https:\/\/www.koupelnapro.com\/index.php\/produkt\/znackovy-zavesny-davkovac-mydla-maxmax-mexen-dalia-s-pumpickou-kov-sklo-zlaty-70173388-50-44790\/\",\"name\":\"Zna\u010dkov\u00fd Z\u00e1v\u011bsn\u00fd d\u00e1vkova\u010d m\u00fddla MAXMAX MEXEN DALIA s pumpi\u010dkou - kov\/sklo - zlat\u00fd, 70173388-50 -\",\"isPartOf\":{\"@id\":\"https:\/\/www.koupelnapro.com\/#website\"},\"primaryImageOfPage\":{\"@id\":\"https:\/\/www.koupelnapro.com\/index.php\/produkt\/znackovy-zavesny-davkovac-mydla-maxmax-mexen-dalia-s-pumpickou-kov-sklo-zlaty-70173388-50-44790\/#primaryimage\"},\"image\":{\"@id\":\"https:\/\/www.koupelnapro.com\/index.php\/produkt\/znackovy-zavesny-davkovac-mydla-maxmax-mexen-dalia-s-pumpickou-kov-sklo-zlaty-70173388-50-44790\/#primaryimage\"},\"thumbnailUrl\":\"https:\/\/www.koupelnapro.com\/wp-content\/uploads\/2026\/SK0003519-CZ20260425-093041-0-1777080643-zavesny-davkovac-mydla-maxmax-mexen-dalia-s-pumpickou-kov-s.webp\",\"datePublished\":\"2026-04-26T09:16:20+00:00\",\"breadcrumb\":{\"@id\":\"https:\/\/www.koupelnapro.com\/index.php\/produkt\/znackovy-zavesny-davkovac-mydla-maxmax-mexen-dalia-s-pumpickou-kov-sklo-zlaty-70173388-50-44790\/#breadcrumb\"},\"inLanguage\":\"cs\",\"potentialAction\":[{\"@type\":\"ReadAction\",\"target\":[\"https:\/\/www.koupelnapro.com\/index.php\/produkt\/znackovy-zavesny-davkovac-mydla-maxmax-mexen-dalia-s-pumpickou-kov-sklo-zlaty-70173388-50-44790\/\"]}]},{\"@type\":\"ImageObject\",\"inLanguage\":\"cs\",\"@id\":\"https:\/\/www.koupelnapro.com\/index.php\/produkt\/znackovy-zavesny-davkovac-mydla-maxmax-mexen-dalia-s-pumpickou-kov-sklo-zlaty-70173388-50-44790\/#primaryimage\",\"url\":\"https:\/\/www.koupelnapro.com\/wp-content\/uploads\/2026\/SK0003519-CZ20260425-093041-0-1777080643-zavesny-davkovac-mydla-maxmax-mexen-dalia-s-pumpickou-kov-s.webp\",\"contentUrl\":\"https:\/\/www.koupelnapro.com\/wp-content\/uploads\/2026\/SK0003519-CZ20260425-093041-0-1777080643-zavesny-davkovac-mydla-maxmax-mexen-dalia-s-pumpickou-kov-s.webp\",\"width\":804,\"height\":800},{\"@type\":\"BreadcrumbList\",\"@id\":\"https:\/\/www.koupelnapro.com\/index.php\/produkt\/znackovy-zavesny-davkovac-mydla-maxmax-mexen-dalia-s-pumpickou-kov-sklo-zlaty-70173388-50-44790\/#breadcrumb\",\"itemListElement\":[{\"@type\":\"ListItem\",\"position\":1,\"name\":\"Home\",\"item\":\"https:\/\/www.koupelnapro.com\/\"},{\"@type\":\"ListItem\",\"position\":2,\"name\":\"Products\",\"item\":\"https:\/\/www.koupelnapro.com\/index.php\/products\/\"},{\"@type\":\"ListItem\",\"position\":3,\"name\":\"Zna\u010dkov\u00fd Z\u00e1v\u011bsn\u00fd d\u00e1vkova\u010d m\u00fddla MAXMAX MEXEN DALIA s pumpi\u010dkou &#8211; kov\/sklo &#8211; zlat\u00fd, 70173388-50\"}]},{\"@type\":\"WebSite\",\"@id\":\"https:\/\/www.koupelnapro.com\/#website\",\"url\":\"https:\/\/www.koupelnapro.com\/\",\"name\":\"\",\"description\":\"\",\"potentialAction\":[{\"@type\":\"SearchAction\",\"target\":{\"@type\":\"EntryPoint\",\"urlTemplate\":\"https:\/\/www.koupelnapro.com\/?s={search_term_string}\"},\"query-input\":{\"@type\":\"PropertyValueSpecification\",\"valueRequired\":true,\"valueName\":\"search_term_string\"}}],\"inLanguage\":\"cs\"}]}<\/script>\n<!-- \/ Yoast SEO plugin. -->","yoast_head_json":{"title":"Zna\u010dkov\u00fd Z\u00e1v\u011bsn\u00fd d\u00e1vkova\u010d m\u00fddla MAXMAX MEXEN DALIA s pumpi\u010dkou - kov\/sklo - zlat\u00fd, 70173388-50 -","robots":{"index":"index","follow":"follow","max-snippet":"max-snippet:-1","max-image-preview":"max-image-preview:large","max-video-preview":"max-video-preview:-1"},"canonical":"https:\/\/www.koupelnapro.com\/index.php\/produkt\/znackovy-zavesny-davkovac-mydla-maxmax-mexen-dalia-s-pumpickou-kov-sklo-zlaty-70173388-50-44790\/","og_locale":"cs_CZ","og_type":"article","og_title":"Zna\u010dkov\u00fd Z\u00e1v\u011bsn\u00fd d\u00e1vkova\u010d m\u00fddla MAXMAX MEXEN DALIA s pumpi\u010dkou - kov\/sklo - zlat\u00fd, 70173388-50 -","og_description":"Z\u00e1v\u011bsn\u00fd d\u00e1vkova\u010d m\u00fddla MAXMAX DALIA s pumpi\u010dkou &#8211; kov\/sklo &#8211; zlat\u00fd Jednoduch\u00fd modern\u00ed d\u00e1vkova\u010d m\u00fddla s dr\u017e\u00e1kem ve zlat\u00e9m proveden\u00ed snadno zav\u011bs\u00edte pobl\u00ed\u017e umyvadla. D\u00edky sv\u00e9mu nad\u010dasov\u00e9mu vzhledu a t\u011bla vyroben\u00e9ho z kovu bude dlouho slou\u017eit. Parametry:\u00a0 materi\u00e1l: kov, sklo\u00a0 barva: zlat\u00e1, ml\u00e9\u010dn\u00e9 sklo \u0161\u00ed\u0159ka: 135 mm\u00a0 v\u00fd\u0161ka: 160 mm\u00a0 hloubka: 95 mm\u00a0 kapacita: 180 [&hellip;]","og_url":"https:\/\/www.koupelnapro.com\/index.php\/produkt\/znackovy-zavesny-davkovac-mydla-maxmax-mexen-dalia-s-pumpickou-kov-sklo-zlaty-70173388-50-44790\/","og_image":[{"width":804,"height":800,"url":"https:\/\/www.koupelnapro.com\/wp-content\/uploads\/2026\/SK0003519-CZ20260425-093041-0-1777080643-zavesny-davkovac-mydla-maxmax-mexen-dalia-s-pumpickou-kov-s.webp","type":"image\/webp"}],"twitter_card":"summary_large_image","schema":{"@context":"https:\/\/schema.org","@graph":[{"@type":"WebPage","@id":"https:\/\/www.koupelnapro.com\/index.php\/produkt\/znackovy-zavesny-davkovac-mydla-maxmax-mexen-dalia-s-pumpickou-kov-sklo-zlaty-70173388-50-44790\/","url":"https:\/\/www.koupelnapro.com\/index.php\/produkt\/znackovy-zavesny-davkovac-mydla-maxmax-mexen-dalia-s-pumpickou-kov-sklo-zlaty-70173388-50-44790\/","name":"Zna\u010dkov\u00fd Z\u00e1v\u011bsn\u00fd d\u00e1vkova\u010d m\u00fddla MAXMAX MEXEN DALIA s pumpi\u010dkou - kov\/sklo - zlat\u00fd, 70173388-50 -","isPartOf":{"@id":"https:\/\/www.koupelnapro.com\/#website"},"primaryImageOfPage":{"@id":"https:\/\/www.koupelnapro.com\/index.php\/produkt\/znackovy-zavesny-davkovac-mydla-maxmax-mexen-dalia-s-pumpickou-kov-sklo-zlaty-70173388-50-44790\/#primaryimage"},"image":{"@id":"https:\/\/www.koupelnapro.com\/index.php\/produkt\/znackovy-zavesny-davkovac-mydla-maxmax-mexen-dalia-s-pumpickou-kov-sklo-zlaty-70173388-50-44790\/#primaryimage"},"thumbnailUrl":"https:\/\/www.koupelnapro.com\/wp-content\/uploads\/2026\/SK0003519-CZ20260425-093041-0-1777080643-zavesny-davkovac-mydla-maxmax-mexen-dalia-s-pumpickou-kov-s.webp","datePublished":"2026-04-26T09:16:20+00:00","breadcrumb":{"@id":"https:\/\/www.koupelnapro.com\/index.php\/produkt\/znackovy-zavesny-davkovac-mydla-maxmax-mexen-dalia-s-pumpickou-kov-sklo-zlaty-70173388-50-44790\/#breadcrumb"},"inLanguage":"cs","potentialAction":[{"@type":"ReadAction","target":["https:\/\/www.koupelnapro.com\/index.php\/produkt\/znackovy-zavesny-davkovac-mydla-maxmax-mexen-dalia-s-pumpickou-kov-sklo-zlaty-70173388-50-44790\/"]}]},{"@type":"ImageObject","inLanguage":"cs","@id":"https:\/\/www.koupelnapro.com\/index.php\/produkt\/znackovy-zavesny-davkovac-mydla-maxmax-mexen-dalia-s-pumpickou-kov-sklo-zlaty-70173388-50-44790\/#primaryimage","url":"https:\/\/www.koupelnapro.com\/wp-content\/uploads\/2026\/SK0003519-CZ20260425-093041-0-1777080643-zavesny-davkovac-mydla-maxmax-mexen-dalia-s-pumpickou-kov-s.webp","contentUrl":"https:\/\/www.koupelnapro.com\/wp-content\/uploads\/2026\/SK0003519-CZ20260425-093041-0-1777080643-zavesny-davkovac-mydla-maxmax-mexen-dalia-s-pumpickou-kov-s.webp","width":804,"height":800},{"@type":"BreadcrumbList","@id":"https:\/\/www.koupelnapro.com\/index.php\/produkt\/znackovy-zavesny-davkovac-mydla-maxmax-mexen-dalia-s-pumpickou-kov-sklo-zlaty-70173388-50-44790\/#breadcrumb","itemListElement":[{"@type":"ListItem","position":1,"name":"Home","item":"https:\/\/www.koupelnapro.com\/"},{"@type":"ListItem","position":2,"name":"Products","item":"https:\/\/www.koupelnapro.com\/index.php\/products\/"},{"@type":"ListItem","position":3,"name":"Zna\u010dkov\u00fd Z\u00e1v\u011bsn\u00fd d\u00e1vkova\u010d m\u00fddla MAXMAX MEXEN DALIA s pumpi\u010dkou &#8211; kov\/sklo &#8211; zlat\u00fd, 70173388-50"}]},{"@type":"WebSite","@id":"https:\/\/www.koupelnapro.com\/#website","url":"https:\/\/www.koupelnapro.com\/","name":"","description":"","potentialAction":[{"@type":"SearchAction","target":{"@type":"EntryPoint","urlTemplate":"https:\/\/www.koupelnapro.com\/?s={search_term_string}"},"query-input":{"@type":"PropertyValueSpecification","valueRequired":true,"valueName":"search_term_string"}}],"inLanguage":"cs"}]}},"_links":{"self":[{"href":"https:\/\/www.koupelnapro.com\/index.php\/wp-json\/wp\/v2\/product\/44790","targetHints":{"allow":["GET"]}}],"collection":[{"href":"https:\/\/www.koupelnapro.com\/index.php\/wp-json\/wp\/v2\/product"}],"about":[{"href":"https:\/\/www.koupelnapro.com\/index.php\/wp-json\/wp\/v2\/types\/product"}],"replies":[{"embeddable":true,"href":"https:\/\/www.koupelnapro.com\/index.php\/wp-json\/wp\/v2\/comments?post=44790"}],"wp:featuredmedia":[{"embeddable":true,"href":"https:\/\/www.koupelnapro.com\/index.php\/wp-json\/wp\/v2\/media\/44890"}],"wp:attachment":[{"href":"https:\/\/www.koupelnapro.com\/index.php\/wp-json\/wp\/v2\/media?parent=44790"}],"wp:term":[{"taxonomy":"product_brand","embeddable":true,"href":"https:\/\/www.koupelnapro.com\/index.php\/wp-json\/wp\/v2\/product_brand?post=44790"},{"taxonomy":"product_cat","embeddable":true,"href":"https:\/\/www.koupelnapro.com\/index.php\/wp-json\/wp\/v2\/product_cat?post=44790"},{"taxonomy":"product_tag","embeddable":true,"href":"https:\/\/www.koupelnapro.com\/index.php\/wp-json\/wp\/v2\/product_tag?post=44790"}],"curies":[{"name":"wp","href":"https:\/\/api.w.org\/{rel}","templated":true}]}}