{"id":44095,"date":"2026-04-26T09:16:16","date_gmt":"2026-04-26T09:16:16","guid":{"rendered":""},"modified":"2026-04-26T09:16:16","modified_gmt":"2026-04-26T09:16:16","slug":"znackovy-podlahova-vanova-baterie-mexen-gaja-se-sprchou-chromova-75333-00-44095","status":"publish","type":"product","link":"https:\/\/www.koupelnapro.com\/index.php\/produkt\/znackovy-podlahova-vanova-baterie-mexen-gaja-se-sprchou-chromova-75333-00-44095\/","title":{"rendered":"Zna\u010dkov\u00fd Podlahov\u00e1 vanov\u00e1 baterie MEXEN GAJA se sprchou &#8211; chromov\u00e1, 75333-00"},"content":{"rendered":"<div class=\"tabs__content-outer\" id=\"tab_description\" data-hash=\"description\" data-tabindex=\"-1\">\n<div class=\"tabs__content toggle_description\" id=\"content_description\">\n<div class=\"wysiwyg-content\">\n<div class=\"product__tab product__description full-width\">\n<div class=\"container\">\n<div >\n<h3>Podlahov\u00e1 vanov\u00e1 baterie GAJA se sprchou &#8211; chromov\u00e1<\/h3>\n<p><span>Tato elegantn\u00ed vanov\u00e1 baterie vynik\u00e1 sv\u00fdm modern\u00edm a minimalistick\u00fdm vzhledem. T\u011blo\u00a0vodovodn\u00ed baterie<strong>\u00a0<\/strong>je vyrobeno z\u00a0<strong>mosazi<\/strong>, kter\u00e9 je pokryto \u010dty\u0159n\u00e1sobnou vrstvou <strong>chromu<\/strong>. To vytv\u00e1\u0159\u00ed nad\u010dasov\u00fd celek, d\u00edky kter\u00e9mu bude baterie nejen funk\u010dn\u00ed, ale i skv\u011bl\u00fdm designov\u00fdm dopl\u0148kem.\u00a0Syst\u00e9m uvnit\u0159 baterie efektivn\u011b <strong>provzdu\u0161\u0148uje vodu<\/strong>, co\u017e p\u0159in\u00e1\u0161\u00ed ni\u017e\u0161\u00ed spot\u0159ebu.\u00a0Baterie je dod\u00e1v\u00e1na v\u010detn\u011b mont\u00e1\u017en\u00edho materi\u00e1lu. <\/span><\/p>\n<p><span><strong>Parametry:<\/strong><\/span><\/p>\n<ul>\n<li>Hlava: keramick\u00e1\u00a0<\/li>\n<li>Materi\u00e1l: mosaz\u00a0<\/li>\n<li>V\u00fd\u0161ka: 115 cm\u00a0<\/li>\n<li>Vzd\u00e1lenost v\u00fdtokov\u00e9ho ram\u00ednka od t\u011bla: 160 mm\u00a0<\/li>\n<li>P\u0159ipojen\u00ed: 1\/2&#8243;\u00a0<\/li>\n<li>Ru\u010dn\u00ed sprchov\u00e1 hlavice v\u010detn\u011b hadice o d\u00e9lce 150 cm sou\u010d\u00e1st\u00ed balen\u00ed.\u00a0<\/li>\n<\/ul>\n<\/div><\/div>\n<\/p><\/div>\n<\/p><\/div>\n<\/p><\/div>\n","protected":false},"excerpt":{"rendered":"<p>Podlahov\u00e1 vanov\u00e1 baterie GAJA se sprchou &#8211; chromov\u00e1 Tato elegantn\u00ed vanov\u00e1 baterie vynik\u00e1 sv\u00fdm modern\u00edm a minimalistick\u00fdm vzhledem. T\u011blo\u00a0vodovodn\u00ed baterie\u00a0je vyrobeno z\u00a0mosazi, kter\u00e9 je pokryto \u010dty\u0159n\u00e1sobnou vrstvou chromu. To vytv\u00e1\u0159\u00ed nad\u010dasov\u00fd celek, d\u00edky kter\u00e9mu bude baterie nejen funk\u010dn\u00ed, ale i skv\u011bl\u00fdm designov\u00fdm dopl\u0148kem.\u00a0Syst\u00e9m uvnit\u0159 baterie efektivn\u011b provzdu\u0161\u0148uje vodu, co\u017e p\u0159in\u00e1\u0161\u00ed ni\u017e\u0161\u00ed spot\u0159ebu.\u00a0Baterie je dod\u00e1v\u00e1na v\u010detn\u011b [&hellip;]<\/p>\n","protected":false},"featured_media":44195,"comment_status":"open","ping_status":"open","template":"","meta":[],"product_brand":[],"product_cat":[152],"product_tag":[],"class_list":{"0":"post-44095","1":"product","2":"type-product","3":"status-publish","4":"has-post-thumbnail","6":"product_cat-koupelna","8":"first","9":"instock","10":"sale","11":"shipping-taxable","12":"purchasable","13":"product-type-simple"},"yoast_head":"<!-- This site is optimized with the Yoast SEO plugin v26.8 - https:\/\/yoast.com\/product\/yoast-seo-wordpress\/ -->\n<title>Zna\u010dkov\u00fd Podlahov\u00e1 vanov\u00e1 baterie MEXEN GAJA se sprchou - chromov\u00e1, 75333-00 -<\/title>\n<meta name=\"robots\" content=\"index, follow, max-snippet:-1, max-image-preview:large, max-video-preview:-1\" \/>\n<link rel=\"canonical\" href=\"https:\/\/www.koupelnapro.com\/index.php\/produkt\/znackovy-podlahova-vanova-baterie-mexen-gaja-se-sprchou-chromova-75333-00-44095\/\" \/>\n<meta property=\"og:locale\" content=\"cs_CZ\" \/>\n<meta property=\"og:type\" content=\"article\" \/>\n<meta property=\"og:title\" content=\"Zna\u010dkov\u00fd Podlahov\u00e1 vanov\u00e1 baterie MEXEN GAJA se sprchou - chromov\u00e1, 75333-00 -\" \/>\n<meta property=\"og:description\" content=\"Podlahov\u00e1 vanov\u00e1 baterie GAJA se sprchou &#8211; chromov\u00e1 Tato elegantn\u00ed vanov\u00e1 baterie vynik\u00e1 sv\u00fdm modern\u00edm a minimalistick\u00fdm vzhledem. T\u011blo\u00a0vodovodn\u00ed baterie\u00a0je vyrobeno z\u00a0mosazi, kter\u00e9 je pokryto \u010dty\u0159n\u00e1sobnou vrstvou chromu. To vytv\u00e1\u0159\u00ed nad\u010dasov\u00fd celek, d\u00edky kter\u00e9mu bude baterie nejen funk\u010dn\u00ed, ale i skv\u011bl\u00fdm designov\u00fdm dopl\u0148kem.\u00a0Syst\u00e9m uvnit\u0159 baterie efektivn\u011b provzdu\u0161\u0148uje vodu, co\u017e p\u0159in\u00e1\u0161\u00ed ni\u017e\u0161\u00ed spot\u0159ebu.\u00a0Baterie je dod\u00e1v\u00e1na v\u010detn\u011b [&hellip;]\" \/>\n<meta property=\"og:url\" content=\"https:\/\/www.koupelnapro.com\/index.php\/produkt\/znackovy-podlahova-vanova-baterie-mexen-gaja-se-sprchou-chromova-75333-00-44095\/\" \/>\n<meta property=\"og:image\" content=\"https:\/\/www.koupelnapro.com\/wp-content\/uploads\/2026\/SK0003122-CZ20260425-093041-0-1777080643-podlahova-vanova-baterie-mexen-gaja-se-sprchou.webp\" \/>\n\t<meta property=\"og:image:width\" content=\"181\" \/>\n\t<meta property=\"og:image:height\" content=\"800\" \/>\n\t<meta property=\"og:image:type\" content=\"image\/webp\" \/>\n<meta name=\"twitter:card\" content=\"summary_large_image\" \/>\n<meta name=\"twitter:label1\" content=\"Odhadovan\u00e1 doba \u010dten\u00ed\" \/>\n\t<meta name=\"twitter:data1\" content=\"1 minuta\" \/>\n<script type=\"application\/ld+json\" class=\"yoast-schema-graph\">{\"@context\":\"https:\/\/schema.org\",\"@graph\":[{\"@type\":\"WebPage\",\"@id\":\"https:\/\/www.koupelnapro.com\/index.php\/produkt\/znackovy-podlahova-vanova-baterie-mexen-gaja-se-sprchou-chromova-75333-00-44095\/\",\"url\":\"https:\/\/www.koupelnapro.com\/index.php\/produkt\/znackovy-podlahova-vanova-baterie-mexen-gaja-se-sprchou-chromova-75333-00-44095\/\",\"name\":\"Zna\u010dkov\u00fd Podlahov\u00e1 vanov\u00e1 baterie MEXEN GAJA se sprchou - chromov\u00e1, 75333-00 -\",\"isPartOf\":{\"@id\":\"https:\/\/www.koupelnapro.com\/#website\"},\"primaryImageOfPage\":{\"@id\":\"https:\/\/www.koupelnapro.com\/index.php\/produkt\/znackovy-podlahova-vanova-baterie-mexen-gaja-se-sprchou-chromova-75333-00-44095\/#primaryimage\"},\"image\":{\"@id\":\"https:\/\/www.koupelnapro.com\/index.php\/produkt\/znackovy-podlahova-vanova-baterie-mexen-gaja-se-sprchou-chromova-75333-00-44095\/#primaryimage\"},\"thumbnailUrl\":\"https:\/\/www.koupelnapro.com\/wp-content\/uploads\/2026\/SK0003122-CZ20260425-093041-0-1777080643-podlahova-vanova-baterie-mexen-gaja-se-sprchou.webp\",\"datePublished\":\"2026-04-26T09:16:16+00:00\",\"breadcrumb\":{\"@id\":\"https:\/\/www.koupelnapro.com\/index.php\/produkt\/znackovy-podlahova-vanova-baterie-mexen-gaja-se-sprchou-chromova-75333-00-44095\/#breadcrumb\"},\"inLanguage\":\"cs\",\"potentialAction\":[{\"@type\":\"ReadAction\",\"target\":[\"https:\/\/www.koupelnapro.com\/index.php\/produkt\/znackovy-podlahova-vanova-baterie-mexen-gaja-se-sprchou-chromova-75333-00-44095\/\"]}]},{\"@type\":\"ImageObject\",\"inLanguage\":\"cs\",\"@id\":\"https:\/\/www.koupelnapro.com\/index.php\/produkt\/znackovy-podlahova-vanova-baterie-mexen-gaja-se-sprchou-chromova-75333-00-44095\/#primaryimage\",\"url\":\"https:\/\/www.koupelnapro.com\/wp-content\/uploads\/2026\/SK0003122-CZ20260425-093041-0-1777080643-podlahova-vanova-baterie-mexen-gaja-se-sprchou.webp\",\"contentUrl\":\"https:\/\/www.koupelnapro.com\/wp-content\/uploads\/2026\/SK0003122-CZ20260425-093041-0-1777080643-podlahova-vanova-baterie-mexen-gaja-se-sprchou.webp\",\"width\":181,\"height\":800},{\"@type\":\"BreadcrumbList\",\"@id\":\"https:\/\/www.koupelnapro.com\/index.php\/produkt\/znackovy-podlahova-vanova-baterie-mexen-gaja-se-sprchou-chromova-75333-00-44095\/#breadcrumb\",\"itemListElement\":[{\"@type\":\"ListItem\",\"position\":1,\"name\":\"Home\",\"item\":\"https:\/\/www.koupelnapro.com\/\"},{\"@type\":\"ListItem\",\"position\":2,\"name\":\"Products\",\"item\":\"https:\/\/www.koupelnapro.com\/index.php\/products\/\"},{\"@type\":\"ListItem\",\"position\":3,\"name\":\"Zna\u010dkov\u00fd Podlahov\u00e1 vanov\u00e1 baterie MEXEN GAJA se sprchou &#8211; chromov\u00e1, 75333-00\"}]},{\"@type\":\"WebSite\",\"@id\":\"https:\/\/www.koupelnapro.com\/#website\",\"url\":\"https:\/\/www.koupelnapro.com\/\",\"name\":\"\",\"description\":\"\",\"potentialAction\":[{\"@type\":\"SearchAction\",\"target\":{\"@type\":\"EntryPoint\",\"urlTemplate\":\"https:\/\/www.koupelnapro.com\/?s={search_term_string}\"},\"query-input\":{\"@type\":\"PropertyValueSpecification\",\"valueRequired\":true,\"valueName\":\"search_term_string\"}}],\"inLanguage\":\"cs\"}]}<\/script>\n<!-- \/ Yoast SEO plugin. -->","yoast_head_json":{"title":"Zna\u010dkov\u00fd Podlahov\u00e1 vanov\u00e1 baterie MEXEN GAJA se sprchou - chromov\u00e1, 75333-00 -","robots":{"index":"index","follow":"follow","max-snippet":"max-snippet:-1","max-image-preview":"max-image-preview:large","max-video-preview":"max-video-preview:-1"},"canonical":"https:\/\/www.koupelnapro.com\/index.php\/produkt\/znackovy-podlahova-vanova-baterie-mexen-gaja-se-sprchou-chromova-75333-00-44095\/","og_locale":"cs_CZ","og_type":"article","og_title":"Zna\u010dkov\u00fd Podlahov\u00e1 vanov\u00e1 baterie MEXEN GAJA se sprchou - chromov\u00e1, 75333-00 -","og_description":"Podlahov\u00e1 vanov\u00e1 baterie GAJA se sprchou &#8211; chromov\u00e1 Tato elegantn\u00ed vanov\u00e1 baterie vynik\u00e1 sv\u00fdm modern\u00edm a minimalistick\u00fdm vzhledem. T\u011blo\u00a0vodovodn\u00ed baterie\u00a0je vyrobeno z\u00a0mosazi, kter\u00e9 je pokryto \u010dty\u0159n\u00e1sobnou vrstvou chromu. To vytv\u00e1\u0159\u00ed nad\u010dasov\u00fd celek, d\u00edky kter\u00e9mu bude baterie nejen funk\u010dn\u00ed, ale i skv\u011bl\u00fdm designov\u00fdm dopl\u0148kem.\u00a0Syst\u00e9m uvnit\u0159 baterie efektivn\u011b provzdu\u0161\u0148uje vodu, co\u017e p\u0159in\u00e1\u0161\u00ed ni\u017e\u0161\u00ed spot\u0159ebu.\u00a0Baterie je dod\u00e1v\u00e1na v\u010detn\u011b [&hellip;]","og_url":"https:\/\/www.koupelnapro.com\/index.php\/produkt\/znackovy-podlahova-vanova-baterie-mexen-gaja-se-sprchou-chromova-75333-00-44095\/","og_image":[{"width":181,"height":800,"url":"https:\/\/www.koupelnapro.com\/wp-content\/uploads\/2026\/SK0003122-CZ20260425-093041-0-1777080643-podlahova-vanova-baterie-mexen-gaja-se-sprchou.webp","type":"image\/webp"}],"twitter_card":"summary_large_image","twitter_misc":{"Odhadovan\u00e1 doba \u010dten\u00ed":"1 minuta"},"schema":{"@context":"https:\/\/schema.org","@graph":[{"@type":"WebPage","@id":"https:\/\/www.koupelnapro.com\/index.php\/produkt\/znackovy-podlahova-vanova-baterie-mexen-gaja-se-sprchou-chromova-75333-00-44095\/","url":"https:\/\/www.koupelnapro.com\/index.php\/produkt\/znackovy-podlahova-vanova-baterie-mexen-gaja-se-sprchou-chromova-75333-00-44095\/","name":"Zna\u010dkov\u00fd Podlahov\u00e1 vanov\u00e1 baterie MEXEN GAJA se sprchou - chromov\u00e1, 75333-00 -","isPartOf":{"@id":"https:\/\/www.koupelnapro.com\/#website"},"primaryImageOfPage":{"@id":"https:\/\/www.koupelnapro.com\/index.php\/produkt\/znackovy-podlahova-vanova-baterie-mexen-gaja-se-sprchou-chromova-75333-00-44095\/#primaryimage"},"image":{"@id":"https:\/\/www.koupelnapro.com\/index.php\/produkt\/znackovy-podlahova-vanova-baterie-mexen-gaja-se-sprchou-chromova-75333-00-44095\/#primaryimage"},"thumbnailUrl":"https:\/\/www.koupelnapro.com\/wp-content\/uploads\/2026\/SK0003122-CZ20260425-093041-0-1777080643-podlahova-vanova-baterie-mexen-gaja-se-sprchou.webp","datePublished":"2026-04-26T09:16:16+00:00","breadcrumb":{"@id":"https:\/\/www.koupelnapro.com\/index.php\/produkt\/znackovy-podlahova-vanova-baterie-mexen-gaja-se-sprchou-chromova-75333-00-44095\/#breadcrumb"},"inLanguage":"cs","potentialAction":[{"@type":"ReadAction","target":["https:\/\/www.koupelnapro.com\/index.php\/produkt\/znackovy-podlahova-vanova-baterie-mexen-gaja-se-sprchou-chromova-75333-00-44095\/"]}]},{"@type":"ImageObject","inLanguage":"cs","@id":"https:\/\/www.koupelnapro.com\/index.php\/produkt\/znackovy-podlahova-vanova-baterie-mexen-gaja-se-sprchou-chromova-75333-00-44095\/#primaryimage","url":"https:\/\/www.koupelnapro.com\/wp-content\/uploads\/2026\/SK0003122-CZ20260425-093041-0-1777080643-podlahova-vanova-baterie-mexen-gaja-se-sprchou.webp","contentUrl":"https:\/\/www.koupelnapro.com\/wp-content\/uploads\/2026\/SK0003122-CZ20260425-093041-0-1777080643-podlahova-vanova-baterie-mexen-gaja-se-sprchou.webp","width":181,"height":800},{"@type":"BreadcrumbList","@id":"https:\/\/www.koupelnapro.com\/index.php\/produkt\/znackovy-podlahova-vanova-baterie-mexen-gaja-se-sprchou-chromova-75333-00-44095\/#breadcrumb","itemListElement":[{"@type":"ListItem","position":1,"name":"Home","item":"https:\/\/www.koupelnapro.com\/"},{"@type":"ListItem","position":2,"name":"Products","item":"https:\/\/www.koupelnapro.com\/index.php\/products\/"},{"@type":"ListItem","position":3,"name":"Zna\u010dkov\u00fd Podlahov\u00e1 vanov\u00e1 baterie MEXEN GAJA se sprchou &#8211; chromov\u00e1, 75333-00"}]},{"@type":"WebSite","@id":"https:\/\/www.koupelnapro.com\/#website","url":"https:\/\/www.koupelnapro.com\/","name":"","description":"","potentialAction":[{"@type":"SearchAction","target":{"@type":"EntryPoint","urlTemplate":"https:\/\/www.koupelnapro.com\/?s={search_term_string}"},"query-input":{"@type":"PropertyValueSpecification","valueRequired":true,"valueName":"search_term_string"}}],"inLanguage":"cs"}]}},"_links":{"self":[{"href":"https:\/\/www.koupelnapro.com\/index.php\/wp-json\/wp\/v2\/product\/44095","targetHints":{"allow":["GET"]}}],"collection":[{"href":"https:\/\/www.koupelnapro.com\/index.php\/wp-json\/wp\/v2\/product"}],"about":[{"href":"https:\/\/www.koupelnapro.com\/index.php\/wp-json\/wp\/v2\/types\/product"}],"replies":[{"embeddable":true,"href":"https:\/\/www.koupelnapro.com\/index.php\/wp-json\/wp\/v2\/comments?post=44095"}],"wp:featuredmedia":[{"embeddable":true,"href":"https:\/\/www.koupelnapro.com\/index.php\/wp-json\/wp\/v2\/media\/44195"}],"wp:attachment":[{"href":"https:\/\/www.koupelnapro.com\/index.php\/wp-json\/wp\/v2\/media?parent=44095"}],"wp:term":[{"taxonomy":"product_brand","embeddable":true,"href":"https:\/\/www.koupelnapro.com\/index.php\/wp-json\/wp\/v2\/product_brand?post=44095"},{"taxonomy":"product_cat","embeddable":true,"href":"https:\/\/www.koupelnapro.com\/index.php\/wp-json\/wp\/v2\/product_cat?post=44095"},{"taxonomy":"product_tag","embeddable":true,"href":"https:\/\/www.koupelnapro.com\/index.php\/wp-json\/wp\/v2\/product_tag?post=44095"}],"curies":[{"name":"wp","href":"https:\/\/api.w.org\/{rel}","templated":true}]}}