{"id":43972,"date":"2026-04-26T09:16:16","date_gmt":"2026-04-26T09:16:16","guid":{"rendered":""},"modified":"2026-04-26T09:16:16","modified_gmt":"2026-04-26T09:16:16","slug":"znackovy-sprchovy-kout-walk-in-43972","status":"publish","type":"product","link":"https:\/\/www.koupelnapro.com\/index.php\/produkt\/znackovy-sprchovy-kout-walk-in-43972\/","title":{"rendered":"Zna\u010dkov\u00fd Sprchov\u00fd kout walk in"},"content":{"rendered":"<div class=\"tabs__content-outer\" id=\"tab_description\" data-hash=\"description\" data-tabindex=\"-1\">\n<div class=\"tabs__content toggle_description\" id=\"content_description\">\n<div class=\"wysiwyg-content\">\n<div class=\"product__tab product__description full-width\">\n<div class=\"container\">\n<div >\n<h3><span><strong>Sprchov\u00fd kout MAXMAX WALK-IN 90&#215;90 cm &#8211;\u00a0<\/strong>GRAFIT<\/span><\/h3>\n<p>Skv\u011bl\u00e1 volba <strong>do ka\u017ed\u00e9 koupelny.<\/strong> Elegantn\u00ed sprchov\u00fd kout je vyroben <strong>z<\/strong>\u00a0<strong>6\u00a0mm\u00a0tlust\u00e9ho tvrzen\u00e9ho skla v grafitov\u00e9m proveden\u00ed.<\/strong>\u00a0Aplikovan\u00e1 <strong>povrchov\u00e1 \u00faprava skla<\/strong> zaji\u0161\u0165uje <strong>maxim\u00e1ln\u00ed komfort<\/strong> v\u0161em u\u017eivatel\u016fm. Tato technologie<strong>\u00a0<\/strong>zaru\u010duje <strong>jedine\u010dn\u00e9 vlastnosti<\/strong> zabra\u0148uj\u00edc\u00ed zne\u010di\u0161t\u011bn\u00ed skla &#8211; povrch sta\u010d\u00ed pouze opl\u00e1chnout vodou.\u00a0Kout je uchycen\u00a0<strong>v chromovan\u00fdch hlin\u00edkov\u00fdch profilech<\/strong> a je\u00a0<strong>vybaven t\u011bsn\u011bn\u00edm<\/strong> zabra\u0148uj\u00edc\u00edm \u00faniku vody mimo sprchov\u00fd kout.\u00a0<strong>Dokonalou stabilitu <\/strong>sprchov\u00e9ho koutu zaji\u0161\u0165uj\u00ed<strong> dv\u011b ukotvuj\u00edc\u00ed ramena, <\/strong>kter\u00e1 jsou sou\u010d\u00e1st\u00ed v\u00fdrobku.<\/p>\n<p>Sprchov\u00fd kout je\u00a0<strong>univerz\u00e1ln\u00ed<\/strong> &#8211; p\u0159i mont\u00e1\u017ei si zvol\u00edte levou \u010di pravou orientaci. Profilov\u00e9 <strong>li\u0161ty umo\u017e\u0148uj\u00ed regulaci<\/strong> pro vyrovn\u00e1n\u00ed p\u0159\u00edpadn\u00fdch nerovnost\u00ed st\u011bn. Sprchov\u00fd kout lze instalovat <strong>na sprchovou vani\u010dku nebo p\u0159\u00edmo na podlahu se sprchov\u00fdm \u017elabem. <\/strong>Vani\u010dka nen\u00ed sou\u010d\u00e1st\u00ed sprchov\u00e9ho koutu.<strong> Sprchov\u00e9 vani\u010dky, odtokov\u00e9 \u017elaby a dal\u0161\u00ed vybaven\u00ed koupelen<\/strong>\u00a0m\u016f\u017eete dokoupit v na\u0161em eshopu.\u00a0<\/p>\n<p><strong>V\u00fd\u0161ka koutu: <\/strong>190 cm<\/p>\n<div><strong>Rozm\u011br pevn\u00e9 st\u011bny (C):<\/strong><\/div>\n<div>90 cm &#8211; nastaviteln\u00fd rozsah \u0161\u00ed\u0159ky pevn\u00e9 st\u011bny (C): 89 &#8211; 91 cm\u00a0<\/div>\n<div><strong>Rozm\u011br pevn\u00e9 st\u011bny (D):<\/strong><\/div>\n<div>90 cm &#8211; nastaviteln\u00fd rozsah \u0161\u00ed\u0159ky pevn\u00e9 st\u011bny (D): 89 &#8211; 91 cm <\/div>\n<div>\u00a0<\/div>\n<div><strong>\u0160\u00ed\u0159ka vstupu (X):<\/strong><\/div>\n<div>nastaviteln\u00fd rozsah \u0161\u00ed\u0159ky vstupu (X): 0 &#8211; 75 cm<\/div>\n<div> <\/div>\n<div>\u00a0<\/div>\n<\/div><\/div>\n<\/p><\/div>\n<\/p><\/div>\n<\/p><\/div>\n","protected":false},"excerpt":{"rendered":"<p>Sprchov\u00fd kout MAXMAX WALK-IN 90&#215;90 cm &#8211;\u00a0GRAFIT Skv\u011bl\u00e1 volba do ka\u017ed\u00e9 koupelny. Elegantn\u00ed sprchov\u00fd kout je vyroben z\u00a06\u00a0mm\u00a0tlust\u00e9ho tvrzen\u00e9ho skla v grafitov\u00e9m proveden\u00ed.\u00a0Aplikovan\u00e1 povrchov\u00e1 \u00faprava skla zaji\u0161\u0165uje maxim\u00e1ln\u00ed komfort v\u0161em u\u017eivatel\u016fm. Tato technologie\u00a0zaru\u010duje jedine\u010dn\u00e9 vlastnosti zabra\u0148uj\u00edc\u00ed zne\u010di\u0161t\u011bn\u00ed skla &#8211; povrch sta\u010d\u00ed pouze opl\u00e1chnout vodou.\u00a0Kout je uchycen\u00a0v chromovan\u00fdch hlin\u00edkov\u00fdch profilech a je\u00a0vybaven t\u011bsn\u011bn\u00edm zabra\u0148uj\u00edc\u00edm \u00faniku vody [&hellip;]<\/p>\n","protected":false},"featured_media":44072,"comment_status":"open","ping_status":"open","template":"","meta":[],"product_brand":[],"product_cat":[152],"product_tag":[],"class_list":{"0":"post-43972","1":"product","2":"type-product","3":"status-publish","4":"has-post-thumbnail","6":"product_cat-koupelna","8":"first","9":"instock","10":"sale","11":"shipping-taxable","12":"purchasable","13":"product-type-simple"},"yoast_head":"<!-- This site is optimized with the Yoast SEO plugin v26.8 - https:\/\/yoast.com\/product\/yoast-seo-wordpress\/ -->\n<title>Zna\u010dkov\u00fd Sprchov\u00fd kout walk in -<\/title>\n<meta name=\"robots\" content=\"index, follow, max-snippet:-1, max-image-preview:large, max-video-preview:-1\" \/>\n<link rel=\"canonical\" href=\"https:\/\/www.koupelnapro.com\/index.php\/produkt\/znackovy-sprchovy-kout-walk-in-43972\/\" \/>\n<meta property=\"og:locale\" content=\"cs_CZ\" \/>\n<meta property=\"og:type\" content=\"article\" \/>\n<meta property=\"og:title\" content=\"Zna\u010dkov\u00fd Sprchov\u00fd kout walk in -\" \/>\n<meta property=\"og:description\" content=\"Sprchov\u00fd kout MAXMAX WALK-IN 90&#215;90 cm &#8211;\u00a0GRAFIT Skv\u011bl\u00e1 volba do ka\u017ed\u00e9 koupelny. Elegantn\u00ed sprchov\u00fd kout je vyroben z\u00a06\u00a0mm\u00a0tlust\u00e9ho tvrzen\u00e9ho skla v grafitov\u00e9m proveden\u00ed.\u00a0Aplikovan\u00e1 povrchov\u00e1 \u00faprava skla zaji\u0161\u0165uje maxim\u00e1ln\u00ed komfort v\u0161em u\u017eivatel\u016fm. Tato technologie\u00a0zaru\u010duje jedine\u010dn\u00e9 vlastnosti zabra\u0148uj\u00edc\u00ed zne\u010di\u0161t\u011bn\u00ed skla &#8211; povrch sta\u010d\u00ed pouze opl\u00e1chnout vodou.\u00a0Kout je uchycen\u00a0v chromovan\u00fdch hlin\u00edkov\u00fdch profilech a je\u00a0vybaven t\u011bsn\u011bn\u00edm zabra\u0148uj\u00edc\u00edm \u00faniku vody [&hellip;]\" \/>\n<meta property=\"og:url\" content=\"https:\/\/www.koupelnapro.com\/index.php\/produkt\/znackovy-sprchovy-kout-walk-in-43972\/\" \/>\n<meta property=\"og:image\" content=\"https:\/\/www.koupelnapro.com\/wp-content\/uploads\/2026\/SK0003099-CZ20260425-093041-0-1777080643-walk-in_grafit_wk5u-ks.webp\" \/>\n\t<meta property=\"og:image:width\" content=\"771\" \/>\n\t<meta property=\"og:image:height\" content=\"628\" \/>\n\t<meta property=\"og:image:type\" content=\"image\/webp\" \/>\n<meta name=\"twitter:card\" content=\"summary_large_image\" \/>\n<meta name=\"twitter:label1\" content=\"Odhadovan\u00e1 doba \u010dten\u00ed\" \/>\n\t<meta name=\"twitter:data1\" content=\"1 minuta\" \/>\n<script type=\"application\/ld+json\" class=\"yoast-schema-graph\">{\"@context\":\"https:\/\/schema.org\",\"@graph\":[{\"@type\":\"WebPage\",\"@id\":\"https:\/\/www.koupelnapro.com\/index.php\/produkt\/znackovy-sprchovy-kout-walk-in-43972\/\",\"url\":\"https:\/\/www.koupelnapro.com\/index.php\/produkt\/znackovy-sprchovy-kout-walk-in-43972\/\",\"name\":\"Zna\u010dkov\u00fd Sprchov\u00fd kout walk in -\",\"isPartOf\":{\"@id\":\"https:\/\/www.koupelnapro.com\/#website\"},\"primaryImageOfPage\":{\"@id\":\"https:\/\/www.koupelnapro.com\/index.php\/produkt\/znackovy-sprchovy-kout-walk-in-43972\/#primaryimage\"},\"image\":{\"@id\":\"https:\/\/www.koupelnapro.com\/index.php\/produkt\/znackovy-sprchovy-kout-walk-in-43972\/#primaryimage\"},\"thumbnailUrl\":\"https:\/\/www.koupelnapro.com\/wp-content\/uploads\/2026\/SK0003099-CZ20260425-093041-0-1777080643-walk-in_grafit_wk5u-ks.webp\",\"datePublished\":\"2026-04-26T09:16:16+00:00\",\"breadcrumb\":{\"@id\":\"https:\/\/www.koupelnapro.com\/index.php\/produkt\/znackovy-sprchovy-kout-walk-in-43972\/#breadcrumb\"},\"inLanguage\":\"cs\",\"potentialAction\":[{\"@type\":\"ReadAction\",\"target\":[\"https:\/\/www.koupelnapro.com\/index.php\/produkt\/znackovy-sprchovy-kout-walk-in-43972\/\"]}]},{\"@type\":\"ImageObject\",\"inLanguage\":\"cs\",\"@id\":\"https:\/\/www.koupelnapro.com\/index.php\/produkt\/znackovy-sprchovy-kout-walk-in-43972\/#primaryimage\",\"url\":\"https:\/\/www.koupelnapro.com\/wp-content\/uploads\/2026\/SK0003099-CZ20260425-093041-0-1777080643-walk-in_grafit_wk5u-ks.webp\",\"contentUrl\":\"https:\/\/www.koupelnapro.com\/wp-content\/uploads\/2026\/SK0003099-CZ20260425-093041-0-1777080643-walk-in_grafit_wk5u-ks.webp\",\"width\":771,\"height\":628},{\"@type\":\"BreadcrumbList\",\"@id\":\"https:\/\/www.koupelnapro.com\/index.php\/produkt\/znackovy-sprchovy-kout-walk-in-43972\/#breadcrumb\",\"itemListElement\":[{\"@type\":\"ListItem\",\"position\":1,\"name\":\"Home\",\"item\":\"https:\/\/www.koupelnapro.com\/\"},{\"@type\":\"ListItem\",\"position\":2,\"name\":\"Products\",\"item\":\"https:\/\/www.koupelnapro.com\/index.php\/products\/\"},{\"@type\":\"ListItem\",\"position\":3,\"name\":\"Zna\u010dkov\u00fd Sprchov\u00fd kout walk in\"}]},{\"@type\":\"WebSite\",\"@id\":\"https:\/\/www.koupelnapro.com\/#website\",\"url\":\"https:\/\/www.koupelnapro.com\/\",\"name\":\"\",\"description\":\"\",\"potentialAction\":[{\"@type\":\"SearchAction\",\"target\":{\"@type\":\"EntryPoint\",\"urlTemplate\":\"https:\/\/www.koupelnapro.com\/?s={search_term_string}\"},\"query-input\":{\"@type\":\"PropertyValueSpecification\",\"valueRequired\":true,\"valueName\":\"search_term_string\"}}],\"inLanguage\":\"cs\"}]}<\/script>\n<!-- \/ Yoast SEO plugin. -->","yoast_head_json":{"title":"Zna\u010dkov\u00fd Sprchov\u00fd kout walk in -","robots":{"index":"index","follow":"follow","max-snippet":"max-snippet:-1","max-image-preview":"max-image-preview:large","max-video-preview":"max-video-preview:-1"},"canonical":"https:\/\/www.koupelnapro.com\/index.php\/produkt\/znackovy-sprchovy-kout-walk-in-43972\/","og_locale":"cs_CZ","og_type":"article","og_title":"Zna\u010dkov\u00fd Sprchov\u00fd kout walk in -","og_description":"Sprchov\u00fd kout MAXMAX WALK-IN 90&#215;90 cm &#8211;\u00a0GRAFIT Skv\u011bl\u00e1 volba do ka\u017ed\u00e9 koupelny. Elegantn\u00ed sprchov\u00fd kout je vyroben z\u00a06\u00a0mm\u00a0tlust\u00e9ho tvrzen\u00e9ho skla v grafitov\u00e9m proveden\u00ed.\u00a0Aplikovan\u00e1 povrchov\u00e1 \u00faprava skla zaji\u0161\u0165uje maxim\u00e1ln\u00ed komfort v\u0161em u\u017eivatel\u016fm. Tato technologie\u00a0zaru\u010duje jedine\u010dn\u00e9 vlastnosti zabra\u0148uj\u00edc\u00ed zne\u010di\u0161t\u011bn\u00ed skla &#8211; povrch sta\u010d\u00ed pouze opl\u00e1chnout vodou.\u00a0Kout je uchycen\u00a0v chromovan\u00fdch hlin\u00edkov\u00fdch profilech a je\u00a0vybaven t\u011bsn\u011bn\u00edm zabra\u0148uj\u00edc\u00edm \u00faniku vody [&hellip;]","og_url":"https:\/\/www.koupelnapro.com\/index.php\/produkt\/znackovy-sprchovy-kout-walk-in-43972\/","og_image":[{"width":771,"height":628,"url":"https:\/\/www.koupelnapro.com\/wp-content\/uploads\/2026\/SK0003099-CZ20260425-093041-0-1777080643-walk-in_grafit_wk5u-ks.webp","type":"image\/webp"}],"twitter_card":"summary_large_image","twitter_misc":{"Odhadovan\u00e1 doba \u010dten\u00ed":"1 minuta"},"schema":{"@context":"https:\/\/schema.org","@graph":[{"@type":"WebPage","@id":"https:\/\/www.koupelnapro.com\/index.php\/produkt\/znackovy-sprchovy-kout-walk-in-43972\/","url":"https:\/\/www.koupelnapro.com\/index.php\/produkt\/znackovy-sprchovy-kout-walk-in-43972\/","name":"Zna\u010dkov\u00fd Sprchov\u00fd kout walk in -","isPartOf":{"@id":"https:\/\/www.koupelnapro.com\/#website"},"primaryImageOfPage":{"@id":"https:\/\/www.koupelnapro.com\/index.php\/produkt\/znackovy-sprchovy-kout-walk-in-43972\/#primaryimage"},"image":{"@id":"https:\/\/www.koupelnapro.com\/index.php\/produkt\/znackovy-sprchovy-kout-walk-in-43972\/#primaryimage"},"thumbnailUrl":"https:\/\/www.koupelnapro.com\/wp-content\/uploads\/2026\/SK0003099-CZ20260425-093041-0-1777080643-walk-in_grafit_wk5u-ks.webp","datePublished":"2026-04-26T09:16:16+00:00","breadcrumb":{"@id":"https:\/\/www.koupelnapro.com\/index.php\/produkt\/znackovy-sprchovy-kout-walk-in-43972\/#breadcrumb"},"inLanguage":"cs","potentialAction":[{"@type":"ReadAction","target":["https:\/\/www.koupelnapro.com\/index.php\/produkt\/znackovy-sprchovy-kout-walk-in-43972\/"]}]},{"@type":"ImageObject","inLanguage":"cs","@id":"https:\/\/www.koupelnapro.com\/index.php\/produkt\/znackovy-sprchovy-kout-walk-in-43972\/#primaryimage","url":"https:\/\/www.koupelnapro.com\/wp-content\/uploads\/2026\/SK0003099-CZ20260425-093041-0-1777080643-walk-in_grafit_wk5u-ks.webp","contentUrl":"https:\/\/www.koupelnapro.com\/wp-content\/uploads\/2026\/SK0003099-CZ20260425-093041-0-1777080643-walk-in_grafit_wk5u-ks.webp","width":771,"height":628},{"@type":"BreadcrumbList","@id":"https:\/\/www.koupelnapro.com\/index.php\/produkt\/znackovy-sprchovy-kout-walk-in-43972\/#breadcrumb","itemListElement":[{"@type":"ListItem","position":1,"name":"Home","item":"https:\/\/www.koupelnapro.com\/"},{"@type":"ListItem","position":2,"name":"Products","item":"https:\/\/www.koupelnapro.com\/index.php\/products\/"},{"@type":"ListItem","position":3,"name":"Zna\u010dkov\u00fd Sprchov\u00fd kout walk in"}]},{"@type":"WebSite","@id":"https:\/\/www.koupelnapro.com\/#website","url":"https:\/\/www.koupelnapro.com\/","name":"","description":"","potentialAction":[{"@type":"SearchAction","target":{"@type":"EntryPoint","urlTemplate":"https:\/\/www.koupelnapro.com\/?s={search_term_string}"},"query-input":{"@type":"PropertyValueSpecification","valueRequired":true,"valueName":"search_term_string"}}],"inLanguage":"cs"}]}},"_links":{"self":[{"href":"https:\/\/www.koupelnapro.com\/index.php\/wp-json\/wp\/v2\/product\/43972","targetHints":{"allow":["GET"]}}],"collection":[{"href":"https:\/\/www.koupelnapro.com\/index.php\/wp-json\/wp\/v2\/product"}],"about":[{"href":"https:\/\/www.koupelnapro.com\/index.php\/wp-json\/wp\/v2\/types\/product"}],"replies":[{"embeddable":true,"href":"https:\/\/www.koupelnapro.com\/index.php\/wp-json\/wp\/v2\/comments?post=43972"}],"wp:featuredmedia":[{"embeddable":true,"href":"https:\/\/www.koupelnapro.com\/index.php\/wp-json\/wp\/v2\/media\/44072"}],"wp:attachment":[{"href":"https:\/\/www.koupelnapro.com\/index.php\/wp-json\/wp\/v2\/media?parent=43972"}],"wp:term":[{"taxonomy":"product_brand","embeddable":true,"href":"https:\/\/www.koupelnapro.com\/index.php\/wp-json\/wp\/v2\/product_brand?post=43972"},{"taxonomy":"product_cat","embeddable":true,"href":"https:\/\/www.koupelnapro.com\/index.php\/wp-json\/wp\/v2\/product_cat?post=43972"},{"taxonomy":"product_tag","embeddable":true,"href":"https:\/\/www.koupelnapro.com\/index.php\/wp-json\/wp\/v2\/product_tag?post=43972"}],"curies":[{"name":"wp","href":"https:\/\/api.w.org\/{rel}","templated":true}]}}