{"id":43964,"date":"2026-04-26T09:16:16","date_gmt":"2026-04-26T09:16:16","guid":{"rendered":""},"modified":"2026-04-26T09:16:16","modified_gmt":"2026-04-26T09:16:16","slug":"znackovy-podomitkova-termostaticka-baterie-mexen-kai-vysoka-bila-3-vystupy-77603-20-43964","status":"publish","type":"product","link":"https:\/\/www.koupelnapro.com\/index.php\/produkt\/znackovy-podomitkova-termostaticka-baterie-mexen-kai-vysoka-bila-3-vystupy-77603-20-43964\/","title":{"rendered":"Zna\u010dkov\u00fd Podom\u00edtkov\u00e1 termostatick\u00e1 baterie MEXEN KAI vysok\u00e1 &#8211; b\u00edl\u00e1 &#8211; 3 v\u00fdstupy, 77603-20"},"content":{"rendered":"<div class=\"tabs__content-outer\" id=\"tab_description\" data-hash=\"description\" data-tabindex=\"-1\">\n<div class=\"tabs__content toggle_description\" id=\"content_description\">\n<div class=\"wysiwyg-content\">\n<div class=\"product__tab product__description full-width\">\n<div class=\"container\">\n<div >\n<h3>Podom\u00edtkov\u00e1 termostatick\u00e1 baterie KAI vysok\u00e1 &#8211; b\u00edl\u00e1 &#8211; 3 v\u00fdstupy<\/h3>\n<p>T\u011blo baterie je vyrobeno z kvalitn\u00ed mosazi s kovov\u00fdm pohledov\u00fdm krytem.\u00a0Baterie je ide\u00e1ln\u00ed pro pou\u017eit\u00ed do vany \u010di sprchov\u00e9ho koutu, kde vyu\u017eijete t\u0159i r\u016fzn\u00e9 funkce (nap\u0159\u00edklad p\u0159ep\u00edn\u00e1n\u00ed mezi ru\u010dn\u00ed sprchou a de\u0161\u0165ovou hlavic\u00ed s funkc\u00ed vodop\u00e1du nebo p\u0159ep\u00edn\u00e1n\u00ed mezi ru\u010dn\u00ed sprchou, de\u0161\u0165ovou sprchou a v\u00fdtokem do vany), ale d\u00edky sv\u00fdm univerz\u00e1ln\u00edm v\u00fdvod\u016fm s 1\/2&#8243; z\u00e1vitem ji m\u016f\u017eete pou\u017e\u00edt tak\u0159ka na cokoliv.\u00a0<\/p>\n<p><span>Nastaviteln\u00fd termostat bude udr\u017eovat st\u00e1lou teplotu vody po celou dobu pou\u017e\u00edv\u00e1n\u00ed baterie. P\u0159i necht\u011bn\u00e9m oto\u010den\u00ed voli\u010de se nemus\u00edte b\u00e1t opa\u0159en\u00ed. P\u0159i teplot\u011b 38\u00b0C je pojistka, kterou je pot\u0159eba zam\u00e1\u010dknout, aby \u0161la teplota nastavovat v\u00fd\u0161e.\u00a0<\/span><\/p>\n<p><strong>Parametry:<\/strong><\/p>\n<ul>\n<li><span>Materi\u00e1l: Mosaz\u00a0<\/span><\/li>\n<li><span>Typ: Podom\u00edtkov\u00e1\u00a0<\/span><span>\u00a0<\/span><\/li>\n<li><span>Povrchov\u00e1 \u00faprava: b\u00edl\u00e1\u00a0<\/span><\/li>\n<li><span>P\u0159ipojen\u00ed: 1\/2&#8243; na studenou a teplou vodu\u00a0<\/span><\/li>\n<li><span>V\u00fdvody: 3x 1\/2&#8243;\u00a0<\/span><\/li>\n<li><span>Pojistka proti opa\u0159en\u00ed p\u0159i 38\u00b0C\u00a0<\/span><\/li>\n<\/ul>\n<\/div><\/div>\n<\/p><\/div>\n<\/p><\/div>\n<\/p><\/div>\n","protected":false},"excerpt":{"rendered":"<p>Podom\u00edtkov\u00e1 termostatick\u00e1 baterie KAI vysok\u00e1 &#8211; b\u00edl\u00e1 &#8211; 3 v\u00fdstupy T\u011blo baterie je vyrobeno z kvalitn\u00ed mosazi s kovov\u00fdm pohledov\u00fdm krytem.\u00a0Baterie je ide\u00e1ln\u00ed pro pou\u017eit\u00ed do vany \u010di sprchov\u00e9ho koutu, kde vyu\u017eijete t\u0159i r\u016fzn\u00e9 funkce (nap\u0159\u00edklad p\u0159ep\u00edn\u00e1n\u00ed mezi ru\u010dn\u00ed sprchou a de\u0161\u0165ovou hlavic\u00ed s funkc\u00ed vodop\u00e1du nebo p\u0159ep\u00edn\u00e1n\u00ed mezi ru\u010dn\u00ed sprchou, de\u0161\u0165ovou sprchou a v\u00fdtokem [&hellip;]<\/p>\n","protected":false},"featured_media":44064,"comment_status":"open","ping_status":"open","template":"","meta":[],"product_brand":[],"product_cat":[152],"product_tag":[],"class_list":{"0":"post-43964","1":"product","2":"type-product","3":"status-publish","4":"has-post-thumbnail","6":"product_cat-koupelna","8":"first","9":"instock","10":"sale","11":"shipping-taxable","12":"purchasable","13":"product-type-simple"},"yoast_head":"<!-- This site is optimized with the Yoast SEO plugin v26.8 - https:\/\/yoast.com\/product\/yoast-seo-wordpress\/ -->\n<title>Zna\u010dkov\u00fd Podom\u00edtkov\u00e1 termostatick\u00e1 baterie MEXEN KAI vysok\u00e1 - b\u00edl\u00e1 - 3 v\u00fdstupy, 77603-20 -<\/title>\n<meta name=\"robots\" content=\"index, follow, max-snippet:-1, max-image-preview:large, max-video-preview:-1\" \/>\n<link rel=\"canonical\" href=\"https:\/\/www.koupelnapro.com\/index.php\/produkt\/znackovy-podomitkova-termostaticka-baterie-mexen-kai-vysoka-bila-3-vystupy-77603-20-43964\/\" \/>\n<meta property=\"og:locale\" content=\"cs_CZ\" \/>\n<meta property=\"og:type\" content=\"article\" \/>\n<meta property=\"og:title\" content=\"Zna\u010dkov\u00fd Podom\u00edtkov\u00e1 termostatick\u00e1 baterie MEXEN KAI vysok\u00e1 - b\u00edl\u00e1 - 3 v\u00fdstupy, 77603-20 -\" \/>\n<meta property=\"og:description\" content=\"Podom\u00edtkov\u00e1 termostatick\u00e1 baterie KAI vysok\u00e1 &#8211; b\u00edl\u00e1 &#8211; 3 v\u00fdstupy T\u011blo baterie je vyrobeno z kvalitn\u00ed mosazi s kovov\u00fdm pohledov\u00fdm krytem.\u00a0Baterie je ide\u00e1ln\u00ed pro pou\u017eit\u00ed do vany \u010di sprchov\u00e9ho koutu, kde vyu\u017eijete t\u0159i r\u016fzn\u00e9 funkce (nap\u0159\u00edklad p\u0159ep\u00edn\u00e1n\u00ed mezi ru\u010dn\u00ed sprchou a de\u0161\u0165ovou hlavic\u00ed s funkc\u00ed vodop\u00e1du nebo p\u0159ep\u00edn\u00e1n\u00ed mezi ru\u010dn\u00ed sprchou, de\u0161\u0165ovou sprchou a v\u00fdtokem [&hellip;]\" \/>\n<meta property=\"og:url\" content=\"https:\/\/www.koupelnapro.com\/index.php\/produkt\/znackovy-podomitkova-termostaticka-baterie-mexen-kai-vysoka-bila-3-vystupy-77603-20-43964\/\" \/>\n<meta property=\"og:image\" content=\"https:\/\/www.koupelnapro.com\/wp-content\/uploads\/2026\/SK0003091-CZ20260425-093041-0-1777080643-podomitkova-termostaticka-baterie-mexen-kai-vysoka-bila-3-v.webp\" \/>\n\t<meta property=\"og:image:width\" content=\"556\" \/>\n\t<meta property=\"og:image:height\" content=\"800\" \/>\n\t<meta property=\"og:image:type\" content=\"image\/webp\" \/>\n<meta name=\"twitter:card\" content=\"summary_large_image\" \/>\n<meta name=\"twitter:label1\" content=\"Odhadovan\u00e1 doba \u010dten\u00ed\" \/>\n\t<meta name=\"twitter:data1\" content=\"1 minuta\" \/>\n<script type=\"application\/ld+json\" class=\"yoast-schema-graph\">{\"@context\":\"https:\/\/schema.org\",\"@graph\":[{\"@type\":\"WebPage\",\"@id\":\"https:\/\/www.koupelnapro.com\/index.php\/produkt\/znackovy-podomitkova-termostaticka-baterie-mexen-kai-vysoka-bila-3-vystupy-77603-20-43964\/\",\"url\":\"https:\/\/www.koupelnapro.com\/index.php\/produkt\/znackovy-podomitkova-termostaticka-baterie-mexen-kai-vysoka-bila-3-vystupy-77603-20-43964\/\",\"name\":\"Zna\u010dkov\u00fd Podom\u00edtkov\u00e1 termostatick\u00e1 baterie MEXEN KAI vysok\u00e1 - b\u00edl\u00e1 - 3 v\u00fdstupy, 77603-20 -\",\"isPartOf\":{\"@id\":\"https:\/\/www.koupelnapro.com\/#website\"},\"primaryImageOfPage\":{\"@id\":\"https:\/\/www.koupelnapro.com\/index.php\/produkt\/znackovy-podomitkova-termostaticka-baterie-mexen-kai-vysoka-bila-3-vystupy-77603-20-43964\/#primaryimage\"},\"image\":{\"@id\":\"https:\/\/www.koupelnapro.com\/index.php\/produkt\/znackovy-podomitkova-termostaticka-baterie-mexen-kai-vysoka-bila-3-vystupy-77603-20-43964\/#primaryimage\"},\"thumbnailUrl\":\"https:\/\/www.koupelnapro.com\/wp-content\/uploads\/2026\/SK0003091-CZ20260425-093041-0-1777080643-podomitkova-termostaticka-baterie-mexen-kai-vysoka-bila-3-v.webp\",\"datePublished\":\"2026-04-26T09:16:16+00:00\",\"breadcrumb\":{\"@id\":\"https:\/\/www.koupelnapro.com\/index.php\/produkt\/znackovy-podomitkova-termostaticka-baterie-mexen-kai-vysoka-bila-3-vystupy-77603-20-43964\/#breadcrumb\"},\"inLanguage\":\"cs\",\"potentialAction\":[{\"@type\":\"ReadAction\",\"target\":[\"https:\/\/www.koupelnapro.com\/index.php\/produkt\/znackovy-podomitkova-termostaticka-baterie-mexen-kai-vysoka-bila-3-vystupy-77603-20-43964\/\"]}]},{\"@type\":\"ImageObject\",\"inLanguage\":\"cs\",\"@id\":\"https:\/\/www.koupelnapro.com\/index.php\/produkt\/znackovy-podomitkova-termostaticka-baterie-mexen-kai-vysoka-bila-3-vystupy-77603-20-43964\/#primaryimage\",\"url\":\"https:\/\/www.koupelnapro.com\/wp-content\/uploads\/2026\/SK0003091-CZ20260425-093041-0-1777080643-podomitkova-termostaticka-baterie-mexen-kai-vysoka-bila-3-v.webp\",\"contentUrl\":\"https:\/\/www.koupelnapro.com\/wp-content\/uploads\/2026\/SK0003091-CZ20260425-093041-0-1777080643-podomitkova-termostaticka-baterie-mexen-kai-vysoka-bila-3-v.webp\",\"width\":556,\"height\":800},{\"@type\":\"BreadcrumbList\",\"@id\":\"https:\/\/www.koupelnapro.com\/index.php\/produkt\/znackovy-podomitkova-termostaticka-baterie-mexen-kai-vysoka-bila-3-vystupy-77603-20-43964\/#breadcrumb\",\"itemListElement\":[{\"@type\":\"ListItem\",\"position\":1,\"name\":\"Home\",\"item\":\"https:\/\/www.koupelnapro.com\/\"},{\"@type\":\"ListItem\",\"position\":2,\"name\":\"Products\",\"item\":\"https:\/\/www.koupelnapro.com\/index.php\/products\/\"},{\"@type\":\"ListItem\",\"position\":3,\"name\":\"Zna\u010dkov\u00fd Podom\u00edtkov\u00e1 termostatick\u00e1 baterie MEXEN KAI vysok\u00e1 &#8211; b\u00edl\u00e1 &#8211; 3 v\u00fdstupy, 77603-20\"}]},{\"@type\":\"WebSite\",\"@id\":\"https:\/\/www.koupelnapro.com\/#website\",\"url\":\"https:\/\/www.koupelnapro.com\/\",\"name\":\"\",\"description\":\"\",\"potentialAction\":[{\"@type\":\"SearchAction\",\"target\":{\"@type\":\"EntryPoint\",\"urlTemplate\":\"https:\/\/www.koupelnapro.com\/?s={search_term_string}\"},\"query-input\":{\"@type\":\"PropertyValueSpecification\",\"valueRequired\":true,\"valueName\":\"search_term_string\"}}],\"inLanguage\":\"cs\"}]}<\/script>\n<!-- \/ Yoast SEO plugin. -->","yoast_head_json":{"title":"Zna\u010dkov\u00fd Podom\u00edtkov\u00e1 termostatick\u00e1 baterie MEXEN KAI vysok\u00e1 - b\u00edl\u00e1 - 3 v\u00fdstupy, 77603-20 -","robots":{"index":"index","follow":"follow","max-snippet":"max-snippet:-1","max-image-preview":"max-image-preview:large","max-video-preview":"max-video-preview:-1"},"canonical":"https:\/\/www.koupelnapro.com\/index.php\/produkt\/znackovy-podomitkova-termostaticka-baterie-mexen-kai-vysoka-bila-3-vystupy-77603-20-43964\/","og_locale":"cs_CZ","og_type":"article","og_title":"Zna\u010dkov\u00fd Podom\u00edtkov\u00e1 termostatick\u00e1 baterie MEXEN KAI vysok\u00e1 - b\u00edl\u00e1 - 3 v\u00fdstupy, 77603-20 -","og_description":"Podom\u00edtkov\u00e1 termostatick\u00e1 baterie KAI vysok\u00e1 &#8211; b\u00edl\u00e1 &#8211; 3 v\u00fdstupy T\u011blo baterie je vyrobeno z kvalitn\u00ed mosazi s kovov\u00fdm pohledov\u00fdm krytem.\u00a0Baterie je ide\u00e1ln\u00ed pro pou\u017eit\u00ed do vany \u010di sprchov\u00e9ho koutu, kde vyu\u017eijete t\u0159i r\u016fzn\u00e9 funkce (nap\u0159\u00edklad p\u0159ep\u00edn\u00e1n\u00ed mezi ru\u010dn\u00ed sprchou a de\u0161\u0165ovou hlavic\u00ed s funkc\u00ed vodop\u00e1du nebo p\u0159ep\u00edn\u00e1n\u00ed mezi ru\u010dn\u00ed sprchou, de\u0161\u0165ovou sprchou a v\u00fdtokem [&hellip;]","og_url":"https:\/\/www.koupelnapro.com\/index.php\/produkt\/znackovy-podomitkova-termostaticka-baterie-mexen-kai-vysoka-bila-3-vystupy-77603-20-43964\/","og_image":[{"width":556,"height":800,"url":"https:\/\/www.koupelnapro.com\/wp-content\/uploads\/2026\/SK0003091-CZ20260425-093041-0-1777080643-podomitkova-termostaticka-baterie-mexen-kai-vysoka-bila-3-v.webp","type":"image\/webp"}],"twitter_card":"summary_large_image","twitter_misc":{"Odhadovan\u00e1 doba \u010dten\u00ed":"1 minuta"},"schema":{"@context":"https:\/\/schema.org","@graph":[{"@type":"WebPage","@id":"https:\/\/www.koupelnapro.com\/index.php\/produkt\/znackovy-podomitkova-termostaticka-baterie-mexen-kai-vysoka-bila-3-vystupy-77603-20-43964\/","url":"https:\/\/www.koupelnapro.com\/index.php\/produkt\/znackovy-podomitkova-termostaticka-baterie-mexen-kai-vysoka-bila-3-vystupy-77603-20-43964\/","name":"Zna\u010dkov\u00fd Podom\u00edtkov\u00e1 termostatick\u00e1 baterie MEXEN KAI vysok\u00e1 - b\u00edl\u00e1 - 3 v\u00fdstupy, 77603-20 -","isPartOf":{"@id":"https:\/\/www.koupelnapro.com\/#website"},"primaryImageOfPage":{"@id":"https:\/\/www.koupelnapro.com\/index.php\/produkt\/znackovy-podomitkova-termostaticka-baterie-mexen-kai-vysoka-bila-3-vystupy-77603-20-43964\/#primaryimage"},"image":{"@id":"https:\/\/www.koupelnapro.com\/index.php\/produkt\/znackovy-podomitkova-termostaticka-baterie-mexen-kai-vysoka-bila-3-vystupy-77603-20-43964\/#primaryimage"},"thumbnailUrl":"https:\/\/www.koupelnapro.com\/wp-content\/uploads\/2026\/SK0003091-CZ20260425-093041-0-1777080643-podomitkova-termostaticka-baterie-mexen-kai-vysoka-bila-3-v.webp","datePublished":"2026-04-26T09:16:16+00:00","breadcrumb":{"@id":"https:\/\/www.koupelnapro.com\/index.php\/produkt\/znackovy-podomitkova-termostaticka-baterie-mexen-kai-vysoka-bila-3-vystupy-77603-20-43964\/#breadcrumb"},"inLanguage":"cs","potentialAction":[{"@type":"ReadAction","target":["https:\/\/www.koupelnapro.com\/index.php\/produkt\/znackovy-podomitkova-termostaticka-baterie-mexen-kai-vysoka-bila-3-vystupy-77603-20-43964\/"]}]},{"@type":"ImageObject","inLanguage":"cs","@id":"https:\/\/www.koupelnapro.com\/index.php\/produkt\/znackovy-podomitkova-termostaticka-baterie-mexen-kai-vysoka-bila-3-vystupy-77603-20-43964\/#primaryimage","url":"https:\/\/www.koupelnapro.com\/wp-content\/uploads\/2026\/SK0003091-CZ20260425-093041-0-1777080643-podomitkova-termostaticka-baterie-mexen-kai-vysoka-bila-3-v.webp","contentUrl":"https:\/\/www.koupelnapro.com\/wp-content\/uploads\/2026\/SK0003091-CZ20260425-093041-0-1777080643-podomitkova-termostaticka-baterie-mexen-kai-vysoka-bila-3-v.webp","width":556,"height":800},{"@type":"BreadcrumbList","@id":"https:\/\/www.koupelnapro.com\/index.php\/produkt\/znackovy-podomitkova-termostaticka-baterie-mexen-kai-vysoka-bila-3-vystupy-77603-20-43964\/#breadcrumb","itemListElement":[{"@type":"ListItem","position":1,"name":"Home","item":"https:\/\/www.koupelnapro.com\/"},{"@type":"ListItem","position":2,"name":"Products","item":"https:\/\/www.koupelnapro.com\/index.php\/products\/"},{"@type":"ListItem","position":3,"name":"Zna\u010dkov\u00fd Podom\u00edtkov\u00e1 termostatick\u00e1 baterie MEXEN KAI vysok\u00e1 &#8211; b\u00edl\u00e1 &#8211; 3 v\u00fdstupy, 77603-20"}]},{"@type":"WebSite","@id":"https:\/\/www.koupelnapro.com\/#website","url":"https:\/\/www.koupelnapro.com\/","name":"","description":"","potentialAction":[{"@type":"SearchAction","target":{"@type":"EntryPoint","urlTemplate":"https:\/\/www.koupelnapro.com\/?s={search_term_string}"},"query-input":{"@type":"PropertyValueSpecification","valueRequired":true,"valueName":"search_term_string"}}],"inLanguage":"cs"}]}},"_links":{"self":[{"href":"https:\/\/www.koupelnapro.com\/index.php\/wp-json\/wp\/v2\/product\/43964","targetHints":{"allow":["GET"]}}],"collection":[{"href":"https:\/\/www.koupelnapro.com\/index.php\/wp-json\/wp\/v2\/product"}],"about":[{"href":"https:\/\/www.koupelnapro.com\/index.php\/wp-json\/wp\/v2\/types\/product"}],"replies":[{"embeddable":true,"href":"https:\/\/www.koupelnapro.com\/index.php\/wp-json\/wp\/v2\/comments?post=43964"}],"wp:featuredmedia":[{"embeddable":true,"href":"https:\/\/www.koupelnapro.com\/index.php\/wp-json\/wp\/v2\/media\/44064"}],"wp:attachment":[{"href":"https:\/\/www.koupelnapro.com\/index.php\/wp-json\/wp\/v2\/media?parent=43964"}],"wp:term":[{"taxonomy":"product_brand","embeddable":true,"href":"https:\/\/www.koupelnapro.com\/index.php\/wp-json\/wp\/v2\/product_brand?post=43964"},{"taxonomy":"product_cat","embeddable":true,"href":"https:\/\/www.koupelnapro.com\/index.php\/wp-json\/wp\/v2\/product_cat?post=43964"},{"taxonomy":"product_tag","embeddable":true,"href":"https:\/\/www.koupelnapro.com\/index.php\/wp-json\/wp\/v2\/product_tag?post=43964"}],"curies":[{"name":"wp","href":"https:\/\/api.w.org\/{rel}","templated":true}]}}