{"id":4371,"date":"2026-04-26T09:13:08","date_gmt":"2026-04-26T09:13:08","guid":{"rendered":""},"modified":"2026-04-26T09:13:08","modified_gmt":"2026-04-26T09:13:08","slug":"expresni-doruceni-pohybove-cidlo-b-e-g-pd3n-1c-fc-360deg-barva-bila-vestavne-ip23-92196-4371","status":"publish","type":"product","link":"https:\/\/www.koupelnapro.com\/index.php\/produkt\/expresni-doruceni-pohybove-cidlo-b-e-g-pd3n-1c-fc-360deg-barva-bila-vestavne-ip23-92196-4371\/","title":{"rendered":"Expresn\u00ed Doru\u010den\u00ed Pohybov\u00e9 \u010didlo B.E.G PD3N-1C-FC  360\u00b0 barva b\u00edl\u00e1 vestavn\u00e9  IP23  \/92196\/"},"content":{"rendered":"<div id=\"e9175194\" class=\"pages\">\n<div id=\"PDDescription\" class=\"UserContentView userContent v1a v1 bs-view dcon dc150 PDDescription\" >\n<h2><span style=\"color: #008080;\">\u010cidlo B.E.G PD3N-1C-FC\u00a0360\u00b0barva b\u00edl\u00e1 vestavn\u00e9\u00a0IP23\u00a0\/92196\/<\/span><\/h2>\n<p><span style=\"font-size: 14px;\"><strong><span style=\"color: #000000; text-transform: none; line-height: normal; text-indent: 0px; letter-spacing: normal; font-family: Tahoma, 'Helvetica CE', 'Arial CE', Helvetica, Arial, sans-serif; font-style: normal; font-variant: normal; word-spacing: 0px; float: none; display: inline !important; white-space: normal; font-size-adjust: none; font-stretch: normal; background-color: #ffffff; -webkit-text-stroke-width: 0px;\"><\/span><\/strong><\/span><\/p>\n<p>PIR &#8211; Kvalitn\u00ed detektor stropn\u00ed vestavn\u00fd, \u010didlo, senzor pohybu pro osv\u011btlen\u00ed jednoz\u00f3nov\u00fd sp\u00ednan\u00fd, kruhov\u00e1 charakteristika 360\u00b0, d=10m, 2,3kW, 15s-30min, 10-2000Lx, 230V, IP23, d=83mm, h=81mm, vhodn\u00fd i pro sp\u00edn\u00e1n\u00ed mal\u00fdch p\u0159\u00edkon\u016f<\/p>\n<p>\u00a0<\/p>\n<\/p>\n<p><strong><span style=\"color: #008080;\">Dal\u0161\u00ed specifikace:<\/span><\/strong><\/p>\n<p><span style=\"color: #007980;\">Pou\u017eit\u00ed:<\/span><\/p>\n<p>Pro automatick\u00e9 sp\u00edn\u00e1n\u00ed osv\u011btlen\u00ed v z\u00e1vislosti na p\u0159\u00edtomnosti, intenzit\u011b okoln\u00edho osv\u011btlen\u00ed, pou\u017eit\u00ed v kancel\u00e1\u0159\u00edch, d\u00edln\u00e1ch, \u0161kole, skladech atd..<br \/>V\u00fdhodn\u00e9 vlastnosti: Mo\u017enost dopln\u011bn\u00ed clonkou pro nastaven\u00ed v\u00fdse\u010de z\u00e1b\u011bru (nen\u00ed sou\u010d\u00e1st\u00ed balen\u00ed), Mo\u017enost parametrizace a d\u00e1lkov\u00e9ho ovl\u00e1d\u00e1n\u00ed pomoc\u00ed d\u00e1lkov\u00e9ho ovl\u00e1d\u00e1n\u00ed IRDO (d\u00e1lkov\u00fd ovlada\u010d nen\u00ed sou\u010d\u00e1st\u00ed balen\u00ed).<br \/>Mo\u017enost nastaven\u00ed automatick\u00fd \/ ru\u010dn\u00ed re\u017eim = ru\u010dn\u00ed trval\u00e9 zapnut\u00ed\/zapnut\u00ed impulzem pomoc\u00ed extern\u00edho tla\u010d\u00edtka nap\u0159\u00edklad na m\u00edst\u011b b\u011b\u017en\u00e9ho vyp\u00edna\u010de.<\/p>\n<p>Nap\u00e1jen\u00ed: 230V\/50Hz<br \/>V\u00fdstupy: 1x silov\u00fd kontakt 230V, max 2,3kW (cosFi 1), 1,15kW (cosFi 0,5) pro zap\/vyp silov\u00e9ho okruhu.<br \/>Zp\u016fsob p\u0159ipojen\u00ed sv\u00edtidla: P\u0159\u00edvodn\u00ed kabel se zapoj\u00ed do svorkovnice.<br \/>Kryt\u00ed: IP44 &#8211; Odolnost proti netlakov\u00e9 vod\u011b st\u0159\u00edkaj\u00edc\u00ed ze v\u0161ech stran &#8211; venkovn\u00ed prostory vystaven\u00e9 de\u0161ti.<br \/>T\u0159\u00edda za\u0159\u00edzen\u00ed: II, Ochrana je zaji\u0161t\u011bna dvojitou izolac\u00ed.<br \/>Rozm\u011bry: d=106mm, h=52mm (Uv\u00e1d\u011bn\u00e9 rozm\u011bry jsou pouze informativn\u00ed a v\u00fdrobce je m\u016f\u017ee zm\u011bnit)<br \/>V m\u00edstnostech v\u011bt\u0161\u00edch rozm\u011br\u016f, nebo chodb\u00e1ch lze \u010dinnost \u010didel synchronizovat zapojen\u00edm \u010didel syst\u00e9mem MASTER \/ SLAVE.<br \/>Zvukov\u00e9 \u010didlo zvy\u0161uje funk\u010dnost pohybov\u00e9ho \u010didla pohybu za pevn\u00fdmi p\u0159ek\u00e1\u017ekami. Za rohem, za sloupem v m\u00edstnosti, za p\u0159ep\u00e1\u017ekou atd.<br \/>P\u00e1sma citlivosti \u010didel (plat\u00ed pro v\u00fd\u0161ku \u010didla 2,5m p\u0159i teplot\u011b okol\u00ed 18\u00b0C): P\u00e1smo ciltivosti p\u0159i bo\u010dn\u00ed m\u00edjen\u00ed \u010didla d=10m, p\u00e1smo citlivosti ve sm\u011bru k\/od \u010didla d=6m.<br \/>Z\u00e1b\u011brn\u00fd \u00fahel 360\u00b0 doporu\u010den\u00e1 mont\u00e1\u017en\u00ed v\u00fd\u0161ka 2,5m nad podlahou.<br \/>Nastaven\u00ed zpo\u017ed\u011bn\u00ed vypnut\u00ed: 15 sec &#8211; 30 minut.<br \/>Nastaven\u00ed p\u00e1sma sv\u011bteln\u00e9 citlivosti: 10-2000 Lux<br \/>Podm\u00ednka mont\u00e1\u017en\u00ed polohy: Stropn\u00ed mont\u00e1\u017e.<br \/>Z\u00e1ruka: 24 m\u011bs\u00edc\u016f.<\/p>\n<p>\u00a0Katalogov\u00fd list ke sta\u017een\u00ed ZDE:<\/p>\n<p>\u00a0<\/p>\n<div id=\"PDTable3\" class=\"ProductDetailTableView v3a v3 bs-view dcon dc175 PDTable3\" >\n<table>\n<thead><\/thead>\n<tbody>\n<tr class=\"attribute attr_bsshop_maker\">\n<td class=\"caption\">V\u00fdrobce<\/td>\n<td class=\"value\">BEG<\/td>\n<\/tr>\n<\/tbody>\n<\/table><\/div>\n<\/div>\n<\/div>\n<div id=\"e9175195\" class=\"tabs\">\n","protected":false},"excerpt":{"rendered":"<p>\u010cidlo B.E.G PD3N-1C-FC\u00a0360\u00b0barva b\u00edl\u00e1 vestavn\u00e9\u00a0IP23\u00a0\/92196\/ PIR &#8211; Kvalitn\u00ed detektor stropn\u00ed vestavn\u00fd, \u010didlo, senzor pohybu pro osv\u011btlen\u00ed jednoz\u00f3nov\u00fd sp\u00ednan\u00fd, kruhov\u00e1 charakteristika 360\u00b0, d=10m, 2,3kW, 15s-30min, 10-2000Lx, 230V, IP23, d=83mm, h=81mm, vhodn\u00fd i pro sp\u00edn\u00e1n\u00ed mal\u00fdch p\u0159\u00edkon\u016f \u00a0 Dal\u0161\u00ed specifikace: Pou\u017eit\u00ed: Pro automatick\u00e9 sp\u00edn\u00e1n\u00ed osv\u011btlen\u00ed v z\u00e1vislosti na p\u0159\u00edtomnosti, intenzit\u011b okoln\u00edho osv\u011btlen\u00ed, pou\u017eit\u00ed v kancel\u00e1\u0159\u00edch, d\u00edln\u00e1ch, \u0161kole, [&hellip;]<\/p>\n","protected":false},"featured_media":4471,"comment_status":"open","ping_status":"open","template":"","meta":[],"product_brand":[],"product_cat":[37],"product_tag":[],"class_list":{"0":"post-4371","1":"product","2":"type-product","3":"status-publish","4":"has-post-thumbnail","6":"product_cat-sv-237-tidla-a-led","8":"first","9":"instock","10":"sale","11":"shipping-taxable","12":"purchasable","13":"product-type-simple"},"yoast_head":"<!-- This site is optimized with the Yoast SEO plugin v26.8 - https:\/\/yoast.com\/product\/yoast-seo-wordpress\/ -->\n<title>Expresn\u00ed Doru\u010den\u00ed Pohybov\u00e9 \u010didlo B.E.G PD3N-1C-FC 360\u00b0 barva b\u00edl\u00e1 vestavn\u00e9 IP23 \/92196\/ -<\/title>\n<meta name=\"robots\" content=\"index, follow, max-snippet:-1, max-image-preview:large, max-video-preview:-1\" \/>\n<link rel=\"canonical\" href=\"https:\/\/www.koupelnapro.com\/index.php\/produkt\/expresni-doruceni-pohybove-cidlo-b-e-g-pd3n-1c-fc-360deg-barva-bila-vestavne-ip23-92196-4371\/\" \/>\n<meta property=\"og:locale\" content=\"cs_CZ\" \/>\n<meta property=\"og:type\" content=\"article\" \/>\n<meta property=\"og:title\" content=\"Expresn\u00ed Doru\u010den\u00ed Pohybov\u00e9 \u010didlo B.E.G PD3N-1C-FC 360\u00b0 barva b\u00edl\u00e1 vestavn\u00e9 IP23 \/92196\/ -\" \/>\n<meta property=\"og:description\" content=\"\u010cidlo B.E.G PD3N-1C-FC\u00a0360\u00b0barva b\u00edl\u00e1 vestavn\u00e9\u00a0IP23\u00a0\/92196\/ PIR &#8211; Kvalitn\u00ed detektor stropn\u00ed vestavn\u00fd, \u010didlo, senzor pohybu pro osv\u011btlen\u00ed jednoz\u00f3nov\u00fd sp\u00ednan\u00fd, kruhov\u00e1 charakteristika 360\u00b0, d=10m, 2,3kW, 15s-30min, 10-2000Lx, 230V, IP23, d=83mm, h=81mm, vhodn\u00fd i pro sp\u00edn\u00e1n\u00ed mal\u00fdch p\u0159\u00edkon\u016f \u00a0 Dal\u0161\u00ed specifikace: Pou\u017eit\u00ed: Pro automatick\u00e9 sp\u00edn\u00e1n\u00ed osv\u011btlen\u00ed v z\u00e1vislosti na p\u0159\u00edtomnosti, intenzit\u011b okoln\u00edho osv\u011btlen\u00ed, pou\u017eit\u00ed v kancel\u00e1\u0159\u00edch, d\u00edln\u00e1ch, \u0161kole, [&hellip;]\" \/>\n<meta property=\"og:url\" content=\"https:\/\/www.koupelnapro.com\/index.php\/produkt\/expresni-doruceni-pohybove-cidlo-b-e-g-pd3n-1c-fc-360deg-barva-bila-vestavne-ip23-92196-4371\/\" \/>\n<meta property=\"og:image\" content=\"https:\/\/www.koupelnapro.com\/wp-content\/uploads\/2026\/SK0003442-CZ20260425-091623-0-1777079785-pohybove-cidlo-b-e-g-pd3n-1c-fc-360-barva-bila-vestavne-ip2.webp\" \/>\n\t<meta property=\"og:image:width\" content=\"1000\" \/>\n\t<meta property=\"og:image:height\" content=\"525\" \/>\n\t<meta property=\"og:image:type\" content=\"image\/webp\" \/>\n<meta name=\"twitter:card\" content=\"summary_large_image\" \/>\n<meta name=\"twitter:label1\" content=\"Odhadovan\u00e1 doba \u010dten\u00ed\" \/>\n\t<meta name=\"twitter:data1\" content=\"2 minuty\" \/>\n<script type=\"application\/ld+json\" class=\"yoast-schema-graph\">{\"@context\":\"https:\/\/schema.org\",\"@graph\":[{\"@type\":\"WebPage\",\"@id\":\"https:\/\/www.koupelnapro.com\/index.php\/produkt\/expresni-doruceni-pohybove-cidlo-b-e-g-pd3n-1c-fc-360deg-barva-bila-vestavne-ip23-92196-4371\/\",\"url\":\"https:\/\/www.koupelnapro.com\/index.php\/produkt\/expresni-doruceni-pohybove-cidlo-b-e-g-pd3n-1c-fc-360deg-barva-bila-vestavne-ip23-92196-4371\/\",\"name\":\"Expresn\u00ed Doru\u010den\u00ed Pohybov\u00e9 \u010didlo B.E.G PD3N-1C-FC 360\u00b0 barva b\u00edl\u00e1 vestavn\u00e9 IP23 \/92196\/ -\",\"isPartOf\":{\"@id\":\"https:\/\/www.koupelnapro.com\/#website\"},\"primaryImageOfPage\":{\"@id\":\"https:\/\/www.koupelnapro.com\/index.php\/produkt\/expresni-doruceni-pohybove-cidlo-b-e-g-pd3n-1c-fc-360deg-barva-bila-vestavne-ip23-92196-4371\/#primaryimage\"},\"image\":{\"@id\":\"https:\/\/www.koupelnapro.com\/index.php\/produkt\/expresni-doruceni-pohybove-cidlo-b-e-g-pd3n-1c-fc-360deg-barva-bila-vestavne-ip23-92196-4371\/#primaryimage\"},\"thumbnailUrl\":\"https:\/\/www.koupelnapro.com\/wp-content\/uploads\/2026\/SK0003442-CZ20260425-091623-0-1777079785-pohybove-cidlo-b-e-g-pd3n-1c-fc-360-barva-bila-vestavne-ip2.webp\",\"datePublished\":\"2026-04-26T09:13:08+00:00\",\"breadcrumb\":{\"@id\":\"https:\/\/www.koupelnapro.com\/index.php\/produkt\/expresni-doruceni-pohybove-cidlo-b-e-g-pd3n-1c-fc-360deg-barva-bila-vestavne-ip23-92196-4371\/#breadcrumb\"},\"inLanguage\":\"cs\",\"potentialAction\":[{\"@type\":\"ReadAction\",\"target\":[\"https:\/\/www.koupelnapro.com\/index.php\/produkt\/expresni-doruceni-pohybove-cidlo-b-e-g-pd3n-1c-fc-360deg-barva-bila-vestavne-ip23-92196-4371\/\"]}]},{\"@type\":\"ImageObject\",\"inLanguage\":\"cs\",\"@id\":\"https:\/\/www.koupelnapro.com\/index.php\/produkt\/expresni-doruceni-pohybove-cidlo-b-e-g-pd3n-1c-fc-360deg-barva-bila-vestavne-ip23-92196-4371\/#primaryimage\",\"url\":\"https:\/\/www.koupelnapro.com\/wp-content\/uploads\/2026\/SK0003442-CZ20260425-091623-0-1777079785-pohybove-cidlo-b-e-g-pd3n-1c-fc-360-barva-bila-vestavne-ip2.webp\",\"contentUrl\":\"https:\/\/www.koupelnapro.com\/wp-content\/uploads\/2026\/SK0003442-CZ20260425-091623-0-1777079785-pohybove-cidlo-b-e-g-pd3n-1c-fc-360-barva-bila-vestavne-ip2.webp\",\"width\":1000,\"height\":525},{\"@type\":\"BreadcrumbList\",\"@id\":\"https:\/\/www.koupelnapro.com\/index.php\/produkt\/expresni-doruceni-pohybove-cidlo-b-e-g-pd3n-1c-fc-360deg-barva-bila-vestavne-ip23-92196-4371\/#breadcrumb\",\"itemListElement\":[{\"@type\":\"ListItem\",\"position\":1,\"name\":\"Home\",\"item\":\"https:\/\/www.koupelnapro.com\/\"},{\"@type\":\"ListItem\",\"position\":2,\"name\":\"Products\",\"item\":\"https:\/\/www.koupelnapro.com\/index.php\/products\/\"},{\"@type\":\"ListItem\",\"position\":3,\"name\":\"Expresn\u00ed Doru\u010den\u00ed Pohybov\u00e9 \u010didlo B.E.G PD3N-1C-FC 360\u00b0 barva b\u00edl\u00e1 vestavn\u00e9 IP23 \/92196\/\"}]},{\"@type\":\"WebSite\",\"@id\":\"https:\/\/www.koupelnapro.com\/#website\",\"url\":\"https:\/\/www.koupelnapro.com\/\",\"name\":\"\",\"description\":\"\",\"potentialAction\":[{\"@type\":\"SearchAction\",\"target\":{\"@type\":\"EntryPoint\",\"urlTemplate\":\"https:\/\/www.koupelnapro.com\/?s={search_term_string}\"},\"query-input\":{\"@type\":\"PropertyValueSpecification\",\"valueRequired\":true,\"valueName\":\"search_term_string\"}}],\"inLanguage\":\"cs\"}]}<\/script>\n<!-- \/ Yoast SEO plugin. -->","yoast_head_json":{"title":"Expresn\u00ed Doru\u010den\u00ed Pohybov\u00e9 \u010didlo B.E.G PD3N-1C-FC 360\u00b0 barva b\u00edl\u00e1 vestavn\u00e9 IP23 \/92196\/ -","robots":{"index":"index","follow":"follow","max-snippet":"max-snippet:-1","max-image-preview":"max-image-preview:large","max-video-preview":"max-video-preview:-1"},"canonical":"https:\/\/www.koupelnapro.com\/index.php\/produkt\/expresni-doruceni-pohybove-cidlo-b-e-g-pd3n-1c-fc-360deg-barva-bila-vestavne-ip23-92196-4371\/","og_locale":"cs_CZ","og_type":"article","og_title":"Expresn\u00ed Doru\u010den\u00ed Pohybov\u00e9 \u010didlo B.E.G PD3N-1C-FC 360\u00b0 barva b\u00edl\u00e1 vestavn\u00e9 IP23 \/92196\/ -","og_description":"\u010cidlo B.E.G PD3N-1C-FC\u00a0360\u00b0barva b\u00edl\u00e1 vestavn\u00e9\u00a0IP23\u00a0\/92196\/ PIR &#8211; Kvalitn\u00ed detektor stropn\u00ed vestavn\u00fd, \u010didlo, senzor pohybu pro osv\u011btlen\u00ed jednoz\u00f3nov\u00fd sp\u00ednan\u00fd, kruhov\u00e1 charakteristika 360\u00b0, d=10m, 2,3kW, 15s-30min, 10-2000Lx, 230V, IP23, d=83mm, h=81mm, vhodn\u00fd i pro sp\u00edn\u00e1n\u00ed mal\u00fdch p\u0159\u00edkon\u016f \u00a0 Dal\u0161\u00ed specifikace: Pou\u017eit\u00ed: Pro automatick\u00e9 sp\u00edn\u00e1n\u00ed osv\u011btlen\u00ed v z\u00e1vislosti na p\u0159\u00edtomnosti, intenzit\u011b okoln\u00edho osv\u011btlen\u00ed, pou\u017eit\u00ed v kancel\u00e1\u0159\u00edch, d\u00edln\u00e1ch, \u0161kole, [&hellip;]","og_url":"https:\/\/www.koupelnapro.com\/index.php\/produkt\/expresni-doruceni-pohybove-cidlo-b-e-g-pd3n-1c-fc-360deg-barva-bila-vestavne-ip23-92196-4371\/","og_image":[{"width":1000,"height":525,"url":"https:\/\/www.koupelnapro.com\/wp-content\/uploads\/2026\/SK0003442-CZ20260425-091623-0-1777079785-pohybove-cidlo-b-e-g-pd3n-1c-fc-360-barva-bila-vestavne-ip2.webp","type":"image\/webp"}],"twitter_card":"summary_large_image","twitter_misc":{"Odhadovan\u00e1 doba \u010dten\u00ed":"2 minuty"},"schema":{"@context":"https:\/\/schema.org","@graph":[{"@type":"WebPage","@id":"https:\/\/www.koupelnapro.com\/index.php\/produkt\/expresni-doruceni-pohybove-cidlo-b-e-g-pd3n-1c-fc-360deg-barva-bila-vestavne-ip23-92196-4371\/","url":"https:\/\/www.koupelnapro.com\/index.php\/produkt\/expresni-doruceni-pohybove-cidlo-b-e-g-pd3n-1c-fc-360deg-barva-bila-vestavne-ip23-92196-4371\/","name":"Expresn\u00ed Doru\u010den\u00ed Pohybov\u00e9 \u010didlo B.E.G PD3N-1C-FC 360\u00b0 barva b\u00edl\u00e1 vestavn\u00e9 IP23 \/92196\/ -","isPartOf":{"@id":"https:\/\/www.koupelnapro.com\/#website"},"primaryImageOfPage":{"@id":"https:\/\/www.koupelnapro.com\/index.php\/produkt\/expresni-doruceni-pohybove-cidlo-b-e-g-pd3n-1c-fc-360deg-barva-bila-vestavne-ip23-92196-4371\/#primaryimage"},"image":{"@id":"https:\/\/www.koupelnapro.com\/index.php\/produkt\/expresni-doruceni-pohybove-cidlo-b-e-g-pd3n-1c-fc-360deg-barva-bila-vestavne-ip23-92196-4371\/#primaryimage"},"thumbnailUrl":"https:\/\/www.koupelnapro.com\/wp-content\/uploads\/2026\/SK0003442-CZ20260425-091623-0-1777079785-pohybove-cidlo-b-e-g-pd3n-1c-fc-360-barva-bila-vestavne-ip2.webp","datePublished":"2026-04-26T09:13:08+00:00","breadcrumb":{"@id":"https:\/\/www.koupelnapro.com\/index.php\/produkt\/expresni-doruceni-pohybove-cidlo-b-e-g-pd3n-1c-fc-360deg-barva-bila-vestavne-ip23-92196-4371\/#breadcrumb"},"inLanguage":"cs","potentialAction":[{"@type":"ReadAction","target":["https:\/\/www.koupelnapro.com\/index.php\/produkt\/expresni-doruceni-pohybove-cidlo-b-e-g-pd3n-1c-fc-360deg-barva-bila-vestavne-ip23-92196-4371\/"]}]},{"@type":"ImageObject","inLanguage":"cs","@id":"https:\/\/www.koupelnapro.com\/index.php\/produkt\/expresni-doruceni-pohybove-cidlo-b-e-g-pd3n-1c-fc-360deg-barva-bila-vestavne-ip23-92196-4371\/#primaryimage","url":"https:\/\/www.koupelnapro.com\/wp-content\/uploads\/2026\/SK0003442-CZ20260425-091623-0-1777079785-pohybove-cidlo-b-e-g-pd3n-1c-fc-360-barva-bila-vestavne-ip2.webp","contentUrl":"https:\/\/www.koupelnapro.com\/wp-content\/uploads\/2026\/SK0003442-CZ20260425-091623-0-1777079785-pohybove-cidlo-b-e-g-pd3n-1c-fc-360-barva-bila-vestavne-ip2.webp","width":1000,"height":525},{"@type":"BreadcrumbList","@id":"https:\/\/www.koupelnapro.com\/index.php\/produkt\/expresni-doruceni-pohybove-cidlo-b-e-g-pd3n-1c-fc-360deg-barva-bila-vestavne-ip23-92196-4371\/#breadcrumb","itemListElement":[{"@type":"ListItem","position":1,"name":"Home","item":"https:\/\/www.koupelnapro.com\/"},{"@type":"ListItem","position":2,"name":"Products","item":"https:\/\/www.koupelnapro.com\/index.php\/products\/"},{"@type":"ListItem","position":3,"name":"Expresn\u00ed Doru\u010den\u00ed Pohybov\u00e9 \u010didlo B.E.G PD3N-1C-FC 360\u00b0 barva b\u00edl\u00e1 vestavn\u00e9 IP23 \/92196\/"}]},{"@type":"WebSite","@id":"https:\/\/www.koupelnapro.com\/#website","url":"https:\/\/www.koupelnapro.com\/","name":"","description":"","potentialAction":[{"@type":"SearchAction","target":{"@type":"EntryPoint","urlTemplate":"https:\/\/www.koupelnapro.com\/?s={search_term_string}"},"query-input":{"@type":"PropertyValueSpecification","valueRequired":true,"valueName":"search_term_string"}}],"inLanguage":"cs"}]}},"_links":{"self":[{"href":"https:\/\/www.koupelnapro.com\/index.php\/wp-json\/wp\/v2\/product\/4371","targetHints":{"allow":["GET"]}}],"collection":[{"href":"https:\/\/www.koupelnapro.com\/index.php\/wp-json\/wp\/v2\/product"}],"about":[{"href":"https:\/\/www.koupelnapro.com\/index.php\/wp-json\/wp\/v2\/types\/product"}],"replies":[{"embeddable":true,"href":"https:\/\/www.koupelnapro.com\/index.php\/wp-json\/wp\/v2\/comments?post=4371"}],"wp:featuredmedia":[{"embeddable":true,"href":"https:\/\/www.koupelnapro.com\/index.php\/wp-json\/wp\/v2\/media\/4471"}],"wp:attachment":[{"href":"https:\/\/www.koupelnapro.com\/index.php\/wp-json\/wp\/v2\/media?parent=4371"}],"wp:term":[{"taxonomy":"product_brand","embeddable":true,"href":"https:\/\/www.koupelnapro.com\/index.php\/wp-json\/wp\/v2\/product_brand?post=4371"},{"taxonomy":"product_cat","embeddable":true,"href":"https:\/\/www.koupelnapro.com\/index.php\/wp-json\/wp\/v2\/product_cat?post=4371"},{"taxonomy":"product_tag","embeddable":true,"href":"https:\/\/www.koupelnapro.com\/index.php\/wp-json\/wp\/v2\/product_tag?post=4371"}],"curies":[{"name":"wp","href":"https:\/\/api.w.org\/{rel}","templated":true}]}}