{"id":43176,"date":"2026-04-26T09:16:12","date_gmt":"2026-04-26T09:16:12","guid":{"rendered":""},"modified":"2026-04-26T09:16:12","modified_gmt":"2026-04-26T09:16:12","slug":"vanova-souprava-maxmax-rea-riven-zlata-cenovy-hit-43176","status":"publish","type":"product","link":"https:\/\/www.koupelnapro.com\/index.php\/produkt\/vanova-souprava-maxmax-rea-riven-zlata-cenovy-hit-43176\/","title":{"rendered":"Vanov\u00e1 souprava MAXMAX Rea RIVEN &#8211; zlat\u00e1 Cenov\u00fd Hit"},"content":{"rendered":"<div class=\"tabs__content-outer\" id=\"tab_description\" data-hash=\"description\" data-tabindex=\"-1\">\n<div class=\"tabs__content toggle_description\" id=\"content_description\">\n<div class=\"wysiwyg-content\">\n<div class=\"product__tab product__description full-width\">\n<div class=\"container\">\n<div >\n<h3>Vanov\u00e1 souprava MAXMAX Rea RIVEN &#8211; zlat\u00e1<\/h3>\n<p><span>T\u011blo modern\u00ed\u00a0<strong>vodovodn\u00ed baterie\u00a0<\/strong>je vyrobeno z mosazi, kter\u00e9 je pokryto vrstvou zlat\u00e9 leskl\u00e9 barvy.\u00a0<\/span><span>Tato technika chr\u00e1n\u00ed baterii p\u0159ed po\u0161kr\u00e1b\u00e1n\u00edm a koroz\u00ed.\u00a0<strong>Baterie<\/strong>\u00a0se hod\u00ed do ka\u017ed\u00e9 koupelny a lze ji bez probl\u00e9mu kombinovat s keramikou i sklem. Syst\u00e9m uvnit\u0159 baterie efektivn\u011b provzdu\u0161\u0148uje vodu, co\u017e p\u0159in\u00e1\u0161\u00ed ni\u017e\u0161\u00ed spot\u0159ebu. Dod\u00e1v\u00e1no s hadic\u00ed<\/span><span>, t\u011bsn\u011bn\u00edm a mont\u00e1\u017en\u00edm p\u0159\u00edslu\u0161enstv\u00edm.<\/span><\/p>\n<p><span><span><strong>Souprava obsahuje:<\/strong><\/span><\/span><\/p>\n<ul>\n<li><span>vanov\u00fd v\u00fdtok\u00a0<\/span><\/li>\n<li><span>ovl\u00e1dac\u00ed prvek\u00a0<\/span><\/li>\n<li><span>ru\u010dn\u00ed sprchov\u00e1 hlavice\u00a0<\/span><\/li>\n<li><span>hadice\u00a0<\/span><\/li>\n<li><span>mont\u00e1\u017en\u00ed p\u0159\u00edslu\u0161enstv\u00ed\u00a0<\/span><\/li>\n<\/ul>\n<p><span>Mont\u00e1\u017en\u00ed n\u00e1vod ke sta\u017een\u00ed ZDE<\/span><\/p>\n<\/div><\/div>\n<\/p><\/div>\n<\/p><\/div>\n<\/p><\/div>\n","protected":false},"excerpt":{"rendered":"<p>Vanov\u00e1 souprava MAXMAX Rea RIVEN &#8211; zlat\u00e1 T\u011blo modern\u00ed\u00a0vodovodn\u00ed baterie\u00a0je vyrobeno z mosazi, kter\u00e9 je pokryto vrstvou zlat\u00e9 leskl\u00e9 barvy.\u00a0Tato technika chr\u00e1n\u00ed baterii p\u0159ed po\u0161kr\u00e1b\u00e1n\u00edm a koroz\u00ed.\u00a0Baterie\u00a0se hod\u00ed do ka\u017ed\u00e9 koupelny a lze ji bez probl\u00e9mu kombinovat s keramikou i sklem. Syst\u00e9m uvnit\u0159 baterie efektivn\u011b provzdu\u0161\u0148uje vodu, co\u017e p\u0159in\u00e1\u0161\u00ed ni\u017e\u0161\u00ed spot\u0159ebu. Dod\u00e1v\u00e1no s hadic\u00ed, t\u011bsn\u011bn\u00edm [&hellip;]<\/p>\n","protected":false},"featured_media":43276,"comment_status":"open","ping_status":"open","template":"","meta":[],"product_brand":[],"product_cat":[152],"product_tag":[],"class_list":{"0":"post-43176","1":"product","2":"type-product","3":"status-publish","4":"has-post-thumbnail","6":"product_cat-koupelna","8":"first","9":"instock","10":"sale","11":"shipping-taxable","12":"purchasable","13":"product-type-simple"},"yoast_head":"<!-- This site is optimized with the Yoast SEO plugin v26.8 - https:\/\/yoast.com\/product\/yoast-seo-wordpress\/ -->\n<title>Vanov\u00e1 souprava MAXMAX Rea RIVEN - zlat\u00e1 Cenov\u00fd Hit -<\/title>\n<meta name=\"robots\" content=\"index, follow, max-snippet:-1, max-image-preview:large, max-video-preview:-1\" \/>\n<link rel=\"canonical\" href=\"https:\/\/www.koupelnapro.com\/index.php\/produkt\/vanova-souprava-maxmax-rea-riven-zlata-cenovy-hit-43176\/\" \/>\n<meta property=\"og:locale\" content=\"cs_CZ\" \/>\n<meta property=\"og:type\" content=\"article\" \/>\n<meta property=\"og:title\" content=\"Vanov\u00e1 souprava MAXMAX Rea RIVEN - zlat\u00e1 Cenov\u00fd Hit -\" \/>\n<meta property=\"og:description\" content=\"Vanov\u00e1 souprava MAXMAX Rea RIVEN &#8211; zlat\u00e1 T\u011blo modern\u00ed\u00a0vodovodn\u00ed baterie\u00a0je vyrobeno z mosazi, kter\u00e9 je pokryto vrstvou zlat\u00e9 leskl\u00e9 barvy.\u00a0Tato technika chr\u00e1n\u00ed baterii p\u0159ed po\u0161kr\u00e1b\u00e1n\u00edm a koroz\u00ed.\u00a0Baterie\u00a0se hod\u00ed do ka\u017ed\u00e9 koupelny a lze ji bez probl\u00e9mu kombinovat s keramikou i sklem. Syst\u00e9m uvnit\u0159 baterie efektivn\u011b provzdu\u0161\u0148uje vodu, co\u017e p\u0159in\u00e1\u0161\u00ed ni\u017e\u0161\u00ed spot\u0159ebu. Dod\u00e1v\u00e1no s hadic\u00ed, t\u011bsn\u011bn\u00edm [&hellip;]\" \/>\n<meta property=\"og:url\" content=\"https:\/\/www.koupelnapro.com\/index.php\/produkt\/vanova-souprava-maxmax-rea-riven-zlata-cenovy-hit-43176\/\" \/>\n<meta property=\"og:image\" content=\"https:\/\/www.koupelnapro.com\/wp-content\/uploads\/2026\/SK0002699-CZ20260425-093041-0-1777080643-vanova-souprava-maxmax-rea-riven-zlata.webp\" \/>\n\t<meta property=\"og:image:width\" content=\"1000\" \/>\n\t<meta property=\"og:image:height\" content=\"667\" \/>\n\t<meta property=\"og:image:type\" content=\"image\/webp\" \/>\n<meta name=\"twitter:card\" content=\"summary_large_image\" \/>\n<meta name=\"twitter:label1\" content=\"Odhadovan\u00e1 doba \u010dten\u00ed\" \/>\n\t<meta name=\"twitter:data1\" content=\"1 minuta\" \/>\n<script type=\"application\/ld+json\" class=\"yoast-schema-graph\">{\"@context\":\"https:\/\/schema.org\",\"@graph\":[{\"@type\":\"WebPage\",\"@id\":\"https:\/\/www.koupelnapro.com\/index.php\/produkt\/vanova-souprava-maxmax-rea-riven-zlata-cenovy-hit-43176\/\",\"url\":\"https:\/\/www.koupelnapro.com\/index.php\/produkt\/vanova-souprava-maxmax-rea-riven-zlata-cenovy-hit-43176\/\",\"name\":\"Vanov\u00e1 souprava MAXMAX Rea RIVEN - zlat\u00e1 Cenov\u00fd Hit -\",\"isPartOf\":{\"@id\":\"https:\/\/www.koupelnapro.com\/#website\"},\"primaryImageOfPage\":{\"@id\":\"https:\/\/www.koupelnapro.com\/index.php\/produkt\/vanova-souprava-maxmax-rea-riven-zlata-cenovy-hit-43176\/#primaryimage\"},\"image\":{\"@id\":\"https:\/\/www.koupelnapro.com\/index.php\/produkt\/vanova-souprava-maxmax-rea-riven-zlata-cenovy-hit-43176\/#primaryimage\"},\"thumbnailUrl\":\"https:\/\/www.koupelnapro.com\/wp-content\/uploads\/2026\/SK0002699-CZ20260425-093041-0-1777080643-vanova-souprava-maxmax-rea-riven-zlata.webp\",\"datePublished\":\"2026-04-26T09:16:12+00:00\",\"breadcrumb\":{\"@id\":\"https:\/\/www.koupelnapro.com\/index.php\/produkt\/vanova-souprava-maxmax-rea-riven-zlata-cenovy-hit-43176\/#breadcrumb\"},\"inLanguage\":\"cs\",\"potentialAction\":[{\"@type\":\"ReadAction\",\"target\":[\"https:\/\/www.koupelnapro.com\/index.php\/produkt\/vanova-souprava-maxmax-rea-riven-zlata-cenovy-hit-43176\/\"]}]},{\"@type\":\"ImageObject\",\"inLanguage\":\"cs\",\"@id\":\"https:\/\/www.koupelnapro.com\/index.php\/produkt\/vanova-souprava-maxmax-rea-riven-zlata-cenovy-hit-43176\/#primaryimage\",\"url\":\"https:\/\/www.koupelnapro.com\/wp-content\/uploads\/2026\/SK0002699-CZ20260425-093041-0-1777080643-vanova-souprava-maxmax-rea-riven-zlata.webp\",\"contentUrl\":\"https:\/\/www.koupelnapro.com\/wp-content\/uploads\/2026\/SK0002699-CZ20260425-093041-0-1777080643-vanova-souprava-maxmax-rea-riven-zlata.webp\",\"width\":1000,\"height\":667},{\"@type\":\"BreadcrumbList\",\"@id\":\"https:\/\/www.koupelnapro.com\/index.php\/produkt\/vanova-souprava-maxmax-rea-riven-zlata-cenovy-hit-43176\/#breadcrumb\",\"itemListElement\":[{\"@type\":\"ListItem\",\"position\":1,\"name\":\"Home\",\"item\":\"https:\/\/www.koupelnapro.com\/\"},{\"@type\":\"ListItem\",\"position\":2,\"name\":\"Products\",\"item\":\"https:\/\/www.koupelnapro.com\/index.php\/products\/\"},{\"@type\":\"ListItem\",\"position\":3,\"name\":\"Vanov\u00e1 souprava MAXMAX Rea RIVEN &#8211; zlat\u00e1 Cenov\u00fd Hit\"}]},{\"@type\":\"WebSite\",\"@id\":\"https:\/\/www.koupelnapro.com\/#website\",\"url\":\"https:\/\/www.koupelnapro.com\/\",\"name\":\"\",\"description\":\"\",\"potentialAction\":[{\"@type\":\"SearchAction\",\"target\":{\"@type\":\"EntryPoint\",\"urlTemplate\":\"https:\/\/www.koupelnapro.com\/?s={search_term_string}\"},\"query-input\":{\"@type\":\"PropertyValueSpecification\",\"valueRequired\":true,\"valueName\":\"search_term_string\"}}],\"inLanguage\":\"cs\"}]}<\/script>\n<!-- \/ Yoast SEO plugin. -->","yoast_head_json":{"title":"Vanov\u00e1 souprava MAXMAX Rea RIVEN - zlat\u00e1 Cenov\u00fd Hit -","robots":{"index":"index","follow":"follow","max-snippet":"max-snippet:-1","max-image-preview":"max-image-preview:large","max-video-preview":"max-video-preview:-1"},"canonical":"https:\/\/www.koupelnapro.com\/index.php\/produkt\/vanova-souprava-maxmax-rea-riven-zlata-cenovy-hit-43176\/","og_locale":"cs_CZ","og_type":"article","og_title":"Vanov\u00e1 souprava MAXMAX Rea RIVEN - zlat\u00e1 Cenov\u00fd Hit -","og_description":"Vanov\u00e1 souprava MAXMAX Rea RIVEN &#8211; zlat\u00e1 T\u011blo modern\u00ed\u00a0vodovodn\u00ed baterie\u00a0je vyrobeno z mosazi, kter\u00e9 je pokryto vrstvou zlat\u00e9 leskl\u00e9 barvy.\u00a0Tato technika chr\u00e1n\u00ed baterii p\u0159ed po\u0161kr\u00e1b\u00e1n\u00edm a koroz\u00ed.\u00a0Baterie\u00a0se hod\u00ed do ka\u017ed\u00e9 koupelny a lze ji bez probl\u00e9mu kombinovat s keramikou i sklem. Syst\u00e9m uvnit\u0159 baterie efektivn\u011b provzdu\u0161\u0148uje vodu, co\u017e p\u0159in\u00e1\u0161\u00ed ni\u017e\u0161\u00ed spot\u0159ebu. Dod\u00e1v\u00e1no s hadic\u00ed, t\u011bsn\u011bn\u00edm [&hellip;]","og_url":"https:\/\/www.koupelnapro.com\/index.php\/produkt\/vanova-souprava-maxmax-rea-riven-zlata-cenovy-hit-43176\/","og_image":[{"width":1000,"height":667,"url":"https:\/\/www.koupelnapro.com\/wp-content\/uploads\/2026\/SK0002699-CZ20260425-093041-0-1777080643-vanova-souprava-maxmax-rea-riven-zlata.webp","type":"image\/webp"}],"twitter_card":"summary_large_image","twitter_misc":{"Odhadovan\u00e1 doba \u010dten\u00ed":"1 minuta"},"schema":{"@context":"https:\/\/schema.org","@graph":[{"@type":"WebPage","@id":"https:\/\/www.koupelnapro.com\/index.php\/produkt\/vanova-souprava-maxmax-rea-riven-zlata-cenovy-hit-43176\/","url":"https:\/\/www.koupelnapro.com\/index.php\/produkt\/vanova-souprava-maxmax-rea-riven-zlata-cenovy-hit-43176\/","name":"Vanov\u00e1 souprava MAXMAX Rea RIVEN - zlat\u00e1 Cenov\u00fd Hit -","isPartOf":{"@id":"https:\/\/www.koupelnapro.com\/#website"},"primaryImageOfPage":{"@id":"https:\/\/www.koupelnapro.com\/index.php\/produkt\/vanova-souprava-maxmax-rea-riven-zlata-cenovy-hit-43176\/#primaryimage"},"image":{"@id":"https:\/\/www.koupelnapro.com\/index.php\/produkt\/vanova-souprava-maxmax-rea-riven-zlata-cenovy-hit-43176\/#primaryimage"},"thumbnailUrl":"https:\/\/www.koupelnapro.com\/wp-content\/uploads\/2026\/SK0002699-CZ20260425-093041-0-1777080643-vanova-souprava-maxmax-rea-riven-zlata.webp","datePublished":"2026-04-26T09:16:12+00:00","breadcrumb":{"@id":"https:\/\/www.koupelnapro.com\/index.php\/produkt\/vanova-souprava-maxmax-rea-riven-zlata-cenovy-hit-43176\/#breadcrumb"},"inLanguage":"cs","potentialAction":[{"@type":"ReadAction","target":["https:\/\/www.koupelnapro.com\/index.php\/produkt\/vanova-souprava-maxmax-rea-riven-zlata-cenovy-hit-43176\/"]}]},{"@type":"ImageObject","inLanguage":"cs","@id":"https:\/\/www.koupelnapro.com\/index.php\/produkt\/vanova-souprava-maxmax-rea-riven-zlata-cenovy-hit-43176\/#primaryimage","url":"https:\/\/www.koupelnapro.com\/wp-content\/uploads\/2026\/SK0002699-CZ20260425-093041-0-1777080643-vanova-souprava-maxmax-rea-riven-zlata.webp","contentUrl":"https:\/\/www.koupelnapro.com\/wp-content\/uploads\/2026\/SK0002699-CZ20260425-093041-0-1777080643-vanova-souprava-maxmax-rea-riven-zlata.webp","width":1000,"height":667},{"@type":"BreadcrumbList","@id":"https:\/\/www.koupelnapro.com\/index.php\/produkt\/vanova-souprava-maxmax-rea-riven-zlata-cenovy-hit-43176\/#breadcrumb","itemListElement":[{"@type":"ListItem","position":1,"name":"Home","item":"https:\/\/www.koupelnapro.com\/"},{"@type":"ListItem","position":2,"name":"Products","item":"https:\/\/www.koupelnapro.com\/index.php\/products\/"},{"@type":"ListItem","position":3,"name":"Vanov\u00e1 souprava MAXMAX Rea RIVEN &#8211; zlat\u00e1 Cenov\u00fd Hit"}]},{"@type":"WebSite","@id":"https:\/\/www.koupelnapro.com\/#website","url":"https:\/\/www.koupelnapro.com\/","name":"","description":"","potentialAction":[{"@type":"SearchAction","target":{"@type":"EntryPoint","urlTemplate":"https:\/\/www.koupelnapro.com\/?s={search_term_string}"},"query-input":{"@type":"PropertyValueSpecification","valueRequired":true,"valueName":"search_term_string"}}],"inLanguage":"cs"}]}},"_links":{"self":[{"href":"https:\/\/www.koupelnapro.com\/index.php\/wp-json\/wp\/v2\/product\/43176","targetHints":{"allow":["GET"]}}],"collection":[{"href":"https:\/\/www.koupelnapro.com\/index.php\/wp-json\/wp\/v2\/product"}],"about":[{"href":"https:\/\/www.koupelnapro.com\/index.php\/wp-json\/wp\/v2\/types\/product"}],"replies":[{"embeddable":true,"href":"https:\/\/www.koupelnapro.com\/index.php\/wp-json\/wp\/v2\/comments?post=43176"}],"wp:featuredmedia":[{"embeddable":true,"href":"https:\/\/www.koupelnapro.com\/index.php\/wp-json\/wp\/v2\/media\/43276"}],"wp:attachment":[{"href":"https:\/\/www.koupelnapro.com\/index.php\/wp-json\/wp\/v2\/media?parent=43176"}],"wp:term":[{"taxonomy":"product_brand","embeddable":true,"href":"https:\/\/www.koupelnapro.com\/index.php\/wp-json\/wp\/v2\/product_brand?post=43176"},{"taxonomy":"product_cat","embeddable":true,"href":"https:\/\/www.koupelnapro.com\/index.php\/wp-json\/wp\/v2\/product_cat?post=43176"},{"taxonomy":"product_tag","embeddable":true,"href":"https:\/\/www.koupelnapro.com\/index.php\/wp-json\/wp\/v2\/product_tag?post=43176"}],"curies":[{"name":"wp","href":"https:\/\/api.w.org\/{rel}","templated":true}]}}