{"id":43174,"date":"2026-04-26T09:16:12","date_gmt":"2026-04-26T09:16:12","guid":{"rendered":""},"modified":"2026-04-26T09:16:12","modified_gmt":"2026-04-26T09:16:12","slug":"nakupujte-hned-dvojity-koupelnovy-vesak-na-rucniky-mexen-remo-chromovy-70507352-00-43174","status":"publish","type":"product","link":"https:\/\/www.koupelnapro.com\/index.php\/produkt\/nakupujte-hned-dvojity-koupelnovy-vesak-na-rucniky-mexen-remo-chromovy-70507352-00-43174\/","title":{"rendered":"Nakupujte Hned Dvojit\u00fd koupelnov\u00fd v\u011b\u0161\u00e1k na ru\u010dn\u00edky MEXEN REMO &#8211; chromov\u00fd, 70507352-00"},"content":{"rendered":"<div class=\"tabs__content-outer\" id=\"tab_description\" data-hash=\"description\" data-tabindex=\"-1\">\n<div class=\"tabs__content toggle_description\" id=\"content_description\">\n<div class=\"wysiwyg-content\">\n<div class=\"product__tab product__description full-width\">\n<div class=\"container\">\n<div >\n<h3>Dvojit\u00fd koupelnov\u00fd v\u011b\u0161\u00e1k na ru\u010dn\u00edky REMO &#8211; chromov\u00fd<\/h3>\n<p>Modern\u00ed a jednoduch\u00fd n\u00e1st\u011bnn\u00fd v\u011b\u0161\u00e1k na ru\u010dn\u00edky se 2 h\u00e1\u010dky.\u00a0<span>Dr\u017e\u00e1k d\u00edky modern\u00edmu designu dokonale lad\u00ed s jak\u00fdmkoli stylem koupelny.<\/span><\/p>\n<p><strong>Parametry:\u00a0<\/strong><\/p>\n<ul>\n<li><span>materi\u00e1l: kov\u00a0<\/span><\/li>\n<li>barva: chromov\u00e1\u00a0<\/li>\n<li>\u0161\u00ed\u0159ka: 90 mm\u00a0<\/li>\n<li>v\u00fd\u0161ka: 52 mm\u00a0<\/li>\n<li>hloubka: 45 mm\u00a0<\/li>\n<\/ul>\n<\/div><\/div>\n<\/p><\/div>\n<\/p><\/div>\n<\/p><\/div>\n","protected":false},"excerpt":{"rendered":"<p>Dvojit\u00fd koupelnov\u00fd v\u011b\u0161\u00e1k na ru\u010dn\u00edky REMO &#8211; chromov\u00fd Modern\u00ed a jednoduch\u00fd n\u00e1st\u011bnn\u00fd v\u011b\u0161\u00e1k na ru\u010dn\u00edky se 2 h\u00e1\u010dky.\u00a0Dr\u017e\u00e1k d\u00edky modern\u00edmu designu dokonale lad\u00ed s jak\u00fdmkoli stylem koupelny. Parametry:\u00a0 materi\u00e1l: kov\u00a0 barva: chromov\u00e1\u00a0 \u0161\u00ed\u0159ka: 90 mm\u00a0 v\u00fd\u0161ka: 52 mm\u00a0 hloubka: 45 mm\u00a0<\/p>\n","protected":false},"featured_media":43274,"comment_status":"open","ping_status":"open","template":"","meta":[],"product_brand":[],"product_cat":[152],"product_tag":[],"class_list":{"0":"post-43174","1":"product","2":"type-product","3":"status-publish","4":"has-post-thumbnail","6":"product_cat-koupelna","8":"first","9":"instock","10":"sale","11":"shipping-taxable","12":"purchasable","13":"product-type-simple"},"yoast_head":"<!-- This site is optimized with the Yoast SEO plugin v26.8 - https:\/\/yoast.com\/product\/yoast-seo-wordpress\/ -->\n<title>Nakupujte Hned Dvojit\u00fd koupelnov\u00fd v\u011b\u0161\u00e1k na ru\u010dn\u00edky MEXEN REMO - chromov\u00fd, 70507352-00 -<\/title>\n<meta name=\"robots\" content=\"index, follow, max-snippet:-1, max-image-preview:large, max-video-preview:-1\" \/>\n<link rel=\"canonical\" href=\"https:\/\/www.koupelnapro.com\/index.php\/produkt\/nakupujte-hned-dvojity-koupelnovy-vesak-na-rucniky-mexen-remo-chromovy-70507352-00-43174\/\" \/>\n<meta property=\"og:locale\" content=\"cs_CZ\" \/>\n<meta property=\"og:type\" content=\"article\" \/>\n<meta property=\"og:title\" content=\"Nakupujte Hned Dvojit\u00fd koupelnov\u00fd v\u011b\u0161\u00e1k na ru\u010dn\u00edky MEXEN REMO - chromov\u00fd, 70507352-00 -\" \/>\n<meta property=\"og:description\" content=\"Dvojit\u00fd koupelnov\u00fd v\u011b\u0161\u00e1k na ru\u010dn\u00edky REMO &#8211; chromov\u00fd Modern\u00ed a jednoduch\u00fd n\u00e1st\u011bnn\u00fd v\u011b\u0161\u00e1k na ru\u010dn\u00edky se 2 h\u00e1\u010dky.\u00a0Dr\u017e\u00e1k d\u00edky modern\u00edmu designu dokonale lad\u00ed s jak\u00fdmkoli stylem koupelny. Parametry:\u00a0 materi\u00e1l: kov\u00a0 barva: chromov\u00e1\u00a0 \u0161\u00ed\u0159ka: 90 mm\u00a0 v\u00fd\u0161ka: 52 mm\u00a0 hloubka: 45 mm\u00a0\" \/>\n<meta property=\"og:url\" content=\"https:\/\/www.koupelnapro.com\/index.php\/produkt\/nakupujte-hned-dvojity-koupelnovy-vesak-na-rucniky-mexen-remo-chromovy-70507352-00-43174\/\" \/>\n<meta property=\"og:image\" content=\"https:\/\/www.koupelnapro.com\/wp-content\/uploads\/2026\/SK0002697-CZ20260425-093041-0-1777080643-dvojity-koupelnovy-vesak-na-rucniky-mexen-remo-chromovy.webp\" \/>\n\t<meta property=\"og:image:width\" content=\"800\" \/>\n\t<meta property=\"og:image:height\" content=\"800\" \/>\n\t<meta property=\"og:image:type\" content=\"image\/webp\" \/>\n<meta name=\"twitter:card\" content=\"summary_large_image\" \/>\n<script type=\"application\/ld+json\" class=\"yoast-schema-graph\">{\"@context\":\"https:\/\/schema.org\",\"@graph\":[{\"@type\":\"WebPage\",\"@id\":\"https:\/\/www.koupelnapro.com\/index.php\/produkt\/nakupujte-hned-dvojity-koupelnovy-vesak-na-rucniky-mexen-remo-chromovy-70507352-00-43174\/\",\"url\":\"https:\/\/www.koupelnapro.com\/index.php\/produkt\/nakupujte-hned-dvojity-koupelnovy-vesak-na-rucniky-mexen-remo-chromovy-70507352-00-43174\/\",\"name\":\"Nakupujte Hned Dvojit\u00fd koupelnov\u00fd v\u011b\u0161\u00e1k na ru\u010dn\u00edky MEXEN REMO - chromov\u00fd, 70507352-00 -\",\"isPartOf\":{\"@id\":\"https:\/\/www.koupelnapro.com\/#website\"},\"primaryImageOfPage\":{\"@id\":\"https:\/\/www.koupelnapro.com\/index.php\/produkt\/nakupujte-hned-dvojity-koupelnovy-vesak-na-rucniky-mexen-remo-chromovy-70507352-00-43174\/#primaryimage\"},\"image\":{\"@id\":\"https:\/\/www.koupelnapro.com\/index.php\/produkt\/nakupujte-hned-dvojity-koupelnovy-vesak-na-rucniky-mexen-remo-chromovy-70507352-00-43174\/#primaryimage\"},\"thumbnailUrl\":\"https:\/\/www.koupelnapro.com\/wp-content\/uploads\/2026\/SK0002697-CZ20260425-093041-0-1777080643-dvojity-koupelnovy-vesak-na-rucniky-mexen-remo-chromovy.webp\",\"datePublished\":\"2026-04-26T09:16:12+00:00\",\"breadcrumb\":{\"@id\":\"https:\/\/www.koupelnapro.com\/index.php\/produkt\/nakupujte-hned-dvojity-koupelnovy-vesak-na-rucniky-mexen-remo-chromovy-70507352-00-43174\/#breadcrumb\"},\"inLanguage\":\"cs\",\"potentialAction\":[{\"@type\":\"ReadAction\",\"target\":[\"https:\/\/www.koupelnapro.com\/index.php\/produkt\/nakupujte-hned-dvojity-koupelnovy-vesak-na-rucniky-mexen-remo-chromovy-70507352-00-43174\/\"]}]},{\"@type\":\"ImageObject\",\"inLanguage\":\"cs\",\"@id\":\"https:\/\/www.koupelnapro.com\/index.php\/produkt\/nakupujte-hned-dvojity-koupelnovy-vesak-na-rucniky-mexen-remo-chromovy-70507352-00-43174\/#primaryimage\",\"url\":\"https:\/\/www.koupelnapro.com\/wp-content\/uploads\/2026\/SK0002697-CZ20260425-093041-0-1777080643-dvojity-koupelnovy-vesak-na-rucniky-mexen-remo-chromovy.webp\",\"contentUrl\":\"https:\/\/www.koupelnapro.com\/wp-content\/uploads\/2026\/SK0002697-CZ20260425-093041-0-1777080643-dvojity-koupelnovy-vesak-na-rucniky-mexen-remo-chromovy.webp\",\"width\":800,\"height\":800},{\"@type\":\"BreadcrumbList\",\"@id\":\"https:\/\/www.koupelnapro.com\/index.php\/produkt\/nakupujte-hned-dvojity-koupelnovy-vesak-na-rucniky-mexen-remo-chromovy-70507352-00-43174\/#breadcrumb\",\"itemListElement\":[{\"@type\":\"ListItem\",\"position\":1,\"name\":\"Home\",\"item\":\"https:\/\/www.koupelnapro.com\/\"},{\"@type\":\"ListItem\",\"position\":2,\"name\":\"Products\",\"item\":\"https:\/\/www.koupelnapro.com\/index.php\/products\/\"},{\"@type\":\"ListItem\",\"position\":3,\"name\":\"Nakupujte Hned Dvojit\u00fd koupelnov\u00fd v\u011b\u0161\u00e1k na ru\u010dn\u00edky MEXEN REMO &#8211; chromov\u00fd, 70507352-00\"}]},{\"@type\":\"WebSite\",\"@id\":\"https:\/\/www.koupelnapro.com\/#website\",\"url\":\"https:\/\/www.koupelnapro.com\/\",\"name\":\"\",\"description\":\"\",\"potentialAction\":[{\"@type\":\"SearchAction\",\"target\":{\"@type\":\"EntryPoint\",\"urlTemplate\":\"https:\/\/www.koupelnapro.com\/?s={search_term_string}\"},\"query-input\":{\"@type\":\"PropertyValueSpecification\",\"valueRequired\":true,\"valueName\":\"search_term_string\"}}],\"inLanguage\":\"cs\"}]}<\/script>\n<!-- \/ Yoast SEO plugin. -->","yoast_head_json":{"title":"Nakupujte Hned Dvojit\u00fd koupelnov\u00fd v\u011b\u0161\u00e1k na ru\u010dn\u00edky MEXEN REMO - chromov\u00fd, 70507352-00 -","robots":{"index":"index","follow":"follow","max-snippet":"max-snippet:-1","max-image-preview":"max-image-preview:large","max-video-preview":"max-video-preview:-1"},"canonical":"https:\/\/www.koupelnapro.com\/index.php\/produkt\/nakupujte-hned-dvojity-koupelnovy-vesak-na-rucniky-mexen-remo-chromovy-70507352-00-43174\/","og_locale":"cs_CZ","og_type":"article","og_title":"Nakupujte Hned Dvojit\u00fd koupelnov\u00fd v\u011b\u0161\u00e1k na ru\u010dn\u00edky MEXEN REMO - chromov\u00fd, 70507352-00 -","og_description":"Dvojit\u00fd koupelnov\u00fd v\u011b\u0161\u00e1k na ru\u010dn\u00edky REMO &#8211; chromov\u00fd Modern\u00ed a jednoduch\u00fd n\u00e1st\u011bnn\u00fd v\u011b\u0161\u00e1k na ru\u010dn\u00edky se 2 h\u00e1\u010dky.\u00a0Dr\u017e\u00e1k d\u00edky modern\u00edmu designu dokonale lad\u00ed s jak\u00fdmkoli stylem koupelny. Parametry:\u00a0 materi\u00e1l: kov\u00a0 barva: chromov\u00e1\u00a0 \u0161\u00ed\u0159ka: 90 mm\u00a0 v\u00fd\u0161ka: 52 mm\u00a0 hloubka: 45 mm\u00a0","og_url":"https:\/\/www.koupelnapro.com\/index.php\/produkt\/nakupujte-hned-dvojity-koupelnovy-vesak-na-rucniky-mexen-remo-chromovy-70507352-00-43174\/","og_image":[{"width":800,"height":800,"url":"https:\/\/www.koupelnapro.com\/wp-content\/uploads\/2026\/SK0002697-CZ20260425-093041-0-1777080643-dvojity-koupelnovy-vesak-na-rucniky-mexen-remo-chromovy.webp","type":"image\/webp"}],"twitter_card":"summary_large_image","schema":{"@context":"https:\/\/schema.org","@graph":[{"@type":"WebPage","@id":"https:\/\/www.koupelnapro.com\/index.php\/produkt\/nakupujte-hned-dvojity-koupelnovy-vesak-na-rucniky-mexen-remo-chromovy-70507352-00-43174\/","url":"https:\/\/www.koupelnapro.com\/index.php\/produkt\/nakupujte-hned-dvojity-koupelnovy-vesak-na-rucniky-mexen-remo-chromovy-70507352-00-43174\/","name":"Nakupujte Hned Dvojit\u00fd koupelnov\u00fd v\u011b\u0161\u00e1k na ru\u010dn\u00edky MEXEN REMO - chromov\u00fd, 70507352-00 -","isPartOf":{"@id":"https:\/\/www.koupelnapro.com\/#website"},"primaryImageOfPage":{"@id":"https:\/\/www.koupelnapro.com\/index.php\/produkt\/nakupujte-hned-dvojity-koupelnovy-vesak-na-rucniky-mexen-remo-chromovy-70507352-00-43174\/#primaryimage"},"image":{"@id":"https:\/\/www.koupelnapro.com\/index.php\/produkt\/nakupujte-hned-dvojity-koupelnovy-vesak-na-rucniky-mexen-remo-chromovy-70507352-00-43174\/#primaryimage"},"thumbnailUrl":"https:\/\/www.koupelnapro.com\/wp-content\/uploads\/2026\/SK0002697-CZ20260425-093041-0-1777080643-dvojity-koupelnovy-vesak-na-rucniky-mexen-remo-chromovy.webp","datePublished":"2026-04-26T09:16:12+00:00","breadcrumb":{"@id":"https:\/\/www.koupelnapro.com\/index.php\/produkt\/nakupujte-hned-dvojity-koupelnovy-vesak-na-rucniky-mexen-remo-chromovy-70507352-00-43174\/#breadcrumb"},"inLanguage":"cs","potentialAction":[{"@type":"ReadAction","target":["https:\/\/www.koupelnapro.com\/index.php\/produkt\/nakupujte-hned-dvojity-koupelnovy-vesak-na-rucniky-mexen-remo-chromovy-70507352-00-43174\/"]}]},{"@type":"ImageObject","inLanguage":"cs","@id":"https:\/\/www.koupelnapro.com\/index.php\/produkt\/nakupujte-hned-dvojity-koupelnovy-vesak-na-rucniky-mexen-remo-chromovy-70507352-00-43174\/#primaryimage","url":"https:\/\/www.koupelnapro.com\/wp-content\/uploads\/2026\/SK0002697-CZ20260425-093041-0-1777080643-dvojity-koupelnovy-vesak-na-rucniky-mexen-remo-chromovy.webp","contentUrl":"https:\/\/www.koupelnapro.com\/wp-content\/uploads\/2026\/SK0002697-CZ20260425-093041-0-1777080643-dvojity-koupelnovy-vesak-na-rucniky-mexen-remo-chromovy.webp","width":800,"height":800},{"@type":"BreadcrumbList","@id":"https:\/\/www.koupelnapro.com\/index.php\/produkt\/nakupujte-hned-dvojity-koupelnovy-vesak-na-rucniky-mexen-remo-chromovy-70507352-00-43174\/#breadcrumb","itemListElement":[{"@type":"ListItem","position":1,"name":"Home","item":"https:\/\/www.koupelnapro.com\/"},{"@type":"ListItem","position":2,"name":"Products","item":"https:\/\/www.koupelnapro.com\/index.php\/products\/"},{"@type":"ListItem","position":3,"name":"Nakupujte Hned Dvojit\u00fd koupelnov\u00fd v\u011b\u0161\u00e1k na ru\u010dn\u00edky MEXEN REMO &#8211; chromov\u00fd, 70507352-00"}]},{"@type":"WebSite","@id":"https:\/\/www.koupelnapro.com\/#website","url":"https:\/\/www.koupelnapro.com\/","name":"","description":"","potentialAction":[{"@type":"SearchAction","target":{"@type":"EntryPoint","urlTemplate":"https:\/\/www.koupelnapro.com\/?s={search_term_string}"},"query-input":{"@type":"PropertyValueSpecification","valueRequired":true,"valueName":"search_term_string"}}],"inLanguage":"cs"}]}},"_links":{"self":[{"href":"https:\/\/www.koupelnapro.com\/index.php\/wp-json\/wp\/v2\/product\/43174","targetHints":{"allow":["GET"]}}],"collection":[{"href":"https:\/\/www.koupelnapro.com\/index.php\/wp-json\/wp\/v2\/product"}],"about":[{"href":"https:\/\/www.koupelnapro.com\/index.php\/wp-json\/wp\/v2\/types\/product"}],"replies":[{"embeddable":true,"href":"https:\/\/www.koupelnapro.com\/index.php\/wp-json\/wp\/v2\/comments?post=43174"}],"wp:featuredmedia":[{"embeddable":true,"href":"https:\/\/www.koupelnapro.com\/index.php\/wp-json\/wp\/v2\/media\/43274"}],"wp:attachment":[{"href":"https:\/\/www.koupelnapro.com\/index.php\/wp-json\/wp\/v2\/media?parent=43174"}],"wp:term":[{"taxonomy":"product_brand","embeddable":true,"href":"https:\/\/www.koupelnapro.com\/index.php\/wp-json\/wp\/v2\/product_brand?post=43174"},{"taxonomy":"product_cat","embeddable":true,"href":"https:\/\/www.koupelnapro.com\/index.php\/wp-json\/wp\/v2\/product_cat?post=43174"},{"taxonomy":"product_tag","embeddable":true,"href":"https:\/\/www.koupelnapro.com\/index.php\/wp-json\/wp\/v2\/product_tag?post=43174"}],"curies":[{"name":"wp","href":"https:\/\/api.w.org\/{rel}","templated":true}]}}