{"id":43171,"date":"2026-04-26T09:16:12","date_gmt":"2026-04-26T09:16:12","guid":{"rendered":""},"modified":"2026-04-26T09:16:12","modified_gmt":"2026-04-26T09:16:12","slug":"posledni-sance-koupelnova-police-na-rucniky-mexen-asis-s-1-prickou-chromova-7017624-00-43171","status":"publish","type":"product","link":"https:\/\/www.koupelnapro.com\/index.php\/produkt\/posledni-sance-koupelnova-police-na-rucniky-mexen-asis-s-1-prickou-chromova-7017624-00-43171\/","title":{"rendered":"Posledn\u00ed \u0160ance Koupelnov\u00e1 police na ru\u010dn\u00edky MEXEN ASIS s 1 p\u0159\u00ed\u010dkou &#8211; chromov\u00e1, 7017624-00"},"content":{"rendered":"<div class=\"tabs__content-outer\" id=\"tab_description\" data-hash=\"description\" data-tabindex=\"-1\">\n<div class=\"tabs__content toggle_description\" id=\"content_description\">\n<div class=\"wysiwyg-content\">\n<div class=\"product__tab product__description full-width\">\n<div class=\"container\">\n<div >\n<h3>Koupelnov\u00e1 police na ru\u010dn\u00edky ASIS s 1 p\u0159\u00ed\u010dkou &#8211; chromov\u00e1<\/h3>\n<p>Modern\u00ed a jednoduch\u00fd n\u00e1st\u011bnn\u00fd v\u011b\u0161\u00e1k s 1 ty\u010d\u00ed na p\u0159ehozen\u00ed ru\u010dn\u00edk\u016f.\u00a0<span>Dr\u017e\u00e1k d\u00edky modern\u00edmu designu dokonale lad\u00ed s jak\u00fdmkoli stylem koupelny.<\/span><\/p>\n<p><strong>Parametry:\u00a0<\/strong><\/p>\n<ul>\n<li><span>materi\u00e1l: kov\u00a0<\/span><\/li>\n<li>barva: chromov\u00e1\u00a0<\/li>\n<li>\u0161\u00ed\u0159ka: 620 mm\u00a0<\/li>\n<li>v\u00fd\u0161ka: 40 mm\u00a0<\/li>\n<li>hloubka: 70 mm\u00a0<\/li>\n<\/ul>\n<\/div><\/div>\n<\/p><\/div>\n<\/p><\/div>\n<\/p><\/div>\n","protected":false},"excerpt":{"rendered":"<p>Koupelnov\u00e1 police na ru\u010dn\u00edky ASIS s 1 p\u0159\u00ed\u010dkou &#8211; chromov\u00e1 Modern\u00ed a jednoduch\u00fd n\u00e1st\u011bnn\u00fd v\u011b\u0161\u00e1k s 1 ty\u010d\u00ed na p\u0159ehozen\u00ed ru\u010dn\u00edk\u016f.\u00a0Dr\u017e\u00e1k d\u00edky modern\u00edmu designu dokonale lad\u00ed s jak\u00fdmkoli stylem koupelny. Parametry:\u00a0 materi\u00e1l: kov\u00a0 barva: chromov\u00e1\u00a0 \u0161\u00ed\u0159ka: 620 mm\u00a0 v\u00fd\u0161ka: 40 mm\u00a0 hloubka: 70 mm\u00a0<\/p>\n","protected":false},"featured_media":43271,"comment_status":"open","ping_status":"open","template":"","meta":[],"product_brand":[],"product_cat":[152],"product_tag":[],"class_list":{"0":"post-43171","1":"product","2":"type-product","3":"status-publish","4":"has-post-thumbnail","6":"product_cat-koupelna","8":"first","9":"instock","10":"sale","11":"shipping-taxable","12":"purchasable","13":"product-type-simple"},"yoast_head":"<!-- This site is optimized with the Yoast SEO plugin v26.8 - https:\/\/yoast.com\/product\/yoast-seo-wordpress\/ -->\n<title>Posledn\u00ed \u0160ance Koupelnov\u00e1 police na ru\u010dn\u00edky MEXEN ASIS s 1 p\u0159\u00ed\u010dkou - chromov\u00e1, 7017624-00 -<\/title>\n<meta name=\"robots\" content=\"index, follow, max-snippet:-1, max-image-preview:large, max-video-preview:-1\" \/>\n<link rel=\"canonical\" href=\"https:\/\/www.koupelnapro.com\/index.php\/produkt\/posledni-sance-koupelnova-police-na-rucniky-mexen-asis-s-1-prickou-chromova-7017624-00-43171\/\" \/>\n<meta property=\"og:locale\" content=\"cs_CZ\" \/>\n<meta property=\"og:type\" content=\"article\" \/>\n<meta property=\"og:title\" content=\"Posledn\u00ed \u0160ance Koupelnov\u00e1 police na ru\u010dn\u00edky MEXEN ASIS s 1 p\u0159\u00ed\u010dkou - chromov\u00e1, 7017624-00 -\" \/>\n<meta property=\"og:description\" content=\"Koupelnov\u00e1 police na ru\u010dn\u00edky ASIS s 1 p\u0159\u00ed\u010dkou &#8211; chromov\u00e1 Modern\u00ed a jednoduch\u00fd n\u00e1st\u011bnn\u00fd v\u011b\u0161\u00e1k s 1 ty\u010d\u00ed na p\u0159ehozen\u00ed ru\u010dn\u00edk\u016f.\u00a0Dr\u017e\u00e1k d\u00edky modern\u00edmu designu dokonale lad\u00ed s jak\u00fdmkoli stylem koupelny. Parametry:\u00a0 materi\u00e1l: kov\u00a0 barva: chromov\u00e1\u00a0 \u0161\u00ed\u0159ka: 620 mm\u00a0 v\u00fd\u0161ka: 40 mm\u00a0 hloubka: 70 mm\u00a0\" \/>\n<meta property=\"og:url\" content=\"https:\/\/www.koupelnapro.com\/index.php\/produkt\/posledni-sance-koupelnova-police-na-rucniky-mexen-asis-s-1-prickou-chromova-7017624-00-43171\/\" \/>\n<meta property=\"og:image\" content=\"https:\/\/www.koupelnapro.com\/wp-content\/uploads\/2026\/SK0002694-CZ20260425-093041-0-1777080643-koupelnova-police-na-rucniky-mexen-asis-s-1-prickou-chromov.webp\" \/>\n\t<meta property=\"og:image:width\" content=\"1000\" \/>\n\t<meta property=\"og:image:height\" content=\"284\" \/>\n\t<meta property=\"og:image:type\" content=\"image\/webp\" \/>\n<meta name=\"twitter:card\" content=\"summary_large_image\" \/>\n<script type=\"application\/ld+json\" class=\"yoast-schema-graph\">{\"@context\":\"https:\/\/schema.org\",\"@graph\":[{\"@type\":\"WebPage\",\"@id\":\"https:\/\/www.koupelnapro.com\/index.php\/produkt\/posledni-sance-koupelnova-police-na-rucniky-mexen-asis-s-1-prickou-chromova-7017624-00-43171\/\",\"url\":\"https:\/\/www.koupelnapro.com\/index.php\/produkt\/posledni-sance-koupelnova-police-na-rucniky-mexen-asis-s-1-prickou-chromova-7017624-00-43171\/\",\"name\":\"Posledn\u00ed \u0160ance Koupelnov\u00e1 police na ru\u010dn\u00edky MEXEN ASIS s 1 p\u0159\u00ed\u010dkou - chromov\u00e1, 7017624-00 -\",\"isPartOf\":{\"@id\":\"https:\/\/www.koupelnapro.com\/#website\"},\"primaryImageOfPage\":{\"@id\":\"https:\/\/www.koupelnapro.com\/index.php\/produkt\/posledni-sance-koupelnova-police-na-rucniky-mexen-asis-s-1-prickou-chromova-7017624-00-43171\/#primaryimage\"},\"image\":{\"@id\":\"https:\/\/www.koupelnapro.com\/index.php\/produkt\/posledni-sance-koupelnova-police-na-rucniky-mexen-asis-s-1-prickou-chromova-7017624-00-43171\/#primaryimage\"},\"thumbnailUrl\":\"https:\/\/www.koupelnapro.com\/wp-content\/uploads\/2026\/SK0002694-CZ20260425-093041-0-1777080643-koupelnova-police-na-rucniky-mexen-asis-s-1-prickou-chromov.webp\",\"datePublished\":\"2026-04-26T09:16:12+00:00\",\"breadcrumb\":{\"@id\":\"https:\/\/www.koupelnapro.com\/index.php\/produkt\/posledni-sance-koupelnova-police-na-rucniky-mexen-asis-s-1-prickou-chromova-7017624-00-43171\/#breadcrumb\"},\"inLanguage\":\"cs\",\"potentialAction\":[{\"@type\":\"ReadAction\",\"target\":[\"https:\/\/www.koupelnapro.com\/index.php\/produkt\/posledni-sance-koupelnova-police-na-rucniky-mexen-asis-s-1-prickou-chromova-7017624-00-43171\/\"]}]},{\"@type\":\"ImageObject\",\"inLanguage\":\"cs\",\"@id\":\"https:\/\/www.koupelnapro.com\/index.php\/produkt\/posledni-sance-koupelnova-police-na-rucniky-mexen-asis-s-1-prickou-chromova-7017624-00-43171\/#primaryimage\",\"url\":\"https:\/\/www.koupelnapro.com\/wp-content\/uploads\/2026\/SK0002694-CZ20260425-093041-0-1777080643-koupelnova-police-na-rucniky-mexen-asis-s-1-prickou-chromov.webp\",\"contentUrl\":\"https:\/\/www.koupelnapro.com\/wp-content\/uploads\/2026\/SK0002694-CZ20260425-093041-0-1777080643-koupelnova-police-na-rucniky-mexen-asis-s-1-prickou-chromov.webp\",\"width\":1000,\"height\":284},{\"@type\":\"BreadcrumbList\",\"@id\":\"https:\/\/www.koupelnapro.com\/index.php\/produkt\/posledni-sance-koupelnova-police-na-rucniky-mexen-asis-s-1-prickou-chromova-7017624-00-43171\/#breadcrumb\",\"itemListElement\":[{\"@type\":\"ListItem\",\"position\":1,\"name\":\"Home\",\"item\":\"https:\/\/www.koupelnapro.com\/\"},{\"@type\":\"ListItem\",\"position\":2,\"name\":\"Products\",\"item\":\"https:\/\/www.koupelnapro.com\/index.php\/products\/\"},{\"@type\":\"ListItem\",\"position\":3,\"name\":\"Posledn\u00ed \u0160ance Koupelnov\u00e1 police na ru\u010dn\u00edky MEXEN ASIS s 1 p\u0159\u00ed\u010dkou &#8211; chromov\u00e1, 7017624-00\"}]},{\"@type\":\"WebSite\",\"@id\":\"https:\/\/www.koupelnapro.com\/#website\",\"url\":\"https:\/\/www.koupelnapro.com\/\",\"name\":\"\",\"description\":\"\",\"potentialAction\":[{\"@type\":\"SearchAction\",\"target\":{\"@type\":\"EntryPoint\",\"urlTemplate\":\"https:\/\/www.koupelnapro.com\/?s={search_term_string}\"},\"query-input\":{\"@type\":\"PropertyValueSpecification\",\"valueRequired\":true,\"valueName\":\"search_term_string\"}}],\"inLanguage\":\"cs\"}]}<\/script>\n<!-- \/ Yoast SEO plugin. -->","yoast_head_json":{"title":"Posledn\u00ed \u0160ance Koupelnov\u00e1 police na ru\u010dn\u00edky MEXEN ASIS s 1 p\u0159\u00ed\u010dkou - chromov\u00e1, 7017624-00 -","robots":{"index":"index","follow":"follow","max-snippet":"max-snippet:-1","max-image-preview":"max-image-preview:large","max-video-preview":"max-video-preview:-1"},"canonical":"https:\/\/www.koupelnapro.com\/index.php\/produkt\/posledni-sance-koupelnova-police-na-rucniky-mexen-asis-s-1-prickou-chromova-7017624-00-43171\/","og_locale":"cs_CZ","og_type":"article","og_title":"Posledn\u00ed \u0160ance Koupelnov\u00e1 police na ru\u010dn\u00edky MEXEN ASIS s 1 p\u0159\u00ed\u010dkou - chromov\u00e1, 7017624-00 -","og_description":"Koupelnov\u00e1 police na ru\u010dn\u00edky ASIS s 1 p\u0159\u00ed\u010dkou &#8211; chromov\u00e1 Modern\u00ed a jednoduch\u00fd n\u00e1st\u011bnn\u00fd v\u011b\u0161\u00e1k s 1 ty\u010d\u00ed na p\u0159ehozen\u00ed ru\u010dn\u00edk\u016f.\u00a0Dr\u017e\u00e1k d\u00edky modern\u00edmu designu dokonale lad\u00ed s jak\u00fdmkoli stylem koupelny. Parametry:\u00a0 materi\u00e1l: kov\u00a0 barva: chromov\u00e1\u00a0 \u0161\u00ed\u0159ka: 620 mm\u00a0 v\u00fd\u0161ka: 40 mm\u00a0 hloubka: 70 mm\u00a0","og_url":"https:\/\/www.koupelnapro.com\/index.php\/produkt\/posledni-sance-koupelnova-police-na-rucniky-mexen-asis-s-1-prickou-chromova-7017624-00-43171\/","og_image":[{"width":1000,"height":284,"url":"https:\/\/www.koupelnapro.com\/wp-content\/uploads\/2026\/SK0002694-CZ20260425-093041-0-1777080643-koupelnova-police-na-rucniky-mexen-asis-s-1-prickou-chromov.webp","type":"image\/webp"}],"twitter_card":"summary_large_image","schema":{"@context":"https:\/\/schema.org","@graph":[{"@type":"WebPage","@id":"https:\/\/www.koupelnapro.com\/index.php\/produkt\/posledni-sance-koupelnova-police-na-rucniky-mexen-asis-s-1-prickou-chromova-7017624-00-43171\/","url":"https:\/\/www.koupelnapro.com\/index.php\/produkt\/posledni-sance-koupelnova-police-na-rucniky-mexen-asis-s-1-prickou-chromova-7017624-00-43171\/","name":"Posledn\u00ed \u0160ance Koupelnov\u00e1 police na ru\u010dn\u00edky MEXEN ASIS s 1 p\u0159\u00ed\u010dkou - chromov\u00e1, 7017624-00 -","isPartOf":{"@id":"https:\/\/www.koupelnapro.com\/#website"},"primaryImageOfPage":{"@id":"https:\/\/www.koupelnapro.com\/index.php\/produkt\/posledni-sance-koupelnova-police-na-rucniky-mexen-asis-s-1-prickou-chromova-7017624-00-43171\/#primaryimage"},"image":{"@id":"https:\/\/www.koupelnapro.com\/index.php\/produkt\/posledni-sance-koupelnova-police-na-rucniky-mexen-asis-s-1-prickou-chromova-7017624-00-43171\/#primaryimage"},"thumbnailUrl":"https:\/\/www.koupelnapro.com\/wp-content\/uploads\/2026\/SK0002694-CZ20260425-093041-0-1777080643-koupelnova-police-na-rucniky-mexen-asis-s-1-prickou-chromov.webp","datePublished":"2026-04-26T09:16:12+00:00","breadcrumb":{"@id":"https:\/\/www.koupelnapro.com\/index.php\/produkt\/posledni-sance-koupelnova-police-na-rucniky-mexen-asis-s-1-prickou-chromova-7017624-00-43171\/#breadcrumb"},"inLanguage":"cs","potentialAction":[{"@type":"ReadAction","target":["https:\/\/www.koupelnapro.com\/index.php\/produkt\/posledni-sance-koupelnova-police-na-rucniky-mexen-asis-s-1-prickou-chromova-7017624-00-43171\/"]}]},{"@type":"ImageObject","inLanguage":"cs","@id":"https:\/\/www.koupelnapro.com\/index.php\/produkt\/posledni-sance-koupelnova-police-na-rucniky-mexen-asis-s-1-prickou-chromova-7017624-00-43171\/#primaryimage","url":"https:\/\/www.koupelnapro.com\/wp-content\/uploads\/2026\/SK0002694-CZ20260425-093041-0-1777080643-koupelnova-police-na-rucniky-mexen-asis-s-1-prickou-chromov.webp","contentUrl":"https:\/\/www.koupelnapro.com\/wp-content\/uploads\/2026\/SK0002694-CZ20260425-093041-0-1777080643-koupelnova-police-na-rucniky-mexen-asis-s-1-prickou-chromov.webp","width":1000,"height":284},{"@type":"BreadcrumbList","@id":"https:\/\/www.koupelnapro.com\/index.php\/produkt\/posledni-sance-koupelnova-police-na-rucniky-mexen-asis-s-1-prickou-chromova-7017624-00-43171\/#breadcrumb","itemListElement":[{"@type":"ListItem","position":1,"name":"Home","item":"https:\/\/www.koupelnapro.com\/"},{"@type":"ListItem","position":2,"name":"Products","item":"https:\/\/www.koupelnapro.com\/index.php\/products\/"},{"@type":"ListItem","position":3,"name":"Posledn\u00ed \u0160ance Koupelnov\u00e1 police na ru\u010dn\u00edky MEXEN ASIS s 1 p\u0159\u00ed\u010dkou &#8211; chromov\u00e1, 7017624-00"}]},{"@type":"WebSite","@id":"https:\/\/www.koupelnapro.com\/#website","url":"https:\/\/www.koupelnapro.com\/","name":"","description":"","potentialAction":[{"@type":"SearchAction","target":{"@type":"EntryPoint","urlTemplate":"https:\/\/www.koupelnapro.com\/?s={search_term_string}"},"query-input":{"@type":"PropertyValueSpecification","valueRequired":true,"valueName":"search_term_string"}}],"inLanguage":"cs"}]}},"_links":{"self":[{"href":"https:\/\/www.koupelnapro.com\/index.php\/wp-json\/wp\/v2\/product\/43171","targetHints":{"allow":["GET"]}}],"collection":[{"href":"https:\/\/www.koupelnapro.com\/index.php\/wp-json\/wp\/v2\/product"}],"about":[{"href":"https:\/\/www.koupelnapro.com\/index.php\/wp-json\/wp\/v2\/types\/product"}],"replies":[{"embeddable":true,"href":"https:\/\/www.koupelnapro.com\/index.php\/wp-json\/wp\/v2\/comments?post=43171"}],"wp:featuredmedia":[{"embeddable":true,"href":"https:\/\/www.koupelnapro.com\/index.php\/wp-json\/wp\/v2\/media\/43271"}],"wp:attachment":[{"href":"https:\/\/www.koupelnapro.com\/index.php\/wp-json\/wp\/v2\/media?parent=43171"}],"wp:term":[{"taxonomy":"product_brand","embeddable":true,"href":"https:\/\/www.koupelnapro.com\/index.php\/wp-json\/wp\/v2\/product_brand?post=43171"},{"taxonomy":"product_cat","embeddable":true,"href":"https:\/\/www.koupelnapro.com\/index.php\/wp-json\/wp\/v2\/product_cat?post=43171"},{"taxonomy":"product_tag","embeddable":true,"href":"https:\/\/www.koupelnapro.com\/index.php\/wp-json\/wp\/v2\/product_tag?post=43171"}],"curies":[{"name":"wp","href":"https:\/\/api.w.org\/{rel}","templated":true}]}}