{"id":43168,"date":"2026-04-26T09:16:12","date_gmt":"2026-04-26T09:16:12","guid":{"rendered":""},"modified":"2026-04-26T09:16:12","modified_gmt":"2026-04-26T09:16:12","slug":"bambusovy-kos-na-pradlo-100l-cernosedy-pouze-dnes-43168","status":"publish","type":"product","link":"https:\/\/www.koupelnapro.com\/index.php\/produkt\/bambusovy-kos-na-pradlo-100l-cernosedy-pouze-dnes-43168\/","title":{"rendered":"Bambusov\u00fd ko\u0161 na pr\u00e1dlo 100l &#8211; \u010derno\u0161ed\u00fd Pouze Dnes"},"content":{"rendered":"<div class=\"tabs__content-outer\" id=\"tab_description\" data-hash=\"description\" data-tabindex=\"-1\">\n<div class=\"tabs__content toggle_description\" id=\"content_description\">\n<div class=\"wysiwyg-content\">\n<div class=\"product__tab product__description full-width\">\n<div class=\"container\">\n<div >\n<h3>Bambusov\u00fd ko\u0161 na pr\u00e1dlo 100l &#8211; \u010derno\u0161ed\u00fd<\/h3>\n<p>Dvoukomorov\u00fd ko\u0161 (na b\u00edl\u00e9 a barevn\u00e9 pr\u00e1dlo) z\u00a0p\u0159\u00edrodn\u00edho bambusu. D\u00edky jednoduch\u00e9mu a p\u0159irozen\u00e9mu vzhledu\u00a0se kontejner\u00a0hod\u00ed do ka\u017ed\u00e9 m\u00edstnosti.\u00a0V\u00fdhodou bambusov\u00e9ho ko\u0161e je\u00a0bezesporu jeho elegantn\u00ed vzhled. Za zm\u00ednku stoj\u00ed rovn\u011b\u017e materi\u00e1l vnit\u0159n\u00ed kapsy &#8211; polyester efektivn\u011b absorbuje vlhkost a pohlcuje nep\u0159\u00edjemn\u00fd z\u00e1pach.<strong>\u00a0<\/strong><\/p>\n<ul>\n<li>Materi\u00e1l: bambus<\/li>\n<li>V\u00fd\u0161ka: 63 cm<\/li>\n<li>\u0160\u00ed\u0159ka: 50 cm<\/li>\n<li>Hloubka: 32 cm<\/li>\n<li>Kapacita: 100 litr\u016f<\/li>\n<\/ul>\n<\/div><\/div>\n<\/p><\/div>\n<\/p><\/div>\n<\/p><\/div>\n","protected":false},"excerpt":{"rendered":"<p>Bambusov\u00fd ko\u0161 na pr\u00e1dlo 100l &#8211; \u010derno\u0161ed\u00fd Dvoukomorov\u00fd ko\u0161 (na b\u00edl\u00e9 a barevn\u00e9 pr\u00e1dlo) z\u00a0p\u0159\u00edrodn\u00edho bambusu. D\u00edky jednoduch\u00e9mu a p\u0159irozen\u00e9mu vzhledu\u00a0se kontejner\u00a0hod\u00ed do ka\u017ed\u00e9 m\u00edstnosti.\u00a0V\u00fdhodou bambusov\u00e9ho ko\u0161e je\u00a0bezesporu jeho elegantn\u00ed vzhled. Za zm\u00ednku stoj\u00ed rovn\u011b\u017e materi\u00e1l vnit\u0159n\u00ed kapsy &#8211; polyester efektivn\u011b absorbuje vlhkost a pohlcuje nep\u0159\u00edjemn\u00fd z\u00e1pach.\u00a0 Materi\u00e1l: bambus V\u00fd\u0161ka: 63 cm \u0160\u00ed\u0159ka: 50 cm [&hellip;]<\/p>\n","protected":false},"featured_media":43268,"comment_status":"open","ping_status":"open","template":"","meta":[],"product_brand":[],"product_cat":[152],"product_tag":[],"class_list":{"0":"post-43168","1":"product","2":"type-product","3":"status-publish","4":"has-post-thumbnail","6":"product_cat-koupelna","8":"first","9":"instock","10":"sale","11":"shipping-taxable","12":"purchasable","13":"product-type-simple"},"yoast_head":"<!-- This site is optimized with the Yoast SEO plugin v26.8 - https:\/\/yoast.com\/product\/yoast-seo-wordpress\/ -->\n<title>Bambusov\u00fd ko\u0161 na pr\u00e1dlo 100l - \u010derno\u0161ed\u00fd Pouze Dnes -<\/title>\n<meta name=\"robots\" content=\"index, follow, max-snippet:-1, max-image-preview:large, max-video-preview:-1\" \/>\n<link rel=\"canonical\" href=\"https:\/\/www.koupelnapro.com\/index.php\/produkt\/bambusovy-kos-na-pradlo-100l-cernosedy-pouze-dnes-43168\/\" \/>\n<meta property=\"og:locale\" content=\"cs_CZ\" \/>\n<meta property=\"og:type\" content=\"article\" \/>\n<meta property=\"og:title\" content=\"Bambusov\u00fd ko\u0161 na pr\u00e1dlo 100l - \u010derno\u0161ed\u00fd Pouze Dnes -\" \/>\n<meta property=\"og:description\" content=\"Bambusov\u00fd ko\u0161 na pr\u00e1dlo 100l &#8211; \u010derno\u0161ed\u00fd Dvoukomorov\u00fd ko\u0161 (na b\u00edl\u00e9 a barevn\u00e9 pr\u00e1dlo) z\u00a0p\u0159\u00edrodn\u00edho bambusu. D\u00edky jednoduch\u00e9mu a p\u0159irozen\u00e9mu vzhledu\u00a0se kontejner\u00a0hod\u00ed do ka\u017ed\u00e9 m\u00edstnosti.\u00a0V\u00fdhodou bambusov\u00e9ho ko\u0161e je\u00a0bezesporu jeho elegantn\u00ed vzhled. Za zm\u00ednku stoj\u00ed rovn\u011b\u017e materi\u00e1l vnit\u0159n\u00ed kapsy &#8211; polyester efektivn\u011b absorbuje vlhkost a pohlcuje nep\u0159\u00edjemn\u00fd z\u00e1pach.\u00a0 Materi\u00e1l: bambus V\u00fd\u0161ka: 63 cm \u0160\u00ed\u0159ka: 50 cm [&hellip;]\" \/>\n<meta property=\"og:url\" content=\"https:\/\/www.koupelnapro.com\/index.php\/produkt\/bambusovy-kos-na-pradlo-100l-cernosedy-pouze-dnes-43168\/\" \/>\n<meta property=\"og:image\" content=\"https:\/\/www.koupelnapro.com\/wp-content\/uploads\/2026\/SK0002691-CZ20260425-093041-0-1777080643-36332.webp\" \/>\n\t<meta property=\"og:image:width\" content=\"823\" \/>\n\t<meta property=\"og:image:height\" content=\"800\" \/>\n\t<meta property=\"og:image:type\" content=\"image\/webp\" \/>\n<meta name=\"twitter:card\" content=\"summary_large_image\" \/>\n<script type=\"application\/ld+json\" class=\"yoast-schema-graph\">{\"@context\":\"https:\/\/schema.org\",\"@graph\":[{\"@type\":\"WebPage\",\"@id\":\"https:\/\/www.koupelnapro.com\/index.php\/produkt\/bambusovy-kos-na-pradlo-100l-cernosedy-pouze-dnes-43168\/\",\"url\":\"https:\/\/www.koupelnapro.com\/index.php\/produkt\/bambusovy-kos-na-pradlo-100l-cernosedy-pouze-dnes-43168\/\",\"name\":\"Bambusov\u00fd ko\u0161 na pr\u00e1dlo 100l - \u010derno\u0161ed\u00fd Pouze Dnes -\",\"isPartOf\":{\"@id\":\"https:\/\/www.koupelnapro.com\/#website\"},\"primaryImageOfPage\":{\"@id\":\"https:\/\/www.koupelnapro.com\/index.php\/produkt\/bambusovy-kos-na-pradlo-100l-cernosedy-pouze-dnes-43168\/#primaryimage\"},\"image\":{\"@id\":\"https:\/\/www.koupelnapro.com\/index.php\/produkt\/bambusovy-kos-na-pradlo-100l-cernosedy-pouze-dnes-43168\/#primaryimage\"},\"thumbnailUrl\":\"https:\/\/www.koupelnapro.com\/wp-content\/uploads\/2026\/SK0002691-CZ20260425-093041-0-1777080643-36332.webp\",\"datePublished\":\"2026-04-26T09:16:12+00:00\",\"breadcrumb\":{\"@id\":\"https:\/\/www.koupelnapro.com\/index.php\/produkt\/bambusovy-kos-na-pradlo-100l-cernosedy-pouze-dnes-43168\/#breadcrumb\"},\"inLanguage\":\"cs\",\"potentialAction\":[{\"@type\":\"ReadAction\",\"target\":[\"https:\/\/www.koupelnapro.com\/index.php\/produkt\/bambusovy-kos-na-pradlo-100l-cernosedy-pouze-dnes-43168\/\"]}]},{\"@type\":\"ImageObject\",\"inLanguage\":\"cs\",\"@id\":\"https:\/\/www.koupelnapro.com\/index.php\/produkt\/bambusovy-kos-na-pradlo-100l-cernosedy-pouze-dnes-43168\/#primaryimage\",\"url\":\"https:\/\/www.koupelnapro.com\/wp-content\/uploads\/2026\/SK0002691-CZ20260425-093041-0-1777080643-36332.webp\",\"contentUrl\":\"https:\/\/www.koupelnapro.com\/wp-content\/uploads\/2026\/SK0002691-CZ20260425-093041-0-1777080643-36332.webp\",\"width\":823,\"height\":800},{\"@type\":\"BreadcrumbList\",\"@id\":\"https:\/\/www.koupelnapro.com\/index.php\/produkt\/bambusovy-kos-na-pradlo-100l-cernosedy-pouze-dnes-43168\/#breadcrumb\",\"itemListElement\":[{\"@type\":\"ListItem\",\"position\":1,\"name\":\"Home\",\"item\":\"https:\/\/www.koupelnapro.com\/\"},{\"@type\":\"ListItem\",\"position\":2,\"name\":\"Products\",\"item\":\"https:\/\/www.koupelnapro.com\/index.php\/products\/\"},{\"@type\":\"ListItem\",\"position\":3,\"name\":\"Bambusov\u00fd ko\u0161 na pr\u00e1dlo 100l &#8211; \u010derno\u0161ed\u00fd Pouze Dnes\"}]},{\"@type\":\"WebSite\",\"@id\":\"https:\/\/www.koupelnapro.com\/#website\",\"url\":\"https:\/\/www.koupelnapro.com\/\",\"name\":\"\",\"description\":\"\",\"potentialAction\":[{\"@type\":\"SearchAction\",\"target\":{\"@type\":\"EntryPoint\",\"urlTemplate\":\"https:\/\/www.koupelnapro.com\/?s={search_term_string}\"},\"query-input\":{\"@type\":\"PropertyValueSpecification\",\"valueRequired\":true,\"valueName\":\"search_term_string\"}}],\"inLanguage\":\"cs\"}]}<\/script>\n<!-- \/ Yoast SEO plugin. -->","yoast_head_json":{"title":"Bambusov\u00fd ko\u0161 na pr\u00e1dlo 100l - \u010derno\u0161ed\u00fd Pouze Dnes -","robots":{"index":"index","follow":"follow","max-snippet":"max-snippet:-1","max-image-preview":"max-image-preview:large","max-video-preview":"max-video-preview:-1"},"canonical":"https:\/\/www.koupelnapro.com\/index.php\/produkt\/bambusovy-kos-na-pradlo-100l-cernosedy-pouze-dnes-43168\/","og_locale":"cs_CZ","og_type":"article","og_title":"Bambusov\u00fd ko\u0161 na pr\u00e1dlo 100l - \u010derno\u0161ed\u00fd Pouze Dnes -","og_description":"Bambusov\u00fd ko\u0161 na pr\u00e1dlo 100l &#8211; \u010derno\u0161ed\u00fd Dvoukomorov\u00fd ko\u0161 (na b\u00edl\u00e9 a barevn\u00e9 pr\u00e1dlo) z\u00a0p\u0159\u00edrodn\u00edho bambusu. D\u00edky jednoduch\u00e9mu a p\u0159irozen\u00e9mu vzhledu\u00a0se kontejner\u00a0hod\u00ed do ka\u017ed\u00e9 m\u00edstnosti.\u00a0V\u00fdhodou bambusov\u00e9ho ko\u0161e je\u00a0bezesporu jeho elegantn\u00ed vzhled. Za zm\u00ednku stoj\u00ed rovn\u011b\u017e materi\u00e1l vnit\u0159n\u00ed kapsy &#8211; polyester efektivn\u011b absorbuje vlhkost a pohlcuje nep\u0159\u00edjemn\u00fd z\u00e1pach.\u00a0 Materi\u00e1l: bambus V\u00fd\u0161ka: 63 cm \u0160\u00ed\u0159ka: 50 cm [&hellip;]","og_url":"https:\/\/www.koupelnapro.com\/index.php\/produkt\/bambusovy-kos-na-pradlo-100l-cernosedy-pouze-dnes-43168\/","og_image":[{"width":823,"height":800,"url":"https:\/\/www.koupelnapro.com\/wp-content\/uploads\/2026\/SK0002691-CZ20260425-093041-0-1777080643-36332.webp","type":"image\/webp"}],"twitter_card":"summary_large_image","schema":{"@context":"https:\/\/schema.org","@graph":[{"@type":"WebPage","@id":"https:\/\/www.koupelnapro.com\/index.php\/produkt\/bambusovy-kos-na-pradlo-100l-cernosedy-pouze-dnes-43168\/","url":"https:\/\/www.koupelnapro.com\/index.php\/produkt\/bambusovy-kos-na-pradlo-100l-cernosedy-pouze-dnes-43168\/","name":"Bambusov\u00fd ko\u0161 na pr\u00e1dlo 100l - \u010derno\u0161ed\u00fd Pouze Dnes -","isPartOf":{"@id":"https:\/\/www.koupelnapro.com\/#website"},"primaryImageOfPage":{"@id":"https:\/\/www.koupelnapro.com\/index.php\/produkt\/bambusovy-kos-na-pradlo-100l-cernosedy-pouze-dnes-43168\/#primaryimage"},"image":{"@id":"https:\/\/www.koupelnapro.com\/index.php\/produkt\/bambusovy-kos-na-pradlo-100l-cernosedy-pouze-dnes-43168\/#primaryimage"},"thumbnailUrl":"https:\/\/www.koupelnapro.com\/wp-content\/uploads\/2026\/SK0002691-CZ20260425-093041-0-1777080643-36332.webp","datePublished":"2026-04-26T09:16:12+00:00","breadcrumb":{"@id":"https:\/\/www.koupelnapro.com\/index.php\/produkt\/bambusovy-kos-na-pradlo-100l-cernosedy-pouze-dnes-43168\/#breadcrumb"},"inLanguage":"cs","potentialAction":[{"@type":"ReadAction","target":["https:\/\/www.koupelnapro.com\/index.php\/produkt\/bambusovy-kos-na-pradlo-100l-cernosedy-pouze-dnes-43168\/"]}]},{"@type":"ImageObject","inLanguage":"cs","@id":"https:\/\/www.koupelnapro.com\/index.php\/produkt\/bambusovy-kos-na-pradlo-100l-cernosedy-pouze-dnes-43168\/#primaryimage","url":"https:\/\/www.koupelnapro.com\/wp-content\/uploads\/2026\/SK0002691-CZ20260425-093041-0-1777080643-36332.webp","contentUrl":"https:\/\/www.koupelnapro.com\/wp-content\/uploads\/2026\/SK0002691-CZ20260425-093041-0-1777080643-36332.webp","width":823,"height":800},{"@type":"BreadcrumbList","@id":"https:\/\/www.koupelnapro.com\/index.php\/produkt\/bambusovy-kos-na-pradlo-100l-cernosedy-pouze-dnes-43168\/#breadcrumb","itemListElement":[{"@type":"ListItem","position":1,"name":"Home","item":"https:\/\/www.koupelnapro.com\/"},{"@type":"ListItem","position":2,"name":"Products","item":"https:\/\/www.koupelnapro.com\/index.php\/products\/"},{"@type":"ListItem","position":3,"name":"Bambusov\u00fd ko\u0161 na pr\u00e1dlo 100l &#8211; \u010derno\u0161ed\u00fd Pouze Dnes"}]},{"@type":"WebSite","@id":"https:\/\/www.koupelnapro.com\/#website","url":"https:\/\/www.koupelnapro.com\/","name":"","description":"","potentialAction":[{"@type":"SearchAction","target":{"@type":"EntryPoint","urlTemplate":"https:\/\/www.koupelnapro.com\/?s={search_term_string}"},"query-input":{"@type":"PropertyValueSpecification","valueRequired":true,"valueName":"search_term_string"}}],"inLanguage":"cs"}]}},"_links":{"self":[{"href":"https:\/\/www.koupelnapro.com\/index.php\/wp-json\/wp\/v2\/product\/43168","targetHints":{"allow":["GET"]}}],"collection":[{"href":"https:\/\/www.koupelnapro.com\/index.php\/wp-json\/wp\/v2\/product"}],"about":[{"href":"https:\/\/www.koupelnapro.com\/index.php\/wp-json\/wp\/v2\/types\/product"}],"replies":[{"embeddable":true,"href":"https:\/\/www.koupelnapro.com\/index.php\/wp-json\/wp\/v2\/comments?post=43168"}],"wp:featuredmedia":[{"embeddable":true,"href":"https:\/\/www.koupelnapro.com\/index.php\/wp-json\/wp\/v2\/media\/43268"}],"wp:attachment":[{"href":"https:\/\/www.koupelnapro.com\/index.php\/wp-json\/wp\/v2\/media?parent=43168"}],"wp:term":[{"taxonomy":"product_brand","embeddable":true,"href":"https:\/\/www.koupelnapro.com\/index.php\/wp-json\/wp\/v2\/product_brand?post=43168"},{"taxonomy":"product_cat","embeddable":true,"href":"https:\/\/www.koupelnapro.com\/index.php\/wp-json\/wp\/v2\/product_cat?post=43168"},{"taxonomy":"product_tag","embeddable":true,"href":"https:\/\/www.koupelnapro.com\/index.php\/wp-json\/wp\/v2\/product_tag?post=43168"}],"curies":[{"name":"wp","href":"https:\/\/api.w.org\/{rel}","templated":true}]}}