{"id":43166,"date":"2026-04-26T09:16:12","date_gmt":"2026-04-26T09:16:12","guid":{"rendered":""},"modified":"2026-04-26T09:16:12","modified_gmt":"2026-04-26T09:16:12","slug":"nejlepsi-volba-stenovy-vyvod-rucni-sprchy-mexen-mosazny-hranaty-chromovy-79345-00-43166","status":"publish","type":"product","link":"https:\/\/www.koupelnapro.com\/index.php\/produkt\/nejlepsi-volba-stenovy-vyvod-rucni-sprchy-mexen-mosazny-hranaty-chromovy-79345-00-43166\/","title":{"rendered":"Nejlep\u0161\u00ed Volba St\u011bnov\u00fd v\u00fdvod ru\u010dn\u00ed sprchy MEXEN &#8211; mosazn\u00fd &#8211; hranat\u00fd &#8211; chromov\u00fd, 79345-00"},"content":{"rendered":"<div class=\"tabs__content-outer\" id=\"tab_description\" data-hash=\"description\" data-tabindex=\"-1\">\n<div class=\"tabs__content toggle_description\" id=\"content_description\">\n<div class=\"wysiwyg-content\">\n<div class=\"product__tab product__description full-width\">\n<div class=\"container\">\n<div >\n<h3>St\u011bnov\u00fd v\u00fdvod ru\u010dn\u00ed sprchy &#8211; mosazn\u00fd &#8211; hranat\u00fd &#8211; chromov\u00fd<\/h3>\n<p>Jednoduch\u00fd n\u00edzkoprofilov\u00fd v\u00fdvod pro ru\u010dn\u00ed sprchu ze zdi je vyroben z mosazi s chromovou povrchovou \u00fapravou. Tato technika zaru\u010duje vysok\u00fd lesk a chr\u00e1n\u00ed p\u0159ed koroz\u00ed. V\u00fdvod snadno p\u0159ipoj\u00edte do zdi pomoc\u00ed 1\/2&#8243; z\u00e1vitu a jako p\u0159\u00edpojka pro sprchu slou\u017e\u00ed 1\/2&#8243; z\u00e1vit.\u00a0<\/p>\n<p><strong>Parametry:\u00a0<\/strong><\/p>\n<ul>\n<li>materi\u00e1l: mosaz\u00a0<\/li>\n<li>povrchov\u00e1 \u00faprava: chrom<\/li>\n<li>p\u0159\u00edpojka do zdi: 1\/2&#8243;\u00a0<\/li>\n<li>p\u0159\u00edpojka pro p\u0159\u00edslu\u0161enstv\u00ed: 1\/2&#8243;\u00a0<\/li>\n<li>rozm\u011br t\u011blesa [\u0160xVxH]: 42 x 42 x 25 mm\u00a0<\/li>\n<\/ul>\n<\/div><\/div>\n<\/p><\/div>\n<\/p><\/div>\n<\/p><\/div>\n","protected":false},"excerpt":{"rendered":"<p>St\u011bnov\u00fd v\u00fdvod ru\u010dn\u00ed sprchy &#8211; mosazn\u00fd &#8211; hranat\u00fd &#8211; chromov\u00fd Jednoduch\u00fd n\u00edzkoprofilov\u00fd v\u00fdvod pro ru\u010dn\u00ed sprchu ze zdi je vyroben z mosazi s chromovou povrchovou \u00fapravou. Tato technika zaru\u010duje vysok\u00fd lesk a chr\u00e1n\u00ed p\u0159ed koroz\u00ed. V\u00fdvod snadno p\u0159ipoj\u00edte do zdi pomoc\u00ed 1\/2&#8243; z\u00e1vitu a jako p\u0159\u00edpojka pro sprchu slou\u017e\u00ed 1\/2&#8243; z\u00e1vit.\u00a0 Parametry:\u00a0 materi\u00e1l: mosaz\u00a0 povrchov\u00e1 [&hellip;]<\/p>\n","protected":false},"featured_media":43266,"comment_status":"open","ping_status":"open","template":"","meta":[],"product_brand":[],"product_cat":[152],"product_tag":[],"class_list":{"0":"post-43166","1":"product","2":"type-product","3":"status-publish","4":"has-post-thumbnail","6":"product_cat-koupelna","8":"first","9":"instock","10":"sale","11":"shipping-taxable","12":"purchasable","13":"product-type-simple"},"yoast_head":"<!-- This site is optimized with the Yoast SEO plugin v26.8 - https:\/\/yoast.com\/product\/yoast-seo-wordpress\/ -->\n<title>Nejlep\u0161\u00ed Volba St\u011bnov\u00fd v\u00fdvod ru\u010dn\u00ed sprchy MEXEN - mosazn\u00fd - hranat\u00fd - chromov\u00fd, 79345-00 -<\/title>\n<meta name=\"robots\" content=\"index, follow, max-snippet:-1, max-image-preview:large, max-video-preview:-1\" \/>\n<link rel=\"canonical\" href=\"https:\/\/www.koupelnapro.com\/index.php\/produkt\/nejlepsi-volba-stenovy-vyvod-rucni-sprchy-mexen-mosazny-hranaty-chromovy-79345-00-43166\/\" \/>\n<meta property=\"og:locale\" content=\"cs_CZ\" \/>\n<meta property=\"og:type\" content=\"article\" \/>\n<meta property=\"og:title\" content=\"Nejlep\u0161\u00ed Volba St\u011bnov\u00fd v\u00fdvod ru\u010dn\u00ed sprchy MEXEN - mosazn\u00fd - hranat\u00fd - chromov\u00fd, 79345-00 -\" \/>\n<meta property=\"og:description\" content=\"St\u011bnov\u00fd v\u00fdvod ru\u010dn\u00ed sprchy &#8211; mosazn\u00fd &#8211; hranat\u00fd &#8211; chromov\u00fd Jednoduch\u00fd n\u00edzkoprofilov\u00fd v\u00fdvod pro ru\u010dn\u00ed sprchu ze zdi je vyroben z mosazi s chromovou povrchovou \u00fapravou. Tato technika zaru\u010duje vysok\u00fd lesk a chr\u00e1n\u00ed p\u0159ed koroz\u00ed. V\u00fdvod snadno p\u0159ipoj\u00edte do zdi pomoc\u00ed 1\/2&#8243; z\u00e1vitu a jako p\u0159\u00edpojka pro sprchu slou\u017e\u00ed 1\/2&#8243; z\u00e1vit.\u00a0 Parametry:\u00a0 materi\u00e1l: mosaz\u00a0 povrchov\u00e1 [&hellip;]\" \/>\n<meta property=\"og:url\" content=\"https:\/\/www.koupelnapro.com\/index.php\/produkt\/nejlepsi-volba-stenovy-vyvod-rucni-sprchy-mexen-mosazny-hranaty-chromovy-79345-00-43166\/\" \/>\n<meta property=\"og:image\" content=\"https:\/\/www.koupelnapro.com\/wp-content\/uploads\/2026\/SK0002689-CZ20260425-093041-0-1777080643-stenovy-vyvod-rucni-sprchy-mexen-mosazny-hranaty-chromovy.j.webp\" \/>\n\t<meta property=\"og:image:width\" content=\"764\" \/>\n\t<meta property=\"og:image:height\" content=\"800\" \/>\n\t<meta property=\"og:image:type\" content=\"image\/webp\" \/>\n<meta name=\"twitter:card\" content=\"summary_large_image\" \/>\n<script type=\"application\/ld+json\" class=\"yoast-schema-graph\">{\"@context\":\"https:\/\/schema.org\",\"@graph\":[{\"@type\":\"WebPage\",\"@id\":\"https:\/\/www.koupelnapro.com\/index.php\/produkt\/nejlepsi-volba-stenovy-vyvod-rucni-sprchy-mexen-mosazny-hranaty-chromovy-79345-00-43166\/\",\"url\":\"https:\/\/www.koupelnapro.com\/index.php\/produkt\/nejlepsi-volba-stenovy-vyvod-rucni-sprchy-mexen-mosazny-hranaty-chromovy-79345-00-43166\/\",\"name\":\"Nejlep\u0161\u00ed Volba St\u011bnov\u00fd v\u00fdvod ru\u010dn\u00ed sprchy MEXEN - mosazn\u00fd - hranat\u00fd - chromov\u00fd, 79345-00 -\",\"isPartOf\":{\"@id\":\"https:\/\/www.koupelnapro.com\/#website\"},\"primaryImageOfPage\":{\"@id\":\"https:\/\/www.koupelnapro.com\/index.php\/produkt\/nejlepsi-volba-stenovy-vyvod-rucni-sprchy-mexen-mosazny-hranaty-chromovy-79345-00-43166\/#primaryimage\"},\"image\":{\"@id\":\"https:\/\/www.koupelnapro.com\/index.php\/produkt\/nejlepsi-volba-stenovy-vyvod-rucni-sprchy-mexen-mosazny-hranaty-chromovy-79345-00-43166\/#primaryimage\"},\"thumbnailUrl\":\"https:\/\/www.koupelnapro.com\/wp-content\/uploads\/2026\/SK0002689-CZ20260425-093041-0-1777080643-stenovy-vyvod-rucni-sprchy-mexen-mosazny-hranaty-chromovy.j.webp\",\"datePublished\":\"2026-04-26T09:16:12+00:00\",\"breadcrumb\":{\"@id\":\"https:\/\/www.koupelnapro.com\/index.php\/produkt\/nejlepsi-volba-stenovy-vyvod-rucni-sprchy-mexen-mosazny-hranaty-chromovy-79345-00-43166\/#breadcrumb\"},\"inLanguage\":\"cs\",\"potentialAction\":[{\"@type\":\"ReadAction\",\"target\":[\"https:\/\/www.koupelnapro.com\/index.php\/produkt\/nejlepsi-volba-stenovy-vyvod-rucni-sprchy-mexen-mosazny-hranaty-chromovy-79345-00-43166\/\"]}]},{\"@type\":\"ImageObject\",\"inLanguage\":\"cs\",\"@id\":\"https:\/\/www.koupelnapro.com\/index.php\/produkt\/nejlepsi-volba-stenovy-vyvod-rucni-sprchy-mexen-mosazny-hranaty-chromovy-79345-00-43166\/#primaryimage\",\"url\":\"https:\/\/www.koupelnapro.com\/wp-content\/uploads\/2026\/SK0002689-CZ20260425-093041-0-1777080643-stenovy-vyvod-rucni-sprchy-mexen-mosazny-hranaty-chromovy.j.webp\",\"contentUrl\":\"https:\/\/www.koupelnapro.com\/wp-content\/uploads\/2026\/SK0002689-CZ20260425-093041-0-1777080643-stenovy-vyvod-rucni-sprchy-mexen-mosazny-hranaty-chromovy.j.webp\",\"width\":764,\"height\":800},{\"@type\":\"BreadcrumbList\",\"@id\":\"https:\/\/www.koupelnapro.com\/index.php\/produkt\/nejlepsi-volba-stenovy-vyvod-rucni-sprchy-mexen-mosazny-hranaty-chromovy-79345-00-43166\/#breadcrumb\",\"itemListElement\":[{\"@type\":\"ListItem\",\"position\":1,\"name\":\"Home\",\"item\":\"https:\/\/www.koupelnapro.com\/\"},{\"@type\":\"ListItem\",\"position\":2,\"name\":\"Products\",\"item\":\"https:\/\/www.koupelnapro.com\/index.php\/products\/\"},{\"@type\":\"ListItem\",\"position\":3,\"name\":\"Nejlep\u0161\u00ed Volba St\u011bnov\u00fd v\u00fdvod ru\u010dn\u00ed sprchy MEXEN &#8211; mosazn\u00fd &#8211; hranat\u00fd &#8211; chromov\u00fd, 79345-00\"}]},{\"@type\":\"WebSite\",\"@id\":\"https:\/\/www.koupelnapro.com\/#website\",\"url\":\"https:\/\/www.koupelnapro.com\/\",\"name\":\"\",\"description\":\"\",\"potentialAction\":[{\"@type\":\"SearchAction\",\"target\":{\"@type\":\"EntryPoint\",\"urlTemplate\":\"https:\/\/www.koupelnapro.com\/?s={search_term_string}\"},\"query-input\":{\"@type\":\"PropertyValueSpecification\",\"valueRequired\":true,\"valueName\":\"search_term_string\"}}],\"inLanguage\":\"cs\"}]}<\/script>\n<!-- \/ Yoast SEO plugin. -->","yoast_head_json":{"title":"Nejlep\u0161\u00ed Volba St\u011bnov\u00fd v\u00fdvod ru\u010dn\u00ed sprchy MEXEN - mosazn\u00fd - hranat\u00fd - chromov\u00fd, 79345-00 -","robots":{"index":"index","follow":"follow","max-snippet":"max-snippet:-1","max-image-preview":"max-image-preview:large","max-video-preview":"max-video-preview:-1"},"canonical":"https:\/\/www.koupelnapro.com\/index.php\/produkt\/nejlepsi-volba-stenovy-vyvod-rucni-sprchy-mexen-mosazny-hranaty-chromovy-79345-00-43166\/","og_locale":"cs_CZ","og_type":"article","og_title":"Nejlep\u0161\u00ed Volba St\u011bnov\u00fd v\u00fdvod ru\u010dn\u00ed sprchy MEXEN - mosazn\u00fd - hranat\u00fd - chromov\u00fd, 79345-00 -","og_description":"St\u011bnov\u00fd v\u00fdvod ru\u010dn\u00ed sprchy &#8211; mosazn\u00fd &#8211; hranat\u00fd &#8211; chromov\u00fd Jednoduch\u00fd n\u00edzkoprofilov\u00fd v\u00fdvod pro ru\u010dn\u00ed sprchu ze zdi je vyroben z mosazi s chromovou povrchovou \u00fapravou. Tato technika zaru\u010duje vysok\u00fd lesk a chr\u00e1n\u00ed p\u0159ed koroz\u00ed. V\u00fdvod snadno p\u0159ipoj\u00edte do zdi pomoc\u00ed 1\/2&#8243; z\u00e1vitu a jako p\u0159\u00edpojka pro sprchu slou\u017e\u00ed 1\/2&#8243; z\u00e1vit.\u00a0 Parametry:\u00a0 materi\u00e1l: mosaz\u00a0 povrchov\u00e1 [&hellip;]","og_url":"https:\/\/www.koupelnapro.com\/index.php\/produkt\/nejlepsi-volba-stenovy-vyvod-rucni-sprchy-mexen-mosazny-hranaty-chromovy-79345-00-43166\/","og_image":[{"width":764,"height":800,"url":"https:\/\/www.koupelnapro.com\/wp-content\/uploads\/2026\/SK0002689-CZ20260425-093041-0-1777080643-stenovy-vyvod-rucni-sprchy-mexen-mosazny-hranaty-chromovy.j.webp","type":"image\/webp"}],"twitter_card":"summary_large_image","schema":{"@context":"https:\/\/schema.org","@graph":[{"@type":"WebPage","@id":"https:\/\/www.koupelnapro.com\/index.php\/produkt\/nejlepsi-volba-stenovy-vyvod-rucni-sprchy-mexen-mosazny-hranaty-chromovy-79345-00-43166\/","url":"https:\/\/www.koupelnapro.com\/index.php\/produkt\/nejlepsi-volba-stenovy-vyvod-rucni-sprchy-mexen-mosazny-hranaty-chromovy-79345-00-43166\/","name":"Nejlep\u0161\u00ed Volba St\u011bnov\u00fd v\u00fdvod ru\u010dn\u00ed sprchy MEXEN - mosazn\u00fd - hranat\u00fd - chromov\u00fd, 79345-00 -","isPartOf":{"@id":"https:\/\/www.koupelnapro.com\/#website"},"primaryImageOfPage":{"@id":"https:\/\/www.koupelnapro.com\/index.php\/produkt\/nejlepsi-volba-stenovy-vyvod-rucni-sprchy-mexen-mosazny-hranaty-chromovy-79345-00-43166\/#primaryimage"},"image":{"@id":"https:\/\/www.koupelnapro.com\/index.php\/produkt\/nejlepsi-volba-stenovy-vyvod-rucni-sprchy-mexen-mosazny-hranaty-chromovy-79345-00-43166\/#primaryimage"},"thumbnailUrl":"https:\/\/www.koupelnapro.com\/wp-content\/uploads\/2026\/SK0002689-CZ20260425-093041-0-1777080643-stenovy-vyvod-rucni-sprchy-mexen-mosazny-hranaty-chromovy.j.webp","datePublished":"2026-04-26T09:16:12+00:00","breadcrumb":{"@id":"https:\/\/www.koupelnapro.com\/index.php\/produkt\/nejlepsi-volba-stenovy-vyvod-rucni-sprchy-mexen-mosazny-hranaty-chromovy-79345-00-43166\/#breadcrumb"},"inLanguage":"cs","potentialAction":[{"@type":"ReadAction","target":["https:\/\/www.koupelnapro.com\/index.php\/produkt\/nejlepsi-volba-stenovy-vyvod-rucni-sprchy-mexen-mosazny-hranaty-chromovy-79345-00-43166\/"]}]},{"@type":"ImageObject","inLanguage":"cs","@id":"https:\/\/www.koupelnapro.com\/index.php\/produkt\/nejlepsi-volba-stenovy-vyvod-rucni-sprchy-mexen-mosazny-hranaty-chromovy-79345-00-43166\/#primaryimage","url":"https:\/\/www.koupelnapro.com\/wp-content\/uploads\/2026\/SK0002689-CZ20260425-093041-0-1777080643-stenovy-vyvod-rucni-sprchy-mexen-mosazny-hranaty-chromovy.j.webp","contentUrl":"https:\/\/www.koupelnapro.com\/wp-content\/uploads\/2026\/SK0002689-CZ20260425-093041-0-1777080643-stenovy-vyvod-rucni-sprchy-mexen-mosazny-hranaty-chromovy.j.webp","width":764,"height":800},{"@type":"BreadcrumbList","@id":"https:\/\/www.koupelnapro.com\/index.php\/produkt\/nejlepsi-volba-stenovy-vyvod-rucni-sprchy-mexen-mosazny-hranaty-chromovy-79345-00-43166\/#breadcrumb","itemListElement":[{"@type":"ListItem","position":1,"name":"Home","item":"https:\/\/www.koupelnapro.com\/"},{"@type":"ListItem","position":2,"name":"Products","item":"https:\/\/www.koupelnapro.com\/index.php\/products\/"},{"@type":"ListItem","position":3,"name":"Nejlep\u0161\u00ed Volba St\u011bnov\u00fd v\u00fdvod ru\u010dn\u00ed sprchy MEXEN &#8211; mosazn\u00fd &#8211; hranat\u00fd &#8211; chromov\u00fd, 79345-00"}]},{"@type":"WebSite","@id":"https:\/\/www.koupelnapro.com\/#website","url":"https:\/\/www.koupelnapro.com\/","name":"","description":"","potentialAction":[{"@type":"SearchAction","target":{"@type":"EntryPoint","urlTemplate":"https:\/\/www.koupelnapro.com\/?s={search_term_string}"},"query-input":{"@type":"PropertyValueSpecification","valueRequired":true,"valueName":"search_term_string"}}],"inLanguage":"cs"}]}},"_links":{"self":[{"href":"https:\/\/www.koupelnapro.com\/index.php\/wp-json\/wp\/v2\/product\/43166","targetHints":{"allow":["GET"]}}],"collection":[{"href":"https:\/\/www.koupelnapro.com\/index.php\/wp-json\/wp\/v2\/product"}],"about":[{"href":"https:\/\/www.koupelnapro.com\/index.php\/wp-json\/wp\/v2\/types\/product"}],"replies":[{"embeddable":true,"href":"https:\/\/www.koupelnapro.com\/index.php\/wp-json\/wp\/v2\/comments?post=43166"}],"wp:featuredmedia":[{"embeddable":true,"href":"https:\/\/www.koupelnapro.com\/index.php\/wp-json\/wp\/v2\/media\/43266"}],"wp:attachment":[{"href":"https:\/\/www.koupelnapro.com\/index.php\/wp-json\/wp\/v2\/media?parent=43166"}],"wp:term":[{"taxonomy":"product_brand","embeddable":true,"href":"https:\/\/www.koupelnapro.com\/index.php\/wp-json\/wp\/v2\/product_brand?post=43166"},{"taxonomy":"product_cat","embeddable":true,"href":"https:\/\/www.koupelnapro.com\/index.php\/wp-json\/wp\/v2\/product_cat?post=43166"},{"taxonomy":"product_tag","embeddable":true,"href":"https:\/\/www.koupelnapro.com\/index.php\/wp-json\/wp\/v2\/product_tag?post=43166"}],"curies":[{"name":"wp","href":"https:\/\/api.w.org\/{rel}","templated":true}]}}