{"id":43164,"date":"2026-04-26T09:16:12","date_gmt":"2026-04-26T09:16:12","guid":{"rendered":""},"modified":"2026-04-26T09:16:12","modified_gmt":"2026-04-26T09:16:12","slug":"zavesny-obdelnikovy-drzak-mydla-mexen-arno-kov-rose-gold-7020751-60-cenova-bomba-43164","status":"publish","type":"product","link":"https:\/\/www.koupelnapro.com\/index.php\/produkt\/zavesny-obdelnikovy-drzak-mydla-mexen-arno-kov-rose-gold-7020751-60-cenova-bomba-43164\/","title":{"rendered":"Z\u00e1v\u011bsn\u00fd obd\u00e9ln\u00edkov\u00fd dr\u017e\u00e1k m\u00fddla MEXEN ARNO &#8211; kov &#8211; rose gold, 7020751-60 Cenov\u00e1 Bomba"},"content":{"rendered":"<div class=\"tabs__content-outer\" id=\"tab_description\" data-hash=\"description\" data-tabindex=\"-1\">\n<div class=\"tabs__content toggle_description\" id=\"content_description\">\n<div class=\"wysiwyg-content\">\n<div class=\"product__tab product__description full-width\">\n<div class=\"container\">\n<div >\n<h3>Z\u00e1v\u011bsn\u00fd obd\u00e9ln\u00edkov\u00fd dr\u017e\u00e1k m\u00fddla ARNO &#8211; kov &#8211; rose gold<\/h3>\n<p>Jednoduch\u00fd modern\u00ed dr\u017e\u00e1k ve zlat\u00e9m proveden\u00ed s modern\u00edm odst\u00ednem rose gold snadno zav\u011bs\u00edte pobl\u00ed\u017e umyvadla, kde bude slou\u017eit jako miska na m\u00fddlo. D\u00edky sv\u00e9mu nad\u010dasov\u00e9mu vzhledu a t\u011bla vyroben\u00e9ho z kovu bude dlouho slou\u017eit.<\/p>\n<p><strong>Parametry:\u00a0<\/strong><\/p>\n<ul>\n<li>materi\u00e1l: kov\u00a0<\/li>\n<li>barva: rose gold (&#8222;r\u016f\u017eov\u00e9 zlato&#8220;)<\/li>\n<li>\u0161\u00ed\u0159ka: 130 mm\u00a0<\/li>\n<li>v\u00fd\u0161ka: 50 mm\u00a0<\/li>\n<li>hloubka: 120 mm\u00a0<\/li>\n<\/ul>\n<\/div><\/div>\n<\/p><\/div>\n<\/p><\/div>\n<\/p><\/div>\n","protected":false},"excerpt":{"rendered":"<p>Z\u00e1v\u011bsn\u00fd obd\u00e9ln\u00edkov\u00fd dr\u017e\u00e1k m\u00fddla ARNO &#8211; kov &#8211; rose gold Jednoduch\u00fd modern\u00ed dr\u017e\u00e1k ve zlat\u00e9m proveden\u00ed s modern\u00edm odst\u00ednem rose gold snadno zav\u011bs\u00edte pobl\u00ed\u017e umyvadla, kde bude slou\u017eit jako miska na m\u00fddlo. D\u00edky sv\u00e9mu nad\u010dasov\u00e9mu vzhledu a t\u011bla vyroben\u00e9ho z kovu bude dlouho slou\u017eit. Parametry:\u00a0 materi\u00e1l: kov\u00a0 barva: rose gold (&#8222;r\u016f\u017eov\u00e9 zlato&#8220;) \u0161\u00ed\u0159ka: 130 mm\u00a0 [&hellip;]<\/p>\n","protected":false},"featured_media":43264,"comment_status":"open","ping_status":"open","template":"","meta":[],"product_brand":[],"product_cat":[152],"product_tag":[],"class_list":{"0":"post-43164","1":"product","2":"type-product","3":"status-publish","4":"has-post-thumbnail","6":"product_cat-koupelna","8":"first","9":"instock","10":"sale","11":"shipping-taxable","12":"purchasable","13":"product-type-simple"},"yoast_head":"<!-- This site is optimized with the Yoast SEO plugin v26.8 - https:\/\/yoast.com\/product\/yoast-seo-wordpress\/ -->\n<title>Z\u00e1v\u011bsn\u00fd obd\u00e9ln\u00edkov\u00fd dr\u017e\u00e1k m\u00fddla MEXEN ARNO - kov - rose gold, 7020751-60 Cenov\u00e1 Bomba -<\/title>\n<meta name=\"robots\" content=\"index, follow, max-snippet:-1, max-image-preview:large, max-video-preview:-1\" \/>\n<link rel=\"canonical\" href=\"https:\/\/www.koupelnapro.com\/index.php\/produkt\/zavesny-obdelnikovy-drzak-mydla-mexen-arno-kov-rose-gold-7020751-60-cenova-bomba-43164\/\" \/>\n<meta property=\"og:locale\" content=\"cs_CZ\" \/>\n<meta property=\"og:type\" content=\"article\" \/>\n<meta property=\"og:title\" content=\"Z\u00e1v\u011bsn\u00fd obd\u00e9ln\u00edkov\u00fd dr\u017e\u00e1k m\u00fddla MEXEN ARNO - kov - rose gold, 7020751-60 Cenov\u00e1 Bomba -\" \/>\n<meta property=\"og:description\" content=\"Z\u00e1v\u011bsn\u00fd obd\u00e9ln\u00edkov\u00fd dr\u017e\u00e1k m\u00fddla ARNO &#8211; kov &#8211; rose gold Jednoduch\u00fd modern\u00ed dr\u017e\u00e1k ve zlat\u00e9m proveden\u00ed s modern\u00edm odst\u00ednem rose gold snadno zav\u011bs\u00edte pobl\u00ed\u017e umyvadla, kde bude slou\u017eit jako miska na m\u00fddlo. D\u00edky sv\u00e9mu nad\u010dasov\u00e9mu vzhledu a t\u011bla vyroben\u00e9ho z kovu bude dlouho slou\u017eit. Parametry:\u00a0 materi\u00e1l: kov\u00a0 barva: rose gold (&#8222;r\u016f\u017eov\u00e9 zlato&#8220;) \u0161\u00ed\u0159ka: 130 mm\u00a0 [&hellip;]\" \/>\n<meta property=\"og:url\" content=\"https:\/\/www.koupelnapro.com\/index.php\/produkt\/zavesny-obdelnikovy-drzak-mydla-mexen-arno-kov-rose-gold-7020751-60-cenova-bomba-43164\/\" \/>\n<meta property=\"og:image\" content=\"https:\/\/www.koupelnapro.com\/wp-content\/uploads\/2026\/SK0002687-CZ20260425-093041-0-1777080643-zavesny-obdelnikovy-drzak-mydla-mexen-arno-kov-rose-gold.jp.webp\" \/>\n\t<meta property=\"og:image:width\" content=\"720\" \/>\n\t<meta property=\"og:image:height\" content=\"439\" \/>\n\t<meta property=\"og:image:type\" content=\"image\/webp\" \/>\n<meta name=\"twitter:card\" content=\"summary_large_image\" \/>\n<script type=\"application\/ld+json\" class=\"yoast-schema-graph\">{\"@context\":\"https:\/\/schema.org\",\"@graph\":[{\"@type\":\"WebPage\",\"@id\":\"https:\/\/www.koupelnapro.com\/index.php\/produkt\/zavesny-obdelnikovy-drzak-mydla-mexen-arno-kov-rose-gold-7020751-60-cenova-bomba-43164\/\",\"url\":\"https:\/\/www.koupelnapro.com\/index.php\/produkt\/zavesny-obdelnikovy-drzak-mydla-mexen-arno-kov-rose-gold-7020751-60-cenova-bomba-43164\/\",\"name\":\"Z\u00e1v\u011bsn\u00fd obd\u00e9ln\u00edkov\u00fd dr\u017e\u00e1k m\u00fddla MEXEN ARNO - kov - rose gold, 7020751-60 Cenov\u00e1 Bomba -\",\"isPartOf\":{\"@id\":\"https:\/\/www.koupelnapro.com\/#website\"},\"primaryImageOfPage\":{\"@id\":\"https:\/\/www.koupelnapro.com\/index.php\/produkt\/zavesny-obdelnikovy-drzak-mydla-mexen-arno-kov-rose-gold-7020751-60-cenova-bomba-43164\/#primaryimage\"},\"image\":{\"@id\":\"https:\/\/www.koupelnapro.com\/index.php\/produkt\/zavesny-obdelnikovy-drzak-mydla-mexen-arno-kov-rose-gold-7020751-60-cenova-bomba-43164\/#primaryimage\"},\"thumbnailUrl\":\"https:\/\/www.koupelnapro.com\/wp-content\/uploads\/2026\/SK0002687-CZ20260425-093041-0-1777080643-zavesny-obdelnikovy-drzak-mydla-mexen-arno-kov-rose-gold.jp.webp\",\"datePublished\":\"2026-04-26T09:16:12+00:00\",\"breadcrumb\":{\"@id\":\"https:\/\/www.koupelnapro.com\/index.php\/produkt\/zavesny-obdelnikovy-drzak-mydla-mexen-arno-kov-rose-gold-7020751-60-cenova-bomba-43164\/#breadcrumb\"},\"inLanguage\":\"cs\",\"potentialAction\":[{\"@type\":\"ReadAction\",\"target\":[\"https:\/\/www.koupelnapro.com\/index.php\/produkt\/zavesny-obdelnikovy-drzak-mydla-mexen-arno-kov-rose-gold-7020751-60-cenova-bomba-43164\/\"]}]},{\"@type\":\"ImageObject\",\"inLanguage\":\"cs\",\"@id\":\"https:\/\/www.koupelnapro.com\/index.php\/produkt\/zavesny-obdelnikovy-drzak-mydla-mexen-arno-kov-rose-gold-7020751-60-cenova-bomba-43164\/#primaryimage\",\"url\":\"https:\/\/www.koupelnapro.com\/wp-content\/uploads\/2026\/SK0002687-CZ20260425-093041-0-1777080643-zavesny-obdelnikovy-drzak-mydla-mexen-arno-kov-rose-gold.jp.webp\",\"contentUrl\":\"https:\/\/www.koupelnapro.com\/wp-content\/uploads\/2026\/SK0002687-CZ20260425-093041-0-1777080643-zavesny-obdelnikovy-drzak-mydla-mexen-arno-kov-rose-gold.jp.webp\",\"width\":720,\"height\":439},{\"@type\":\"BreadcrumbList\",\"@id\":\"https:\/\/www.koupelnapro.com\/index.php\/produkt\/zavesny-obdelnikovy-drzak-mydla-mexen-arno-kov-rose-gold-7020751-60-cenova-bomba-43164\/#breadcrumb\",\"itemListElement\":[{\"@type\":\"ListItem\",\"position\":1,\"name\":\"Home\",\"item\":\"https:\/\/www.koupelnapro.com\/\"},{\"@type\":\"ListItem\",\"position\":2,\"name\":\"Products\",\"item\":\"https:\/\/www.koupelnapro.com\/index.php\/products\/\"},{\"@type\":\"ListItem\",\"position\":3,\"name\":\"Z\u00e1v\u011bsn\u00fd obd\u00e9ln\u00edkov\u00fd dr\u017e\u00e1k m\u00fddla MEXEN ARNO &#8211; kov &#8211; rose gold, 7020751-60 Cenov\u00e1 Bomba\"}]},{\"@type\":\"WebSite\",\"@id\":\"https:\/\/www.koupelnapro.com\/#website\",\"url\":\"https:\/\/www.koupelnapro.com\/\",\"name\":\"\",\"description\":\"\",\"potentialAction\":[{\"@type\":\"SearchAction\",\"target\":{\"@type\":\"EntryPoint\",\"urlTemplate\":\"https:\/\/www.koupelnapro.com\/?s={search_term_string}\"},\"query-input\":{\"@type\":\"PropertyValueSpecification\",\"valueRequired\":true,\"valueName\":\"search_term_string\"}}],\"inLanguage\":\"cs\"}]}<\/script>\n<!-- \/ Yoast SEO plugin. -->","yoast_head_json":{"title":"Z\u00e1v\u011bsn\u00fd obd\u00e9ln\u00edkov\u00fd dr\u017e\u00e1k m\u00fddla MEXEN ARNO - kov - rose gold, 7020751-60 Cenov\u00e1 Bomba -","robots":{"index":"index","follow":"follow","max-snippet":"max-snippet:-1","max-image-preview":"max-image-preview:large","max-video-preview":"max-video-preview:-1"},"canonical":"https:\/\/www.koupelnapro.com\/index.php\/produkt\/zavesny-obdelnikovy-drzak-mydla-mexen-arno-kov-rose-gold-7020751-60-cenova-bomba-43164\/","og_locale":"cs_CZ","og_type":"article","og_title":"Z\u00e1v\u011bsn\u00fd obd\u00e9ln\u00edkov\u00fd dr\u017e\u00e1k m\u00fddla MEXEN ARNO - kov - rose gold, 7020751-60 Cenov\u00e1 Bomba -","og_description":"Z\u00e1v\u011bsn\u00fd obd\u00e9ln\u00edkov\u00fd dr\u017e\u00e1k m\u00fddla ARNO &#8211; kov &#8211; rose gold Jednoduch\u00fd modern\u00ed dr\u017e\u00e1k ve zlat\u00e9m proveden\u00ed s modern\u00edm odst\u00ednem rose gold snadno zav\u011bs\u00edte pobl\u00ed\u017e umyvadla, kde bude slou\u017eit jako miska na m\u00fddlo. D\u00edky sv\u00e9mu nad\u010dasov\u00e9mu vzhledu a t\u011bla vyroben\u00e9ho z kovu bude dlouho slou\u017eit. Parametry:\u00a0 materi\u00e1l: kov\u00a0 barva: rose gold (&#8222;r\u016f\u017eov\u00e9 zlato&#8220;) \u0161\u00ed\u0159ka: 130 mm\u00a0 [&hellip;]","og_url":"https:\/\/www.koupelnapro.com\/index.php\/produkt\/zavesny-obdelnikovy-drzak-mydla-mexen-arno-kov-rose-gold-7020751-60-cenova-bomba-43164\/","og_image":[{"width":720,"height":439,"url":"https:\/\/www.koupelnapro.com\/wp-content\/uploads\/2026\/SK0002687-CZ20260425-093041-0-1777080643-zavesny-obdelnikovy-drzak-mydla-mexen-arno-kov-rose-gold.jp.webp","type":"image\/webp"}],"twitter_card":"summary_large_image","schema":{"@context":"https:\/\/schema.org","@graph":[{"@type":"WebPage","@id":"https:\/\/www.koupelnapro.com\/index.php\/produkt\/zavesny-obdelnikovy-drzak-mydla-mexen-arno-kov-rose-gold-7020751-60-cenova-bomba-43164\/","url":"https:\/\/www.koupelnapro.com\/index.php\/produkt\/zavesny-obdelnikovy-drzak-mydla-mexen-arno-kov-rose-gold-7020751-60-cenova-bomba-43164\/","name":"Z\u00e1v\u011bsn\u00fd obd\u00e9ln\u00edkov\u00fd dr\u017e\u00e1k m\u00fddla MEXEN ARNO - kov - rose gold, 7020751-60 Cenov\u00e1 Bomba -","isPartOf":{"@id":"https:\/\/www.koupelnapro.com\/#website"},"primaryImageOfPage":{"@id":"https:\/\/www.koupelnapro.com\/index.php\/produkt\/zavesny-obdelnikovy-drzak-mydla-mexen-arno-kov-rose-gold-7020751-60-cenova-bomba-43164\/#primaryimage"},"image":{"@id":"https:\/\/www.koupelnapro.com\/index.php\/produkt\/zavesny-obdelnikovy-drzak-mydla-mexen-arno-kov-rose-gold-7020751-60-cenova-bomba-43164\/#primaryimage"},"thumbnailUrl":"https:\/\/www.koupelnapro.com\/wp-content\/uploads\/2026\/SK0002687-CZ20260425-093041-0-1777080643-zavesny-obdelnikovy-drzak-mydla-mexen-arno-kov-rose-gold.jp.webp","datePublished":"2026-04-26T09:16:12+00:00","breadcrumb":{"@id":"https:\/\/www.koupelnapro.com\/index.php\/produkt\/zavesny-obdelnikovy-drzak-mydla-mexen-arno-kov-rose-gold-7020751-60-cenova-bomba-43164\/#breadcrumb"},"inLanguage":"cs","potentialAction":[{"@type":"ReadAction","target":["https:\/\/www.koupelnapro.com\/index.php\/produkt\/zavesny-obdelnikovy-drzak-mydla-mexen-arno-kov-rose-gold-7020751-60-cenova-bomba-43164\/"]}]},{"@type":"ImageObject","inLanguage":"cs","@id":"https:\/\/www.koupelnapro.com\/index.php\/produkt\/zavesny-obdelnikovy-drzak-mydla-mexen-arno-kov-rose-gold-7020751-60-cenova-bomba-43164\/#primaryimage","url":"https:\/\/www.koupelnapro.com\/wp-content\/uploads\/2026\/SK0002687-CZ20260425-093041-0-1777080643-zavesny-obdelnikovy-drzak-mydla-mexen-arno-kov-rose-gold.jp.webp","contentUrl":"https:\/\/www.koupelnapro.com\/wp-content\/uploads\/2026\/SK0002687-CZ20260425-093041-0-1777080643-zavesny-obdelnikovy-drzak-mydla-mexen-arno-kov-rose-gold.jp.webp","width":720,"height":439},{"@type":"BreadcrumbList","@id":"https:\/\/www.koupelnapro.com\/index.php\/produkt\/zavesny-obdelnikovy-drzak-mydla-mexen-arno-kov-rose-gold-7020751-60-cenova-bomba-43164\/#breadcrumb","itemListElement":[{"@type":"ListItem","position":1,"name":"Home","item":"https:\/\/www.koupelnapro.com\/"},{"@type":"ListItem","position":2,"name":"Products","item":"https:\/\/www.koupelnapro.com\/index.php\/products\/"},{"@type":"ListItem","position":3,"name":"Z\u00e1v\u011bsn\u00fd obd\u00e9ln\u00edkov\u00fd dr\u017e\u00e1k m\u00fddla MEXEN ARNO &#8211; kov &#8211; rose gold, 7020751-60 Cenov\u00e1 Bomba"}]},{"@type":"WebSite","@id":"https:\/\/www.koupelnapro.com\/#website","url":"https:\/\/www.koupelnapro.com\/","name":"","description":"","potentialAction":[{"@type":"SearchAction","target":{"@type":"EntryPoint","urlTemplate":"https:\/\/www.koupelnapro.com\/?s={search_term_string}"},"query-input":{"@type":"PropertyValueSpecification","valueRequired":true,"valueName":"search_term_string"}}],"inLanguage":"cs"}]}},"_links":{"self":[{"href":"https:\/\/www.koupelnapro.com\/index.php\/wp-json\/wp\/v2\/product\/43164","targetHints":{"allow":["GET"]}}],"collection":[{"href":"https:\/\/www.koupelnapro.com\/index.php\/wp-json\/wp\/v2\/product"}],"about":[{"href":"https:\/\/www.koupelnapro.com\/index.php\/wp-json\/wp\/v2\/types\/product"}],"replies":[{"embeddable":true,"href":"https:\/\/www.koupelnapro.com\/index.php\/wp-json\/wp\/v2\/comments?post=43164"}],"wp:featuredmedia":[{"embeddable":true,"href":"https:\/\/www.koupelnapro.com\/index.php\/wp-json\/wp\/v2\/media\/43264"}],"wp:attachment":[{"href":"https:\/\/www.koupelnapro.com\/index.php\/wp-json\/wp\/v2\/media?parent=43164"}],"wp:term":[{"taxonomy":"product_brand","embeddable":true,"href":"https:\/\/www.koupelnapro.com\/index.php\/wp-json\/wp\/v2\/product_brand?post=43164"},{"taxonomy":"product_cat","embeddable":true,"href":"https:\/\/www.koupelnapro.com\/index.php\/wp-json\/wp\/v2\/product_cat?post=43164"},{"taxonomy":"product_tag","embeddable":true,"href":"https:\/\/www.koupelnapro.com\/index.php\/wp-json\/wp\/v2\/product_tag?post=43164"}],"curies":[{"name":"wp","href":"https:\/\/api.w.org\/{rel}","templated":true}]}}