{"id":43157,"date":"2026-04-26T09:16:12","date_gmt":"2026-04-26T09:16:12","guid":{"rendered":""},"modified":"2026-04-26T09:16:12","modified_gmt":"2026-04-26T09:16:12","slug":"umyvadlova-baterie-maxmax-mexen-draco-zlata-nizka-745400-50-aktualni-43157","status":"publish","type":"product","link":"https:\/\/www.koupelnapro.com\/index.php\/produkt\/umyvadlova-baterie-maxmax-mexen-draco-zlata-nizka-745400-50-aktualni-43157\/","title":{"rendered":"Umyvadlov\u00e1 baterie MAXMAX MEXEN DRACO &#8211; zlat\u00e1 &#8211; n\u00edzk\u00e1, 745400-50 Aktu\u00e1ln\u00ed"},"content":{"rendered":"<div class=\"tabs__content-outer\" id=\"tab_description\" data-hash=\"description\" data-tabindex=\"-1\">\n<div class=\"tabs__content toggle_description\" id=\"content_description\">\n<div class=\"wysiwyg-content\">\n<div class=\"product__tab product__description full-width\">\n<div class=\"container\">\n<div >\n<h3>Umyvadlov\u00e1 baterie MAXMAX DRACO &#8211; zlat\u00e1 &#8211; n\u00edzk\u00e1<\/h3>\n<p>Tato designov\u00e1 umyvadlov\u00e1 baterie vynik\u00e1 sv\u00fdm \u010dist\u00fdm modern\u00edm vzhledem a speci\u00e1ln\u00edm v\u00fdtokem. T\u011blo\u00a0vodovodn\u00ed baterie<strong>\u00a0<\/strong>je vyrobeno z\u00a0<strong>mosazi<\/strong>, kter\u00e9 je pokryto vrstvou <strong>zlat\u00e9 barvy<\/strong>. Baterie se hod\u00ed do ka\u017ed\u00e9\u00a0koupelny a lze ji bez probl\u00e9mu kombinovat s keramikou i sklem. Syst\u00e9m uvnit\u0159 baterie efektivn\u011b provzdu\u0161\u0148uje vodu, co\u017e p\u0159in\u00e1\u0161\u00ed ni\u017e\u0161\u00ed spot\u0159ebu. Dod\u00e1v\u00e1no v\u010detn\u011b mont\u00e1\u017en\u00edho p\u0159\u00edslu\u0161enstv\u00ed.\u00a0<\/p>\n<p><span><strong>Parametry:<\/strong><\/span><\/p>\n<ul>\n<li>V\u00fd\u0161ka: 20 cm\u00a0<\/li>\n<li>V\u00fd\u0161ka \u00fast\u00ed nad z\u00e1kladnou: 11 cm\u00a0<\/li>\n<li>Hlava: keramick\u00e1\u00a0<\/li>\n<li>P\u0159ipojen\u00ed: 3\/8&#8243;\u00a0<\/li>\n<li>typ mont\u00e1\u017ee: stoj\u00edc\u00ed na desku nebo umyvadlo\u00a0<\/li>\n<\/ul>\n<\/div><\/div>\n<\/p><\/div>\n<\/p><\/div>\n<\/p><\/div>\n","protected":false},"excerpt":{"rendered":"<p>Umyvadlov\u00e1 baterie MAXMAX DRACO &#8211; zlat\u00e1 &#8211; n\u00edzk\u00e1 Tato designov\u00e1 umyvadlov\u00e1 baterie vynik\u00e1 sv\u00fdm \u010dist\u00fdm modern\u00edm vzhledem a speci\u00e1ln\u00edm v\u00fdtokem. T\u011blo\u00a0vodovodn\u00ed baterie\u00a0je vyrobeno z\u00a0mosazi, kter\u00e9 je pokryto vrstvou zlat\u00e9 barvy. Baterie se hod\u00ed do ka\u017ed\u00e9\u00a0koupelny a lze ji bez probl\u00e9mu kombinovat s keramikou i sklem. Syst\u00e9m uvnit\u0159 baterie efektivn\u011b provzdu\u0161\u0148uje vodu, co\u017e p\u0159in\u00e1\u0161\u00ed ni\u017e\u0161\u00ed spot\u0159ebu. [&hellip;]<\/p>\n","protected":false},"featured_media":43257,"comment_status":"open","ping_status":"open","template":"","meta":[],"product_brand":[],"product_cat":[152],"product_tag":[],"class_list":{"0":"post-43157","1":"product","2":"type-product","3":"status-publish","4":"has-post-thumbnail","6":"product_cat-koupelna","8":"first","9":"instock","10":"sale","11":"shipping-taxable","12":"purchasable","13":"product-type-simple"},"yoast_head":"<!-- This site is optimized with the Yoast SEO plugin v26.8 - https:\/\/yoast.com\/product\/yoast-seo-wordpress\/ -->\n<title>Umyvadlov\u00e1 baterie MAXMAX MEXEN DRACO - zlat\u00e1 - n\u00edzk\u00e1, 745400-50 Aktu\u00e1ln\u00ed -<\/title>\n<meta name=\"robots\" content=\"index, follow, max-snippet:-1, max-image-preview:large, max-video-preview:-1\" \/>\n<link rel=\"canonical\" href=\"https:\/\/www.koupelnapro.com\/index.php\/produkt\/umyvadlova-baterie-maxmax-mexen-draco-zlata-nizka-745400-50-aktualni-43157\/\" \/>\n<meta property=\"og:locale\" content=\"cs_CZ\" \/>\n<meta property=\"og:type\" content=\"article\" \/>\n<meta property=\"og:title\" content=\"Umyvadlov\u00e1 baterie MAXMAX MEXEN DRACO - zlat\u00e1 - n\u00edzk\u00e1, 745400-50 Aktu\u00e1ln\u00ed -\" \/>\n<meta property=\"og:description\" content=\"Umyvadlov\u00e1 baterie MAXMAX DRACO &#8211; zlat\u00e1 &#8211; n\u00edzk\u00e1 Tato designov\u00e1 umyvadlov\u00e1 baterie vynik\u00e1 sv\u00fdm \u010dist\u00fdm modern\u00edm vzhledem a speci\u00e1ln\u00edm v\u00fdtokem. T\u011blo\u00a0vodovodn\u00ed baterie\u00a0je vyrobeno z\u00a0mosazi, kter\u00e9 je pokryto vrstvou zlat\u00e9 barvy. Baterie se hod\u00ed do ka\u017ed\u00e9\u00a0koupelny a lze ji bez probl\u00e9mu kombinovat s keramikou i sklem. Syst\u00e9m uvnit\u0159 baterie efektivn\u011b provzdu\u0161\u0148uje vodu, co\u017e p\u0159in\u00e1\u0161\u00ed ni\u017e\u0161\u00ed spot\u0159ebu. [&hellip;]\" \/>\n<meta property=\"og:url\" content=\"https:\/\/www.koupelnapro.com\/index.php\/produkt\/umyvadlova-baterie-maxmax-mexen-draco-zlata-nizka-745400-50-aktualni-43157\/\" \/>\n<meta property=\"og:image\" content=\"https:\/\/www.koupelnapro.com\/wp-content\/uploads\/2026\/SK0002679-CZ20260425-093041-0-1777080643-umyvadlova-baterie-maxmax-mexen-draco-zlata-nizka.webp\" \/>\n\t<meta property=\"og:image:width\" content=\"697\" \/>\n\t<meta property=\"og:image:height\" content=\"765\" \/>\n\t<meta property=\"og:image:type\" content=\"image\/webp\" \/>\n<meta name=\"twitter:card\" content=\"summary_large_image\" \/>\n<meta name=\"twitter:label1\" content=\"Odhadovan\u00e1 doba \u010dten\u00ed\" \/>\n\t<meta name=\"twitter:data1\" content=\"1 minuta\" \/>\n<script type=\"application\/ld+json\" class=\"yoast-schema-graph\">{\"@context\":\"https:\/\/schema.org\",\"@graph\":[{\"@type\":\"WebPage\",\"@id\":\"https:\/\/www.koupelnapro.com\/index.php\/produkt\/umyvadlova-baterie-maxmax-mexen-draco-zlata-nizka-745400-50-aktualni-43157\/\",\"url\":\"https:\/\/www.koupelnapro.com\/index.php\/produkt\/umyvadlova-baterie-maxmax-mexen-draco-zlata-nizka-745400-50-aktualni-43157\/\",\"name\":\"Umyvadlov\u00e1 baterie MAXMAX MEXEN DRACO - zlat\u00e1 - n\u00edzk\u00e1, 745400-50 Aktu\u00e1ln\u00ed -\",\"isPartOf\":{\"@id\":\"https:\/\/www.koupelnapro.com\/#website\"},\"primaryImageOfPage\":{\"@id\":\"https:\/\/www.koupelnapro.com\/index.php\/produkt\/umyvadlova-baterie-maxmax-mexen-draco-zlata-nizka-745400-50-aktualni-43157\/#primaryimage\"},\"image\":{\"@id\":\"https:\/\/www.koupelnapro.com\/index.php\/produkt\/umyvadlova-baterie-maxmax-mexen-draco-zlata-nizka-745400-50-aktualni-43157\/#primaryimage\"},\"thumbnailUrl\":\"https:\/\/www.koupelnapro.com\/wp-content\/uploads\/2026\/SK0002679-CZ20260425-093041-0-1777080643-umyvadlova-baterie-maxmax-mexen-draco-zlata-nizka.webp\",\"datePublished\":\"2026-04-26T09:16:12+00:00\",\"breadcrumb\":{\"@id\":\"https:\/\/www.koupelnapro.com\/index.php\/produkt\/umyvadlova-baterie-maxmax-mexen-draco-zlata-nizka-745400-50-aktualni-43157\/#breadcrumb\"},\"inLanguage\":\"cs\",\"potentialAction\":[{\"@type\":\"ReadAction\",\"target\":[\"https:\/\/www.koupelnapro.com\/index.php\/produkt\/umyvadlova-baterie-maxmax-mexen-draco-zlata-nizka-745400-50-aktualni-43157\/\"]}]},{\"@type\":\"ImageObject\",\"inLanguage\":\"cs\",\"@id\":\"https:\/\/www.koupelnapro.com\/index.php\/produkt\/umyvadlova-baterie-maxmax-mexen-draco-zlata-nizka-745400-50-aktualni-43157\/#primaryimage\",\"url\":\"https:\/\/www.koupelnapro.com\/wp-content\/uploads\/2026\/SK0002679-CZ20260425-093041-0-1777080643-umyvadlova-baterie-maxmax-mexen-draco-zlata-nizka.webp\",\"contentUrl\":\"https:\/\/www.koupelnapro.com\/wp-content\/uploads\/2026\/SK0002679-CZ20260425-093041-0-1777080643-umyvadlova-baterie-maxmax-mexen-draco-zlata-nizka.webp\",\"width\":697,\"height\":765},{\"@type\":\"BreadcrumbList\",\"@id\":\"https:\/\/www.koupelnapro.com\/index.php\/produkt\/umyvadlova-baterie-maxmax-mexen-draco-zlata-nizka-745400-50-aktualni-43157\/#breadcrumb\",\"itemListElement\":[{\"@type\":\"ListItem\",\"position\":1,\"name\":\"Home\",\"item\":\"https:\/\/www.koupelnapro.com\/\"},{\"@type\":\"ListItem\",\"position\":2,\"name\":\"Products\",\"item\":\"https:\/\/www.koupelnapro.com\/index.php\/products\/\"},{\"@type\":\"ListItem\",\"position\":3,\"name\":\"Umyvadlov\u00e1 baterie MAXMAX MEXEN DRACO &#8211; zlat\u00e1 &#8211; n\u00edzk\u00e1, 745400-50 Aktu\u00e1ln\u00ed\"}]},{\"@type\":\"WebSite\",\"@id\":\"https:\/\/www.koupelnapro.com\/#website\",\"url\":\"https:\/\/www.koupelnapro.com\/\",\"name\":\"\",\"description\":\"\",\"potentialAction\":[{\"@type\":\"SearchAction\",\"target\":{\"@type\":\"EntryPoint\",\"urlTemplate\":\"https:\/\/www.koupelnapro.com\/?s={search_term_string}\"},\"query-input\":{\"@type\":\"PropertyValueSpecification\",\"valueRequired\":true,\"valueName\":\"search_term_string\"}}],\"inLanguage\":\"cs\"}]}<\/script>\n<!-- \/ Yoast SEO plugin. -->","yoast_head_json":{"title":"Umyvadlov\u00e1 baterie MAXMAX MEXEN DRACO - zlat\u00e1 - n\u00edzk\u00e1, 745400-50 Aktu\u00e1ln\u00ed -","robots":{"index":"index","follow":"follow","max-snippet":"max-snippet:-1","max-image-preview":"max-image-preview:large","max-video-preview":"max-video-preview:-1"},"canonical":"https:\/\/www.koupelnapro.com\/index.php\/produkt\/umyvadlova-baterie-maxmax-mexen-draco-zlata-nizka-745400-50-aktualni-43157\/","og_locale":"cs_CZ","og_type":"article","og_title":"Umyvadlov\u00e1 baterie MAXMAX MEXEN DRACO - zlat\u00e1 - n\u00edzk\u00e1, 745400-50 Aktu\u00e1ln\u00ed -","og_description":"Umyvadlov\u00e1 baterie MAXMAX DRACO &#8211; zlat\u00e1 &#8211; n\u00edzk\u00e1 Tato designov\u00e1 umyvadlov\u00e1 baterie vynik\u00e1 sv\u00fdm \u010dist\u00fdm modern\u00edm vzhledem a speci\u00e1ln\u00edm v\u00fdtokem. T\u011blo\u00a0vodovodn\u00ed baterie\u00a0je vyrobeno z\u00a0mosazi, kter\u00e9 je pokryto vrstvou zlat\u00e9 barvy. Baterie se hod\u00ed do ka\u017ed\u00e9\u00a0koupelny a lze ji bez probl\u00e9mu kombinovat s keramikou i sklem. Syst\u00e9m uvnit\u0159 baterie efektivn\u011b provzdu\u0161\u0148uje vodu, co\u017e p\u0159in\u00e1\u0161\u00ed ni\u017e\u0161\u00ed spot\u0159ebu. [&hellip;]","og_url":"https:\/\/www.koupelnapro.com\/index.php\/produkt\/umyvadlova-baterie-maxmax-mexen-draco-zlata-nizka-745400-50-aktualni-43157\/","og_image":[{"width":697,"height":765,"url":"https:\/\/www.koupelnapro.com\/wp-content\/uploads\/2026\/SK0002679-CZ20260425-093041-0-1777080643-umyvadlova-baterie-maxmax-mexen-draco-zlata-nizka.webp","type":"image\/webp"}],"twitter_card":"summary_large_image","twitter_misc":{"Odhadovan\u00e1 doba \u010dten\u00ed":"1 minuta"},"schema":{"@context":"https:\/\/schema.org","@graph":[{"@type":"WebPage","@id":"https:\/\/www.koupelnapro.com\/index.php\/produkt\/umyvadlova-baterie-maxmax-mexen-draco-zlata-nizka-745400-50-aktualni-43157\/","url":"https:\/\/www.koupelnapro.com\/index.php\/produkt\/umyvadlova-baterie-maxmax-mexen-draco-zlata-nizka-745400-50-aktualni-43157\/","name":"Umyvadlov\u00e1 baterie MAXMAX MEXEN DRACO - zlat\u00e1 - n\u00edzk\u00e1, 745400-50 Aktu\u00e1ln\u00ed -","isPartOf":{"@id":"https:\/\/www.koupelnapro.com\/#website"},"primaryImageOfPage":{"@id":"https:\/\/www.koupelnapro.com\/index.php\/produkt\/umyvadlova-baterie-maxmax-mexen-draco-zlata-nizka-745400-50-aktualni-43157\/#primaryimage"},"image":{"@id":"https:\/\/www.koupelnapro.com\/index.php\/produkt\/umyvadlova-baterie-maxmax-mexen-draco-zlata-nizka-745400-50-aktualni-43157\/#primaryimage"},"thumbnailUrl":"https:\/\/www.koupelnapro.com\/wp-content\/uploads\/2026\/SK0002679-CZ20260425-093041-0-1777080643-umyvadlova-baterie-maxmax-mexen-draco-zlata-nizka.webp","datePublished":"2026-04-26T09:16:12+00:00","breadcrumb":{"@id":"https:\/\/www.koupelnapro.com\/index.php\/produkt\/umyvadlova-baterie-maxmax-mexen-draco-zlata-nizka-745400-50-aktualni-43157\/#breadcrumb"},"inLanguage":"cs","potentialAction":[{"@type":"ReadAction","target":["https:\/\/www.koupelnapro.com\/index.php\/produkt\/umyvadlova-baterie-maxmax-mexen-draco-zlata-nizka-745400-50-aktualni-43157\/"]}]},{"@type":"ImageObject","inLanguage":"cs","@id":"https:\/\/www.koupelnapro.com\/index.php\/produkt\/umyvadlova-baterie-maxmax-mexen-draco-zlata-nizka-745400-50-aktualni-43157\/#primaryimage","url":"https:\/\/www.koupelnapro.com\/wp-content\/uploads\/2026\/SK0002679-CZ20260425-093041-0-1777080643-umyvadlova-baterie-maxmax-mexen-draco-zlata-nizka.webp","contentUrl":"https:\/\/www.koupelnapro.com\/wp-content\/uploads\/2026\/SK0002679-CZ20260425-093041-0-1777080643-umyvadlova-baterie-maxmax-mexen-draco-zlata-nizka.webp","width":697,"height":765},{"@type":"BreadcrumbList","@id":"https:\/\/www.koupelnapro.com\/index.php\/produkt\/umyvadlova-baterie-maxmax-mexen-draco-zlata-nizka-745400-50-aktualni-43157\/#breadcrumb","itemListElement":[{"@type":"ListItem","position":1,"name":"Home","item":"https:\/\/www.koupelnapro.com\/"},{"@type":"ListItem","position":2,"name":"Products","item":"https:\/\/www.koupelnapro.com\/index.php\/products\/"},{"@type":"ListItem","position":3,"name":"Umyvadlov\u00e1 baterie MAXMAX MEXEN DRACO &#8211; zlat\u00e1 &#8211; n\u00edzk\u00e1, 745400-50 Aktu\u00e1ln\u00ed"}]},{"@type":"WebSite","@id":"https:\/\/www.koupelnapro.com\/#website","url":"https:\/\/www.koupelnapro.com\/","name":"","description":"","potentialAction":[{"@type":"SearchAction","target":{"@type":"EntryPoint","urlTemplate":"https:\/\/www.koupelnapro.com\/?s={search_term_string}"},"query-input":{"@type":"PropertyValueSpecification","valueRequired":true,"valueName":"search_term_string"}}],"inLanguage":"cs"}]}},"_links":{"self":[{"href":"https:\/\/www.koupelnapro.com\/index.php\/wp-json\/wp\/v2\/product\/43157","targetHints":{"allow":["GET"]}}],"collection":[{"href":"https:\/\/www.koupelnapro.com\/index.php\/wp-json\/wp\/v2\/product"}],"about":[{"href":"https:\/\/www.koupelnapro.com\/index.php\/wp-json\/wp\/v2\/types\/product"}],"replies":[{"embeddable":true,"href":"https:\/\/www.koupelnapro.com\/index.php\/wp-json\/wp\/v2\/comments?post=43157"}],"wp:featuredmedia":[{"embeddable":true,"href":"https:\/\/www.koupelnapro.com\/index.php\/wp-json\/wp\/v2\/media\/43257"}],"wp:attachment":[{"href":"https:\/\/www.koupelnapro.com\/index.php\/wp-json\/wp\/v2\/media?parent=43157"}],"wp:term":[{"taxonomy":"product_brand","embeddable":true,"href":"https:\/\/www.koupelnapro.com\/index.php\/wp-json\/wp\/v2\/product_brand?post=43157"},{"taxonomy":"product_cat","embeddable":true,"href":"https:\/\/www.koupelnapro.com\/index.php\/wp-json\/wp\/v2\/product_cat?post=43157"},{"taxonomy":"product_tag","embeddable":true,"href":"https:\/\/www.koupelnapro.com\/index.php\/wp-json\/wp\/v2\/product_tag?post=43157"}],"curies":[{"name":"wp","href":"https:\/\/api.w.org\/{rel}","templated":true}]}}