{"id":42892,"date":"2026-04-26T09:16:11","date_gmt":"2026-04-26T09:16:11","guid":{"rendered":""},"modified":"2026-04-26T09:16:11","modified_gmt":"2026-04-26T09:16:11","slug":"znackovy-polysan-thron-square-obdelnikovy-sprchovy-kout-1300x1000mm-hranate-pojezdy-tl1310-5002-42892","status":"publish","type":"product","link":"https:\/\/www.koupelnapro.com\/index.php\/produkt\/znackovy-polysan-thron-square-obdelnikovy-sprchovy-kout-1300x1000mm-hranate-pojezdy-tl1310-5002-42892\/","title":{"rendered":"Zna\u010dkov\u00fd Polysan THRON SQUARE obd\u00e9ln\u00edkov\u00fd sprchov\u00fd kout 1300x1000mm, hranat\u00e9 pojezdy, TL1310-5002"},"content":{"rendered":"<div class=\"basic-description\">\n<div class=\"product-explanation-item\">\n<h3><span style=\"font-size: 12pt;\">Sm\u011br otev\u00edr\u00e1n\u00ed &#8211; univerz\u00e1ln\u00ed<\/span><\/h3>\n<p>Instalace je mo\u017en\u00e1 s&nbsp;lev\u00fdm nebo prav\u00fdm otev\u00edr\u00e1n\u00edm dve\u0159\u00ed.<\/p>\n<\/div>\n<div class=\"product-explanation-item\">\n<h3><span style=\"font-size: 12pt;\">Antidrop<\/span><\/h3>\n<p>Antidrop je povrchov\u00e1 \u00faprava skla pro jeho snadnou \u00fadr\u017ebu. P\u0159i v\u00fdrob\u011b skla je nan\u00e1\u0161ena na jeho povrch s&nbsp;pou\u017eit\u00edm nanotechnologie a je obsa\u017eena v&nbsp;cen\u011b z\u00e1st\u011bn.<\/p>\n<\/div>\n<div class=\"product-explanation-item\">\n<h3><span style=\"font-size: 12pt;\">Bezr\u00e1mov\u00e9 sprchov\u00e9 z\u00e1st\u011bny<\/span><\/h3>\n<p>Ochranu proti p\u0159ete\u010den\u00ed vody u&nbsp;bezr\u00e1mov\u00fdch z\u00e1st\u011bn zaji\u0161\u0165uje n\u00edzk\u00e1 p\u0159etokov\u00e1 li\u0161ta, kter\u00e1 dotv\u00e1\u0159\u00ed \u010dist\u00fd vzhled z\u00e1st\u011bny. Bezr\u00e1mov\u00e9 z\u00e1st\u011bny tak p\u016fsob\u00ed sv\u011b\u017e\u00edm elegantn\u00edm dojmem.<\/p>\n<h2><span style=\"font-size: 12pt;\">Popis s\u00e9rie:<\/span><\/h2>\n<p>THRON LINE &#8211; obl\u00edben\u00fd design posuvn\u00fdch z\u00e1st\u011bn s&nbsp;minimalistick\u00fdmi pohledov\u00fdmi koly, kter\u00e1 zaji\u0161\u0165uj\u00ed tich\u00fd a lehk\u00fd pohyb masivn\u00edch sklen\u011bn\u00fdch dve\u0159\u00ed z&nbsp;\u010dir\u00e9ho skla. \u00dachyty pojezdn\u00fdch kol v&nbsp;hranat\u00e9m nebo kulat\u00e9m proveden\u00ed v\u00fdrazn\u011b m\u011bn\u00ed celkov\u00fd vzhled dve\u0159\u00ed.<\/p>\n<p><strong>Celkov\u00e1 charakteristika sprchov\u00fdch z\u00e1st\u011bn s\u00e9rie THRON LINE:<\/strong><\/p>\n<ul>\n<li>\u010cir\u00e9 bezpe\u010dnostn\u00ed sklo o&nbsp;s\u00edle 8 mm<\/li>\n<li>Oboustrann\u00e1 povrchov\u00e1 \u00faprava ANTIDROP zabra\u0148uje usazov\u00e1n\u00ed vodn\u00edho kamene a usnad\u0148uje \u010di\u0161t\u011bn\u00ed<\/li>\n<li>Horn\u00ed pojezdov\u00e1 lo\u017eiskov\u00e1 kola zaru\u010duj\u00ed bezvadn\u00fd chod na mnoho let<\/li>\n<li>Design kol a \u00fachyt\u016f skla v&nbsp;hranat\u00e9m SQUARE nebo kulat\u00e9m ROUND proveden\u00ed<\/li>\n<li>V\u00fd\u0161ka 2000 mm<\/li>\n<li>Rozst\u0159iku vody zabra\u0148uje prahov\u00e1 li\u0161ta s&nbsp;PVC t\u011bsn\u011bn\u00edm<\/li>\n<li>Dve\u0159e jsou d\u011bleny na \u010d\u00e1st posuvnou a pevnou &#8211; umo\u017e\u0148uj\u00ed variabiln\u00ed instalaci s&nbsp;lev\u00fdm nebo prav\u00fdm otev\u00edr\u00e1n\u00edm<\/li>\n<li>Sklo dve\u0159\u00ed je voln\u011b zav\u011b\u0161en\u00e9 bez spodn\u00edho vod\u00edc\u00edho profilu<\/li>\n<li>10 mm vysok\u00e1 p\u0159etokov\u00e1 li\u0161ta umo\u017e\u0148uje t\u00e9m\u011b\u0159 bezbari\u00e9rov\u00fd vstup<\/li>\n<\/ul>\n<p><span style=\"color: #ff0000;\"><strong>Ilustra\u010dn\u00ed obr\u00e1zek &#8211; sprchov\u00e1 vani\u010dka ani sprchov\u00e1 baterie nen\u00ed sou\u010d\u00e1st\u00ed.<\/strong><\/span><\/p>\n<\/div><\/div>\n<\/p><\/div>\n<\/p><\/div>\n","protected":false},"excerpt":{"rendered":"<p>Sm\u011br otev\u00edr\u00e1n\u00ed &#8211; univerz\u00e1ln\u00ed Instalace je mo\u017en\u00e1 s&nbsp;lev\u00fdm nebo prav\u00fdm otev\u00edr\u00e1n\u00edm dve\u0159\u00ed. Antidrop Antidrop je povrchov\u00e1 \u00faprava skla pro jeho snadnou \u00fadr\u017ebu. P\u0159i v\u00fdrob\u011b skla je nan\u00e1\u0161ena na jeho povrch s&nbsp;pou\u017eit\u00edm nanotechnologie a je obsa\u017eena v&nbsp;cen\u011b z\u00e1st\u011bn. Bezr\u00e1mov\u00e9 sprchov\u00e9 z\u00e1st\u011bny Ochranu proti p\u0159ete\u010den\u00ed vody u&nbsp;bezr\u00e1mov\u00fdch z\u00e1st\u011bn zaji\u0161\u0165uje n\u00edzk\u00e1 p\u0159etokov\u00e1 li\u0161ta, kter\u00e1 dotv\u00e1\u0159\u00ed \u010dist\u00fd vzhled z\u00e1st\u011bny. [&hellip;]<\/p>\n","protected":false},"featured_media":42992,"comment_status":"open","ping_status":"open","template":"","meta":[],"product_brand":[],"product_cat":[148],"product_tag":[],"class_list":{"0":"post-42892","1":"product","2":"type-product","3":"status-publish","4":"has-post-thumbnail","6":"product_cat-sprchove-kouty-vanicky-a-zlaby","8":"first","9":"instock","10":"sale","11":"shipping-taxable","12":"purchasable","13":"product-type-simple"},"yoast_head":"<!-- This site is optimized with the Yoast SEO plugin v26.8 - https:\/\/yoast.com\/product\/yoast-seo-wordpress\/ -->\n<title>Zna\u010dkov\u00fd Polysan THRON SQUARE obd\u00e9ln\u00edkov\u00fd sprchov\u00fd kout 1300x1000mm, hranat\u00e9 pojezdy, TL1310-5002 -<\/title>\n<meta name=\"robots\" content=\"index, follow, max-snippet:-1, max-image-preview:large, max-video-preview:-1\" \/>\n<link rel=\"canonical\" href=\"https:\/\/www.koupelnapro.com\/index.php\/produkt\/znackovy-polysan-thron-square-obdelnikovy-sprchovy-kout-1300x1000mm-hranate-pojezdy-tl1310-5002-42892\/\" \/>\n<meta property=\"og:locale\" content=\"cs_CZ\" \/>\n<meta property=\"og:type\" content=\"article\" \/>\n<meta property=\"og:title\" content=\"Zna\u010dkov\u00fd Polysan THRON SQUARE obd\u00e9ln\u00edkov\u00fd sprchov\u00fd kout 1300x1000mm, hranat\u00e9 pojezdy, TL1310-5002 -\" \/>\n<meta property=\"og:description\" content=\"Sm\u011br otev\u00edr\u00e1n\u00ed &#8211; univerz\u00e1ln\u00ed Instalace je mo\u017en\u00e1 s&nbsp;lev\u00fdm nebo prav\u00fdm otev\u00edr\u00e1n\u00edm dve\u0159\u00ed. Antidrop Antidrop je povrchov\u00e1 \u00faprava skla pro jeho snadnou \u00fadr\u017ebu. P\u0159i v\u00fdrob\u011b skla je nan\u00e1\u0161ena na jeho povrch s&nbsp;pou\u017eit\u00edm nanotechnologie a je obsa\u017eena v&nbsp;cen\u011b z\u00e1st\u011bn. Bezr\u00e1mov\u00e9 sprchov\u00e9 z\u00e1st\u011bny Ochranu proti p\u0159ete\u010den\u00ed vody u&nbsp;bezr\u00e1mov\u00fdch z\u00e1st\u011bn zaji\u0161\u0165uje n\u00edzk\u00e1 p\u0159etokov\u00e1 li\u0161ta, kter\u00e1 dotv\u00e1\u0159\u00ed \u010dist\u00fd vzhled z\u00e1st\u011bny. [&hellip;]\" \/>\n<meta property=\"og:url\" content=\"https:\/\/www.koupelnapro.com\/index.php\/produkt\/znackovy-polysan-thron-square-obdelnikovy-sprchovy-kout-1300x1000mm-hranate-pojezdy-tl1310-5002-42892\/\" \/>\n<meta property=\"og:image\" content=\"https:\/\/www.koupelnapro.com\/wp-content\/uploads\/2026\/SK0003610-CZ20260425-092934-0-1777080574-74711_tl1310-5002-198998719730496.webp\" \/>\n\t<meta property=\"og:image:width\" content=\"533\" \/>\n\t<meta property=\"og:image:height\" content=\"800\" \/>\n\t<meta property=\"og:image:type\" content=\"image\/webp\" \/>\n<meta name=\"twitter:card\" content=\"summary_large_image\" \/>\n<meta name=\"twitter:label1\" content=\"Odhadovan\u00e1 doba \u010dten\u00ed\" \/>\n\t<meta name=\"twitter:data1\" content=\"2 minuty\" \/>\n<script type=\"application\/ld+json\" class=\"yoast-schema-graph\">{\"@context\":\"https:\/\/schema.org\",\"@graph\":[{\"@type\":\"WebPage\",\"@id\":\"https:\/\/www.koupelnapro.com\/index.php\/produkt\/znackovy-polysan-thron-square-obdelnikovy-sprchovy-kout-1300x1000mm-hranate-pojezdy-tl1310-5002-42892\/\",\"url\":\"https:\/\/www.koupelnapro.com\/index.php\/produkt\/znackovy-polysan-thron-square-obdelnikovy-sprchovy-kout-1300x1000mm-hranate-pojezdy-tl1310-5002-42892\/\",\"name\":\"Zna\u010dkov\u00fd Polysan THRON SQUARE obd\u00e9ln\u00edkov\u00fd sprchov\u00fd kout 1300x1000mm, hranat\u00e9 pojezdy, TL1310-5002 -\",\"isPartOf\":{\"@id\":\"https:\/\/www.koupelnapro.com\/#website\"},\"primaryImageOfPage\":{\"@id\":\"https:\/\/www.koupelnapro.com\/index.php\/produkt\/znackovy-polysan-thron-square-obdelnikovy-sprchovy-kout-1300x1000mm-hranate-pojezdy-tl1310-5002-42892\/#primaryimage\"},\"image\":{\"@id\":\"https:\/\/www.koupelnapro.com\/index.php\/produkt\/znackovy-polysan-thron-square-obdelnikovy-sprchovy-kout-1300x1000mm-hranate-pojezdy-tl1310-5002-42892\/#primaryimage\"},\"thumbnailUrl\":\"https:\/\/www.koupelnapro.com\/wp-content\/uploads\/2026\/SK0003610-CZ20260425-092934-0-1777080574-74711_tl1310-5002-198998719730496.webp\",\"datePublished\":\"2026-04-26T09:16:11+00:00\",\"breadcrumb\":{\"@id\":\"https:\/\/www.koupelnapro.com\/index.php\/produkt\/znackovy-polysan-thron-square-obdelnikovy-sprchovy-kout-1300x1000mm-hranate-pojezdy-tl1310-5002-42892\/#breadcrumb\"},\"inLanguage\":\"cs\",\"potentialAction\":[{\"@type\":\"ReadAction\",\"target\":[\"https:\/\/www.koupelnapro.com\/index.php\/produkt\/znackovy-polysan-thron-square-obdelnikovy-sprchovy-kout-1300x1000mm-hranate-pojezdy-tl1310-5002-42892\/\"]}]},{\"@type\":\"ImageObject\",\"inLanguage\":\"cs\",\"@id\":\"https:\/\/www.koupelnapro.com\/index.php\/produkt\/znackovy-polysan-thron-square-obdelnikovy-sprchovy-kout-1300x1000mm-hranate-pojezdy-tl1310-5002-42892\/#primaryimage\",\"url\":\"https:\/\/www.koupelnapro.com\/wp-content\/uploads\/2026\/SK0003610-CZ20260425-092934-0-1777080574-74711_tl1310-5002-198998719730496.webp\",\"contentUrl\":\"https:\/\/www.koupelnapro.com\/wp-content\/uploads\/2026\/SK0003610-CZ20260425-092934-0-1777080574-74711_tl1310-5002-198998719730496.webp\",\"width\":533,\"height\":800},{\"@type\":\"BreadcrumbList\",\"@id\":\"https:\/\/www.koupelnapro.com\/index.php\/produkt\/znackovy-polysan-thron-square-obdelnikovy-sprchovy-kout-1300x1000mm-hranate-pojezdy-tl1310-5002-42892\/#breadcrumb\",\"itemListElement\":[{\"@type\":\"ListItem\",\"position\":1,\"name\":\"Home\",\"item\":\"https:\/\/www.koupelnapro.com\/\"},{\"@type\":\"ListItem\",\"position\":2,\"name\":\"Products\",\"item\":\"https:\/\/www.koupelnapro.com\/index.php\/products\/\"},{\"@type\":\"ListItem\",\"position\":3,\"name\":\"Zna\u010dkov\u00fd Polysan THRON SQUARE obd\u00e9ln\u00edkov\u00fd sprchov\u00fd kout 1300x1000mm, hranat\u00e9 pojezdy, TL1310-5002\"}]},{\"@type\":\"WebSite\",\"@id\":\"https:\/\/www.koupelnapro.com\/#website\",\"url\":\"https:\/\/www.koupelnapro.com\/\",\"name\":\"\",\"description\":\"\",\"potentialAction\":[{\"@type\":\"SearchAction\",\"target\":{\"@type\":\"EntryPoint\",\"urlTemplate\":\"https:\/\/www.koupelnapro.com\/?s={search_term_string}\"},\"query-input\":{\"@type\":\"PropertyValueSpecification\",\"valueRequired\":true,\"valueName\":\"search_term_string\"}}],\"inLanguage\":\"cs\"}]}<\/script>\n<!-- \/ Yoast SEO plugin. -->","yoast_head_json":{"title":"Zna\u010dkov\u00fd Polysan THRON SQUARE obd\u00e9ln\u00edkov\u00fd sprchov\u00fd kout 1300x1000mm, hranat\u00e9 pojezdy, TL1310-5002 -","robots":{"index":"index","follow":"follow","max-snippet":"max-snippet:-1","max-image-preview":"max-image-preview:large","max-video-preview":"max-video-preview:-1"},"canonical":"https:\/\/www.koupelnapro.com\/index.php\/produkt\/znackovy-polysan-thron-square-obdelnikovy-sprchovy-kout-1300x1000mm-hranate-pojezdy-tl1310-5002-42892\/","og_locale":"cs_CZ","og_type":"article","og_title":"Zna\u010dkov\u00fd Polysan THRON SQUARE obd\u00e9ln\u00edkov\u00fd sprchov\u00fd kout 1300x1000mm, hranat\u00e9 pojezdy, TL1310-5002 -","og_description":"Sm\u011br otev\u00edr\u00e1n\u00ed &#8211; univerz\u00e1ln\u00ed Instalace je mo\u017en\u00e1 s&nbsp;lev\u00fdm nebo prav\u00fdm otev\u00edr\u00e1n\u00edm dve\u0159\u00ed. Antidrop Antidrop je povrchov\u00e1 \u00faprava skla pro jeho snadnou \u00fadr\u017ebu. P\u0159i v\u00fdrob\u011b skla je nan\u00e1\u0161ena na jeho povrch s&nbsp;pou\u017eit\u00edm nanotechnologie a je obsa\u017eena v&nbsp;cen\u011b z\u00e1st\u011bn. Bezr\u00e1mov\u00e9 sprchov\u00e9 z\u00e1st\u011bny Ochranu proti p\u0159ete\u010den\u00ed vody u&nbsp;bezr\u00e1mov\u00fdch z\u00e1st\u011bn zaji\u0161\u0165uje n\u00edzk\u00e1 p\u0159etokov\u00e1 li\u0161ta, kter\u00e1 dotv\u00e1\u0159\u00ed \u010dist\u00fd vzhled z\u00e1st\u011bny. [&hellip;]","og_url":"https:\/\/www.koupelnapro.com\/index.php\/produkt\/znackovy-polysan-thron-square-obdelnikovy-sprchovy-kout-1300x1000mm-hranate-pojezdy-tl1310-5002-42892\/","og_image":[{"width":533,"height":800,"url":"https:\/\/www.koupelnapro.com\/wp-content\/uploads\/2026\/SK0003610-CZ20260425-092934-0-1777080574-74711_tl1310-5002-198998719730496.webp","type":"image\/webp"}],"twitter_card":"summary_large_image","twitter_misc":{"Odhadovan\u00e1 doba \u010dten\u00ed":"2 minuty"},"schema":{"@context":"https:\/\/schema.org","@graph":[{"@type":"WebPage","@id":"https:\/\/www.koupelnapro.com\/index.php\/produkt\/znackovy-polysan-thron-square-obdelnikovy-sprchovy-kout-1300x1000mm-hranate-pojezdy-tl1310-5002-42892\/","url":"https:\/\/www.koupelnapro.com\/index.php\/produkt\/znackovy-polysan-thron-square-obdelnikovy-sprchovy-kout-1300x1000mm-hranate-pojezdy-tl1310-5002-42892\/","name":"Zna\u010dkov\u00fd Polysan THRON SQUARE obd\u00e9ln\u00edkov\u00fd sprchov\u00fd kout 1300x1000mm, hranat\u00e9 pojezdy, TL1310-5002 -","isPartOf":{"@id":"https:\/\/www.koupelnapro.com\/#website"},"primaryImageOfPage":{"@id":"https:\/\/www.koupelnapro.com\/index.php\/produkt\/znackovy-polysan-thron-square-obdelnikovy-sprchovy-kout-1300x1000mm-hranate-pojezdy-tl1310-5002-42892\/#primaryimage"},"image":{"@id":"https:\/\/www.koupelnapro.com\/index.php\/produkt\/znackovy-polysan-thron-square-obdelnikovy-sprchovy-kout-1300x1000mm-hranate-pojezdy-tl1310-5002-42892\/#primaryimage"},"thumbnailUrl":"https:\/\/www.koupelnapro.com\/wp-content\/uploads\/2026\/SK0003610-CZ20260425-092934-0-1777080574-74711_tl1310-5002-198998719730496.webp","datePublished":"2026-04-26T09:16:11+00:00","breadcrumb":{"@id":"https:\/\/www.koupelnapro.com\/index.php\/produkt\/znackovy-polysan-thron-square-obdelnikovy-sprchovy-kout-1300x1000mm-hranate-pojezdy-tl1310-5002-42892\/#breadcrumb"},"inLanguage":"cs","potentialAction":[{"@type":"ReadAction","target":["https:\/\/www.koupelnapro.com\/index.php\/produkt\/znackovy-polysan-thron-square-obdelnikovy-sprchovy-kout-1300x1000mm-hranate-pojezdy-tl1310-5002-42892\/"]}]},{"@type":"ImageObject","inLanguage":"cs","@id":"https:\/\/www.koupelnapro.com\/index.php\/produkt\/znackovy-polysan-thron-square-obdelnikovy-sprchovy-kout-1300x1000mm-hranate-pojezdy-tl1310-5002-42892\/#primaryimage","url":"https:\/\/www.koupelnapro.com\/wp-content\/uploads\/2026\/SK0003610-CZ20260425-092934-0-1777080574-74711_tl1310-5002-198998719730496.webp","contentUrl":"https:\/\/www.koupelnapro.com\/wp-content\/uploads\/2026\/SK0003610-CZ20260425-092934-0-1777080574-74711_tl1310-5002-198998719730496.webp","width":533,"height":800},{"@type":"BreadcrumbList","@id":"https:\/\/www.koupelnapro.com\/index.php\/produkt\/znackovy-polysan-thron-square-obdelnikovy-sprchovy-kout-1300x1000mm-hranate-pojezdy-tl1310-5002-42892\/#breadcrumb","itemListElement":[{"@type":"ListItem","position":1,"name":"Home","item":"https:\/\/www.koupelnapro.com\/"},{"@type":"ListItem","position":2,"name":"Products","item":"https:\/\/www.koupelnapro.com\/index.php\/products\/"},{"@type":"ListItem","position":3,"name":"Zna\u010dkov\u00fd Polysan THRON SQUARE obd\u00e9ln\u00edkov\u00fd sprchov\u00fd kout 1300x1000mm, hranat\u00e9 pojezdy, TL1310-5002"}]},{"@type":"WebSite","@id":"https:\/\/www.koupelnapro.com\/#website","url":"https:\/\/www.koupelnapro.com\/","name":"","description":"","potentialAction":[{"@type":"SearchAction","target":{"@type":"EntryPoint","urlTemplate":"https:\/\/www.koupelnapro.com\/?s={search_term_string}"},"query-input":{"@type":"PropertyValueSpecification","valueRequired":true,"valueName":"search_term_string"}}],"inLanguage":"cs"}]}},"_links":{"self":[{"href":"https:\/\/www.koupelnapro.com\/index.php\/wp-json\/wp\/v2\/product\/42892","targetHints":{"allow":["GET"]}}],"collection":[{"href":"https:\/\/www.koupelnapro.com\/index.php\/wp-json\/wp\/v2\/product"}],"about":[{"href":"https:\/\/www.koupelnapro.com\/index.php\/wp-json\/wp\/v2\/types\/product"}],"replies":[{"embeddable":true,"href":"https:\/\/www.koupelnapro.com\/index.php\/wp-json\/wp\/v2\/comments?post=42892"}],"wp:featuredmedia":[{"embeddable":true,"href":"https:\/\/www.koupelnapro.com\/index.php\/wp-json\/wp\/v2\/media\/42992"}],"wp:attachment":[{"href":"https:\/\/www.koupelnapro.com\/index.php\/wp-json\/wp\/v2\/media?parent=42892"}],"wp:term":[{"taxonomy":"product_brand","embeddable":true,"href":"https:\/\/www.koupelnapro.com\/index.php\/wp-json\/wp\/v2\/product_brand?post=42892"},{"taxonomy":"product_cat","embeddable":true,"href":"https:\/\/www.koupelnapro.com\/index.php\/wp-json\/wp\/v2\/product_cat?post=42892"},{"taxonomy":"product_tag","embeddable":true,"href":"https:\/\/www.koupelnapro.com\/index.php\/wp-json\/wp\/v2\/product_tag?post=42892"}],"curies":[{"name":"wp","href":"https:\/\/api.w.org\/{rel}","templated":true}]}}