{"id":42691,"date":"2026-04-26T09:16:10","date_gmt":"2026-04-26T09:16:10","guid":{"rendered":""},"modified":"2026-04-26T09:16:10","modified_gmt":"2026-04-26T09:16:10","slug":"sverne-spojky-pro-pex-al-pex-potrubi-16x2-mm-cerna-term-set-single-set-expresni-doruceni-42691","status":"publish","type":"product","link":"https:\/\/www.koupelnapro.com\/index.php\/produkt\/sverne-spojky-pro-pex-al-pex-potrubi-16x2-mm-cerna-term-set-single-set-expresni-doruceni-42691\/","title":{"rendered":"Sv\u011brn\u00e9 spojky pro Pex-Al-Pex potrub\u00ed 16\u00d72 mm, \u010dern\u00e1, TERM-SET, SINGLE-SET Expresn\u00ed Doru\u010den\u00ed"},"content":{"rendered":"<div class=\"tab-pane\" id=\"popis\" role=\"tabpanel\">\n<div class=\"description-box\">\n<p>Sv\u011brn\u00e9 spojky jsou ur\u010deny pro ventily\u00a0<strong>TERM-SET, SINGLE-SET<\/strong>\u00a0(<strong>Z7 a Z4)<\/strong>\u00a0a pro\u00a0<strong>Pex-Al-Pex<\/strong>\u00a0<strong>potrub\u00ed 16\u00d72 mm<\/strong>. Pro p\u0159ipojen\u00ed ka\u017ed\u00e9 trubky k ventilu pot\u0159ebujete v\u017edy jednu sv\u011brnou spojku.\u00a0<strong>Pro cel\u00fd ventily pot\u0159ebujete 2ks.<\/strong><\/p>\n<h3>Dostupn\u00e9 barvy (prvn\u00ed p\u00edsmena uv\u00e9st m\u00edsto te\u010dek):<\/h3>\n<ul style=\"font-size:11px;font-weight:400;\">\n<li><strong>C<\/strong>\u00a0&#8211; chrom \u2013 skladem (02)<\/li>\n<li><strong>S<\/strong>\u00a0&#8211; sat\u00e9n &#8211; naskladn\u011bn\u00ed do 4 &#8211; 6 t\u00fddn\u016f od objedn\u00e1n\u00ed (03)<\/li>\n<li><strong>GS<\/strong>\u00a0&#8211; grafit (struktura) &#8211; naskladn\u011bn\u00ed do 2 t\u00fddn\u016f od objedn\u00e1n\u00ed (05)<\/li>\n<li><strong>W<\/strong>\u00a0\u2013 b\u00edl\u00e1 leskl\u00e1 (RAL 9003) \u2013 skladem (06)<\/li>\n<li><strong>MGL<\/strong>\u00a0&#8211; leskl\u00fd antracit\/grafit &#8211; naskladn\u011bn\u00ed do 2 t\u00fddn\u016f od objedn\u00e1n\u00ed (07)<\/li>\n<li><strong>SS<\/strong>\u00a0\u2013 efekt nerez (brou\u0161en\u00fd nikl) &#8211; naskladn\u011bn\u00ed do 4 &#8211; 6 t\u00fddn\u016f od objedn\u00e1n\u00ed (08)<\/li>\n<li><strong>AM<\/strong>\u00a0&#8211; staro\u017eitn\u00e1 mosaz &#8211; naskladn\u011bn\u00ed do 4 &#8211; 6 t\u00fddn\u016f od objedn\u00e1n\u00ed (11)<\/li>\n<li><strong>A<\/strong>\u00a0&#8211; antracit lesk \u2013 skladem (12)<\/li>\n<li><strong>BL<\/strong>\u00a0&#8211; leskl\u00e1 \u010dern\u00e1 &#8211; naskladn\u011bn\u00ed do 2 t\u00fddn\u016f od objedn\u00e1n\u00ed (13)<\/li>\n<li><strong>SB<\/strong>\u00a0&#8211; uhlov\u011b \u010dern\u00e1 (struktura) &#8211; naskladn\u011bn\u00ed do 2 t\u00fddn\u016f od objedn\u00e1n\u00ed (14)<\/li>\n<li><strong>MGS<\/strong>\u00a0&#8211; tmav\u00fd grafit (struktura) &#8211; naskladn\u011bn\u00ed do 2 t\u00fddn\u016f od objedn\u00e1n\u00ed (15)<\/li>\n<li><strong>SW<\/strong>\u00a0&#8211; b\u00edl\u00e1 (struktura) &#8211; naskladn\u011bn\u00ed do 2 t\u00fddn\u016f od objedn\u00e1n\u00ed (19)<\/li>\n<li><strong>ZG<\/strong>\u00a0&#8211; leskl\u00e9 zlato &#8211; naskladn\u011bn\u00ed do 4 &#8211; 6 t\u00fddn\u016f od objedn\u00e1n\u00ed (20)<\/li>\n<li><strong>MW<\/strong>\u00a0\u2013 b\u00edl\u00e1 matn\u00e1 &#8211; naskladn\u011bn\u00ed do 2 t\u00fddn\u016f od objedn\u00e1n\u00ed (21)<\/li>\n<li><strong>B<\/strong>\u00a0&#8211; \u010dern\u00e1 \u2013 skladem (24)<\/li>\n<li><strong>MB<\/strong>\u00a0&#8211; \u010dern\u00e1 struktur\u00e1ln\u00ed \u2013 skladem (26)<\/li>\n<li><strong>MM<\/strong>\u00a0&#8211; mosaz matn\u00e1 &#8211; naskladn\u011bn\u00ed do 4 &#8211; 6 t\u00fddn\u016f od objedn\u00e1n\u00ed (29)<\/li>\n<li><strong>MA<\/strong>\u00a0&#8211; antracit matn\u00e1\u2013 naskladn\u011bn\u00ed do 2 t\u00fddn\u016f od objedn\u00e1n\u00ed (7016)<\/li>\n<li><strong>MG<\/strong>\u00a0\u2013 zlat\u00e1 matn\u00e1 \u2013 naskladn\u011bn\u00ed do 2 t\u00fddn\u016f od objedn\u00e1n\u00ed (C84)<\/li>\n<\/ul>\n<h3><strong>P\u0159i objedn\u00e1n\u00ed ostatn\u00ed barvy** pros\u00edm do pozn\u00e1mky uve\u010fte prvn\u00ed p\u00edsmena a n\u00e1zev barvy.<\/strong><\/h3>\n<\/p>\n<h3><strong>Z\u00c1RUKA\u00a02 ROKY<\/strong><\/h3>\n<div id=\"gtx-trans\">\n<div class=\"gtx-trans-icon\"><\/div>\n<\/div>\n<\/div><\/div>\n<div class=\"tab-pane parameter-52444233303031383136413134263D30263D53543031\" id=\"parametry\" role=\"tabpanel\">\n","protected":false},"excerpt":{"rendered":"<p>Sv\u011brn\u00e9 spojky jsou ur\u010deny pro ventily\u00a0TERM-SET, SINGLE-SET\u00a0(Z7 a Z4)\u00a0a pro\u00a0Pex-Al-Pex\u00a0potrub\u00ed 16\u00d72 mm. Pro p\u0159ipojen\u00ed ka\u017ed\u00e9 trubky k ventilu pot\u0159ebujete v\u017edy jednu sv\u011brnou spojku.\u00a0Pro cel\u00fd ventily pot\u0159ebujete 2ks. Dostupn\u00e9 barvy (prvn\u00ed p\u00edsmena uv\u00e9st m\u00edsto te\u010dek): C\u00a0&#8211; chrom \u2013 skladem (02) S\u00a0&#8211; sat\u00e9n &#8211; naskladn\u011bn\u00ed do 4 &#8211; 6 t\u00fddn\u016f od objedn\u00e1n\u00ed (03) GS\u00a0&#8211; grafit (struktura) &#8211; [&hellip;]<\/p>\n","protected":false},"featured_media":42791,"comment_status":"open","ping_status":"open","template":"","meta":[],"product_brand":[],"product_cat":[151],"product_tag":[],"class_list":{"0":"post-42691","1":"product","2":"type-product","3":"status-publish","4":"has-post-thumbnail","6":"product_cat-prislusenstvi-k-radiatorum","8":"first","9":"instock","10":"sale","11":"shipping-taxable","12":"purchasable","13":"product-type-simple"},"yoast_head":"<!-- This site is optimized with the Yoast SEO plugin v26.8 - https:\/\/yoast.com\/product\/yoast-seo-wordpress\/ -->\n<title>Sv\u011brn\u00e9 spojky pro Pex-Al-Pex potrub\u00ed 16\u00d72 mm, \u010dern\u00e1, TERM-SET, SINGLE-SET Expresn\u00ed Doru\u010den\u00ed -<\/title>\n<meta name=\"robots\" content=\"index, follow, max-snippet:-1, max-image-preview:large, max-video-preview:-1\" \/>\n<link rel=\"canonical\" href=\"https:\/\/www.koupelnapro.com\/index.php\/produkt\/sverne-spojky-pro-pex-al-pex-potrubi-16x2-mm-cerna-term-set-single-set-expresni-doruceni-42691\/\" \/>\n<meta property=\"og:locale\" content=\"cs_CZ\" \/>\n<meta property=\"og:type\" content=\"article\" \/>\n<meta property=\"og:title\" content=\"Sv\u011brn\u00e9 spojky pro Pex-Al-Pex potrub\u00ed 16\u00d72 mm, \u010dern\u00e1, TERM-SET, SINGLE-SET Expresn\u00ed Doru\u010den\u00ed -\" \/>\n<meta property=\"og:description\" content=\"Sv\u011brn\u00e9 spojky jsou ur\u010deny pro ventily\u00a0TERM-SET, SINGLE-SET\u00a0(Z7 a Z4)\u00a0a pro\u00a0Pex-Al-Pex\u00a0potrub\u00ed 16\u00d72 mm. Pro p\u0159ipojen\u00ed ka\u017ed\u00e9 trubky k ventilu pot\u0159ebujete v\u017edy jednu sv\u011brnou spojku.\u00a0Pro cel\u00fd ventily pot\u0159ebujete 2ks. Dostupn\u00e9 barvy (prvn\u00ed p\u00edsmena uv\u00e9st m\u00edsto te\u010dek): C\u00a0&#8211; chrom \u2013 skladem (02) S\u00a0&#8211; sat\u00e9n &#8211; naskladn\u011bn\u00ed do 4 &#8211; 6 t\u00fddn\u016f od objedn\u00e1n\u00ed (03) GS\u00a0&#8211; grafit (struktura) &#8211; [&hellip;]\" \/>\n<meta property=\"og:url\" content=\"https:\/\/www.koupelnapro.com\/index.php\/produkt\/sverne-spojky-pro-pex-al-pex-potrubi-16x2-mm-cerna-term-set-single-set-expresni-doruceni-42691\/\" \/>\n<meta property=\"og:image\" content=\"https:\/\/www.koupelnapro.com\/wp-content\/uploads\/2026\/SK0004836-CZ20260425-092706-0-1777080427-942c3035e49740bbaf32c577bda27ef7_1_1024x768.webp\" \/>\n\t<meta property=\"og:image:width\" content=\"1000\" \/>\n\t<meta property=\"og:image:height\" content=\"750\" \/>\n\t<meta property=\"og:image:type\" content=\"image\/webp\" \/>\n<meta name=\"twitter:card\" content=\"summary_large_image\" \/>\n<meta name=\"twitter:label1\" content=\"Odhadovan\u00e1 doba \u010dten\u00ed\" \/>\n\t<meta name=\"twitter:data1\" content=\"1 minuta\" \/>\n<script type=\"application\/ld+json\" class=\"yoast-schema-graph\">{\"@context\":\"https:\/\/schema.org\",\"@graph\":[{\"@type\":\"WebPage\",\"@id\":\"https:\/\/www.koupelnapro.com\/index.php\/produkt\/sverne-spojky-pro-pex-al-pex-potrubi-16x2-mm-cerna-term-set-single-set-expresni-doruceni-42691\/\",\"url\":\"https:\/\/www.koupelnapro.com\/index.php\/produkt\/sverne-spojky-pro-pex-al-pex-potrubi-16x2-mm-cerna-term-set-single-set-expresni-doruceni-42691\/\",\"name\":\"Sv\u011brn\u00e9 spojky pro Pex-Al-Pex potrub\u00ed 16\u00d72 mm, \u010dern\u00e1, TERM-SET, SINGLE-SET Expresn\u00ed Doru\u010den\u00ed -\",\"isPartOf\":{\"@id\":\"https:\/\/www.koupelnapro.com\/#website\"},\"primaryImageOfPage\":{\"@id\":\"https:\/\/www.koupelnapro.com\/index.php\/produkt\/sverne-spojky-pro-pex-al-pex-potrubi-16x2-mm-cerna-term-set-single-set-expresni-doruceni-42691\/#primaryimage\"},\"image\":{\"@id\":\"https:\/\/www.koupelnapro.com\/index.php\/produkt\/sverne-spojky-pro-pex-al-pex-potrubi-16x2-mm-cerna-term-set-single-set-expresni-doruceni-42691\/#primaryimage\"},\"thumbnailUrl\":\"https:\/\/www.koupelnapro.com\/wp-content\/uploads\/2026\/SK0004836-CZ20260425-092706-0-1777080427-942c3035e49740bbaf32c577bda27ef7_1_1024x768.webp\",\"datePublished\":\"2026-04-26T09:16:10+00:00\",\"breadcrumb\":{\"@id\":\"https:\/\/www.koupelnapro.com\/index.php\/produkt\/sverne-spojky-pro-pex-al-pex-potrubi-16x2-mm-cerna-term-set-single-set-expresni-doruceni-42691\/#breadcrumb\"},\"inLanguage\":\"cs\",\"potentialAction\":[{\"@type\":\"ReadAction\",\"target\":[\"https:\/\/www.koupelnapro.com\/index.php\/produkt\/sverne-spojky-pro-pex-al-pex-potrubi-16x2-mm-cerna-term-set-single-set-expresni-doruceni-42691\/\"]}]},{\"@type\":\"ImageObject\",\"inLanguage\":\"cs\",\"@id\":\"https:\/\/www.koupelnapro.com\/index.php\/produkt\/sverne-spojky-pro-pex-al-pex-potrubi-16x2-mm-cerna-term-set-single-set-expresni-doruceni-42691\/#primaryimage\",\"url\":\"https:\/\/www.koupelnapro.com\/wp-content\/uploads\/2026\/SK0004836-CZ20260425-092706-0-1777080427-942c3035e49740bbaf32c577bda27ef7_1_1024x768.webp\",\"contentUrl\":\"https:\/\/www.koupelnapro.com\/wp-content\/uploads\/2026\/SK0004836-CZ20260425-092706-0-1777080427-942c3035e49740bbaf32c577bda27ef7_1_1024x768.webp\",\"width\":1000,\"height\":750},{\"@type\":\"BreadcrumbList\",\"@id\":\"https:\/\/www.koupelnapro.com\/index.php\/produkt\/sverne-spojky-pro-pex-al-pex-potrubi-16x2-mm-cerna-term-set-single-set-expresni-doruceni-42691\/#breadcrumb\",\"itemListElement\":[{\"@type\":\"ListItem\",\"position\":1,\"name\":\"Home\",\"item\":\"https:\/\/www.koupelnapro.com\/\"},{\"@type\":\"ListItem\",\"position\":2,\"name\":\"Products\",\"item\":\"https:\/\/www.koupelnapro.com\/index.php\/products\/\"},{\"@type\":\"ListItem\",\"position\":3,\"name\":\"Sv\u011brn\u00e9 spojky pro Pex-Al-Pex potrub\u00ed 16\u00d72 mm, \u010dern\u00e1, TERM-SET, SINGLE-SET Expresn\u00ed Doru\u010den\u00ed\"}]},{\"@type\":\"WebSite\",\"@id\":\"https:\/\/www.koupelnapro.com\/#website\",\"url\":\"https:\/\/www.koupelnapro.com\/\",\"name\":\"\",\"description\":\"\",\"potentialAction\":[{\"@type\":\"SearchAction\",\"target\":{\"@type\":\"EntryPoint\",\"urlTemplate\":\"https:\/\/www.koupelnapro.com\/?s={search_term_string}\"},\"query-input\":{\"@type\":\"PropertyValueSpecification\",\"valueRequired\":true,\"valueName\":\"search_term_string\"}}],\"inLanguage\":\"cs\"}]}<\/script>\n<!-- \/ Yoast SEO plugin. -->","yoast_head_json":{"title":"Sv\u011brn\u00e9 spojky pro Pex-Al-Pex potrub\u00ed 16\u00d72 mm, \u010dern\u00e1, TERM-SET, SINGLE-SET Expresn\u00ed Doru\u010den\u00ed -","robots":{"index":"index","follow":"follow","max-snippet":"max-snippet:-1","max-image-preview":"max-image-preview:large","max-video-preview":"max-video-preview:-1"},"canonical":"https:\/\/www.koupelnapro.com\/index.php\/produkt\/sverne-spojky-pro-pex-al-pex-potrubi-16x2-mm-cerna-term-set-single-set-expresni-doruceni-42691\/","og_locale":"cs_CZ","og_type":"article","og_title":"Sv\u011brn\u00e9 spojky pro Pex-Al-Pex potrub\u00ed 16\u00d72 mm, \u010dern\u00e1, TERM-SET, SINGLE-SET Expresn\u00ed Doru\u010den\u00ed -","og_description":"Sv\u011brn\u00e9 spojky jsou ur\u010deny pro ventily\u00a0TERM-SET, SINGLE-SET\u00a0(Z7 a Z4)\u00a0a pro\u00a0Pex-Al-Pex\u00a0potrub\u00ed 16\u00d72 mm. Pro p\u0159ipojen\u00ed ka\u017ed\u00e9 trubky k ventilu pot\u0159ebujete v\u017edy jednu sv\u011brnou spojku.\u00a0Pro cel\u00fd ventily pot\u0159ebujete 2ks. Dostupn\u00e9 barvy (prvn\u00ed p\u00edsmena uv\u00e9st m\u00edsto te\u010dek): C\u00a0&#8211; chrom \u2013 skladem (02) S\u00a0&#8211; sat\u00e9n &#8211; naskladn\u011bn\u00ed do 4 &#8211; 6 t\u00fddn\u016f od objedn\u00e1n\u00ed (03) GS\u00a0&#8211; grafit (struktura) &#8211; [&hellip;]","og_url":"https:\/\/www.koupelnapro.com\/index.php\/produkt\/sverne-spojky-pro-pex-al-pex-potrubi-16x2-mm-cerna-term-set-single-set-expresni-doruceni-42691\/","og_image":[{"width":1000,"height":750,"url":"https:\/\/www.koupelnapro.com\/wp-content\/uploads\/2026\/SK0004836-CZ20260425-092706-0-1777080427-942c3035e49740bbaf32c577bda27ef7_1_1024x768.webp","type":"image\/webp"}],"twitter_card":"summary_large_image","twitter_misc":{"Odhadovan\u00e1 doba \u010dten\u00ed":"1 minuta"},"schema":{"@context":"https:\/\/schema.org","@graph":[{"@type":"WebPage","@id":"https:\/\/www.koupelnapro.com\/index.php\/produkt\/sverne-spojky-pro-pex-al-pex-potrubi-16x2-mm-cerna-term-set-single-set-expresni-doruceni-42691\/","url":"https:\/\/www.koupelnapro.com\/index.php\/produkt\/sverne-spojky-pro-pex-al-pex-potrubi-16x2-mm-cerna-term-set-single-set-expresni-doruceni-42691\/","name":"Sv\u011brn\u00e9 spojky pro Pex-Al-Pex potrub\u00ed 16\u00d72 mm, \u010dern\u00e1, TERM-SET, SINGLE-SET Expresn\u00ed Doru\u010den\u00ed -","isPartOf":{"@id":"https:\/\/www.koupelnapro.com\/#website"},"primaryImageOfPage":{"@id":"https:\/\/www.koupelnapro.com\/index.php\/produkt\/sverne-spojky-pro-pex-al-pex-potrubi-16x2-mm-cerna-term-set-single-set-expresni-doruceni-42691\/#primaryimage"},"image":{"@id":"https:\/\/www.koupelnapro.com\/index.php\/produkt\/sverne-spojky-pro-pex-al-pex-potrubi-16x2-mm-cerna-term-set-single-set-expresni-doruceni-42691\/#primaryimage"},"thumbnailUrl":"https:\/\/www.koupelnapro.com\/wp-content\/uploads\/2026\/SK0004836-CZ20260425-092706-0-1777080427-942c3035e49740bbaf32c577bda27ef7_1_1024x768.webp","datePublished":"2026-04-26T09:16:10+00:00","breadcrumb":{"@id":"https:\/\/www.koupelnapro.com\/index.php\/produkt\/sverne-spojky-pro-pex-al-pex-potrubi-16x2-mm-cerna-term-set-single-set-expresni-doruceni-42691\/#breadcrumb"},"inLanguage":"cs","potentialAction":[{"@type":"ReadAction","target":["https:\/\/www.koupelnapro.com\/index.php\/produkt\/sverne-spojky-pro-pex-al-pex-potrubi-16x2-mm-cerna-term-set-single-set-expresni-doruceni-42691\/"]}]},{"@type":"ImageObject","inLanguage":"cs","@id":"https:\/\/www.koupelnapro.com\/index.php\/produkt\/sverne-spojky-pro-pex-al-pex-potrubi-16x2-mm-cerna-term-set-single-set-expresni-doruceni-42691\/#primaryimage","url":"https:\/\/www.koupelnapro.com\/wp-content\/uploads\/2026\/SK0004836-CZ20260425-092706-0-1777080427-942c3035e49740bbaf32c577bda27ef7_1_1024x768.webp","contentUrl":"https:\/\/www.koupelnapro.com\/wp-content\/uploads\/2026\/SK0004836-CZ20260425-092706-0-1777080427-942c3035e49740bbaf32c577bda27ef7_1_1024x768.webp","width":1000,"height":750},{"@type":"BreadcrumbList","@id":"https:\/\/www.koupelnapro.com\/index.php\/produkt\/sverne-spojky-pro-pex-al-pex-potrubi-16x2-mm-cerna-term-set-single-set-expresni-doruceni-42691\/#breadcrumb","itemListElement":[{"@type":"ListItem","position":1,"name":"Home","item":"https:\/\/www.koupelnapro.com\/"},{"@type":"ListItem","position":2,"name":"Products","item":"https:\/\/www.koupelnapro.com\/index.php\/products\/"},{"@type":"ListItem","position":3,"name":"Sv\u011brn\u00e9 spojky pro Pex-Al-Pex potrub\u00ed 16\u00d72 mm, \u010dern\u00e1, TERM-SET, SINGLE-SET Expresn\u00ed Doru\u010den\u00ed"}]},{"@type":"WebSite","@id":"https:\/\/www.koupelnapro.com\/#website","url":"https:\/\/www.koupelnapro.com\/","name":"","description":"","potentialAction":[{"@type":"SearchAction","target":{"@type":"EntryPoint","urlTemplate":"https:\/\/www.koupelnapro.com\/?s={search_term_string}"},"query-input":{"@type":"PropertyValueSpecification","valueRequired":true,"valueName":"search_term_string"}}],"inLanguage":"cs"}]}},"_links":{"self":[{"href":"https:\/\/www.koupelnapro.com\/index.php\/wp-json\/wp\/v2\/product\/42691","targetHints":{"allow":["GET"]}}],"collection":[{"href":"https:\/\/www.koupelnapro.com\/index.php\/wp-json\/wp\/v2\/product"}],"about":[{"href":"https:\/\/www.koupelnapro.com\/index.php\/wp-json\/wp\/v2\/types\/product"}],"replies":[{"embeddable":true,"href":"https:\/\/www.koupelnapro.com\/index.php\/wp-json\/wp\/v2\/comments?post=42691"}],"wp:featuredmedia":[{"embeddable":true,"href":"https:\/\/www.koupelnapro.com\/index.php\/wp-json\/wp\/v2\/media\/42791"}],"wp:attachment":[{"href":"https:\/\/www.koupelnapro.com\/index.php\/wp-json\/wp\/v2\/media?parent=42691"}],"wp:term":[{"taxonomy":"product_brand","embeddable":true,"href":"https:\/\/www.koupelnapro.com\/index.php\/wp-json\/wp\/v2\/product_brand?post=42691"},{"taxonomy":"product_cat","embeddable":true,"href":"https:\/\/www.koupelnapro.com\/index.php\/wp-json\/wp\/v2\/product_cat?post=42691"},{"taxonomy":"product_tag","embeddable":true,"href":"https:\/\/www.koupelnapro.com\/index.php\/wp-json\/wp\/v2\/product_tag?post=42691"}],"curies":[{"name":"wp","href":"https:\/\/api.w.org\/{rel}","templated":true}]}}