{"id":42590,"date":"2026-04-26T09:16:09","date_gmt":"2026-04-26T09:16:09","guid":{"rendered":""},"modified":"2026-04-26T09:16:09","modified_gmt":"2026-04-26T09:16:09","slug":"one-sada-1-bodovy-ventil-s-hlavici-sverne-sroub-cu-al-pex-plast-rozeta-kryci-trubicky-chrom-posledni-sance-42590","status":"publish","type":"product","link":"https:\/\/www.koupelnapro.com\/index.php\/produkt\/one-sada-1-bodovy-ventil-s-hlavici-sverne-sroub-cu-al-pex-plast-rozeta-kryci-trubicky-chrom-posledni-sance-42590\/","title":{"rendered":"ONE-SADA, 1-bodov\u00fd ventil s hlavic\u00ed+sv\u011brn\u00e9 \u0161roub.Cu+Al-Pex, plast.rozeta+kryc\u00ed trubi\u010dky,chrom Posledn\u00ed \u0160ance"},"content":{"rendered":"<div class=\"tab-pane\" id=\"popis\" role=\"tabpanel\">\n<div class=\"description-box\">\n<h3 class=\"MsoNoSpacing\">Ventil termostatick\u00e1 sada RDONESADAPR. v\u010detn\u011b kryc\u00ed rozety (plast) je ur\u010dena pro radi\u00e1tory s 1-bodov\u00fdm p\u0159ipojen\u00edm (50mm) pro teplovodn\u00ed i kombinovan\u00e9 topen\u00ed.<\/h3>\n<p>\u00a0<\/p>\n<h3 class=\"MsoNoSpacing\">Barva sady:<\/h3>\n<p class=\"MsoNoSpacing\">\u2022 RDONESADAPRC &#8211; CHROM, rohov\u00e9 proveden\u00ed<\/p>\n<p class=\"MsoNoSpacing\">\u2022 RDONESADAPRB &#8211; \u010cERN\u00c1 MAT, rohov\u00e9 proveden\u00ed<\/p>\n<p class=\"MsoNoSpacing\">\u2022 RDONESADAPRW &#8211; B\u00cdL\u00c1 LESK, rohov\u00e9 proveden\u00ed<\/p>\n<p>\u00a0<\/p>\n<p class=\"MsoNoSpacing\"><strong>Ventil je oboustrann\u00fd, lze ho instalovat VLEVO nebo VPRAVO do radi\u00e1toru. Zp\u00e1te\u010dka u termostatick\u00e9 hlavice.<\/strong><\/p>\n<p>\u00a0<\/p>\n<p class=\"MsoNoSpacing\">Pro teplovodn\u00ed topen\u00ed je RDONESADAPR. kompletn\u00ed, nic jin\u00e9ho nemus\u00edte objednat.<\/p>\n<p class=\"MsoNoSpacing\">Pro kombinovan\u00e9 topen\u00ed mus\u00edte objednat RDONESADAPR. + EL . TY\u010c<span>\u00a0 <\/span>v doporu\u010den\u00e9m v\u00fdkonu, kterou m\u016f\u017eete instalovat vlevo nebo vpravo vedle ventilu do radi\u00e1toru (nap\u0159\u00edklad RADPST&#8230;).<\/p>\n<p>\u00a0<\/p>\n<h3 class=\"MsoNoSpacing\">Kompletn\u00ed nab\u00eddka V\u00e1m usnadn\u00ed v\u00fdb\u011br ventilu, nebo\u0165 nemus\u00edte \u0159e\u0161it typ p\u0159\u00edvodn\u00edho potrub\u00ed ani kryc\u00ed rozety. Sada obsahuje:<\/h3>\n<p class=\"MsoNoSpacing\">\u2022 1x termostatick\u00fd ventil<\/p>\n<p class=\"MsoNoSpacing\">\u2022 1x termostatickou hlavici<\/p>\n<p class=\"MsoNoSpacing\">\u2022 1x 2ks sv\u011brn\u00e9ho \u0161rouben\u00ed (2x m\u011b\u010f &#8211; pr.15, 2x aluplast &#8211; pr.16)<\/p>\n<p class=\"MsoNoSpacing\">\u2022 1x kryc\u00ed rozeta, 2x kryc\u00ed trubi\u010dky<\/p>\n<p>\u00a0<\/p>\n<p class=\"MsoNoSpacing\"><strong>Kryc\u00ed rozety ocen\u00edte jako designov\u00e9 dolad\u011bn\u00ed radi\u00e1toru a ventilu, nebo\u0165 skryje p\u0159\u00edvodn\u00ed trubky i jejich spoj v obkladu.<\/strong><\/p>\n<h3 class=\"MsoNoSpacing\">Z\u00c1RUKA 2 ROKY<\/h3>\n<\/div><\/div>\n<div class=\"tab-pane parameter-52444F4E4553414441505243263D30263D53543031\" id=\"parametry\" role=\"tabpanel\">\n","protected":false},"excerpt":{"rendered":"<p>Ventil termostatick\u00e1 sada RDONESADAPR. v\u010detn\u011b kryc\u00ed rozety (plast) je ur\u010dena pro radi\u00e1tory s 1-bodov\u00fdm p\u0159ipojen\u00edm (50mm) pro teplovodn\u00ed i kombinovan\u00e9 topen\u00ed. \u00a0 Barva sady: \u2022 RDONESADAPRC &#8211; CHROM, rohov\u00e9 proveden\u00ed \u2022 RDONESADAPRB &#8211; \u010cERN\u00c1 MAT, rohov\u00e9 proveden\u00ed \u2022 RDONESADAPRW &#8211; B\u00cdL\u00c1 LESK, rohov\u00e9 proveden\u00ed \u00a0 Ventil je oboustrann\u00fd, lze ho instalovat VLEVO nebo VPRAVO do [&hellip;]<\/p>\n","protected":false},"featured_media":42690,"comment_status":"open","ping_status":"open","template":"","meta":[],"product_brand":[],"product_cat":[151],"product_tag":[],"class_list":{"0":"post-42590","1":"product","2":"type-product","3":"status-publish","4":"has-post-thumbnail","6":"product_cat-prislusenstvi-k-radiatorum","8":"first","9":"instock","10":"sale","11":"shipping-taxable","12":"purchasable","13":"product-type-simple"},"yoast_head":"<!-- This site is optimized with the Yoast SEO plugin v26.8 - https:\/\/yoast.com\/product\/yoast-seo-wordpress\/ -->\n<title>ONE-SADA, 1-bodov\u00fd ventil s hlavic\u00ed+sv\u011brn\u00e9 \u0161roub.Cu+Al-Pex, plast.rozeta+kryc\u00ed trubi\u010dky,chrom Posledn\u00ed \u0160ance -<\/title>\n<meta name=\"robots\" content=\"index, follow, max-snippet:-1, max-image-preview:large, max-video-preview:-1\" \/>\n<link rel=\"canonical\" href=\"https:\/\/www.koupelnapro.com\/index.php\/produkt\/one-sada-1-bodovy-ventil-s-hlavici-sverne-sroub-cu-al-pex-plast-rozeta-kryci-trubicky-chrom-posledni-sance-42590\/\" \/>\n<meta property=\"og:locale\" content=\"cs_CZ\" \/>\n<meta property=\"og:type\" content=\"article\" \/>\n<meta property=\"og:title\" content=\"ONE-SADA, 1-bodov\u00fd ventil s hlavic\u00ed+sv\u011brn\u00e9 \u0161roub.Cu+Al-Pex, plast.rozeta+kryc\u00ed trubi\u010dky,chrom Posledn\u00ed \u0160ance -\" \/>\n<meta property=\"og:description\" content=\"Ventil termostatick\u00e1 sada RDONESADAPR. v\u010detn\u011b kryc\u00ed rozety (plast) je ur\u010dena pro radi\u00e1tory s 1-bodov\u00fdm p\u0159ipojen\u00edm (50mm) pro teplovodn\u00ed i kombinovan\u00e9 topen\u00ed. \u00a0 Barva sady: \u2022 RDONESADAPRC &#8211; CHROM, rohov\u00e9 proveden\u00ed \u2022 RDONESADAPRB &#8211; \u010cERN\u00c1 MAT, rohov\u00e9 proveden\u00ed \u2022 RDONESADAPRW &#8211; B\u00cdL\u00c1 LESK, rohov\u00e9 proveden\u00ed \u00a0 Ventil je oboustrann\u00fd, lze ho instalovat VLEVO nebo VPRAVO do [&hellip;]\" \/>\n<meta property=\"og:url\" content=\"https:\/\/www.koupelnapro.com\/index.php\/produkt\/one-sada-1-bodovy-ventil-s-hlavici-sverne-sroub-cu-al-pex-plast-rozeta-kryci-trubicky-chrom-posledni-sance-42590\/\" \/>\n<meta property=\"og:image\" content=\"https:\/\/www.koupelnapro.com\/wp-content\/uploads\/2026\/SK0004817-CZ20260425-092706-0-1777080427-9f824d2491cee968ee2fa3e120738562_1_1024x768.webp\" \/>\n\t<meta property=\"og:image:width\" content=\"1000\" \/>\n\t<meta property=\"og:image:height\" content=\"750\" \/>\n\t<meta property=\"og:image:type\" content=\"image\/webp\" \/>\n<meta name=\"twitter:card\" content=\"summary_large_image\" \/>\n<meta name=\"twitter:label1\" content=\"Odhadovan\u00e1 doba \u010dten\u00ed\" \/>\n\t<meta name=\"twitter:data1\" content=\"1 minuta\" \/>\n<script type=\"application\/ld+json\" class=\"yoast-schema-graph\">{\"@context\":\"https:\/\/schema.org\",\"@graph\":[{\"@type\":\"WebPage\",\"@id\":\"https:\/\/www.koupelnapro.com\/index.php\/produkt\/one-sada-1-bodovy-ventil-s-hlavici-sverne-sroub-cu-al-pex-plast-rozeta-kryci-trubicky-chrom-posledni-sance-42590\/\",\"url\":\"https:\/\/www.koupelnapro.com\/index.php\/produkt\/one-sada-1-bodovy-ventil-s-hlavici-sverne-sroub-cu-al-pex-plast-rozeta-kryci-trubicky-chrom-posledni-sance-42590\/\",\"name\":\"ONE-SADA, 1-bodov\u00fd ventil s hlavic\u00ed+sv\u011brn\u00e9 \u0161roub.Cu+Al-Pex, plast.rozeta+kryc\u00ed trubi\u010dky,chrom Posledn\u00ed \u0160ance -\",\"isPartOf\":{\"@id\":\"https:\/\/www.koupelnapro.com\/#website\"},\"primaryImageOfPage\":{\"@id\":\"https:\/\/www.koupelnapro.com\/index.php\/produkt\/one-sada-1-bodovy-ventil-s-hlavici-sverne-sroub-cu-al-pex-plast-rozeta-kryci-trubicky-chrom-posledni-sance-42590\/#primaryimage\"},\"image\":{\"@id\":\"https:\/\/www.koupelnapro.com\/index.php\/produkt\/one-sada-1-bodovy-ventil-s-hlavici-sverne-sroub-cu-al-pex-plast-rozeta-kryci-trubicky-chrom-posledni-sance-42590\/#primaryimage\"},\"thumbnailUrl\":\"https:\/\/www.koupelnapro.com\/wp-content\/uploads\/2026\/SK0004817-CZ20260425-092706-0-1777080427-9f824d2491cee968ee2fa3e120738562_1_1024x768.webp\",\"datePublished\":\"2026-04-26T09:16:09+00:00\",\"breadcrumb\":{\"@id\":\"https:\/\/www.koupelnapro.com\/index.php\/produkt\/one-sada-1-bodovy-ventil-s-hlavici-sverne-sroub-cu-al-pex-plast-rozeta-kryci-trubicky-chrom-posledni-sance-42590\/#breadcrumb\"},\"inLanguage\":\"cs\",\"potentialAction\":[{\"@type\":\"ReadAction\",\"target\":[\"https:\/\/www.koupelnapro.com\/index.php\/produkt\/one-sada-1-bodovy-ventil-s-hlavici-sverne-sroub-cu-al-pex-plast-rozeta-kryci-trubicky-chrom-posledni-sance-42590\/\"]}]},{\"@type\":\"ImageObject\",\"inLanguage\":\"cs\",\"@id\":\"https:\/\/www.koupelnapro.com\/index.php\/produkt\/one-sada-1-bodovy-ventil-s-hlavici-sverne-sroub-cu-al-pex-plast-rozeta-kryci-trubicky-chrom-posledni-sance-42590\/#primaryimage\",\"url\":\"https:\/\/www.koupelnapro.com\/wp-content\/uploads\/2026\/SK0004817-CZ20260425-092706-0-1777080427-9f824d2491cee968ee2fa3e120738562_1_1024x768.webp\",\"contentUrl\":\"https:\/\/www.koupelnapro.com\/wp-content\/uploads\/2026\/SK0004817-CZ20260425-092706-0-1777080427-9f824d2491cee968ee2fa3e120738562_1_1024x768.webp\",\"width\":1000,\"height\":750},{\"@type\":\"BreadcrumbList\",\"@id\":\"https:\/\/www.koupelnapro.com\/index.php\/produkt\/one-sada-1-bodovy-ventil-s-hlavici-sverne-sroub-cu-al-pex-plast-rozeta-kryci-trubicky-chrom-posledni-sance-42590\/#breadcrumb\",\"itemListElement\":[{\"@type\":\"ListItem\",\"position\":1,\"name\":\"Home\",\"item\":\"https:\/\/www.koupelnapro.com\/\"},{\"@type\":\"ListItem\",\"position\":2,\"name\":\"Products\",\"item\":\"https:\/\/www.koupelnapro.com\/index.php\/products\/\"},{\"@type\":\"ListItem\",\"position\":3,\"name\":\"ONE-SADA, 1-bodov\u00fd ventil s hlavic\u00ed+sv\u011brn\u00e9 \u0161roub.Cu+Al-Pex, plast.rozeta+kryc\u00ed trubi\u010dky,chrom Posledn\u00ed \u0160ance\"}]},{\"@type\":\"WebSite\",\"@id\":\"https:\/\/www.koupelnapro.com\/#website\",\"url\":\"https:\/\/www.koupelnapro.com\/\",\"name\":\"\",\"description\":\"\",\"potentialAction\":[{\"@type\":\"SearchAction\",\"target\":{\"@type\":\"EntryPoint\",\"urlTemplate\":\"https:\/\/www.koupelnapro.com\/?s={search_term_string}\"},\"query-input\":{\"@type\":\"PropertyValueSpecification\",\"valueRequired\":true,\"valueName\":\"search_term_string\"}}],\"inLanguage\":\"cs\"}]}<\/script>\n<!-- \/ Yoast SEO plugin. -->","yoast_head_json":{"title":"ONE-SADA, 1-bodov\u00fd ventil s hlavic\u00ed+sv\u011brn\u00e9 \u0161roub.Cu+Al-Pex, plast.rozeta+kryc\u00ed trubi\u010dky,chrom Posledn\u00ed \u0160ance -","robots":{"index":"index","follow":"follow","max-snippet":"max-snippet:-1","max-image-preview":"max-image-preview:large","max-video-preview":"max-video-preview:-1"},"canonical":"https:\/\/www.koupelnapro.com\/index.php\/produkt\/one-sada-1-bodovy-ventil-s-hlavici-sverne-sroub-cu-al-pex-plast-rozeta-kryci-trubicky-chrom-posledni-sance-42590\/","og_locale":"cs_CZ","og_type":"article","og_title":"ONE-SADA, 1-bodov\u00fd ventil s hlavic\u00ed+sv\u011brn\u00e9 \u0161roub.Cu+Al-Pex, plast.rozeta+kryc\u00ed trubi\u010dky,chrom Posledn\u00ed \u0160ance -","og_description":"Ventil termostatick\u00e1 sada RDONESADAPR. v\u010detn\u011b kryc\u00ed rozety (plast) je ur\u010dena pro radi\u00e1tory s 1-bodov\u00fdm p\u0159ipojen\u00edm (50mm) pro teplovodn\u00ed i kombinovan\u00e9 topen\u00ed. \u00a0 Barva sady: \u2022 RDONESADAPRC &#8211; CHROM, rohov\u00e9 proveden\u00ed \u2022 RDONESADAPRB &#8211; \u010cERN\u00c1 MAT, rohov\u00e9 proveden\u00ed \u2022 RDONESADAPRW &#8211; B\u00cdL\u00c1 LESK, rohov\u00e9 proveden\u00ed \u00a0 Ventil je oboustrann\u00fd, lze ho instalovat VLEVO nebo VPRAVO do [&hellip;]","og_url":"https:\/\/www.koupelnapro.com\/index.php\/produkt\/one-sada-1-bodovy-ventil-s-hlavici-sverne-sroub-cu-al-pex-plast-rozeta-kryci-trubicky-chrom-posledni-sance-42590\/","og_image":[{"width":1000,"height":750,"url":"https:\/\/www.koupelnapro.com\/wp-content\/uploads\/2026\/SK0004817-CZ20260425-092706-0-1777080427-9f824d2491cee968ee2fa3e120738562_1_1024x768.webp","type":"image\/webp"}],"twitter_card":"summary_large_image","twitter_misc":{"Odhadovan\u00e1 doba \u010dten\u00ed":"1 minuta"},"schema":{"@context":"https:\/\/schema.org","@graph":[{"@type":"WebPage","@id":"https:\/\/www.koupelnapro.com\/index.php\/produkt\/one-sada-1-bodovy-ventil-s-hlavici-sverne-sroub-cu-al-pex-plast-rozeta-kryci-trubicky-chrom-posledni-sance-42590\/","url":"https:\/\/www.koupelnapro.com\/index.php\/produkt\/one-sada-1-bodovy-ventil-s-hlavici-sverne-sroub-cu-al-pex-plast-rozeta-kryci-trubicky-chrom-posledni-sance-42590\/","name":"ONE-SADA, 1-bodov\u00fd ventil s hlavic\u00ed+sv\u011brn\u00e9 \u0161roub.Cu+Al-Pex, plast.rozeta+kryc\u00ed trubi\u010dky,chrom Posledn\u00ed \u0160ance -","isPartOf":{"@id":"https:\/\/www.koupelnapro.com\/#website"},"primaryImageOfPage":{"@id":"https:\/\/www.koupelnapro.com\/index.php\/produkt\/one-sada-1-bodovy-ventil-s-hlavici-sverne-sroub-cu-al-pex-plast-rozeta-kryci-trubicky-chrom-posledni-sance-42590\/#primaryimage"},"image":{"@id":"https:\/\/www.koupelnapro.com\/index.php\/produkt\/one-sada-1-bodovy-ventil-s-hlavici-sverne-sroub-cu-al-pex-plast-rozeta-kryci-trubicky-chrom-posledni-sance-42590\/#primaryimage"},"thumbnailUrl":"https:\/\/www.koupelnapro.com\/wp-content\/uploads\/2026\/SK0004817-CZ20260425-092706-0-1777080427-9f824d2491cee968ee2fa3e120738562_1_1024x768.webp","datePublished":"2026-04-26T09:16:09+00:00","breadcrumb":{"@id":"https:\/\/www.koupelnapro.com\/index.php\/produkt\/one-sada-1-bodovy-ventil-s-hlavici-sverne-sroub-cu-al-pex-plast-rozeta-kryci-trubicky-chrom-posledni-sance-42590\/#breadcrumb"},"inLanguage":"cs","potentialAction":[{"@type":"ReadAction","target":["https:\/\/www.koupelnapro.com\/index.php\/produkt\/one-sada-1-bodovy-ventil-s-hlavici-sverne-sroub-cu-al-pex-plast-rozeta-kryci-trubicky-chrom-posledni-sance-42590\/"]}]},{"@type":"ImageObject","inLanguage":"cs","@id":"https:\/\/www.koupelnapro.com\/index.php\/produkt\/one-sada-1-bodovy-ventil-s-hlavici-sverne-sroub-cu-al-pex-plast-rozeta-kryci-trubicky-chrom-posledni-sance-42590\/#primaryimage","url":"https:\/\/www.koupelnapro.com\/wp-content\/uploads\/2026\/SK0004817-CZ20260425-092706-0-1777080427-9f824d2491cee968ee2fa3e120738562_1_1024x768.webp","contentUrl":"https:\/\/www.koupelnapro.com\/wp-content\/uploads\/2026\/SK0004817-CZ20260425-092706-0-1777080427-9f824d2491cee968ee2fa3e120738562_1_1024x768.webp","width":1000,"height":750},{"@type":"BreadcrumbList","@id":"https:\/\/www.koupelnapro.com\/index.php\/produkt\/one-sada-1-bodovy-ventil-s-hlavici-sverne-sroub-cu-al-pex-plast-rozeta-kryci-trubicky-chrom-posledni-sance-42590\/#breadcrumb","itemListElement":[{"@type":"ListItem","position":1,"name":"Home","item":"https:\/\/www.koupelnapro.com\/"},{"@type":"ListItem","position":2,"name":"Products","item":"https:\/\/www.koupelnapro.com\/index.php\/products\/"},{"@type":"ListItem","position":3,"name":"ONE-SADA, 1-bodov\u00fd ventil s hlavic\u00ed+sv\u011brn\u00e9 \u0161roub.Cu+Al-Pex, plast.rozeta+kryc\u00ed trubi\u010dky,chrom Posledn\u00ed \u0160ance"}]},{"@type":"WebSite","@id":"https:\/\/www.koupelnapro.com\/#website","url":"https:\/\/www.koupelnapro.com\/","name":"","description":"","potentialAction":[{"@type":"SearchAction","target":{"@type":"EntryPoint","urlTemplate":"https:\/\/www.koupelnapro.com\/?s={search_term_string}"},"query-input":{"@type":"PropertyValueSpecification","valueRequired":true,"valueName":"search_term_string"}}],"inLanguage":"cs"}]}},"_links":{"self":[{"href":"https:\/\/www.koupelnapro.com\/index.php\/wp-json\/wp\/v2\/product\/42590","targetHints":{"allow":["GET"]}}],"collection":[{"href":"https:\/\/www.koupelnapro.com\/index.php\/wp-json\/wp\/v2\/product"}],"about":[{"href":"https:\/\/www.koupelnapro.com\/index.php\/wp-json\/wp\/v2\/types\/product"}],"replies":[{"embeddable":true,"href":"https:\/\/www.koupelnapro.com\/index.php\/wp-json\/wp\/v2\/comments?post=42590"}],"wp:featuredmedia":[{"embeddable":true,"href":"https:\/\/www.koupelnapro.com\/index.php\/wp-json\/wp\/v2\/media\/42690"}],"wp:attachment":[{"href":"https:\/\/www.koupelnapro.com\/index.php\/wp-json\/wp\/v2\/media?parent=42590"}],"wp:term":[{"taxonomy":"product_brand","embeddable":true,"href":"https:\/\/www.koupelnapro.com\/index.php\/wp-json\/wp\/v2\/product_brand?post=42590"},{"taxonomy":"product_cat","embeddable":true,"href":"https:\/\/www.koupelnapro.com\/index.php\/wp-json\/wp\/v2\/product_cat?post=42590"},{"taxonomy":"product_tag","embeddable":true,"href":"https:\/\/www.koupelnapro.com\/index.php\/wp-json\/wp\/v2\/product_tag?post=42590"}],"curies":[{"name":"wp","href":"https:\/\/api.w.org\/{rel}","templated":true}]}}