{"id":42570,"date":"2026-04-26T09:16:09","date_gmt":"2026-04-26T09:16:09","guid":{"rendered":""},"modified":"2026-04-26T09:16:09","modified_gmt":"2026-04-26T09:16:09","slug":"vesacek-dvojity-magneticky-85-x-55-x-70-mm-chrom-objednat-nyni-42570","status":"publish","type":"product","link":"https:\/\/www.koupelnapro.com\/index.php\/produkt\/vesacek-dvojity-magneticky-85-x-55-x-70-mm-chrom-objednat-nyni-42570\/","title":{"rendered":"V\u011b\u0161\u00e1\u010dek dvojit\u00fd magnetick\u00fd, 85 \u00d7 55 \u00d7 70 mm, chrom Objednat Nyn\u00ed"},"content":{"rendered":"<div class=\"tab-pane\" id=\"popis\" role=\"tabpanel\">\n<div class=\"description-box\">\n<p><strong>Jednoduch\u00e1 elegance je evergreen<\/strong>. U \u0159ady t\u011bchto koupelnov\u00fdch dopl\u0148k\u016f jsme nav\u00edc vsadili na jejich <strong>jednoduchou \u00fadr\u017ebu<\/strong>. Tak\u017ee jestli se v\u00e1m nechce koupelna permanentn\u011b drhnout, pr\u00e1v\u011b jste zjistili, kam s\u00e1hnout.<\/p>\n<p><strong>Informace o produktu:<\/strong><\/p>\n<ul>\n<li>rozm\u011br: 85\u00d755\u00d770 mm (\u0161\u00ed\u0159ka x v\u00fd\u0161ka x hloubka)<\/li>\n<li>dvojit\u00fd h\u00e1\u010dek na ru\u010dn\u00edky na radi\u00e1tor (magnetick\u00fd)<\/li>\n<\/ul>\n<p><strong>Barevn\u00e9 proveden\u00ed:<\/strong><\/p>\n<ul>\n<li>chrom<\/li>\n<\/ul>\n<p><strong>Z\u00e1ruka 2 roky<\/strong><\/p>\n<\/div><\/div>\n<div class=\"tab-pane parameter-4B444245313034323036313832263D30263D53543031\" id=\"parametry\" role=\"tabpanel\">\n","protected":false},"excerpt":{"rendered":"<p>Jednoduch\u00e1 elegance je evergreen. U \u0159ady t\u011bchto koupelnov\u00fdch dopl\u0148k\u016f jsme nav\u00edc vsadili na jejich jednoduchou \u00fadr\u017ebu. Tak\u017ee jestli se v\u00e1m nechce koupelna permanentn\u011b drhnout, pr\u00e1v\u011b jste zjistili, kam s\u00e1hnout. Informace o produktu: rozm\u011br: 85\u00d755\u00d770 mm (\u0161\u00ed\u0159ka x v\u00fd\u0161ka x hloubka) dvojit\u00fd h\u00e1\u010dek na ru\u010dn\u00edky na radi\u00e1tor (magnetick\u00fd) Barevn\u00e9 proveden\u00ed: chrom Z\u00e1ruka 2 roky<\/p>\n","protected":false},"featured_media":42670,"comment_status":"open","ping_status":"open","template":"","meta":[],"product_brand":[],"product_cat":[151],"product_tag":[],"class_list":{"0":"post-42570","1":"product","2":"type-product","3":"status-publish","4":"has-post-thumbnail","6":"product_cat-prislusenstvi-k-radiatorum","8":"first","9":"instock","10":"sale","11":"shipping-taxable","12":"purchasable","13":"product-type-simple"},"yoast_head":"<!-- This site is optimized with the Yoast SEO plugin v26.8 - https:\/\/yoast.com\/product\/yoast-seo-wordpress\/ -->\n<title>V\u011b\u0161\u00e1\u010dek dvojit\u00fd magnetick\u00fd, 85 \u00d7 55 \u00d7 70 mm, chrom Objednat Nyn\u00ed -<\/title>\n<meta name=\"robots\" content=\"index, follow, max-snippet:-1, max-image-preview:large, max-video-preview:-1\" \/>\n<link rel=\"canonical\" href=\"https:\/\/www.koupelnapro.com\/index.php\/produkt\/vesacek-dvojity-magneticky-85-x-55-x-70-mm-chrom-objednat-nyni-42570\/\" \/>\n<meta property=\"og:locale\" content=\"cs_CZ\" \/>\n<meta property=\"og:type\" content=\"article\" \/>\n<meta property=\"og:title\" content=\"V\u011b\u0161\u00e1\u010dek dvojit\u00fd magnetick\u00fd, 85 \u00d7 55 \u00d7 70 mm, chrom Objednat Nyn\u00ed -\" \/>\n<meta property=\"og:description\" content=\"Jednoduch\u00e1 elegance je evergreen. U \u0159ady t\u011bchto koupelnov\u00fdch dopl\u0148k\u016f jsme nav\u00edc vsadili na jejich jednoduchou \u00fadr\u017ebu. Tak\u017ee jestli se v\u00e1m nechce koupelna permanentn\u011b drhnout, pr\u00e1v\u011b jste zjistili, kam s\u00e1hnout. Informace o produktu: rozm\u011br: 85\u00d755\u00d770 mm (\u0161\u00ed\u0159ka x v\u00fd\u0161ka x hloubka) dvojit\u00fd h\u00e1\u010dek na ru\u010dn\u00edky na radi\u00e1tor (magnetick\u00fd) Barevn\u00e9 proveden\u00ed: chrom Z\u00e1ruka 2 roky\" \/>\n<meta property=\"og:url\" content=\"https:\/\/www.koupelnapro.com\/index.php\/produkt\/vesacek-dvojity-magneticky-85-x-55-x-70-mm-chrom-objednat-nyni-42570\/\" \/>\n<meta property=\"og:image\" content=\"https:\/\/www.koupelnapro.com\/wp-content\/uploads\/2026\/SK0004490-CZ20260425-092706-0-1777080427-f2de5b8bb63b01d97db81aeb730b6d5b_1_1024x768.webp\" \/>\n\t<meta property=\"og:image:width\" content=\"1000\" \/>\n\t<meta property=\"og:image:height\" content=\"750\" \/>\n\t<meta property=\"og:image:type\" content=\"image\/webp\" \/>\n<meta name=\"twitter:card\" content=\"summary_large_image\" \/>\n<script type=\"application\/ld+json\" class=\"yoast-schema-graph\">{\"@context\":\"https:\/\/schema.org\",\"@graph\":[{\"@type\":\"WebPage\",\"@id\":\"https:\/\/www.koupelnapro.com\/index.php\/produkt\/vesacek-dvojity-magneticky-85-x-55-x-70-mm-chrom-objednat-nyni-42570\/\",\"url\":\"https:\/\/www.koupelnapro.com\/index.php\/produkt\/vesacek-dvojity-magneticky-85-x-55-x-70-mm-chrom-objednat-nyni-42570\/\",\"name\":\"V\u011b\u0161\u00e1\u010dek dvojit\u00fd magnetick\u00fd, 85 \u00d7 55 \u00d7 70 mm, chrom Objednat Nyn\u00ed -\",\"isPartOf\":{\"@id\":\"https:\/\/www.koupelnapro.com\/#website\"},\"primaryImageOfPage\":{\"@id\":\"https:\/\/www.koupelnapro.com\/index.php\/produkt\/vesacek-dvojity-magneticky-85-x-55-x-70-mm-chrom-objednat-nyni-42570\/#primaryimage\"},\"image\":{\"@id\":\"https:\/\/www.koupelnapro.com\/index.php\/produkt\/vesacek-dvojity-magneticky-85-x-55-x-70-mm-chrom-objednat-nyni-42570\/#primaryimage\"},\"thumbnailUrl\":\"https:\/\/www.koupelnapro.com\/wp-content\/uploads\/2026\/SK0004490-CZ20260425-092706-0-1777080427-f2de5b8bb63b01d97db81aeb730b6d5b_1_1024x768.webp\",\"datePublished\":\"2026-04-26T09:16:09+00:00\",\"breadcrumb\":{\"@id\":\"https:\/\/www.koupelnapro.com\/index.php\/produkt\/vesacek-dvojity-magneticky-85-x-55-x-70-mm-chrom-objednat-nyni-42570\/#breadcrumb\"},\"inLanguage\":\"cs\",\"potentialAction\":[{\"@type\":\"ReadAction\",\"target\":[\"https:\/\/www.koupelnapro.com\/index.php\/produkt\/vesacek-dvojity-magneticky-85-x-55-x-70-mm-chrom-objednat-nyni-42570\/\"]}]},{\"@type\":\"ImageObject\",\"inLanguage\":\"cs\",\"@id\":\"https:\/\/www.koupelnapro.com\/index.php\/produkt\/vesacek-dvojity-magneticky-85-x-55-x-70-mm-chrom-objednat-nyni-42570\/#primaryimage\",\"url\":\"https:\/\/www.koupelnapro.com\/wp-content\/uploads\/2026\/SK0004490-CZ20260425-092706-0-1777080427-f2de5b8bb63b01d97db81aeb730b6d5b_1_1024x768.webp\",\"contentUrl\":\"https:\/\/www.koupelnapro.com\/wp-content\/uploads\/2026\/SK0004490-CZ20260425-092706-0-1777080427-f2de5b8bb63b01d97db81aeb730b6d5b_1_1024x768.webp\",\"width\":1000,\"height\":750},{\"@type\":\"BreadcrumbList\",\"@id\":\"https:\/\/www.koupelnapro.com\/index.php\/produkt\/vesacek-dvojity-magneticky-85-x-55-x-70-mm-chrom-objednat-nyni-42570\/#breadcrumb\",\"itemListElement\":[{\"@type\":\"ListItem\",\"position\":1,\"name\":\"Home\",\"item\":\"https:\/\/www.koupelnapro.com\/\"},{\"@type\":\"ListItem\",\"position\":2,\"name\":\"Products\",\"item\":\"https:\/\/www.koupelnapro.com\/index.php\/products\/\"},{\"@type\":\"ListItem\",\"position\":3,\"name\":\"V\u011b\u0161\u00e1\u010dek dvojit\u00fd magnetick\u00fd, 85 \u00d7 55 \u00d7 70 mm, chrom Objednat Nyn\u00ed\"}]},{\"@type\":\"WebSite\",\"@id\":\"https:\/\/www.koupelnapro.com\/#website\",\"url\":\"https:\/\/www.koupelnapro.com\/\",\"name\":\"\",\"description\":\"\",\"potentialAction\":[{\"@type\":\"SearchAction\",\"target\":{\"@type\":\"EntryPoint\",\"urlTemplate\":\"https:\/\/www.koupelnapro.com\/?s={search_term_string}\"},\"query-input\":{\"@type\":\"PropertyValueSpecification\",\"valueRequired\":true,\"valueName\":\"search_term_string\"}}],\"inLanguage\":\"cs\"}]}<\/script>\n<!-- \/ Yoast SEO plugin. -->","yoast_head_json":{"title":"V\u011b\u0161\u00e1\u010dek dvojit\u00fd magnetick\u00fd, 85 \u00d7 55 \u00d7 70 mm, chrom Objednat Nyn\u00ed -","robots":{"index":"index","follow":"follow","max-snippet":"max-snippet:-1","max-image-preview":"max-image-preview:large","max-video-preview":"max-video-preview:-1"},"canonical":"https:\/\/www.koupelnapro.com\/index.php\/produkt\/vesacek-dvojity-magneticky-85-x-55-x-70-mm-chrom-objednat-nyni-42570\/","og_locale":"cs_CZ","og_type":"article","og_title":"V\u011b\u0161\u00e1\u010dek dvojit\u00fd magnetick\u00fd, 85 \u00d7 55 \u00d7 70 mm, chrom Objednat Nyn\u00ed -","og_description":"Jednoduch\u00e1 elegance je evergreen. U \u0159ady t\u011bchto koupelnov\u00fdch dopl\u0148k\u016f jsme nav\u00edc vsadili na jejich jednoduchou \u00fadr\u017ebu. Tak\u017ee jestli se v\u00e1m nechce koupelna permanentn\u011b drhnout, pr\u00e1v\u011b jste zjistili, kam s\u00e1hnout. Informace o produktu: rozm\u011br: 85\u00d755\u00d770 mm (\u0161\u00ed\u0159ka x v\u00fd\u0161ka x hloubka) dvojit\u00fd h\u00e1\u010dek na ru\u010dn\u00edky na radi\u00e1tor (magnetick\u00fd) Barevn\u00e9 proveden\u00ed: chrom Z\u00e1ruka 2 roky","og_url":"https:\/\/www.koupelnapro.com\/index.php\/produkt\/vesacek-dvojity-magneticky-85-x-55-x-70-mm-chrom-objednat-nyni-42570\/","og_image":[{"width":1000,"height":750,"url":"https:\/\/www.koupelnapro.com\/wp-content\/uploads\/2026\/SK0004490-CZ20260425-092706-0-1777080427-f2de5b8bb63b01d97db81aeb730b6d5b_1_1024x768.webp","type":"image\/webp"}],"twitter_card":"summary_large_image","schema":{"@context":"https:\/\/schema.org","@graph":[{"@type":"WebPage","@id":"https:\/\/www.koupelnapro.com\/index.php\/produkt\/vesacek-dvojity-magneticky-85-x-55-x-70-mm-chrom-objednat-nyni-42570\/","url":"https:\/\/www.koupelnapro.com\/index.php\/produkt\/vesacek-dvojity-magneticky-85-x-55-x-70-mm-chrom-objednat-nyni-42570\/","name":"V\u011b\u0161\u00e1\u010dek dvojit\u00fd magnetick\u00fd, 85 \u00d7 55 \u00d7 70 mm, chrom Objednat Nyn\u00ed -","isPartOf":{"@id":"https:\/\/www.koupelnapro.com\/#website"},"primaryImageOfPage":{"@id":"https:\/\/www.koupelnapro.com\/index.php\/produkt\/vesacek-dvojity-magneticky-85-x-55-x-70-mm-chrom-objednat-nyni-42570\/#primaryimage"},"image":{"@id":"https:\/\/www.koupelnapro.com\/index.php\/produkt\/vesacek-dvojity-magneticky-85-x-55-x-70-mm-chrom-objednat-nyni-42570\/#primaryimage"},"thumbnailUrl":"https:\/\/www.koupelnapro.com\/wp-content\/uploads\/2026\/SK0004490-CZ20260425-092706-0-1777080427-f2de5b8bb63b01d97db81aeb730b6d5b_1_1024x768.webp","datePublished":"2026-04-26T09:16:09+00:00","breadcrumb":{"@id":"https:\/\/www.koupelnapro.com\/index.php\/produkt\/vesacek-dvojity-magneticky-85-x-55-x-70-mm-chrom-objednat-nyni-42570\/#breadcrumb"},"inLanguage":"cs","potentialAction":[{"@type":"ReadAction","target":["https:\/\/www.koupelnapro.com\/index.php\/produkt\/vesacek-dvojity-magneticky-85-x-55-x-70-mm-chrom-objednat-nyni-42570\/"]}]},{"@type":"ImageObject","inLanguage":"cs","@id":"https:\/\/www.koupelnapro.com\/index.php\/produkt\/vesacek-dvojity-magneticky-85-x-55-x-70-mm-chrom-objednat-nyni-42570\/#primaryimage","url":"https:\/\/www.koupelnapro.com\/wp-content\/uploads\/2026\/SK0004490-CZ20260425-092706-0-1777080427-f2de5b8bb63b01d97db81aeb730b6d5b_1_1024x768.webp","contentUrl":"https:\/\/www.koupelnapro.com\/wp-content\/uploads\/2026\/SK0004490-CZ20260425-092706-0-1777080427-f2de5b8bb63b01d97db81aeb730b6d5b_1_1024x768.webp","width":1000,"height":750},{"@type":"BreadcrumbList","@id":"https:\/\/www.koupelnapro.com\/index.php\/produkt\/vesacek-dvojity-magneticky-85-x-55-x-70-mm-chrom-objednat-nyni-42570\/#breadcrumb","itemListElement":[{"@type":"ListItem","position":1,"name":"Home","item":"https:\/\/www.koupelnapro.com\/"},{"@type":"ListItem","position":2,"name":"Products","item":"https:\/\/www.koupelnapro.com\/index.php\/products\/"},{"@type":"ListItem","position":3,"name":"V\u011b\u0161\u00e1\u010dek dvojit\u00fd magnetick\u00fd, 85 \u00d7 55 \u00d7 70 mm, chrom Objednat Nyn\u00ed"}]},{"@type":"WebSite","@id":"https:\/\/www.koupelnapro.com\/#website","url":"https:\/\/www.koupelnapro.com\/","name":"","description":"","potentialAction":[{"@type":"SearchAction","target":{"@type":"EntryPoint","urlTemplate":"https:\/\/www.koupelnapro.com\/?s={search_term_string}"},"query-input":{"@type":"PropertyValueSpecification","valueRequired":true,"valueName":"search_term_string"}}],"inLanguage":"cs"}]}},"_links":{"self":[{"href":"https:\/\/www.koupelnapro.com\/index.php\/wp-json\/wp\/v2\/product\/42570","targetHints":{"allow":["GET"]}}],"collection":[{"href":"https:\/\/www.koupelnapro.com\/index.php\/wp-json\/wp\/v2\/product"}],"about":[{"href":"https:\/\/www.koupelnapro.com\/index.php\/wp-json\/wp\/v2\/types\/product"}],"replies":[{"embeddable":true,"href":"https:\/\/www.koupelnapro.com\/index.php\/wp-json\/wp\/v2\/comments?post=42570"}],"wp:featuredmedia":[{"embeddable":true,"href":"https:\/\/www.koupelnapro.com\/index.php\/wp-json\/wp\/v2\/media\/42670"}],"wp:attachment":[{"href":"https:\/\/www.koupelnapro.com\/index.php\/wp-json\/wp\/v2\/media?parent=42570"}],"wp:term":[{"taxonomy":"product_brand","embeddable":true,"href":"https:\/\/www.koupelnapro.com\/index.php\/wp-json\/wp\/v2\/product_brand?post=42570"},{"taxonomy":"product_cat","embeddable":true,"href":"https:\/\/www.koupelnapro.com\/index.php\/wp-json\/wp\/v2\/product_cat?post=42570"},{"taxonomy":"product_tag","embeddable":true,"href":"https:\/\/www.koupelnapro.com\/index.php\/wp-json\/wp\/v2\/product_tag?post=42570"}],"curies":[{"name":"wp","href":"https:\/\/api.w.org\/{rel}","templated":true}]}}