{"id":42569,"date":"2026-04-26T09:16:09","date_gmt":"2026-04-26T09:16:09","guid":{"rendered":""},"modified":"2026-04-26T09:16:09","modified_gmt":"2026-04-26T09:16:09","slug":"hit-sezony-doplnek-rs2-k-radiatorum-stick-330-mm-barva-c-dle-vzorniku-vyrobce-42569","status":"publish","type":"product","link":"https:\/\/www.koupelnapro.com\/index.php\/produkt\/hit-sezony-doplnek-rs2-k-radiatorum-stick-330-mm-barva-c-dle-vzorniku-vyrobce-42569\/","title":{"rendered":"Hit Sez\u00f3ny dopln\u011bk RS2 k radi\u00e1tor\u016fm STICK 330 mm, barva C. dle vzorn\u00edku v\u00fdrobce"},"content":{"rendered":"<div class=\"tab-pane\" id=\"popis\" role=\"tabpanel\">\n<div class=\"description-box\">                                <html><body><\/p>\n<p>Ur\u010deno pro radi\u00e1tor <strong>STICK, STICK LEVEL.<\/strong><\/p>\n<p>Barevn\u00e9 proveden\u00ed:\u00a0<strong>b\u00edl\u00e9,\u00a0<span style=\"background-color:#ffffff;font-family:'Noto Sans', sans-serif;font-size:13.4px;letter-spacing:1px;\">barva dle vzorn\u00edku<\/span><\/strong><\/p>\n<h3><strong>Rozm\u011bry v\u011b\u0161\u00e1ku RS02:<\/strong>\u00a0<\/h3>\n<ul>\n<li>330 \u00d7 30 \u00d7 108 mm\u00a0<\/li>\n<li>430 \u00d7 30 \u00d7 108\u00a0 mm<\/li>\n<\/ul>\n<h3><strong><span>P\u0159\u00edplatek za ostatn\u00ed barvy:<\/span><\/strong><\/h3>\n<ul style=\"margin-bottom:1rem;margin-top:0px;list-style:none;padding-left:0px;margin-left:1rem;font-family:'Noto Sans', sans-serif;font-size:13.4px;background-color:#ffffff;\">\n<li style=\"font-size:0.8375rem;list-style:square;margin-bottom:0.4em;\">Skupina barev &#8211; p\u0159\u00edplatek\u00a0<span style=\"font-weight:bolder;\">20%<\/span>\u00a0k z\u00e1kladn\u00ed b\u00edl\u00e9 barv\u011b C35<\/li>\n<\/ul>\n<p><strong>Pokud si tedy\u00a0rozhodnete pro\u00a0barevn\u00e9 proveden\u00ed radi\u00e1toru, tak si pros\u00edm ve vzorn\u00edku (n\u00ed\u017ee na str\u00e1nk\u00e1ch ke sta\u017een\u00ed) vyberte barvu a n\u00e1zev s \u010d\u00edseln\u00fdm ozna\u010den\u00edm barvy vlo\u017e\u00edte do pozn\u00e1mky p\u0159i objedn\u00e1vce.\u00a0Radi\u00e1tory v takto zvolen\u00e9 variant\u011b jsou pouze na objedn\u00e1vku, dodac\u00ed doba \u010din\u00ed\u00a04 a\u017e 6 t\u00fddn\u016f.<\/strong><\/p>\n<h3><strong>Z\u00c1RUKA 2 ROKY<br \/><\/strong><\/h3>\n<p><\/body><\/html><\/div>\n<\/p><\/div>\n<div class=\"tab-pane parameter-52444F52533233302E263D30263D53543031\" id=\"parametry\" role=\"tabpanel\">\n","protected":false},"excerpt":{"rendered":"<p>Ur\u010deno pro radi\u00e1tor STICK, STICK LEVEL. Barevn\u00e9 proveden\u00ed:\u00a0b\u00edl\u00e9,\u00a0barva dle vzorn\u00edku Rozm\u011bry v\u011b\u0161\u00e1ku RS02:\u00a0 330 \u00d7 30 \u00d7 108 mm\u00a0 430 \u00d7 30 \u00d7 108\u00a0 mm P\u0159\u00edplatek za ostatn\u00ed barvy: Skupina barev &#8211; p\u0159\u00edplatek\u00a020%\u00a0k z\u00e1kladn\u00ed b\u00edl\u00e9 barv\u011b C35 Pokud si tedy\u00a0rozhodnete pro\u00a0barevn\u00e9 proveden\u00ed radi\u00e1toru, tak si pros\u00edm ve vzorn\u00edku (n\u00ed\u017ee na str\u00e1nk\u00e1ch ke sta\u017een\u00ed) vyberte barvu [&hellip;]<\/p>\n","protected":false},"featured_media":42669,"comment_status":"open","ping_status":"open","template":"","meta":[],"product_brand":[],"product_cat":[151],"product_tag":[],"class_list":{"0":"post-42569","1":"product","2":"type-product","3":"status-publish","4":"has-post-thumbnail","6":"product_cat-prislusenstvi-k-radiatorum","8":"first","9":"instock","10":"sale","11":"shipping-taxable","12":"purchasable","13":"product-type-simple"},"yoast_head":"<!-- This site is optimized with the Yoast SEO plugin v26.8 - https:\/\/yoast.com\/product\/yoast-seo-wordpress\/ -->\n<title>Hit Sez\u00f3ny dopln\u011bk RS2 k radi\u00e1tor\u016fm STICK 330 mm, barva C. dle vzorn\u00edku v\u00fdrobce -<\/title>\n<meta name=\"robots\" content=\"index, follow, max-snippet:-1, max-image-preview:large, max-video-preview:-1\" \/>\n<link rel=\"canonical\" href=\"https:\/\/www.koupelnapro.com\/index.php\/produkt\/hit-sezony-doplnek-rs2-k-radiatorum-stick-330-mm-barva-c-dle-vzorniku-vyrobce-42569\/\" \/>\n<meta property=\"og:locale\" content=\"cs_CZ\" \/>\n<meta property=\"og:type\" content=\"article\" \/>\n<meta property=\"og:title\" content=\"Hit Sez\u00f3ny dopln\u011bk RS2 k radi\u00e1tor\u016fm STICK 330 mm, barva C. dle vzorn\u00edku v\u00fdrobce -\" \/>\n<meta property=\"og:description\" content=\"Ur\u010deno pro radi\u00e1tor STICK, STICK LEVEL. Barevn\u00e9 proveden\u00ed:\u00a0b\u00edl\u00e9,\u00a0barva dle vzorn\u00edku Rozm\u011bry v\u011b\u0161\u00e1ku RS02:\u00a0 330 \u00d7 30 \u00d7 108 mm\u00a0 430 \u00d7 30 \u00d7 108\u00a0 mm P\u0159\u00edplatek za ostatn\u00ed barvy: Skupina barev &#8211; p\u0159\u00edplatek\u00a020%\u00a0k z\u00e1kladn\u00ed b\u00edl\u00e9 barv\u011b C35 Pokud si tedy\u00a0rozhodnete pro\u00a0barevn\u00e9 proveden\u00ed radi\u00e1toru, tak si pros\u00edm ve vzorn\u00edku (n\u00ed\u017ee na str\u00e1nk\u00e1ch ke sta\u017een\u00ed) vyberte barvu [&hellip;]\" \/>\n<meta property=\"og:url\" content=\"https:\/\/www.koupelnapro.com\/index.php\/produkt\/hit-sezony-doplnek-rs2-k-radiatorum-stick-330-mm-barva-c-dle-vzorniku-vyrobce-42569\/\" \/>\n<meta property=\"og:image\" content=\"https:\/\/www.koupelnapro.com\/wp-content\/uploads\/2026\/SK0004466-CZ20260425-092706-0-1777080427-a3b8c593b34cd090390f1900cc384bc9_1_1024x768.webp\" \/>\n\t<meta property=\"og:image:width\" content=\"1000\" \/>\n\t<meta property=\"og:image:height\" content=\"750\" \/>\n\t<meta property=\"og:image:type\" content=\"image\/webp\" \/>\n<meta name=\"twitter:card\" content=\"summary_large_image\" \/>\n<meta name=\"twitter:label1\" content=\"Odhadovan\u00e1 doba \u010dten\u00ed\" \/>\n\t<meta name=\"twitter:data1\" content=\"1 minuta\" \/>\n<script type=\"application\/ld+json\" class=\"yoast-schema-graph\">{\"@context\":\"https:\/\/schema.org\",\"@graph\":[{\"@type\":\"WebPage\",\"@id\":\"https:\/\/www.koupelnapro.com\/index.php\/produkt\/hit-sezony-doplnek-rs2-k-radiatorum-stick-330-mm-barva-c-dle-vzorniku-vyrobce-42569\/\",\"url\":\"https:\/\/www.koupelnapro.com\/index.php\/produkt\/hit-sezony-doplnek-rs2-k-radiatorum-stick-330-mm-barva-c-dle-vzorniku-vyrobce-42569\/\",\"name\":\"Hit Sez\u00f3ny dopln\u011bk RS2 k radi\u00e1tor\u016fm STICK 330 mm, barva C. dle vzorn\u00edku v\u00fdrobce -\",\"isPartOf\":{\"@id\":\"https:\/\/www.koupelnapro.com\/#website\"},\"primaryImageOfPage\":{\"@id\":\"https:\/\/www.koupelnapro.com\/index.php\/produkt\/hit-sezony-doplnek-rs2-k-radiatorum-stick-330-mm-barva-c-dle-vzorniku-vyrobce-42569\/#primaryimage\"},\"image\":{\"@id\":\"https:\/\/www.koupelnapro.com\/index.php\/produkt\/hit-sezony-doplnek-rs2-k-radiatorum-stick-330-mm-barva-c-dle-vzorniku-vyrobce-42569\/#primaryimage\"},\"thumbnailUrl\":\"https:\/\/www.koupelnapro.com\/wp-content\/uploads\/2026\/SK0004466-CZ20260425-092706-0-1777080427-a3b8c593b34cd090390f1900cc384bc9_1_1024x768.webp\",\"datePublished\":\"2026-04-26T09:16:09+00:00\",\"breadcrumb\":{\"@id\":\"https:\/\/www.koupelnapro.com\/index.php\/produkt\/hit-sezony-doplnek-rs2-k-radiatorum-stick-330-mm-barva-c-dle-vzorniku-vyrobce-42569\/#breadcrumb\"},\"inLanguage\":\"cs\",\"potentialAction\":[{\"@type\":\"ReadAction\",\"target\":[\"https:\/\/www.koupelnapro.com\/index.php\/produkt\/hit-sezony-doplnek-rs2-k-radiatorum-stick-330-mm-barva-c-dle-vzorniku-vyrobce-42569\/\"]}]},{\"@type\":\"ImageObject\",\"inLanguage\":\"cs\",\"@id\":\"https:\/\/www.koupelnapro.com\/index.php\/produkt\/hit-sezony-doplnek-rs2-k-radiatorum-stick-330-mm-barva-c-dle-vzorniku-vyrobce-42569\/#primaryimage\",\"url\":\"https:\/\/www.koupelnapro.com\/wp-content\/uploads\/2026\/SK0004466-CZ20260425-092706-0-1777080427-a3b8c593b34cd090390f1900cc384bc9_1_1024x768.webp\",\"contentUrl\":\"https:\/\/www.koupelnapro.com\/wp-content\/uploads\/2026\/SK0004466-CZ20260425-092706-0-1777080427-a3b8c593b34cd090390f1900cc384bc9_1_1024x768.webp\",\"width\":1000,\"height\":750},{\"@type\":\"BreadcrumbList\",\"@id\":\"https:\/\/www.koupelnapro.com\/index.php\/produkt\/hit-sezony-doplnek-rs2-k-radiatorum-stick-330-mm-barva-c-dle-vzorniku-vyrobce-42569\/#breadcrumb\",\"itemListElement\":[{\"@type\":\"ListItem\",\"position\":1,\"name\":\"Home\",\"item\":\"https:\/\/www.koupelnapro.com\/\"},{\"@type\":\"ListItem\",\"position\":2,\"name\":\"Products\",\"item\":\"https:\/\/www.koupelnapro.com\/index.php\/products\/\"},{\"@type\":\"ListItem\",\"position\":3,\"name\":\"Hit Sez\u00f3ny dopln\u011bk RS2 k radi\u00e1tor\u016fm STICK 330 mm, barva C. dle vzorn\u00edku v\u00fdrobce\"}]},{\"@type\":\"WebSite\",\"@id\":\"https:\/\/www.koupelnapro.com\/#website\",\"url\":\"https:\/\/www.koupelnapro.com\/\",\"name\":\"\",\"description\":\"\",\"potentialAction\":[{\"@type\":\"SearchAction\",\"target\":{\"@type\":\"EntryPoint\",\"urlTemplate\":\"https:\/\/www.koupelnapro.com\/?s={search_term_string}\"},\"query-input\":{\"@type\":\"PropertyValueSpecification\",\"valueRequired\":true,\"valueName\":\"search_term_string\"}}],\"inLanguage\":\"cs\"}]}<\/script>\n<!-- \/ Yoast SEO plugin. -->","yoast_head_json":{"title":"Hit Sez\u00f3ny dopln\u011bk RS2 k radi\u00e1tor\u016fm STICK 330 mm, barva C. dle vzorn\u00edku v\u00fdrobce -","robots":{"index":"index","follow":"follow","max-snippet":"max-snippet:-1","max-image-preview":"max-image-preview:large","max-video-preview":"max-video-preview:-1"},"canonical":"https:\/\/www.koupelnapro.com\/index.php\/produkt\/hit-sezony-doplnek-rs2-k-radiatorum-stick-330-mm-barva-c-dle-vzorniku-vyrobce-42569\/","og_locale":"cs_CZ","og_type":"article","og_title":"Hit Sez\u00f3ny dopln\u011bk RS2 k radi\u00e1tor\u016fm STICK 330 mm, barva C. dle vzorn\u00edku v\u00fdrobce -","og_description":"Ur\u010deno pro radi\u00e1tor STICK, STICK LEVEL. Barevn\u00e9 proveden\u00ed:\u00a0b\u00edl\u00e9,\u00a0barva dle vzorn\u00edku Rozm\u011bry v\u011b\u0161\u00e1ku RS02:\u00a0 330 \u00d7 30 \u00d7 108 mm\u00a0 430 \u00d7 30 \u00d7 108\u00a0 mm P\u0159\u00edplatek za ostatn\u00ed barvy: Skupina barev &#8211; p\u0159\u00edplatek\u00a020%\u00a0k z\u00e1kladn\u00ed b\u00edl\u00e9 barv\u011b C35 Pokud si tedy\u00a0rozhodnete pro\u00a0barevn\u00e9 proveden\u00ed radi\u00e1toru, tak si pros\u00edm ve vzorn\u00edku (n\u00ed\u017ee na str\u00e1nk\u00e1ch ke sta\u017een\u00ed) vyberte barvu [&hellip;]","og_url":"https:\/\/www.koupelnapro.com\/index.php\/produkt\/hit-sezony-doplnek-rs2-k-radiatorum-stick-330-mm-barva-c-dle-vzorniku-vyrobce-42569\/","og_image":[{"width":1000,"height":750,"url":"https:\/\/www.koupelnapro.com\/wp-content\/uploads\/2026\/SK0004466-CZ20260425-092706-0-1777080427-a3b8c593b34cd090390f1900cc384bc9_1_1024x768.webp","type":"image\/webp"}],"twitter_card":"summary_large_image","twitter_misc":{"Odhadovan\u00e1 doba \u010dten\u00ed":"1 minuta"},"schema":{"@context":"https:\/\/schema.org","@graph":[{"@type":"WebPage","@id":"https:\/\/www.koupelnapro.com\/index.php\/produkt\/hit-sezony-doplnek-rs2-k-radiatorum-stick-330-mm-barva-c-dle-vzorniku-vyrobce-42569\/","url":"https:\/\/www.koupelnapro.com\/index.php\/produkt\/hit-sezony-doplnek-rs2-k-radiatorum-stick-330-mm-barva-c-dle-vzorniku-vyrobce-42569\/","name":"Hit Sez\u00f3ny dopln\u011bk RS2 k radi\u00e1tor\u016fm STICK 330 mm, barva C. dle vzorn\u00edku v\u00fdrobce -","isPartOf":{"@id":"https:\/\/www.koupelnapro.com\/#website"},"primaryImageOfPage":{"@id":"https:\/\/www.koupelnapro.com\/index.php\/produkt\/hit-sezony-doplnek-rs2-k-radiatorum-stick-330-mm-barva-c-dle-vzorniku-vyrobce-42569\/#primaryimage"},"image":{"@id":"https:\/\/www.koupelnapro.com\/index.php\/produkt\/hit-sezony-doplnek-rs2-k-radiatorum-stick-330-mm-barva-c-dle-vzorniku-vyrobce-42569\/#primaryimage"},"thumbnailUrl":"https:\/\/www.koupelnapro.com\/wp-content\/uploads\/2026\/SK0004466-CZ20260425-092706-0-1777080427-a3b8c593b34cd090390f1900cc384bc9_1_1024x768.webp","datePublished":"2026-04-26T09:16:09+00:00","breadcrumb":{"@id":"https:\/\/www.koupelnapro.com\/index.php\/produkt\/hit-sezony-doplnek-rs2-k-radiatorum-stick-330-mm-barva-c-dle-vzorniku-vyrobce-42569\/#breadcrumb"},"inLanguage":"cs","potentialAction":[{"@type":"ReadAction","target":["https:\/\/www.koupelnapro.com\/index.php\/produkt\/hit-sezony-doplnek-rs2-k-radiatorum-stick-330-mm-barva-c-dle-vzorniku-vyrobce-42569\/"]}]},{"@type":"ImageObject","inLanguage":"cs","@id":"https:\/\/www.koupelnapro.com\/index.php\/produkt\/hit-sezony-doplnek-rs2-k-radiatorum-stick-330-mm-barva-c-dle-vzorniku-vyrobce-42569\/#primaryimage","url":"https:\/\/www.koupelnapro.com\/wp-content\/uploads\/2026\/SK0004466-CZ20260425-092706-0-1777080427-a3b8c593b34cd090390f1900cc384bc9_1_1024x768.webp","contentUrl":"https:\/\/www.koupelnapro.com\/wp-content\/uploads\/2026\/SK0004466-CZ20260425-092706-0-1777080427-a3b8c593b34cd090390f1900cc384bc9_1_1024x768.webp","width":1000,"height":750},{"@type":"BreadcrumbList","@id":"https:\/\/www.koupelnapro.com\/index.php\/produkt\/hit-sezony-doplnek-rs2-k-radiatorum-stick-330-mm-barva-c-dle-vzorniku-vyrobce-42569\/#breadcrumb","itemListElement":[{"@type":"ListItem","position":1,"name":"Home","item":"https:\/\/www.koupelnapro.com\/"},{"@type":"ListItem","position":2,"name":"Products","item":"https:\/\/www.koupelnapro.com\/index.php\/products\/"},{"@type":"ListItem","position":3,"name":"Hit Sez\u00f3ny dopln\u011bk RS2 k radi\u00e1tor\u016fm STICK 330 mm, barva C. dle vzorn\u00edku v\u00fdrobce"}]},{"@type":"WebSite","@id":"https:\/\/www.koupelnapro.com\/#website","url":"https:\/\/www.koupelnapro.com\/","name":"","description":"","potentialAction":[{"@type":"SearchAction","target":{"@type":"EntryPoint","urlTemplate":"https:\/\/www.koupelnapro.com\/?s={search_term_string}"},"query-input":{"@type":"PropertyValueSpecification","valueRequired":true,"valueName":"search_term_string"}}],"inLanguage":"cs"}]}},"_links":{"self":[{"href":"https:\/\/www.koupelnapro.com\/index.php\/wp-json\/wp\/v2\/product\/42569","targetHints":{"allow":["GET"]}}],"collection":[{"href":"https:\/\/www.koupelnapro.com\/index.php\/wp-json\/wp\/v2\/product"}],"about":[{"href":"https:\/\/www.koupelnapro.com\/index.php\/wp-json\/wp\/v2\/types\/product"}],"replies":[{"embeddable":true,"href":"https:\/\/www.koupelnapro.com\/index.php\/wp-json\/wp\/v2\/comments?post=42569"}],"wp:featuredmedia":[{"embeddable":true,"href":"https:\/\/www.koupelnapro.com\/index.php\/wp-json\/wp\/v2\/media\/42669"}],"wp:attachment":[{"href":"https:\/\/www.koupelnapro.com\/index.php\/wp-json\/wp\/v2\/media?parent=42569"}],"wp:term":[{"taxonomy":"product_brand","embeddable":true,"href":"https:\/\/www.koupelnapro.com\/index.php\/wp-json\/wp\/v2\/product_brand?post=42569"},{"taxonomy":"product_cat","embeddable":true,"href":"https:\/\/www.koupelnapro.com\/index.php\/wp-json\/wp\/v2\/product_cat?post=42569"},{"taxonomy":"product_tag","embeddable":true,"href":"https:\/\/www.koupelnapro.com\/index.php\/wp-json\/wp\/v2\/product_tag?post=42569"}],"curies":[{"name":"wp","href":"https:\/\/api.w.org\/{rel}","templated":true}]}}