{"id":41310,"date":"2026-04-26T09:16:03","date_gmt":"2026-04-26T09:16:03","guid":{"rendered":""},"modified":"2026-04-26T09:16:03","modified_gmt":"2026-04-26T09:16:03","slug":"viega-cleviva-komplet-sprchovy-zlabek-snizeny-rezatelny-1000mm-v-70-155mm-nerez-mat-v-794507-span-class-product-appendix-doprava-zdarma-span-nakupujte-hned-41310","status":"publish","type":"product","link":"https:\/\/www.koupelnapro.com\/index.php\/produkt\/viega-cleviva-komplet-sprchovy-zlabek-snizeny-rezatelny-1000mm-v-70-155mm-nerez-mat-v-794507-span-class-product-appendix-doprava-zdarma-span-nakupujte-hned-41310\/","title":{"rendered":"Viega Cleviva komplet sprchov\u00fd \u017el\u00e1bek sn\u00ed\u017een\u00fd \u0159ezateln\u00fd 1000mm v.70-155mm nerez mat, V 794507 <span class=\"product-appendix\"> + doprava zdarma<\/span> Nakupujte Hned"},"content":{"rendered":"<div class=\"basic-description\">\n<p><span style=\"font-size: 14pt;\"><strong><span style=\"font-family: 'times new roman', times;\">Viega Cleviva komplet sprchov\u00fd \u017el\u00e1bek sn\u00ed\u017een\u00fd \u0159ezateln\u00fd 1000mm v.70-155mm nerez mat<\/span><\/strong><\/span><br \/><span style=\"font-size: 14pt;\"><strong><span style=\"font-family: 'times new roman', times;\">Advantix Cleviva sprchov\u00fd \u017el\u00e1bek<\/span><\/strong><\/span><\/p>\n<p><span style=\"font-family: 'times new roman', times; font-size: 12pt;\">s vkl\u00e1dac\u00edm prvkem Advantix Visign C1<\/span><br \/><span style=\"font-family: 'times new roman', times; font-size: 12pt;\">(sana\u010dn\u00ed model)<\/span><br \/><span style=\"font-family: 'times new roman', times; font-size: 12pt;\">pro n\u00e1sleduj\u00edc\u00ed produkty a pou\u017eit\u00ed: spojen\u00e1 izolace<\/span><br \/><span style=\"font-family: 'times new roman', times; font-size: 12pt;\">nelze pou\u017e\u00edt pro: Advantix-potrubn\u00ed pr\u016fchodka protipo\u017e\u00e1rn\u00ed ochrana R120 model 4923.5<\/span><br \/><span style=\"font-family: 'times new roman', times; font-size: 12pt;\">u\u0161lechtil\u00e1 ocel 1.4301<\/span><\/p>\n<p><span style=\"font-size: 14pt;\"><strong><span style=\"font-family: 'times new roman', times;\">Vybaven\u00ed<\/span><\/strong><\/span><br \/><span style=\"font-family: 'times new roman', times; font-size: 12pt;\">Profilovan\u00fd sprchov\u00fd \u017el\u00e1bek, vkl\u00e1dac\u00ed prvek, z\u00e1pachov\u00fd uz\u00e1v\u011br, mont\u00e1\u017en\u00ed p\u0159\u00edruba, ut\u011bs\u0148ovac\u00ed man\u017eeta p\u0159edmontov\u00e1na z v\u00fdroby, tvarovka pro v\u00fd\u0161kov\u00e9 vyrovn\u00e1n\u00ed, odtokov\u00e1 trubka, vlo\u017eka se s\u00edtkem, upev\u0148ovac\u00ed set<\/span><\/p>\n<p><span style=\"font-size: 14pt;\"><strong><span style=\"font-family: 'times new roman', times;\">Technick\u00e1 data<\/span><\/strong><\/span><br \/><span style=\"font-family: 'times new roman', times; font-size: 12pt;\">v\u00fd\u0161ka vodn\u00ed uz\u00e1v\u011bry 25 mm<\/span><br \/><span style=\"font-family: 'times new roman', times; font-size: 12pt;\">odtokov\u00fd v\u00fdkon p\u0159i v\u00fd\u0161ce hladiny 10 mm 0,4 l\/s<\/span><br \/><span style=\"font-family: 'times new roman', times; font-size: 12pt;\">odtokov\u00fd v\u00fdkon p\u0159i v\u00fd\u0161ce hladiny 20 mm 0,45 l\/s<\/span><\/p>\n<p><span style=\"font-size: 14pt;\"><strong><span style=\"font-family: 'times new roman', times;\">Upozorn\u011bn\u00ed<\/span><\/strong><\/span><br \/><span style=\"font-family: 'times new roman', times; font-size: 12pt;\">Uveden\u00e9ho odtokov\u00e9ho v\u00fdkonu bude dosa\u017eeno s vlo\u017een\u00fdm s\u00edtkem<\/span><br \/><span style=\"font-family: 'times new roman', times; font-size: 12pt;\">U tohoto modelu odtoku nen\u00ed kv\u016fli um\u00edst\u011bn\u00ed p\u0159ipojovac\u00ed trubky v dan\u00e9 v\u00fd\u0161ce mo\u017en\u00e9 nan\u00e9st pot\u0159ebnou v\u00fd\u0161ku mazaniny. Projektant by to m\u011bl zohlednit p\u0159i pl\u00e1nov\u00e1n\u00ed. \u0158\u011b\u0161en\u00edm je vhodn\u00e1 s\u00edla obkladu a\/nebo pot\u011br s epoxidovou prysky\u0159ic\u00ed.<\/span><br \/><span style=\"font-family: 'times new roman', times; font-size: 12pt;\">kontrola jakosti podle DIN EN 1253<\/span><\/p>\n<p><span style=\"font-family: 'times new roman', times; font-size: 12pt;\">model 4981.11<\/span><\/p>\n<p><span style=\"font-family: 'times new roman', times; font-size: 12pt;\">Koupelna je m\u00edstem, kde se chceme c\u00edtit p\u0159\u00edjemn\u011b. Po\u017eadavky u\u017eivatel\u016f koupelen jsou proto adekv\u00e1tn\u011b vysok\u00e9: p\u0159ejeme si individu\u00e1ln\u00ed stylizaci a prostor pro realizaci vlastn\u00edch n\u00e1pad\u016f. pr\u00e1v\u011b tohle sprchov\u00fd \u017el\u00e1bek Advantix Cleviva nab\u00edz\u00ed: \u0161pi\u010dkov\u00fd koupelnov\u00fd design a stylistickou svobodu. A co je nejlep\u0161\u00ed: v\u0161echny nov\u00e9 sprchov\u00e9 \u017el\u00e1bky jsou snadno a velmi rychle smontovateln\u00e9 a skv\u011ble si rozum\u00ed s ka\u017ed\u00fdm koupelnov\u00fdm prostorem.<\/span><\/p>\n<p><span style=\"font-size: 14pt;\"><strong><span style=\"font-family: 'times new roman', times;\">V\u0161estrann\u00fd design, kvalitn\u00ed materi\u00e1l<\/span><\/strong><\/span><br \/><span style=\"font-family: 'times new roman', times; font-size: 12pt;\">Ro\u0161t pro sprchov\u00fd \u017el\u00e1bek je dod\u00e1van\u00fd ve dvou variant\u00e1ch, a to s jedn\u00edm nebo dv\u011bma obd\u00e9ln\u00edkov\u00fdmi nebo kruhov\u00fdmi otvory. Kl\u00ed\u010dovou vlastnost\u00ed je tak\u00e9 materi\u00e1lov\u00e9 slo\u017een\u00ed \u017el\u00e1bku Advantix Cleviva: 4 mm siln\u00e1 nerezov\u00e1 ocel je odoln\u00e1 v\u016f\u010di zkroucen\u00ed a oh\u00fdb\u00e1n\u00ed, tak\u017ee se ned\u00e1 zdeformovat. D\u00edky speci\u00e1ln\u00ed \u00faprav\u011b povrchu je voda optim\u00e1ln\u011b veden\u00e1 k jednobodov\u00e9mu odtoku. V\u00fdsledkem je plynul\u00e9 odt\u00e9k\u00e1n\u00ed vody. Vedle standardn\u00edho odtoku pro stavebn\u00ed v\u00fd\u0161ku 95 mm a v\u00edce je k dispozici i ploch\u00fd odtok pro rekonstrukce s v\u00fd\u0161kou od 70 mm.<\/span><\/p>\n<p><span style=\"font-size: 14pt;\"><strong><span style=\"font-family: 'times new roman', times;\">Variabiln\u00ed, flexibiln\u00ed, hygienick\u00fd<\/span><\/strong><\/span><br \/><span style=\"font-family: 'times new roman', times; font-size: 12pt;\">Ve srovn\u00e1n\u00ed s b\u011b\u017en\u00fdmi sprchov\u00fdmi \u017el\u00e1bky jsou nov\u00e9 sprchov\u00e9 \u017el\u00e1bky Viega snadno vym\u011bniteln\u00e9. To se hod\u00ed nap\u0159\u00edklad p\u0159i renovaci koupelny. Tak\u00e9 mohou b\u00fdt um\u00edst\u011bny kdekoliv v dla\u017eb\u011b: uprost\u0159ed m\u00edstnosti, n\u011bkde na stran\u011b nebo p\u0159\u00edmo u st\u011bny. Podrobn\u011bj\u0161\u00ed informace naleznete v n8vodu k obsluze.<\/span><\/p>\n<p><span style=\"font-family: 'times new roman', times; font-size: 12pt;\">\u017dl\u00e1bek Advantix Cleviva si tak\u00e9 m\u016f\u017eete p\u0159izp\u016fsobit vlastn\u00edm podm\u00ednk\u00e1m instalace, proto\u017ee profil \u017el\u00e1bku je prodlou\u017eiteln\u00fd bez omezen\u00ed. Na obou konc\u00edch m\u00e1 profil rovnou plo\u0161ku, tak\u017ee lze instalovat t\u011bsn\u011b za sebou n\u011bkolik sprchov\u00fdch \u017el\u00e1bk\u016f jako s\u00e9rii.<\/span><\/p>\n<p><span style=\"font-family: 'times new roman', times; font-size: 12pt;\">Jednoduch\u00e1 instalace znamen\u00e1 i snadnou \u00fadr\u017ebu. Naprosto jednodu\u0161e se vyjme ro\u0161t a vy\u010dist\u00ed z\u00e1pachov\u00fd uz\u00e1v\u011br a p\u0159\u00edpadn\u011b navazuj\u00edc\u00ed odtokov\u00fd prostor.<\/span><\/p>\n<p><span style=\"font-size: 14pt;\"><strong><span style=\"font-family: 'times new roman', times;\">Rychl\u00e1 a snadn\u00e1 instalace<\/span><\/strong><\/span><br \/><span style=\"font-family: 'times new roman', times; font-size: 12pt;\">1. Vlastn\u00ed nastaven\u00ed pozice<\/span><br \/><span style=\"font-family: 'times new roman', times; font-size: 12pt;\">Sprchov\u00fd \u017el\u00e1bek Advantix Cleviva m\u016f\u017ee b\u00fdt instalovan\u00fd centr\u00e1ln\u011b, kdekoliv v prostoru nebo rovnou ke st\u011bn\u011b, dle p\u0159\u00e1n\u00ed z\u00e1kazn\u00edka. M\u016f\u017eete jednodu\u0161e u\u0159\u00edznout konce odtoku a p\u0159ipevnit jej rovnou k hol\u00e9 zdi. Um\u00edst\u011bn\u00ed odtokov\u00e9ho potrub\u00ed si m\u016f\u017eete p\u0159izp\u016fsobit konkr\u00e9tn\u00ed mont\u00e1\u017en\u00ed situaci.<\/span><br \/><span style=\"font-family: 'times new roman', times; font-size: 12pt;\">2. Garance t\u011bsnosti<\/span><br \/><span style=\"font-family: 'times new roman', times; font-size: 12pt;\">T\u011bsnic\u00ed man\u017eeta je z v\u00fdroby namontovan\u00e1 na dr\u017e\u00e1ku, kter\u00fd se jednodu\u0161e zasune do odtokov\u00e9 p\u0159\u00edruby a zajist\u00ed ut\u011bsn\u011bn\u00ed mezi p\u0159\u00edrubou a t\u011bsnic\u00ed man\u017eetou. To je v\u00fdhoda, kterou si obklada\u010di nem\u016f\u017eou vynachv\u00e1lit.<\/span><br \/><span style=\"font-family: 'times new roman', times; font-size: 12pt;\">3. Rozmanit\u00fd koupelnov\u00fd design<\/span><br \/><span style=\"font-family: 'times new roman', times; font-size: 12pt;\">V\u00fd\u0161kov\u011b nastaviteln\u00fd adapt\u00e9r vyrovn\u00e1 v\u00fd\u0161kov\u00e9 rozd\u00edly a\u017e do 30 mm. M\u016f\u017eete tak m\u00edt obklad z ultratenk\u00e9 dla\u017eky nebo z robustn\u00edho p\u0159\u00edrodn\u00edho kamene. Nejt\u011bsn\u011bj\u0161\u00ed l\u00edcov\u00e1n\u00ed za\u010d\u00edn\u00e1 u 3,5 mm na dlouh\u00e9 stan\u011b a na 5 mm na kr\u00e1tk\u00e9 stran\u011b.<\/span><br \/><span style=\"font-family: 'times new roman', times; font-size: 12pt;\">4. D\u00e9lka sprchov\u00e9ho \u017el\u00e1bku na m\u00edru<\/span><br \/><span style=\"font-family: 'times new roman', times; font-size: 12pt;\">Profily jsou k dost\u00e1n\u00ed v d\u00e9lk\u00e1ch 800 mm, 1000 mm a 1200 mm, p\u0159i\u010dem\u017e ka\u017ed\u00fd z nich m\u016f\u017ee b\u00fdt libovoln\u011b zkr\u00e1titeln\u00fd a\u017e na 300 mm. Nav\u00edc m\u016f\u017eete v \u0159ad\u011b instalovat libovoln\u00e9 mno\u017estv\u00ed sprchov\u00fdch \u017el\u00e1bk\u016f za sebou. Jde o designov\u00e9 \u0159e\u0161en\u00ed uplatniteln\u00e9 kdekoliv, zejm\u00e9na pak ve v\u011bt\u0161\u00edch m\u00edstnostech.<\/span><\/p>\n<p><span style=\"font-size: 14pt;\"><strong><span style=\"font-family: 'times new roman', times;\">D\u016fvody pro sprchov\u00fd \u017el\u00e1bek Advantix Cleviva:<\/span><\/strong><\/span><br \/><span style=\"font-family: 'times new roman', times; font-size: 12pt;\">&#8211; Spl\u0148uje normy DIN 18534 a DIN EN 1253<\/span><br \/><span style=\"font-family: 'times new roman', times; font-size: 12pt;\">&#8211; Hygiena: plynul\u00fd odvod vody jednou odtokovou \u0161t\u011brbinou<\/span><br \/><span style=\"font-family: 'times new roman', times; font-size: 12pt;\">&#8211; Bezpe\u010dnost: upevn\u011bn\u00ed dod\u00e1van\u00e9 man\u017eety jedn\u00edm kliknut\u00edm<\/span><br \/><span style=\"font-family: 'times new roman', times; font-size: 12pt;\">&#8211; Optimalizovan\u00fd odtok vody: odvod\u0148ovac\u00ed profil s vnit\u0159n\u00edm sklonem (1-2%)<\/span><br \/><span style=\"font-family: 'times new roman', times; font-size: 12pt;\">&#8211; Variabilita designu: vym\u011bniteln\u00fd ro\u0161t a profil \u017el\u00e1bku<\/span><br \/><span style=\"font-family: 'times new roman', times; font-size: 12pt;\">&#8211; Vlastn\u00ed volba um\u00edst\u011bn\u00ed: ve st\u0159edu m\u00edstnosti, kdekoli v prostoru nebo ke st\u011bn\u011b<\/span><br \/><span style=\"font-family: 'times new roman', times; font-size: 12pt;\">&#8211; Vlastn\u00ed nastaven\u00ed d\u00e9lky: profil \u017el\u00e1bku lze zkr\u00e1tit<\/span><\/p>\n<\/p><\/div>\n<\/p><\/div>\n<\/p><\/div>\n","protected":false},"excerpt":{"rendered":"<p>Viega Cleviva komplet sprchov\u00fd \u017el\u00e1bek sn\u00ed\u017een\u00fd \u0159ezateln\u00fd 1000mm v.70-155mm nerez matAdvantix Cleviva sprchov\u00fd \u017el\u00e1bek s vkl\u00e1dac\u00edm prvkem Advantix Visign C1(sana\u010dn\u00ed model)pro n\u00e1sleduj\u00edc\u00ed produkty a pou\u017eit\u00ed: spojen\u00e1 izolacenelze pou\u017e\u00edt pro: Advantix-potrubn\u00ed pr\u016fchodka protipo\u017e\u00e1rn\u00ed ochrana R120 model 4923.5u\u0161lechtil\u00e1 ocel 1.4301 Vybaven\u00edProfilovan\u00fd sprchov\u00fd \u017el\u00e1bek, vkl\u00e1dac\u00ed prvek, z\u00e1pachov\u00fd uz\u00e1v\u011br, mont\u00e1\u017en\u00ed p\u0159\u00edruba, ut\u011bs\u0148ovac\u00ed man\u017eeta p\u0159edmontov\u00e1na z v\u00fdroby, tvarovka pro v\u00fd\u0161kov\u00e9 [&hellip;]<\/p>\n","protected":false},"featured_media":41410,"comment_status":"open","ping_status":"open","template":"","meta":[],"product_brand":[],"product_cat":[148],"product_tag":[],"class_list":{"0":"post-41310","1":"product","2":"type-product","3":"status-publish","4":"has-post-thumbnail","6":"product_cat-sprchove-kouty-vanicky-a-zlaby","8":"first","9":"instock","10":"sale","11":"shipping-taxable","12":"purchasable","13":"product-type-simple"},"yoast_head":"<!-- This site is optimized with the Yoast SEO plugin v26.8 - https:\/\/yoast.com\/product\/yoast-seo-wordpress\/ -->\n<title>Viega Cleviva komplet sprchov\u00fd \u017el\u00e1bek sn\u00ed\u017een\u00fd \u0159ezateln\u00fd 1000mm v.70-155mm nerez mat, V 794507  + doprava zdarma Nakupujte Hned -<\/title>\n<meta name=\"robots\" content=\"index, follow, max-snippet:-1, max-image-preview:large, max-video-preview:-1\" \/>\n<link rel=\"canonical\" href=\"https:\/\/www.koupelnapro.com\/index.php\/produkt\/viega-cleviva-komplet-sprchovy-zlabek-snizeny-rezatelny-1000mm-v-70-155mm-nerez-mat-v-794507-span-class-product-appendix-doprava-zdarma-span-nakupujte-hned-41310\/\" \/>\n<meta property=\"og:locale\" content=\"cs_CZ\" \/>\n<meta property=\"og:type\" content=\"article\" \/>\n<meta property=\"og:title\" content=\"Viega Cleviva komplet sprchov\u00fd \u017el\u00e1bek sn\u00ed\u017een\u00fd \u0159ezateln\u00fd 1000mm v.70-155mm nerez mat, V 794507  + doprava zdarma Nakupujte Hned -\" \/>\n<meta property=\"og:description\" content=\"Viega Cleviva komplet sprchov\u00fd \u017el\u00e1bek sn\u00ed\u017een\u00fd \u0159ezateln\u00fd 1000mm v.70-155mm nerez matAdvantix Cleviva sprchov\u00fd \u017el\u00e1bek s vkl\u00e1dac\u00edm prvkem Advantix Visign C1(sana\u010dn\u00ed model)pro n\u00e1sleduj\u00edc\u00ed produkty a pou\u017eit\u00ed: spojen\u00e1 izolacenelze pou\u017e\u00edt pro: Advantix-potrubn\u00ed pr\u016fchodka protipo\u017e\u00e1rn\u00ed ochrana R120 model 4923.5u\u0161lechtil\u00e1 ocel 1.4301 Vybaven\u00edProfilovan\u00fd sprchov\u00fd \u017el\u00e1bek, vkl\u00e1dac\u00ed prvek, z\u00e1pachov\u00fd uz\u00e1v\u011br, mont\u00e1\u017en\u00ed p\u0159\u00edruba, ut\u011bs\u0148ovac\u00ed man\u017eeta p\u0159edmontov\u00e1na z v\u00fdroby, tvarovka pro v\u00fd\u0161kov\u00e9 [&hellip;]\" \/>\n<meta property=\"og:url\" content=\"https:\/\/www.koupelnapro.com\/index.php\/produkt\/viega-cleviva-komplet-sprchovy-zlabek-snizeny-rezatelny-1000mm-v-70-155mm-nerez-mat-v-794507-span-class-product-appendix-doprava-zdarma-span-nakupujte-hned-41310\/\" \/>\n<meta property=\"og:image\" content=\"https:\/\/www.koupelnapro.com\/wp-content\/uploads\/2026\/SK0003464-CZ20260425-092706-0-1777080427-71811_viega-cleviva-komplet-sprchovy-zlabek-snizeny-rezatel.webp\" \/>\n\t<meta property=\"og:image:width\" content=\"533\" \/>\n\t<meta property=\"og:image:height\" content=\"800\" \/>\n\t<meta property=\"og:image:type\" content=\"image\/webp\" \/>\n<meta name=\"twitter:card\" content=\"summary_large_image\" \/>\n<meta name=\"twitter:label1\" content=\"Odhadovan\u00e1 doba \u010dten\u00ed\" \/>\n\t<meta name=\"twitter:data1\" content=\"4 minuty\" \/>\n<script type=\"application\/ld+json\" class=\"yoast-schema-graph\">{\"@context\":\"https:\/\/schema.org\",\"@graph\":[{\"@type\":\"WebPage\",\"@id\":\"https:\/\/www.koupelnapro.com\/index.php\/produkt\/viega-cleviva-komplet-sprchovy-zlabek-snizeny-rezatelny-1000mm-v-70-155mm-nerez-mat-v-794507-span-class-product-appendix-doprava-zdarma-span-nakupujte-hned-41310\/\",\"url\":\"https:\/\/www.koupelnapro.com\/index.php\/produkt\/viega-cleviva-komplet-sprchovy-zlabek-snizeny-rezatelny-1000mm-v-70-155mm-nerez-mat-v-794507-span-class-product-appendix-doprava-zdarma-span-nakupujte-hned-41310\/\",\"name\":\"Viega Cleviva komplet sprchov\u00fd \u017el\u00e1bek sn\u00ed\u017een\u00fd \u0159ezateln\u00fd 1000mm v.70-155mm nerez mat, V 794507 + doprava zdarma Nakupujte Hned -\",\"isPartOf\":{\"@id\":\"https:\/\/www.koupelnapro.com\/#website\"},\"primaryImageOfPage\":{\"@id\":\"https:\/\/www.koupelnapro.com\/index.php\/produkt\/viega-cleviva-komplet-sprchovy-zlabek-snizeny-rezatelny-1000mm-v-70-155mm-nerez-mat-v-794507-span-class-product-appendix-doprava-zdarma-span-nakupujte-hned-41310\/#primaryimage\"},\"image\":{\"@id\":\"https:\/\/www.koupelnapro.com\/index.php\/produkt\/viega-cleviva-komplet-sprchovy-zlabek-snizeny-rezatelny-1000mm-v-70-155mm-nerez-mat-v-794507-span-class-product-appendix-doprava-zdarma-span-nakupujte-hned-41310\/#primaryimage\"},\"thumbnailUrl\":\"https:\/\/www.koupelnapro.com\/wp-content\/uploads\/2026\/SK0003464-CZ20260425-092706-0-1777080427-71811_viega-cleviva-komplet-sprchovy-zlabek-snizeny-rezatel.webp\",\"datePublished\":\"2026-04-26T09:16:03+00:00\",\"breadcrumb\":{\"@id\":\"https:\/\/www.koupelnapro.com\/index.php\/produkt\/viega-cleviva-komplet-sprchovy-zlabek-snizeny-rezatelny-1000mm-v-70-155mm-nerez-mat-v-794507-span-class-product-appendix-doprava-zdarma-span-nakupujte-hned-41310\/#breadcrumb\"},\"inLanguage\":\"cs\",\"potentialAction\":[{\"@type\":\"ReadAction\",\"target\":[\"https:\/\/www.koupelnapro.com\/index.php\/produkt\/viega-cleviva-komplet-sprchovy-zlabek-snizeny-rezatelny-1000mm-v-70-155mm-nerez-mat-v-794507-span-class-product-appendix-doprava-zdarma-span-nakupujte-hned-41310\/\"]}]},{\"@type\":\"ImageObject\",\"inLanguage\":\"cs\",\"@id\":\"https:\/\/www.koupelnapro.com\/index.php\/produkt\/viega-cleviva-komplet-sprchovy-zlabek-snizeny-rezatelny-1000mm-v-70-155mm-nerez-mat-v-794507-span-class-product-appendix-doprava-zdarma-span-nakupujte-hned-41310\/#primaryimage\",\"url\":\"https:\/\/www.koupelnapro.com\/wp-content\/uploads\/2026\/SK0003464-CZ20260425-092706-0-1777080427-71811_viega-cleviva-komplet-sprchovy-zlabek-snizeny-rezatel.webp\",\"contentUrl\":\"https:\/\/www.koupelnapro.com\/wp-content\/uploads\/2026\/SK0003464-CZ20260425-092706-0-1777080427-71811_viega-cleviva-komplet-sprchovy-zlabek-snizeny-rezatel.webp\",\"width\":533,\"height\":800},{\"@type\":\"BreadcrumbList\",\"@id\":\"https:\/\/www.koupelnapro.com\/index.php\/produkt\/viega-cleviva-komplet-sprchovy-zlabek-snizeny-rezatelny-1000mm-v-70-155mm-nerez-mat-v-794507-span-class-product-appendix-doprava-zdarma-span-nakupujte-hned-41310\/#breadcrumb\",\"itemListElement\":[{\"@type\":\"ListItem\",\"position\":1,\"name\":\"Home\",\"item\":\"https:\/\/www.koupelnapro.com\/\"},{\"@type\":\"ListItem\",\"position\":2,\"name\":\"Products\",\"item\":\"https:\/\/www.koupelnapro.com\/index.php\/products\/\"},{\"@type\":\"ListItem\",\"position\":3,\"name\":\"Viega Cleviva komplet sprchov\u00fd \u017el\u00e1bek sn\u00ed\u017een\u00fd \u0159ezateln\u00fd 1000mm v.70-155mm nerez mat, V 794507 + doprava zdarma Nakupujte Hned\"}]},{\"@type\":\"WebSite\",\"@id\":\"https:\/\/www.koupelnapro.com\/#website\",\"url\":\"https:\/\/www.koupelnapro.com\/\",\"name\":\"\",\"description\":\"\",\"potentialAction\":[{\"@type\":\"SearchAction\",\"target\":{\"@type\":\"EntryPoint\",\"urlTemplate\":\"https:\/\/www.koupelnapro.com\/?s={search_term_string}\"},\"query-input\":{\"@type\":\"PropertyValueSpecification\",\"valueRequired\":true,\"valueName\":\"search_term_string\"}}],\"inLanguage\":\"cs\"}]}<\/script>\n<!-- \/ Yoast SEO plugin. -->","yoast_head_json":{"title":"Viega Cleviva komplet sprchov\u00fd \u017el\u00e1bek sn\u00ed\u017een\u00fd \u0159ezateln\u00fd 1000mm v.70-155mm nerez mat, V 794507  + doprava zdarma Nakupujte Hned -","robots":{"index":"index","follow":"follow","max-snippet":"max-snippet:-1","max-image-preview":"max-image-preview:large","max-video-preview":"max-video-preview:-1"},"canonical":"https:\/\/www.koupelnapro.com\/index.php\/produkt\/viega-cleviva-komplet-sprchovy-zlabek-snizeny-rezatelny-1000mm-v-70-155mm-nerez-mat-v-794507-span-class-product-appendix-doprava-zdarma-span-nakupujte-hned-41310\/","og_locale":"cs_CZ","og_type":"article","og_title":"Viega Cleviva komplet sprchov\u00fd \u017el\u00e1bek sn\u00ed\u017een\u00fd \u0159ezateln\u00fd 1000mm v.70-155mm nerez mat, V 794507  + doprava zdarma Nakupujte Hned -","og_description":"Viega Cleviva komplet sprchov\u00fd \u017el\u00e1bek sn\u00ed\u017een\u00fd \u0159ezateln\u00fd 1000mm v.70-155mm nerez matAdvantix Cleviva sprchov\u00fd \u017el\u00e1bek s vkl\u00e1dac\u00edm prvkem Advantix Visign C1(sana\u010dn\u00ed model)pro n\u00e1sleduj\u00edc\u00ed produkty a pou\u017eit\u00ed: spojen\u00e1 izolacenelze pou\u017e\u00edt pro: Advantix-potrubn\u00ed pr\u016fchodka protipo\u017e\u00e1rn\u00ed ochrana R120 model 4923.5u\u0161lechtil\u00e1 ocel 1.4301 Vybaven\u00edProfilovan\u00fd sprchov\u00fd \u017el\u00e1bek, vkl\u00e1dac\u00ed prvek, z\u00e1pachov\u00fd uz\u00e1v\u011br, mont\u00e1\u017en\u00ed p\u0159\u00edruba, ut\u011bs\u0148ovac\u00ed man\u017eeta p\u0159edmontov\u00e1na z v\u00fdroby, tvarovka pro v\u00fd\u0161kov\u00e9 [&hellip;]","og_url":"https:\/\/www.koupelnapro.com\/index.php\/produkt\/viega-cleviva-komplet-sprchovy-zlabek-snizeny-rezatelny-1000mm-v-70-155mm-nerez-mat-v-794507-span-class-product-appendix-doprava-zdarma-span-nakupujte-hned-41310\/","og_image":[{"width":533,"height":800,"url":"https:\/\/www.koupelnapro.com\/wp-content\/uploads\/2026\/SK0003464-CZ20260425-092706-0-1777080427-71811_viega-cleviva-komplet-sprchovy-zlabek-snizeny-rezatel.webp","type":"image\/webp"}],"twitter_card":"summary_large_image","twitter_misc":{"Odhadovan\u00e1 doba \u010dten\u00ed":"4 minuty"},"schema":{"@context":"https:\/\/schema.org","@graph":[{"@type":"WebPage","@id":"https:\/\/www.koupelnapro.com\/index.php\/produkt\/viega-cleviva-komplet-sprchovy-zlabek-snizeny-rezatelny-1000mm-v-70-155mm-nerez-mat-v-794507-span-class-product-appendix-doprava-zdarma-span-nakupujte-hned-41310\/","url":"https:\/\/www.koupelnapro.com\/index.php\/produkt\/viega-cleviva-komplet-sprchovy-zlabek-snizeny-rezatelny-1000mm-v-70-155mm-nerez-mat-v-794507-span-class-product-appendix-doprava-zdarma-span-nakupujte-hned-41310\/","name":"Viega Cleviva komplet sprchov\u00fd \u017el\u00e1bek sn\u00ed\u017een\u00fd \u0159ezateln\u00fd 1000mm v.70-155mm nerez mat, V 794507 + doprava zdarma Nakupujte Hned -","isPartOf":{"@id":"https:\/\/www.koupelnapro.com\/#website"},"primaryImageOfPage":{"@id":"https:\/\/www.koupelnapro.com\/index.php\/produkt\/viega-cleviva-komplet-sprchovy-zlabek-snizeny-rezatelny-1000mm-v-70-155mm-nerez-mat-v-794507-span-class-product-appendix-doprava-zdarma-span-nakupujte-hned-41310\/#primaryimage"},"image":{"@id":"https:\/\/www.koupelnapro.com\/index.php\/produkt\/viega-cleviva-komplet-sprchovy-zlabek-snizeny-rezatelny-1000mm-v-70-155mm-nerez-mat-v-794507-span-class-product-appendix-doprava-zdarma-span-nakupujte-hned-41310\/#primaryimage"},"thumbnailUrl":"https:\/\/www.koupelnapro.com\/wp-content\/uploads\/2026\/SK0003464-CZ20260425-092706-0-1777080427-71811_viega-cleviva-komplet-sprchovy-zlabek-snizeny-rezatel.webp","datePublished":"2026-04-26T09:16:03+00:00","breadcrumb":{"@id":"https:\/\/www.koupelnapro.com\/index.php\/produkt\/viega-cleviva-komplet-sprchovy-zlabek-snizeny-rezatelny-1000mm-v-70-155mm-nerez-mat-v-794507-span-class-product-appendix-doprava-zdarma-span-nakupujte-hned-41310\/#breadcrumb"},"inLanguage":"cs","potentialAction":[{"@type":"ReadAction","target":["https:\/\/www.koupelnapro.com\/index.php\/produkt\/viega-cleviva-komplet-sprchovy-zlabek-snizeny-rezatelny-1000mm-v-70-155mm-nerez-mat-v-794507-span-class-product-appendix-doprava-zdarma-span-nakupujte-hned-41310\/"]}]},{"@type":"ImageObject","inLanguage":"cs","@id":"https:\/\/www.koupelnapro.com\/index.php\/produkt\/viega-cleviva-komplet-sprchovy-zlabek-snizeny-rezatelny-1000mm-v-70-155mm-nerez-mat-v-794507-span-class-product-appendix-doprava-zdarma-span-nakupujte-hned-41310\/#primaryimage","url":"https:\/\/www.koupelnapro.com\/wp-content\/uploads\/2026\/SK0003464-CZ20260425-092706-0-1777080427-71811_viega-cleviva-komplet-sprchovy-zlabek-snizeny-rezatel.webp","contentUrl":"https:\/\/www.koupelnapro.com\/wp-content\/uploads\/2026\/SK0003464-CZ20260425-092706-0-1777080427-71811_viega-cleviva-komplet-sprchovy-zlabek-snizeny-rezatel.webp","width":533,"height":800},{"@type":"BreadcrumbList","@id":"https:\/\/www.koupelnapro.com\/index.php\/produkt\/viega-cleviva-komplet-sprchovy-zlabek-snizeny-rezatelny-1000mm-v-70-155mm-nerez-mat-v-794507-span-class-product-appendix-doprava-zdarma-span-nakupujte-hned-41310\/#breadcrumb","itemListElement":[{"@type":"ListItem","position":1,"name":"Home","item":"https:\/\/www.koupelnapro.com\/"},{"@type":"ListItem","position":2,"name":"Products","item":"https:\/\/www.koupelnapro.com\/index.php\/products\/"},{"@type":"ListItem","position":3,"name":"Viega Cleviva komplet sprchov\u00fd \u017el\u00e1bek sn\u00ed\u017een\u00fd \u0159ezateln\u00fd 1000mm v.70-155mm nerez mat, V 794507 + doprava zdarma Nakupujte Hned"}]},{"@type":"WebSite","@id":"https:\/\/www.koupelnapro.com\/#website","url":"https:\/\/www.koupelnapro.com\/","name":"","description":"","potentialAction":[{"@type":"SearchAction","target":{"@type":"EntryPoint","urlTemplate":"https:\/\/www.koupelnapro.com\/?s={search_term_string}"},"query-input":{"@type":"PropertyValueSpecification","valueRequired":true,"valueName":"search_term_string"}}],"inLanguage":"cs"}]}},"_links":{"self":[{"href":"https:\/\/www.koupelnapro.com\/index.php\/wp-json\/wp\/v2\/product\/41310","targetHints":{"allow":["GET"]}}],"collection":[{"href":"https:\/\/www.koupelnapro.com\/index.php\/wp-json\/wp\/v2\/product"}],"about":[{"href":"https:\/\/www.koupelnapro.com\/index.php\/wp-json\/wp\/v2\/types\/product"}],"replies":[{"embeddable":true,"href":"https:\/\/www.koupelnapro.com\/index.php\/wp-json\/wp\/v2\/comments?post=41310"}],"wp:featuredmedia":[{"embeddable":true,"href":"https:\/\/www.koupelnapro.com\/index.php\/wp-json\/wp\/v2\/media\/41410"}],"wp:attachment":[{"href":"https:\/\/www.koupelnapro.com\/index.php\/wp-json\/wp\/v2\/media?parent=41310"}],"wp:term":[{"taxonomy":"product_brand","embeddable":true,"href":"https:\/\/www.koupelnapro.com\/index.php\/wp-json\/wp\/v2\/product_brand?post=41310"},{"taxonomy":"product_cat","embeddable":true,"href":"https:\/\/www.koupelnapro.com\/index.php\/wp-json\/wp\/v2\/product_cat?post=41310"},{"taxonomy":"product_tag","embeddable":true,"href":"https:\/\/www.koupelnapro.com\/index.php\/wp-json\/wp\/v2\/product_tag?post=41310"}],"curies":[{"name":"wp","href":"https:\/\/api.w.org\/{rel}","templated":true}]}}