{"id":41301,"date":"2026-04-26T09:16:03","date_gmt":"2026-04-26T09:16:03","guid":{"rendered":""},"modified":"2026-04-26T09:16:03","modified_gmt":"2026-04-26T09:16:03","slug":"autenticky-ronal-annea-bocni-stena-75-cm-aluchrom-cire-sklo-ant07505007-41301","status":"publish","type":"product","link":"https:\/\/www.koupelnapro.com\/index.php\/produkt\/autenticky-ronal-annea-bocni-stena-75-cm-aluchrom-cire-sklo-ant07505007-41301\/","title":{"rendered":"Autentick\u00fd Ronal, ANNEA bo\u010dn\u00ed st\u011bna 75 cm, aluchrom\/\u010dir\u00e9 sklo, ANT07505007"},"content":{"rendered":"<div class=\"basic-description\">\n<p><span style=\"font-size: 12pt;\"><strong><span style=\"font-family: 'times new roman', times; color: #ff0000;\">ANT \/ Bo\u010dn\u00ed st\u011bna (pouze pro kombinaci se sprchov\u00fdmi dve\u0159mi ANNEA)&nbsp;&#8211;&nbsp;POZOR &#8211; nelze instalovat jako samostatn\u011b stoj\u00edc\u00ed !!!<\/span><\/strong><\/span><\/p>\n<p><span style=\"font-family: 'times new roman', times; font-size: 12pt;\">\u2022 6 mm&nbsp;<strong>\u010dir\u00e9 bezpe\u010dnostn\u00ed sklo<\/strong>&nbsp;s antiplakovou \u00fapravou Aquaperle<\/span><br \/><span style=\"font-family: 'times new roman', times; font-size: 12pt;\">\u2022 barva profilu &#8211; aluchrom<\/span><br \/><span style=\"font-family: 'times new roman', times; font-size: 12pt;\">\u2022 magnetick\u00e9 t\u011bsn\u011bn\u00ed<\/span><br \/><span style=\"font-family: 'times new roman', times; font-size: 12pt;\">\u2022 v\u010detn\u011b rohov\u00e9 vzp\u011bry z pochromovan\u00e9 mosazi<\/span><br \/><span style=\"font-family: 'times new roman', times; font-size: 12pt;\">\u2022 standardn\u00ed&nbsp;<strong>v\u00fd\u0161ka 2000 mm<\/strong><\/span><\/p>\n<p><span style=\"color: #ff0000;\"><strong>V p\u0159\u00edpad\u011b mont\u00e1\u017ee na dla\u017ebu je nutno vz\u00edt v \u00favahu rozd\u00edl mezi nomin\u00e1ln\u00ed a fyzickou \u0161\u00ed\u0159kou. Skute\u010dn\u00e1 \u0161\u00ed\u0159ka (na st\u0159ed skla) dve\u0159\u00ed s bo\u010dn\u00ed st\u011bnou je o 32 mm men\u0161\u00ed ne\u017e \u0161\u00ed\u0159ka v objednac\u00edm k\u00f3du (s toleranc\u00ed -6 a\u017e +10 mm).<\/strong><\/span><\/p>\n<p><span>Do objedn\u00e1vky je nutno uv\u00e9st, zda bude mont\u00e1\u017e na vani\u010dku nebo na dla\u017ebu.<\/span><\/p>\n<\/p><\/div>\n<\/p><\/div>\n<\/p><\/div>\n","protected":false},"excerpt":{"rendered":"<p>ANT \/ Bo\u010dn\u00ed st\u011bna (pouze pro kombinaci se sprchov\u00fdmi dve\u0159mi ANNEA)&nbsp;&#8211;&nbsp;POZOR &#8211; nelze instalovat jako samostatn\u011b stoj\u00edc\u00ed !!! \u2022 6 mm&nbsp;\u010dir\u00e9 bezpe\u010dnostn\u00ed sklo&nbsp;s antiplakovou \u00fapravou Aquaperle\u2022 barva profilu &#8211; aluchrom\u2022 magnetick\u00e9 t\u011bsn\u011bn\u00ed\u2022 v\u010detn\u011b rohov\u00e9 vzp\u011bry z pochromovan\u00e9 mosazi\u2022 standardn\u00ed&nbsp;v\u00fd\u0161ka 2000 mm V p\u0159\u00edpad\u011b mont\u00e1\u017ee na dla\u017ebu je nutno vz\u00edt v \u00favahu rozd\u00edl mezi nomin\u00e1ln\u00ed a [&hellip;]<\/p>\n","protected":false},"featured_media":41401,"comment_status":"open","ping_status":"open","template":"","meta":[],"product_brand":[],"product_cat":[148],"product_tag":[],"class_list":{"0":"post-41301","1":"product","2":"type-product","3":"status-publish","4":"has-post-thumbnail","6":"product_cat-sprchove-kouty-vanicky-a-zlaby","8":"first","9":"instock","10":"sale","11":"shipping-taxable","12":"purchasable","13":"product-type-simple"},"yoast_head":"<!-- This site is optimized with the Yoast SEO plugin v26.8 - https:\/\/yoast.com\/product\/yoast-seo-wordpress\/ -->\n<title>Autentick\u00fd Ronal, ANNEA bo\u010dn\u00ed st\u011bna 75 cm, aluchrom\/\u010dir\u00e9 sklo, ANT07505007 -<\/title>\n<meta name=\"robots\" content=\"index, follow, max-snippet:-1, max-image-preview:large, max-video-preview:-1\" \/>\n<link rel=\"canonical\" href=\"https:\/\/www.koupelnapro.com\/index.php\/produkt\/autenticky-ronal-annea-bocni-stena-75-cm-aluchrom-cire-sklo-ant07505007-41301\/\" \/>\n<meta property=\"og:locale\" content=\"cs_CZ\" \/>\n<meta property=\"og:type\" content=\"article\" \/>\n<meta property=\"og:title\" content=\"Autentick\u00fd Ronal, ANNEA bo\u010dn\u00ed st\u011bna 75 cm, aluchrom\/\u010dir\u00e9 sklo, ANT07505007 -\" \/>\n<meta property=\"og:description\" content=\"ANT \/ Bo\u010dn\u00ed st\u011bna (pouze pro kombinaci se sprchov\u00fdmi dve\u0159mi ANNEA)&nbsp;&#8211;&nbsp;POZOR &#8211; nelze instalovat jako samostatn\u011b stoj\u00edc\u00ed !!! \u2022 6 mm&nbsp;\u010dir\u00e9 bezpe\u010dnostn\u00ed sklo&nbsp;s antiplakovou \u00fapravou Aquaperle\u2022 barva profilu &#8211; aluchrom\u2022 magnetick\u00e9 t\u011bsn\u011bn\u00ed\u2022 v\u010detn\u011b rohov\u00e9 vzp\u011bry z pochromovan\u00e9 mosazi\u2022 standardn\u00ed&nbsp;v\u00fd\u0161ka 2000 mm V p\u0159\u00edpad\u011b mont\u00e1\u017ee na dla\u017ebu je nutno vz\u00edt v \u00favahu rozd\u00edl mezi nomin\u00e1ln\u00ed a [&hellip;]\" \/>\n<meta property=\"og:url\" content=\"https:\/\/www.koupelnapro.com\/index.php\/produkt\/autenticky-ronal-annea-bocni-stena-75-cm-aluchrom-cire-sklo-ant07505007-41301\/\" \/>\n<meta property=\"og:image\" content=\"https:\/\/www.koupelnapro.com\/wp-content\/uploads\/2026\/SK0003452-CZ20260425-092706-0-1777080427-71769-2_ronal-annea-an1c-ant.webp\" \/>\n\t<meta property=\"og:image:width\" content=\"533\" \/>\n\t<meta property=\"og:image:height\" content=\"800\" \/>\n\t<meta property=\"og:image:type\" content=\"image\/webp\" \/>\n<meta name=\"twitter:card\" content=\"summary_large_image\" \/>\n<meta name=\"twitter:label1\" content=\"Odhadovan\u00e1 doba \u010dten\u00ed\" \/>\n\t<meta name=\"twitter:data1\" content=\"1 minuta\" \/>\n<script type=\"application\/ld+json\" class=\"yoast-schema-graph\">{\"@context\":\"https:\/\/schema.org\",\"@graph\":[{\"@type\":\"WebPage\",\"@id\":\"https:\/\/www.koupelnapro.com\/index.php\/produkt\/autenticky-ronal-annea-bocni-stena-75-cm-aluchrom-cire-sklo-ant07505007-41301\/\",\"url\":\"https:\/\/www.koupelnapro.com\/index.php\/produkt\/autenticky-ronal-annea-bocni-stena-75-cm-aluchrom-cire-sklo-ant07505007-41301\/\",\"name\":\"Autentick\u00fd Ronal, ANNEA bo\u010dn\u00ed st\u011bna 75 cm, aluchrom\/\u010dir\u00e9 sklo, ANT07505007 -\",\"isPartOf\":{\"@id\":\"https:\/\/www.koupelnapro.com\/#website\"},\"primaryImageOfPage\":{\"@id\":\"https:\/\/www.koupelnapro.com\/index.php\/produkt\/autenticky-ronal-annea-bocni-stena-75-cm-aluchrom-cire-sklo-ant07505007-41301\/#primaryimage\"},\"image\":{\"@id\":\"https:\/\/www.koupelnapro.com\/index.php\/produkt\/autenticky-ronal-annea-bocni-stena-75-cm-aluchrom-cire-sklo-ant07505007-41301\/#primaryimage\"},\"thumbnailUrl\":\"https:\/\/www.koupelnapro.com\/wp-content\/uploads\/2026\/SK0003452-CZ20260425-092706-0-1777080427-71769-2_ronal-annea-an1c-ant.webp\",\"datePublished\":\"2026-04-26T09:16:03+00:00\",\"breadcrumb\":{\"@id\":\"https:\/\/www.koupelnapro.com\/index.php\/produkt\/autenticky-ronal-annea-bocni-stena-75-cm-aluchrom-cire-sklo-ant07505007-41301\/#breadcrumb\"},\"inLanguage\":\"cs\",\"potentialAction\":[{\"@type\":\"ReadAction\",\"target\":[\"https:\/\/www.koupelnapro.com\/index.php\/produkt\/autenticky-ronal-annea-bocni-stena-75-cm-aluchrom-cire-sklo-ant07505007-41301\/\"]}]},{\"@type\":\"ImageObject\",\"inLanguage\":\"cs\",\"@id\":\"https:\/\/www.koupelnapro.com\/index.php\/produkt\/autenticky-ronal-annea-bocni-stena-75-cm-aluchrom-cire-sklo-ant07505007-41301\/#primaryimage\",\"url\":\"https:\/\/www.koupelnapro.com\/wp-content\/uploads\/2026\/SK0003452-CZ20260425-092706-0-1777080427-71769-2_ronal-annea-an1c-ant.webp\",\"contentUrl\":\"https:\/\/www.koupelnapro.com\/wp-content\/uploads\/2026\/SK0003452-CZ20260425-092706-0-1777080427-71769-2_ronal-annea-an1c-ant.webp\",\"width\":533,\"height\":800},{\"@type\":\"BreadcrumbList\",\"@id\":\"https:\/\/www.koupelnapro.com\/index.php\/produkt\/autenticky-ronal-annea-bocni-stena-75-cm-aluchrom-cire-sklo-ant07505007-41301\/#breadcrumb\",\"itemListElement\":[{\"@type\":\"ListItem\",\"position\":1,\"name\":\"Home\",\"item\":\"https:\/\/www.koupelnapro.com\/\"},{\"@type\":\"ListItem\",\"position\":2,\"name\":\"Products\",\"item\":\"https:\/\/www.koupelnapro.com\/index.php\/products\/\"},{\"@type\":\"ListItem\",\"position\":3,\"name\":\"Autentick\u00fd Ronal, ANNEA bo\u010dn\u00ed st\u011bna 75 cm, aluchrom\/\u010dir\u00e9 sklo, ANT07505007\"}]},{\"@type\":\"WebSite\",\"@id\":\"https:\/\/www.koupelnapro.com\/#website\",\"url\":\"https:\/\/www.koupelnapro.com\/\",\"name\":\"\",\"description\":\"\",\"potentialAction\":[{\"@type\":\"SearchAction\",\"target\":{\"@type\":\"EntryPoint\",\"urlTemplate\":\"https:\/\/www.koupelnapro.com\/?s={search_term_string}\"},\"query-input\":{\"@type\":\"PropertyValueSpecification\",\"valueRequired\":true,\"valueName\":\"search_term_string\"}}],\"inLanguage\":\"cs\"}]}<\/script>\n<!-- \/ Yoast SEO plugin. -->","yoast_head_json":{"title":"Autentick\u00fd Ronal, ANNEA bo\u010dn\u00ed st\u011bna 75 cm, aluchrom\/\u010dir\u00e9 sklo, ANT07505007 -","robots":{"index":"index","follow":"follow","max-snippet":"max-snippet:-1","max-image-preview":"max-image-preview:large","max-video-preview":"max-video-preview:-1"},"canonical":"https:\/\/www.koupelnapro.com\/index.php\/produkt\/autenticky-ronal-annea-bocni-stena-75-cm-aluchrom-cire-sklo-ant07505007-41301\/","og_locale":"cs_CZ","og_type":"article","og_title":"Autentick\u00fd Ronal, ANNEA bo\u010dn\u00ed st\u011bna 75 cm, aluchrom\/\u010dir\u00e9 sklo, ANT07505007 -","og_description":"ANT \/ Bo\u010dn\u00ed st\u011bna (pouze pro kombinaci se sprchov\u00fdmi dve\u0159mi ANNEA)&nbsp;&#8211;&nbsp;POZOR &#8211; nelze instalovat jako samostatn\u011b stoj\u00edc\u00ed !!! \u2022 6 mm&nbsp;\u010dir\u00e9 bezpe\u010dnostn\u00ed sklo&nbsp;s antiplakovou \u00fapravou Aquaperle\u2022 barva profilu &#8211; aluchrom\u2022 magnetick\u00e9 t\u011bsn\u011bn\u00ed\u2022 v\u010detn\u011b rohov\u00e9 vzp\u011bry z pochromovan\u00e9 mosazi\u2022 standardn\u00ed&nbsp;v\u00fd\u0161ka 2000 mm V p\u0159\u00edpad\u011b mont\u00e1\u017ee na dla\u017ebu je nutno vz\u00edt v \u00favahu rozd\u00edl mezi nomin\u00e1ln\u00ed a [&hellip;]","og_url":"https:\/\/www.koupelnapro.com\/index.php\/produkt\/autenticky-ronal-annea-bocni-stena-75-cm-aluchrom-cire-sklo-ant07505007-41301\/","og_image":[{"width":533,"height":800,"url":"https:\/\/www.koupelnapro.com\/wp-content\/uploads\/2026\/SK0003452-CZ20260425-092706-0-1777080427-71769-2_ronal-annea-an1c-ant.webp","type":"image\/webp"}],"twitter_card":"summary_large_image","twitter_misc":{"Odhadovan\u00e1 doba \u010dten\u00ed":"1 minuta"},"schema":{"@context":"https:\/\/schema.org","@graph":[{"@type":"WebPage","@id":"https:\/\/www.koupelnapro.com\/index.php\/produkt\/autenticky-ronal-annea-bocni-stena-75-cm-aluchrom-cire-sklo-ant07505007-41301\/","url":"https:\/\/www.koupelnapro.com\/index.php\/produkt\/autenticky-ronal-annea-bocni-stena-75-cm-aluchrom-cire-sklo-ant07505007-41301\/","name":"Autentick\u00fd Ronal, ANNEA bo\u010dn\u00ed st\u011bna 75 cm, aluchrom\/\u010dir\u00e9 sklo, ANT07505007 -","isPartOf":{"@id":"https:\/\/www.koupelnapro.com\/#website"},"primaryImageOfPage":{"@id":"https:\/\/www.koupelnapro.com\/index.php\/produkt\/autenticky-ronal-annea-bocni-stena-75-cm-aluchrom-cire-sklo-ant07505007-41301\/#primaryimage"},"image":{"@id":"https:\/\/www.koupelnapro.com\/index.php\/produkt\/autenticky-ronal-annea-bocni-stena-75-cm-aluchrom-cire-sklo-ant07505007-41301\/#primaryimage"},"thumbnailUrl":"https:\/\/www.koupelnapro.com\/wp-content\/uploads\/2026\/SK0003452-CZ20260425-092706-0-1777080427-71769-2_ronal-annea-an1c-ant.webp","datePublished":"2026-04-26T09:16:03+00:00","breadcrumb":{"@id":"https:\/\/www.koupelnapro.com\/index.php\/produkt\/autenticky-ronal-annea-bocni-stena-75-cm-aluchrom-cire-sklo-ant07505007-41301\/#breadcrumb"},"inLanguage":"cs","potentialAction":[{"@type":"ReadAction","target":["https:\/\/www.koupelnapro.com\/index.php\/produkt\/autenticky-ronal-annea-bocni-stena-75-cm-aluchrom-cire-sklo-ant07505007-41301\/"]}]},{"@type":"ImageObject","inLanguage":"cs","@id":"https:\/\/www.koupelnapro.com\/index.php\/produkt\/autenticky-ronal-annea-bocni-stena-75-cm-aluchrom-cire-sklo-ant07505007-41301\/#primaryimage","url":"https:\/\/www.koupelnapro.com\/wp-content\/uploads\/2026\/SK0003452-CZ20260425-092706-0-1777080427-71769-2_ronal-annea-an1c-ant.webp","contentUrl":"https:\/\/www.koupelnapro.com\/wp-content\/uploads\/2026\/SK0003452-CZ20260425-092706-0-1777080427-71769-2_ronal-annea-an1c-ant.webp","width":533,"height":800},{"@type":"BreadcrumbList","@id":"https:\/\/www.koupelnapro.com\/index.php\/produkt\/autenticky-ronal-annea-bocni-stena-75-cm-aluchrom-cire-sklo-ant07505007-41301\/#breadcrumb","itemListElement":[{"@type":"ListItem","position":1,"name":"Home","item":"https:\/\/www.koupelnapro.com\/"},{"@type":"ListItem","position":2,"name":"Products","item":"https:\/\/www.koupelnapro.com\/index.php\/products\/"},{"@type":"ListItem","position":3,"name":"Autentick\u00fd Ronal, ANNEA bo\u010dn\u00ed st\u011bna 75 cm, aluchrom\/\u010dir\u00e9 sklo, ANT07505007"}]},{"@type":"WebSite","@id":"https:\/\/www.koupelnapro.com\/#website","url":"https:\/\/www.koupelnapro.com\/","name":"","description":"","potentialAction":[{"@type":"SearchAction","target":{"@type":"EntryPoint","urlTemplate":"https:\/\/www.koupelnapro.com\/?s={search_term_string}"},"query-input":{"@type":"PropertyValueSpecification","valueRequired":true,"valueName":"search_term_string"}}],"inLanguage":"cs"}]}},"_links":{"self":[{"href":"https:\/\/www.koupelnapro.com\/index.php\/wp-json\/wp\/v2\/product\/41301","targetHints":{"allow":["GET"]}}],"collection":[{"href":"https:\/\/www.koupelnapro.com\/index.php\/wp-json\/wp\/v2\/product"}],"about":[{"href":"https:\/\/www.koupelnapro.com\/index.php\/wp-json\/wp\/v2\/types\/product"}],"replies":[{"embeddable":true,"href":"https:\/\/www.koupelnapro.com\/index.php\/wp-json\/wp\/v2\/comments?post=41301"}],"wp:featuredmedia":[{"embeddable":true,"href":"https:\/\/www.koupelnapro.com\/index.php\/wp-json\/wp\/v2\/media\/41401"}],"wp:attachment":[{"href":"https:\/\/www.koupelnapro.com\/index.php\/wp-json\/wp\/v2\/media?parent=41301"}],"wp:term":[{"taxonomy":"product_brand","embeddable":true,"href":"https:\/\/www.koupelnapro.com\/index.php\/wp-json\/wp\/v2\/product_brand?post=41301"},{"taxonomy":"product_cat","embeddable":true,"href":"https:\/\/www.koupelnapro.com\/index.php\/wp-json\/wp\/v2\/product_cat?post=41301"},{"taxonomy":"product_tag","embeddable":true,"href":"https:\/\/www.koupelnapro.com\/index.php\/wp-json\/wp\/v2\/product_tag?post=41301"}],"curies":[{"name":"wp","href":"https:\/\/api.w.org\/{rel}","templated":true}]}}