{"id":41297,"date":"2026-04-26T09:16:03","date_gmt":"2026-04-26T09:16:03","guid":{"rendered":""},"modified":"2026-04-26T09:16:03","modified_gmt":"2026-04-26T09:16:03","slug":"ronal-annea-jednokridle-dvere-100-cm-leve-aluchrom-cire-sklo-an1c-g-1000-50-07-span-class-product-appendix-doprava-zdarma-pri-platbe-prevodem-sleva-navic-span-nejprodavanejsi-41297","status":"publish","type":"product","link":"https:\/\/www.koupelnapro.com\/index.php\/produkt\/ronal-annea-jednokridle-dvere-100-cm-leve-aluchrom-cire-sklo-an1c-g-1000-50-07-span-class-product-appendix-doprava-zdarma-pri-platbe-prevodem-sleva-navic-span-nejprodavanejsi-41297\/","title":{"rendered":"Ronal, ANNEA jednok\u0159\u00eddl\u00e9 dve\u0159e 100 cm, lev\u00e9, aluchrom\/\u010dir\u00e9 sklo, AN1C G 1000 50 07 <span class=\"product-appendix\"> + doprava zdarma + p\u0159i platb\u011b p\u0159evodem sleva nav\u00edc<\/span> Nejprod\u00e1van\u011bj\u0161\u00ed"},"content":{"rendered":"<div class=\"basic-description\">\n<p><span style=\"font-family: 'times new roman', times; font-size: 12pt;\"><strong>AN1C jednok\u0159\u00eddl\u00e9 dve\u0159e<\/strong><\/span><\/p>\n<p><span style=\"font-family: 'times new roman', times; font-size: 12pt;\">\u2022 6 mm bezpe\u010dnostn\u00ed \u010dir\u00e9 sklo<\/span><br \/><span style=\"font-family: 'times new roman', times; font-size: 12pt;\">\u2022 <strong>celkov\u00e1 \u0161\u00ed\u0159ka 1000 mm<\/strong> (\u0161\u00ed\u0159ka vstupu 895 mm), standardn\u00ed <strong>v\u00fd\u0161ka 2000 mm<\/strong><\/span><br \/><span style=\"font-family: 'times new roman', times; font-size: 12pt;\">\u2022 panty se zdvihov\u00fdm mechanismem zapu\u0161t\u011bn\u00e9 na vnit\u0159n\u00ed stran\u011b skla<\/span><br \/><span style=\"font-family: 'times new roman', times; font-size: 12pt;\">\u2022 <strong>otv\u00edr\u00e1n\u00ed pouze ven<\/strong><\/span><br \/><span style=\"font-family: 'times new roman', times; font-size: 12pt;\">\u2022 magnetick\u00e9 t\u011bsn\u011bn\u00ed<\/span><br \/><span style=\"font-family: 'times new roman', times; font-size: 12pt;\">\u2022 antiplakov\u00e1 \u00faprava Aquaperle<\/span><br \/><span style=\"font-family: 'times new roman', times; font-size: 12pt;\">\u2022 spl\u0148uje normu na sprchov\u00e9 z\u00e1st\u011bny EN 14428:2008+A1<\/span><br \/><span style=\"font-family: 'times new roman', times; font-size: 12pt;\">\u2022 snadn\u011bj\u0161\u00ed \u010di\u0161t\u011bn\u00ed d\u00edky integrovan\u00fdm pant\u016fm<\/span><br \/><span style=\"font-family: 'times new roman', times; font-size: 12pt;\">\u2022 doporu\u010den\u00e9 vani\u010dky LIVADA z lit\u00e9ho mramoru<\/span><\/p>\n<p><strong>Doporu\u010dujeme mont\u00e1\u017e s prahovou li\u0161tou S.ANE.50.&nbsp;<\/strong><\/p>\n<p><span style=\"color: #ff0000;\"><strong>Jednok\u0159\u00eddl\u00e9 dve\u0159e AN1C lze instalovat do oblo\u017een\u00e9 niky (nutn\u00e9 z\u00e1rove\u0148 objednat n\u00e1st\u011bnn\u00fd profil V.ANE.50), nebo v kombinaci s bo\u010dn\u00ed st\u011bnou ANT a vytvo\u0159it tak \u010dtverec \u010di obd\u00e9ln\u00edk.&nbsp;<\/strong><\/span><\/p>\n<p><span style=\"color: #000000;\"><strong>Kombinac\u00ed d\u00edl\u016f AN1C D (prav\u00fd d\u00edl) a AN1C G (lev\u00fd d\u00edl)&nbsp;<\/strong>vznikne \u010dtvercov\u00fd nebo obd\u00e9ln\u00edkov\u00fd kout v \u0161\u00ed\u0159k\u00e1ch od 70 do 100 cm s rohov\u00fdm vstupem.<\/span><\/p>\n<p><span>Z\u00e1st\u011bny ANNEA se daj\u00ed instalovat jak na sprchovou vani\u010dku, tak p\u0159\u00edmo na dla\u017ebu.<\/span><\/p>\n<p><span style=\"color: #ff0000;\"><strong>V p\u0159\u00edpad\u011b mont\u00e1\u017ee na dla\u017ebu je nutno vz\u00edt v \u00favahu rozd\u00edl mezi nomin\u00e1ln\u00ed a fyzickou \u0161\u00ed\u0159kou.&nbsp;<\/strong><strong>Skute\u010dn\u00e1 \u0161\u00ed\u0159ka (na st\u0159ed skla) dve\u0159\u00ed s bo\u010dn\u00ed st\u011bnou je o 32 mm men\u0161\u00ed ne\u017e \u0161\u00ed\u0159ka v objednac\u00edm k\u00f3du. (s toleranc\u00ed -6 a\u017e +10 mm).&nbsp;<\/strong><\/span><\/p>\n<\/p>\n<p><span style=\"color: #ff0000;\"><strong>Foto ilustra\u010dn\u00ed, vani\u010dka ani baterie nen\u00ed sou\u010d\u00e1st\u00ed.<\/strong><\/span><\/p>\n<\/p><\/div>\n<\/p><\/div>\n<\/p><\/div>\n","protected":false},"excerpt":{"rendered":"<p>AN1C jednok\u0159\u00eddl\u00e9 dve\u0159e \u2022 6 mm bezpe\u010dnostn\u00ed \u010dir\u00e9 sklo\u2022 celkov\u00e1 \u0161\u00ed\u0159ka 1000 mm (\u0161\u00ed\u0159ka vstupu 895 mm), standardn\u00ed v\u00fd\u0161ka 2000 mm\u2022 panty se zdvihov\u00fdm mechanismem zapu\u0161t\u011bn\u00e9 na vnit\u0159n\u00ed stran\u011b skla\u2022 otv\u00edr\u00e1n\u00ed pouze ven\u2022 magnetick\u00e9 t\u011bsn\u011bn\u00ed\u2022 antiplakov\u00e1 \u00faprava Aquaperle\u2022 spl\u0148uje normu na sprchov\u00e9 z\u00e1st\u011bny EN 14428:2008+A1\u2022 snadn\u011bj\u0161\u00ed \u010di\u0161t\u011bn\u00ed d\u00edky integrovan\u00fdm pant\u016fm\u2022 doporu\u010den\u00e9 vani\u010dky LIVADA z lit\u00e9ho [&hellip;]<\/p>\n","protected":false},"featured_media":41397,"comment_status":"open","ping_status":"open","template":"","meta":[],"product_brand":[],"product_cat":[148],"product_tag":[],"class_list":{"0":"post-41297","1":"product","2":"type-product","3":"status-publish","4":"has-post-thumbnail","6":"product_cat-sprchove-kouty-vanicky-a-zlaby","8":"first","9":"instock","10":"sale","11":"shipping-taxable","12":"purchasable","13":"product-type-simple"},"yoast_head":"<!-- This site is optimized with the Yoast SEO plugin v26.8 - https:\/\/yoast.com\/product\/yoast-seo-wordpress\/ -->\n<title>Ronal, ANNEA jednok\u0159\u00eddl\u00e9 dve\u0159e 100 cm, lev\u00e9, aluchrom\/\u010dir\u00e9 sklo, AN1C G 1000 50 07  + doprava zdarma + p\u0159i platb\u011b p\u0159evodem sleva nav\u00edc Nejprod\u00e1van\u011bj\u0161\u00ed -<\/title>\n<meta name=\"robots\" content=\"index, follow, max-snippet:-1, max-image-preview:large, max-video-preview:-1\" \/>\n<link rel=\"canonical\" href=\"https:\/\/www.koupelnapro.com\/index.php\/produkt\/ronal-annea-jednokridle-dvere-100-cm-leve-aluchrom-cire-sklo-an1c-g-1000-50-07-span-class-product-appendix-doprava-zdarma-pri-platbe-prevodem-sleva-navic-span-nejprodavanejsi-41297\/\" \/>\n<meta property=\"og:locale\" content=\"cs_CZ\" \/>\n<meta property=\"og:type\" content=\"article\" \/>\n<meta property=\"og:title\" content=\"Ronal, ANNEA jednok\u0159\u00eddl\u00e9 dve\u0159e 100 cm, lev\u00e9, aluchrom\/\u010dir\u00e9 sklo, AN1C G 1000 50 07  + doprava zdarma + p\u0159i platb\u011b p\u0159evodem sleva nav\u00edc Nejprod\u00e1van\u011bj\u0161\u00ed -\" \/>\n<meta property=\"og:description\" content=\"AN1C jednok\u0159\u00eddl\u00e9 dve\u0159e \u2022 6 mm bezpe\u010dnostn\u00ed \u010dir\u00e9 sklo\u2022 celkov\u00e1 \u0161\u00ed\u0159ka 1000 mm (\u0161\u00ed\u0159ka vstupu 895 mm), standardn\u00ed v\u00fd\u0161ka 2000 mm\u2022 panty se zdvihov\u00fdm mechanismem zapu\u0161t\u011bn\u00e9 na vnit\u0159n\u00ed stran\u011b skla\u2022 otv\u00edr\u00e1n\u00ed pouze ven\u2022 magnetick\u00e9 t\u011bsn\u011bn\u00ed\u2022 antiplakov\u00e1 \u00faprava Aquaperle\u2022 spl\u0148uje normu na sprchov\u00e9 z\u00e1st\u011bny EN 14428:2008+A1\u2022 snadn\u011bj\u0161\u00ed \u010di\u0161t\u011bn\u00ed d\u00edky integrovan\u00fdm pant\u016fm\u2022 doporu\u010den\u00e9 vani\u010dky LIVADA z lit\u00e9ho [&hellip;]\" \/>\n<meta property=\"og:url\" content=\"https:\/\/www.koupelnapro.com\/index.php\/produkt\/ronal-annea-jednokridle-dvere-100-cm-leve-aluchrom-cire-sklo-an1c-g-1000-50-07-span-class-product-appendix-doprava-zdarma-pri-platbe-prevodem-sleva-navic-span-nejprodavanejsi-41297\/\" \/>\n<meta property=\"og:image\" content=\"https:\/\/www.koupelnapro.com\/wp-content\/uploads\/2026\/SK0003448-CZ20260425-092706-0-1777080427-71757-1_147574-big.webp\" \/>\n\t<meta property=\"og:image:width\" content=\"533\" \/>\n\t<meta property=\"og:image:height\" content=\"800\" \/>\n\t<meta property=\"og:image:type\" content=\"image\/webp\" \/>\n<meta name=\"twitter:card\" content=\"summary_large_image\" \/>\n<meta name=\"twitter:label1\" content=\"Odhadovan\u00e1 doba \u010dten\u00ed\" \/>\n\t<meta name=\"twitter:data1\" content=\"1 minuta\" \/>\n<script type=\"application\/ld+json\" class=\"yoast-schema-graph\">{\"@context\":\"https:\/\/schema.org\",\"@graph\":[{\"@type\":\"WebPage\",\"@id\":\"https:\/\/www.koupelnapro.com\/index.php\/produkt\/ronal-annea-jednokridle-dvere-100-cm-leve-aluchrom-cire-sklo-an1c-g-1000-50-07-span-class-product-appendix-doprava-zdarma-pri-platbe-prevodem-sleva-navic-span-nejprodavanejsi-41297\/\",\"url\":\"https:\/\/www.koupelnapro.com\/index.php\/produkt\/ronal-annea-jednokridle-dvere-100-cm-leve-aluchrom-cire-sklo-an1c-g-1000-50-07-span-class-product-appendix-doprava-zdarma-pri-platbe-prevodem-sleva-navic-span-nejprodavanejsi-41297\/\",\"name\":\"Ronal, ANNEA jednok\u0159\u00eddl\u00e9 dve\u0159e 100 cm, lev\u00e9, aluchrom\/\u010dir\u00e9 sklo, AN1C G 1000 50 07 + doprava zdarma + p\u0159i platb\u011b p\u0159evodem sleva nav\u00edc Nejprod\u00e1van\u011bj\u0161\u00ed -\",\"isPartOf\":{\"@id\":\"https:\/\/www.koupelnapro.com\/#website\"},\"primaryImageOfPage\":{\"@id\":\"https:\/\/www.koupelnapro.com\/index.php\/produkt\/ronal-annea-jednokridle-dvere-100-cm-leve-aluchrom-cire-sklo-an1c-g-1000-50-07-span-class-product-appendix-doprava-zdarma-pri-platbe-prevodem-sleva-navic-span-nejprodavanejsi-41297\/#primaryimage\"},\"image\":{\"@id\":\"https:\/\/www.koupelnapro.com\/index.php\/produkt\/ronal-annea-jednokridle-dvere-100-cm-leve-aluchrom-cire-sklo-an1c-g-1000-50-07-span-class-product-appendix-doprava-zdarma-pri-platbe-prevodem-sleva-navic-span-nejprodavanejsi-41297\/#primaryimage\"},\"thumbnailUrl\":\"https:\/\/www.koupelnapro.com\/wp-content\/uploads\/2026\/SK0003448-CZ20260425-092706-0-1777080427-71757-1_147574-big.webp\",\"datePublished\":\"2026-04-26T09:16:03+00:00\",\"breadcrumb\":{\"@id\":\"https:\/\/www.koupelnapro.com\/index.php\/produkt\/ronal-annea-jednokridle-dvere-100-cm-leve-aluchrom-cire-sklo-an1c-g-1000-50-07-span-class-product-appendix-doprava-zdarma-pri-platbe-prevodem-sleva-navic-span-nejprodavanejsi-41297\/#breadcrumb\"},\"inLanguage\":\"cs\",\"potentialAction\":[{\"@type\":\"ReadAction\",\"target\":[\"https:\/\/www.koupelnapro.com\/index.php\/produkt\/ronal-annea-jednokridle-dvere-100-cm-leve-aluchrom-cire-sklo-an1c-g-1000-50-07-span-class-product-appendix-doprava-zdarma-pri-platbe-prevodem-sleva-navic-span-nejprodavanejsi-41297\/\"]}]},{\"@type\":\"ImageObject\",\"inLanguage\":\"cs\",\"@id\":\"https:\/\/www.koupelnapro.com\/index.php\/produkt\/ronal-annea-jednokridle-dvere-100-cm-leve-aluchrom-cire-sklo-an1c-g-1000-50-07-span-class-product-appendix-doprava-zdarma-pri-platbe-prevodem-sleva-navic-span-nejprodavanejsi-41297\/#primaryimage\",\"url\":\"https:\/\/www.koupelnapro.com\/wp-content\/uploads\/2026\/SK0003448-CZ20260425-092706-0-1777080427-71757-1_147574-big.webp\",\"contentUrl\":\"https:\/\/www.koupelnapro.com\/wp-content\/uploads\/2026\/SK0003448-CZ20260425-092706-0-1777080427-71757-1_147574-big.webp\",\"width\":533,\"height\":800},{\"@type\":\"BreadcrumbList\",\"@id\":\"https:\/\/www.koupelnapro.com\/index.php\/produkt\/ronal-annea-jednokridle-dvere-100-cm-leve-aluchrom-cire-sklo-an1c-g-1000-50-07-span-class-product-appendix-doprava-zdarma-pri-platbe-prevodem-sleva-navic-span-nejprodavanejsi-41297\/#breadcrumb\",\"itemListElement\":[{\"@type\":\"ListItem\",\"position\":1,\"name\":\"Home\",\"item\":\"https:\/\/www.koupelnapro.com\/\"},{\"@type\":\"ListItem\",\"position\":2,\"name\":\"Products\",\"item\":\"https:\/\/www.koupelnapro.com\/index.php\/products\/\"},{\"@type\":\"ListItem\",\"position\":3,\"name\":\"Ronal, ANNEA jednok\u0159\u00eddl\u00e9 dve\u0159e 100 cm, lev\u00e9, aluchrom\/\u010dir\u00e9 sklo, AN1C G 1000 50 07 + doprava zdarma + p\u0159i platb\u011b p\u0159evodem sleva nav\u00edc Nejprod\u00e1van\u011bj\u0161\u00ed\"}]},{\"@type\":\"WebSite\",\"@id\":\"https:\/\/www.koupelnapro.com\/#website\",\"url\":\"https:\/\/www.koupelnapro.com\/\",\"name\":\"\",\"description\":\"\",\"potentialAction\":[{\"@type\":\"SearchAction\",\"target\":{\"@type\":\"EntryPoint\",\"urlTemplate\":\"https:\/\/www.koupelnapro.com\/?s={search_term_string}\"},\"query-input\":{\"@type\":\"PropertyValueSpecification\",\"valueRequired\":true,\"valueName\":\"search_term_string\"}}],\"inLanguage\":\"cs\"}]}<\/script>\n<!-- \/ Yoast SEO plugin. -->","yoast_head_json":{"title":"Ronal, ANNEA jednok\u0159\u00eddl\u00e9 dve\u0159e 100 cm, lev\u00e9, aluchrom\/\u010dir\u00e9 sklo, AN1C G 1000 50 07  + doprava zdarma + p\u0159i platb\u011b p\u0159evodem sleva nav\u00edc Nejprod\u00e1van\u011bj\u0161\u00ed -","robots":{"index":"index","follow":"follow","max-snippet":"max-snippet:-1","max-image-preview":"max-image-preview:large","max-video-preview":"max-video-preview:-1"},"canonical":"https:\/\/www.koupelnapro.com\/index.php\/produkt\/ronal-annea-jednokridle-dvere-100-cm-leve-aluchrom-cire-sklo-an1c-g-1000-50-07-span-class-product-appendix-doprava-zdarma-pri-platbe-prevodem-sleva-navic-span-nejprodavanejsi-41297\/","og_locale":"cs_CZ","og_type":"article","og_title":"Ronal, ANNEA jednok\u0159\u00eddl\u00e9 dve\u0159e 100 cm, lev\u00e9, aluchrom\/\u010dir\u00e9 sklo, AN1C G 1000 50 07  + doprava zdarma + p\u0159i platb\u011b p\u0159evodem sleva nav\u00edc Nejprod\u00e1van\u011bj\u0161\u00ed -","og_description":"AN1C jednok\u0159\u00eddl\u00e9 dve\u0159e \u2022 6 mm bezpe\u010dnostn\u00ed \u010dir\u00e9 sklo\u2022 celkov\u00e1 \u0161\u00ed\u0159ka 1000 mm (\u0161\u00ed\u0159ka vstupu 895 mm), standardn\u00ed v\u00fd\u0161ka 2000 mm\u2022 panty se zdvihov\u00fdm mechanismem zapu\u0161t\u011bn\u00e9 na vnit\u0159n\u00ed stran\u011b skla\u2022 otv\u00edr\u00e1n\u00ed pouze ven\u2022 magnetick\u00e9 t\u011bsn\u011bn\u00ed\u2022 antiplakov\u00e1 \u00faprava Aquaperle\u2022 spl\u0148uje normu na sprchov\u00e9 z\u00e1st\u011bny EN 14428:2008+A1\u2022 snadn\u011bj\u0161\u00ed \u010di\u0161t\u011bn\u00ed d\u00edky integrovan\u00fdm pant\u016fm\u2022 doporu\u010den\u00e9 vani\u010dky LIVADA z lit\u00e9ho [&hellip;]","og_url":"https:\/\/www.koupelnapro.com\/index.php\/produkt\/ronal-annea-jednokridle-dvere-100-cm-leve-aluchrom-cire-sklo-an1c-g-1000-50-07-span-class-product-appendix-doprava-zdarma-pri-platbe-prevodem-sleva-navic-span-nejprodavanejsi-41297\/","og_image":[{"width":533,"height":800,"url":"https:\/\/www.koupelnapro.com\/wp-content\/uploads\/2026\/SK0003448-CZ20260425-092706-0-1777080427-71757-1_147574-big.webp","type":"image\/webp"}],"twitter_card":"summary_large_image","twitter_misc":{"Odhadovan\u00e1 doba \u010dten\u00ed":"1 minuta"},"schema":{"@context":"https:\/\/schema.org","@graph":[{"@type":"WebPage","@id":"https:\/\/www.koupelnapro.com\/index.php\/produkt\/ronal-annea-jednokridle-dvere-100-cm-leve-aluchrom-cire-sklo-an1c-g-1000-50-07-span-class-product-appendix-doprava-zdarma-pri-platbe-prevodem-sleva-navic-span-nejprodavanejsi-41297\/","url":"https:\/\/www.koupelnapro.com\/index.php\/produkt\/ronal-annea-jednokridle-dvere-100-cm-leve-aluchrom-cire-sklo-an1c-g-1000-50-07-span-class-product-appendix-doprava-zdarma-pri-platbe-prevodem-sleva-navic-span-nejprodavanejsi-41297\/","name":"Ronal, ANNEA jednok\u0159\u00eddl\u00e9 dve\u0159e 100 cm, lev\u00e9, aluchrom\/\u010dir\u00e9 sklo, AN1C G 1000 50 07 + doprava zdarma + p\u0159i platb\u011b p\u0159evodem sleva nav\u00edc Nejprod\u00e1van\u011bj\u0161\u00ed -","isPartOf":{"@id":"https:\/\/www.koupelnapro.com\/#website"},"primaryImageOfPage":{"@id":"https:\/\/www.koupelnapro.com\/index.php\/produkt\/ronal-annea-jednokridle-dvere-100-cm-leve-aluchrom-cire-sklo-an1c-g-1000-50-07-span-class-product-appendix-doprava-zdarma-pri-platbe-prevodem-sleva-navic-span-nejprodavanejsi-41297\/#primaryimage"},"image":{"@id":"https:\/\/www.koupelnapro.com\/index.php\/produkt\/ronal-annea-jednokridle-dvere-100-cm-leve-aluchrom-cire-sklo-an1c-g-1000-50-07-span-class-product-appendix-doprava-zdarma-pri-platbe-prevodem-sleva-navic-span-nejprodavanejsi-41297\/#primaryimage"},"thumbnailUrl":"https:\/\/www.koupelnapro.com\/wp-content\/uploads\/2026\/SK0003448-CZ20260425-092706-0-1777080427-71757-1_147574-big.webp","datePublished":"2026-04-26T09:16:03+00:00","breadcrumb":{"@id":"https:\/\/www.koupelnapro.com\/index.php\/produkt\/ronal-annea-jednokridle-dvere-100-cm-leve-aluchrom-cire-sklo-an1c-g-1000-50-07-span-class-product-appendix-doprava-zdarma-pri-platbe-prevodem-sleva-navic-span-nejprodavanejsi-41297\/#breadcrumb"},"inLanguage":"cs","potentialAction":[{"@type":"ReadAction","target":["https:\/\/www.koupelnapro.com\/index.php\/produkt\/ronal-annea-jednokridle-dvere-100-cm-leve-aluchrom-cire-sklo-an1c-g-1000-50-07-span-class-product-appendix-doprava-zdarma-pri-platbe-prevodem-sleva-navic-span-nejprodavanejsi-41297\/"]}]},{"@type":"ImageObject","inLanguage":"cs","@id":"https:\/\/www.koupelnapro.com\/index.php\/produkt\/ronal-annea-jednokridle-dvere-100-cm-leve-aluchrom-cire-sklo-an1c-g-1000-50-07-span-class-product-appendix-doprava-zdarma-pri-platbe-prevodem-sleva-navic-span-nejprodavanejsi-41297\/#primaryimage","url":"https:\/\/www.koupelnapro.com\/wp-content\/uploads\/2026\/SK0003448-CZ20260425-092706-0-1777080427-71757-1_147574-big.webp","contentUrl":"https:\/\/www.koupelnapro.com\/wp-content\/uploads\/2026\/SK0003448-CZ20260425-092706-0-1777080427-71757-1_147574-big.webp","width":533,"height":800},{"@type":"BreadcrumbList","@id":"https:\/\/www.koupelnapro.com\/index.php\/produkt\/ronal-annea-jednokridle-dvere-100-cm-leve-aluchrom-cire-sklo-an1c-g-1000-50-07-span-class-product-appendix-doprava-zdarma-pri-platbe-prevodem-sleva-navic-span-nejprodavanejsi-41297\/#breadcrumb","itemListElement":[{"@type":"ListItem","position":1,"name":"Home","item":"https:\/\/www.koupelnapro.com\/"},{"@type":"ListItem","position":2,"name":"Products","item":"https:\/\/www.koupelnapro.com\/index.php\/products\/"},{"@type":"ListItem","position":3,"name":"Ronal, ANNEA jednok\u0159\u00eddl\u00e9 dve\u0159e 100 cm, lev\u00e9, aluchrom\/\u010dir\u00e9 sklo, AN1C G 1000 50 07 + doprava zdarma + p\u0159i platb\u011b p\u0159evodem sleva nav\u00edc Nejprod\u00e1van\u011bj\u0161\u00ed"}]},{"@type":"WebSite","@id":"https:\/\/www.koupelnapro.com\/#website","url":"https:\/\/www.koupelnapro.com\/","name":"","description":"","potentialAction":[{"@type":"SearchAction","target":{"@type":"EntryPoint","urlTemplate":"https:\/\/www.koupelnapro.com\/?s={search_term_string}"},"query-input":{"@type":"PropertyValueSpecification","valueRequired":true,"valueName":"search_term_string"}}],"inLanguage":"cs"}]}},"_links":{"self":[{"href":"https:\/\/www.koupelnapro.com\/index.php\/wp-json\/wp\/v2\/product\/41297","targetHints":{"allow":["GET"]}}],"collection":[{"href":"https:\/\/www.koupelnapro.com\/index.php\/wp-json\/wp\/v2\/product"}],"about":[{"href":"https:\/\/www.koupelnapro.com\/index.php\/wp-json\/wp\/v2\/types\/product"}],"replies":[{"embeddable":true,"href":"https:\/\/www.koupelnapro.com\/index.php\/wp-json\/wp\/v2\/comments?post=41297"}],"wp:featuredmedia":[{"embeddable":true,"href":"https:\/\/www.koupelnapro.com\/index.php\/wp-json\/wp\/v2\/media\/41397"}],"wp:attachment":[{"href":"https:\/\/www.koupelnapro.com\/index.php\/wp-json\/wp\/v2\/media?parent=41297"}],"wp:term":[{"taxonomy":"product_brand","embeddable":true,"href":"https:\/\/www.koupelnapro.com\/index.php\/wp-json\/wp\/v2\/product_brand?post=41297"},{"taxonomy":"product_cat","embeddable":true,"href":"https:\/\/www.koupelnapro.com\/index.php\/wp-json\/wp\/v2\/product_cat?post=41297"},{"taxonomy":"product_tag","embeddable":true,"href":"https:\/\/www.koupelnapro.com\/index.php\/wp-json\/wp\/v2\/product_tag?post=41297"}],"curies":[{"name":"wp","href":"https:\/\/api.w.org\/{rel}","templated":true}]}}