{"id":41185,"date":"2026-04-26T09:16:02","date_gmt":"2026-04-26T09:16:02","guid":{"rendered":""},"modified":"2026-04-26T09:16:02","modified_gmt":"2026-04-26T09:16:02","slug":"vysoce-kvalitni-ronal-livada-obdelnikova-vanicka-w20as-41185","status":"publish","type":"product","link":"https:\/\/www.koupelnapro.com\/index.php\/produkt\/vysoce-kvalitni-ronal-livada-obdelnikova-vanicka-w20as-41185\/","title":{"rendered":"Vysoce Kvalitn\u00ed Ronal, LIVADA obd\u00e9ln\u00edkov\u00e1 vani\u010dka W20AS"},"content":{"rendered":"<div class=\"basic-description\">\n<p><span style=\"font-size: 12pt;\"><strong><span style=\"font-family: 'times new roman', times;\">Sprchov\u00e1 obd\u00e9ln\u00edkov\u00e1 vani\u010dka se sifonem na krat\u0161\u00ed stran\u011b W20AS<\/span><\/strong><\/span><\/p>\n<p><span style=\"font-size: 12pt;\"><span style=\"font-family: 'times new roman', times;\">Sprchov\u00e1 vani\u010dka v b\u00edl\u00e9 barv\u011b.&nbsp;<\/span><\/span><\/p>\n<p><span style=\"font-size: 12pt;\"><strong><span style=\"font-family: 'times new roman', times;\">Technick\u00e9 parametry:<\/span><\/strong><\/span><\/p>\n<table style=\"width: 480.906px;\">\n<tbody>\n<tr>\n<td style=\"width: 582px; text-align: center;\"><span style=\"font-family: 'times new roman', times; font-size: 12pt;\"><strong>\u0160\u00ed\u0159ka AxB (mm)<\/strong><\/span><\/td>\n<td style=\"width: 27px; text-align: center;\"><span style=\"font-family: 'times new roman', times; font-size: 12pt;\"><strong>V\u00fd\u0161ka (mm)<\/strong><\/span><\/td>\n<td style=\"width: 267px; text-align: center;\"><span style=\"font-family: 'times new roman', times; font-size: 12pt;\"><strong>Hmotnost (kg)<\/strong><\/span><\/td>\n<td style=\"width: 346.906px; text-align: center;\"><span style=\"font-family: 'times new roman', times; font-size: 12pt;\"><strong>Po\u010det no\u017ei\u010dek<\/strong><\/span><\/td>\n<\/tr>\n<tr>\n<td style=\"width: 582px; text-align: left;\"><span style=\"font-family: 'times new roman', times; font-size: 12pt;\">700 x 900<\/span><\/td>\n<td style=\"width: 27px; text-align: center;\"><span style=\"font-family: 'times new roman', times; font-size: 12pt;\">35<\/span><\/td>\n<td style=\"width: 267px; text-align: center;\"><span style=\"font-family: 'times new roman', times; font-size: 12pt;\">24<\/span><\/td>\n<td style=\"width: 346.906px; text-align: center;\">5 (FWU.5)<span style=\"font-family: 'times new roman', times; font-size: 12pt;\"><\/span><\/td>\n<\/tr>\n<tr>\n<td style=\"width: 582px; text-align: left;\"><span style=\"font-family: 'times new roman', times; font-size: 12pt;\">700 x 1000<\/span><\/td>\n<td style=\"width: 27px; text-align: center;\"><span style=\"font-family: 'times new roman', times; font-size: 12pt;\">35<\/span><\/td>\n<td style=\"width: 267px; text-align: center;\"><span style=\"font-family: 'times new roman', times; font-size: 12pt;\">27<\/span><\/td>\n<td style=\"width: 346.906px; text-align: center;\">8 (FWU.8)<span style=\"font-family: 'times new roman', times; font-size: 12pt;\"><\/span><\/td>\n<\/tr>\n<tr>\n<td style=\"width: 582px; text-align: left;\"><span style=\"font-family: 'times new roman', times; font-size: 12pt;\">700 x 1200<\/span><\/td>\n<td style=\"width: 27px; text-align: center;\"><span style=\"font-family: 'times new roman', times; font-size: 12pt;\">37<\/span><\/td>\n<td style=\"width: 267px; text-align: center;\"><span style=\"font-family: 'times new roman', times; font-size: 12pt;\">32<\/span><\/td>\n<td style=\"width: 346.906px; text-align: center;\">8 (FWU.8)<span style=\"font-family: 'times new roman', times; font-size: 12pt;\"><\/span><\/td>\n<\/tr>\n<tr>\n<td style=\"width: 582px; text-align: left;\"><span style=\"font-family: 'times new roman', times; font-size: 12pt;\">700 x 1400<\/span><\/td>\n<td style=\"width: 27px; text-align: center;\"><span style=\"font-family: 'times new roman', times; font-size: 12pt;\">37<\/span><\/td>\n<td style=\"width: 267px; text-align: center;\"><span style=\"font-family: 'times new roman', times; font-size: 12pt;\">37<\/span><\/td>\n<td style=\"width: 346.906px; text-align: center;\">8 (FWU.8)<span style=\"font-family: 'times new roman', times; font-size: 12pt;\"><\/span><\/td>\n<\/tr>\n<tr>\n<td style=\"width: 582px; text-align: left;\"><span style=\"font-family: 'times new roman', times; font-size: 12pt;\">700 x 1600<\/span><\/td>\n<td style=\"width: 27px; text-align: center;\"><span style=\"font-family: 'times new roman', times; font-size: 12pt;\">37<\/span><\/td>\n<td style=\"width: 267px; text-align: center;\"><span style=\"font-family: 'times new roman', times; font-size: 12pt;\">42<\/span><\/td>\n<td style=\"width: 346.906px; text-align: center;\">8 (FWU.8)<span style=\"font-family: 'times new roman', times; font-size: 12pt;\"><\/span><\/td>\n<\/tr>\n<tr>\n<td style=\"width: 582px; text-align: left;\"><span style=\"font-family: 'times new roman', times; font-size: 12pt;\">800 x 900<\/span><\/td>\n<td style=\"width: 27px; text-align: center;\"><span style=\"font-family: 'times new roman', times; font-size: 12pt;\">35<\/span><\/td>\n<td style=\"width: 267px; text-align: center;\"><span style=\"font-family: 'times new roman', times; font-size: 12pt;\">26<\/span><\/td>\n<td style=\"width: 346.906px; text-align: center;\">5 (FWU.5)<span style=\"font-family: 'times new roman', times; font-size: 12pt;\"><\/span><\/td>\n<\/tr>\n<tr>\n<td style=\"width: 582px; text-align: left;\"><span style=\"font-family: 'times new roman', times; font-size: 12pt;\">800 x 1000<\/span><\/td>\n<td style=\"width: 27px; text-align: center;\"><span style=\"font-family: 'times new roman', times; font-size: 12pt;\">35<\/span><\/td>\n<td style=\"width: 267px; text-align: center;\"><span face=\"times new roman, times\" style=\"font-family: 'times new roman', times;\"><span style=\"font-size: 16px;\">30<\/span><\/span><\/td>\n<td style=\"width: 346.906px; text-align: center;\">8 (FWU.8)<span style=\"font-family: 'times new roman', times; font-size: 12pt;\"><\/span><\/td>\n<\/tr>\n<tr>\n<td style=\"width: 582px; text-align: left;\"><span style=\"font-family: 'times new roman', times; font-size: 12pt;\">800 x 1100<\/span><\/td>\n<td style=\"width: 27px; text-align: center;\"><span style=\"font-family: 'times new roman', times; font-size: 12pt;\">37<\/span><\/td>\n<td style=\"width: 267px; text-align: center;\"><span style=\"font-family: 'times new roman', times; font-size: 12pt;\">32<\/span><\/td>\n<td style=\"width: 346.906px; text-align: center;\">8 (FWU.8)<span style=\"font-family: 'times new roman', times; font-size: 12pt;\"><\/span><\/td>\n<\/tr>\n<tr>\n<td style=\"width: 582px; text-align: left;\"><span style=\"font-family: 'times new roman', times; font-size: 12pt;\">800 x 1200<\/span><\/td>\n<td style=\"width: 27px; text-align: center;\"><span style=\"font-family: 'times new roman', times; font-size: 12pt;\">37<\/span><\/td>\n<td style=\"width: 267px; text-align: center;\"><span style=\"font-family: 'times new roman', times; font-size: 12pt;\">35<\/span><\/td>\n<td style=\"width: 346.906px; text-align: center;\">8 (FWU.8)<span style=\"font-family: 'times new roman', times; font-size: 12pt;\"><\/span><\/td>\n<\/tr>\n<tr>\n<td style=\"width: 582px; text-align: left;\"><span style=\"font-family: 'times new roman', times; font-size: 12pt;\">800 x 1400<\/span><\/td>\n<td style=\"width: 27px; text-align: center;\"><span style=\"font-family: 'times new roman', times; font-size: 12pt;\">37<\/span><\/td>\n<td style=\"width: 267px; text-align: center;\"><span style=\"font-family: 'times new roman', times; font-size: 12pt;\">41<\/span><\/td>\n<td style=\"width: 346.906px; text-align: center;\">8 (FWU.8)<span style=\"font-family: 'times new roman', times; font-size: 12pt;\"><\/span><\/td>\n<\/tr>\n<tr>\n<td style=\"width: 582px; text-align: left;\"><span style=\"font-family: 'times new roman', times; font-size: 12pt;\">800 x 1600<\/span><\/td>\n<td style=\"width: 27px; text-align: center;\"><span style=\"font-family: 'times new roman', times; font-size: 12pt;\">37<\/span><\/td>\n<td style=\"width: 267px; text-align: center;\"><span style=\"font-family: 'times new roman', times; font-size: 12pt;\">46<\/span><\/td>\n<td style=\"width: 346.906px; text-align: center;\">8 (FWU.8)<span style=\"font-family: 'times new roman', times; font-size: 12pt;\"><\/span><\/td>\n<\/tr>\n<tr>\n<td style=\"width: 582px; text-align: left;\"><span style=\"font-family: 'times new roman', times; font-size: 12pt;\">900 x 1000<\/span><\/td>\n<td style=\"width: 27px; text-align: center;\"><span style=\"font-family: 'times new roman', times; font-size: 12pt;\">35<\/span><\/td>\n<td style=\"width: 267px; text-align: center;\"><span style=\"font-family: 'times new roman', times; font-size: 12pt;\">33<\/span><\/td>\n<td style=\"width: 346.906px; text-align: center;\">8 (FWU.8)<span style=\"font-family: 'times new roman', times; font-size: 12pt;\"><\/span><\/td>\n<\/tr>\n<tr>\n<td style=\"width: 582px; text-align: left;\"><span style=\"font-family: 'times new roman', times; font-size: 12pt;\">900 x 1100<\/span><\/td>\n<td style=\"width: 27px; text-align: center;\"><span style=\"font-family: 'times new roman', times; font-size: 12pt;\">37<\/span><\/td>\n<td style=\"width: 267px; text-align: center;\"><span style=\"font-family: 'times new roman', times; font-size: 12pt;\">36<\/span><\/td>\n<td style=\"width: 346.906px; text-align: center;\">8 (FWU.8)<span style=\"font-family: 'times new roman', times; font-size: 12pt;\"><\/span><\/td>\n<\/tr>\n<tr>\n<td style=\"width: 582px; text-align: left;\"><span style=\"font-family: 'times new roman', times; font-size: 12pt;\">900 x 1200<\/span><\/td>\n<td style=\"width: 27px; text-align: center;\"><span style=\"font-family: 'times new roman', times; font-size: 12pt;\">37<\/span><\/td>\n<td style=\"width: 267px; text-align: center;\"><span style=\"font-family: 'times new roman', times; font-size: 12pt;\">38<\/span><\/td>\n<td style=\"width: 346.906px; text-align: center;\">8 (FWU.8)<span style=\"font-family: 'times new roman', times; font-size: 12pt;\"><\/span><\/td>\n<\/tr>\n<tr>\n<td style=\"width: 582px; text-align: left;\"><span style=\"font-family: 'times new roman', times; font-size: 12pt;\">900 x 1400<\/span><\/td>\n<td style=\"width: 27px; text-align: center;\"><span style=\"font-family: 'times new roman', times; font-size: 12pt;\">37<\/span><\/td>\n<td style=\"width: 267px; text-align: center;\"><span style=\"font-family: 'times new roman', times; font-size: 12pt;\">45<\/span><\/td>\n<td style=\"width: 346.906px; text-align: center;\">8 (FWU.8)<span style=\"font-family: 'times new roman', times; font-size: 12pt;\"><\/span><\/td>\n<\/tr>\n<tr>\n<td style=\"width: 582px; text-align: left;\"><span style=\"font-family: 'times new roman', times; font-size: 12pt;\">900 x 1600<\/span><\/td>\n<td style=\"width: 27px; text-align: center;\"><span style=\"font-family: 'times new roman', times; font-size: 12pt;\">37<\/span><\/td>\n<td style=\"width: 267px; text-align: center;\"><span style=\"font-family: 'times new roman', times; font-size: 12pt;\">51<\/span><\/td>\n<td style=\"width: 346.906px; text-align: center;\">8 (FWU.8)<span style=\"font-family: 'times new roman', times; font-size: 12pt;\"><\/span><\/td>\n<\/tr>\n<tr>\n<td style=\"width: 582px; text-align: left;\"><span style=\"font-family: 'times new roman', times; font-size: 12pt;\">900 x 1700<\/span><\/td>\n<td style=\"width: 27px; text-align: center;\"><span style=\"font-family: 'times new roman', times; font-size: 12pt;\">37<\/span><\/td>\n<td style=\"width: 267px; text-align: center;\"><span style=\"font-family: 'times new roman', times; font-size: 12pt;\">55<\/span><\/td>\n<td style=\"width: 346.906px; text-align: center;\">8 (FWU.8)<\/td>\n<\/tr>\n<tr>\n<td style=\"width: 582px; text-align: left;\"><span style=\"font-family: 'times new roman', times; font-size: 12pt;\">900 x 1800<\/span><\/td>\n<td style=\"width: 27px; text-align: center;\"><span style=\"font-family: 'times new roman', times; font-size: 12pt;\">37<\/span><\/td>\n<td style=\"width: 267px; text-align: center;\"><span style=\"font-family: 'times new roman', times; font-size: 12pt;\">58<\/span><\/td>\n<td style=\"width: 346.906px; text-align: center;\">8 (FWU.8)<\/td>\n<\/tr>\n<\/tbody>\n<\/table>\n<p><span style=\"font-size: 12pt; font-family: 'times new roman', times;\"><strong>K vani\u010dce lze nav\u00edc p\u0159iobjednat n\u00e1sleduj\u00edc\u00ed p\u0159\u00edslu\u0161enstv\u00ed:<\/strong><\/span><\/p>\n<p><span style=\"font-family: 'times new roman', times; font-size: 12pt;\">No\u017ei\u010dky FWU.5 nebo FWU.8 (v<\/span><span style=\"font-size: 12pt;\"><em><span style=\"font-family: 'times new roman', times;\">\u00fd\u0161ka no\u017ei\u010dek lze nastavit od 85-140 mm)&nbsp;<\/span><\/em><\/span><\/p>\n<p><span style=\"font-family: 'times new roman', times; font-size: 12pt;\">Sifon 90 mm + p\u0159echodov\u00e9 koleno 40\/50 mm SIWL<\/span><\/p>\n<p><span style=\"font-family: 'times new roman', times; font-size: 12pt;\">Protiskluzov\u00e1 \u00faprava na b\u00edl\u00e9 vani\u010dky (na zak\u00e1zku) AR1<\/span><\/p>\n<p>&nbsp;<\/p>\n<p><span style=\"font-family: 'times new roman', times; font-size: 12pt; color: #ff0000;\">K vani\u010dce lze objednat i p\u0159edn\u00ed panel(y) &#8211; v p\u0159\u00edpad\u011b z\u00e1jmu n\u00e1s nev\u00e1hejte kontaktovat pro cenovou nab\u00eddku na e-mail: obchod@krasne-koupelny.cz<\/span><\/p>\n<p><span style=\"font-family: 'times new roman', times; font-size: 12pt;\"><span><strong><span style=\"color: #0000ff;\">Upozorn\u011bn\u00ed pro z\u00e1kazn\u00edky ke koupi produkt\u016f na objedn\u00e1n\u00ed:<\/span>&nbsp;<\/strong>Toto zbo\u017e\u00ed nen\u00ed standardn\u00edm s\u00e9riov\u00fdm v\u00fdrobkem. Bude vyrobeno na p\u0159\u00e1n\u00ed z\u00e1kazn\u00edka a proto jej nelze dodavateli v z\u00e1konn\u00e9 lh\u016ft\u011b vr\u00e1tit. (viz \u00a71837 odst.d, ob\u010dansk\u00e9ho z\u00e1kon\u00edku). V tomto p\u0159\u00edpad\u011b m\u016f\u017eeme po\u017eadovat nevratnou z\u00e1lohu a\u017e do v\u00fd\u0161e 100% z ceny v\u00fdrobku.<\/span><\/span><\/p>\n<\/p><\/div>\n<\/p><\/div>\n<\/p><\/div>\n","protected":false},"excerpt":{"rendered":"<p>Sprchov\u00e1 obd\u00e9ln\u00edkov\u00e1 vani\u010dka se sifonem na krat\u0161\u00ed stran\u011b W20AS Sprchov\u00e1 vani\u010dka v b\u00edl\u00e9 barv\u011b.&nbsp; Technick\u00e9 parametry: \u0160\u00ed\u0159ka AxB (mm) V\u00fd\u0161ka (mm) Hmotnost (kg) Po\u010det no\u017ei\u010dek 700 x 900 35 24 5 (FWU.5) 700 x 1000 35 27 8 (FWU.8) 700 x 1200 37 32 8 (FWU.8) 700 x 1400 37 37 8 (FWU.8) 700 x [&hellip;]<\/p>\n","protected":false},"featured_media":41285,"comment_status":"open","ping_status":"open","template":"","meta":[],"product_brand":[],"product_cat":[148],"product_tag":[],"class_list":{"0":"post-41185","1":"product","2":"type-product","3":"status-publish","4":"has-post-thumbnail","6":"product_cat-sprchove-kouty-vanicky-a-zlaby","8":"first","9":"instock","10":"sale","11":"shipping-taxable","12":"purchasable","13":"product-type-simple"},"yoast_head":"<!-- This site is optimized with the Yoast SEO plugin v26.8 - https:\/\/yoast.com\/product\/yoast-seo-wordpress\/ -->\n<title>Vysoce Kvalitn\u00ed Ronal, LIVADA obd\u00e9ln\u00edkov\u00e1 vani\u010dka W20AS -<\/title>\n<meta name=\"robots\" content=\"index, follow, max-snippet:-1, max-image-preview:large, max-video-preview:-1\" \/>\n<link rel=\"canonical\" href=\"https:\/\/www.koupelnapro.com\/index.php\/produkt\/vysoce-kvalitni-ronal-livada-obdelnikova-vanicka-w20as-41185\/\" \/>\n<meta property=\"og:locale\" content=\"cs_CZ\" \/>\n<meta property=\"og:type\" content=\"article\" \/>\n<meta property=\"og:title\" content=\"Vysoce Kvalitn\u00ed Ronal, LIVADA obd\u00e9ln\u00edkov\u00e1 vani\u010dka W20AS -\" \/>\n<meta property=\"og:description\" content=\"Sprchov\u00e1 obd\u00e9ln\u00edkov\u00e1 vani\u010dka se sifonem na krat\u0161\u00ed stran\u011b W20AS Sprchov\u00e1 vani\u010dka v b\u00edl\u00e9 barv\u011b.&nbsp; Technick\u00e9 parametry: \u0160\u00ed\u0159ka AxB (mm) V\u00fd\u0161ka (mm) Hmotnost (kg) Po\u010det no\u017ei\u010dek 700 x 900 35 24 5 (FWU.5) 700 x 1000 35 27 8 (FWU.8) 700 x 1200 37 32 8 (FWU.8) 700 x 1400 37 37 8 (FWU.8) 700 x [&hellip;]\" \/>\n<meta property=\"og:url\" content=\"https:\/\/www.koupelnapro.com\/index.php\/produkt\/vysoce-kvalitni-ronal-livada-obdelnikova-vanicka-w20as-41185\/\" \/>\n<meta property=\"og:image\" content=\"https:\/\/www.koupelnapro.com\/wp-content\/uploads\/2026\/SK0003436-CZ20260425-092706-0-1777080427-71712-3_df63f440d3682c9d194bd44c8ec54cc8-mm1600x1600.webp\" \/>\n\t<meta property=\"og:image:width\" content=\"533\" \/>\n\t<meta property=\"og:image:height\" content=\"800\" \/>\n\t<meta property=\"og:image:type\" content=\"image\/webp\" \/>\n<meta name=\"twitter:card\" content=\"summary_large_image\" \/>\n<meta name=\"twitter:label1\" content=\"Odhadovan\u00e1 doba \u010dten\u00ed\" \/>\n\t<meta name=\"twitter:data1\" content=\"1 minuta\" \/>\n<script type=\"application\/ld+json\" class=\"yoast-schema-graph\">{\"@context\":\"https:\/\/schema.org\",\"@graph\":[{\"@type\":\"WebPage\",\"@id\":\"https:\/\/www.koupelnapro.com\/index.php\/produkt\/vysoce-kvalitni-ronal-livada-obdelnikova-vanicka-w20as-41185\/\",\"url\":\"https:\/\/www.koupelnapro.com\/index.php\/produkt\/vysoce-kvalitni-ronal-livada-obdelnikova-vanicka-w20as-41185\/\",\"name\":\"Vysoce Kvalitn\u00ed Ronal, LIVADA obd\u00e9ln\u00edkov\u00e1 vani\u010dka W20AS -\",\"isPartOf\":{\"@id\":\"https:\/\/www.koupelnapro.com\/#website\"},\"primaryImageOfPage\":{\"@id\":\"https:\/\/www.koupelnapro.com\/index.php\/produkt\/vysoce-kvalitni-ronal-livada-obdelnikova-vanicka-w20as-41185\/#primaryimage\"},\"image\":{\"@id\":\"https:\/\/www.koupelnapro.com\/index.php\/produkt\/vysoce-kvalitni-ronal-livada-obdelnikova-vanicka-w20as-41185\/#primaryimage\"},\"thumbnailUrl\":\"https:\/\/www.koupelnapro.com\/wp-content\/uploads\/2026\/SK0003436-CZ20260425-092706-0-1777080427-71712-3_df63f440d3682c9d194bd44c8ec54cc8-mm1600x1600.webp\",\"datePublished\":\"2026-04-26T09:16:02+00:00\",\"breadcrumb\":{\"@id\":\"https:\/\/www.koupelnapro.com\/index.php\/produkt\/vysoce-kvalitni-ronal-livada-obdelnikova-vanicka-w20as-41185\/#breadcrumb\"},\"inLanguage\":\"cs\",\"potentialAction\":[{\"@type\":\"ReadAction\",\"target\":[\"https:\/\/www.koupelnapro.com\/index.php\/produkt\/vysoce-kvalitni-ronal-livada-obdelnikova-vanicka-w20as-41185\/\"]}]},{\"@type\":\"ImageObject\",\"inLanguage\":\"cs\",\"@id\":\"https:\/\/www.koupelnapro.com\/index.php\/produkt\/vysoce-kvalitni-ronal-livada-obdelnikova-vanicka-w20as-41185\/#primaryimage\",\"url\":\"https:\/\/www.koupelnapro.com\/wp-content\/uploads\/2026\/SK0003436-CZ20260425-092706-0-1777080427-71712-3_df63f440d3682c9d194bd44c8ec54cc8-mm1600x1600.webp\",\"contentUrl\":\"https:\/\/www.koupelnapro.com\/wp-content\/uploads\/2026\/SK0003436-CZ20260425-092706-0-1777080427-71712-3_df63f440d3682c9d194bd44c8ec54cc8-mm1600x1600.webp\",\"width\":533,\"height\":800},{\"@type\":\"BreadcrumbList\",\"@id\":\"https:\/\/www.koupelnapro.com\/index.php\/produkt\/vysoce-kvalitni-ronal-livada-obdelnikova-vanicka-w20as-41185\/#breadcrumb\",\"itemListElement\":[{\"@type\":\"ListItem\",\"position\":1,\"name\":\"Home\",\"item\":\"https:\/\/www.koupelnapro.com\/\"},{\"@type\":\"ListItem\",\"position\":2,\"name\":\"Products\",\"item\":\"https:\/\/www.koupelnapro.com\/index.php\/products\/\"},{\"@type\":\"ListItem\",\"position\":3,\"name\":\"Vysoce Kvalitn\u00ed Ronal, LIVADA obd\u00e9ln\u00edkov\u00e1 vani\u010dka W20AS\"}]},{\"@type\":\"WebSite\",\"@id\":\"https:\/\/www.koupelnapro.com\/#website\",\"url\":\"https:\/\/www.koupelnapro.com\/\",\"name\":\"\",\"description\":\"\",\"potentialAction\":[{\"@type\":\"SearchAction\",\"target\":{\"@type\":\"EntryPoint\",\"urlTemplate\":\"https:\/\/www.koupelnapro.com\/?s={search_term_string}\"},\"query-input\":{\"@type\":\"PropertyValueSpecification\",\"valueRequired\":true,\"valueName\":\"search_term_string\"}}],\"inLanguage\":\"cs\"}]}<\/script>\n<!-- \/ Yoast SEO plugin. -->","yoast_head_json":{"title":"Vysoce Kvalitn\u00ed Ronal, LIVADA obd\u00e9ln\u00edkov\u00e1 vani\u010dka W20AS -","robots":{"index":"index","follow":"follow","max-snippet":"max-snippet:-1","max-image-preview":"max-image-preview:large","max-video-preview":"max-video-preview:-1"},"canonical":"https:\/\/www.koupelnapro.com\/index.php\/produkt\/vysoce-kvalitni-ronal-livada-obdelnikova-vanicka-w20as-41185\/","og_locale":"cs_CZ","og_type":"article","og_title":"Vysoce Kvalitn\u00ed Ronal, LIVADA obd\u00e9ln\u00edkov\u00e1 vani\u010dka W20AS -","og_description":"Sprchov\u00e1 obd\u00e9ln\u00edkov\u00e1 vani\u010dka se sifonem na krat\u0161\u00ed stran\u011b W20AS Sprchov\u00e1 vani\u010dka v b\u00edl\u00e9 barv\u011b.&nbsp; Technick\u00e9 parametry: \u0160\u00ed\u0159ka AxB (mm) V\u00fd\u0161ka (mm) Hmotnost (kg) Po\u010det no\u017ei\u010dek 700 x 900 35 24 5 (FWU.5) 700 x 1000 35 27 8 (FWU.8) 700 x 1200 37 32 8 (FWU.8) 700 x 1400 37 37 8 (FWU.8) 700 x [&hellip;]","og_url":"https:\/\/www.koupelnapro.com\/index.php\/produkt\/vysoce-kvalitni-ronal-livada-obdelnikova-vanicka-w20as-41185\/","og_image":[{"width":533,"height":800,"url":"https:\/\/www.koupelnapro.com\/wp-content\/uploads\/2026\/SK0003436-CZ20260425-092706-0-1777080427-71712-3_df63f440d3682c9d194bd44c8ec54cc8-mm1600x1600.webp","type":"image\/webp"}],"twitter_card":"summary_large_image","twitter_misc":{"Odhadovan\u00e1 doba \u010dten\u00ed":"1 minuta"},"schema":{"@context":"https:\/\/schema.org","@graph":[{"@type":"WebPage","@id":"https:\/\/www.koupelnapro.com\/index.php\/produkt\/vysoce-kvalitni-ronal-livada-obdelnikova-vanicka-w20as-41185\/","url":"https:\/\/www.koupelnapro.com\/index.php\/produkt\/vysoce-kvalitni-ronal-livada-obdelnikova-vanicka-w20as-41185\/","name":"Vysoce Kvalitn\u00ed Ronal, LIVADA obd\u00e9ln\u00edkov\u00e1 vani\u010dka W20AS -","isPartOf":{"@id":"https:\/\/www.koupelnapro.com\/#website"},"primaryImageOfPage":{"@id":"https:\/\/www.koupelnapro.com\/index.php\/produkt\/vysoce-kvalitni-ronal-livada-obdelnikova-vanicka-w20as-41185\/#primaryimage"},"image":{"@id":"https:\/\/www.koupelnapro.com\/index.php\/produkt\/vysoce-kvalitni-ronal-livada-obdelnikova-vanicka-w20as-41185\/#primaryimage"},"thumbnailUrl":"https:\/\/www.koupelnapro.com\/wp-content\/uploads\/2026\/SK0003436-CZ20260425-092706-0-1777080427-71712-3_df63f440d3682c9d194bd44c8ec54cc8-mm1600x1600.webp","datePublished":"2026-04-26T09:16:02+00:00","breadcrumb":{"@id":"https:\/\/www.koupelnapro.com\/index.php\/produkt\/vysoce-kvalitni-ronal-livada-obdelnikova-vanicka-w20as-41185\/#breadcrumb"},"inLanguage":"cs","potentialAction":[{"@type":"ReadAction","target":["https:\/\/www.koupelnapro.com\/index.php\/produkt\/vysoce-kvalitni-ronal-livada-obdelnikova-vanicka-w20as-41185\/"]}]},{"@type":"ImageObject","inLanguage":"cs","@id":"https:\/\/www.koupelnapro.com\/index.php\/produkt\/vysoce-kvalitni-ronal-livada-obdelnikova-vanicka-w20as-41185\/#primaryimage","url":"https:\/\/www.koupelnapro.com\/wp-content\/uploads\/2026\/SK0003436-CZ20260425-092706-0-1777080427-71712-3_df63f440d3682c9d194bd44c8ec54cc8-mm1600x1600.webp","contentUrl":"https:\/\/www.koupelnapro.com\/wp-content\/uploads\/2026\/SK0003436-CZ20260425-092706-0-1777080427-71712-3_df63f440d3682c9d194bd44c8ec54cc8-mm1600x1600.webp","width":533,"height":800},{"@type":"BreadcrumbList","@id":"https:\/\/www.koupelnapro.com\/index.php\/produkt\/vysoce-kvalitni-ronal-livada-obdelnikova-vanicka-w20as-41185\/#breadcrumb","itemListElement":[{"@type":"ListItem","position":1,"name":"Home","item":"https:\/\/www.koupelnapro.com\/"},{"@type":"ListItem","position":2,"name":"Products","item":"https:\/\/www.koupelnapro.com\/index.php\/products\/"},{"@type":"ListItem","position":3,"name":"Vysoce Kvalitn\u00ed Ronal, LIVADA obd\u00e9ln\u00edkov\u00e1 vani\u010dka W20AS"}]},{"@type":"WebSite","@id":"https:\/\/www.koupelnapro.com\/#website","url":"https:\/\/www.koupelnapro.com\/","name":"","description":"","potentialAction":[{"@type":"SearchAction","target":{"@type":"EntryPoint","urlTemplate":"https:\/\/www.koupelnapro.com\/?s={search_term_string}"},"query-input":{"@type":"PropertyValueSpecification","valueRequired":true,"valueName":"search_term_string"}}],"inLanguage":"cs"}]}},"_links":{"self":[{"href":"https:\/\/www.koupelnapro.com\/index.php\/wp-json\/wp\/v2\/product\/41185","targetHints":{"allow":["GET"]}}],"collection":[{"href":"https:\/\/www.koupelnapro.com\/index.php\/wp-json\/wp\/v2\/product"}],"about":[{"href":"https:\/\/www.koupelnapro.com\/index.php\/wp-json\/wp\/v2\/types\/product"}],"replies":[{"embeddable":true,"href":"https:\/\/www.koupelnapro.com\/index.php\/wp-json\/wp\/v2\/comments?post=41185"}],"wp:featuredmedia":[{"embeddable":true,"href":"https:\/\/www.koupelnapro.com\/index.php\/wp-json\/wp\/v2\/media\/41285"}],"wp:attachment":[{"href":"https:\/\/www.koupelnapro.com\/index.php\/wp-json\/wp\/v2\/media?parent=41185"}],"wp:term":[{"taxonomy":"product_brand","embeddable":true,"href":"https:\/\/www.koupelnapro.com\/index.php\/wp-json\/wp\/v2\/product_brand?post=41185"},{"taxonomy":"product_cat","embeddable":true,"href":"https:\/\/www.koupelnapro.com\/index.php\/wp-json\/wp\/v2\/product_cat?post=41185"},{"taxonomy":"product_tag","embeddable":true,"href":"https:\/\/www.koupelnapro.com\/index.php\/wp-json\/wp\/v2\/product_tag?post=41185"}],"curies":[{"name":"wp","href":"https:\/\/api.w.org\/{rel}","templated":true}]}}