{"id":40902,"date":"2026-04-26T09:16:01","date_gmt":"2026-04-26T09:16:01","guid":{"rendered":""},"modified":"2026-04-26T09:16:01","modified_gmt":"2026-04-26T09:16:01","slug":"zrcadlo-s-osvetlenim-80x44x3-cm-ravak-800-clear-nizka-cena-40902","status":"publish","type":"product","link":"https:\/\/www.koupelnapro.com\/index.php\/produkt\/zrcadlo-s-osvetlenim-80x44x3-cm-ravak-800-clear-nizka-cena-40902\/","title":{"rendered":"Zrcadlo s osv\u011btlen\u00edm 80x44x3 cm Ravak 800 Clear N\u00edzk\u00e1 Cena"},"content":{"rendered":"<div class=\"ProductDetail-content NoFixImageContainer\" id=\"productDescription\">\n<div class=\"Heading\">\n<h2 class=\"Heading-title\">Popis produktu <span class=''>Zrcadlo s osv\u011btlen\u00edm 80x44x3 cm Ravak 800 Clear<\/span><\/h2>\n<\/p><\/div>\n<div class=\"ProductDetailContent\">\n<ul>\n<li><span style=\"font-size:16px\">rozm\u011bry (&scaron;xhxv): 80 x 30 x 44 cm<\/span><\/li>\n<li><span style=\"font-size:16px\">z&aacute;ruka: 5 let<\/span><\/li>\n<\/ul>\n<p><span style=\"font-size:16px\">Zrcadlo je opat\u0159eno integrovan&yacute;m osv\u011btlen&iacute;m.&nbsp;<\/span><\/p>\n<\/p><\/div>\n<div class=\"ProductDetailContent\">                                                                    <\/div>\n<\/p><\/div>\n<\/p><\/div>\n<\/p><\/div>\n","protected":false},"excerpt":{"rendered":"<p>Popis produktu Zrcadlo s osv\u011btlen\u00edm 80x44x3 cm Ravak 800 Clear rozm\u011bry (&scaron;xhxv): 80 x 30 x 44 cm z&aacute;ruka: 5 let Zrcadlo je opat\u0159eno integrovan&yacute;m osv\u011btlen&iacute;m.&nbsp;<\/p>\n","protected":false},"featured_media":41002,"comment_status":"open","ping_status":"open","template":"","meta":[],"product_brand":[],"product_cat":[145],"product_tag":[],"class_list":{"0":"post-40902","1":"product","2":"type-product","3":"status-publish","4":"has-post-thumbnail","6":"product_cat-koupelny","8":"first","9":"instock","10":"sale","11":"shipping-taxable","12":"purchasable","13":"product-type-simple"},"yoast_head":"<!-- This site is optimized with the Yoast SEO plugin v26.8 - https:\/\/yoast.com\/product\/yoast-seo-wordpress\/ -->\n<title>Zrcadlo s osv\u011btlen\u00edm 80x44x3 cm Ravak 800 Clear N\u00edzk\u00e1 Cena -<\/title>\n<meta name=\"robots\" content=\"index, follow, max-snippet:-1, max-image-preview:large, max-video-preview:-1\" \/>\n<link rel=\"canonical\" href=\"https:\/\/www.koupelnapro.com\/index.php\/produkt\/zrcadlo-s-osvetlenim-80x44x3-cm-ravak-800-clear-nizka-cena-40902\/\" \/>\n<meta property=\"og:locale\" content=\"cs_CZ\" \/>\n<meta property=\"og:type\" content=\"article\" \/>\n<meta property=\"og:title\" content=\"Zrcadlo s osv\u011btlen\u00edm 80x44x3 cm Ravak 800 Clear N\u00edzk\u00e1 Cena -\" \/>\n<meta property=\"og:description\" content=\"Popis produktu Zrcadlo s osv\u011btlen\u00edm 80x44x3 cm Ravak 800 Clear rozm\u011bry (&scaron;xhxv): 80 x 30 x 44 cm z&aacute;ruka: 5 let Zrcadlo je opat\u0159eno integrovan&yacute;m osv\u011btlen&iacute;m.&nbsp;\" \/>\n<meta property=\"og:url\" content=\"https:\/\/www.koupelnapro.com\/index.php\/produkt\/zrcadlo-s-osvetlenim-80x44x3-cm-ravak-800-clear-nizka-cena-40902\/\" \/>\n<meta property=\"og:image\" content=\"https:\/\/www.koupelnapro.com\/wp-content\/uploads\/2026\/SK0004046-CZ20260425-092632-0-1777080397-zrcadlo-s-osvetlenim-80x44x3-cm-ravak-800-clear-219479.webp\" \/>\n\t<meta property=\"og:image:width\" content=\"600\" \/>\n\t<meta property=\"og:image:height\" content=\"400\" \/>\n\t<meta property=\"og:image:type\" content=\"image\/webp\" \/>\n<meta name=\"twitter:card\" content=\"summary_large_image\" \/>\n<script type=\"application\/ld+json\" class=\"yoast-schema-graph\">{\"@context\":\"https:\/\/schema.org\",\"@graph\":[{\"@type\":\"WebPage\",\"@id\":\"https:\/\/www.koupelnapro.com\/index.php\/produkt\/zrcadlo-s-osvetlenim-80x44x3-cm-ravak-800-clear-nizka-cena-40902\/\",\"url\":\"https:\/\/www.koupelnapro.com\/index.php\/produkt\/zrcadlo-s-osvetlenim-80x44x3-cm-ravak-800-clear-nizka-cena-40902\/\",\"name\":\"Zrcadlo s osv\u011btlen\u00edm 80x44x3 cm Ravak 800 Clear N\u00edzk\u00e1 Cena -\",\"isPartOf\":{\"@id\":\"https:\/\/www.koupelnapro.com\/#website\"},\"primaryImageOfPage\":{\"@id\":\"https:\/\/www.koupelnapro.com\/index.php\/produkt\/zrcadlo-s-osvetlenim-80x44x3-cm-ravak-800-clear-nizka-cena-40902\/#primaryimage\"},\"image\":{\"@id\":\"https:\/\/www.koupelnapro.com\/index.php\/produkt\/zrcadlo-s-osvetlenim-80x44x3-cm-ravak-800-clear-nizka-cena-40902\/#primaryimage\"},\"thumbnailUrl\":\"https:\/\/www.koupelnapro.com\/wp-content\/uploads\/2026\/SK0004046-CZ20260425-092632-0-1777080397-zrcadlo-s-osvetlenim-80x44x3-cm-ravak-800-clear-219479.webp\",\"datePublished\":\"2026-04-26T09:16:01+00:00\",\"breadcrumb\":{\"@id\":\"https:\/\/www.koupelnapro.com\/index.php\/produkt\/zrcadlo-s-osvetlenim-80x44x3-cm-ravak-800-clear-nizka-cena-40902\/#breadcrumb\"},\"inLanguage\":\"cs\",\"potentialAction\":[{\"@type\":\"ReadAction\",\"target\":[\"https:\/\/www.koupelnapro.com\/index.php\/produkt\/zrcadlo-s-osvetlenim-80x44x3-cm-ravak-800-clear-nizka-cena-40902\/\"]}]},{\"@type\":\"ImageObject\",\"inLanguage\":\"cs\",\"@id\":\"https:\/\/www.koupelnapro.com\/index.php\/produkt\/zrcadlo-s-osvetlenim-80x44x3-cm-ravak-800-clear-nizka-cena-40902\/#primaryimage\",\"url\":\"https:\/\/www.koupelnapro.com\/wp-content\/uploads\/2026\/SK0004046-CZ20260425-092632-0-1777080397-zrcadlo-s-osvetlenim-80x44x3-cm-ravak-800-clear-219479.webp\",\"contentUrl\":\"https:\/\/www.koupelnapro.com\/wp-content\/uploads\/2026\/SK0004046-CZ20260425-092632-0-1777080397-zrcadlo-s-osvetlenim-80x44x3-cm-ravak-800-clear-219479.webp\",\"width\":600,\"height\":400},{\"@type\":\"BreadcrumbList\",\"@id\":\"https:\/\/www.koupelnapro.com\/index.php\/produkt\/zrcadlo-s-osvetlenim-80x44x3-cm-ravak-800-clear-nizka-cena-40902\/#breadcrumb\",\"itemListElement\":[{\"@type\":\"ListItem\",\"position\":1,\"name\":\"Home\",\"item\":\"https:\/\/www.koupelnapro.com\/\"},{\"@type\":\"ListItem\",\"position\":2,\"name\":\"Products\",\"item\":\"https:\/\/www.koupelnapro.com\/index.php\/products\/\"},{\"@type\":\"ListItem\",\"position\":3,\"name\":\"Zrcadlo s osv\u011btlen\u00edm 80x44x3 cm Ravak 800 Clear N\u00edzk\u00e1 Cena\"}]},{\"@type\":\"WebSite\",\"@id\":\"https:\/\/www.koupelnapro.com\/#website\",\"url\":\"https:\/\/www.koupelnapro.com\/\",\"name\":\"\",\"description\":\"\",\"potentialAction\":[{\"@type\":\"SearchAction\",\"target\":{\"@type\":\"EntryPoint\",\"urlTemplate\":\"https:\/\/www.koupelnapro.com\/?s={search_term_string}\"},\"query-input\":{\"@type\":\"PropertyValueSpecification\",\"valueRequired\":true,\"valueName\":\"search_term_string\"}}],\"inLanguage\":\"cs\"}]}<\/script>\n<!-- \/ Yoast SEO plugin. -->","yoast_head_json":{"title":"Zrcadlo s osv\u011btlen\u00edm 80x44x3 cm Ravak 800 Clear N\u00edzk\u00e1 Cena -","robots":{"index":"index","follow":"follow","max-snippet":"max-snippet:-1","max-image-preview":"max-image-preview:large","max-video-preview":"max-video-preview:-1"},"canonical":"https:\/\/www.koupelnapro.com\/index.php\/produkt\/zrcadlo-s-osvetlenim-80x44x3-cm-ravak-800-clear-nizka-cena-40902\/","og_locale":"cs_CZ","og_type":"article","og_title":"Zrcadlo s osv\u011btlen\u00edm 80x44x3 cm Ravak 800 Clear N\u00edzk\u00e1 Cena -","og_description":"Popis produktu Zrcadlo s osv\u011btlen\u00edm 80x44x3 cm Ravak 800 Clear rozm\u011bry (&scaron;xhxv): 80 x 30 x 44 cm z&aacute;ruka: 5 let Zrcadlo je opat\u0159eno integrovan&yacute;m osv\u011btlen&iacute;m.&nbsp;","og_url":"https:\/\/www.koupelnapro.com\/index.php\/produkt\/zrcadlo-s-osvetlenim-80x44x3-cm-ravak-800-clear-nizka-cena-40902\/","og_image":[{"width":600,"height":400,"url":"https:\/\/www.koupelnapro.com\/wp-content\/uploads\/2026\/SK0004046-CZ20260425-092632-0-1777080397-zrcadlo-s-osvetlenim-80x44x3-cm-ravak-800-clear-219479.webp","type":"image\/webp"}],"twitter_card":"summary_large_image","schema":{"@context":"https:\/\/schema.org","@graph":[{"@type":"WebPage","@id":"https:\/\/www.koupelnapro.com\/index.php\/produkt\/zrcadlo-s-osvetlenim-80x44x3-cm-ravak-800-clear-nizka-cena-40902\/","url":"https:\/\/www.koupelnapro.com\/index.php\/produkt\/zrcadlo-s-osvetlenim-80x44x3-cm-ravak-800-clear-nizka-cena-40902\/","name":"Zrcadlo s osv\u011btlen\u00edm 80x44x3 cm Ravak 800 Clear N\u00edzk\u00e1 Cena -","isPartOf":{"@id":"https:\/\/www.koupelnapro.com\/#website"},"primaryImageOfPage":{"@id":"https:\/\/www.koupelnapro.com\/index.php\/produkt\/zrcadlo-s-osvetlenim-80x44x3-cm-ravak-800-clear-nizka-cena-40902\/#primaryimage"},"image":{"@id":"https:\/\/www.koupelnapro.com\/index.php\/produkt\/zrcadlo-s-osvetlenim-80x44x3-cm-ravak-800-clear-nizka-cena-40902\/#primaryimage"},"thumbnailUrl":"https:\/\/www.koupelnapro.com\/wp-content\/uploads\/2026\/SK0004046-CZ20260425-092632-0-1777080397-zrcadlo-s-osvetlenim-80x44x3-cm-ravak-800-clear-219479.webp","datePublished":"2026-04-26T09:16:01+00:00","breadcrumb":{"@id":"https:\/\/www.koupelnapro.com\/index.php\/produkt\/zrcadlo-s-osvetlenim-80x44x3-cm-ravak-800-clear-nizka-cena-40902\/#breadcrumb"},"inLanguage":"cs","potentialAction":[{"@type":"ReadAction","target":["https:\/\/www.koupelnapro.com\/index.php\/produkt\/zrcadlo-s-osvetlenim-80x44x3-cm-ravak-800-clear-nizka-cena-40902\/"]}]},{"@type":"ImageObject","inLanguage":"cs","@id":"https:\/\/www.koupelnapro.com\/index.php\/produkt\/zrcadlo-s-osvetlenim-80x44x3-cm-ravak-800-clear-nizka-cena-40902\/#primaryimage","url":"https:\/\/www.koupelnapro.com\/wp-content\/uploads\/2026\/SK0004046-CZ20260425-092632-0-1777080397-zrcadlo-s-osvetlenim-80x44x3-cm-ravak-800-clear-219479.webp","contentUrl":"https:\/\/www.koupelnapro.com\/wp-content\/uploads\/2026\/SK0004046-CZ20260425-092632-0-1777080397-zrcadlo-s-osvetlenim-80x44x3-cm-ravak-800-clear-219479.webp","width":600,"height":400},{"@type":"BreadcrumbList","@id":"https:\/\/www.koupelnapro.com\/index.php\/produkt\/zrcadlo-s-osvetlenim-80x44x3-cm-ravak-800-clear-nizka-cena-40902\/#breadcrumb","itemListElement":[{"@type":"ListItem","position":1,"name":"Home","item":"https:\/\/www.koupelnapro.com\/"},{"@type":"ListItem","position":2,"name":"Products","item":"https:\/\/www.koupelnapro.com\/index.php\/products\/"},{"@type":"ListItem","position":3,"name":"Zrcadlo s osv\u011btlen\u00edm 80x44x3 cm Ravak 800 Clear N\u00edzk\u00e1 Cena"}]},{"@type":"WebSite","@id":"https:\/\/www.koupelnapro.com\/#website","url":"https:\/\/www.koupelnapro.com\/","name":"","description":"","potentialAction":[{"@type":"SearchAction","target":{"@type":"EntryPoint","urlTemplate":"https:\/\/www.koupelnapro.com\/?s={search_term_string}"},"query-input":{"@type":"PropertyValueSpecification","valueRequired":true,"valueName":"search_term_string"}}],"inLanguage":"cs"}]}},"_links":{"self":[{"href":"https:\/\/www.koupelnapro.com\/index.php\/wp-json\/wp\/v2\/product\/40902","targetHints":{"allow":["GET"]}}],"collection":[{"href":"https:\/\/www.koupelnapro.com\/index.php\/wp-json\/wp\/v2\/product"}],"about":[{"href":"https:\/\/www.koupelnapro.com\/index.php\/wp-json\/wp\/v2\/types\/product"}],"replies":[{"embeddable":true,"href":"https:\/\/www.koupelnapro.com\/index.php\/wp-json\/wp\/v2\/comments?post=40902"}],"wp:featuredmedia":[{"embeddable":true,"href":"https:\/\/www.koupelnapro.com\/index.php\/wp-json\/wp\/v2\/media\/41002"}],"wp:attachment":[{"href":"https:\/\/www.koupelnapro.com\/index.php\/wp-json\/wp\/v2\/media?parent=40902"}],"wp:term":[{"taxonomy":"product_brand","embeddable":true,"href":"https:\/\/www.koupelnapro.com\/index.php\/wp-json\/wp\/v2\/product_brand?post=40902"},{"taxonomy":"product_cat","embeddable":true,"href":"https:\/\/www.koupelnapro.com\/index.php\/wp-json\/wp\/v2\/product_cat?post=40902"},{"taxonomy":"product_tag","embeddable":true,"href":"https:\/\/www.koupelnapro.com\/index.php\/wp-json\/wp\/v2\/product_tag?post=40902"}],"curies":[{"name":"wp","href":"https:\/\/api.w.org\/{rel}","templated":true}]}}