{"id":40168,"date":"2026-04-26T09:15:57","date_gmt":"2026-04-26T09:15:57","guid":{"rendered":""},"modified":"2026-04-26T09:15:57","modified_gmt":"2026-04-26T09:15:57","slug":"znackovy-sprchova-vanicka-asymetricky-ctvrtkruh-100x80cm-r550-leva-polysan-rena-l-40168","status":"publish","type":"product","link":"https:\/\/www.koupelnapro.com\/index.php\/produkt\/znackovy-sprchova-vanicka-asymetricky-ctvrtkruh-100x80cm-r550-leva-polysan-rena-l-40168\/","title":{"rendered":"Zna\u010dkov\u00fd Sprchov\u00e1 vani\u010dka asymetrick\u00fd \u010dtvrtkruh 100x80cm, R550, lev\u00e1, Polysan Rena L"},"content":{"rendered":"<div class=\"ProductDetail-content NoFixImageContainer\" id=\"productDescription\">\n<div class=\"Heading\">\n<h2 class=\"Heading-title\">Popis produktu <span class=''>Sprchov\u00e1 vani\u010dka asymetrick\u00fd \u010dtvrtkruh 100x80cm, R550, lev\u00e1, Polysan Rena L <\/span><\/h2>\n<\/p><\/div>\n<div class=\"ProductDetailContent\">                                                                    <\/div>\n<div class=\"ProductDetailContent\">\n<div class=\"ProductDetailContent-item\">                                            Barva: B\u00edl\u00e1<br \/>\u0160\u00ed\u0159ka: 800 mm<br \/>V\u00fd\u0161ka: 40 mm<br \/>Balen\u00ed: 1 ks<br \/>Tvar: \u010ctvrtkruhov\u00e9<br \/>Instalace: Mo\u017enost panelu<br \/>Pr\u016fm\u011br odpadu: 90 mm<br \/>R\u00e1dius: R550<br \/>Rozm\u011br: 100x80x4 cm<br \/>D\u00e9lka: 1000 mm<br \/>Materi\u00e1l: Lit\u00fd mramor<br \/>Z\u00e1ruka: 2 roky                                        <\/div>\n<div class=\"ProductDetailContent-item\">\n<p><span>Sprchov\u00e1 vani\u010dka, hladk\u00e9 dno<\/span><\/p>\n<ul>\n<li>P\u0159\u00edplatek za barevn\u00e9 proveden\u00ed dle vzorn\u00edku RAL lesk: 30 %<br \/><span>(Barevn\u00e9 proveden\u00ed RAL mat nen\u00ed mo\u017en\u00e9.)<\/span><\/li>\n<li>Dle typu instalace mo\u017eno dokoupit v\u00fd\u0161kov\u011b staviteln\u00e9 no\u017ei\u010dky<\/li>\n<\/ul>\n<p><strong>Na sprchovou vani\u010dku POLYSAN vyrobenou z lit\u00e9ho mramoru poskytujeme z\u00e1ruku 2 roky. Podm\u00ednkou z\u00e1ruky je spr\u00e1vn\u00e9 usazen\u00ed podle n\u00e1vodu.<br \/>V p\u0159\u00edpad\u011b obezd\u011bn\u00ed nebo pou\u017eit\u00ed obkladov\u00e9ho panelu mus\u00ed b\u00fdt vani\u010dka podep\u0159ena origin\u00e1ln\u00edmi no\u017ei\u010dkami POLYSAN dle typu vani\u010dky.<\/strong><\/p>\n<\/p><\/div>\n<div class=\"ProductDetailContent-item\">\n<h3>Vysv\u011btlivky<\/h3>\n<div class=\"product-explanation-item\">\n<h3><strong>Lit\u00fd mramor &#8211; materi\u00e1l s tepeln\u011b-izola\u010dn\u00edmi vlastnostmi, kter\u00e9 ocen\u00edte p\u0159i ka\u017ed\u00e9m doteku<\/strong><\/h3>\n<p style=\"text-align: justify;\">Pou\u017e\u00edv\u00e1 se pro v\u00fdrobu sprchov\u00fdch vani\u010dek, van, umyvadel i dal\u0161\u00edch produkt\u016f. Vyr\u00e1b\u00ed se ze sm\u011bsi mlet\u00e9ho v\u00e1pence, skl\u00e1\u0159sk\u00e9ho p\u00edsku, polyesterov\u00e9 prysky\u0159ice a barviv. V\u00fdrobky z lit\u00e9ho mramoru se vyzna\u010duj\u00ed vysokou pevnost\u00ed, stabilitou a elegantn\u00edm designem.<\/p>\n<\/div><\/div>\n<div class=\"ProductDetailContent-item\">\n<h3>Popis s\u00e9rie<\/h3>\n<p style=\"text-align: justify;\">Sprchov\u00e9 vani\u010dky KLASIK z lit\u00e9ho mramoru&nbsp;<\/p>\n<p style=\"text-align: justify;\">Lit\u00fd mramor MICADOR je nad\u010dasov\u00fd materi\u00e1l s dlouhou \u017eivotnost\u00ed a vysokou odolnost\u00ed. Sprchov\u00e9 vani\u010dky z tohoto materi\u00e1lu se vyzna\u010duj\u00ed dokonale hladk\u00fdm a rovn\u00fdm povrchem se snadnou \u00fadr\u017ebou. Jejich hlavn\u00ed p\u0159ednost je vysok\u00e1 pevnost a stabilita spole\u010dn\u011b s nulov\u00fdm pr\u016fhybem. Ostr\u00e9 vn\u011bj\u0161\u00ed hrany vani\u010dek spl\u0148uj\u00ed n\u00e1roky na vzhled modern\u00ed koupelny a z\u00e1rove\u0148 umo\u017e\u0148uj\u00ed bezesp\u00e1rov\u00e9 p\u0159isazen\u00ed ke st\u011bn\u011b.<br \/>Sprchov\u00e9 vani\u010dky lze nainstalovat bezbari\u00e9rov\u011b do podlahy nebo postavit na no\u017ei\u010dky a klasicky obezd\u00edt, pop\u0159\u00edpad\u011b osadit obkladov\u00fdm panelem. Pr\u016fm\u011br odpadu vani\u010dek je 90 mm. Standardn\u00ed barva vani\u010dek je b\u00edl\u00e1.<\/p>\n<\/p><\/div>\n<\/p><\/div>\n<\/p><\/div>\n<\/p><\/div>\n<\/p><\/div>\n","protected":false},"excerpt":{"rendered":"<p>Popis produktu Sprchov\u00e1 vani\u010dka asymetrick\u00fd \u010dtvrtkruh 100x80cm, R550, lev\u00e1, Polysan Rena L Barva: B\u00edl\u00e1\u0160\u00ed\u0159ka: 800 mmV\u00fd\u0161ka: 40 mmBalen\u00ed: 1 ksTvar: \u010ctvrtkruhov\u00e9Instalace: Mo\u017enost paneluPr\u016fm\u011br odpadu: 90 mmR\u00e1dius: R550Rozm\u011br: 100x80x4 cmD\u00e9lka: 1000 mmMateri\u00e1l: Lit\u00fd mramorZ\u00e1ruka: 2 roky Sprchov\u00e1 vani\u010dka, hladk\u00e9 dno P\u0159\u00edplatek za barevn\u00e9 proveden\u00ed dle vzorn\u00edku RAL lesk: 30 %(Barevn\u00e9 proveden\u00ed RAL mat nen\u00ed mo\u017en\u00e9.) Dle [&hellip;]<\/p>\n","protected":false},"featured_media":40268,"comment_status":"open","ping_status":"open","template":"","meta":[],"product_brand":[],"product_cat":[145],"product_tag":[],"class_list":{"0":"post-40168","1":"product","2":"type-product","3":"status-publish","4":"has-post-thumbnail","6":"product_cat-koupelny","8":"first","9":"instock","10":"sale","11":"shipping-taxable","12":"purchasable","13":"product-type-simple"},"yoast_head":"<!-- This site is optimized with the Yoast SEO plugin v26.8 - https:\/\/yoast.com\/product\/yoast-seo-wordpress\/ -->\n<title>Zna\u010dkov\u00fd Sprchov\u00e1 vani\u010dka asymetrick\u00fd \u010dtvrtkruh 100x80cm, R550, lev\u00e1, Polysan Rena L -<\/title>\n<meta name=\"robots\" content=\"index, follow, max-snippet:-1, max-image-preview:large, max-video-preview:-1\" \/>\n<link rel=\"canonical\" href=\"https:\/\/www.koupelnapro.com\/index.php\/produkt\/znackovy-sprchova-vanicka-asymetricky-ctvrtkruh-100x80cm-r550-leva-polysan-rena-l-40168\/\" \/>\n<meta property=\"og:locale\" content=\"cs_CZ\" \/>\n<meta property=\"og:type\" content=\"article\" \/>\n<meta property=\"og:title\" content=\"Zna\u010dkov\u00fd Sprchov\u00e1 vani\u010dka asymetrick\u00fd \u010dtvrtkruh 100x80cm, R550, lev\u00e1, Polysan Rena L -\" \/>\n<meta property=\"og:description\" content=\"Popis produktu Sprchov\u00e1 vani\u010dka asymetrick\u00fd \u010dtvrtkruh 100x80cm, R550, lev\u00e1, Polysan Rena L Barva: B\u00edl\u00e1\u0160\u00ed\u0159ka: 800 mmV\u00fd\u0161ka: 40 mmBalen\u00ed: 1 ksTvar: \u010ctvrtkruhov\u00e9Instalace: Mo\u017enost paneluPr\u016fm\u011br odpadu: 90 mmR\u00e1dius: R550Rozm\u011br: 100x80x4 cmD\u00e9lka: 1000 mmMateri\u00e1l: Lit\u00fd mramorZ\u00e1ruka: 2 roky Sprchov\u00e1 vani\u010dka, hladk\u00e9 dno P\u0159\u00edplatek za barevn\u00e9 proveden\u00ed dle vzorn\u00edku RAL lesk: 30 %(Barevn\u00e9 proveden\u00ed RAL mat nen\u00ed mo\u017en\u00e9.) Dle [&hellip;]\" \/>\n<meta property=\"og:url\" content=\"https:\/\/www.koupelnapro.com\/index.php\/produkt\/znackovy-sprchova-vanicka-asymetricky-ctvrtkruh-100x80cm-r550-leva-polysan-rena-l-40168\/\" \/>\n<meta property=\"og:image\" content=\"https:\/\/www.koupelnapro.com\/wp-content\/uploads\/2026\/SK0003677-CZ20260425-092632-0-1777080397-sprchova-vanicka-asymetricky-ctvrtkruh-100x80cm-r550-leva-p.webp\" \/>\n\t<meta property=\"og:image:width\" content=\"600\" \/>\n\t<meta property=\"og:image:height\" content=\"419\" \/>\n\t<meta property=\"og:image:type\" content=\"image\/webp\" \/>\n<meta name=\"twitter:card\" content=\"summary_large_image\" \/>\n<meta name=\"twitter:label1\" content=\"Odhadovan\u00e1 doba \u010dten\u00ed\" \/>\n\t<meta name=\"twitter:data1\" content=\"2 minuty\" \/>\n<script type=\"application\/ld+json\" class=\"yoast-schema-graph\">{\"@context\":\"https:\/\/schema.org\",\"@graph\":[{\"@type\":\"WebPage\",\"@id\":\"https:\/\/www.koupelnapro.com\/index.php\/produkt\/znackovy-sprchova-vanicka-asymetricky-ctvrtkruh-100x80cm-r550-leva-polysan-rena-l-40168\/\",\"url\":\"https:\/\/www.koupelnapro.com\/index.php\/produkt\/znackovy-sprchova-vanicka-asymetricky-ctvrtkruh-100x80cm-r550-leva-polysan-rena-l-40168\/\",\"name\":\"Zna\u010dkov\u00fd Sprchov\u00e1 vani\u010dka asymetrick\u00fd \u010dtvrtkruh 100x80cm, R550, lev\u00e1, Polysan Rena L -\",\"isPartOf\":{\"@id\":\"https:\/\/www.koupelnapro.com\/#website\"},\"primaryImageOfPage\":{\"@id\":\"https:\/\/www.koupelnapro.com\/index.php\/produkt\/znackovy-sprchova-vanicka-asymetricky-ctvrtkruh-100x80cm-r550-leva-polysan-rena-l-40168\/#primaryimage\"},\"image\":{\"@id\":\"https:\/\/www.koupelnapro.com\/index.php\/produkt\/znackovy-sprchova-vanicka-asymetricky-ctvrtkruh-100x80cm-r550-leva-polysan-rena-l-40168\/#primaryimage\"},\"thumbnailUrl\":\"https:\/\/www.koupelnapro.com\/wp-content\/uploads\/2026\/SK0003677-CZ20260425-092632-0-1777080397-sprchova-vanicka-asymetricky-ctvrtkruh-100x80cm-r550-leva-p.webp\",\"datePublished\":\"2026-04-26T09:15:57+00:00\",\"breadcrumb\":{\"@id\":\"https:\/\/www.koupelnapro.com\/index.php\/produkt\/znackovy-sprchova-vanicka-asymetricky-ctvrtkruh-100x80cm-r550-leva-polysan-rena-l-40168\/#breadcrumb\"},\"inLanguage\":\"cs\",\"potentialAction\":[{\"@type\":\"ReadAction\",\"target\":[\"https:\/\/www.koupelnapro.com\/index.php\/produkt\/znackovy-sprchova-vanicka-asymetricky-ctvrtkruh-100x80cm-r550-leva-polysan-rena-l-40168\/\"]}]},{\"@type\":\"ImageObject\",\"inLanguage\":\"cs\",\"@id\":\"https:\/\/www.koupelnapro.com\/index.php\/produkt\/znackovy-sprchova-vanicka-asymetricky-ctvrtkruh-100x80cm-r550-leva-polysan-rena-l-40168\/#primaryimage\",\"url\":\"https:\/\/www.koupelnapro.com\/wp-content\/uploads\/2026\/SK0003677-CZ20260425-092632-0-1777080397-sprchova-vanicka-asymetricky-ctvrtkruh-100x80cm-r550-leva-p.webp\",\"contentUrl\":\"https:\/\/www.koupelnapro.com\/wp-content\/uploads\/2026\/SK0003677-CZ20260425-092632-0-1777080397-sprchova-vanicka-asymetricky-ctvrtkruh-100x80cm-r550-leva-p.webp\",\"width\":600,\"height\":419},{\"@type\":\"BreadcrumbList\",\"@id\":\"https:\/\/www.koupelnapro.com\/index.php\/produkt\/znackovy-sprchova-vanicka-asymetricky-ctvrtkruh-100x80cm-r550-leva-polysan-rena-l-40168\/#breadcrumb\",\"itemListElement\":[{\"@type\":\"ListItem\",\"position\":1,\"name\":\"Home\",\"item\":\"https:\/\/www.koupelnapro.com\/\"},{\"@type\":\"ListItem\",\"position\":2,\"name\":\"Products\",\"item\":\"https:\/\/www.koupelnapro.com\/index.php\/products\/\"},{\"@type\":\"ListItem\",\"position\":3,\"name\":\"Zna\u010dkov\u00fd Sprchov\u00e1 vani\u010dka asymetrick\u00fd \u010dtvrtkruh 100x80cm, R550, lev\u00e1, Polysan Rena L\"}]},{\"@type\":\"WebSite\",\"@id\":\"https:\/\/www.koupelnapro.com\/#website\",\"url\":\"https:\/\/www.koupelnapro.com\/\",\"name\":\"\",\"description\":\"\",\"potentialAction\":[{\"@type\":\"SearchAction\",\"target\":{\"@type\":\"EntryPoint\",\"urlTemplate\":\"https:\/\/www.koupelnapro.com\/?s={search_term_string}\"},\"query-input\":{\"@type\":\"PropertyValueSpecification\",\"valueRequired\":true,\"valueName\":\"search_term_string\"}}],\"inLanguage\":\"cs\"}]}<\/script>\n<!-- \/ Yoast SEO plugin. -->","yoast_head_json":{"title":"Zna\u010dkov\u00fd Sprchov\u00e1 vani\u010dka asymetrick\u00fd \u010dtvrtkruh 100x80cm, R550, lev\u00e1, Polysan Rena L -","robots":{"index":"index","follow":"follow","max-snippet":"max-snippet:-1","max-image-preview":"max-image-preview:large","max-video-preview":"max-video-preview:-1"},"canonical":"https:\/\/www.koupelnapro.com\/index.php\/produkt\/znackovy-sprchova-vanicka-asymetricky-ctvrtkruh-100x80cm-r550-leva-polysan-rena-l-40168\/","og_locale":"cs_CZ","og_type":"article","og_title":"Zna\u010dkov\u00fd Sprchov\u00e1 vani\u010dka asymetrick\u00fd \u010dtvrtkruh 100x80cm, R550, lev\u00e1, Polysan Rena L -","og_description":"Popis produktu Sprchov\u00e1 vani\u010dka asymetrick\u00fd \u010dtvrtkruh 100x80cm, R550, lev\u00e1, Polysan Rena L Barva: B\u00edl\u00e1\u0160\u00ed\u0159ka: 800 mmV\u00fd\u0161ka: 40 mmBalen\u00ed: 1 ksTvar: \u010ctvrtkruhov\u00e9Instalace: Mo\u017enost paneluPr\u016fm\u011br odpadu: 90 mmR\u00e1dius: R550Rozm\u011br: 100x80x4 cmD\u00e9lka: 1000 mmMateri\u00e1l: Lit\u00fd mramorZ\u00e1ruka: 2 roky Sprchov\u00e1 vani\u010dka, hladk\u00e9 dno P\u0159\u00edplatek za barevn\u00e9 proveden\u00ed dle vzorn\u00edku RAL lesk: 30 %(Barevn\u00e9 proveden\u00ed RAL mat nen\u00ed mo\u017en\u00e9.) Dle [&hellip;]","og_url":"https:\/\/www.koupelnapro.com\/index.php\/produkt\/znackovy-sprchova-vanicka-asymetricky-ctvrtkruh-100x80cm-r550-leva-polysan-rena-l-40168\/","og_image":[{"width":600,"height":419,"url":"https:\/\/www.koupelnapro.com\/wp-content\/uploads\/2026\/SK0003677-CZ20260425-092632-0-1777080397-sprchova-vanicka-asymetricky-ctvrtkruh-100x80cm-r550-leva-p.webp","type":"image\/webp"}],"twitter_card":"summary_large_image","twitter_misc":{"Odhadovan\u00e1 doba \u010dten\u00ed":"2 minuty"},"schema":{"@context":"https:\/\/schema.org","@graph":[{"@type":"WebPage","@id":"https:\/\/www.koupelnapro.com\/index.php\/produkt\/znackovy-sprchova-vanicka-asymetricky-ctvrtkruh-100x80cm-r550-leva-polysan-rena-l-40168\/","url":"https:\/\/www.koupelnapro.com\/index.php\/produkt\/znackovy-sprchova-vanicka-asymetricky-ctvrtkruh-100x80cm-r550-leva-polysan-rena-l-40168\/","name":"Zna\u010dkov\u00fd Sprchov\u00e1 vani\u010dka asymetrick\u00fd \u010dtvrtkruh 100x80cm, R550, lev\u00e1, Polysan Rena L -","isPartOf":{"@id":"https:\/\/www.koupelnapro.com\/#website"},"primaryImageOfPage":{"@id":"https:\/\/www.koupelnapro.com\/index.php\/produkt\/znackovy-sprchova-vanicka-asymetricky-ctvrtkruh-100x80cm-r550-leva-polysan-rena-l-40168\/#primaryimage"},"image":{"@id":"https:\/\/www.koupelnapro.com\/index.php\/produkt\/znackovy-sprchova-vanicka-asymetricky-ctvrtkruh-100x80cm-r550-leva-polysan-rena-l-40168\/#primaryimage"},"thumbnailUrl":"https:\/\/www.koupelnapro.com\/wp-content\/uploads\/2026\/SK0003677-CZ20260425-092632-0-1777080397-sprchova-vanicka-asymetricky-ctvrtkruh-100x80cm-r550-leva-p.webp","datePublished":"2026-04-26T09:15:57+00:00","breadcrumb":{"@id":"https:\/\/www.koupelnapro.com\/index.php\/produkt\/znackovy-sprchova-vanicka-asymetricky-ctvrtkruh-100x80cm-r550-leva-polysan-rena-l-40168\/#breadcrumb"},"inLanguage":"cs","potentialAction":[{"@type":"ReadAction","target":["https:\/\/www.koupelnapro.com\/index.php\/produkt\/znackovy-sprchova-vanicka-asymetricky-ctvrtkruh-100x80cm-r550-leva-polysan-rena-l-40168\/"]}]},{"@type":"ImageObject","inLanguage":"cs","@id":"https:\/\/www.koupelnapro.com\/index.php\/produkt\/znackovy-sprchova-vanicka-asymetricky-ctvrtkruh-100x80cm-r550-leva-polysan-rena-l-40168\/#primaryimage","url":"https:\/\/www.koupelnapro.com\/wp-content\/uploads\/2026\/SK0003677-CZ20260425-092632-0-1777080397-sprchova-vanicka-asymetricky-ctvrtkruh-100x80cm-r550-leva-p.webp","contentUrl":"https:\/\/www.koupelnapro.com\/wp-content\/uploads\/2026\/SK0003677-CZ20260425-092632-0-1777080397-sprchova-vanicka-asymetricky-ctvrtkruh-100x80cm-r550-leva-p.webp","width":600,"height":419},{"@type":"BreadcrumbList","@id":"https:\/\/www.koupelnapro.com\/index.php\/produkt\/znackovy-sprchova-vanicka-asymetricky-ctvrtkruh-100x80cm-r550-leva-polysan-rena-l-40168\/#breadcrumb","itemListElement":[{"@type":"ListItem","position":1,"name":"Home","item":"https:\/\/www.koupelnapro.com\/"},{"@type":"ListItem","position":2,"name":"Products","item":"https:\/\/www.koupelnapro.com\/index.php\/products\/"},{"@type":"ListItem","position":3,"name":"Zna\u010dkov\u00fd Sprchov\u00e1 vani\u010dka asymetrick\u00fd \u010dtvrtkruh 100x80cm, R550, lev\u00e1, Polysan Rena L"}]},{"@type":"WebSite","@id":"https:\/\/www.koupelnapro.com\/#website","url":"https:\/\/www.koupelnapro.com\/","name":"","description":"","potentialAction":[{"@type":"SearchAction","target":{"@type":"EntryPoint","urlTemplate":"https:\/\/www.koupelnapro.com\/?s={search_term_string}"},"query-input":{"@type":"PropertyValueSpecification","valueRequired":true,"valueName":"search_term_string"}}],"inLanguage":"cs"}]}},"_links":{"self":[{"href":"https:\/\/www.koupelnapro.com\/index.php\/wp-json\/wp\/v2\/product\/40168","targetHints":{"allow":["GET"]}}],"collection":[{"href":"https:\/\/www.koupelnapro.com\/index.php\/wp-json\/wp\/v2\/product"}],"about":[{"href":"https:\/\/www.koupelnapro.com\/index.php\/wp-json\/wp\/v2\/types\/product"}],"replies":[{"embeddable":true,"href":"https:\/\/www.koupelnapro.com\/index.php\/wp-json\/wp\/v2\/comments?post=40168"}],"wp:featuredmedia":[{"embeddable":true,"href":"https:\/\/www.koupelnapro.com\/index.php\/wp-json\/wp\/v2\/media\/40268"}],"wp:attachment":[{"href":"https:\/\/www.koupelnapro.com\/index.php\/wp-json\/wp\/v2\/media?parent=40168"}],"wp:term":[{"taxonomy":"product_brand","embeddable":true,"href":"https:\/\/www.koupelnapro.com\/index.php\/wp-json\/wp\/v2\/product_brand?post=40168"},{"taxonomy":"product_cat","embeddable":true,"href":"https:\/\/www.koupelnapro.com\/index.php\/wp-json\/wp\/v2\/product_cat?post=40168"},{"taxonomy":"product_tag","embeddable":true,"href":"https:\/\/www.koupelnapro.com\/index.php\/wp-json\/wp\/v2\/product_tag?post=40168"}],"curies":[{"name":"wp","href":"https:\/\/api.w.org\/{rel}","templated":true}]}}