{"id":39904,"date":"2026-04-26T09:15:56","date_gmt":"2026-04-26T09:15:56","guid":{"rendered":""},"modified":"2026-04-26T09:15:56","modified_gmt":"2026-04-26T09:15:56","slug":"ihned-k-objednani-novaservis-titania-fresh-vodovodni-baterie-nastenna-150mm-96070-0-39904","status":"publish","type":"product","link":"https:\/\/www.koupelnapro.com\/index.php\/produkt\/ihned-k-objednani-novaservis-titania-fresh-vodovodni-baterie-nastenna-150mm-96070-0-39904\/","title":{"rendered":"Ihned K Objedn\u00e1n\u00ed Novaservis Titania Fresh Vodovodn\u00ed baterie n\u00e1st\u011bnn\u00e1 150mm 96070,0"},"content":{"rendered":"<div class=\"ProductDetail-content NoFixImageContainer\" id=\"productDescription\">\n<div class=\"Heading\">\n<h2 class=\"Heading-title\">Popis produktu <span class=''>Novaservis Titania Fresh Vodovodn\u00ed baterie n\u00e1st\u011bnn\u00e1 150mm 96070,0<\/span><\/h2>\n<\/p><\/div>\n<div class=\"ProductDetailContent\">                                                                    <\/div>\n<div class=\"ProductDetailContent\">\n<div class=\"ProductDetailContent-item\">                                            Obl\u00edben\u00e1 TITANIA FRESH. Jedna z nejv\u00edce prod\u00e1van\u00fdch \u0159ad TITANIA v\u00e1s oslov\u00ed sv\u00fdm excelentn\u00edm designem a kvalitou. A toto v\u0161e za \u00fa\u017easnou cenu. <\/p><\/div>\n<div class=\"ProductDetailContent-item\">                                            Kvalitn\u00ed a odoln\u00e1 keramick\u00e1 kartu\u0161e 35 mm s prodlou\u017eenou z\u00e1rukou 5 let. Prvot\u0159\u00eddn\u00ed chromov\u00e9 proveden\u00ed. D\u0159ezov\u00e1 n\u00e1st\u011bnn\u00e1 baterie s rozte\u010d\u00ed 150mm a elegantn\u00edm oto\u010dn\u00fdm ramenem s d\u00e9lkou 255 mm.                                        <\/div>\n<div class=\"ProductDetailContent-item\">\n<ul>\n<li>Hloubka krabice [mm]: <strong>400 mm<\/strong><\/li>\n<li>\u0160\u00ed\u0159ka krabice [mm]: <strong>155 mm<\/strong><\/li>\n<li>V\u00fd\u0161ka krabice [mm]: <strong>80 mm<\/strong><\/li>\n<li>Proveden\u00ed: <strong>chrom<\/strong><\/li>\n<li>V\u00fd\u0161ka [mm]: <strong>155 mm<\/strong><\/li>\n<li>\u0160\u00ed\u0159ka [mm]: <strong>200 mm<\/strong><\/li>\n<li>Hloubka [mm]: <strong>285 mm<\/strong><\/li>\n<li>D\u00e9lka ram\u00ednka [mm]: <strong>250 mm<\/strong><\/li>\n<li>Z\u00e1ruka na t\u011bsnost kartu\u0161e [rok]: <strong>5 rok<\/strong><\/li>\n<li>Pr\u016ftok vody p\u0159i dynamick\u00e9m tlaku 3 bary [l\/min]: <strong>21.6 l\/min<\/strong><\/li>\n<li>Rozte\u010d baterie [mm]: <strong>150 mm<\/strong><\/li>\n<li>Typ kartu\u0161e: <strong>35 mm<\/strong><\/li>\n<li>Typ ramene: <strong>255 mm<\/strong><\/li>\n<li>P\u0159\u00edslu\u0161enstv\u00ed: <strong>kompletn\u00ed<\/strong><\/li>\n<li>Typ p\u0159ipojen\u00ed: <strong>3\/4&#8243;<\/strong><\/li>\n<li>Pr\u016ftok vody p\u0159i dynamick\u00e9m tlaku 3 bary [l\/min]: <strong>21.6 l\/min<\/strong><\/li>\n<\/ul><\/div>\n<\/p><\/div>\n<\/p><\/div>\n<\/p><\/div>\n<\/p><\/div>\n","protected":false},"excerpt":{"rendered":"<p>Popis produktu Novaservis Titania Fresh Vodovodn\u00ed baterie n\u00e1st\u011bnn\u00e1 150mm 96070,0 Obl\u00edben\u00e1 TITANIA FRESH. Jedna z nejv\u00edce prod\u00e1van\u00fdch \u0159ad TITANIA v\u00e1s oslov\u00ed sv\u00fdm excelentn\u00edm designem a kvalitou. A toto v\u0161e za \u00fa\u017easnou cenu. Kvalitn\u00ed a odoln\u00e1 keramick\u00e1 kartu\u0161e 35 mm s prodlou\u017eenou z\u00e1rukou 5 let. Prvot\u0159\u00eddn\u00ed chromov\u00e9 proveden\u00ed. D\u0159ezov\u00e1 n\u00e1st\u011bnn\u00e1 baterie s rozte\u010d\u00ed 150mm a elegantn\u00edm [&hellip;]<\/p>\n","protected":false},"featured_media":40004,"comment_status":"open","ping_status":"open","template":"","meta":[],"product_brand":[],"product_cat":[145],"product_tag":[],"class_list":{"0":"post-39904","1":"product","2":"type-product","3":"status-publish","4":"has-post-thumbnail","6":"product_cat-koupelny","8":"first","9":"instock","10":"sale","11":"shipping-taxable","12":"purchasable","13":"product-type-simple"},"yoast_head":"<!-- This site is optimized with the Yoast SEO plugin v26.8 - https:\/\/yoast.com\/product\/yoast-seo-wordpress\/ -->\n<title>Ihned K Objedn\u00e1n\u00ed Novaservis Titania Fresh Vodovodn\u00ed baterie n\u00e1st\u011bnn\u00e1 150mm 96070,0 -<\/title>\n<meta name=\"robots\" content=\"index, follow, max-snippet:-1, max-image-preview:large, max-video-preview:-1\" \/>\n<link rel=\"canonical\" href=\"https:\/\/www.koupelnapro.com\/index.php\/produkt\/ihned-k-objednani-novaservis-titania-fresh-vodovodni-baterie-nastenna-150mm-96070-0-39904\/\" \/>\n<meta property=\"og:locale\" content=\"cs_CZ\" \/>\n<meta property=\"og:type\" content=\"article\" \/>\n<meta property=\"og:title\" content=\"Ihned K Objedn\u00e1n\u00ed Novaservis Titania Fresh Vodovodn\u00ed baterie n\u00e1st\u011bnn\u00e1 150mm 96070,0 -\" \/>\n<meta property=\"og:description\" content=\"Popis produktu Novaservis Titania Fresh Vodovodn\u00ed baterie n\u00e1st\u011bnn\u00e1 150mm 96070,0 Obl\u00edben\u00e1 TITANIA FRESH. Jedna z nejv\u00edce prod\u00e1van\u00fdch \u0159ad TITANIA v\u00e1s oslov\u00ed sv\u00fdm excelentn\u00edm designem a kvalitou. A toto v\u0161e za \u00fa\u017easnou cenu. Kvalitn\u00ed a odoln\u00e1 keramick\u00e1 kartu\u0161e 35 mm s prodlou\u017eenou z\u00e1rukou 5 let. Prvot\u0159\u00eddn\u00ed chromov\u00e9 proveden\u00ed. D\u0159ezov\u00e1 n\u00e1st\u011bnn\u00e1 baterie s rozte\u010d\u00ed 150mm a elegantn\u00edm [&hellip;]\" \/>\n<meta property=\"og:url\" content=\"https:\/\/www.koupelnapro.com\/index.php\/produkt\/ihned-k-objednani-novaservis-titania-fresh-vodovodni-baterie-nastenna-150mm-96070-0-39904\/\" \/>\n<meta property=\"og:image\" content=\"https:\/\/www.koupelnapro.com\/wp-content\/uploads\/2026\/SK0003495-CZ20260425-092632-0-1777080397-novaservis-titania-fresh-vodovodni-baterie-nastenna-150mm-9.webp\" \/>\n\t<meta property=\"og:image:width\" content=\"600\" \/>\n\t<meta property=\"og:image:height\" content=\"365\" \/>\n\t<meta property=\"og:image:type\" content=\"image\/webp\" \/>\n<meta name=\"twitter:card\" content=\"summary_large_image\" \/>\n<meta name=\"twitter:label1\" content=\"Odhadovan\u00e1 doba \u010dten\u00ed\" \/>\n\t<meta name=\"twitter:data1\" content=\"1 minuta\" \/>\n<script type=\"application\/ld+json\" class=\"yoast-schema-graph\">{\"@context\":\"https:\/\/schema.org\",\"@graph\":[{\"@type\":\"WebPage\",\"@id\":\"https:\/\/www.koupelnapro.com\/index.php\/produkt\/ihned-k-objednani-novaservis-titania-fresh-vodovodni-baterie-nastenna-150mm-96070-0-39904\/\",\"url\":\"https:\/\/www.koupelnapro.com\/index.php\/produkt\/ihned-k-objednani-novaservis-titania-fresh-vodovodni-baterie-nastenna-150mm-96070-0-39904\/\",\"name\":\"Ihned K Objedn\u00e1n\u00ed Novaservis Titania Fresh Vodovodn\u00ed baterie n\u00e1st\u011bnn\u00e1 150mm 96070,0 -\",\"isPartOf\":{\"@id\":\"https:\/\/www.koupelnapro.com\/#website\"},\"primaryImageOfPage\":{\"@id\":\"https:\/\/www.koupelnapro.com\/index.php\/produkt\/ihned-k-objednani-novaservis-titania-fresh-vodovodni-baterie-nastenna-150mm-96070-0-39904\/#primaryimage\"},\"image\":{\"@id\":\"https:\/\/www.koupelnapro.com\/index.php\/produkt\/ihned-k-objednani-novaservis-titania-fresh-vodovodni-baterie-nastenna-150mm-96070-0-39904\/#primaryimage\"},\"thumbnailUrl\":\"https:\/\/www.koupelnapro.com\/wp-content\/uploads\/2026\/SK0003495-CZ20260425-092632-0-1777080397-novaservis-titania-fresh-vodovodni-baterie-nastenna-150mm-9.webp\",\"datePublished\":\"2026-04-26T09:15:56+00:00\",\"breadcrumb\":{\"@id\":\"https:\/\/www.koupelnapro.com\/index.php\/produkt\/ihned-k-objednani-novaservis-titania-fresh-vodovodni-baterie-nastenna-150mm-96070-0-39904\/#breadcrumb\"},\"inLanguage\":\"cs\",\"potentialAction\":[{\"@type\":\"ReadAction\",\"target\":[\"https:\/\/www.koupelnapro.com\/index.php\/produkt\/ihned-k-objednani-novaservis-titania-fresh-vodovodni-baterie-nastenna-150mm-96070-0-39904\/\"]}]},{\"@type\":\"ImageObject\",\"inLanguage\":\"cs\",\"@id\":\"https:\/\/www.koupelnapro.com\/index.php\/produkt\/ihned-k-objednani-novaservis-titania-fresh-vodovodni-baterie-nastenna-150mm-96070-0-39904\/#primaryimage\",\"url\":\"https:\/\/www.koupelnapro.com\/wp-content\/uploads\/2026\/SK0003495-CZ20260425-092632-0-1777080397-novaservis-titania-fresh-vodovodni-baterie-nastenna-150mm-9.webp\",\"contentUrl\":\"https:\/\/www.koupelnapro.com\/wp-content\/uploads\/2026\/SK0003495-CZ20260425-092632-0-1777080397-novaservis-titania-fresh-vodovodni-baterie-nastenna-150mm-9.webp\",\"width\":600,\"height\":365},{\"@type\":\"BreadcrumbList\",\"@id\":\"https:\/\/www.koupelnapro.com\/index.php\/produkt\/ihned-k-objednani-novaservis-titania-fresh-vodovodni-baterie-nastenna-150mm-96070-0-39904\/#breadcrumb\",\"itemListElement\":[{\"@type\":\"ListItem\",\"position\":1,\"name\":\"Home\",\"item\":\"https:\/\/www.koupelnapro.com\/\"},{\"@type\":\"ListItem\",\"position\":2,\"name\":\"Products\",\"item\":\"https:\/\/www.koupelnapro.com\/index.php\/products\/\"},{\"@type\":\"ListItem\",\"position\":3,\"name\":\"Ihned K Objedn\u00e1n\u00ed Novaservis Titania Fresh Vodovodn\u00ed baterie n\u00e1st\u011bnn\u00e1 150mm 96070,0\"}]},{\"@type\":\"WebSite\",\"@id\":\"https:\/\/www.koupelnapro.com\/#website\",\"url\":\"https:\/\/www.koupelnapro.com\/\",\"name\":\"\",\"description\":\"\",\"potentialAction\":[{\"@type\":\"SearchAction\",\"target\":{\"@type\":\"EntryPoint\",\"urlTemplate\":\"https:\/\/www.koupelnapro.com\/?s={search_term_string}\"},\"query-input\":{\"@type\":\"PropertyValueSpecification\",\"valueRequired\":true,\"valueName\":\"search_term_string\"}}],\"inLanguage\":\"cs\"}]}<\/script>\n<!-- \/ Yoast SEO plugin. -->","yoast_head_json":{"title":"Ihned K Objedn\u00e1n\u00ed Novaservis Titania Fresh Vodovodn\u00ed baterie n\u00e1st\u011bnn\u00e1 150mm 96070,0 -","robots":{"index":"index","follow":"follow","max-snippet":"max-snippet:-1","max-image-preview":"max-image-preview:large","max-video-preview":"max-video-preview:-1"},"canonical":"https:\/\/www.koupelnapro.com\/index.php\/produkt\/ihned-k-objednani-novaservis-titania-fresh-vodovodni-baterie-nastenna-150mm-96070-0-39904\/","og_locale":"cs_CZ","og_type":"article","og_title":"Ihned K Objedn\u00e1n\u00ed Novaservis Titania Fresh Vodovodn\u00ed baterie n\u00e1st\u011bnn\u00e1 150mm 96070,0 -","og_description":"Popis produktu Novaservis Titania Fresh Vodovodn\u00ed baterie n\u00e1st\u011bnn\u00e1 150mm 96070,0 Obl\u00edben\u00e1 TITANIA FRESH. Jedna z nejv\u00edce prod\u00e1van\u00fdch \u0159ad TITANIA v\u00e1s oslov\u00ed sv\u00fdm excelentn\u00edm designem a kvalitou. A toto v\u0161e za \u00fa\u017easnou cenu. Kvalitn\u00ed a odoln\u00e1 keramick\u00e1 kartu\u0161e 35 mm s prodlou\u017eenou z\u00e1rukou 5 let. Prvot\u0159\u00eddn\u00ed chromov\u00e9 proveden\u00ed. D\u0159ezov\u00e1 n\u00e1st\u011bnn\u00e1 baterie s rozte\u010d\u00ed 150mm a elegantn\u00edm [&hellip;]","og_url":"https:\/\/www.koupelnapro.com\/index.php\/produkt\/ihned-k-objednani-novaservis-titania-fresh-vodovodni-baterie-nastenna-150mm-96070-0-39904\/","og_image":[{"width":600,"height":365,"url":"https:\/\/www.koupelnapro.com\/wp-content\/uploads\/2026\/SK0003495-CZ20260425-092632-0-1777080397-novaservis-titania-fresh-vodovodni-baterie-nastenna-150mm-9.webp","type":"image\/webp"}],"twitter_card":"summary_large_image","twitter_misc":{"Odhadovan\u00e1 doba \u010dten\u00ed":"1 minuta"},"schema":{"@context":"https:\/\/schema.org","@graph":[{"@type":"WebPage","@id":"https:\/\/www.koupelnapro.com\/index.php\/produkt\/ihned-k-objednani-novaservis-titania-fresh-vodovodni-baterie-nastenna-150mm-96070-0-39904\/","url":"https:\/\/www.koupelnapro.com\/index.php\/produkt\/ihned-k-objednani-novaservis-titania-fresh-vodovodni-baterie-nastenna-150mm-96070-0-39904\/","name":"Ihned K Objedn\u00e1n\u00ed Novaservis Titania Fresh Vodovodn\u00ed baterie n\u00e1st\u011bnn\u00e1 150mm 96070,0 -","isPartOf":{"@id":"https:\/\/www.koupelnapro.com\/#website"},"primaryImageOfPage":{"@id":"https:\/\/www.koupelnapro.com\/index.php\/produkt\/ihned-k-objednani-novaservis-titania-fresh-vodovodni-baterie-nastenna-150mm-96070-0-39904\/#primaryimage"},"image":{"@id":"https:\/\/www.koupelnapro.com\/index.php\/produkt\/ihned-k-objednani-novaservis-titania-fresh-vodovodni-baterie-nastenna-150mm-96070-0-39904\/#primaryimage"},"thumbnailUrl":"https:\/\/www.koupelnapro.com\/wp-content\/uploads\/2026\/SK0003495-CZ20260425-092632-0-1777080397-novaservis-titania-fresh-vodovodni-baterie-nastenna-150mm-9.webp","datePublished":"2026-04-26T09:15:56+00:00","breadcrumb":{"@id":"https:\/\/www.koupelnapro.com\/index.php\/produkt\/ihned-k-objednani-novaservis-titania-fresh-vodovodni-baterie-nastenna-150mm-96070-0-39904\/#breadcrumb"},"inLanguage":"cs","potentialAction":[{"@type":"ReadAction","target":["https:\/\/www.koupelnapro.com\/index.php\/produkt\/ihned-k-objednani-novaservis-titania-fresh-vodovodni-baterie-nastenna-150mm-96070-0-39904\/"]}]},{"@type":"ImageObject","inLanguage":"cs","@id":"https:\/\/www.koupelnapro.com\/index.php\/produkt\/ihned-k-objednani-novaservis-titania-fresh-vodovodni-baterie-nastenna-150mm-96070-0-39904\/#primaryimage","url":"https:\/\/www.koupelnapro.com\/wp-content\/uploads\/2026\/SK0003495-CZ20260425-092632-0-1777080397-novaservis-titania-fresh-vodovodni-baterie-nastenna-150mm-9.webp","contentUrl":"https:\/\/www.koupelnapro.com\/wp-content\/uploads\/2026\/SK0003495-CZ20260425-092632-0-1777080397-novaservis-titania-fresh-vodovodni-baterie-nastenna-150mm-9.webp","width":600,"height":365},{"@type":"BreadcrumbList","@id":"https:\/\/www.koupelnapro.com\/index.php\/produkt\/ihned-k-objednani-novaservis-titania-fresh-vodovodni-baterie-nastenna-150mm-96070-0-39904\/#breadcrumb","itemListElement":[{"@type":"ListItem","position":1,"name":"Home","item":"https:\/\/www.koupelnapro.com\/"},{"@type":"ListItem","position":2,"name":"Products","item":"https:\/\/www.koupelnapro.com\/index.php\/products\/"},{"@type":"ListItem","position":3,"name":"Ihned K Objedn\u00e1n\u00ed Novaservis Titania Fresh Vodovodn\u00ed baterie n\u00e1st\u011bnn\u00e1 150mm 96070,0"}]},{"@type":"WebSite","@id":"https:\/\/www.koupelnapro.com\/#website","url":"https:\/\/www.koupelnapro.com\/","name":"","description":"","potentialAction":[{"@type":"SearchAction","target":{"@type":"EntryPoint","urlTemplate":"https:\/\/www.koupelnapro.com\/?s={search_term_string}"},"query-input":{"@type":"PropertyValueSpecification","valueRequired":true,"valueName":"search_term_string"}}],"inLanguage":"cs"}]}},"_links":{"self":[{"href":"https:\/\/www.koupelnapro.com\/index.php\/wp-json\/wp\/v2\/product\/39904","targetHints":{"allow":["GET"]}}],"collection":[{"href":"https:\/\/www.koupelnapro.com\/index.php\/wp-json\/wp\/v2\/product"}],"about":[{"href":"https:\/\/www.koupelnapro.com\/index.php\/wp-json\/wp\/v2\/types\/product"}],"replies":[{"embeddable":true,"href":"https:\/\/www.koupelnapro.com\/index.php\/wp-json\/wp\/v2\/comments?post=39904"}],"wp:featuredmedia":[{"embeddable":true,"href":"https:\/\/www.koupelnapro.com\/index.php\/wp-json\/wp\/v2\/media\/40004"}],"wp:attachment":[{"href":"https:\/\/www.koupelnapro.com\/index.php\/wp-json\/wp\/v2\/media?parent=39904"}],"wp:term":[{"taxonomy":"product_brand","embeddable":true,"href":"https:\/\/www.koupelnapro.com\/index.php\/wp-json\/wp\/v2\/product_brand?post=39904"},{"taxonomy":"product_cat","embeddable":true,"href":"https:\/\/www.koupelnapro.com\/index.php\/wp-json\/wp\/v2\/product_cat?post=39904"},{"taxonomy":"product_tag","embeddable":true,"href":"https:\/\/www.koupelnapro.com\/index.php\/wp-json\/wp\/v2\/product_tag?post=39904"}],"curies":[{"name":"wp","href":"https:\/\/api.w.org\/{rel}","templated":true}]}}