{"id":39898,"date":"2026-04-26T09:15:56","date_gmt":"2026-04-26T09:15:56","guid":{"rendered":""},"modified":"2026-04-26T09:15:56","modified_gmt":"2026-04-26T09:15:56","slug":"gedy-altea-davkovac-mydla-na-postaveni-bambus-vikendova-akce-39898","status":"publish","type":"product","link":"https:\/\/www.koupelnapro.com\/index.php\/produkt\/gedy-altea-davkovac-mydla-na-postaveni-bambus-vikendova-akce-39898\/","title":{"rendered":"Gedy ALTEA d\u00e1vkova\u010d m\u00fddla na postaven\u00ed, bambus V\u00edkendov\u00e1 Akce"},"content":{"rendered":"<div class=\"ProductDetail-content NoFixImageContainer\" id=\"productDescription\">\n<div class=\"Heading\">\n<h2 class=\"Heading-title\">Popis produktu <span class=''>Gedy ALTEA d\u00e1vkova\u010d m\u00fddla na postaven\u00ed, bambus<\/span><\/h2>\n<\/p><\/div>\n<div class=\"ProductDetailContent\">                                                                    <\/div>\n<div class=\"ProductDetailContent\">\n<div class=\"ProductDetailContent-item\">                                            Pr\u016fm\u011br: 70 mm<br \/>Barva: Hn\u011bd\u00e1<br \/>\u0160\u00ed\u0159ka: 70 mm<br \/>V\u00fd\u0161ka: 172 mm<br \/>Hloubka: 103 mm<br \/>Balen\u00ed: 1 ks<br \/>Rozm\u011br: 70x172x103 mm<br \/>Materi\u00e1l: Bambus<br \/>Objem d\u00e1vkova\u010de: 200 ml<br \/>Z\u00e1ruka: 2 roky<br \/>Druh: D\u00e1vkova\u010d<br \/>Instalace: Na postaven\u00ed<br \/>Tvar: Kruhov\u00e9                                        <\/div>\n<div class=\"ProductDetailContent-item\">\n<ul>\n<li><span>Materi\u00e1l: bambus\/pochromovan\u00fd termoplast<\/span><\/li>\n<\/ul><\/div>\n<div class=\"ProductDetailContent-item\">\n<h3>Popis s\u00e9rie<\/h3>\n<p style=\"text-align: justify;\">Bambus je p\u0159\u00edrodn\u00ed materi\u00e1l, kter\u00fd dok\u00e1\u017ee zpest\u0159it ka\u017edou koupelnu. V s\u00e9rii ALTEA nav\u00edc ve v\u00e1lcovit\u00e9m tvaru, kter\u00fd p\u016fsob\u00ed p\u0159\u00edjemn\u011b.<\/p>\n<\/p><\/div>\n<\/p><\/div>\n<\/p><\/div>\n<\/p><\/div>\n<\/p><\/div>\n","protected":false},"excerpt":{"rendered":"<p>Popis produktu Gedy ALTEA d\u00e1vkova\u010d m\u00fddla na postaven\u00ed, bambus Pr\u016fm\u011br: 70 mmBarva: Hn\u011bd\u00e1\u0160\u00ed\u0159ka: 70 mmV\u00fd\u0161ka: 172 mmHloubka: 103 mmBalen\u00ed: 1 ksRozm\u011br: 70x172x103 mmMateri\u00e1l: BambusObjem d\u00e1vkova\u010de: 200 mlZ\u00e1ruka: 2 rokyDruh: D\u00e1vkova\u010dInstalace: Na postaven\u00edTvar: Kruhov\u00e9 Materi\u00e1l: bambus\/pochromovan\u00fd termoplast Popis s\u00e9rie Bambus je p\u0159\u00edrodn\u00ed materi\u00e1l, kter\u00fd dok\u00e1\u017ee zpest\u0159it ka\u017edou koupelnu. V s\u00e9rii ALTEA nav\u00edc ve v\u00e1lcovit\u00e9m tvaru, kter\u00fd [&hellip;]<\/p>\n","protected":false},"featured_media":39998,"comment_status":"open","ping_status":"open","template":"","meta":[],"product_brand":[],"product_cat":[145],"product_tag":[],"class_list":{"0":"post-39898","1":"product","2":"type-product","3":"status-publish","4":"has-post-thumbnail","6":"product_cat-koupelny","8":"first","9":"instock","10":"sale","11":"shipping-taxable","12":"purchasable","13":"product-type-simple"},"yoast_head":"<!-- This site is optimized with the Yoast SEO plugin v26.8 - https:\/\/yoast.com\/product\/yoast-seo-wordpress\/ -->\n<title>Gedy ALTEA d\u00e1vkova\u010d m\u00fddla na postaven\u00ed, bambus V\u00edkendov\u00e1 Akce -<\/title>\n<meta name=\"robots\" content=\"index, follow, max-snippet:-1, max-image-preview:large, max-video-preview:-1\" \/>\n<link rel=\"canonical\" href=\"https:\/\/www.koupelnapro.com\/index.php\/produkt\/gedy-altea-davkovac-mydla-na-postaveni-bambus-vikendova-akce-39898\/\" \/>\n<meta property=\"og:locale\" content=\"cs_CZ\" \/>\n<meta property=\"og:type\" content=\"article\" \/>\n<meta property=\"og:title\" content=\"Gedy ALTEA d\u00e1vkova\u010d m\u00fddla na postaven\u00ed, bambus V\u00edkendov\u00e1 Akce -\" \/>\n<meta property=\"og:description\" content=\"Popis produktu Gedy ALTEA d\u00e1vkova\u010d m\u00fddla na postaven\u00ed, bambus Pr\u016fm\u011br: 70 mmBarva: Hn\u011bd\u00e1\u0160\u00ed\u0159ka: 70 mmV\u00fd\u0161ka: 172 mmHloubka: 103 mmBalen\u00ed: 1 ksRozm\u011br: 70x172x103 mmMateri\u00e1l: BambusObjem d\u00e1vkova\u010de: 200 mlZ\u00e1ruka: 2 rokyDruh: D\u00e1vkova\u010dInstalace: Na postaven\u00edTvar: Kruhov\u00e9 Materi\u00e1l: bambus\/pochromovan\u00fd termoplast Popis s\u00e9rie Bambus je p\u0159\u00edrodn\u00ed materi\u00e1l, kter\u00fd dok\u00e1\u017ee zpest\u0159it ka\u017edou koupelnu. V s\u00e9rii ALTEA nav\u00edc ve v\u00e1lcovit\u00e9m tvaru, kter\u00fd [&hellip;]\" \/>\n<meta property=\"og:url\" content=\"https:\/\/www.koupelnapro.com\/index.php\/produkt\/gedy-altea-davkovac-mydla-na-postaveni-bambus-vikendova-akce-39898\/\" \/>\n<meta property=\"og:image\" content=\"https:\/\/www.koupelnapro.com\/wp-content\/uploads\/2026\/SK0003488-CZ20260425-092632-0-1777080397-gedy-altea-davkovac-mydla-na-postaveni-bambus-433024.webp\" \/>\n\t<meta property=\"og:image:width\" content=\"371\" \/>\n\t<meta property=\"og:image:height\" content=\"600\" \/>\n\t<meta property=\"og:image:type\" content=\"image\/webp\" \/>\n<meta name=\"twitter:card\" content=\"summary_large_image\" \/>\n<script type=\"application\/ld+json\" class=\"yoast-schema-graph\">{\"@context\":\"https:\/\/schema.org\",\"@graph\":[{\"@type\":\"WebPage\",\"@id\":\"https:\/\/www.koupelnapro.com\/index.php\/produkt\/gedy-altea-davkovac-mydla-na-postaveni-bambus-vikendova-akce-39898\/\",\"url\":\"https:\/\/www.koupelnapro.com\/index.php\/produkt\/gedy-altea-davkovac-mydla-na-postaveni-bambus-vikendova-akce-39898\/\",\"name\":\"Gedy ALTEA d\u00e1vkova\u010d m\u00fddla na postaven\u00ed, bambus V\u00edkendov\u00e1 Akce -\",\"isPartOf\":{\"@id\":\"https:\/\/www.koupelnapro.com\/#website\"},\"primaryImageOfPage\":{\"@id\":\"https:\/\/www.koupelnapro.com\/index.php\/produkt\/gedy-altea-davkovac-mydla-na-postaveni-bambus-vikendova-akce-39898\/#primaryimage\"},\"image\":{\"@id\":\"https:\/\/www.koupelnapro.com\/index.php\/produkt\/gedy-altea-davkovac-mydla-na-postaveni-bambus-vikendova-akce-39898\/#primaryimage\"},\"thumbnailUrl\":\"https:\/\/www.koupelnapro.com\/wp-content\/uploads\/2026\/SK0003488-CZ20260425-092632-0-1777080397-gedy-altea-davkovac-mydla-na-postaveni-bambus-433024.webp\",\"datePublished\":\"2026-04-26T09:15:56+00:00\",\"breadcrumb\":{\"@id\":\"https:\/\/www.koupelnapro.com\/index.php\/produkt\/gedy-altea-davkovac-mydla-na-postaveni-bambus-vikendova-akce-39898\/#breadcrumb\"},\"inLanguage\":\"cs\",\"potentialAction\":[{\"@type\":\"ReadAction\",\"target\":[\"https:\/\/www.koupelnapro.com\/index.php\/produkt\/gedy-altea-davkovac-mydla-na-postaveni-bambus-vikendova-akce-39898\/\"]}]},{\"@type\":\"ImageObject\",\"inLanguage\":\"cs\",\"@id\":\"https:\/\/www.koupelnapro.com\/index.php\/produkt\/gedy-altea-davkovac-mydla-na-postaveni-bambus-vikendova-akce-39898\/#primaryimage\",\"url\":\"https:\/\/www.koupelnapro.com\/wp-content\/uploads\/2026\/SK0003488-CZ20260425-092632-0-1777080397-gedy-altea-davkovac-mydla-na-postaveni-bambus-433024.webp\",\"contentUrl\":\"https:\/\/www.koupelnapro.com\/wp-content\/uploads\/2026\/SK0003488-CZ20260425-092632-0-1777080397-gedy-altea-davkovac-mydla-na-postaveni-bambus-433024.webp\",\"width\":371,\"height\":600},{\"@type\":\"BreadcrumbList\",\"@id\":\"https:\/\/www.koupelnapro.com\/index.php\/produkt\/gedy-altea-davkovac-mydla-na-postaveni-bambus-vikendova-akce-39898\/#breadcrumb\",\"itemListElement\":[{\"@type\":\"ListItem\",\"position\":1,\"name\":\"Home\",\"item\":\"https:\/\/www.koupelnapro.com\/\"},{\"@type\":\"ListItem\",\"position\":2,\"name\":\"Products\",\"item\":\"https:\/\/www.koupelnapro.com\/index.php\/products\/\"},{\"@type\":\"ListItem\",\"position\":3,\"name\":\"Gedy ALTEA d\u00e1vkova\u010d m\u00fddla na postaven\u00ed, bambus V\u00edkendov\u00e1 Akce\"}]},{\"@type\":\"WebSite\",\"@id\":\"https:\/\/www.koupelnapro.com\/#website\",\"url\":\"https:\/\/www.koupelnapro.com\/\",\"name\":\"\",\"description\":\"\",\"potentialAction\":[{\"@type\":\"SearchAction\",\"target\":{\"@type\":\"EntryPoint\",\"urlTemplate\":\"https:\/\/www.koupelnapro.com\/?s={search_term_string}\"},\"query-input\":{\"@type\":\"PropertyValueSpecification\",\"valueRequired\":true,\"valueName\":\"search_term_string\"}}],\"inLanguage\":\"cs\"}]}<\/script>\n<!-- \/ Yoast SEO plugin. -->","yoast_head_json":{"title":"Gedy ALTEA d\u00e1vkova\u010d m\u00fddla na postaven\u00ed, bambus V\u00edkendov\u00e1 Akce -","robots":{"index":"index","follow":"follow","max-snippet":"max-snippet:-1","max-image-preview":"max-image-preview:large","max-video-preview":"max-video-preview:-1"},"canonical":"https:\/\/www.koupelnapro.com\/index.php\/produkt\/gedy-altea-davkovac-mydla-na-postaveni-bambus-vikendova-akce-39898\/","og_locale":"cs_CZ","og_type":"article","og_title":"Gedy ALTEA d\u00e1vkova\u010d m\u00fddla na postaven\u00ed, bambus V\u00edkendov\u00e1 Akce -","og_description":"Popis produktu Gedy ALTEA d\u00e1vkova\u010d m\u00fddla na postaven\u00ed, bambus Pr\u016fm\u011br: 70 mmBarva: Hn\u011bd\u00e1\u0160\u00ed\u0159ka: 70 mmV\u00fd\u0161ka: 172 mmHloubka: 103 mmBalen\u00ed: 1 ksRozm\u011br: 70x172x103 mmMateri\u00e1l: BambusObjem d\u00e1vkova\u010de: 200 mlZ\u00e1ruka: 2 rokyDruh: D\u00e1vkova\u010dInstalace: Na postaven\u00edTvar: Kruhov\u00e9 Materi\u00e1l: bambus\/pochromovan\u00fd termoplast Popis s\u00e9rie Bambus je p\u0159\u00edrodn\u00ed materi\u00e1l, kter\u00fd dok\u00e1\u017ee zpest\u0159it ka\u017edou koupelnu. V s\u00e9rii ALTEA nav\u00edc ve v\u00e1lcovit\u00e9m tvaru, kter\u00fd [&hellip;]","og_url":"https:\/\/www.koupelnapro.com\/index.php\/produkt\/gedy-altea-davkovac-mydla-na-postaveni-bambus-vikendova-akce-39898\/","og_image":[{"width":371,"height":600,"url":"https:\/\/www.koupelnapro.com\/wp-content\/uploads\/2026\/SK0003488-CZ20260425-092632-0-1777080397-gedy-altea-davkovac-mydla-na-postaveni-bambus-433024.webp","type":"image\/webp"}],"twitter_card":"summary_large_image","schema":{"@context":"https:\/\/schema.org","@graph":[{"@type":"WebPage","@id":"https:\/\/www.koupelnapro.com\/index.php\/produkt\/gedy-altea-davkovac-mydla-na-postaveni-bambus-vikendova-akce-39898\/","url":"https:\/\/www.koupelnapro.com\/index.php\/produkt\/gedy-altea-davkovac-mydla-na-postaveni-bambus-vikendova-akce-39898\/","name":"Gedy ALTEA d\u00e1vkova\u010d m\u00fddla na postaven\u00ed, bambus V\u00edkendov\u00e1 Akce -","isPartOf":{"@id":"https:\/\/www.koupelnapro.com\/#website"},"primaryImageOfPage":{"@id":"https:\/\/www.koupelnapro.com\/index.php\/produkt\/gedy-altea-davkovac-mydla-na-postaveni-bambus-vikendova-akce-39898\/#primaryimage"},"image":{"@id":"https:\/\/www.koupelnapro.com\/index.php\/produkt\/gedy-altea-davkovac-mydla-na-postaveni-bambus-vikendova-akce-39898\/#primaryimage"},"thumbnailUrl":"https:\/\/www.koupelnapro.com\/wp-content\/uploads\/2026\/SK0003488-CZ20260425-092632-0-1777080397-gedy-altea-davkovac-mydla-na-postaveni-bambus-433024.webp","datePublished":"2026-04-26T09:15:56+00:00","breadcrumb":{"@id":"https:\/\/www.koupelnapro.com\/index.php\/produkt\/gedy-altea-davkovac-mydla-na-postaveni-bambus-vikendova-akce-39898\/#breadcrumb"},"inLanguage":"cs","potentialAction":[{"@type":"ReadAction","target":["https:\/\/www.koupelnapro.com\/index.php\/produkt\/gedy-altea-davkovac-mydla-na-postaveni-bambus-vikendova-akce-39898\/"]}]},{"@type":"ImageObject","inLanguage":"cs","@id":"https:\/\/www.koupelnapro.com\/index.php\/produkt\/gedy-altea-davkovac-mydla-na-postaveni-bambus-vikendova-akce-39898\/#primaryimage","url":"https:\/\/www.koupelnapro.com\/wp-content\/uploads\/2026\/SK0003488-CZ20260425-092632-0-1777080397-gedy-altea-davkovac-mydla-na-postaveni-bambus-433024.webp","contentUrl":"https:\/\/www.koupelnapro.com\/wp-content\/uploads\/2026\/SK0003488-CZ20260425-092632-0-1777080397-gedy-altea-davkovac-mydla-na-postaveni-bambus-433024.webp","width":371,"height":600},{"@type":"BreadcrumbList","@id":"https:\/\/www.koupelnapro.com\/index.php\/produkt\/gedy-altea-davkovac-mydla-na-postaveni-bambus-vikendova-akce-39898\/#breadcrumb","itemListElement":[{"@type":"ListItem","position":1,"name":"Home","item":"https:\/\/www.koupelnapro.com\/"},{"@type":"ListItem","position":2,"name":"Products","item":"https:\/\/www.koupelnapro.com\/index.php\/products\/"},{"@type":"ListItem","position":3,"name":"Gedy ALTEA d\u00e1vkova\u010d m\u00fddla na postaven\u00ed, bambus V\u00edkendov\u00e1 Akce"}]},{"@type":"WebSite","@id":"https:\/\/www.koupelnapro.com\/#website","url":"https:\/\/www.koupelnapro.com\/","name":"","description":"","potentialAction":[{"@type":"SearchAction","target":{"@type":"EntryPoint","urlTemplate":"https:\/\/www.koupelnapro.com\/?s={search_term_string}"},"query-input":{"@type":"PropertyValueSpecification","valueRequired":true,"valueName":"search_term_string"}}],"inLanguage":"cs"}]}},"_links":{"self":[{"href":"https:\/\/www.koupelnapro.com\/index.php\/wp-json\/wp\/v2\/product\/39898","targetHints":{"allow":["GET"]}}],"collection":[{"href":"https:\/\/www.koupelnapro.com\/index.php\/wp-json\/wp\/v2\/product"}],"about":[{"href":"https:\/\/www.koupelnapro.com\/index.php\/wp-json\/wp\/v2\/types\/product"}],"replies":[{"embeddable":true,"href":"https:\/\/www.koupelnapro.com\/index.php\/wp-json\/wp\/v2\/comments?post=39898"}],"wp:featuredmedia":[{"embeddable":true,"href":"https:\/\/www.koupelnapro.com\/index.php\/wp-json\/wp\/v2\/media\/39998"}],"wp:attachment":[{"href":"https:\/\/www.koupelnapro.com\/index.php\/wp-json\/wp\/v2\/media?parent=39898"}],"wp:term":[{"taxonomy":"product_brand","embeddable":true,"href":"https:\/\/www.koupelnapro.com\/index.php\/wp-json\/wp\/v2\/product_brand?post=39898"},{"taxonomy":"product_cat","embeddable":true,"href":"https:\/\/www.koupelnapro.com\/index.php\/wp-json\/wp\/v2\/product_cat?post=39898"},{"taxonomy":"product_tag","embeddable":true,"href":"https:\/\/www.koupelnapro.com\/index.php\/wp-json\/wp\/v2\/product_tag?post=39898"}],"curies":[{"name":"wp","href":"https:\/\/api.w.org\/{rel}","templated":true}]}}