{"id":39893,"date":"2026-04-26T09:15:56","date_gmt":"2026-04-26T09:15:56","guid":{"rendered":""},"modified":"2026-04-26T09:15:56","modified_gmt":"2026-04-26T09:15:56","slug":"nejprodavanejsi-novaservis-titania-lux-stojankova-drezova-baterie-se-sprchou-1081-0-39893","status":"publish","type":"product","link":"https:\/\/www.koupelnapro.com\/index.php\/produkt\/nejprodavanejsi-novaservis-titania-lux-stojankova-drezova-baterie-se-sprchou-1081-0-39893\/","title":{"rendered":"Nejprod\u00e1van\u011bj\u0161\u00ed Novaservis Titania Lux Stoj\u00e1nkov\u00e1 d\u0159ezov\u00e1 baterie se sprchou 1081,0"},"content":{"rendered":"<div class=\"ProductDetail-content NoFixImageContainer\" id=\"productDescription\">\n<div class=\"Heading\">\n<h2 class=\"Heading-title\">Popis produktu <span class=''>Novaservis Titania Lux Stoj\u00e1nkov\u00e1 d\u0159ezov\u00e1 baterie se sprchou 1081,0<\/span><\/h2>\n<\/p><\/div>\n<div class=\"ProductDetailContent\">                                                                    <\/div>\n<div class=\"ProductDetailContent\">\n<div class=\"ProductDetailContent-item\">                                            Kvalitn\u00ed a odoln\u00e1 keramick\u00e1 kartu\u0161e 40 mm <b>s\u00a0prodlou\u017eenou z\u00e1rukou\u00a05\u00a0let<\/b>. Prvot\u0159\u00eddn\u00ed chromov\u00e9 proveden\u00ed. Stoj\u00e1nkov\u00e1 teleskopick\u00e1 d\u0159ezov\u00e1 baterie s d\u00e9lkou hadice 150 cm a spr\u0161kou. Sou\u010d\u00e1st\u00ed balen\u00ed jsou p\u0159\u00edvodn\u00ed hadi\u010dky.                                        <\/div>\n<div class=\"ProductDetailContent-item\">\n<ul>\n<li>Hloubka krabice [mm]: <strong>377 mm<\/strong><\/li>\n<li>\u0160\u00ed\u0159ka krabice [mm]: <strong>148 mm<\/strong><\/li>\n<li>V\u00fd\u0161ka krabice [mm]: <strong>77 mm<\/strong><\/li>\n<li>Proveden\u00ed: <strong>chrom<\/strong><\/li>\n<li>V\u00fd\u0161ka [mm]: <strong>165 mm<\/strong><\/li>\n<li>\u0160\u00ed\u0159ka [mm]: <strong>52 mm<\/strong><\/li>\n<li>Hloubka [mm]: <strong>285 mm<\/strong><\/li>\n<li>Z\u00e1ruka na t\u011bsnost kartu\u0161e [rok]: <strong>5 rok<\/strong><\/li>\n<li>Typ kartu\u0161e: <strong>40 mm<\/strong><\/li>\n<li>Typ ramene: <strong>teleskopick\u00e1 r\u016f\u017eice<\/strong><\/li>\n<li>P\u0159\u00edvodn\u00ed hadi\u010dky [cm]: <strong>50 cm<\/strong><\/li>\n<\/ul><\/div>\n<div class=\"ProductDetailContent-item\">                                            Elegance s\u00e9rie TITANIA LUX je opravdu maxim\u00e1ln\u011b v\u00fdsti\u017en\u00e1. Ladn\u00e9 tvary a v\u00fdborn\u00e1 kvalita a to v\u0161e za bezkonkuren\u010dn\u00ed cenu. <\/p><\/div>\n<div class=\"ProductDetailContent-item\">\n<div style=\"background-color:#f9f9f9; border-left:5px solid #4caf50; border-radius:8px; box-shadow:0 4px 12px rgba(0,0,0,0.1); font-family:Arial,sans-serif; padding:25px 20px 20px 20px; position:relative\"><!-- Ikona info v lev\u00e9m horn\u00edm rohu --><\/p>\n<div style=\"align-items:center; background-color:#4caf50; border-radius:50%; color:#ffffff; display:flex; font-size:18px; font-weight:bold; height:30px; justify-content:center; left:-10px; position:absolute; top:-10px; width:30px\">i<\/div>\n<h3 style=\"margin-left:15px\">D\u0159ezov\u00e1 baterie se sprchou \u2013 praktick\u00fd a modern\u00ed dopln\u011bk kuchyn\u011b<\/h3>\n<p><strong>D\u0159ezov\u00e1 baterie se sprchou<\/strong> je skv\u011blou volbou pro ka\u017edou modern\u00ed kuchyni, kde je kladen d\u016fraz na funk\u010dnost a pohodl\u00ed. D\u00edky integrovan\u00e9 spr\u0161ce z\u00edsk\u00e1te maxim\u00e1ln\u00ed flexibilitu p\u0159i pr\u00e1ci s vodou \u2013 usnadn\u00ed v\u00e1m oplachov\u00e1n\u00ed potravin, myt\u00ed n\u00e1dob\u00ed i \u010di\u0161t\u011bn\u00ed samotn\u00e9ho <strong>d\u0159ezu<\/strong>.<\/p>\n<h3>V\u00fdhody d\u0159ezov\u00fdch bateri\u00ed se sprchou:<\/h3>\n<p>\u2714 <strong>Snadn\u00e1 manipulace<\/strong> \u2013 Pevn\u00e1, v\u00fdsuvn\u00e1 nebo flexibiln\u00ed sprcha zvy\u0161uje komfort nejen p\u0159i myt\u00ed n\u00e1dob\u00ed.<br \/>\u2714 <strong>V\u00edce funkc\u00ed<\/strong> \u2013 V\u011bt\u0161ina d\u0159ezov\u00fdch bateri\u00ed se sprchou nab\u00edz\u00ed p\u0159ep\u00edn\u00e1n\u00ed mezi klasick\u00fdm proudem vody a sprchov\u00fdm re\u017eimem.<br \/>\u2714 <strong>Modern\u00ed design<\/strong> \u2013 K dispozici jsou r\u016fzn\u00e9 povrchov\u00e9 \u00fapravy, nap\u0159\u00edklad nerezov\u00e1, \u010dern\u00e1 matn\u00e1, b\u00edl\u00e1 nebo barevn\u00e9 varianty.<br \/>\u2714 <strong>\u00daspora vody<\/strong> \u2013 D\u00edky speci\u00e1ln\u00edm perl\u00e1tor\u016fm lze sn\u00ed\u017eit spot\u0159ebu vody.<\/p>\n<\/div><\/div>\n<\/p><\/div>\n<\/p><\/div>\n<\/p><\/div>\n<\/p><\/div>\n","protected":false},"excerpt":{"rendered":"<p>Popis produktu Novaservis Titania Lux Stoj\u00e1nkov\u00e1 d\u0159ezov\u00e1 baterie se sprchou 1081,0 Kvalitn\u00ed a odoln\u00e1 keramick\u00e1 kartu\u0161e 40 mm s\u00a0prodlou\u017eenou z\u00e1rukou\u00a05\u00a0let. Prvot\u0159\u00eddn\u00ed chromov\u00e9 proveden\u00ed. Stoj\u00e1nkov\u00e1 teleskopick\u00e1 d\u0159ezov\u00e1 baterie s d\u00e9lkou hadice 150 cm a spr\u0161kou. Sou\u010d\u00e1st\u00ed balen\u00ed jsou p\u0159\u00edvodn\u00ed hadi\u010dky. Hloubka krabice [mm]: 377 mm \u0160\u00ed\u0159ka krabice [mm]: 148 mm V\u00fd\u0161ka krabice [mm]: 77 mm Proveden\u00ed: [&hellip;]<\/p>\n","protected":false},"featured_media":39993,"comment_status":"open","ping_status":"open","template":"","meta":[],"product_brand":[],"product_cat":[145],"product_tag":[],"class_list":{"0":"post-39893","1":"product","2":"type-product","3":"status-publish","4":"has-post-thumbnail","6":"product_cat-koupelny","8":"first","9":"instock","10":"sale","11":"shipping-taxable","12":"purchasable","13":"product-type-simple"},"yoast_head":"<!-- This site is optimized with the Yoast SEO plugin v26.8 - https:\/\/yoast.com\/product\/yoast-seo-wordpress\/ -->\n<title>Nejprod\u00e1van\u011bj\u0161\u00ed Novaservis Titania Lux Stoj\u00e1nkov\u00e1 d\u0159ezov\u00e1 baterie se sprchou 1081,0 -<\/title>\n<meta name=\"robots\" content=\"index, follow, max-snippet:-1, max-image-preview:large, max-video-preview:-1\" \/>\n<link rel=\"canonical\" href=\"https:\/\/www.koupelnapro.com\/index.php\/produkt\/nejprodavanejsi-novaservis-titania-lux-stojankova-drezova-baterie-se-sprchou-1081-0-39893\/\" \/>\n<meta property=\"og:locale\" content=\"cs_CZ\" \/>\n<meta property=\"og:type\" content=\"article\" \/>\n<meta property=\"og:title\" content=\"Nejprod\u00e1van\u011bj\u0161\u00ed Novaservis Titania Lux Stoj\u00e1nkov\u00e1 d\u0159ezov\u00e1 baterie se sprchou 1081,0 -\" \/>\n<meta property=\"og:description\" content=\"Popis produktu Novaservis Titania Lux Stoj\u00e1nkov\u00e1 d\u0159ezov\u00e1 baterie se sprchou 1081,0 Kvalitn\u00ed a odoln\u00e1 keramick\u00e1 kartu\u0161e 40 mm s\u00a0prodlou\u017eenou z\u00e1rukou\u00a05\u00a0let. Prvot\u0159\u00eddn\u00ed chromov\u00e9 proveden\u00ed. Stoj\u00e1nkov\u00e1 teleskopick\u00e1 d\u0159ezov\u00e1 baterie s d\u00e9lkou hadice 150 cm a spr\u0161kou. Sou\u010d\u00e1st\u00ed balen\u00ed jsou p\u0159\u00edvodn\u00ed hadi\u010dky. Hloubka krabice [mm]: 377 mm \u0160\u00ed\u0159ka krabice [mm]: 148 mm V\u00fd\u0161ka krabice [mm]: 77 mm Proveden\u00ed: [&hellip;]\" \/>\n<meta property=\"og:url\" content=\"https:\/\/www.koupelnapro.com\/index.php\/produkt\/nejprodavanejsi-novaservis-titania-lux-stojankova-drezova-baterie-se-sprchou-1081-0-39893\/\" \/>\n<meta property=\"og:image\" content=\"https:\/\/www.koupelnapro.com\/wp-content\/uploads\/2026\/SK0003483-CZ20260425-092632-0-1777080397-novaservis-titania-lux-stojankova-drezova-baterie-se-sprcho.webp\" \/>\n\t<meta property=\"og:image:width\" content=\"600\" \/>\n\t<meta property=\"og:image:height\" content=\"336\" \/>\n\t<meta property=\"og:image:type\" content=\"image\/webp\" \/>\n<meta name=\"twitter:card\" content=\"summary_large_image\" \/>\n<meta name=\"twitter:label1\" content=\"Odhadovan\u00e1 doba \u010dten\u00ed\" \/>\n\t<meta name=\"twitter:data1\" content=\"1 minuta\" \/>\n<script type=\"application\/ld+json\" class=\"yoast-schema-graph\">{\"@context\":\"https:\/\/schema.org\",\"@graph\":[{\"@type\":\"WebPage\",\"@id\":\"https:\/\/www.koupelnapro.com\/index.php\/produkt\/nejprodavanejsi-novaservis-titania-lux-stojankova-drezova-baterie-se-sprchou-1081-0-39893\/\",\"url\":\"https:\/\/www.koupelnapro.com\/index.php\/produkt\/nejprodavanejsi-novaservis-titania-lux-stojankova-drezova-baterie-se-sprchou-1081-0-39893\/\",\"name\":\"Nejprod\u00e1van\u011bj\u0161\u00ed Novaservis Titania Lux Stoj\u00e1nkov\u00e1 d\u0159ezov\u00e1 baterie se sprchou 1081,0 -\",\"isPartOf\":{\"@id\":\"https:\/\/www.koupelnapro.com\/#website\"},\"primaryImageOfPage\":{\"@id\":\"https:\/\/www.koupelnapro.com\/index.php\/produkt\/nejprodavanejsi-novaservis-titania-lux-stojankova-drezova-baterie-se-sprchou-1081-0-39893\/#primaryimage\"},\"image\":{\"@id\":\"https:\/\/www.koupelnapro.com\/index.php\/produkt\/nejprodavanejsi-novaservis-titania-lux-stojankova-drezova-baterie-se-sprchou-1081-0-39893\/#primaryimage\"},\"thumbnailUrl\":\"https:\/\/www.koupelnapro.com\/wp-content\/uploads\/2026\/SK0003483-CZ20260425-092632-0-1777080397-novaservis-titania-lux-stojankova-drezova-baterie-se-sprcho.webp\",\"datePublished\":\"2026-04-26T09:15:56+00:00\",\"breadcrumb\":{\"@id\":\"https:\/\/www.koupelnapro.com\/index.php\/produkt\/nejprodavanejsi-novaservis-titania-lux-stojankova-drezova-baterie-se-sprchou-1081-0-39893\/#breadcrumb\"},\"inLanguage\":\"cs\",\"potentialAction\":[{\"@type\":\"ReadAction\",\"target\":[\"https:\/\/www.koupelnapro.com\/index.php\/produkt\/nejprodavanejsi-novaservis-titania-lux-stojankova-drezova-baterie-se-sprchou-1081-0-39893\/\"]}]},{\"@type\":\"ImageObject\",\"inLanguage\":\"cs\",\"@id\":\"https:\/\/www.koupelnapro.com\/index.php\/produkt\/nejprodavanejsi-novaservis-titania-lux-stojankova-drezova-baterie-se-sprchou-1081-0-39893\/#primaryimage\",\"url\":\"https:\/\/www.koupelnapro.com\/wp-content\/uploads\/2026\/SK0003483-CZ20260425-092632-0-1777080397-novaservis-titania-lux-stojankova-drezova-baterie-se-sprcho.webp\",\"contentUrl\":\"https:\/\/www.koupelnapro.com\/wp-content\/uploads\/2026\/SK0003483-CZ20260425-092632-0-1777080397-novaservis-titania-lux-stojankova-drezova-baterie-se-sprcho.webp\",\"width\":600,\"height\":336},{\"@type\":\"BreadcrumbList\",\"@id\":\"https:\/\/www.koupelnapro.com\/index.php\/produkt\/nejprodavanejsi-novaservis-titania-lux-stojankova-drezova-baterie-se-sprchou-1081-0-39893\/#breadcrumb\",\"itemListElement\":[{\"@type\":\"ListItem\",\"position\":1,\"name\":\"Home\",\"item\":\"https:\/\/www.koupelnapro.com\/\"},{\"@type\":\"ListItem\",\"position\":2,\"name\":\"Products\",\"item\":\"https:\/\/www.koupelnapro.com\/index.php\/products\/\"},{\"@type\":\"ListItem\",\"position\":3,\"name\":\"Nejprod\u00e1van\u011bj\u0161\u00ed Novaservis Titania Lux Stoj\u00e1nkov\u00e1 d\u0159ezov\u00e1 baterie se sprchou 1081,0\"}]},{\"@type\":\"WebSite\",\"@id\":\"https:\/\/www.koupelnapro.com\/#website\",\"url\":\"https:\/\/www.koupelnapro.com\/\",\"name\":\"\",\"description\":\"\",\"potentialAction\":[{\"@type\":\"SearchAction\",\"target\":{\"@type\":\"EntryPoint\",\"urlTemplate\":\"https:\/\/www.koupelnapro.com\/?s={search_term_string}\"},\"query-input\":{\"@type\":\"PropertyValueSpecification\",\"valueRequired\":true,\"valueName\":\"search_term_string\"}}],\"inLanguage\":\"cs\"}]}<\/script>\n<!-- \/ Yoast SEO plugin. -->","yoast_head_json":{"title":"Nejprod\u00e1van\u011bj\u0161\u00ed Novaservis Titania Lux Stoj\u00e1nkov\u00e1 d\u0159ezov\u00e1 baterie se sprchou 1081,0 -","robots":{"index":"index","follow":"follow","max-snippet":"max-snippet:-1","max-image-preview":"max-image-preview:large","max-video-preview":"max-video-preview:-1"},"canonical":"https:\/\/www.koupelnapro.com\/index.php\/produkt\/nejprodavanejsi-novaservis-titania-lux-stojankova-drezova-baterie-se-sprchou-1081-0-39893\/","og_locale":"cs_CZ","og_type":"article","og_title":"Nejprod\u00e1van\u011bj\u0161\u00ed Novaservis Titania Lux Stoj\u00e1nkov\u00e1 d\u0159ezov\u00e1 baterie se sprchou 1081,0 -","og_description":"Popis produktu Novaservis Titania Lux Stoj\u00e1nkov\u00e1 d\u0159ezov\u00e1 baterie se sprchou 1081,0 Kvalitn\u00ed a odoln\u00e1 keramick\u00e1 kartu\u0161e 40 mm s\u00a0prodlou\u017eenou z\u00e1rukou\u00a05\u00a0let. Prvot\u0159\u00eddn\u00ed chromov\u00e9 proveden\u00ed. Stoj\u00e1nkov\u00e1 teleskopick\u00e1 d\u0159ezov\u00e1 baterie s d\u00e9lkou hadice 150 cm a spr\u0161kou. Sou\u010d\u00e1st\u00ed balen\u00ed jsou p\u0159\u00edvodn\u00ed hadi\u010dky. Hloubka krabice [mm]: 377 mm \u0160\u00ed\u0159ka krabice [mm]: 148 mm V\u00fd\u0161ka krabice [mm]: 77 mm Proveden\u00ed: [&hellip;]","og_url":"https:\/\/www.koupelnapro.com\/index.php\/produkt\/nejprodavanejsi-novaservis-titania-lux-stojankova-drezova-baterie-se-sprchou-1081-0-39893\/","og_image":[{"width":600,"height":336,"url":"https:\/\/www.koupelnapro.com\/wp-content\/uploads\/2026\/SK0003483-CZ20260425-092632-0-1777080397-novaservis-titania-lux-stojankova-drezova-baterie-se-sprcho.webp","type":"image\/webp"}],"twitter_card":"summary_large_image","twitter_misc":{"Odhadovan\u00e1 doba \u010dten\u00ed":"1 minuta"},"schema":{"@context":"https:\/\/schema.org","@graph":[{"@type":"WebPage","@id":"https:\/\/www.koupelnapro.com\/index.php\/produkt\/nejprodavanejsi-novaservis-titania-lux-stojankova-drezova-baterie-se-sprchou-1081-0-39893\/","url":"https:\/\/www.koupelnapro.com\/index.php\/produkt\/nejprodavanejsi-novaservis-titania-lux-stojankova-drezova-baterie-se-sprchou-1081-0-39893\/","name":"Nejprod\u00e1van\u011bj\u0161\u00ed Novaservis Titania Lux Stoj\u00e1nkov\u00e1 d\u0159ezov\u00e1 baterie se sprchou 1081,0 -","isPartOf":{"@id":"https:\/\/www.koupelnapro.com\/#website"},"primaryImageOfPage":{"@id":"https:\/\/www.koupelnapro.com\/index.php\/produkt\/nejprodavanejsi-novaservis-titania-lux-stojankova-drezova-baterie-se-sprchou-1081-0-39893\/#primaryimage"},"image":{"@id":"https:\/\/www.koupelnapro.com\/index.php\/produkt\/nejprodavanejsi-novaservis-titania-lux-stojankova-drezova-baterie-se-sprchou-1081-0-39893\/#primaryimage"},"thumbnailUrl":"https:\/\/www.koupelnapro.com\/wp-content\/uploads\/2026\/SK0003483-CZ20260425-092632-0-1777080397-novaservis-titania-lux-stojankova-drezova-baterie-se-sprcho.webp","datePublished":"2026-04-26T09:15:56+00:00","breadcrumb":{"@id":"https:\/\/www.koupelnapro.com\/index.php\/produkt\/nejprodavanejsi-novaservis-titania-lux-stojankova-drezova-baterie-se-sprchou-1081-0-39893\/#breadcrumb"},"inLanguage":"cs","potentialAction":[{"@type":"ReadAction","target":["https:\/\/www.koupelnapro.com\/index.php\/produkt\/nejprodavanejsi-novaservis-titania-lux-stojankova-drezova-baterie-se-sprchou-1081-0-39893\/"]}]},{"@type":"ImageObject","inLanguage":"cs","@id":"https:\/\/www.koupelnapro.com\/index.php\/produkt\/nejprodavanejsi-novaservis-titania-lux-stojankova-drezova-baterie-se-sprchou-1081-0-39893\/#primaryimage","url":"https:\/\/www.koupelnapro.com\/wp-content\/uploads\/2026\/SK0003483-CZ20260425-092632-0-1777080397-novaservis-titania-lux-stojankova-drezova-baterie-se-sprcho.webp","contentUrl":"https:\/\/www.koupelnapro.com\/wp-content\/uploads\/2026\/SK0003483-CZ20260425-092632-0-1777080397-novaservis-titania-lux-stojankova-drezova-baterie-se-sprcho.webp","width":600,"height":336},{"@type":"BreadcrumbList","@id":"https:\/\/www.koupelnapro.com\/index.php\/produkt\/nejprodavanejsi-novaservis-titania-lux-stojankova-drezova-baterie-se-sprchou-1081-0-39893\/#breadcrumb","itemListElement":[{"@type":"ListItem","position":1,"name":"Home","item":"https:\/\/www.koupelnapro.com\/"},{"@type":"ListItem","position":2,"name":"Products","item":"https:\/\/www.koupelnapro.com\/index.php\/products\/"},{"@type":"ListItem","position":3,"name":"Nejprod\u00e1van\u011bj\u0161\u00ed Novaservis Titania Lux Stoj\u00e1nkov\u00e1 d\u0159ezov\u00e1 baterie se sprchou 1081,0"}]},{"@type":"WebSite","@id":"https:\/\/www.koupelnapro.com\/#website","url":"https:\/\/www.koupelnapro.com\/","name":"","description":"","potentialAction":[{"@type":"SearchAction","target":{"@type":"EntryPoint","urlTemplate":"https:\/\/www.koupelnapro.com\/?s={search_term_string}"},"query-input":{"@type":"PropertyValueSpecification","valueRequired":true,"valueName":"search_term_string"}}],"inLanguage":"cs"}]}},"_links":{"self":[{"href":"https:\/\/www.koupelnapro.com\/index.php\/wp-json\/wp\/v2\/product\/39893","targetHints":{"allow":["GET"]}}],"collection":[{"href":"https:\/\/www.koupelnapro.com\/index.php\/wp-json\/wp\/v2\/product"}],"about":[{"href":"https:\/\/www.koupelnapro.com\/index.php\/wp-json\/wp\/v2\/types\/product"}],"replies":[{"embeddable":true,"href":"https:\/\/www.koupelnapro.com\/index.php\/wp-json\/wp\/v2\/comments?post=39893"}],"wp:featuredmedia":[{"embeddable":true,"href":"https:\/\/www.koupelnapro.com\/index.php\/wp-json\/wp\/v2\/media\/39993"}],"wp:attachment":[{"href":"https:\/\/www.koupelnapro.com\/index.php\/wp-json\/wp\/v2\/media?parent=39893"}],"wp:term":[{"taxonomy":"product_brand","embeddable":true,"href":"https:\/\/www.koupelnapro.com\/index.php\/wp-json\/wp\/v2\/product_brand?post=39893"},{"taxonomy":"product_cat","embeddable":true,"href":"https:\/\/www.koupelnapro.com\/index.php\/wp-json\/wp\/v2\/product_cat?post=39893"},{"taxonomy":"product_tag","embeddable":true,"href":"https:\/\/www.koupelnapro.com\/index.php\/wp-json\/wp\/v2\/product_tag?post=39893"}],"curies":[{"name":"wp","href":"https:\/\/api.w.org\/{rel}","templated":true}]}}