{"id":39891,"date":"2026-04-26T09:15:56","date_gmt":"2026-04-26T09:15:56","guid":{"rendered":""},"modified":"2026-04-26T09:15:56","modified_gmt":"2026-04-26T09:15:56","slug":"novaservis-titania-iris-stojankova-umyvadlova-baterie-na-studenou-vodu-92009-1-0-omezena-nabidka-39891","status":"publish","type":"product","link":"https:\/\/www.koupelnapro.com\/index.php\/produkt\/novaservis-titania-iris-stojankova-umyvadlova-baterie-na-studenou-vodu-92009-1-0-omezena-nabidka-39891\/","title":{"rendered":"Novaservis Titania Iris Stoj\u00e1nkov\u00e1 umyvadlov\u00e1 baterie na studenou vodu 92009\/1,0 Omezen\u00e1 Nab\u00eddka"},"content":{"rendered":"<div class=\"ProductDetail-content NoFixImageContainer\" id=\"productDescription\">\n<div class=\"Heading\">\n<h2 class=\"Heading-title\">Popis produktu <span class=''>Novaservis Titania Iris Stoj\u00e1nkov\u00e1 umyvadlov\u00e1 baterie na studenou vodu 92009\/1,0<\/span><\/h2>\n<\/p><\/div>\n<div class=\"ProductDetailContent\">                                                                    <\/div>\n<div class=\"ProductDetailContent\">\n<div class=\"ProductDetailContent-item\">                                            Nejprod\u00e1van\u011bj\u0161\u00ed vodovodn\u00ed baterie TITANIA IRIS. Dlouhodob\u00e1 jedni\u010dka na trhu s ov\u011b\u0159enou kvalitou a klasick\u00fdm designem za \u00fa\u017easnou cenu. <\/p>\n<p>Servis a\u017e k v\u00e1m dom\u016f za 199,-.                                        <\/p><\/div>\n<div class=\"ProductDetailContent-item\">                                            Kvalitn\u00ed a odoln\u00e1 keramick\u00e1 kartu\u0161e 35 mm <b>s\u00a0prodlou\u017eenou z\u00e1rukou\u00a05\u00a0let<\/b>. Prvot\u0159\u00eddn\u00ed chromov\u00e9 proveden\u00ed. Umyvadlov\u00e1 baterie pouze na studenou (sm\u00ed\u0161enou) vodu &#8211; bez uz\u00e1v\u011bru v\u00fdpusti. Sou\u010d\u00e1st\u00ed baterie je p\u0159\u00edvodn\u00ed hadi\u010dka M12x3\/8\u201c.                                        <\/div>\n<div class=\"ProductDetailContent-item\">\n<ul>\n<li>Hloubka krabice [mm]: <strong>362 mm<\/strong><\/li>\n<li>\u0160\u00ed\u0159ka krabice [mm]: <strong>115 mm<\/strong><\/li>\n<li>V\u00fd\u0161ka krabice [mm]: <strong>68 mm<\/strong><\/li>\n<li>Proveden\u00ed: <strong>chrom<\/strong><\/li>\n<li>V\u00fd\u0161ka [mm]: <strong>120 mm<\/strong><\/li>\n<li>\u0160\u00ed\u0159ka [mm]: <strong>45 mm<\/strong><\/li>\n<li>Hloubka [mm]: <strong>140 mm<\/strong><\/li>\n<li>Z\u00e1ruka na t\u011bsnost kartu\u0161e [rok]: <strong>5 rok<\/strong><\/li>\n<li>Pr\u016ftok vody p\u0159i dynamick\u00e9m tlaku 3 bary [l\/min]: <strong>14.4 l\/min<\/strong><\/li>\n<li>Typ kartu\u0161e: <strong>35 mm<\/strong><\/li>\n<li>Typ ramene: <strong>pevn\u00e9<\/strong><\/li>\n<li>Pr\u016ftok vody p\u0159i dynamick\u00e9m tlaku 3 bary [l\/min]: <strong>14.4 l\/min<\/strong><\/li>\n<\/ul><\/div>\n<\/p><\/div>\n<\/p><\/div>\n<\/p><\/div>\n<\/p><\/div>\n","protected":false},"excerpt":{"rendered":"<p>Popis produktu Novaservis Titania Iris Stoj\u00e1nkov\u00e1 umyvadlov\u00e1 baterie na studenou vodu 92009\/1,0 Nejprod\u00e1van\u011bj\u0161\u00ed vodovodn\u00ed baterie TITANIA IRIS. Dlouhodob\u00e1 jedni\u010dka na trhu s ov\u011b\u0159enou kvalitou a klasick\u00fdm designem za \u00fa\u017easnou cenu. Servis a\u017e k v\u00e1m dom\u016f za 199,-. Kvalitn\u00ed a odoln\u00e1 keramick\u00e1 kartu\u0161e 35 mm s\u00a0prodlou\u017eenou z\u00e1rukou\u00a05\u00a0let. Prvot\u0159\u00eddn\u00ed chromov\u00e9 proveden\u00ed. Umyvadlov\u00e1 baterie pouze na studenou (sm\u00ed\u0161enou) [&hellip;]<\/p>\n","protected":false},"featured_media":39991,"comment_status":"open","ping_status":"open","template":"","meta":[],"product_brand":[],"product_cat":[145],"product_tag":[],"class_list":{"0":"post-39891","1":"product","2":"type-product","3":"status-publish","4":"has-post-thumbnail","6":"product_cat-koupelny","8":"first","9":"instock","10":"sale","11":"shipping-taxable","12":"purchasable","13":"product-type-simple"},"yoast_head":"<!-- This site is optimized with the Yoast SEO plugin v26.8 - https:\/\/yoast.com\/product\/yoast-seo-wordpress\/ -->\n<title>Novaservis Titania Iris Stoj\u00e1nkov\u00e1 umyvadlov\u00e1 baterie na studenou vodu 92009\/1,0 Omezen\u00e1 Nab\u00eddka -<\/title>\n<meta name=\"robots\" content=\"index, follow, max-snippet:-1, max-image-preview:large, max-video-preview:-1\" \/>\n<link rel=\"canonical\" href=\"https:\/\/www.koupelnapro.com\/index.php\/produkt\/novaservis-titania-iris-stojankova-umyvadlova-baterie-na-studenou-vodu-92009-1-0-omezena-nabidka-39891\/\" \/>\n<meta property=\"og:locale\" content=\"cs_CZ\" \/>\n<meta property=\"og:type\" content=\"article\" \/>\n<meta property=\"og:title\" content=\"Novaservis Titania Iris Stoj\u00e1nkov\u00e1 umyvadlov\u00e1 baterie na studenou vodu 92009\/1,0 Omezen\u00e1 Nab\u00eddka -\" \/>\n<meta property=\"og:description\" content=\"Popis produktu Novaservis Titania Iris Stoj\u00e1nkov\u00e1 umyvadlov\u00e1 baterie na studenou vodu 92009\/1,0 Nejprod\u00e1van\u011bj\u0161\u00ed vodovodn\u00ed baterie TITANIA IRIS. Dlouhodob\u00e1 jedni\u010dka na trhu s ov\u011b\u0159enou kvalitou a klasick\u00fdm designem za \u00fa\u017easnou cenu. Servis a\u017e k v\u00e1m dom\u016f za 199,-. Kvalitn\u00ed a odoln\u00e1 keramick\u00e1 kartu\u0161e 35 mm s\u00a0prodlou\u017eenou z\u00e1rukou\u00a05\u00a0let. Prvot\u0159\u00eddn\u00ed chromov\u00e9 proveden\u00ed. Umyvadlov\u00e1 baterie pouze na studenou (sm\u00ed\u0161enou) [&hellip;]\" \/>\n<meta property=\"og:url\" content=\"https:\/\/www.koupelnapro.com\/index.php\/produkt\/novaservis-titania-iris-stojankova-umyvadlova-baterie-na-studenou-vodu-92009-1-0-omezena-nabidka-39891\/\" \/>\n<meta property=\"og:image\" content=\"https:\/\/www.koupelnapro.com\/wp-content\/uploads\/2026\/SK0003481-CZ20260425-092632-0-1777080397-novaservis-titania-iris-stojankova-umyvadlova-baterie-na-st.webp\" \/>\n\t<meta property=\"og:image:width\" content=\"600\" \/>\n\t<meta property=\"og:image:height\" content=\"534\" \/>\n\t<meta property=\"og:image:type\" content=\"image\/webp\" \/>\n<meta name=\"twitter:card\" content=\"summary_large_image\" \/>\n<meta name=\"twitter:label1\" content=\"Odhadovan\u00e1 doba \u010dten\u00ed\" \/>\n\t<meta name=\"twitter:data1\" content=\"1 minuta\" \/>\n<script type=\"application\/ld+json\" class=\"yoast-schema-graph\">{\"@context\":\"https:\/\/schema.org\",\"@graph\":[{\"@type\":\"WebPage\",\"@id\":\"https:\/\/www.koupelnapro.com\/index.php\/produkt\/novaservis-titania-iris-stojankova-umyvadlova-baterie-na-studenou-vodu-92009-1-0-omezena-nabidka-39891\/\",\"url\":\"https:\/\/www.koupelnapro.com\/index.php\/produkt\/novaservis-titania-iris-stojankova-umyvadlova-baterie-na-studenou-vodu-92009-1-0-omezena-nabidka-39891\/\",\"name\":\"Novaservis Titania Iris Stoj\u00e1nkov\u00e1 umyvadlov\u00e1 baterie na studenou vodu 92009\/1,0 Omezen\u00e1 Nab\u00eddka -\",\"isPartOf\":{\"@id\":\"https:\/\/www.koupelnapro.com\/#website\"},\"primaryImageOfPage\":{\"@id\":\"https:\/\/www.koupelnapro.com\/index.php\/produkt\/novaservis-titania-iris-stojankova-umyvadlova-baterie-na-studenou-vodu-92009-1-0-omezena-nabidka-39891\/#primaryimage\"},\"image\":{\"@id\":\"https:\/\/www.koupelnapro.com\/index.php\/produkt\/novaservis-titania-iris-stojankova-umyvadlova-baterie-na-studenou-vodu-92009-1-0-omezena-nabidka-39891\/#primaryimage\"},\"thumbnailUrl\":\"https:\/\/www.koupelnapro.com\/wp-content\/uploads\/2026\/SK0003481-CZ20260425-092632-0-1777080397-novaservis-titania-iris-stojankova-umyvadlova-baterie-na-st.webp\",\"datePublished\":\"2026-04-26T09:15:56+00:00\",\"breadcrumb\":{\"@id\":\"https:\/\/www.koupelnapro.com\/index.php\/produkt\/novaservis-titania-iris-stojankova-umyvadlova-baterie-na-studenou-vodu-92009-1-0-omezena-nabidka-39891\/#breadcrumb\"},\"inLanguage\":\"cs\",\"potentialAction\":[{\"@type\":\"ReadAction\",\"target\":[\"https:\/\/www.koupelnapro.com\/index.php\/produkt\/novaservis-titania-iris-stojankova-umyvadlova-baterie-na-studenou-vodu-92009-1-0-omezena-nabidka-39891\/\"]}]},{\"@type\":\"ImageObject\",\"inLanguage\":\"cs\",\"@id\":\"https:\/\/www.koupelnapro.com\/index.php\/produkt\/novaservis-titania-iris-stojankova-umyvadlova-baterie-na-studenou-vodu-92009-1-0-omezena-nabidka-39891\/#primaryimage\",\"url\":\"https:\/\/www.koupelnapro.com\/wp-content\/uploads\/2026\/SK0003481-CZ20260425-092632-0-1777080397-novaservis-titania-iris-stojankova-umyvadlova-baterie-na-st.webp\",\"contentUrl\":\"https:\/\/www.koupelnapro.com\/wp-content\/uploads\/2026\/SK0003481-CZ20260425-092632-0-1777080397-novaservis-titania-iris-stojankova-umyvadlova-baterie-na-st.webp\",\"width\":600,\"height\":534},{\"@type\":\"BreadcrumbList\",\"@id\":\"https:\/\/www.koupelnapro.com\/index.php\/produkt\/novaservis-titania-iris-stojankova-umyvadlova-baterie-na-studenou-vodu-92009-1-0-omezena-nabidka-39891\/#breadcrumb\",\"itemListElement\":[{\"@type\":\"ListItem\",\"position\":1,\"name\":\"Home\",\"item\":\"https:\/\/www.koupelnapro.com\/\"},{\"@type\":\"ListItem\",\"position\":2,\"name\":\"Products\",\"item\":\"https:\/\/www.koupelnapro.com\/index.php\/products\/\"},{\"@type\":\"ListItem\",\"position\":3,\"name\":\"Novaservis Titania Iris Stoj\u00e1nkov\u00e1 umyvadlov\u00e1 baterie na studenou vodu 92009\/1,0 Omezen\u00e1 Nab\u00eddka\"}]},{\"@type\":\"WebSite\",\"@id\":\"https:\/\/www.koupelnapro.com\/#website\",\"url\":\"https:\/\/www.koupelnapro.com\/\",\"name\":\"\",\"description\":\"\",\"potentialAction\":[{\"@type\":\"SearchAction\",\"target\":{\"@type\":\"EntryPoint\",\"urlTemplate\":\"https:\/\/www.koupelnapro.com\/?s={search_term_string}\"},\"query-input\":{\"@type\":\"PropertyValueSpecification\",\"valueRequired\":true,\"valueName\":\"search_term_string\"}}],\"inLanguage\":\"cs\"}]}<\/script>\n<!-- \/ Yoast SEO plugin. -->","yoast_head_json":{"title":"Novaservis Titania Iris Stoj\u00e1nkov\u00e1 umyvadlov\u00e1 baterie na studenou vodu 92009\/1,0 Omezen\u00e1 Nab\u00eddka -","robots":{"index":"index","follow":"follow","max-snippet":"max-snippet:-1","max-image-preview":"max-image-preview:large","max-video-preview":"max-video-preview:-1"},"canonical":"https:\/\/www.koupelnapro.com\/index.php\/produkt\/novaservis-titania-iris-stojankova-umyvadlova-baterie-na-studenou-vodu-92009-1-0-omezena-nabidka-39891\/","og_locale":"cs_CZ","og_type":"article","og_title":"Novaservis Titania Iris Stoj\u00e1nkov\u00e1 umyvadlov\u00e1 baterie na studenou vodu 92009\/1,0 Omezen\u00e1 Nab\u00eddka -","og_description":"Popis produktu Novaservis Titania Iris Stoj\u00e1nkov\u00e1 umyvadlov\u00e1 baterie na studenou vodu 92009\/1,0 Nejprod\u00e1van\u011bj\u0161\u00ed vodovodn\u00ed baterie TITANIA IRIS. Dlouhodob\u00e1 jedni\u010dka na trhu s ov\u011b\u0159enou kvalitou a klasick\u00fdm designem za \u00fa\u017easnou cenu. Servis a\u017e k v\u00e1m dom\u016f za 199,-. Kvalitn\u00ed a odoln\u00e1 keramick\u00e1 kartu\u0161e 35 mm s\u00a0prodlou\u017eenou z\u00e1rukou\u00a05\u00a0let. Prvot\u0159\u00eddn\u00ed chromov\u00e9 proveden\u00ed. Umyvadlov\u00e1 baterie pouze na studenou (sm\u00ed\u0161enou) [&hellip;]","og_url":"https:\/\/www.koupelnapro.com\/index.php\/produkt\/novaservis-titania-iris-stojankova-umyvadlova-baterie-na-studenou-vodu-92009-1-0-omezena-nabidka-39891\/","og_image":[{"width":600,"height":534,"url":"https:\/\/www.koupelnapro.com\/wp-content\/uploads\/2026\/SK0003481-CZ20260425-092632-0-1777080397-novaservis-titania-iris-stojankova-umyvadlova-baterie-na-st.webp","type":"image\/webp"}],"twitter_card":"summary_large_image","twitter_misc":{"Odhadovan\u00e1 doba \u010dten\u00ed":"1 minuta"},"schema":{"@context":"https:\/\/schema.org","@graph":[{"@type":"WebPage","@id":"https:\/\/www.koupelnapro.com\/index.php\/produkt\/novaservis-titania-iris-stojankova-umyvadlova-baterie-na-studenou-vodu-92009-1-0-omezena-nabidka-39891\/","url":"https:\/\/www.koupelnapro.com\/index.php\/produkt\/novaservis-titania-iris-stojankova-umyvadlova-baterie-na-studenou-vodu-92009-1-0-omezena-nabidka-39891\/","name":"Novaservis Titania Iris Stoj\u00e1nkov\u00e1 umyvadlov\u00e1 baterie na studenou vodu 92009\/1,0 Omezen\u00e1 Nab\u00eddka -","isPartOf":{"@id":"https:\/\/www.koupelnapro.com\/#website"},"primaryImageOfPage":{"@id":"https:\/\/www.koupelnapro.com\/index.php\/produkt\/novaservis-titania-iris-stojankova-umyvadlova-baterie-na-studenou-vodu-92009-1-0-omezena-nabidka-39891\/#primaryimage"},"image":{"@id":"https:\/\/www.koupelnapro.com\/index.php\/produkt\/novaservis-titania-iris-stojankova-umyvadlova-baterie-na-studenou-vodu-92009-1-0-omezena-nabidka-39891\/#primaryimage"},"thumbnailUrl":"https:\/\/www.koupelnapro.com\/wp-content\/uploads\/2026\/SK0003481-CZ20260425-092632-0-1777080397-novaservis-titania-iris-stojankova-umyvadlova-baterie-na-st.webp","datePublished":"2026-04-26T09:15:56+00:00","breadcrumb":{"@id":"https:\/\/www.koupelnapro.com\/index.php\/produkt\/novaservis-titania-iris-stojankova-umyvadlova-baterie-na-studenou-vodu-92009-1-0-omezena-nabidka-39891\/#breadcrumb"},"inLanguage":"cs","potentialAction":[{"@type":"ReadAction","target":["https:\/\/www.koupelnapro.com\/index.php\/produkt\/novaservis-titania-iris-stojankova-umyvadlova-baterie-na-studenou-vodu-92009-1-0-omezena-nabidka-39891\/"]}]},{"@type":"ImageObject","inLanguage":"cs","@id":"https:\/\/www.koupelnapro.com\/index.php\/produkt\/novaservis-titania-iris-stojankova-umyvadlova-baterie-na-studenou-vodu-92009-1-0-omezena-nabidka-39891\/#primaryimage","url":"https:\/\/www.koupelnapro.com\/wp-content\/uploads\/2026\/SK0003481-CZ20260425-092632-0-1777080397-novaservis-titania-iris-stojankova-umyvadlova-baterie-na-st.webp","contentUrl":"https:\/\/www.koupelnapro.com\/wp-content\/uploads\/2026\/SK0003481-CZ20260425-092632-0-1777080397-novaservis-titania-iris-stojankova-umyvadlova-baterie-na-st.webp","width":600,"height":534},{"@type":"BreadcrumbList","@id":"https:\/\/www.koupelnapro.com\/index.php\/produkt\/novaservis-titania-iris-stojankova-umyvadlova-baterie-na-studenou-vodu-92009-1-0-omezena-nabidka-39891\/#breadcrumb","itemListElement":[{"@type":"ListItem","position":1,"name":"Home","item":"https:\/\/www.koupelnapro.com\/"},{"@type":"ListItem","position":2,"name":"Products","item":"https:\/\/www.koupelnapro.com\/index.php\/products\/"},{"@type":"ListItem","position":3,"name":"Novaservis Titania Iris Stoj\u00e1nkov\u00e1 umyvadlov\u00e1 baterie na studenou vodu 92009\/1,0 Omezen\u00e1 Nab\u00eddka"}]},{"@type":"WebSite","@id":"https:\/\/www.koupelnapro.com\/#website","url":"https:\/\/www.koupelnapro.com\/","name":"","description":"","potentialAction":[{"@type":"SearchAction","target":{"@type":"EntryPoint","urlTemplate":"https:\/\/www.koupelnapro.com\/?s={search_term_string}"},"query-input":{"@type":"PropertyValueSpecification","valueRequired":true,"valueName":"search_term_string"}}],"inLanguage":"cs"}]}},"_links":{"self":[{"href":"https:\/\/www.koupelnapro.com\/index.php\/wp-json\/wp\/v2\/product\/39891","targetHints":{"allow":["GET"]}}],"collection":[{"href":"https:\/\/www.koupelnapro.com\/index.php\/wp-json\/wp\/v2\/product"}],"about":[{"href":"https:\/\/www.koupelnapro.com\/index.php\/wp-json\/wp\/v2\/types\/product"}],"replies":[{"embeddable":true,"href":"https:\/\/www.koupelnapro.com\/index.php\/wp-json\/wp\/v2\/comments?post=39891"}],"wp:featuredmedia":[{"embeddable":true,"href":"https:\/\/www.koupelnapro.com\/index.php\/wp-json\/wp\/v2\/media\/39991"}],"wp:attachment":[{"href":"https:\/\/www.koupelnapro.com\/index.php\/wp-json\/wp\/v2\/media?parent=39891"}],"wp:term":[{"taxonomy":"product_brand","embeddable":true,"href":"https:\/\/www.koupelnapro.com\/index.php\/wp-json\/wp\/v2\/product_brand?post=39891"},{"taxonomy":"product_cat","embeddable":true,"href":"https:\/\/www.koupelnapro.com\/index.php\/wp-json\/wp\/v2\/product_cat?post=39891"},{"taxonomy":"product_tag","embeddable":true,"href":"https:\/\/www.koupelnapro.com\/index.php\/wp-json\/wp\/v2\/product_tag?post=39891"}],"curies":[{"name":"wp","href":"https:\/\/api.w.org\/{rel}","templated":true}]}}