{"id":39787,"date":"2026-04-26T09:15:55","date_gmt":"2026-04-26T09:15:55","guid":{"rendered":""},"modified":"2026-04-26T09:15:55","modified_gmt":"2026-04-26T09:15:55","slug":"akcni-cena-novaservis-metalia-56-drezova-baterie-150mm-eko-kartuse-chrom-56070-0-39787","status":"publish","type":"product","link":"https:\/\/www.koupelnapro.com\/index.php\/produkt\/akcni-cena-novaservis-metalia-56-drezova-baterie-150mm-eko-kartuse-chrom-56070-0-39787\/","title":{"rendered":"Ak\u010dn\u00ed Cena Novaservis Metalia 56 D\u0159ezov\u00e1 baterie 150mm eko kartu\u0161e chrom 56070,0"},"content":{"rendered":"<div class=\"ProductDetail-content NoFixImageContainer\" id=\"productDescription\">\n<div class=\"Heading\">\n<h2 class=\"Heading-title\">Popis produktu <span class=''>Novaservis Metalia 56 D\u0159ezov\u00e1 baterie 150mm eko kartu\u0161e chrom 56070,0<\/span><\/h2>\n<\/p><\/div>\n<div class=\"ProductDetailContent\">                                                                    <\/div>\n<div class=\"ProductDetailContent\">\n<div class=\"ProductDetailContent-item\">                                            Kvalitn\u00ed a odoln\u00e1 2-polohov\u00e1 keramick\u00e1 EKO kartu\u0161e KEROX 40 mm <b>s\u00a0prodlou\u017eenou z\u00e1rukou\u00a07\u00a0let<\/b>. Prvot\u0159\u00eddn\u00ed chromov\u00e9 proveden\u00ed. D\u0159ezov\u00e1, n\u00e1st\u011bnn\u00e1 baterie s rozte\u010d\u00ed 150 mm a oto\u010dn\u00fdm ramenem s d\u00e9lkou 255 mm.                                        <\/div>\n<div class=\"ProductDetailContent-item\">\n<ul>\n<li>Hloubka krabice [mm]: <strong>405 mm<\/strong><\/li>\n<li>\u0160\u00ed\u0159ka krabice [mm]: <strong>155 mm<\/strong><\/li>\n<li>V\u00fd\u0161ka krabice [mm]: <strong>84 mm<\/strong><\/li>\n<li>Proveden\u00ed: <strong>chrom<\/strong><\/li>\n<li>V\u00fd\u0161ka [mm]: <strong>145 mm<\/strong><\/li>\n<li>\u0160\u00ed\u0159ka [mm]: <strong>212 mm<\/strong><\/li>\n<li>Hloubka [mm]: <strong>280 mm<\/strong><\/li>\n<li>Z\u00e1ruka na t\u011bsnost kartu\u0161e [rok]: <strong>7 rok<\/strong><\/li>\n<li>Rozte\u010d baterie [mm]: <strong>150 mm<\/strong><\/li>\n<li>Typ kartu\u0161e: <strong>40 mm eco<\/strong><\/li>\n<li>Typ ramene: <strong>240 mm<\/strong><\/li>\n<li>P\u0159\u00edslu\u0161enstv\u00ed: <strong>kompletn\u00ed<\/strong><\/li>\n<li>Typ p\u0159ipojen\u00ed: <strong>3\/4&#8243;<\/strong><\/li>\n<li>Ovl\u00e1dac\u00ed prvek: <strong>keramick\u00fd regul\u00e1tor<\/strong><\/li>\n<li>Materi\u00e1l t\u011bla\/materi\u00e1l proveden\u00ed: <strong>Mosaz<\/strong><\/li>\n<li>Typ a pr\u016fm\u011br p\u0159ipojen\u00ed: <strong>Excentr G1\/2&#8243;<\/strong><\/li>\n<li>Rozte\u010d p\u0159ipojen\u00ed [mm]: <strong>150 \u00b1 20  mm<\/strong><\/li>\n<\/ul><\/div>\n<div class=\"ProductDetailContent-item\">                                            Robustn\u00ed t\u011blo a luxusn\u00ed design vystihuj\u00ed \u0159adu METALIA 56. Nejprod\u00e1van\u011bj\u0161\u00ed \u010desk\u00e9 vodovodn\u00ed baterie METALIA. Vysok\u00e1 kvalita, modern\u00ed design, funk\u010dnost a u\u017eivatelsk\u00fd komfort v jednom.<\/p><\/div>\n<\/p><\/div>\n<\/p><\/div>\n<\/p><\/div>\n<\/p><\/div>\n","protected":false},"excerpt":{"rendered":"<p>Popis produktu Novaservis Metalia 56 D\u0159ezov\u00e1 baterie 150mm eko kartu\u0161e chrom 56070,0 Kvalitn\u00ed a odoln\u00e1 2-polohov\u00e1 keramick\u00e1 EKO kartu\u0161e KEROX 40 mm s\u00a0prodlou\u017eenou z\u00e1rukou\u00a07\u00a0let. Prvot\u0159\u00eddn\u00ed chromov\u00e9 proveden\u00ed. D\u0159ezov\u00e1, n\u00e1st\u011bnn\u00e1 baterie s rozte\u010d\u00ed 150 mm a oto\u010dn\u00fdm ramenem s d\u00e9lkou 255 mm. Hloubka krabice [mm]: 405 mm \u0160\u00ed\u0159ka krabice [mm]: 155 mm V\u00fd\u0161ka krabice [mm]: 84 [&hellip;]<\/p>\n","protected":false},"featured_media":39887,"comment_status":"open","ping_status":"open","template":"","meta":[],"product_brand":[],"product_cat":[145],"product_tag":[],"class_list":{"0":"post-39787","1":"product","2":"type-product","3":"status-publish","4":"has-post-thumbnail","6":"product_cat-koupelny","8":"first","9":"instock","10":"sale","11":"shipping-taxable","12":"purchasable","13":"product-type-simple"},"yoast_head":"<!-- This site is optimized with the Yoast SEO plugin v26.8 - https:\/\/yoast.com\/product\/yoast-seo-wordpress\/ -->\n<title>Ak\u010dn\u00ed Cena Novaservis Metalia 56 D\u0159ezov\u00e1 baterie 150mm eko kartu\u0161e chrom 56070,0 -<\/title>\n<meta name=\"robots\" content=\"index, follow, max-snippet:-1, max-image-preview:large, max-video-preview:-1\" \/>\n<link rel=\"canonical\" href=\"https:\/\/www.koupelnapro.com\/index.php\/produkt\/akcni-cena-novaservis-metalia-56-drezova-baterie-150mm-eko-kartuse-chrom-56070-0-39787\/\" \/>\n<meta property=\"og:locale\" content=\"cs_CZ\" \/>\n<meta property=\"og:type\" content=\"article\" \/>\n<meta property=\"og:title\" content=\"Ak\u010dn\u00ed Cena Novaservis Metalia 56 D\u0159ezov\u00e1 baterie 150mm eko kartu\u0161e chrom 56070,0 -\" \/>\n<meta property=\"og:description\" content=\"Popis produktu Novaservis Metalia 56 D\u0159ezov\u00e1 baterie 150mm eko kartu\u0161e chrom 56070,0 Kvalitn\u00ed a odoln\u00e1 2-polohov\u00e1 keramick\u00e1 EKO kartu\u0161e KEROX 40 mm s\u00a0prodlou\u017eenou z\u00e1rukou\u00a07\u00a0let. Prvot\u0159\u00eddn\u00ed chromov\u00e9 proveden\u00ed. D\u0159ezov\u00e1, n\u00e1st\u011bnn\u00e1 baterie s rozte\u010d\u00ed 150 mm a oto\u010dn\u00fdm ramenem s d\u00e9lkou 255 mm. Hloubka krabice [mm]: 405 mm \u0160\u00ed\u0159ka krabice [mm]: 155 mm V\u00fd\u0161ka krabice [mm]: 84 [&hellip;]\" \/>\n<meta property=\"og:url\" content=\"https:\/\/www.koupelnapro.com\/index.php\/produkt\/akcni-cena-novaservis-metalia-56-drezova-baterie-150mm-eko-kartuse-chrom-56070-0-39787\/\" \/>\n<meta property=\"og:image\" content=\"https:\/\/www.koupelnapro.com\/wp-content\/uploads\/2026\/SK0003477-CZ20260425-092632-0-1777080397-novaservis-metalia-56-drezova-baterie-150mm-eko-kartuse-chr.webp\" \/>\n\t<meta property=\"og:image:width\" content=\"400\" \/>\n\t<meta property=\"og:image:height\" content=\"210\" \/>\n\t<meta property=\"og:image:type\" content=\"image\/webp\" \/>\n<meta name=\"twitter:card\" content=\"summary_large_image\" \/>\n<meta name=\"twitter:label1\" content=\"Odhadovan\u00e1 doba \u010dten\u00ed\" \/>\n\t<meta name=\"twitter:data1\" content=\"1 minuta\" \/>\n<script type=\"application\/ld+json\" class=\"yoast-schema-graph\">{\"@context\":\"https:\/\/schema.org\",\"@graph\":[{\"@type\":\"WebPage\",\"@id\":\"https:\/\/www.koupelnapro.com\/index.php\/produkt\/akcni-cena-novaservis-metalia-56-drezova-baterie-150mm-eko-kartuse-chrom-56070-0-39787\/\",\"url\":\"https:\/\/www.koupelnapro.com\/index.php\/produkt\/akcni-cena-novaservis-metalia-56-drezova-baterie-150mm-eko-kartuse-chrom-56070-0-39787\/\",\"name\":\"Ak\u010dn\u00ed Cena Novaservis Metalia 56 D\u0159ezov\u00e1 baterie 150mm eko kartu\u0161e chrom 56070,0 -\",\"isPartOf\":{\"@id\":\"https:\/\/www.koupelnapro.com\/#website\"},\"primaryImageOfPage\":{\"@id\":\"https:\/\/www.koupelnapro.com\/index.php\/produkt\/akcni-cena-novaservis-metalia-56-drezova-baterie-150mm-eko-kartuse-chrom-56070-0-39787\/#primaryimage\"},\"image\":{\"@id\":\"https:\/\/www.koupelnapro.com\/index.php\/produkt\/akcni-cena-novaservis-metalia-56-drezova-baterie-150mm-eko-kartuse-chrom-56070-0-39787\/#primaryimage\"},\"thumbnailUrl\":\"https:\/\/www.koupelnapro.com\/wp-content\/uploads\/2026\/SK0003477-CZ20260425-092632-0-1777080397-novaservis-metalia-56-drezova-baterie-150mm-eko-kartuse-chr.webp\",\"datePublished\":\"2026-04-26T09:15:55+00:00\",\"breadcrumb\":{\"@id\":\"https:\/\/www.koupelnapro.com\/index.php\/produkt\/akcni-cena-novaservis-metalia-56-drezova-baterie-150mm-eko-kartuse-chrom-56070-0-39787\/#breadcrumb\"},\"inLanguage\":\"cs\",\"potentialAction\":[{\"@type\":\"ReadAction\",\"target\":[\"https:\/\/www.koupelnapro.com\/index.php\/produkt\/akcni-cena-novaservis-metalia-56-drezova-baterie-150mm-eko-kartuse-chrom-56070-0-39787\/\"]}]},{\"@type\":\"ImageObject\",\"inLanguage\":\"cs\",\"@id\":\"https:\/\/www.koupelnapro.com\/index.php\/produkt\/akcni-cena-novaservis-metalia-56-drezova-baterie-150mm-eko-kartuse-chrom-56070-0-39787\/#primaryimage\",\"url\":\"https:\/\/www.koupelnapro.com\/wp-content\/uploads\/2026\/SK0003477-CZ20260425-092632-0-1777080397-novaservis-metalia-56-drezova-baterie-150mm-eko-kartuse-chr.webp\",\"contentUrl\":\"https:\/\/www.koupelnapro.com\/wp-content\/uploads\/2026\/SK0003477-CZ20260425-092632-0-1777080397-novaservis-metalia-56-drezova-baterie-150mm-eko-kartuse-chr.webp\",\"width\":400,\"height\":210},{\"@type\":\"BreadcrumbList\",\"@id\":\"https:\/\/www.koupelnapro.com\/index.php\/produkt\/akcni-cena-novaservis-metalia-56-drezova-baterie-150mm-eko-kartuse-chrom-56070-0-39787\/#breadcrumb\",\"itemListElement\":[{\"@type\":\"ListItem\",\"position\":1,\"name\":\"Home\",\"item\":\"https:\/\/www.koupelnapro.com\/\"},{\"@type\":\"ListItem\",\"position\":2,\"name\":\"Products\",\"item\":\"https:\/\/www.koupelnapro.com\/index.php\/products\/\"},{\"@type\":\"ListItem\",\"position\":3,\"name\":\"Ak\u010dn\u00ed Cena Novaservis Metalia 56 D\u0159ezov\u00e1 baterie 150mm eko kartu\u0161e chrom 56070,0\"}]},{\"@type\":\"WebSite\",\"@id\":\"https:\/\/www.koupelnapro.com\/#website\",\"url\":\"https:\/\/www.koupelnapro.com\/\",\"name\":\"\",\"description\":\"\",\"potentialAction\":[{\"@type\":\"SearchAction\",\"target\":{\"@type\":\"EntryPoint\",\"urlTemplate\":\"https:\/\/www.koupelnapro.com\/?s={search_term_string}\"},\"query-input\":{\"@type\":\"PropertyValueSpecification\",\"valueRequired\":true,\"valueName\":\"search_term_string\"}}],\"inLanguage\":\"cs\"}]}<\/script>\n<!-- \/ Yoast SEO plugin. -->","yoast_head_json":{"title":"Ak\u010dn\u00ed Cena Novaservis Metalia 56 D\u0159ezov\u00e1 baterie 150mm eko kartu\u0161e chrom 56070,0 -","robots":{"index":"index","follow":"follow","max-snippet":"max-snippet:-1","max-image-preview":"max-image-preview:large","max-video-preview":"max-video-preview:-1"},"canonical":"https:\/\/www.koupelnapro.com\/index.php\/produkt\/akcni-cena-novaservis-metalia-56-drezova-baterie-150mm-eko-kartuse-chrom-56070-0-39787\/","og_locale":"cs_CZ","og_type":"article","og_title":"Ak\u010dn\u00ed Cena Novaservis Metalia 56 D\u0159ezov\u00e1 baterie 150mm eko kartu\u0161e chrom 56070,0 -","og_description":"Popis produktu Novaservis Metalia 56 D\u0159ezov\u00e1 baterie 150mm eko kartu\u0161e chrom 56070,0 Kvalitn\u00ed a odoln\u00e1 2-polohov\u00e1 keramick\u00e1 EKO kartu\u0161e KEROX 40 mm s\u00a0prodlou\u017eenou z\u00e1rukou\u00a07\u00a0let. Prvot\u0159\u00eddn\u00ed chromov\u00e9 proveden\u00ed. D\u0159ezov\u00e1, n\u00e1st\u011bnn\u00e1 baterie s rozte\u010d\u00ed 150 mm a oto\u010dn\u00fdm ramenem s d\u00e9lkou 255 mm. Hloubka krabice [mm]: 405 mm \u0160\u00ed\u0159ka krabice [mm]: 155 mm V\u00fd\u0161ka krabice [mm]: 84 [&hellip;]","og_url":"https:\/\/www.koupelnapro.com\/index.php\/produkt\/akcni-cena-novaservis-metalia-56-drezova-baterie-150mm-eko-kartuse-chrom-56070-0-39787\/","og_image":[{"width":400,"height":210,"url":"https:\/\/www.koupelnapro.com\/wp-content\/uploads\/2026\/SK0003477-CZ20260425-092632-0-1777080397-novaservis-metalia-56-drezova-baterie-150mm-eko-kartuse-chr.webp","type":"image\/webp"}],"twitter_card":"summary_large_image","twitter_misc":{"Odhadovan\u00e1 doba \u010dten\u00ed":"1 minuta"},"schema":{"@context":"https:\/\/schema.org","@graph":[{"@type":"WebPage","@id":"https:\/\/www.koupelnapro.com\/index.php\/produkt\/akcni-cena-novaservis-metalia-56-drezova-baterie-150mm-eko-kartuse-chrom-56070-0-39787\/","url":"https:\/\/www.koupelnapro.com\/index.php\/produkt\/akcni-cena-novaservis-metalia-56-drezova-baterie-150mm-eko-kartuse-chrom-56070-0-39787\/","name":"Ak\u010dn\u00ed Cena Novaservis Metalia 56 D\u0159ezov\u00e1 baterie 150mm eko kartu\u0161e chrom 56070,0 -","isPartOf":{"@id":"https:\/\/www.koupelnapro.com\/#website"},"primaryImageOfPage":{"@id":"https:\/\/www.koupelnapro.com\/index.php\/produkt\/akcni-cena-novaservis-metalia-56-drezova-baterie-150mm-eko-kartuse-chrom-56070-0-39787\/#primaryimage"},"image":{"@id":"https:\/\/www.koupelnapro.com\/index.php\/produkt\/akcni-cena-novaservis-metalia-56-drezova-baterie-150mm-eko-kartuse-chrom-56070-0-39787\/#primaryimage"},"thumbnailUrl":"https:\/\/www.koupelnapro.com\/wp-content\/uploads\/2026\/SK0003477-CZ20260425-092632-0-1777080397-novaservis-metalia-56-drezova-baterie-150mm-eko-kartuse-chr.webp","datePublished":"2026-04-26T09:15:55+00:00","breadcrumb":{"@id":"https:\/\/www.koupelnapro.com\/index.php\/produkt\/akcni-cena-novaservis-metalia-56-drezova-baterie-150mm-eko-kartuse-chrom-56070-0-39787\/#breadcrumb"},"inLanguage":"cs","potentialAction":[{"@type":"ReadAction","target":["https:\/\/www.koupelnapro.com\/index.php\/produkt\/akcni-cena-novaservis-metalia-56-drezova-baterie-150mm-eko-kartuse-chrom-56070-0-39787\/"]}]},{"@type":"ImageObject","inLanguage":"cs","@id":"https:\/\/www.koupelnapro.com\/index.php\/produkt\/akcni-cena-novaservis-metalia-56-drezova-baterie-150mm-eko-kartuse-chrom-56070-0-39787\/#primaryimage","url":"https:\/\/www.koupelnapro.com\/wp-content\/uploads\/2026\/SK0003477-CZ20260425-092632-0-1777080397-novaservis-metalia-56-drezova-baterie-150mm-eko-kartuse-chr.webp","contentUrl":"https:\/\/www.koupelnapro.com\/wp-content\/uploads\/2026\/SK0003477-CZ20260425-092632-0-1777080397-novaservis-metalia-56-drezova-baterie-150mm-eko-kartuse-chr.webp","width":400,"height":210},{"@type":"BreadcrumbList","@id":"https:\/\/www.koupelnapro.com\/index.php\/produkt\/akcni-cena-novaservis-metalia-56-drezova-baterie-150mm-eko-kartuse-chrom-56070-0-39787\/#breadcrumb","itemListElement":[{"@type":"ListItem","position":1,"name":"Home","item":"https:\/\/www.koupelnapro.com\/"},{"@type":"ListItem","position":2,"name":"Products","item":"https:\/\/www.koupelnapro.com\/index.php\/products\/"},{"@type":"ListItem","position":3,"name":"Ak\u010dn\u00ed Cena Novaservis Metalia 56 D\u0159ezov\u00e1 baterie 150mm eko kartu\u0161e chrom 56070,0"}]},{"@type":"WebSite","@id":"https:\/\/www.koupelnapro.com\/#website","url":"https:\/\/www.koupelnapro.com\/","name":"","description":"","potentialAction":[{"@type":"SearchAction","target":{"@type":"EntryPoint","urlTemplate":"https:\/\/www.koupelnapro.com\/?s={search_term_string}"},"query-input":{"@type":"PropertyValueSpecification","valueRequired":true,"valueName":"search_term_string"}}],"inLanguage":"cs"}]}},"_links":{"self":[{"href":"https:\/\/www.koupelnapro.com\/index.php\/wp-json\/wp\/v2\/product\/39787","targetHints":{"allow":["GET"]}}],"collection":[{"href":"https:\/\/www.koupelnapro.com\/index.php\/wp-json\/wp\/v2\/product"}],"about":[{"href":"https:\/\/www.koupelnapro.com\/index.php\/wp-json\/wp\/v2\/types\/product"}],"replies":[{"embeddable":true,"href":"https:\/\/www.koupelnapro.com\/index.php\/wp-json\/wp\/v2\/comments?post=39787"}],"wp:featuredmedia":[{"embeddable":true,"href":"https:\/\/www.koupelnapro.com\/index.php\/wp-json\/wp\/v2\/media\/39887"}],"wp:attachment":[{"href":"https:\/\/www.koupelnapro.com\/index.php\/wp-json\/wp\/v2\/media?parent=39787"}],"wp:term":[{"taxonomy":"product_brand","embeddable":true,"href":"https:\/\/www.koupelnapro.com\/index.php\/wp-json\/wp\/v2\/product_brand?post=39787"},{"taxonomy":"product_cat","embeddable":true,"href":"https:\/\/www.koupelnapro.com\/index.php\/wp-json\/wp\/v2\/product_cat?post=39787"},{"taxonomy":"product_tag","embeddable":true,"href":"https:\/\/www.koupelnapro.com\/index.php\/wp-json\/wp\/v2\/product_tag?post=39787"}],"curies":[{"name":"wp","href":"https:\/\/api.w.org\/{rel}","templated":true}]}}