{"id":39782,"date":"2026-04-26T09:15:55","date_gmt":"2026-04-26T09:15:55","guid":{"rendered":""},"modified":"2026-04-26T09:15:55","modified_gmt":"2026-04-26T09:15:55","slug":"nejprodavanejsi-wc-prkenko-samosklapeci-sapho-adina-soft-close-duroplast-bila-39782","status":"publish","type":"product","link":"https:\/\/www.koupelnapro.com\/index.php\/produkt\/nejprodavanejsi-wc-prkenko-samosklapeci-sapho-adina-soft-close-duroplast-bila-39782\/","title":{"rendered":"Nejprod\u00e1van\u011bj\u0161\u00ed WC prk\u00e9nko samoskl\u00e1p\u011bc\u00ed Sapho Adina Soft Close duroplast b\u00edl\u00e1"},"content":{"rendered":"<div class=\"ProductDetail-content NoFixImageContainer\" id=\"productDescription\">\n<div class=\"Heading\">\n<h2 class=\"Heading-title\">Popis produktu <span class=''>WC prk\u00e9nko samoskl\u00e1p\u011bc\u00ed Sapho Adina Soft Close duroplast b\u00edl\u00e1<\/span><\/h2>\n<\/p><\/div>\n<div class=\"ProductDetailContent\">                                                                    <\/div>\n<div class=\"ProductDetailContent\">\n<div class=\"ProductDetailContent-item\">                                            Barva: B\u00edl\u00e1<br \/>Balen\u00ed: 1 ks<br \/>Rozm\u011br: 37,6&#215;45,1 cm<br \/>Materi\u00e1l: Duroplast<br \/>Tvar: Obl\u00e9<br \/>V\u00fdbava: Soft Close (pomal\u00e9 skl\u00e1p\u011bn\u00ed);Easy Take (odn\u00edmateln\u00e9 sed\u00e1tko)<br \/>Z\u00e1ruka: 2 roky                                        <\/div>\n<div class=\"ProductDetailContent-item\">\n<ul>\n<li>Pro uchycen\u00ed na kapotovan\u00e9 WC m\u00edsy pou\u017eijte \u0161rouby ND-TS-02. Nejsou sou\u010d\u00e1st\u00ed dod\u00e1vky, k objedn\u00e1n\u00ed samostatn\u011b.<\/li>\n<li>Nerezov\u00e9, nastaviteln\u00e9 \u00fachyty, kter\u00e9 umo\u017en\u00ed sed\u00e1tko p\u0159izp\u016fsobit rozm\u011br\u016fm m\u00edsy<br \/><span><\/span><\/li>\n<\/ul>\n<\/p><\/div>\n<div class=\"ProductDetailContent-item\">\n<h3>Vysv\u011btlivky<\/h3>\n<div class=\"product-explanation-item\">\n<h3 style=\"text-align: justify;\">Duroplast<\/h3>\n<p style=\"text-align: justify;\">Reaktoplasty (duroplasty) jsou zes\u00ed\u0165ovan\u00e9 polymery, kter\u00e9 vytv\u00e1\u0159ej\u00ed prostorovou trojrozm\u011brnou s\u00ed\u0165. Zes\u00ed\u0165ov\u00e1n\u00ed nast\u00e1v\u00e1 a\u017e p\u0159i tvarov\u00e1n\u00ed plastu vlivem tepla a tlaku, n\u011bkdy p\u016fsoben\u00edm katalyz\u00e1tor\u016f.<\/p>\n<\/div>\n<div class=\"product-explanation-item\">\n<h3>SoftClose<\/h3>\n<p style=\"text-align: justify;\">Pomoc\u00ed hydraulick\u00e9ho syst\u00e9mu v\u00edko i sed\u00e1tko pomalu dopadaj\u00ed na m\u00edsu. Pozvoln\u00e9 skl\u00e1p\u011bn\u00ed sed\u00e1tka i v\u00edka zaru\u010duje bezpe\u010dnost a zabra\u0148uje po\u0161kozen\u00ed sed\u00e1tka i WC m\u00edsy.<\/p>\n<\/div>\n<div class=\"product-explanation-item\">\n<h3>Easy take \/ Quick release<\/h3>\n<p style=\"text-align: justify;\">Snadn\u00e9 vyjmut\u00ed a upevn\u011bn\u00ed sed\u00e1tka: stisknut\u00edm postrann\u00edch pant\u016f nebo tla\u010d\u00edtka (u n\u011bkter\u00fdch model\u016f pouh\u00fdm uveden\u00edm sed\u00e1tka do kolm\u00e9 polohy), lze sed\u00e1tko sejmout z pant\u016f (obr. 1a, 1b), om\u00fdt sed\u00e1tko i m\u00edsu (obr. 2) a n\u00e1sledn\u011b pouh\u00fdm zacvaknut\u00edm sed\u00e1tko op\u011bt nasadit (obr. 3).<\/p>\n<div style=\"float: left; width: 25%; text-align: center;\">1a<\/div>\n<div style=\"float: left; width: 25%; text-align: center;\">1b<\/div>\n<div style=\"float: left; width: 25%; text-align: center;\">2<\/div>\n<div style=\"float: left; width: 25%; text-align: center;\">3<\/div>\n<div style=\"clear: both;\"><\/div>\n<\/div><\/div>\n<div class=\"ProductDetailContent-item\">\n<div style=\"background-color:#f9f9f9; border-left:5px solid #4caf50; border-radius:8px; box-shadow:0 4px 12px rgba(0,0,0,0.1); font-family:Arial,sans-serif; margin-bottom:20px; padding:25px 20px 20px 20px; position:relative\"><!-- Ikona info v lev\u00e9m horn\u00edm rohu --><\/p>\n<div style=\"align-items:center; background-color:#4caf50; border-radius:50%; color:#ffffff; display:flex; font-size:18px; font-weight:bold; height:30px; justify-content:center; left:-10px; position:absolute; top:-10px; width:30px\">i<\/div>\n<h3 style=\"margin-left:15px\">\u2705 Jak spr\u00e1vn\u011b vybrat WC sed\u00e1tko<\/h3>\n<p>Jedn\u00edm z nejd\u016fle\u017eit\u011bj\u0161\u00edch krok\u016f p\u0159i v\u00fdb\u011bru WC sed\u00e1tka je spr\u00e1vn\u00e9 zam\u011b\u0159en\u00ed. \u010casem se m\u016f\u017ee st\u00e1t, \u017ee se sed\u00e1tko po\u0161kod\u00ed nebo ho budete cht\u00edt vym\u011bnit za nov\u00e9. Na jak\u00e9 rozm\u011bry si tedy d\u00e1t p\u0159i v\u00fdm\u011bn\u011b pozor?<\/p>\n<p><strong>Kl\u00ed\u010dov\u00e9 rozm\u011bry:<\/strong><\/p>\n<ul>\n<li>A \u2013 <strong>Rozte\u010d otvor\u016f<\/strong> pro uchycen\u00ed sed\u00e1tka k m\u00edse pomoc\u00ed pant\u016f<\/li>\n<li>B \u2013 <strong>Vn\u011bj\u0161\u00ed rozm\u011bry<\/strong>: \u0161\u00ed\u0159ka a d\u00e9lka sed\u00e1tka<\/li>\n<li>C \u2013 <strong>Vnit\u0159n\u00ed rozm\u011bry<\/strong>: \u0161\u00ed\u0159ka a d\u00e9lka otvoru<\/li>\n<li>D \u2013 <strong>Celkov\u00e1 d\u00e9lka<\/strong> sed\u00e1tka: od st\u0159edu pant\u016f po nejzaz\u0161\u00ed bod prk\u00e9nka<\/li>\n<\/ul>\n<p>Tyto rozm\u011bry doporu\u010dujeme p\u0159ed koup\u00ed pe\u010dliv\u011b p\u0159em\u011b\u0159it. M\u016f\u017eete je vid\u011bt zn\u00e1zorn\u011bn\u00e9 na n\u00e1sleduj\u00edc\u00edm obr\u00e1zku \u010di p\u0159\u00edkladu.<\/p>\n<p><strong>Nem\u016f\u017eete-li zm\u011b\u0159it star\u00e9 sed\u00e1tko<\/strong>, je t\u0159eba zm\u011b\u0159it p\u0159edev\u0161\u00edm:<\/p>\n<ul>\n<li><strong>Vn\u011bj\u0161\u00ed \u0161\u00ed\u0159ku m\u00edsy<\/strong> v jej\u00edm nej\u0161ir\u0161\u00edm m\u00edst\u011b<\/li>\n<li><strong>D\u00e9lku m\u00edsy<\/strong>: od st\u0159edu mont\u00e1\u017en\u00edch otvor\u016f (pro panty) po p\u0159edn\u00ed okraj m\u00edsy<\/li>\n<\/ul>\n<p>V tomto p\u0159\u00edpad\u011b jsou pro v\u00fdb\u011br nejd\u016fle\u017eit\u011bj\u0161\u00ed body <strong>B a D<\/strong>.<\/p>\n<p><strong>Pozn\u00e1mka:<\/strong> Sed\u00e1tko m\u016f\u017ee b\u00fdt p\u0159ibli\u017en\u011b o 2\u20133 cm \u0161ir\u0161\u00ed a del\u0161\u00ed ne\u017e m\u00edsa, ale <strong>nikdy ne men\u0161\u00ed<\/strong>.<\/p>\n<\/div>\n<\/p><\/div>\n<\/p><\/div>\n<\/p><\/div>\n<\/p><\/div>\n<\/p><\/div>\n","protected":false},"excerpt":{"rendered":"<p>Popis produktu WC prk\u00e9nko samoskl\u00e1p\u011bc\u00ed Sapho Adina Soft Close duroplast b\u00edl\u00e1 Barva: B\u00edl\u00e1Balen\u00ed: 1 ksRozm\u011br: 37,6&#215;45,1 cmMateri\u00e1l: DuroplastTvar: Obl\u00e9V\u00fdbava: Soft Close (pomal\u00e9 skl\u00e1p\u011bn\u00ed);Easy Take (odn\u00edmateln\u00e9 sed\u00e1tko)Z\u00e1ruka: 2 roky Pro uchycen\u00ed na kapotovan\u00e9 WC m\u00edsy pou\u017eijte \u0161rouby ND-TS-02. Nejsou sou\u010d\u00e1st\u00ed dod\u00e1vky, k objedn\u00e1n\u00ed samostatn\u011b. Nerezov\u00e9, nastaviteln\u00e9 \u00fachyty, kter\u00e9 umo\u017en\u00ed sed\u00e1tko p\u0159izp\u016fsobit rozm\u011br\u016fm m\u00edsy Vysv\u011btlivky Duroplast Reaktoplasty [&hellip;]<\/p>\n","protected":false},"featured_media":39882,"comment_status":"open","ping_status":"open","template":"","meta":[],"product_brand":[],"product_cat":[145],"product_tag":[],"class_list":{"0":"post-39782","1":"product","2":"type-product","3":"status-publish","4":"has-post-thumbnail","6":"product_cat-koupelny","8":"first","9":"instock","10":"sale","11":"shipping-taxable","12":"purchasable","13":"product-type-simple"},"yoast_head":"<!-- This site is optimized with the Yoast SEO plugin v26.8 - https:\/\/yoast.com\/product\/yoast-seo-wordpress\/ -->\n<title>Nejprod\u00e1van\u011bj\u0161\u00ed WC prk\u00e9nko samoskl\u00e1p\u011bc\u00ed Sapho Adina Soft Close duroplast b\u00edl\u00e1 -<\/title>\n<meta name=\"robots\" content=\"index, follow, max-snippet:-1, max-image-preview:large, max-video-preview:-1\" \/>\n<link rel=\"canonical\" href=\"https:\/\/www.koupelnapro.com\/index.php\/produkt\/nejprodavanejsi-wc-prkenko-samosklapeci-sapho-adina-soft-close-duroplast-bila-39782\/\" \/>\n<meta property=\"og:locale\" content=\"cs_CZ\" \/>\n<meta property=\"og:type\" content=\"article\" \/>\n<meta property=\"og:title\" content=\"Nejprod\u00e1van\u011bj\u0161\u00ed WC prk\u00e9nko samoskl\u00e1p\u011bc\u00ed Sapho Adina Soft Close duroplast b\u00edl\u00e1 -\" \/>\n<meta property=\"og:description\" content=\"Popis produktu WC prk\u00e9nko samoskl\u00e1p\u011bc\u00ed Sapho Adina Soft Close duroplast b\u00edl\u00e1 Barva: B\u00edl\u00e1Balen\u00ed: 1 ksRozm\u011br: 37,6&#215;45,1 cmMateri\u00e1l: DuroplastTvar: Obl\u00e9V\u00fdbava: Soft Close (pomal\u00e9 skl\u00e1p\u011bn\u00ed);Easy Take (odn\u00edmateln\u00e9 sed\u00e1tko)Z\u00e1ruka: 2 roky Pro uchycen\u00ed na kapotovan\u00e9 WC m\u00edsy pou\u017eijte \u0161rouby ND-TS-02. Nejsou sou\u010d\u00e1st\u00ed dod\u00e1vky, k objedn\u00e1n\u00ed samostatn\u011b. Nerezov\u00e9, nastaviteln\u00e9 \u00fachyty, kter\u00e9 umo\u017en\u00ed sed\u00e1tko p\u0159izp\u016fsobit rozm\u011br\u016fm m\u00edsy Vysv\u011btlivky Duroplast Reaktoplasty [&hellip;]\" \/>\n<meta property=\"og:url\" content=\"https:\/\/www.koupelnapro.com\/index.php\/produkt\/nejprodavanejsi-wc-prkenko-samosklapeci-sapho-adina-soft-close-duroplast-bila-39782\/\" \/>\n<meta property=\"og:image\" content=\"https:\/\/www.koupelnapro.com\/wp-content\/uploads\/2026\/SK0003470-CZ20260425-092632-0-1777080397-wc-prkenko-samosklapeci-sapho-adina-soft-close-duroplast-bi.webp\" \/>\n\t<meta property=\"og:image:width\" content=\"600\" \/>\n\t<meta property=\"og:image:height\" content=\"529\" \/>\n\t<meta property=\"og:image:type\" content=\"image\/webp\" \/>\n<meta name=\"twitter:card\" content=\"summary_large_image\" \/>\n<meta name=\"twitter:label1\" content=\"Odhadovan\u00e1 doba \u010dten\u00ed\" \/>\n\t<meta name=\"twitter:data1\" content=\"2 minuty\" \/>\n<script type=\"application\/ld+json\" class=\"yoast-schema-graph\">{\"@context\":\"https:\/\/schema.org\",\"@graph\":[{\"@type\":\"WebPage\",\"@id\":\"https:\/\/www.koupelnapro.com\/index.php\/produkt\/nejprodavanejsi-wc-prkenko-samosklapeci-sapho-adina-soft-close-duroplast-bila-39782\/\",\"url\":\"https:\/\/www.koupelnapro.com\/index.php\/produkt\/nejprodavanejsi-wc-prkenko-samosklapeci-sapho-adina-soft-close-duroplast-bila-39782\/\",\"name\":\"Nejprod\u00e1van\u011bj\u0161\u00ed WC prk\u00e9nko samoskl\u00e1p\u011bc\u00ed Sapho Adina Soft Close duroplast b\u00edl\u00e1 -\",\"isPartOf\":{\"@id\":\"https:\/\/www.koupelnapro.com\/#website\"},\"primaryImageOfPage\":{\"@id\":\"https:\/\/www.koupelnapro.com\/index.php\/produkt\/nejprodavanejsi-wc-prkenko-samosklapeci-sapho-adina-soft-close-duroplast-bila-39782\/#primaryimage\"},\"image\":{\"@id\":\"https:\/\/www.koupelnapro.com\/index.php\/produkt\/nejprodavanejsi-wc-prkenko-samosklapeci-sapho-adina-soft-close-duroplast-bila-39782\/#primaryimage\"},\"thumbnailUrl\":\"https:\/\/www.koupelnapro.com\/wp-content\/uploads\/2026\/SK0003470-CZ20260425-092632-0-1777080397-wc-prkenko-samosklapeci-sapho-adina-soft-close-duroplast-bi.webp\",\"datePublished\":\"2026-04-26T09:15:55+00:00\",\"breadcrumb\":{\"@id\":\"https:\/\/www.koupelnapro.com\/index.php\/produkt\/nejprodavanejsi-wc-prkenko-samosklapeci-sapho-adina-soft-close-duroplast-bila-39782\/#breadcrumb\"},\"inLanguage\":\"cs\",\"potentialAction\":[{\"@type\":\"ReadAction\",\"target\":[\"https:\/\/www.koupelnapro.com\/index.php\/produkt\/nejprodavanejsi-wc-prkenko-samosklapeci-sapho-adina-soft-close-duroplast-bila-39782\/\"]}]},{\"@type\":\"ImageObject\",\"inLanguage\":\"cs\",\"@id\":\"https:\/\/www.koupelnapro.com\/index.php\/produkt\/nejprodavanejsi-wc-prkenko-samosklapeci-sapho-adina-soft-close-duroplast-bila-39782\/#primaryimage\",\"url\":\"https:\/\/www.koupelnapro.com\/wp-content\/uploads\/2026\/SK0003470-CZ20260425-092632-0-1777080397-wc-prkenko-samosklapeci-sapho-adina-soft-close-duroplast-bi.webp\",\"contentUrl\":\"https:\/\/www.koupelnapro.com\/wp-content\/uploads\/2026\/SK0003470-CZ20260425-092632-0-1777080397-wc-prkenko-samosklapeci-sapho-adina-soft-close-duroplast-bi.webp\",\"width\":600,\"height\":529},{\"@type\":\"BreadcrumbList\",\"@id\":\"https:\/\/www.koupelnapro.com\/index.php\/produkt\/nejprodavanejsi-wc-prkenko-samosklapeci-sapho-adina-soft-close-duroplast-bila-39782\/#breadcrumb\",\"itemListElement\":[{\"@type\":\"ListItem\",\"position\":1,\"name\":\"Home\",\"item\":\"https:\/\/www.koupelnapro.com\/\"},{\"@type\":\"ListItem\",\"position\":2,\"name\":\"Products\",\"item\":\"https:\/\/www.koupelnapro.com\/index.php\/products\/\"},{\"@type\":\"ListItem\",\"position\":3,\"name\":\"Nejprod\u00e1van\u011bj\u0161\u00ed WC prk\u00e9nko samoskl\u00e1p\u011bc\u00ed Sapho Adina Soft Close duroplast b\u00edl\u00e1\"}]},{\"@type\":\"WebSite\",\"@id\":\"https:\/\/www.koupelnapro.com\/#website\",\"url\":\"https:\/\/www.koupelnapro.com\/\",\"name\":\"\",\"description\":\"\",\"potentialAction\":[{\"@type\":\"SearchAction\",\"target\":{\"@type\":\"EntryPoint\",\"urlTemplate\":\"https:\/\/www.koupelnapro.com\/?s={search_term_string}\"},\"query-input\":{\"@type\":\"PropertyValueSpecification\",\"valueRequired\":true,\"valueName\":\"search_term_string\"}}],\"inLanguage\":\"cs\"}]}<\/script>\n<!-- \/ Yoast SEO plugin. -->","yoast_head_json":{"title":"Nejprod\u00e1van\u011bj\u0161\u00ed WC prk\u00e9nko samoskl\u00e1p\u011bc\u00ed Sapho Adina Soft Close duroplast b\u00edl\u00e1 -","robots":{"index":"index","follow":"follow","max-snippet":"max-snippet:-1","max-image-preview":"max-image-preview:large","max-video-preview":"max-video-preview:-1"},"canonical":"https:\/\/www.koupelnapro.com\/index.php\/produkt\/nejprodavanejsi-wc-prkenko-samosklapeci-sapho-adina-soft-close-duroplast-bila-39782\/","og_locale":"cs_CZ","og_type":"article","og_title":"Nejprod\u00e1van\u011bj\u0161\u00ed WC prk\u00e9nko samoskl\u00e1p\u011bc\u00ed Sapho Adina Soft Close duroplast b\u00edl\u00e1 -","og_description":"Popis produktu WC prk\u00e9nko samoskl\u00e1p\u011bc\u00ed Sapho Adina Soft Close duroplast b\u00edl\u00e1 Barva: B\u00edl\u00e1Balen\u00ed: 1 ksRozm\u011br: 37,6&#215;45,1 cmMateri\u00e1l: DuroplastTvar: Obl\u00e9V\u00fdbava: Soft Close (pomal\u00e9 skl\u00e1p\u011bn\u00ed);Easy Take (odn\u00edmateln\u00e9 sed\u00e1tko)Z\u00e1ruka: 2 roky Pro uchycen\u00ed na kapotovan\u00e9 WC m\u00edsy pou\u017eijte \u0161rouby ND-TS-02. Nejsou sou\u010d\u00e1st\u00ed dod\u00e1vky, k objedn\u00e1n\u00ed samostatn\u011b. Nerezov\u00e9, nastaviteln\u00e9 \u00fachyty, kter\u00e9 umo\u017en\u00ed sed\u00e1tko p\u0159izp\u016fsobit rozm\u011br\u016fm m\u00edsy Vysv\u011btlivky Duroplast Reaktoplasty [&hellip;]","og_url":"https:\/\/www.koupelnapro.com\/index.php\/produkt\/nejprodavanejsi-wc-prkenko-samosklapeci-sapho-adina-soft-close-duroplast-bila-39782\/","og_image":[{"width":600,"height":529,"url":"https:\/\/www.koupelnapro.com\/wp-content\/uploads\/2026\/SK0003470-CZ20260425-092632-0-1777080397-wc-prkenko-samosklapeci-sapho-adina-soft-close-duroplast-bi.webp","type":"image\/webp"}],"twitter_card":"summary_large_image","twitter_misc":{"Odhadovan\u00e1 doba \u010dten\u00ed":"2 minuty"},"schema":{"@context":"https:\/\/schema.org","@graph":[{"@type":"WebPage","@id":"https:\/\/www.koupelnapro.com\/index.php\/produkt\/nejprodavanejsi-wc-prkenko-samosklapeci-sapho-adina-soft-close-duroplast-bila-39782\/","url":"https:\/\/www.koupelnapro.com\/index.php\/produkt\/nejprodavanejsi-wc-prkenko-samosklapeci-sapho-adina-soft-close-duroplast-bila-39782\/","name":"Nejprod\u00e1van\u011bj\u0161\u00ed WC prk\u00e9nko samoskl\u00e1p\u011bc\u00ed Sapho Adina Soft Close duroplast b\u00edl\u00e1 -","isPartOf":{"@id":"https:\/\/www.koupelnapro.com\/#website"},"primaryImageOfPage":{"@id":"https:\/\/www.koupelnapro.com\/index.php\/produkt\/nejprodavanejsi-wc-prkenko-samosklapeci-sapho-adina-soft-close-duroplast-bila-39782\/#primaryimage"},"image":{"@id":"https:\/\/www.koupelnapro.com\/index.php\/produkt\/nejprodavanejsi-wc-prkenko-samosklapeci-sapho-adina-soft-close-duroplast-bila-39782\/#primaryimage"},"thumbnailUrl":"https:\/\/www.koupelnapro.com\/wp-content\/uploads\/2026\/SK0003470-CZ20260425-092632-0-1777080397-wc-prkenko-samosklapeci-sapho-adina-soft-close-duroplast-bi.webp","datePublished":"2026-04-26T09:15:55+00:00","breadcrumb":{"@id":"https:\/\/www.koupelnapro.com\/index.php\/produkt\/nejprodavanejsi-wc-prkenko-samosklapeci-sapho-adina-soft-close-duroplast-bila-39782\/#breadcrumb"},"inLanguage":"cs","potentialAction":[{"@type":"ReadAction","target":["https:\/\/www.koupelnapro.com\/index.php\/produkt\/nejprodavanejsi-wc-prkenko-samosklapeci-sapho-adina-soft-close-duroplast-bila-39782\/"]}]},{"@type":"ImageObject","inLanguage":"cs","@id":"https:\/\/www.koupelnapro.com\/index.php\/produkt\/nejprodavanejsi-wc-prkenko-samosklapeci-sapho-adina-soft-close-duroplast-bila-39782\/#primaryimage","url":"https:\/\/www.koupelnapro.com\/wp-content\/uploads\/2026\/SK0003470-CZ20260425-092632-0-1777080397-wc-prkenko-samosklapeci-sapho-adina-soft-close-duroplast-bi.webp","contentUrl":"https:\/\/www.koupelnapro.com\/wp-content\/uploads\/2026\/SK0003470-CZ20260425-092632-0-1777080397-wc-prkenko-samosklapeci-sapho-adina-soft-close-duroplast-bi.webp","width":600,"height":529},{"@type":"BreadcrumbList","@id":"https:\/\/www.koupelnapro.com\/index.php\/produkt\/nejprodavanejsi-wc-prkenko-samosklapeci-sapho-adina-soft-close-duroplast-bila-39782\/#breadcrumb","itemListElement":[{"@type":"ListItem","position":1,"name":"Home","item":"https:\/\/www.koupelnapro.com\/"},{"@type":"ListItem","position":2,"name":"Products","item":"https:\/\/www.koupelnapro.com\/index.php\/products\/"},{"@type":"ListItem","position":3,"name":"Nejprod\u00e1van\u011bj\u0161\u00ed WC prk\u00e9nko samoskl\u00e1p\u011bc\u00ed Sapho Adina Soft Close duroplast b\u00edl\u00e1"}]},{"@type":"WebSite","@id":"https:\/\/www.koupelnapro.com\/#website","url":"https:\/\/www.koupelnapro.com\/","name":"","description":"","potentialAction":[{"@type":"SearchAction","target":{"@type":"EntryPoint","urlTemplate":"https:\/\/www.koupelnapro.com\/?s={search_term_string}"},"query-input":{"@type":"PropertyValueSpecification","valueRequired":true,"valueName":"search_term_string"}}],"inLanguage":"cs"}]}},"_links":{"self":[{"href":"https:\/\/www.koupelnapro.com\/index.php\/wp-json\/wp\/v2\/product\/39782","targetHints":{"allow":["GET"]}}],"collection":[{"href":"https:\/\/www.koupelnapro.com\/index.php\/wp-json\/wp\/v2\/product"}],"about":[{"href":"https:\/\/www.koupelnapro.com\/index.php\/wp-json\/wp\/v2\/types\/product"}],"replies":[{"embeddable":true,"href":"https:\/\/www.koupelnapro.com\/index.php\/wp-json\/wp\/v2\/comments?post=39782"}],"wp:featuredmedia":[{"embeddable":true,"href":"https:\/\/www.koupelnapro.com\/index.php\/wp-json\/wp\/v2\/media\/39882"}],"wp:attachment":[{"href":"https:\/\/www.koupelnapro.com\/index.php\/wp-json\/wp\/v2\/media?parent=39782"}],"wp:term":[{"taxonomy":"product_brand","embeddable":true,"href":"https:\/\/www.koupelnapro.com\/index.php\/wp-json\/wp\/v2\/product_brand?post=39782"},{"taxonomy":"product_cat","embeddable":true,"href":"https:\/\/www.koupelnapro.com\/index.php\/wp-json\/wp\/v2\/product_cat?post=39782"},{"taxonomy":"product_tag","embeddable":true,"href":"https:\/\/www.koupelnapro.com\/index.php\/wp-json\/wp\/v2\/product_tag?post=39782"}],"curies":[{"name":"wp","href":"https:\/\/api.w.org\/{rel}","templated":true}]}}