{"id":39778,"date":"2026-04-26T09:15:55","date_gmt":"2026-04-26T09:15:55","guid":{"rendered":""},"modified":"2026-04-26T09:15:55","modified_gmt":"2026-04-26T09:15:55","slug":"roth-project-sprchovy-kout-ctvercovy-orlando-neo-900-sklo-matne-ram-brillant-objednat-nyni-39778","status":"publish","type":"product","link":"https:\/\/www.koupelnapro.com\/index.php\/produkt\/roth-project-sprchovy-kout-ctvercovy-orlando-neo-900-sklo-matne-ram-brillant-objednat-nyni-39778\/","title":{"rendered":"Roth Project Sprchov\u00fd kout \u010dtvercov\u00fd ORLANDO NEO\/900, sklo matn\u00e9, r\u00e1m brillant Objednat Nyn\u00ed"},"content":{"rendered":"<div class=\"ProductDetail-content NoFixImageContainer\" id=\"productDescription\">\n<div class=\"Heading\">\n<h2 class=\"Heading-title\">Popis produktu <span class=''>Roth Project Sprchov\u00fd kout \u010dtvercov\u00fd ORLANDO NEO\/900, sklo matn\u00e9, r\u00e1m brillant<\/span><\/h2>\n<\/p><\/div>\n<div class=\"ProductDetailContent\">\n<p><span style=\"font-size:16px\"><span style=\"font-family:arial,helvetica,sans-serif\"><strong>\u010ctvercov&yacute; sprchov&yacute; kout s dvoud&iacute;ln&yacute;mi posuvn&yacute;mi dve\u0159mi<\/strong><\/span><\/span><\/p>\n<p><span style=\"font-size:16px\"><span style=\"font-family:arial,helvetica,sans-serif\">Jednoduch&eacute;, osv\u011bd\u010den&eacute; a cenov\u011b snadno dostupn&eacute; \u0159e&scaron;en&iacute; pro va&scaron;i sprchu. V&yacute;pl\u0148 tvo\u0159&iacute; 4 mm bezpe\u010dnostn&iacute; sklo v matn&eacute;m proveden&iacute; a profil r&aacute;mu je v &uacute;prav\u011b brillant. Vzhledem k jednoduch&eacute; instalaci, p\u0159&iacute;zniv&eacute; cen\u011b a univerz&aacute;ln&iacute;mu vzhledu je tento sprchov&yacute; kout obl&iacute;benou volbou p\u0159i osazov&aacute;n&iacute; koupelen sportovn&iacute;ch center, zdravotnick&yacute;ch za\u0159&iacute;zen&iacute; nebo ubytoven. Pro snadnou &uacute;dr\u017ebu je tento kout &nbsp;vybaven spodn&iacute;mi odkl&aacute;p\u011bc&iacute;mi pojezdy.<\/span><\/span><\/p>\n<h3><span style=\"font-size:16px\"><span style=\"font-family:arial,helvetica,sans-serif\">Parametry:<\/span><\/span><\/h3>\n<ul>\n<li><span style=\"font-size:16px\"><span style=\"font-family:arial,helvetica,sans-serif\">v&yacute;pl\u0148: 4 mm bezpe\u010dnostn&iacute; sklo Matt Glass<\/span><\/span><\/li>\n<li><span style=\"font-size:16px\"><span style=\"font-family:arial,helvetica,sans-serif\">barva profilu: Brillant<\/span><\/span><\/li>\n<li><span style=\"font-size:16px\"><span style=\"font-family:arial,helvetica,sans-serif\">lo\u017eiskov&eacute; pojezdy se spodn&iacute;m odkl&aacute;p\u011bn&iacute;m<\/span><\/span><\/li>\n<li><span style=\"font-size:16px\"><span style=\"font-family:arial,helvetica,sans-serif\">instala\u010dn&iacute; rozm\u011bry:&nbsp;880&ndash;890 mm<\/span><\/span><\/li>\n<li><span style=\"font-size:16px\"><span style=\"font-family:arial,helvetica,sans-serif\">v&yacute;&scaron;ka: 1900 mm<\/span><\/span><\/li>\n<li><span style=\"font-size:16px\"><span style=\"font-family:arial,helvetica,sans-serif\">&scaron;&iacute;\u0159ka dve\u0159&iacute;: 485 mm<\/span><\/span><\/li>\n<\/ul>\n<p>&nbsp;<\/p>\n<\/p><\/div>\n<div class=\"ProductDetailContent\">\n<div class=\"ProductDetailContent-item\">\n<div style=\"background-color:#f9f9f9; border-left:5px solid #4caf50; border-radius:8px; box-shadow:0 4px 12px rgba(0,0,0,0.1); font-family:Arial,sans-serif; margin-bottom:20px; padding:25px 20px 20px 20px; position:relative\"><!-- Ikona info v lev\u00e9m horn\u00edm rohu --><\/p>\n<div style=\"align-items:center; background-color:#4caf50; border-radius:50%; color:#ffffff; display:flex; font-size:18px; font-weight:bold; height:30px; justify-content:center; left:-10px; position:absolute; top:-10px; width:30px\">i<\/div>\n<h3 style=\"margin-left:15px\">\u2705 Nab\u00edz\u00edme profesion\u00e1ln\u00ed mont\u00e1\u017e sprchov\u00e9ho koutu \u2013 precizn\u011b a bez starost\u00ed<\/h3>\n<p>Kvalitn\u00ed mont\u00e1\u017e <strong>sprchov\u00e9ho koutu<\/strong> je kl\u00ed\u010dov\u00e1 pro jeho bezprobl\u00e9mov\u00e9 fungov\u00e1n\u00ed, dlouhou \u017eivotnost a maxim\u00e1ln\u00ed t\u011bsnost. A\u0165 u\u017e se jedn\u00e1 o <strong>\u010dtvrtkruhov\u00fd<\/strong>, <strong>\u010dtvercov\u00fd<\/strong>, <strong>obd\u00e9ln\u00edkov\u00fd<\/strong> \u010di <strong>asymetrick\u00fd<\/strong> sprchov\u00fd kout, spr\u00e1vn\u00e9 usazen\u00ed a ut\u011bsn\u011bn\u00ed jsou nezbytn\u00e9 pro komfortn\u00ed a bezpe\u010dn\u00e9 sprchov\u00e1n\u00ed.<\/p>\n<p><strong>Nab\u00edz\u00edme odbornou mont\u00e1\u017e sprchov\u00fdch kout\u016f v\u0161ech typ\u016f i zna\u010dek<\/strong>. Provedeme p\u0159esn\u00e9 zam\u011b\u0159en\u00ed, p\u0159\u00edpravu podkladu a profesion\u00e1ln\u00ed instalaci na <strong>sprchovou vani\u010dku<\/strong> \u010di podlahu se <strong>sprchov\u00fdm \u017elabem<\/strong>. Samoz\u0159ejmost\u00ed je d\u016fsledn\u00e1 kontrola funk\u010dnosti a \u010dist\u00fd v\u00fdstup po dokon\u010den\u00ed prac\u00ed.<\/p>\n<p><strong>Mont\u00e1\u017e sprchov\u00e9ho koutu p\u0159enechte odborn\u00edk\u016fm<\/strong>, vyhnete se tak zbyte\u010dn\u00fdm komplikac\u00edm a zajist\u00edte si precizn\u00ed v\u00fdsledek. Pracujeme rychle, spolehliv\u011b a db\u00e1me na ka\u017ed\u00fd detail. Kontaktujte n\u00e1s a sd\u011blte n\u00e1m sv\u00e9 po\u017eadavky, r\u00e1di v\u00e1m pom\u016f\u017eeme.<\/p>\n<p><strong>Mont\u00e1\u017e sprchov\u00e9ho koutu<\/strong> nab\u00edz\u00edme pouze pro <strong>N\u00e1chodsko<\/strong> a <strong>Trutnovsko<\/strong>.<\/p>\n<\/div><\/div>\n<\/p><\/div>\n<\/p><\/div>\n<\/p><\/div>\n<\/p><\/div>\n","protected":false},"excerpt":{"rendered":"<p>Popis produktu Roth Project Sprchov\u00fd kout \u010dtvercov\u00fd ORLANDO NEO\/900, sklo matn\u00e9, r\u00e1m brillant \u010ctvercov&yacute; sprchov&yacute; kout s dvoud&iacute;ln&yacute;mi posuvn&yacute;mi dve\u0159mi Jednoduch&eacute;, osv\u011bd\u010den&eacute; a cenov\u011b snadno dostupn&eacute; \u0159e&scaron;en&iacute; pro va&scaron;i sprchu. V&yacute;pl\u0148 tvo\u0159&iacute; 4 mm bezpe\u010dnostn&iacute; sklo v matn&eacute;m proveden&iacute; a profil r&aacute;mu je v &uacute;prav\u011b brillant. Vzhledem k jednoduch&eacute; instalaci, p\u0159&iacute;zniv&eacute; cen\u011b a univerz&aacute;ln&iacute;mu vzhledu [&hellip;]<\/p>\n","protected":false},"featured_media":39878,"comment_status":"open","ping_status":"open","template":"","meta":[],"product_brand":[],"product_cat":[145],"product_tag":[],"class_list":{"0":"post-39778","1":"product","2":"type-product","3":"status-publish","4":"has-post-thumbnail","6":"product_cat-koupelny","8":"first","9":"instock","10":"sale","11":"shipping-taxable","12":"purchasable","13":"product-type-simple"},"yoast_head":"<!-- This site is optimized with the Yoast SEO plugin v26.8 - https:\/\/yoast.com\/product\/yoast-seo-wordpress\/ -->\n<title>Roth Project Sprchov\u00fd kout \u010dtvercov\u00fd ORLANDO NEO\/900, sklo matn\u00e9, r\u00e1m brillant Objednat Nyn\u00ed -<\/title>\n<meta name=\"robots\" content=\"index, follow, max-snippet:-1, max-image-preview:large, max-video-preview:-1\" \/>\n<link rel=\"canonical\" href=\"https:\/\/www.koupelnapro.com\/index.php\/produkt\/roth-project-sprchovy-kout-ctvercovy-orlando-neo-900-sklo-matne-ram-brillant-objednat-nyni-39778\/\" \/>\n<meta property=\"og:locale\" content=\"cs_CZ\" \/>\n<meta property=\"og:type\" content=\"article\" \/>\n<meta property=\"og:title\" content=\"Roth Project Sprchov\u00fd kout \u010dtvercov\u00fd ORLANDO NEO\/900, sklo matn\u00e9, r\u00e1m brillant Objednat Nyn\u00ed -\" \/>\n<meta property=\"og:description\" content=\"Popis produktu Roth Project Sprchov\u00fd kout \u010dtvercov\u00fd ORLANDO NEO\/900, sklo matn\u00e9, r\u00e1m brillant \u010ctvercov&yacute; sprchov&yacute; kout s dvoud&iacute;ln&yacute;mi posuvn&yacute;mi dve\u0159mi Jednoduch&eacute;, osv\u011bd\u010den&eacute; a cenov\u011b snadno dostupn&eacute; \u0159e&scaron;en&iacute; pro va&scaron;i sprchu. V&yacute;pl\u0148 tvo\u0159&iacute; 4 mm bezpe\u010dnostn&iacute; sklo v matn&eacute;m proveden&iacute; a profil r&aacute;mu je v &uacute;prav\u011b brillant. Vzhledem k jednoduch&eacute; instalaci, p\u0159&iacute;zniv&eacute; cen\u011b a univerz&aacute;ln&iacute;mu vzhledu [&hellip;]\" \/>\n<meta property=\"og:url\" content=\"https:\/\/www.koupelnapro.com\/index.php\/produkt\/roth-project-sprchovy-kout-ctvercovy-orlando-neo-900-sklo-matne-ram-brillant-objednat-nyni-39778\/\" \/>\n<meta property=\"og:image\" content=\"https:\/\/www.koupelnapro.com\/wp-content\/uploads\/2026\/SK0003466-CZ20260425-092632-0-1777080397-roth-project-sprchovy-kout-ctvercovy-orlando-neo-900-sklo-m.webp\" \/>\n\t<meta property=\"og:image:width\" content=\"410\" \/>\n\t<meta property=\"og:image:height\" content=\"600\" \/>\n\t<meta property=\"og:image:type\" content=\"image\/webp\" \/>\n<meta name=\"twitter:card\" content=\"summary_large_image\" \/>\n<meta name=\"twitter:label1\" content=\"Odhadovan\u00e1 doba \u010dten\u00ed\" \/>\n\t<meta name=\"twitter:data1\" content=\"2 minuty\" \/>\n<script type=\"application\/ld+json\" class=\"yoast-schema-graph\">{\"@context\":\"https:\/\/schema.org\",\"@graph\":[{\"@type\":\"WebPage\",\"@id\":\"https:\/\/www.koupelnapro.com\/index.php\/produkt\/roth-project-sprchovy-kout-ctvercovy-orlando-neo-900-sklo-matne-ram-brillant-objednat-nyni-39778\/\",\"url\":\"https:\/\/www.koupelnapro.com\/index.php\/produkt\/roth-project-sprchovy-kout-ctvercovy-orlando-neo-900-sklo-matne-ram-brillant-objednat-nyni-39778\/\",\"name\":\"Roth Project Sprchov\u00fd kout \u010dtvercov\u00fd ORLANDO NEO\/900, sklo matn\u00e9, r\u00e1m brillant Objednat Nyn\u00ed -\",\"isPartOf\":{\"@id\":\"https:\/\/www.koupelnapro.com\/#website\"},\"primaryImageOfPage\":{\"@id\":\"https:\/\/www.koupelnapro.com\/index.php\/produkt\/roth-project-sprchovy-kout-ctvercovy-orlando-neo-900-sklo-matne-ram-brillant-objednat-nyni-39778\/#primaryimage\"},\"image\":{\"@id\":\"https:\/\/www.koupelnapro.com\/index.php\/produkt\/roth-project-sprchovy-kout-ctvercovy-orlando-neo-900-sklo-matne-ram-brillant-objednat-nyni-39778\/#primaryimage\"},\"thumbnailUrl\":\"https:\/\/www.koupelnapro.com\/wp-content\/uploads\/2026\/SK0003466-CZ20260425-092632-0-1777080397-roth-project-sprchovy-kout-ctvercovy-orlando-neo-900-sklo-m.webp\",\"datePublished\":\"2026-04-26T09:15:55+00:00\",\"breadcrumb\":{\"@id\":\"https:\/\/www.koupelnapro.com\/index.php\/produkt\/roth-project-sprchovy-kout-ctvercovy-orlando-neo-900-sklo-matne-ram-brillant-objednat-nyni-39778\/#breadcrumb\"},\"inLanguage\":\"cs\",\"potentialAction\":[{\"@type\":\"ReadAction\",\"target\":[\"https:\/\/www.koupelnapro.com\/index.php\/produkt\/roth-project-sprchovy-kout-ctvercovy-orlando-neo-900-sklo-matne-ram-brillant-objednat-nyni-39778\/\"]}]},{\"@type\":\"ImageObject\",\"inLanguage\":\"cs\",\"@id\":\"https:\/\/www.koupelnapro.com\/index.php\/produkt\/roth-project-sprchovy-kout-ctvercovy-orlando-neo-900-sklo-matne-ram-brillant-objednat-nyni-39778\/#primaryimage\",\"url\":\"https:\/\/www.koupelnapro.com\/wp-content\/uploads\/2026\/SK0003466-CZ20260425-092632-0-1777080397-roth-project-sprchovy-kout-ctvercovy-orlando-neo-900-sklo-m.webp\",\"contentUrl\":\"https:\/\/www.koupelnapro.com\/wp-content\/uploads\/2026\/SK0003466-CZ20260425-092632-0-1777080397-roth-project-sprchovy-kout-ctvercovy-orlando-neo-900-sklo-m.webp\",\"width\":410,\"height\":600},{\"@type\":\"BreadcrumbList\",\"@id\":\"https:\/\/www.koupelnapro.com\/index.php\/produkt\/roth-project-sprchovy-kout-ctvercovy-orlando-neo-900-sklo-matne-ram-brillant-objednat-nyni-39778\/#breadcrumb\",\"itemListElement\":[{\"@type\":\"ListItem\",\"position\":1,\"name\":\"Home\",\"item\":\"https:\/\/www.koupelnapro.com\/\"},{\"@type\":\"ListItem\",\"position\":2,\"name\":\"Products\",\"item\":\"https:\/\/www.koupelnapro.com\/index.php\/products\/\"},{\"@type\":\"ListItem\",\"position\":3,\"name\":\"Roth Project Sprchov\u00fd kout \u010dtvercov\u00fd ORLANDO NEO\/900, sklo matn\u00e9, r\u00e1m brillant Objednat Nyn\u00ed\"}]},{\"@type\":\"WebSite\",\"@id\":\"https:\/\/www.koupelnapro.com\/#website\",\"url\":\"https:\/\/www.koupelnapro.com\/\",\"name\":\"\",\"description\":\"\",\"potentialAction\":[{\"@type\":\"SearchAction\",\"target\":{\"@type\":\"EntryPoint\",\"urlTemplate\":\"https:\/\/www.koupelnapro.com\/?s={search_term_string}\"},\"query-input\":{\"@type\":\"PropertyValueSpecification\",\"valueRequired\":true,\"valueName\":\"search_term_string\"}}],\"inLanguage\":\"cs\"}]}<\/script>\n<!-- \/ Yoast SEO plugin. -->","yoast_head_json":{"title":"Roth Project Sprchov\u00fd kout \u010dtvercov\u00fd ORLANDO NEO\/900, sklo matn\u00e9, r\u00e1m brillant Objednat Nyn\u00ed -","robots":{"index":"index","follow":"follow","max-snippet":"max-snippet:-1","max-image-preview":"max-image-preview:large","max-video-preview":"max-video-preview:-1"},"canonical":"https:\/\/www.koupelnapro.com\/index.php\/produkt\/roth-project-sprchovy-kout-ctvercovy-orlando-neo-900-sklo-matne-ram-brillant-objednat-nyni-39778\/","og_locale":"cs_CZ","og_type":"article","og_title":"Roth Project Sprchov\u00fd kout \u010dtvercov\u00fd ORLANDO NEO\/900, sklo matn\u00e9, r\u00e1m brillant Objednat Nyn\u00ed -","og_description":"Popis produktu Roth Project Sprchov\u00fd kout \u010dtvercov\u00fd ORLANDO NEO\/900, sklo matn\u00e9, r\u00e1m brillant \u010ctvercov&yacute; sprchov&yacute; kout s dvoud&iacute;ln&yacute;mi posuvn&yacute;mi dve\u0159mi Jednoduch&eacute;, osv\u011bd\u010den&eacute; a cenov\u011b snadno dostupn&eacute; \u0159e&scaron;en&iacute; pro va&scaron;i sprchu. V&yacute;pl\u0148 tvo\u0159&iacute; 4 mm bezpe\u010dnostn&iacute; sklo v matn&eacute;m proveden&iacute; a profil r&aacute;mu je v &uacute;prav\u011b brillant. Vzhledem k jednoduch&eacute; instalaci, p\u0159&iacute;zniv&eacute; cen\u011b a univerz&aacute;ln&iacute;mu vzhledu [&hellip;]","og_url":"https:\/\/www.koupelnapro.com\/index.php\/produkt\/roth-project-sprchovy-kout-ctvercovy-orlando-neo-900-sklo-matne-ram-brillant-objednat-nyni-39778\/","og_image":[{"width":410,"height":600,"url":"https:\/\/www.koupelnapro.com\/wp-content\/uploads\/2026\/SK0003466-CZ20260425-092632-0-1777080397-roth-project-sprchovy-kout-ctvercovy-orlando-neo-900-sklo-m.webp","type":"image\/webp"}],"twitter_card":"summary_large_image","twitter_misc":{"Odhadovan\u00e1 doba \u010dten\u00ed":"2 minuty"},"schema":{"@context":"https:\/\/schema.org","@graph":[{"@type":"WebPage","@id":"https:\/\/www.koupelnapro.com\/index.php\/produkt\/roth-project-sprchovy-kout-ctvercovy-orlando-neo-900-sklo-matne-ram-brillant-objednat-nyni-39778\/","url":"https:\/\/www.koupelnapro.com\/index.php\/produkt\/roth-project-sprchovy-kout-ctvercovy-orlando-neo-900-sklo-matne-ram-brillant-objednat-nyni-39778\/","name":"Roth Project Sprchov\u00fd kout \u010dtvercov\u00fd ORLANDO NEO\/900, sklo matn\u00e9, r\u00e1m brillant Objednat Nyn\u00ed -","isPartOf":{"@id":"https:\/\/www.koupelnapro.com\/#website"},"primaryImageOfPage":{"@id":"https:\/\/www.koupelnapro.com\/index.php\/produkt\/roth-project-sprchovy-kout-ctvercovy-orlando-neo-900-sklo-matne-ram-brillant-objednat-nyni-39778\/#primaryimage"},"image":{"@id":"https:\/\/www.koupelnapro.com\/index.php\/produkt\/roth-project-sprchovy-kout-ctvercovy-orlando-neo-900-sklo-matne-ram-brillant-objednat-nyni-39778\/#primaryimage"},"thumbnailUrl":"https:\/\/www.koupelnapro.com\/wp-content\/uploads\/2026\/SK0003466-CZ20260425-092632-0-1777080397-roth-project-sprchovy-kout-ctvercovy-orlando-neo-900-sklo-m.webp","datePublished":"2026-04-26T09:15:55+00:00","breadcrumb":{"@id":"https:\/\/www.koupelnapro.com\/index.php\/produkt\/roth-project-sprchovy-kout-ctvercovy-orlando-neo-900-sklo-matne-ram-brillant-objednat-nyni-39778\/#breadcrumb"},"inLanguage":"cs","potentialAction":[{"@type":"ReadAction","target":["https:\/\/www.koupelnapro.com\/index.php\/produkt\/roth-project-sprchovy-kout-ctvercovy-orlando-neo-900-sklo-matne-ram-brillant-objednat-nyni-39778\/"]}]},{"@type":"ImageObject","inLanguage":"cs","@id":"https:\/\/www.koupelnapro.com\/index.php\/produkt\/roth-project-sprchovy-kout-ctvercovy-orlando-neo-900-sklo-matne-ram-brillant-objednat-nyni-39778\/#primaryimage","url":"https:\/\/www.koupelnapro.com\/wp-content\/uploads\/2026\/SK0003466-CZ20260425-092632-0-1777080397-roth-project-sprchovy-kout-ctvercovy-orlando-neo-900-sklo-m.webp","contentUrl":"https:\/\/www.koupelnapro.com\/wp-content\/uploads\/2026\/SK0003466-CZ20260425-092632-0-1777080397-roth-project-sprchovy-kout-ctvercovy-orlando-neo-900-sklo-m.webp","width":410,"height":600},{"@type":"BreadcrumbList","@id":"https:\/\/www.koupelnapro.com\/index.php\/produkt\/roth-project-sprchovy-kout-ctvercovy-orlando-neo-900-sklo-matne-ram-brillant-objednat-nyni-39778\/#breadcrumb","itemListElement":[{"@type":"ListItem","position":1,"name":"Home","item":"https:\/\/www.koupelnapro.com\/"},{"@type":"ListItem","position":2,"name":"Products","item":"https:\/\/www.koupelnapro.com\/index.php\/products\/"},{"@type":"ListItem","position":3,"name":"Roth Project Sprchov\u00fd kout \u010dtvercov\u00fd ORLANDO NEO\/900, sklo matn\u00e9, r\u00e1m brillant Objednat Nyn\u00ed"}]},{"@type":"WebSite","@id":"https:\/\/www.koupelnapro.com\/#website","url":"https:\/\/www.koupelnapro.com\/","name":"","description":"","potentialAction":[{"@type":"SearchAction","target":{"@type":"EntryPoint","urlTemplate":"https:\/\/www.koupelnapro.com\/?s={search_term_string}"},"query-input":{"@type":"PropertyValueSpecification","valueRequired":true,"valueName":"search_term_string"}}],"inLanguage":"cs"}]}},"_links":{"self":[{"href":"https:\/\/www.koupelnapro.com\/index.php\/wp-json\/wp\/v2\/product\/39778","targetHints":{"allow":["GET"]}}],"collection":[{"href":"https:\/\/www.koupelnapro.com\/index.php\/wp-json\/wp\/v2\/product"}],"about":[{"href":"https:\/\/www.koupelnapro.com\/index.php\/wp-json\/wp\/v2\/types\/product"}],"replies":[{"embeddable":true,"href":"https:\/\/www.koupelnapro.com\/index.php\/wp-json\/wp\/v2\/comments?post=39778"}],"wp:featuredmedia":[{"embeddable":true,"href":"https:\/\/www.koupelnapro.com\/index.php\/wp-json\/wp\/v2\/media\/39878"}],"wp:attachment":[{"href":"https:\/\/www.koupelnapro.com\/index.php\/wp-json\/wp\/v2\/media?parent=39778"}],"wp:term":[{"taxonomy":"product_brand","embeddable":true,"href":"https:\/\/www.koupelnapro.com\/index.php\/wp-json\/wp\/v2\/product_brand?post=39778"},{"taxonomy":"product_cat","embeddable":true,"href":"https:\/\/www.koupelnapro.com\/index.php\/wp-json\/wp\/v2\/product_cat?post=39778"},{"taxonomy":"product_tag","embeddable":true,"href":"https:\/\/www.koupelnapro.com\/index.php\/wp-json\/wp\/v2\/product_tag?post=39778"}],"curies":[{"name":"wp","href":"https:\/\/api.w.org\/{rel}","templated":true}]}}