{"id":3949,"date":"2026-04-26T09:13:08","date_gmt":"2026-04-26T09:13:08","guid":{"rendered":""},"modified":"2026-04-26T09:13:08","modified_gmt":"2026-04-26T09:13:08","slug":"vents-ko125-klapka-zpetna-slidova-1009902-cenove-vyhodny-3949","status":"publish","type":"product","link":"https:\/\/www.koupelnapro.com\/index.php\/produkt\/vents-ko125-klapka-zpetna-slidova-1009902-cenove-vyhodny-3949\/","title":{"rendered":"VENTS KO125 klapka zp\u011btn\u00e1 sl\u00eddov\u00e1 \/1009902\/ Cenov\u011b V\u00fdhodn\u00fd"},"content":{"rendered":"<div id=\"e9185610\" class=\"pages\">\n<div id=\"PDDescription\" class=\"UserContentView userContent v1a v1 bs-view dcon dc150 PDDescription\" >\n<h2><span style=\"color: #008080;\">VENTS KO125 klapka zp\u011btn\u00e1 sl\u00eddov\u00e1 \/1009902\/<\/span><\/h2>\n<p>Zp\u011btn\u00e1 klapka KO 125 pro ventil\u00e1tory VENTS typ : S, LD, LDA. Zp\u011btn\u00e1 klapka pro domovn\u00ed axi\u00e1ln\u00ed ventil\u00e1tory zabra\u0148uje zp\u011btn\u00e9mu proud\u011bn\u00ed vzduchu, pokud je ventil\u00e1tor vypnut. Skl\u00e1d\u00e1 se z plastov\u00e9ho r\u00e1mu a pr\u016fhledn\u00e9 f\u00f3liov\u00e9 klapky. Nen\u00ed kompatibiln\u00ed s ventil\u00e1tory \u0159ady MA, PF, VKO, VKOk, VKO1, B3, B4, VVR.<\/p>\n<p>\u00a0<\/p>\n<h2><span style=\"color: #008080;\">Parametry<\/span><\/h2>\n<p>\u00a0<\/p>\n<table>\n<tbody>\n<tr>\n<th>Materi\u00e1l<\/th>\n<td>Plast<\/td>\n<\/tr>\n<tr>\n<th>Nominal duct width<\/th>\n<td>14\u00a0mm<\/td>\n<\/tr>\n<tr>\n<th>Jmenovit\u00fd pr\u016fm\u011br potrub\u00ed<\/th>\n<td>125 &#8211; 125\u00a0mm<\/td>\n<\/tr>\n<tr>\n<th>Hmotnost<\/th>\n<td>0,1 kg<\/td>\n<\/tr>\n<\/tbody>\n<\/table>\n<p><span style=\"color: #008080;\"><span style=\"color: #000000; text-transform: none; text-indent: 0px; letter-spacing: 1.5px; font-family: 'Source Sans Pro'; font-size: medium; font-style: normal; font-weight: 400; word-spacing: 0px; float: none; display: inline !important; white-space: normal; orphans: 2; widows: 2; background-color: #ffffff; font-variant-ligatures: normal; font-variant-caps: normal; -webkit-text-stroke-width: 0px; text-decoration-thickness: initial; text-decoration-style: initial; text-decoration-color: initial;\">\u00a0<\/span><\/span><\/p>\n<p>\u00a0<\/p>\n<div id=\"PDTable3\" class=\"ProductDetailTableView v3a v3 bs-view dcon dc175 PDTable3\" >\n<table>\n<thead><\/thead>\n<tbody>\n<tr class=\"attribute attr_bsshop_maker\">\n<td class=\"caption\">V\u00fdrobce<\/td>\n<td class=\"value\">ELEMAN<\/td>\n<\/tr>\n<\/tbody>\n<\/table><\/div>\n<\/div>\n<\/div>\n<div id=\"e9185611\" class=\"tabs\">\n","protected":false},"excerpt":{"rendered":"<p>VENTS KO125 klapka zp\u011btn\u00e1 sl\u00eddov\u00e1 \/1009902\/ Zp\u011btn\u00e1 klapka KO 125 pro ventil\u00e1tory VENTS typ : S, LD, LDA. Zp\u011btn\u00e1 klapka pro domovn\u00ed axi\u00e1ln\u00ed ventil\u00e1tory zabra\u0148uje zp\u011btn\u00e9mu proud\u011bn\u00ed vzduchu, pokud je ventil\u00e1tor vypnut. Skl\u00e1d\u00e1 se z plastov\u00e9ho r\u00e1mu a pr\u016fhledn\u00e9 f\u00f3liov\u00e9 klapky. Nen\u00ed kompatibiln\u00ed s ventil\u00e1tory \u0159ady MA, PF, VKO, VKOk, VKO1, B3, B4, VVR. \u00a0 [&hellip;]<\/p>\n","protected":false},"featured_media":4049,"comment_status":"open","ping_status":"open","template":"","meta":[],"product_brand":[],"product_cat":[42],"product_tag":[],"class_list":{"0":"post-3949","1":"product","2":"type-product","3":"status-publish","4":"has-post-thumbnail","6":"product_cat-ventil-225-tory","8":"first","9":"instock","10":"sale","11":"shipping-taxable","12":"purchasable","13":"product-type-simple"},"yoast_head":"<!-- This site is optimized with the Yoast SEO plugin v26.8 - https:\/\/yoast.com\/product\/yoast-seo-wordpress\/ -->\n<title>VENTS KO125 klapka zp\u011btn\u00e1 sl\u00eddov\u00e1 \/1009902\/ Cenov\u011b V\u00fdhodn\u00fd -<\/title>\n<meta name=\"robots\" content=\"index, follow, max-snippet:-1, max-image-preview:large, max-video-preview:-1\" \/>\n<link rel=\"canonical\" href=\"https:\/\/www.koupelnapro.com\/index.php\/produkt\/vents-ko125-klapka-zpetna-slidova-1009902-cenove-vyhodny-3949\/\" \/>\n<meta property=\"og:locale\" content=\"cs_CZ\" \/>\n<meta property=\"og:type\" content=\"article\" \/>\n<meta property=\"og:title\" content=\"VENTS KO125 klapka zp\u011btn\u00e1 sl\u00eddov\u00e1 \/1009902\/ Cenov\u011b V\u00fdhodn\u00fd -\" \/>\n<meta property=\"og:description\" content=\"VENTS KO125 klapka zp\u011btn\u00e1 sl\u00eddov\u00e1 \/1009902\/ Zp\u011btn\u00e1 klapka KO 125 pro ventil\u00e1tory VENTS typ : S, LD, LDA. Zp\u011btn\u00e1 klapka pro domovn\u00ed axi\u00e1ln\u00ed ventil\u00e1tory zabra\u0148uje zp\u011btn\u00e9mu proud\u011bn\u00ed vzduchu, pokud je ventil\u00e1tor vypnut. Skl\u00e1d\u00e1 se z plastov\u00e9ho r\u00e1mu a pr\u016fhledn\u00e9 f\u00f3liov\u00e9 klapky. Nen\u00ed kompatibiln\u00ed s ventil\u00e1tory \u0159ady MA, PF, VKO, VKOk, VKO1, B3, B4, VVR. \u00a0 [&hellip;]\" \/>\n<meta property=\"og:url\" content=\"https:\/\/www.koupelnapro.com\/index.php\/produkt\/vents-ko125-klapka-zpetna-slidova-1009902-cenove-vyhodny-3949\/\" \/>\n<meta property=\"og:image\" content=\"https:\/\/www.koupelnapro.com\/wp-content\/uploads\/2026\/SK0003522-CZ20260425-091623-0-1777079785-vents-ko125-klapka-zpetna-slidova-1009902.webp\" \/>\n\t<meta property=\"og:image:width\" content=\"1000\" \/>\n\t<meta property=\"og:image:height\" content=\"525\" \/>\n\t<meta property=\"og:image:type\" content=\"image\/webp\" \/>\n<meta name=\"twitter:card\" content=\"summary_large_image\" \/>\n<script type=\"application\/ld+json\" class=\"yoast-schema-graph\">{\"@context\":\"https:\/\/schema.org\",\"@graph\":[{\"@type\":\"WebPage\",\"@id\":\"https:\/\/www.koupelnapro.com\/index.php\/produkt\/vents-ko125-klapka-zpetna-slidova-1009902-cenove-vyhodny-3949\/\",\"url\":\"https:\/\/www.koupelnapro.com\/index.php\/produkt\/vents-ko125-klapka-zpetna-slidova-1009902-cenove-vyhodny-3949\/\",\"name\":\"VENTS KO125 klapka zp\u011btn\u00e1 sl\u00eddov\u00e1 \/1009902\/ Cenov\u011b V\u00fdhodn\u00fd -\",\"isPartOf\":{\"@id\":\"https:\/\/www.koupelnapro.com\/#website\"},\"primaryImageOfPage\":{\"@id\":\"https:\/\/www.koupelnapro.com\/index.php\/produkt\/vents-ko125-klapka-zpetna-slidova-1009902-cenove-vyhodny-3949\/#primaryimage\"},\"image\":{\"@id\":\"https:\/\/www.koupelnapro.com\/index.php\/produkt\/vents-ko125-klapka-zpetna-slidova-1009902-cenove-vyhodny-3949\/#primaryimage\"},\"thumbnailUrl\":\"https:\/\/www.koupelnapro.com\/wp-content\/uploads\/2026\/SK0003522-CZ20260425-091623-0-1777079785-vents-ko125-klapka-zpetna-slidova-1009902.webp\",\"datePublished\":\"2026-04-26T09:13:08+00:00\",\"breadcrumb\":{\"@id\":\"https:\/\/www.koupelnapro.com\/index.php\/produkt\/vents-ko125-klapka-zpetna-slidova-1009902-cenove-vyhodny-3949\/#breadcrumb\"},\"inLanguage\":\"cs\",\"potentialAction\":[{\"@type\":\"ReadAction\",\"target\":[\"https:\/\/www.koupelnapro.com\/index.php\/produkt\/vents-ko125-klapka-zpetna-slidova-1009902-cenove-vyhodny-3949\/\"]}]},{\"@type\":\"ImageObject\",\"inLanguage\":\"cs\",\"@id\":\"https:\/\/www.koupelnapro.com\/index.php\/produkt\/vents-ko125-klapka-zpetna-slidova-1009902-cenove-vyhodny-3949\/#primaryimage\",\"url\":\"https:\/\/www.koupelnapro.com\/wp-content\/uploads\/2026\/SK0003522-CZ20260425-091623-0-1777079785-vents-ko125-klapka-zpetna-slidova-1009902.webp\",\"contentUrl\":\"https:\/\/www.koupelnapro.com\/wp-content\/uploads\/2026\/SK0003522-CZ20260425-091623-0-1777079785-vents-ko125-klapka-zpetna-slidova-1009902.webp\",\"width\":1000,\"height\":525},{\"@type\":\"BreadcrumbList\",\"@id\":\"https:\/\/www.koupelnapro.com\/index.php\/produkt\/vents-ko125-klapka-zpetna-slidova-1009902-cenove-vyhodny-3949\/#breadcrumb\",\"itemListElement\":[{\"@type\":\"ListItem\",\"position\":1,\"name\":\"Home\",\"item\":\"https:\/\/www.koupelnapro.com\/\"},{\"@type\":\"ListItem\",\"position\":2,\"name\":\"Products\",\"item\":\"https:\/\/www.koupelnapro.com\/index.php\/products\/\"},{\"@type\":\"ListItem\",\"position\":3,\"name\":\"VENTS KO125 klapka zp\u011btn\u00e1 sl\u00eddov\u00e1 \/1009902\/ Cenov\u011b V\u00fdhodn\u00fd\"}]},{\"@type\":\"WebSite\",\"@id\":\"https:\/\/www.koupelnapro.com\/#website\",\"url\":\"https:\/\/www.koupelnapro.com\/\",\"name\":\"\",\"description\":\"\",\"potentialAction\":[{\"@type\":\"SearchAction\",\"target\":{\"@type\":\"EntryPoint\",\"urlTemplate\":\"https:\/\/www.koupelnapro.com\/?s={search_term_string}\"},\"query-input\":{\"@type\":\"PropertyValueSpecification\",\"valueRequired\":true,\"valueName\":\"search_term_string\"}}],\"inLanguage\":\"cs\"}]}<\/script>\n<!-- \/ Yoast SEO plugin. -->","yoast_head_json":{"title":"VENTS KO125 klapka zp\u011btn\u00e1 sl\u00eddov\u00e1 \/1009902\/ Cenov\u011b V\u00fdhodn\u00fd -","robots":{"index":"index","follow":"follow","max-snippet":"max-snippet:-1","max-image-preview":"max-image-preview:large","max-video-preview":"max-video-preview:-1"},"canonical":"https:\/\/www.koupelnapro.com\/index.php\/produkt\/vents-ko125-klapka-zpetna-slidova-1009902-cenove-vyhodny-3949\/","og_locale":"cs_CZ","og_type":"article","og_title":"VENTS KO125 klapka zp\u011btn\u00e1 sl\u00eddov\u00e1 \/1009902\/ Cenov\u011b V\u00fdhodn\u00fd -","og_description":"VENTS KO125 klapka zp\u011btn\u00e1 sl\u00eddov\u00e1 \/1009902\/ Zp\u011btn\u00e1 klapka KO 125 pro ventil\u00e1tory VENTS typ : S, LD, LDA. Zp\u011btn\u00e1 klapka pro domovn\u00ed axi\u00e1ln\u00ed ventil\u00e1tory zabra\u0148uje zp\u011btn\u00e9mu proud\u011bn\u00ed vzduchu, pokud je ventil\u00e1tor vypnut. Skl\u00e1d\u00e1 se z plastov\u00e9ho r\u00e1mu a pr\u016fhledn\u00e9 f\u00f3liov\u00e9 klapky. Nen\u00ed kompatibiln\u00ed s ventil\u00e1tory \u0159ady MA, PF, VKO, VKOk, VKO1, B3, B4, VVR. \u00a0 [&hellip;]","og_url":"https:\/\/www.koupelnapro.com\/index.php\/produkt\/vents-ko125-klapka-zpetna-slidova-1009902-cenove-vyhodny-3949\/","og_image":[{"width":1000,"height":525,"url":"https:\/\/www.koupelnapro.com\/wp-content\/uploads\/2026\/SK0003522-CZ20260425-091623-0-1777079785-vents-ko125-klapka-zpetna-slidova-1009902.webp","type":"image\/webp"}],"twitter_card":"summary_large_image","schema":{"@context":"https:\/\/schema.org","@graph":[{"@type":"WebPage","@id":"https:\/\/www.koupelnapro.com\/index.php\/produkt\/vents-ko125-klapka-zpetna-slidova-1009902-cenove-vyhodny-3949\/","url":"https:\/\/www.koupelnapro.com\/index.php\/produkt\/vents-ko125-klapka-zpetna-slidova-1009902-cenove-vyhodny-3949\/","name":"VENTS KO125 klapka zp\u011btn\u00e1 sl\u00eddov\u00e1 \/1009902\/ Cenov\u011b V\u00fdhodn\u00fd -","isPartOf":{"@id":"https:\/\/www.koupelnapro.com\/#website"},"primaryImageOfPage":{"@id":"https:\/\/www.koupelnapro.com\/index.php\/produkt\/vents-ko125-klapka-zpetna-slidova-1009902-cenove-vyhodny-3949\/#primaryimage"},"image":{"@id":"https:\/\/www.koupelnapro.com\/index.php\/produkt\/vents-ko125-klapka-zpetna-slidova-1009902-cenove-vyhodny-3949\/#primaryimage"},"thumbnailUrl":"https:\/\/www.koupelnapro.com\/wp-content\/uploads\/2026\/SK0003522-CZ20260425-091623-0-1777079785-vents-ko125-klapka-zpetna-slidova-1009902.webp","datePublished":"2026-04-26T09:13:08+00:00","breadcrumb":{"@id":"https:\/\/www.koupelnapro.com\/index.php\/produkt\/vents-ko125-klapka-zpetna-slidova-1009902-cenove-vyhodny-3949\/#breadcrumb"},"inLanguage":"cs","potentialAction":[{"@type":"ReadAction","target":["https:\/\/www.koupelnapro.com\/index.php\/produkt\/vents-ko125-klapka-zpetna-slidova-1009902-cenove-vyhodny-3949\/"]}]},{"@type":"ImageObject","inLanguage":"cs","@id":"https:\/\/www.koupelnapro.com\/index.php\/produkt\/vents-ko125-klapka-zpetna-slidova-1009902-cenove-vyhodny-3949\/#primaryimage","url":"https:\/\/www.koupelnapro.com\/wp-content\/uploads\/2026\/SK0003522-CZ20260425-091623-0-1777079785-vents-ko125-klapka-zpetna-slidova-1009902.webp","contentUrl":"https:\/\/www.koupelnapro.com\/wp-content\/uploads\/2026\/SK0003522-CZ20260425-091623-0-1777079785-vents-ko125-klapka-zpetna-slidova-1009902.webp","width":1000,"height":525},{"@type":"BreadcrumbList","@id":"https:\/\/www.koupelnapro.com\/index.php\/produkt\/vents-ko125-klapka-zpetna-slidova-1009902-cenove-vyhodny-3949\/#breadcrumb","itemListElement":[{"@type":"ListItem","position":1,"name":"Home","item":"https:\/\/www.koupelnapro.com\/"},{"@type":"ListItem","position":2,"name":"Products","item":"https:\/\/www.koupelnapro.com\/index.php\/products\/"},{"@type":"ListItem","position":3,"name":"VENTS KO125 klapka zp\u011btn\u00e1 sl\u00eddov\u00e1 \/1009902\/ Cenov\u011b V\u00fdhodn\u00fd"}]},{"@type":"WebSite","@id":"https:\/\/www.koupelnapro.com\/#website","url":"https:\/\/www.koupelnapro.com\/","name":"","description":"","potentialAction":[{"@type":"SearchAction","target":{"@type":"EntryPoint","urlTemplate":"https:\/\/www.koupelnapro.com\/?s={search_term_string}"},"query-input":{"@type":"PropertyValueSpecification","valueRequired":true,"valueName":"search_term_string"}}],"inLanguage":"cs"}]}},"_links":{"self":[{"href":"https:\/\/www.koupelnapro.com\/index.php\/wp-json\/wp\/v2\/product\/3949","targetHints":{"allow":["GET"]}}],"collection":[{"href":"https:\/\/www.koupelnapro.com\/index.php\/wp-json\/wp\/v2\/product"}],"about":[{"href":"https:\/\/www.koupelnapro.com\/index.php\/wp-json\/wp\/v2\/types\/product"}],"replies":[{"embeddable":true,"href":"https:\/\/www.koupelnapro.com\/index.php\/wp-json\/wp\/v2\/comments?post=3949"}],"wp:featuredmedia":[{"embeddable":true,"href":"https:\/\/www.koupelnapro.com\/index.php\/wp-json\/wp\/v2\/media\/4049"}],"wp:attachment":[{"href":"https:\/\/www.koupelnapro.com\/index.php\/wp-json\/wp\/v2\/media?parent=3949"}],"wp:term":[{"taxonomy":"product_brand","embeddable":true,"href":"https:\/\/www.koupelnapro.com\/index.php\/wp-json\/wp\/v2\/product_brand?post=3949"},{"taxonomy":"product_cat","embeddable":true,"href":"https:\/\/www.koupelnapro.com\/index.php\/wp-json\/wp\/v2\/product_cat?post=3949"},{"taxonomy":"product_tag","embeddable":true,"href":"https:\/\/www.koupelnapro.com\/index.php\/wp-json\/wp\/v2\/product_tag?post=3949"}],"curies":[{"name":"wp","href":"https:\/\/api.w.org\/{rel}","templated":true}]}}