{"id":3930,"date":"2026-04-26T09:13:08","date_gmt":"2026-04-26T09:13:08","guid":{"rendered":""},"modified":"2026-04-26T09:13:08","modified_gmt":"2026-04-26T09:13:08","slug":"odeslani-ihned-soler-amp-palau-decor-100-cdz-ipx4-maly-axialni-ventilator-zpetna-klapka-infracidlo-lozisko-3930","status":"publish","type":"product","link":"https:\/\/www.koupelnapro.com\/index.php\/produkt\/odeslani-ihned-soler-amp-palau-decor-100-cdz-ipx4-maly-axialni-ventilator-zpetna-klapka-infracidlo-lozisko-3930\/","title":{"rendered":"Odesl\u00e1n\u00ed Ihned Soler&amp;Palau DECOR 100 CDZ IPX4 mal\u00fd axi\u00e1ln\u00ed ventil\u00e1tor zp\u011btn\u00e1 klapka, infra\u010didlo, lo\u017eisko"},"content":{"rendered":"<div id=\"e9183200\" class=\"pages\">\n<div id=\"PDDescription\" class=\"UserContentView userContent v1a v1 bs-view dcon dc150 PDDescription\" >\n<h2><span style=\"color: #008080;\">Soler&amp;Palau DECOR 100 CDZ mal\u00fd axi\u00e1ln\u00ed ventil\u00e1tor zp\u011btn\u00e1 klapka, infra\u010didlo, lo\u017eisko<\/span><\/h2>\n<p>\u00a0<\/p>\n<p>Ventil\u00e1tor pro odv\u011btr\u00e1n\u00ed koupelny, vnit\u0159n\u00edch prostor, sprchov\u00fdch kout\u016f, s\u00a0doporu\u010den\u00fdm pou\u017eit\u00edm potrub\u00ed do t\u0159ech metr\u016f d\u00e9lky. Ventil\u00e1tor lze montovat ve vodorovn\u00e9 poloze tak ve svisl\u00e9. Je tedy bez omezen\u00ed pro svou mont\u00e1\u017e. Tich\u00fd ventil\u00e1tor se spot\u0159ebou 13W a kr\u00e1sn\u00fdm modern\u00edm vzhledem.<\/p>\n<p><span style=\"color: #008080;\"><span style=\"color: #008080;\">N\u00e1vod k pou\u017eit\u00ed je ke sta\u017een\u00ed ZDE.:<\/span><\/span><\/p>\n<p>\u00a0<\/p>\n<p>\u00a0<strong style=\"font-size: 12px; font-weight: bold;\">Technick\u00e9 parametry<\/strong><\/p>\n<div id=\"zalozka_2a\" class=\"zalozka_on\" style=\"background: url('nadpisbg.gif') repeat-x top #ffffff; padding: 3px 0px 20px; text-align: left; color: #000000; text-transform: none; text-indent: 0px; letter-spacing: normal; font-family: Arial; font-size: 12px; font-style: normal; font-weight: 400; word-spacing: 0px; display: block; white-space: normal; orphans: 2; widows: 2; -webkit-text-stroke-width: 0px; font-variant-ligatures: normal; font-variant-caps: normal; text-decoration-style: initial; text-decoration-color: initial;\"><\/p>\n<table class=\"datatable\" style=\"width: 694px; font-size: 11px; border-collapse: collapse;\">\n<colgroup>\n<col width=\"11%\">\n<col width=\"11%\">\n<col width=\"11%\">\n<col width=\"11%\">\n<col width=\"11%\">\n<col width=\"11%\">\n<col width=\"11%\">\n<col width=\"11%\">\n<col width=\"11%\"><\/colgroup>\n<tbody>\n<tr>\n<th style=\"padding: 5px; text-align: right; color: white; font-weight: bold; background-color: #999999;\" valign=\"top\" width=\"11%\">ot\u00e1\u010dky<br \/><span style=\"font-weight: normal;\">[min-1]<\/span><\/th>\n<th style=\"padding: 5px; text-align: right; color: white; font-weight: bold; background-color: #999999;\" valign=\"top\" width=\"11%\">pr\u016ftok (0 Pa)<br \/><span style=\"font-weight: normal;\">[m3\/h]<\/span><\/th>\n<th style=\"padding: 5px; text-align: right; color: white; font-weight: bold; background-color: #999999;\" valign=\"top\" width=\"11%\">v\u00fdkon<br \/><span style=\"font-weight: normal;\">[W]<\/span><\/th>\n<th style=\"padding: 5px; text-align: right; color: white; font-weight: bold; background-color: #999999;\" valign=\"top\" width=\"11%\">nap\u011bt\u00ed<br \/><span style=\"font-weight: normal;\">[V]<\/span><\/th>\n<th style=\"padding: 5px; text-align: right; color: white; font-weight: bold; background-color: #999999;\" valign=\"top\" width=\"11%\">max. teplota<br \/><span style=\"font-weight: normal;\">[\u00b0C]<\/span><\/th>\n<th style=\"padding: 5px; text-align: right; color: white; font-weight: bold; background-color: #999999;\" valign=\"top\" width=\"11%\">\u00d8 potrub\u00ed<br \/><span style=\"font-weight: normal;\">[mm]<\/span><\/th>\n<th style=\"padding: 5px; text-align: right; color: white; font-weight: bold; background-color: #999999;\" valign=\"top\" width=\"11%\">akust. tlak<br \/><span style=\"font-weight: normal;\">[dB(A)]<\/span><\/th>\n<th style=\"padding: 5px; text-align: right; color: white; font-weight: bold; background-color: #999999;\" valign=\"top\" width=\"11%\">hmotnost<br \/><span style=\"font-weight: normal;\">[kg]<\/span><\/th>\n<th style=\"padding: 5px; text-align: right; color: white; font-weight: bold; background-color: #999999;\" valign=\"top\" width=\"11%\">regul\u00e1tor<\/th>\n<\/tr>\n<tr>\n<td style=\"padding: 5px; text-align: right; background-color: #f3f3f3;\" width=\"11%\">2500<\/td>\n<td style=\"padding: 5px; text-align: right; background-color: #f3f3f3;\" width=\"11%\">95<\/td>\n<td style=\"padding: 5px; text-align: right; background-color: #f3f3f3;\" width=\"11%\">13<\/td>\n<td style=\"padding: 5px; text-align: right; background-color: #f3f3f3;\" width=\"11%\">230<\/td>\n<td style=\"padding: 5px; text-align: right; background-color: #f3f3f3;\" width=\"11%\">40<\/td>\n<td style=\"padding: 5px; text-align: right; background-color: #f3f3f3;\" width=\"11%\">100<\/td>\n<td style=\"padding: 5px; text-align: right; background-color: #f3f3f3;\" width=\"11%\">40<\/td>\n<td style=\"padding: 5px; text-align: right; background-color: #f3f3f3;\" width=\"11%\">0,44<\/td>\n<td style=\"padding: 5px; text-align: right; background-color: #f3f3f3;\" width=\"11%\">na dotaz<\/td>\n<\/tr>\n<\/tbody>\n<\/table>\n<\/div>\n<p>\u00a0<\/p>\n<table class=\"nopadding\" style=\"padding: 0px; text-align: left; color: #000000; text-transform: none; text-indent: 0px; letter-spacing: normal; font-family: Arial; font-size: 12px; font-style: normal; font-weight: 400; word-spacing: 0px; white-space: normal; orphans: 2; widows: 2; background-color: #ffffff; -webkit-text-stroke-width: 0px; font-variant-ligatures: normal; font-variant-caps: normal; text-decoration-style: initial; text-decoration-color: initial;\">\n<tbody>\n<tr>\n<td style=\"padding: 0px;\" valign=\"top\">\u00a0<\/td>\n<td style=\"padding: 0px;\" width=\"7\">\u00a0<\/td>\n<td style=\"padding: 0px;\" valign=\"top\"><strong>Sk\u0159\u00ed\u0148<\/strong><br \/>Sk\u0159\u00ed\u0148 je z n\u00e1razuvzdorn\u00e9ho plastu, barva je b\u00edl\u00e1. Sk\u0159\u00ed\u0148 je ur\u010dena k mont\u00e1\u017ei na st\u011bnu. Ventil\u00e1tory obsahuj\u00ed zp\u011btnou klapku, jej\u00ed\u017e \u0159e\u0161en\u00ed je patentov\u00e1no.<\/td>\n<\/tr>\n<tr>\n<td style=\"padding: 0px;\" colspan=\"3\" height=\"5\">\u00a0<\/td>\n<\/tr>\n<tr>\n<td style=\"padding: 0px;\" valign=\"top\">\u00a0<\/td>\n<td style=\"padding: 0px;\" width=\"7\">\u00a0<\/td>\n<td style=\"padding: 0px;\" valign=\"top\"><strong>Ob\u011b\u017en\u00e9 kolo<\/strong><br \/>Ob\u011b\u017en\u00e9 kolo je axi\u00e1ln\u00ed, vyroben\u00e9 z n\u00e1razuvzdorn\u00e9ho plastu.<\/td>\n<\/tr>\n<tr>\n<td style=\"padding: 0px;\" colspan=\"3\" height=\"5\">\u00a0<\/td>\n<\/tr>\n<tr>\n<td style=\"padding: 0px;\" valign=\"top\">\u00a0<\/td>\n<td style=\"padding: 0px;\" width=\"7\">\u00a0<\/td>\n<td style=\"padding: 0px;\" valign=\"top\"><strong>Motor<\/strong><br \/>Motor je asynchronn\u00ed s kotvou nakr\u00e1tko a st\u00edn\u011bn\u00fdm p\u00f3lem. Motor je vybaven ochranou proti p\u0159et\u00ed\u017een\u00ed. Maxim\u00e1ln\u00ed provozn\u00ed teplota okol\u00ed je 40 \u02daC. Motor m\u00e1 kuli\u010dkov\u00e1 lo\u017eiska s tukovou n\u00e1pln\u00ed na dobu \u017eivotnosti. Kryt\u00ed IPX4 (typ 12 V je IP57).<\/td>\n<\/tr>\n<tr>\n<td style=\"padding: 0px;\" colspan=\"3\" height=\"5\">\u00a0<\/td>\n<\/tr>\n<tr>\n<td style=\"padding: 0px;\" valign=\"top\">\u00a0<\/td>\n<td style=\"padding: 0px;\" width=\"7\">\u00a0<\/td>\n<td style=\"padding: 0px;\" valign=\"top\"><strong>Svorkovnice<\/strong><br \/>Svorkovnice je p\u0159\u00edstupn\u00e1 po sejmut\u00ed \u010deln\u00ed m\u0159\u00ed\u017eky ventil\u00e1toru. P\u0159ipojen\u00ed je kabelem pod om\u00edtkou.<\/td>\n<\/tr>\n<tr>\n<td style=\"padding: 0px;\" colspan=\"3\" height=\"5\">\u00a0<\/td>\n<\/tr>\n<tr>\n<td style=\"padding: 0px;\" valign=\"top\">\u00a0<\/td>\n<td style=\"padding: 0px;\" width=\"7\">\u00a0<\/td>\n<td style=\"padding: 0px;\" valign=\"top\"><strong>Regulace ot\u00e1\u010dek<\/strong><br \/>Regulace ot\u00e1\u010dek se prov\u00e1d\u00ed zm\u011bnou nap\u011bt\u00ed speci\u00e1ln\u00edmi regul\u00e1tory.<\/td>\n<\/tr>\n<tr>\n<td style=\"padding: 0px;\" colspan=\"3\" height=\"5\">\u00a0<\/td>\n<\/tr>\n<tr>\n<td style=\"padding: 0px;\" valign=\"top\">\u00a0<\/td>\n<td style=\"padding: 0px;\" width=\"7\">\u00a0<\/td>\n<td style=\"padding: 0px;\" valign=\"top\"><strong>Hluk<\/strong><br \/>Hluk emitovan\u00fd ventil\u00e1torem je m\u011b\u0159en ve vzd\u00e1lenosti 1,5 m v ose ventil\u00e1toru na stran\u011b s\u00e1n\u00ed.<\/td>\n<\/tr>\n<tr>\n<td style=\"padding: 0px;\" colspan=\"3\" height=\"5\">\u00a0<\/td>\n<\/tr>\n<tr>\n<td style=\"padding: 0px;\" valign=\"top\">\u00a0<\/td>\n<td style=\"padding: 0px;\" width=\"7\">\u00a0<\/td>\n<td style=\"padding: 0px;\" valign=\"top\"><strong>Varianty<\/strong><br \/>Z \u2013 kuli\u010dkov\u00e1 lo\u017eiska<br \/>C &#8211; zp\u011btn\u00e1 klapka<br \/>R &#8211; nastaviteln\u00fd dob\u011bh 1 &#8211; 30 minut<br \/>H \u2013 s hygrostatem, nastaviteln\u00fd dob\u011bh 1 &#8211; 30 minut<br \/>D \u2013 s infra\u010didlem<br \/>12V \u2013 bezpe\u010dn\u00e9 proveden\u00ed IP57<br \/>VISUAL &#8211; hygrostat je nastaviteln\u00fd na \u010deln\u00ed m\u0159\u00ed\u017ece<\/td>\n<\/tr>\n<tr>\n<td style=\"padding: 0px;\" colspan=\"3\" height=\"5\">\u00a0<\/td>\n<\/tr>\n<tr>\n<td style=\"padding: 0px;\" valign=\"top\">\u00a0<\/td>\n<td style=\"padding: 0px;\" width=\"7\">\u00a0<\/td>\n<td style=\"padding: 0px;\" valign=\"top\"><strong>Mont\u00e1\u017e<\/strong><br \/>Mont\u00e1\u017e bez omezen\u00ed horizont\u00e1ln\u011b i vertik\u00e1ln\u011b. Upevn\u011bn\u00ed \u010dty\u0159mi \u0161rouby pod m\u0159\u00ed\u017ekou ventil\u00e1toru. \u0160rouby a hmo\u017edinky jsou v p\u0159\u00edslu\u0161enstv\u00ed.<\/td>\n<\/tr>\n<tr>\n<td style=\"padding: 0px;\" colspan=\"3\" height=\"5\">\u00a0<\/td>\n<\/tr>\n<tr>\n<td style=\"padding: 0px;\" valign=\"top\">\u00a0<\/td>\n<td style=\"padding: 0px;\" width=\"7\">\u00a0<\/td>\n<td style=\"padding: 0px;\" valign=\"top\"><strong>Pokyny<\/strong><br \/>Ventil\u00e1tory jsou vhodn\u00e9 pro kr\u00e1tk\u00e9 vzduchovody s velmi n\u00edzkou tlakovou ztr\u00e1tou nebo k odv\u011btr\u00e1n\u00ed p\u0159\u00edmo p\u0159es st\u011bnu. Variantu R je mo\u017en\u00e9 spou\u0161t\u011bt tla\u010d\u00edtkem.<\/td>\n<\/tr>\n<tr>\n<td style=\"padding: 0px;\" colspan=\"3\" height=\"5\">\u00a0<\/td>\n<\/tr>\n<\/tbody>\n<\/table>\n<p><span style=\"color: #008080;\">\u00a0<\/span><\/p>\n<div id=\"PDTable3\" class=\"ProductDetailTableView v3a v3 bs-view dcon dc175 PDTable3\" >\n<table>\n<thead><\/thead>\n<tbody>\n<tr class=\"attribute attr_bsshop_maker\">\n<td class=\"caption\">V\u00fdrobce<\/td>\n<td class=\"value\">Soler&#038;Palau<\/td>\n<\/tr>\n<\/tbody>\n<\/table><\/div>\n<\/div>\n<\/div>\n<div id=\"e9183201\" class=\"tabs\">\n","protected":false},"excerpt":{"rendered":"<p>Soler&amp;Palau DECOR 100 CDZ mal\u00fd axi\u00e1ln\u00ed ventil\u00e1tor zp\u011btn\u00e1 klapka, infra\u010didlo, lo\u017eisko \u00a0 Ventil\u00e1tor pro odv\u011btr\u00e1n\u00ed koupelny, vnit\u0159n\u00edch prostor, sprchov\u00fdch kout\u016f, s\u00a0doporu\u010den\u00fdm pou\u017eit\u00edm potrub\u00ed do t\u0159ech metr\u016f d\u00e9lky. Ventil\u00e1tor lze montovat ve vodorovn\u00e9 poloze tak ve svisl\u00e9. Je tedy bez omezen\u00ed pro svou mont\u00e1\u017e. Tich\u00fd ventil\u00e1tor se spot\u0159ebou 13W a kr\u00e1sn\u00fdm modern\u00edm vzhledem. N\u00e1vod k pou\u017eit\u00ed [&hellip;]<\/p>\n","protected":false},"featured_media":4030,"comment_status":"open","ping_status":"open","template":"","meta":[],"product_brand":[],"product_cat":[42],"product_tag":[],"class_list":{"0":"post-3930","1":"product","2":"type-product","3":"status-publish","4":"has-post-thumbnail","6":"product_cat-ventil-225-tory","8":"first","9":"instock","10":"sale","11":"shipping-taxable","12":"purchasable","13":"product-type-simple"},"yoast_head":"<!-- This site is optimized with the Yoast SEO plugin v26.8 - https:\/\/yoast.com\/product\/yoast-seo-wordpress\/ -->\n<title>Odesl\u00e1n\u00ed Ihned Soler&amp;Palau DECOR 100 CDZ IPX4 mal\u00fd axi\u00e1ln\u00ed ventil\u00e1tor zp\u011btn\u00e1 klapka, infra\u010didlo, lo\u017eisko -<\/title>\n<meta name=\"robots\" content=\"index, follow, max-snippet:-1, max-image-preview:large, max-video-preview:-1\" \/>\n<link rel=\"canonical\" href=\"https:\/\/www.koupelnapro.com\/index.php\/produkt\/odeslani-ihned-soler-amp-palau-decor-100-cdz-ipx4-maly-axialni-ventilator-zpetna-klapka-infracidlo-lozisko-3930\/\" \/>\n<meta property=\"og:locale\" content=\"cs_CZ\" \/>\n<meta property=\"og:type\" content=\"article\" \/>\n<meta property=\"og:title\" content=\"Odesl\u00e1n\u00ed Ihned Soler&amp;Palau DECOR 100 CDZ IPX4 mal\u00fd axi\u00e1ln\u00ed ventil\u00e1tor zp\u011btn\u00e1 klapka, infra\u010didlo, lo\u017eisko -\" \/>\n<meta property=\"og:description\" content=\"Soler&amp;Palau DECOR 100 CDZ mal\u00fd axi\u00e1ln\u00ed ventil\u00e1tor zp\u011btn\u00e1 klapka, infra\u010didlo, lo\u017eisko \u00a0 Ventil\u00e1tor pro odv\u011btr\u00e1n\u00ed koupelny, vnit\u0159n\u00edch prostor, sprchov\u00fdch kout\u016f, s\u00a0doporu\u010den\u00fdm pou\u017eit\u00edm potrub\u00ed do t\u0159ech metr\u016f d\u00e9lky. Ventil\u00e1tor lze montovat ve vodorovn\u00e9 poloze tak ve svisl\u00e9. Je tedy bez omezen\u00ed pro svou mont\u00e1\u017e. Tich\u00fd ventil\u00e1tor se spot\u0159ebou 13W a kr\u00e1sn\u00fdm modern\u00edm vzhledem. N\u00e1vod k pou\u017eit\u00ed [&hellip;]\" \/>\n<meta property=\"og:url\" content=\"https:\/\/www.koupelnapro.com\/index.php\/produkt\/odeslani-ihned-soler-amp-palau-decor-100-cdz-ipx4-maly-axialni-ventilator-zpetna-klapka-infracidlo-lozisko-3930\/\" \/>\n<meta property=\"og:image\" content=\"https:\/\/www.koupelnapro.com\/wp-content\/uploads\/2026\/SK0003501-CZ20260425-091623-0-1777079785-soler-palau-decor-100-cdz-ipx4-maly-axialni-ventilator-zpet.webp\" \/>\n\t<meta property=\"og:image:width\" content=\"1000\" \/>\n\t<meta property=\"og:image:height\" content=\"525\" \/>\n\t<meta property=\"og:image:type\" content=\"image\/webp\" \/>\n<meta name=\"twitter:card\" content=\"summary_large_image\" \/>\n<meta name=\"twitter:label1\" content=\"Odhadovan\u00e1 doba \u010dten\u00ed\" \/>\n\t<meta name=\"twitter:data1\" content=\"2 minuty\" \/>\n<script type=\"application\/ld+json\" class=\"yoast-schema-graph\">{\"@context\":\"https:\/\/schema.org\",\"@graph\":[{\"@type\":\"WebPage\",\"@id\":\"https:\/\/www.koupelnapro.com\/index.php\/produkt\/odeslani-ihned-soler-amp-palau-decor-100-cdz-ipx4-maly-axialni-ventilator-zpetna-klapka-infracidlo-lozisko-3930\/\",\"url\":\"https:\/\/www.koupelnapro.com\/index.php\/produkt\/odeslani-ihned-soler-amp-palau-decor-100-cdz-ipx4-maly-axialni-ventilator-zpetna-klapka-infracidlo-lozisko-3930\/\",\"name\":\"Odesl\u00e1n\u00ed Ihned Soler&amp;Palau DECOR 100 CDZ IPX4 mal\u00fd axi\u00e1ln\u00ed ventil\u00e1tor zp\u011btn\u00e1 klapka, infra\u010didlo, lo\u017eisko -\",\"isPartOf\":{\"@id\":\"https:\/\/www.koupelnapro.com\/#website\"},\"primaryImageOfPage\":{\"@id\":\"https:\/\/www.koupelnapro.com\/index.php\/produkt\/odeslani-ihned-soler-amp-palau-decor-100-cdz-ipx4-maly-axialni-ventilator-zpetna-klapka-infracidlo-lozisko-3930\/#primaryimage\"},\"image\":{\"@id\":\"https:\/\/www.koupelnapro.com\/index.php\/produkt\/odeslani-ihned-soler-amp-palau-decor-100-cdz-ipx4-maly-axialni-ventilator-zpetna-klapka-infracidlo-lozisko-3930\/#primaryimage\"},\"thumbnailUrl\":\"https:\/\/www.koupelnapro.com\/wp-content\/uploads\/2026\/SK0003501-CZ20260425-091623-0-1777079785-soler-palau-decor-100-cdz-ipx4-maly-axialni-ventilator-zpet.webp\",\"datePublished\":\"2026-04-26T09:13:08+00:00\",\"breadcrumb\":{\"@id\":\"https:\/\/www.koupelnapro.com\/index.php\/produkt\/odeslani-ihned-soler-amp-palau-decor-100-cdz-ipx4-maly-axialni-ventilator-zpetna-klapka-infracidlo-lozisko-3930\/#breadcrumb\"},\"inLanguage\":\"cs\",\"potentialAction\":[{\"@type\":\"ReadAction\",\"target\":[\"https:\/\/www.koupelnapro.com\/index.php\/produkt\/odeslani-ihned-soler-amp-palau-decor-100-cdz-ipx4-maly-axialni-ventilator-zpetna-klapka-infracidlo-lozisko-3930\/\"]}]},{\"@type\":\"ImageObject\",\"inLanguage\":\"cs\",\"@id\":\"https:\/\/www.koupelnapro.com\/index.php\/produkt\/odeslani-ihned-soler-amp-palau-decor-100-cdz-ipx4-maly-axialni-ventilator-zpetna-klapka-infracidlo-lozisko-3930\/#primaryimage\",\"url\":\"https:\/\/www.koupelnapro.com\/wp-content\/uploads\/2026\/SK0003501-CZ20260425-091623-0-1777079785-soler-palau-decor-100-cdz-ipx4-maly-axialni-ventilator-zpet.webp\",\"contentUrl\":\"https:\/\/www.koupelnapro.com\/wp-content\/uploads\/2026\/SK0003501-CZ20260425-091623-0-1777079785-soler-palau-decor-100-cdz-ipx4-maly-axialni-ventilator-zpet.webp\",\"width\":1000,\"height\":525},{\"@type\":\"BreadcrumbList\",\"@id\":\"https:\/\/www.koupelnapro.com\/index.php\/produkt\/odeslani-ihned-soler-amp-palau-decor-100-cdz-ipx4-maly-axialni-ventilator-zpetna-klapka-infracidlo-lozisko-3930\/#breadcrumb\",\"itemListElement\":[{\"@type\":\"ListItem\",\"position\":1,\"name\":\"Home\",\"item\":\"https:\/\/www.koupelnapro.com\/\"},{\"@type\":\"ListItem\",\"position\":2,\"name\":\"Products\",\"item\":\"https:\/\/www.koupelnapro.com\/index.php\/products\/\"},{\"@type\":\"ListItem\",\"position\":3,\"name\":\"Odesl\u00e1n\u00ed Ihned Soler&amp;Palau DECOR 100 CDZ IPX4 mal\u00fd axi\u00e1ln\u00ed ventil\u00e1tor zp\u011btn\u00e1 klapka, infra\u010didlo, lo\u017eisko\"}]},{\"@type\":\"WebSite\",\"@id\":\"https:\/\/www.koupelnapro.com\/#website\",\"url\":\"https:\/\/www.koupelnapro.com\/\",\"name\":\"\",\"description\":\"\",\"potentialAction\":[{\"@type\":\"SearchAction\",\"target\":{\"@type\":\"EntryPoint\",\"urlTemplate\":\"https:\/\/www.koupelnapro.com\/?s={search_term_string}\"},\"query-input\":{\"@type\":\"PropertyValueSpecification\",\"valueRequired\":true,\"valueName\":\"search_term_string\"}}],\"inLanguage\":\"cs\"}]}<\/script>\n<!-- \/ Yoast SEO plugin. -->","yoast_head_json":{"title":"Odesl\u00e1n\u00ed Ihned Soler&amp;Palau DECOR 100 CDZ IPX4 mal\u00fd axi\u00e1ln\u00ed ventil\u00e1tor zp\u011btn\u00e1 klapka, infra\u010didlo, lo\u017eisko -","robots":{"index":"index","follow":"follow","max-snippet":"max-snippet:-1","max-image-preview":"max-image-preview:large","max-video-preview":"max-video-preview:-1"},"canonical":"https:\/\/www.koupelnapro.com\/index.php\/produkt\/odeslani-ihned-soler-amp-palau-decor-100-cdz-ipx4-maly-axialni-ventilator-zpetna-klapka-infracidlo-lozisko-3930\/","og_locale":"cs_CZ","og_type":"article","og_title":"Odesl\u00e1n\u00ed Ihned Soler&amp;Palau DECOR 100 CDZ IPX4 mal\u00fd axi\u00e1ln\u00ed ventil\u00e1tor zp\u011btn\u00e1 klapka, infra\u010didlo, lo\u017eisko -","og_description":"Soler&amp;Palau DECOR 100 CDZ mal\u00fd axi\u00e1ln\u00ed ventil\u00e1tor zp\u011btn\u00e1 klapka, infra\u010didlo, lo\u017eisko \u00a0 Ventil\u00e1tor pro odv\u011btr\u00e1n\u00ed koupelny, vnit\u0159n\u00edch prostor, sprchov\u00fdch kout\u016f, s\u00a0doporu\u010den\u00fdm pou\u017eit\u00edm potrub\u00ed do t\u0159ech metr\u016f d\u00e9lky. Ventil\u00e1tor lze montovat ve vodorovn\u00e9 poloze tak ve svisl\u00e9. Je tedy bez omezen\u00ed pro svou mont\u00e1\u017e. Tich\u00fd ventil\u00e1tor se spot\u0159ebou 13W a kr\u00e1sn\u00fdm modern\u00edm vzhledem. N\u00e1vod k pou\u017eit\u00ed [&hellip;]","og_url":"https:\/\/www.koupelnapro.com\/index.php\/produkt\/odeslani-ihned-soler-amp-palau-decor-100-cdz-ipx4-maly-axialni-ventilator-zpetna-klapka-infracidlo-lozisko-3930\/","og_image":[{"width":1000,"height":525,"url":"https:\/\/www.koupelnapro.com\/wp-content\/uploads\/2026\/SK0003501-CZ20260425-091623-0-1777079785-soler-palau-decor-100-cdz-ipx4-maly-axialni-ventilator-zpet.webp","type":"image\/webp"}],"twitter_card":"summary_large_image","twitter_misc":{"Odhadovan\u00e1 doba \u010dten\u00ed":"2 minuty"},"schema":{"@context":"https:\/\/schema.org","@graph":[{"@type":"WebPage","@id":"https:\/\/www.koupelnapro.com\/index.php\/produkt\/odeslani-ihned-soler-amp-palau-decor-100-cdz-ipx4-maly-axialni-ventilator-zpetna-klapka-infracidlo-lozisko-3930\/","url":"https:\/\/www.koupelnapro.com\/index.php\/produkt\/odeslani-ihned-soler-amp-palau-decor-100-cdz-ipx4-maly-axialni-ventilator-zpetna-klapka-infracidlo-lozisko-3930\/","name":"Odesl\u00e1n\u00ed Ihned Soler&amp;Palau DECOR 100 CDZ IPX4 mal\u00fd axi\u00e1ln\u00ed ventil\u00e1tor zp\u011btn\u00e1 klapka, infra\u010didlo, lo\u017eisko -","isPartOf":{"@id":"https:\/\/www.koupelnapro.com\/#website"},"primaryImageOfPage":{"@id":"https:\/\/www.koupelnapro.com\/index.php\/produkt\/odeslani-ihned-soler-amp-palau-decor-100-cdz-ipx4-maly-axialni-ventilator-zpetna-klapka-infracidlo-lozisko-3930\/#primaryimage"},"image":{"@id":"https:\/\/www.koupelnapro.com\/index.php\/produkt\/odeslani-ihned-soler-amp-palau-decor-100-cdz-ipx4-maly-axialni-ventilator-zpetna-klapka-infracidlo-lozisko-3930\/#primaryimage"},"thumbnailUrl":"https:\/\/www.koupelnapro.com\/wp-content\/uploads\/2026\/SK0003501-CZ20260425-091623-0-1777079785-soler-palau-decor-100-cdz-ipx4-maly-axialni-ventilator-zpet.webp","datePublished":"2026-04-26T09:13:08+00:00","breadcrumb":{"@id":"https:\/\/www.koupelnapro.com\/index.php\/produkt\/odeslani-ihned-soler-amp-palau-decor-100-cdz-ipx4-maly-axialni-ventilator-zpetna-klapka-infracidlo-lozisko-3930\/#breadcrumb"},"inLanguage":"cs","potentialAction":[{"@type":"ReadAction","target":["https:\/\/www.koupelnapro.com\/index.php\/produkt\/odeslani-ihned-soler-amp-palau-decor-100-cdz-ipx4-maly-axialni-ventilator-zpetna-klapka-infracidlo-lozisko-3930\/"]}]},{"@type":"ImageObject","inLanguage":"cs","@id":"https:\/\/www.koupelnapro.com\/index.php\/produkt\/odeslani-ihned-soler-amp-palau-decor-100-cdz-ipx4-maly-axialni-ventilator-zpetna-klapka-infracidlo-lozisko-3930\/#primaryimage","url":"https:\/\/www.koupelnapro.com\/wp-content\/uploads\/2026\/SK0003501-CZ20260425-091623-0-1777079785-soler-palau-decor-100-cdz-ipx4-maly-axialni-ventilator-zpet.webp","contentUrl":"https:\/\/www.koupelnapro.com\/wp-content\/uploads\/2026\/SK0003501-CZ20260425-091623-0-1777079785-soler-palau-decor-100-cdz-ipx4-maly-axialni-ventilator-zpet.webp","width":1000,"height":525},{"@type":"BreadcrumbList","@id":"https:\/\/www.koupelnapro.com\/index.php\/produkt\/odeslani-ihned-soler-amp-palau-decor-100-cdz-ipx4-maly-axialni-ventilator-zpetna-klapka-infracidlo-lozisko-3930\/#breadcrumb","itemListElement":[{"@type":"ListItem","position":1,"name":"Home","item":"https:\/\/www.koupelnapro.com\/"},{"@type":"ListItem","position":2,"name":"Products","item":"https:\/\/www.koupelnapro.com\/index.php\/products\/"},{"@type":"ListItem","position":3,"name":"Odesl\u00e1n\u00ed Ihned Soler&amp;Palau DECOR 100 CDZ IPX4 mal\u00fd axi\u00e1ln\u00ed ventil\u00e1tor zp\u011btn\u00e1 klapka, infra\u010didlo, lo\u017eisko"}]},{"@type":"WebSite","@id":"https:\/\/www.koupelnapro.com\/#website","url":"https:\/\/www.koupelnapro.com\/","name":"","description":"","potentialAction":[{"@type":"SearchAction","target":{"@type":"EntryPoint","urlTemplate":"https:\/\/www.koupelnapro.com\/?s={search_term_string}"},"query-input":{"@type":"PropertyValueSpecification","valueRequired":true,"valueName":"search_term_string"}}],"inLanguage":"cs"}]}},"_links":{"self":[{"href":"https:\/\/www.koupelnapro.com\/index.php\/wp-json\/wp\/v2\/product\/3930","targetHints":{"allow":["GET"]}}],"collection":[{"href":"https:\/\/www.koupelnapro.com\/index.php\/wp-json\/wp\/v2\/product"}],"about":[{"href":"https:\/\/www.koupelnapro.com\/index.php\/wp-json\/wp\/v2\/types\/product"}],"replies":[{"embeddable":true,"href":"https:\/\/www.koupelnapro.com\/index.php\/wp-json\/wp\/v2\/comments?post=3930"}],"wp:featuredmedia":[{"embeddable":true,"href":"https:\/\/www.koupelnapro.com\/index.php\/wp-json\/wp\/v2\/media\/4030"}],"wp:attachment":[{"href":"https:\/\/www.koupelnapro.com\/index.php\/wp-json\/wp\/v2\/media?parent=3930"}],"wp:term":[{"taxonomy":"product_brand","embeddable":true,"href":"https:\/\/www.koupelnapro.com\/index.php\/wp-json\/wp\/v2\/product_brand?post=3930"},{"taxonomy":"product_cat","embeddable":true,"href":"https:\/\/www.koupelnapro.com\/index.php\/wp-json\/wp\/v2\/product_cat?post=3930"},{"taxonomy":"product_tag","embeddable":true,"href":"https:\/\/www.koupelnapro.com\/index.php\/wp-json\/wp\/v2\/product_tag?post=3930"}],"curies":[{"name":"wp","href":"https:\/\/api.w.org\/{rel}","templated":true}]}}