{"id":39116,"date":"2026-04-26T09:15:53","date_gmt":"2026-04-26T09:15:53","guid":{"rendered":""},"modified":"2026-04-26T09:15:53","modified_gmt":"2026-04-26T09:15:53","slug":"znackovy-radiator-kermi-therm-x2-profil-v-typ-11-500x1100-39116","status":"publish","type":"product","link":"https:\/\/www.koupelnapro.com\/index.php\/produkt\/znackovy-radiator-kermi-therm-x2-profil-v-typ-11-500x1100-39116\/","title":{"rendered":"Zna\u010dkov\u00fd Radi\u00e1tor Kermi Therm X2 Profil-V typ 11-500&#215;1100"},"content":{"rendered":"<div class=\"ProductDetail-content NoFixImageContainer\" id=\"productDescription\">\n<div class=\"Heading\">\n<h2 class=\"Heading-title\">Popis produktu <span class=''>Radi\u00e1tor Kermi Therm X2 Profil-V typ 11-500&#215;1100<\/span><\/h2>\n<\/p><\/div>\n<div class=\"ProductDetailContent\">\n<p><span style=\"font-family:inherit; font-size:16px\">Jednodeskov&yacute; radi&aacute;tor, bez p\u0159estupn&yacute;ch ploch, bez zakrytov&aacute;n&iacute;. Profilov&eacute; ventilov&eacute; otopn&eacute; t\u011bleso therm x2 s p\u0159ipojen&iacute;m vpravo\/vlevo dole.<\/span><\/p>\n<h3><span style=\"font-family:inherit; font-size:16px\">Rozm\u011bry a v&yacute;kon:<\/span><\/h3>\n<ul>\n<li><span style=\"font-family:inherit; font-size:16px\">Stavebn&iacute; v&yacute;&scaron;ka (SV): 500 mm<\/span><\/li>\n<li><span style=\"font-family:inherit; font-size:16px\">Stavebn&iacute; d&eacute;lka (SD): 1100 mm<\/span><\/li>\n<li><span style=\"font-family:inherit; font-size:16px\">Stavebn&iacute; hloubka (SH): 61 mm<\/span><\/li>\n<li><span style=\"font-family:inherit; font-size:16px\">V&yacute;kon (75\/65 C): 924 W<\/span><\/li>\n<\/ul>\n<h3><span style=\"font-family:inherit; font-size:16px\">Detailn&iacute; popis:<\/span><\/h3>\n<p><span style=\"font-family:inherit; font-size:16px\"><strong>Obsah dod&aacute;vky<\/strong><\/span><\/p>\n<ul>\n<li><span style=\"font-family:inherit; font-size:16px\">Otopn&aacute; t\u011blesa Profil s &uacute;chyty, opat\u0159en&aacute; z&aacute;kladov&yacute;m lakov&aacute;n&iacute;m a pr&aacute;&scaron;kov&yacute;m lakem<\/span><\/li>\n<li><span style=\"font-family:inherit; font-size:16px\">Horn&iacute; a bo\u010dn&iacute; kryt, krom\u011b typu 10 (lze sejmout p\u0159i \u010di&scaron;t\u011bn&iacute;)<\/span><\/li>\n<li><span style=\"font-family:inherit; font-size:16px\">Z&aacute;vrtn&eacute; konzoly, distan\u010dn&iacute; rozp\u011brky, pojistka proti vyra\u017een&iacute;, odvzdu&scaron;\u0148ovac&iacute; z&aacute;tky jsou sou\u010d&aacute;st&iacute; dod&aacute;vky bez p\u0159&iacute;platku, zaslepovac&iacute; z&aacute;tky jsou za&scaron;roubovan&eacute;.<\/span><\/li>\n<\/ul>\n<p><span style=\"font-family:inherit; font-size:16px\"><strong>Upevn\u011bn&iacute;<\/strong><\/span><\/p>\n<ul>\n<li><span style=\"font-family:inherit; font-size:16px\">Upevn\u011bn&iacute; pomoc&iacute; 4 &uacute;chyt\u016f do stavebn&iacute; d&eacute;lky 1600 mm a 6 &uacute;chyt\u016f od stavebn&iacute; d&eacute;lky 1800 mm, v namontovan&eacute;m stavu je mo\u017en&eacute; vodorovn&eacute; i svisl&eacute; vyrovn&aacute;n&iacute;<\/span><\/li>\n<\/ul>\n<p><span style=\"font-family:inherit; font-size:16px\"><strong>Lak<\/strong><\/span><\/p>\n<ul>\n<li><span style=\"font-family:inherit; font-size:16px\">Leskl&yacute; dvouvrstv&yacute; lak, bez emis&iacute; a ekologick&yacute;, bez kapek<\/span><\/li>\n<li><span style=\"font-family:inherit; font-size:16px\">V souladu s DIN 55900-FWA: zbaveno mastnoty, fosf&aacute;tov&aacute;no \u017eelezem, opat\u0159eno z&aacute;kladov&yacute;m lakov&aacute;n&iacute;m pomoc&iacute; elektroforetick&eacute;ho lakov&aacute;n&iacute; (ETL) a pr&aacute;&scaron;kov&yacute;m lakem (EPS)<\/span><\/li>\n<li><span style=\"font-family:inherit; font-size:16px\">Standard: Kermi b&iacute;l&aacute; (podobn&aacute; RAL 9016)<\/span><\/li>\n<li><span style=\"font-family:inherit; font-size:16px\">Barevn&yacute; lak: barvy RAL za p\u0159&iacute;platek 30 %, dal&scaron;&iacute; barvy na vy\u017e&aacute;d&aacute;n&iacute;<\/span><\/li>\n<\/ul>\n<p><span style=\"font-family:inherit; font-size:16px\"><strong>Kvalita<\/strong><\/span><\/p>\n<ul>\n<li><span style=\"font-family:inherit; font-size:16px\">Atest RAL<\/span><\/li>\n<li><span style=\"font-family:inherit; font-size:16px\">u v&scaron;ech otopn&yacute;ch t\u011bles se testuje t\u011bsnost<\/span><\/li>\n<li><span style=\"font-family:inherit; font-size:16px\">Zku&scaron;ebn&iacute; tlak: 13,0 bar<\/span><\/li>\n<li><span style=\"font-family:inherit; font-size:16px\">max. provozn&iacute; tlak: 10,0 bar<\/span><\/li>\n<li><span style=\"font-family:inherit; font-size:16px\">max. provozn&iacute; teplota: 110&deg; C<\/span><\/li>\n<li><span style=\"font-family:inherit; font-size:16px\">Certifikace podle DIN EN ISO 9001:2000<\/span><\/li>\n<li><span style=\"font-family:inherit; font-size:16px\">stavebn&iacute; proveden&iacute; spl\u0148uje p\u016fvodn&iacute; sm\u011brnice BAGUV, krom\u011b typu 10<\/span><\/li>\n<\/ul>\n<p><span style=\"font-family:inherit; font-size:16px\"><strong>Z&aacute;ruka<\/strong><\/span><\/p>\n<ul>\n<li><span style=\"font-family:inherit; font-size:16px\">Erweiterte Gew&auml;hrleistung gem&auml;&szlig; Haftungs&uuml;bernahme-Erkl&auml;rung mit dem ZVSHK<\/span><\/li>\n<\/ul>\n<p><span style=\"font-family:inherit; font-size:16px\"><strong>P\u0159ipojen&iacute; zleva nebo zprava<\/strong><\/span><\/p>\n<ul>\n<li><span style=\"font-family:inherit; font-size:16px\">2 x vn\u011bj&scaron;&iacute; z&aacute;vit G 3\/4&quot; standardn\u011b p\u0159ipojen&iacute; vpravo, na p\u0159&aacute;n&iacute; p\u0159ipojen&iacute; vlevo bez p\u0159&iacute;platku 3 x G 1\/2&quot; vnit\u0159n&iacute; z&aacute;vit bo\u010dn&iacute;<\/span><\/li>\n<\/ul>\n<p><span style=\"font-family:inherit; font-size:16px\"><strong>Ventil<\/strong><\/span><\/p>\n<ul>\n<li><span style=\"font-family:inherit; font-size:16px\">Ventil p\u0159izp\u016fsoben topn&eacute;mu v&yacute;konu s nastavenou hodnotou kv z v&yacute;roby<\/span><\/li>\n<li><span style=\"font-family:inherit; font-size:16px\">zaslepovac&iacute; a odvzdu&scaron;\u0148ovac&iacute; z&aacute;tky namontovan&eacute; a ut\u011bsn\u011bn&eacute;<\/span><\/li>\n<\/ul><\/div>\n<div class=\"ProductDetailContent\">                                                                    <\/div>\n<\/p><\/div>\n<\/p><\/div>\n<\/p><\/div>\n","protected":false},"excerpt":{"rendered":"<p>Popis produktu Radi\u00e1tor Kermi Therm X2 Profil-V typ 11-500&#215;1100 Jednodeskov&yacute; radi&aacute;tor, bez p\u0159estupn&yacute;ch ploch, bez zakrytov&aacute;n&iacute;. Profilov&eacute; ventilov&eacute; otopn&eacute; t\u011bleso therm x2 s p\u0159ipojen&iacute;m vpravo\/vlevo dole. Rozm\u011bry a v&yacute;kon: Stavebn&iacute; v&yacute;&scaron;ka (SV): 500 mm Stavebn&iacute; d&eacute;lka (SD): 1100 mm Stavebn&iacute; hloubka (SH): 61 mm V&yacute;kon (75\/65 C): 924 W Detailn&iacute; popis: Obsah dod&aacute;vky Otopn&aacute; t\u011blesa [&hellip;]<\/p>\n","protected":false},"featured_media":39216,"comment_status":"open","ping_status":"open","template":"","meta":[],"product_brand":[],"product_cat":[144],"product_tag":[],"class_list":{"0":"post-39116","1":"product","2":"type-product","3":"status-publish","4":"has-post-thumbnail","6":"product_cat-topeni","8":"first","9":"instock","10":"sale","11":"shipping-taxable","12":"purchasable","13":"product-type-simple"},"yoast_head":"<!-- This site is optimized with the Yoast SEO plugin v26.8 - https:\/\/yoast.com\/product\/yoast-seo-wordpress\/ -->\n<title>Zna\u010dkov\u00fd Radi\u00e1tor Kermi Therm X2 Profil-V typ 11-500x1100 -<\/title>\n<meta name=\"robots\" content=\"index, follow, max-snippet:-1, max-image-preview:large, max-video-preview:-1\" \/>\n<link rel=\"canonical\" href=\"https:\/\/www.koupelnapro.com\/index.php\/produkt\/znackovy-radiator-kermi-therm-x2-profil-v-typ-11-500x1100-39116\/\" \/>\n<meta property=\"og:locale\" content=\"cs_CZ\" \/>\n<meta property=\"og:type\" content=\"article\" \/>\n<meta property=\"og:title\" content=\"Zna\u010dkov\u00fd Radi\u00e1tor Kermi Therm X2 Profil-V typ 11-500x1100 -\" \/>\n<meta property=\"og:description\" content=\"Popis produktu Radi\u00e1tor Kermi Therm X2 Profil-V typ 11-500&#215;1100 Jednodeskov&yacute; radi&aacute;tor, bez p\u0159estupn&yacute;ch ploch, bez zakrytov&aacute;n&iacute;. Profilov&eacute; ventilov&eacute; otopn&eacute; t\u011bleso therm x2 s p\u0159ipojen&iacute;m vpravo\/vlevo dole. Rozm\u011bry a v&yacute;kon: Stavebn&iacute; v&yacute;&scaron;ka (SV): 500 mm Stavebn&iacute; d&eacute;lka (SD): 1100 mm Stavebn&iacute; hloubka (SH): 61 mm V&yacute;kon (75\/65 C): 924 W Detailn&iacute; popis: Obsah dod&aacute;vky Otopn&aacute; t\u011blesa [&hellip;]\" \/>\n<meta property=\"og:url\" content=\"https:\/\/www.koupelnapro.com\/index.php\/produkt\/znackovy-radiator-kermi-therm-x2-profil-v-typ-11-500x1100-39116\/\" \/>\n<meta property=\"og:image\" content=\"https:\/\/www.koupelnapro.com\/wp-content\/uploads\/2026\/SK0003103-CZ20260425-092632-0-1777080397-radiator-kermi-therm-x2-profil-v-typ-11-500x1100-1098281.jp.webp\" \/>\n\t<meta property=\"og:image:width\" content=\"600\" \/>\n\t<meta property=\"og:image:height\" content=\"500\" \/>\n\t<meta property=\"og:image:type\" content=\"image\/webp\" \/>\n<meta name=\"twitter:card\" content=\"summary_large_image\" \/>\n<meta name=\"twitter:label1\" content=\"Odhadovan\u00e1 doba \u010dten\u00ed\" \/>\n\t<meta name=\"twitter:data1\" content=\"2 minuty\" \/>\n<script type=\"application\/ld+json\" class=\"yoast-schema-graph\">{\"@context\":\"https:\/\/schema.org\",\"@graph\":[{\"@type\":\"WebPage\",\"@id\":\"https:\/\/www.koupelnapro.com\/index.php\/produkt\/znackovy-radiator-kermi-therm-x2-profil-v-typ-11-500x1100-39116\/\",\"url\":\"https:\/\/www.koupelnapro.com\/index.php\/produkt\/znackovy-radiator-kermi-therm-x2-profil-v-typ-11-500x1100-39116\/\",\"name\":\"Zna\u010dkov\u00fd Radi\u00e1tor Kermi Therm X2 Profil-V typ 11-500x1100 -\",\"isPartOf\":{\"@id\":\"https:\/\/www.koupelnapro.com\/#website\"},\"primaryImageOfPage\":{\"@id\":\"https:\/\/www.koupelnapro.com\/index.php\/produkt\/znackovy-radiator-kermi-therm-x2-profil-v-typ-11-500x1100-39116\/#primaryimage\"},\"image\":{\"@id\":\"https:\/\/www.koupelnapro.com\/index.php\/produkt\/znackovy-radiator-kermi-therm-x2-profil-v-typ-11-500x1100-39116\/#primaryimage\"},\"thumbnailUrl\":\"https:\/\/www.koupelnapro.com\/wp-content\/uploads\/2026\/SK0003103-CZ20260425-092632-0-1777080397-radiator-kermi-therm-x2-profil-v-typ-11-500x1100-1098281.jp.webp\",\"datePublished\":\"2026-04-26T09:15:53+00:00\",\"breadcrumb\":{\"@id\":\"https:\/\/www.koupelnapro.com\/index.php\/produkt\/znackovy-radiator-kermi-therm-x2-profil-v-typ-11-500x1100-39116\/#breadcrumb\"},\"inLanguage\":\"cs\",\"potentialAction\":[{\"@type\":\"ReadAction\",\"target\":[\"https:\/\/www.koupelnapro.com\/index.php\/produkt\/znackovy-radiator-kermi-therm-x2-profil-v-typ-11-500x1100-39116\/\"]}]},{\"@type\":\"ImageObject\",\"inLanguage\":\"cs\",\"@id\":\"https:\/\/www.koupelnapro.com\/index.php\/produkt\/znackovy-radiator-kermi-therm-x2-profil-v-typ-11-500x1100-39116\/#primaryimage\",\"url\":\"https:\/\/www.koupelnapro.com\/wp-content\/uploads\/2026\/SK0003103-CZ20260425-092632-0-1777080397-radiator-kermi-therm-x2-profil-v-typ-11-500x1100-1098281.jp.webp\",\"contentUrl\":\"https:\/\/www.koupelnapro.com\/wp-content\/uploads\/2026\/SK0003103-CZ20260425-092632-0-1777080397-radiator-kermi-therm-x2-profil-v-typ-11-500x1100-1098281.jp.webp\",\"width\":600,\"height\":500},{\"@type\":\"BreadcrumbList\",\"@id\":\"https:\/\/www.koupelnapro.com\/index.php\/produkt\/znackovy-radiator-kermi-therm-x2-profil-v-typ-11-500x1100-39116\/#breadcrumb\",\"itemListElement\":[{\"@type\":\"ListItem\",\"position\":1,\"name\":\"Home\",\"item\":\"https:\/\/www.koupelnapro.com\/\"},{\"@type\":\"ListItem\",\"position\":2,\"name\":\"Products\",\"item\":\"https:\/\/www.koupelnapro.com\/index.php\/products\/\"},{\"@type\":\"ListItem\",\"position\":3,\"name\":\"Zna\u010dkov\u00fd Radi\u00e1tor Kermi Therm X2 Profil-V typ 11-500&#215;1100\"}]},{\"@type\":\"WebSite\",\"@id\":\"https:\/\/www.koupelnapro.com\/#website\",\"url\":\"https:\/\/www.koupelnapro.com\/\",\"name\":\"\",\"description\":\"\",\"potentialAction\":[{\"@type\":\"SearchAction\",\"target\":{\"@type\":\"EntryPoint\",\"urlTemplate\":\"https:\/\/www.koupelnapro.com\/?s={search_term_string}\"},\"query-input\":{\"@type\":\"PropertyValueSpecification\",\"valueRequired\":true,\"valueName\":\"search_term_string\"}}],\"inLanguage\":\"cs\"}]}<\/script>\n<!-- \/ Yoast SEO plugin. -->","yoast_head_json":{"title":"Zna\u010dkov\u00fd Radi\u00e1tor Kermi Therm X2 Profil-V typ 11-500x1100 -","robots":{"index":"index","follow":"follow","max-snippet":"max-snippet:-1","max-image-preview":"max-image-preview:large","max-video-preview":"max-video-preview:-1"},"canonical":"https:\/\/www.koupelnapro.com\/index.php\/produkt\/znackovy-radiator-kermi-therm-x2-profil-v-typ-11-500x1100-39116\/","og_locale":"cs_CZ","og_type":"article","og_title":"Zna\u010dkov\u00fd Radi\u00e1tor Kermi Therm X2 Profil-V typ 11-500x1100 -","og_description":"Popis produktu Radi\u00e1tor Kermi Therm X2 Profil-V typ 11-500&#215;1100 Jednodeskov&yacute; radi&aacute;tor, bez p\u0159estupn&yacute;ch ploch, bez zakrytov&aacute;n&iacute;. Profilov&eacute; ventilov&eacute; otopn&eacute; t\u011bleso therm x2 s p\u0159ipojen&iacute;m vpravo\/vlevo dole. Rozm\u011bry a v&yacute;kon: Stavebn&iacute; v&yacute;&scaron;ka (SV): 500 mm Stavebn&iacute; d&eacute;lka (SD): 1100 mm Stavebn&iacute; hloubka (SH): 61 mm V&yacute;kon (75\/65 C): 924 W Detailn&iacute; popis: Obsah dod&aacute;vky Otopn&aacute; t\u011blesa [&hellip;]","og_url":"https:\/\/www.koupelnapro.com\/index.php\/produkt\/znackovy-radiator-kermi-therm-x2-profil-v-typ-11-500x1100-39116\/","og_image":[{"width":600,"height":500,"url":"https:\/\/www.koupelnapro.com\/wp-content\/uploads\/2026\/SK0003103-CZ20260425-092632-0-1777080397-radiator-kermi-therm-x2-profil-v-typ-11-500x1100-1098281.jp.webp","type":"image\/webp"}],"twitter_card":"summary_large_image","twitter_misc":{"Odhadovan\u00e1 doba \u010dten\u00ed":"2 minuty"},"schema":{"@context":"https:\/\/schema.org","@graph":[{"@type":"WebPage","@id":"https:\/\/www.koupelnapro.com\/index.php\/produkt\/znackovy-radiator-kermi-therm-x2-profil-v-typ-11-500x1100-39116\/","url":"https:\/\/www.koupelnapro.com\/index.php\/produkt\/znackovy-radiator-kermi-therm-x2-profil-v-typ-11-500x1100-39116\/","name":"Zna\u010dkov\u00fd Radi\u00e1tor Kermi Therm X2 Profil-V typ 11-500x1100 -","isPartOf":{"@id":"https:\/\/www.koupelnapro.com\/#website"},"primaryImageOfPage":{"@id":"https:\/\/www.koupelnapro.com\/index.php\/produkt\/znackovy-radiator-kermi-therm-x2-profil-v-typ-11-500x1100-39116\/#primaryimage"},"image":{"@id":"https:\/\/www.koupelnapro.com\/index.php\/produkt\/znackovy-radiator-kermi-therm-x2-profil-v-typ-11-500x1100-39116\/#primaryimage"},"thumbnailUrl":"https:\/\/www.koupelnapro.com\/wp-content\/uploads\/2026\/SK0003103-CZ20260425-092632-0-1777080397-radiator-kermi-therm-x2-profil-v-typ-11-500x1100-1098281.jp.webp","datePublished":"2026-04-26T09:15:53+00:00","breadcrumb":{"@id":"https:\/\/www.koupelnapro.com\/index.php\/produkt\/znackovy-radiator-kermi-therm-x2-profil-v-typ-11-500x1100-39116\/#breadcrumb"},"inLanguage":"cs","potentialAction":[{"@type":"ReadAction","target":["https:\/\/www.koupelnapro.com\/index.php\/produkt\/znackovy-radiator-kermi-therm-x2-profil-v-typ-11-500x1100-39116\/"]}]},{"@type":"ImageObject","inLanguage":"cs","@id":"https:\/\/www.koupelnapro.com\/index.php\/produkt\/znackovy-radiator-kermi-therm-x2-profil-v-typ-11-500x1100-39116\/#primaryimage","url":"https:\/\/www.koupelnapro.com\/wp-content\/uploads\/2026\/SK0003103-CZ20260425-092632-0-1777080397-radiator-kermi-therm-x2-profil-v-typ-11-500x1100-1098281.jp.webp","contentUrl":"https:\/\/www.koupelnapro.com\/wp-content\/uploads\/2026\/SK0003103-CZ20260425-092632-0-1777080397-radiator-kermi-therm-x2-profil-v-typ-11-500x1100-1098281.jp.webp","width":600,"height":500},{"@type":"BreadcrumbList","@id":"https:\/\/www.koupelnapro.com\/index.php\/produkt\/znackovy-radiator-kermi-therm-x2-profil-v-typ-11-500x1100-39116\/#breadcrumb","itemListElement":[{"@type":"ListItem","position":1,"name":"Home","item":"https:\/\/www.koupelnapro.com\/"},{"@type":"ListItem","position":2,"name":"Products","item":"https:\/\/www.koupelnapro.com\/index.php\/products\/"},{"@type":"ListItem","position":3,"name":"Zna\u010dkov\u00fd Radi\u00e1tor Kermi Therm X2 Profil-V typ 11-500&#215;1100"}]},{"@type":"WebSite","@id":"https:\/\/www.koupelnapro.com\/#website","url":"https:\/\/www.koupelnapro.com\/","name":"","description":"","potentialAction":[{"@type":"SearchAction","target":{"@type":"EntryPoint","urlTemplate":"https:\/\/www.koupelnapro.com\/?s={search_term_string}"},"query-input":{"@type":"PropertyValueSpecification","valueRequired":true,"valueName":"search_term_string"}}],"inLanguage":"cs"}]}},"_links":{"self":[{"href":"https:\/\/www.koupelnapro.com\/index.php\/wp-json\/wp\/v2\/product\/39116","targetHints":{"allow":["GET"]}}],"collection":[{"href":"https:\/\/www.koupelnapro.com\/index.php\/wp-json\/wp\/v2\/product"}],"about":[{"href":"https:\/\/www.koupelnapro.com\/index.php\/wp-json\/wp\/v2\/types\/product"}],"replies":[{"embeddable":true,"href":"https:\/\/www.koupelnapro.com\/index.php\/wp-json\/wp\/v2\/comments?post=39116"}],"wp:featuredmedia":[{"embeddable":true,"href":"https:\/\/www.koupelnapro.com\/index.php\/wp-json\/wp\/v2\/media\/39216"}],"wp:attachment":[{"href":"https:\/\/www.koupelnapro.com\/index.php\/wp-json\/wp\/v2\/media?parent=39116"}],"wp:term":[{"taxonomy":"product_brand","embeddable":true,"href":"https:\/\/www.koupelnapro.com\/index.php\/wp-json\/wp\/v2\/product_brand?post=39116"},{"taxonomy":"product_cat","embeddable":true,"href":"https:\/\/www.koupelnapro.com\/index.php\/wp-json\/wp\/v2\/product_cat?post=39116"},{"taxonomy":"product_tag","embeddable":true,"href":"https:\/\/www.koupelnapro.com\/index.php\/wp-json\/wp\/v2\/product_tag?post=39116"}],"curies":[{"name":"wp","href":"https:\/\/api.w.org\/{rel}","templated":true}]}}