{"id":3902,"date":"2026-04-26T09:13:08","date_gmt":"2026-04-26T09:13:08","guid":{"rendered":""},"modified":"2026-04-26T09:13:08","modified_gmt":"2026-04-26T09:13:08","slug":"cata-x-mart-inox-10-t-ventilator-nerez-dobeh-celni-panel-100mm-kup-ted-3902","status":"publish","type":"product","link":"https:\/\/www.koupelnapro.com\/index.php\/produkt\/cata-x-mart-inox-10-t-ventilator-nerez-dobeh-celni-panel-100mm-kup-ted-3902\/","title":{"rendered":"CATA X-MART INOX 10 T ventil\u00e1tor nerez &#8211; dob\u011bh, \u010deln\u00ed panel 100mm Kup Te\u010f"},"content":{"rendered":"<div id=\"e9178894\" class=\"pages\">\n<div id=\"PDDescription\" class=\"UserContentView userContent v1a v1 bs-view dcon dc150 PDDescription\" >\n<p>\u00a0<span style=\"font: 12px\/18px 'Helvetica Neue', Helvetica, Arial, sans-serif; color: #555555; text-transform: none; text-indent: 0px; letter-spacing: normal; word-spacing: 0px; float: none; display: inline !important; white-space: normal; background-color: #ffffff; -webkit-text-stroke-width: 0px;\"><span style=\"font: 12px\/18px 'Helvetica Neue', Helvetica, Arial, sans-serif; color: #555555; text-transform: none; text-indent: 0px; letter-spacing: normal; word-spacing: 0px; float: none; display: inline !important; white-space: normal; background-color: #ffffff; -webkit-text-stroke-width: 0px;\"><span style=\"color: #008080; font-size: 18px;\"><strong>Ventil\u00e1tor CATA X-MART INOX 10 T nerez &#8211; dob\u011bh<\/strong><\/span><\/span><\/span><\/p>\n<p>\u00a0<\/p>\n<p>\u00a0<\/p>\n<p>\u00a0<\/p>\n<\/p>\n<p>\u00a0<\/p>\n<\/p>\n<p>\u00a0<\/p>\n<p>Ventil\u00e1tory \u0159ady X-mart se vyzna\u010duj\u00ed supertich\u00fdm provozem, snadnou \u00fadr\u017ebou, mont\u00e1\u017e\u00ed a samoz\u0159ejm\u011b tak\u00e9 i designem. Jsou dostupn\u00e9 v b\u00edl\u00e9m proveden\u00ed, \u010di nerez (INOX). Sk\u0159\u00ed\u0148 je zhotovena z mechanicky odoln\u00e9ho termoplastu ABS \u0161ed\u00e9 barvy a \u010deln\u00ed deska je p\u0159epl\u00e1tovan\u00e1 kart\u00e1\u010dovan\u00fdm nerez plechem.<\/p>\n<p>\u00a0<\/p>\n<\/p>\n<p>\u00a0<\/p>\n<\/p>\n<p>\u00a0<\/p>\n<p>Rychlou a snadnou mont\u00e1\u017e V\u00e1m umo\u017en\u00ed syst\u00e9m rozp\u011brn\u00fdch pacek (<strong>QUICK FIX GRIP<\/strong>), kter\u00e9 se pomoc\u00ed zp\u0159edu p\u0159\u00edstupn\u00fdch \u0161roub\u016f v trubce rozep\u0159ou a ventil\u00e1tor tak zafixuj\u00ed. Sou\u010dast\u00ed balen\u00ed jsou tak\u00e9 hmo\u017edinky a vruty, pro ty kte\u0159\u00ed up\u0159ednost\u0148uj\u00ed klasickou mont\u00e1\u017e. Pro tuto alternativu jsou um\u00edst\u011bny pod \u010deln\u00ed deskou \u010dty\u0159i otvory v roz\u00edch sk\u0159\u00edn\u011b, kter\u00e9 jsou zaslepen\u00e9 krytkou. Ventil\u00e1tory lze um\u00edstit nejen v horizont\u00e1ln\u00ed poloze (na ze\u010f, \u010di okno), ale i na strop. Pro mont\u00e1\u017e do okna je nutn\u00e9 dokoupit okenn\u00ed soupravu.<\/p>\n<p>\u00a0<\/p>\n<\/p>\n<p>\u00a0<\/p>\n<table class=\"tabulka\" style=\"width: 100px; height: 100px; border-collapse: collapse;\">\n<tbody>\n<tr>\n<td><\/td>\n<td><\/td>\n<td>\u00a0\u00a0\u00a0<\/td>\n<\/tr>\n<\/tbody>\n<\/table>\n<p>\u00a0<\/p>\n<p>V\u0161echny modely jsou opat\u0159eny f\u00f3liovou zp\u011btnou klapkou pro zabr\u00e1n\u011bn\u00ed pronik\u00e1n\u00ed vzduchu z odtahov\u00e9ho potrub\u00ed zp\u011bt do m\u00edstnosti v dob\u011b ne\u010dinnosti ventil\u00e1toru. Na t\u0159et\u00edm obr\u00e1zku zleva je zn\u00e1zorn\u011bn detail svorkovnice, kter\u00e1 je p\u0159\u00edstupn\u00e1 po sejmut\u00ed \u010deln\u00ed desky a dklopen\u00ed krytu. Jednotliv\u00e9 svorky maj\u00ed p\u00edsemn\u00e9 ozna\u010den\u00ed ( N &#8211; nulov\u00fd vodi\u010d, L &#8211; f\u00e1ze). U model\u016f Ta H je tak\u00e9 ovl\u00e1dac\u00ed f\u00e1ze SL, pro mo\u017enost nastavov\u00e1n\u00ed \u010dasov\u00e9ho dob\u011bhu (T), \u010di po\u017eadovan\u00e9 vlhkosti (H).<\/p>\n<p>\u00a0<\/p>\n<p>\u00a0\u00a0\u00a0\u00a0\u00a0<\/p>\n<p>\u00a0<\/p>\n<p>Jak ji\u017e bylo \u0159e\u010deno, hlavn\u00ed p\u0159ednost\u00ed \u0159ady X-MART je velmi snadn\u00e1 \u00fadr\u017eba. Sta\u010d\u00ed pouze lehk\u00fdm tahem sejmout \u010deln\u00ed desku\u00a0a n\u00e1sledn\u011b opl\u00e1chnout pod tekouc\u00ed vodou.<\/p>\n<p>\u00a0<\/p>\n<p>\u00a0<\/p>\n<p>\u00a0<\/p>\n<div id=\"PDTable3\" class=\"ProductDetailTableView v3a v3 bs-view dcon dc175 PDTable3\" >\n<table>\n<thead><\/thead>\n<tbody>\n<tr class=\"attribute attr_Prumer\">\n<td class=\"caption\">Pr\u016fm\u011br<\/td>\n<td class=\"value\">100 mm<\/td>\n<\/tr>\n<tr class=\"attribute attr_Dobeh\">\n<td class=\"caption\">Dob\u011bh<\/td>\n<td class=\"value\">Ano<\/td>\n<\/tr>\n<tr class=\"attribute attr_Panel\">\n<td class=\"caption\">\u010celn\u00ed panel<\/td>\n<td class=\"value\">Ano<\/td>\n<\/tr>\n<tr class=\"attribute attr_Napeti\">\n<td class=\"caption\">Nap\u011bt\u00ed<\/td>\n<td class=\"value\">230V<\/td>\n<\/tr>\n<tr class=\"attribute attr_Typ\">\n<td class=\"caption\">Typ<\/td>\n<td class=\"value\">Axi\u00e1ln\u00ed ventil\u00e1tor<\/td>\n<\/tr>\n<tr class=\"attribute attr_bsshop_maker\">\n<td class=\"caption\">V\u00fdrobce<\/td>\n<td class=\"value\">CATA<\/td>\n<\/tr>\n<\/tbody>\n<\/table><\/div>\n<\/div>\n<\/div>\n<div id=\"e9178895\" class=\"tabs\">\n","protected":false},"excerpt":{"rendered":"<p>\u00a0Ventil\u00e1tor CATA X-MART INOX 10 T nerez &#8211; dob\u011bh \u00a0 \u00a0 \u00a0 \u00a0 \u00a0 Ventil\u00e1tory \u0159ady X-mart se vyzna\u010duj\u00ed supertich\u00fdm provozem, snadnou \u00fadr\u017ebou, mont\u00e1\u017e\u00ed a samoz\u0159ejm\u011b tak\u00e9 i designem. Jsou dostupn\u00e9 v b\u00edl\u00e9m proveden\u00ed, \u010di nerez (INOX). Sk\u0159\u00ed\u0148 je zhotovena z mechanicky odoln\u00e9ho termoplastu ABS \u0161ed\u00e9 barvy a \u010deln\u00ed deska je p\u0159epl\u00e1tovan\u00e1 kart\u00e1\u010dovan\u00fdm nerez plechem. [&hellip;]<\/p>\n","protected":false},"featured_media":4002,"comment_status":"open","ping_status":"open","template":"","meta":[],"product_brand":[],"product_cat":[42],"product_tag":[],"class_list":{"0":"post-3902","1":"product","2":"type-product","3":"status-publish","4":"has-post-thumbnail","6":"product_cat-ventil-225-tory","8":"first","9":"instock","10":"sale","11":"shipping-taxable","12":"purchasable","13":"product-type-simple"},"yoast_head":"<!-- This site is optimized with the Yoast SEO plugin v26.8 - https:\/\/yoast.com\/product\/yoast-seo-wordpress\/ -->\n<title>CATA X-MART INOX 10 T ventil\u00e1tor nerez - dob\u011bh, \u010deln\u00ed panel 100mm Kup Te\u010f -<\/title>\n<meta name=\"robots\" content=\"index, follow, max-snippet:-1, max-image-preview:large, max-video-preview:-1\" \/>\n<link rel=\"canonical\" href=\"https:\/\/www.koupelnapro.com\/index.php\/produkt\/cata-x-mart-inox-10-t-ventilator-nerez-dobeh-celni-panel-100mm-kup-ted-3902\/\" \/>\n<meta property=\"og:locale\" content=\"cs_CZ\" \/>\n<meta property=\"og:type\" content=\"article\" \/>\n<meta property=\"og:title\" content=\"CATA X-MART INOX 10 T ventil\u00e1tor nerez - dob\u011bh, \u010deln\u00ed panel 100mm Kup Te\u010f -\" \/>\n<meta property=\"og:description\" content=\"\u00a0Ventil\u00e1tor CATA X-MART INOX 10 T nerez &#8211; dob\u011bh \u00a0 \u00a0 \u00a0 \u00a0 \u00a0 Ventil\u00e1tory \u0159ady X-mart se vyzna\u010duj\u00ed supertich\u00fdm provozem, snadnou \u00fadr\u017ebou, mont\u00e1\u017e\u00ed a samoz\u0159ejm\u011b tak\u00e9 i designem. Jsou dostupn\u00e9 v b\u00edl\u00e9m proveden\u00ed, \u010di nerez (INOX). Sk\u0159\u00ed\u0148 je zhotovena z mechanicky odoln\u00e9ho termoplastu ABS \u0161ed\u00e9 barvy a \u010deln\u00ed deska je p\u0159epl\u00e1tovan\u00e1 kart\u00e1\u010dovan\u00fdm nerez plechem. [&hellip;]\" \/>\n<meta property=\"og:url\" content=\"https:\/\/www.koupelnapro.com\/index.php\/produkt\/cata-x-mart-inox-10-t-ventilator-nerez-dobeh-celni-panel-100mm-kup-ted-3902\/\" \/>\n<meta property=\"og:image\" content=\"https:\/\/www.koupelnapro.com\/wp-content\/uploads\/2026\/SK0003473-CZ20260425-091623-0-1777079785-cata-x-mart-inox-10-t-ventilator-nerez-dobeh-celni-panel-10.webp\" \/>\n\t<meta property=\"og:image:width\" content=\"1000\" \/>\n\t<meta property=\"og:image:height\" content=\"525\" \/>\n\t<meta property=\"og:image:type\" content=\"image\/webp\" \/>\n<meta name=\"twitter:card\" content=\"summary_large_image\" \/>\n<meta name=\"twitter:label1\" content=\"Odhadovan\u00e1 doba \u010dten\u00ed\" \/>\n\t<meta name=\"twitter:data1\" content=\"2 minuty\" \/>\n<script type=\"application\/ld+json\" class=\"yoast-schema-graph\">{\"@context\":\"https:\/\/schema.org\",\"@graph\":[{\"@type\":\"WebPage\",\"@id\":\"https:\/\/www.koupelnapro.com\/index.php\/produkt\/cata-x-mart-inox-10-t-ventilator-nerez-dobeh-celni-panel-100mm-kup-ted-3902\/\",\"url\":\"https:\/\/www.koupelnapro.com\/index.php\/produkt\/cata-x-mart-inox-10-t-ventilator-nerez-dobeh-celni-panel-100mm-kup-ted-3902\/\",\"name\":\"CATA X-MART INOX 10 T ventil\u00e1tor nerez - dob\u011bh, \u010deln\u00ed panel 100mm Kup Te\u010f -\",\"isPartOf\":{\"@id\":\"https:\/\/www.koupelnapro.com\/#website\"},\"primaryImageOfPage\":{\"@id\":\"https:\/\/www.koupelnapro.com\/index.php\/produkt\/cata-x-mart-inox-10-t-ventilator-nerez-dobeh-celni-panel-100mm-kup-ted-3902\/#primaryimage\"},\"image\":{\"@id\":\"https:\/\/www.koupelnapro.com\/index.php\/produkt\/cata-x-mart-inox-10-t-ventilator-nerez-dobeh-celni-panel-100mm-kup-ted-3902\/#primaryimage\"},\"thumbnailUrl\":\"https:\/\/www.koupelnapro.com\/wp-content\/uploads\/2026\/SK0003473-CZ20260425-091623-0-1777079785-cata-x-mart-inox-10-t-ventilator-nerez-dobeh-celni-panel-10.webp\",\"datePublished\":\"2026-04-26T09:13:08+00:00\",\"breadcrumb\":{\"@id\":\"https:\/\/www.koupelnapro.com\/index.php\/produkt\/cata-x-mart-inox-10-t-ventilator-nerez-dobeh-celni-panel-100mm-kup-ted-3902\/#breadcrumb\"},\"inLanguage\":\"cs\",\"potentialAction\":[{\"@type\":\"ReadAction\",\"target\":[\"https:\/\/www.koupelnapro.com\/index.php\/produkt\/cata-x-mart-inox-10-t-ventilator-nerez-dobeh-celni-panel-100mm-kup-ted-3902\/\"]}]},{\"@type\":\"ImageObject\",\"inLanguage\":\"cs\",\"@id\":\"https:\/\/www.koupelnapro.com\/index.php\/produkt\/cata-x-mart-inox-10-t-ventilator-nerez-dobeh-celni-panel-100mm-kup-ted-3902\/#primaryimage\",\"url\":\"https:\/\/www.koupelnapro.com\/wp-content\/uploads\/2026\/SK0003473-CZ20260425-091623-0-1777079785-cata-x-mart-inox-10-t-ventilator-nerez-dobeh-celni-panel-10.webp\",\"contentUrl\":\"https:\/\/www.koupelnapro.com\/wp-content\/uploads\/2026\/SK0003473-CZ20260425-091623-0-1777079785-cata-x-mart-inox-10-t-ventilator-nerez-dobeh-celni-panel-10.webp\",\"width\":1000,\"height\":525},{\"@type\":\"BreadcrumbList\",\"@id\":\"https:\/\/www.koupelnapro.com\/index.php\/produkt\/cata-x-mart-inox-10-t-ventilator-nerez-dobeh-celni-panel-100mm-kup-ted-3902\/#breadcrumb\",\"itemListElement\":[{\"@type\":\"ListItem\",\"position\":1,\"name\":\"Home\",\"item\":\"https:\/\/www.koupelnapro.com\/\"},{\"@type\":\"ListItem\",\"position\":2,\"name\":\"Products\",\"item\":\"https:\/\/www.koupelnapro.com\/index.php\/products\/\"},{\"@type\":\"ListItem\",\"position\":3,\"name\":\"CATA X-MART INOX 10 T ventil\u00e1tor nerez &#8211; dob\u011bh, \u010deln\u00ed panel 100mm Kup Te\u010f\"}]},{\"@type\":\"WebSite\",\"@id\":\"https:\/\/www.koupelnapro.com\/#website\",\"url\":\"https:\/\/www.koupelnapro.com\/\",\"name\":\"\",\"description\":\"\",\"potentialAction\":[{\"@type\":\"SearchAction\",\"target\":{\"@type\":\"EntryPoint\",\"urlTemplate\":\"https:\/\/www.koupelnapro.com\/?s={search_term_string}\"},\"query-input\":{\"@type\":\"PropertyValueSpecification\",\"valueRequired\":true,\"valueName\":\"search_term_string\"}}],\"inLanguage\":\"cs\"}]}<\/script>\n<!-- \/ Yoast SEO plugin. -->","yoast_head_json":{"title":"CATA X-MART INOX 10 T ventil\u00e1tor nerez - dob\u011bh, \u010deln\u00ed panel 100mm Kup Te\u010f -","robots":{"index":"index","follow":"follow","max-snippet":"max-snippet:-1","max-image-preview":"max-image-preview:large","max-video-preview":"max-video-preview:-1"},"canonical":"https:\/\/www.koupelnapro.com\/index.php\/produkt\/cata-x-mart-inox-10-t-ventilator-nerez-dobeh-celni-panel-100mm-kup-ted-3902\/","og_locale":"cs_CZ","og_type":"article","og_title":"CATA X-MART INOX 10 T ventil\u00e1tor nerez - dob\u011bh, \u010deln\u00ed panel 100mm Kup Te\u010f -","og_description":"\u00a0Ventil\u00e1tor CATA X-MART INOX 10 T nerez &#8211; dob\u011bh \u00a0 \u00a0 \u00a0 \u00a0 \u00a0 Ventil\u00e1tory \u0159ady X-mart se vyzna\u010duj\u00ed supertich\u00fdm provozem, snadnou \u00fadr\u017ebou, mont\u00e1\u017e\u00ed a samoz\u0159ejm\u011b tak\u00e9 i designem. Jsou dostupn\u00e9 v b\u00edl\u00e9m proveden\u00ed, \u010di nerez (INOX). Sk\u0159\u00ed\u0148 je zhotovena z mechanicky odoln\u00e9ho termoplastu ABS \u0161ed\u00e9 barvy a \u010deln\u00ed deska je p\u0159epl\u00e1tovan\u00e1 kart\u00e1\u010dovan\u00fdm nerez plechem. [&hellip;]","og_url":"https:\/\/www.koupelnapro.com\/index.php\/produkt\/cata-x-mart-inox-10-t-ventilator-nerez-dobeh-celni-panel-100mm-kup-ted-3902\/","og_image":[{"width":1000,"height":525,"url":"https:\/\/www.koupelnapro.com\/wp-content\/uploads\/2026\/SK0003473-CZ20260425-091623-0-1777079785-cata-x-mart-inox-10-t-ventilator-nerez-dobeh-celni-panel-10.webp","type":"image\/webp"}],"twitter_card":"summary_large_image","twitter_misc":{"Odhadovan\u00e1 doba \u010dten\u00ed":"2 minuty"},"schema":{"@context":"https:\/\/schema.org","@graph":[{"@type":"WebPage","@id":"https:\/\/www.koupelnapro.com\/index.php\/produkt\/cata-x-mart-inox-10-t-ventilator-nerez-dobeh-celni-panel-100mm-kup-ted-3902\/","url":"https:\/\/www.koupelnapro.com\/index.php\/produkt\/cata-x-mart-inox-10-t-ventilator-nerez-dobeh-celni-panel-100mm-kup-ted-3902\/","name":"CATA X-MART INOX 10 T ventil\u00e1tor nerez - dob\u011bh, \u010deln\u00ed panel 100mm Kup Te\u010f -","isPartOf":{"@id":"https:\/\/www.koupelnapro.com\/#website"},"primaryImageOfPage":{"@id":"https:\/\/www.koupelnapro.com\/index.php\/produkt\/cata-x-mart-inox-10-t-ventilator-nerez-dobeh-celni-panel-100mm-kup-ted-3902\/#primaryimage"},"image":{"@id":"https:\/\/www.koupelnapro.com\/index.php\/produkt\/cata-x-mart-inox-10-t-ventilator-nerez-dobeh-celni-panel-100mm-kup-ted-3902\/#primaryimage"},"thumbnailUrl":"https:\/\/www.koupelnapro.com\/wp-content\/uploads\/2026\/SK0003473-CZ20260425-091623-0-1777079785-cata-x-mart-inox-10-t-ventilator-nerez-dobeh-celni-panel-10.webp","datePublished":"2026-04-26T09:13:08+00:00","breadcrumb":{"@id":"https:\/\/www.koupelnapro.com\/index.php\/produkt\/cata-x-mart-inox-10-t-ventilator-nerez-dobeh-celni-panel-100mm-kup-ted-3902\/#breadcrumb"},"inLanguage":"cs","potentialAction":[{"@type":"ReadAction","target":["https:\/\/www.koupelnapro.com\/index.php\/produkt\/cata-x-mart-inox-10-t-ventilator-nerez-dobeh-celni-panel-100mm-kup-ted-3902\/"]}]},{"@type":"ImageObject","inLanguage":"cs","@id":"https:\/\/www.koupelnapro.com\/index.php\/produkt\/cata-x-mart-inox-10-t-ventilator-nerez-dobeh-celni-panel-100mm-kup-ted-3902\/#primaryimage","url":"https:\/\/www.koupelnapro.com\/wp-content\/uploads\/2026\/SK0003473-CZ20260425-091623-0-1777079785-cata-x-mart-inox-10-t-ventilator-nerez-dobeh-celni-panel-10.webp","contentUrl":"https:\/\/www.koupelnapro.com\/wp-content\/uploads\/2026\/SK0003473-CZ20260425-091623-0-1777079785-cata-x-mart-inox-10-t-ventilator-nerez-dobeh-celni-panel-10.webp","width":1000,"height":525},{"@type":"BreadcrumbList","@id":"https:\/\/www.koupelnapro.com\/index.php\/produkt\/cata-x-mart-inox-10-t-ventilator-nerez-dobeh-celni-panel-100mm-kup-ted-3902\/#breadcrumb","itemListElement":[{"@type":"ListItem","position":1,"name":"Home","item":"https:\/\/www.koupelnapro.com\/"},{"@type":"ListItem","position":2,"name":"Products","item":"https:\/\/www.koupelnapro.com\/index.php\/products\/"},{"@type":"ListItem","position":3,"name":"CATA X-MART INOX 10 T ventil\u00e1tor nerez &#8211; dob\u011bh, \u010deln\u00ed panel 100mm Kup Te\u010f"}]},{"@type":"WebSite","@id":"https:\/\/www.koupelnapro.com\/#website","url":"https:\/\/www.koupelnapro.com\/","name":"","description":"","potentialAction":[{"@type":"SearchAction","target":{"@type":"EntryPoint","urlTemplate":"https:\/\/www.koupelnapro.com\/?s={search_term_string}"},"query-input":{"@type":"PropertyValueSpecification","valueRequired":true,"valueName":"search_term_string"}}],"inLanguage":"cs"}]}},"_links":{"self":[{"href":"https:\/\/www.koupelnapro.com\/index.php\/wp-json\/wp\/v2\/product\/3902","targetHints":{"allow":["GET"]}}],"collection":[{"href":"https:\/\/www.koupelnapro.com\/index.php\/wp-json\/wp\/v2\/product"}],"about":[{"href":"https:\/\/www.koupelnapro.com\/index.php\/wp-json\/wp\/v2\/types\/product"}],"replies":[{"embeddable":true,"href":"https:\/\/www.koupelnapro.com\/index.php\/wp-json\/wp\/v2\/comments?post=3902"}],"wp:featuredmedia":[{"embeddable":true,"href":"https:\/\/www.koupelnapro.com\/index.php\/wp-json\/wp\/v2\/media\/4002"}],"wp:attachment":[{"href":"https:\/\/www.koupelnapro.com\/index.php\/wp-json\/wp\/v2\/media?parent=3902"}],"wp:term":[{"taxonomy":"product_brand","embeddable":true,"href":"https:\/\/www.koupelnapro.com\/index.php\/wp-json\/wp\/v2\/product_brand?post=3902"},{"taxonomy":"product_cat","embeddable":true,"href":"https:\/\/www.koupelnapro.com\/index.php\/wp-json\/wp\/v2\/product_cat?post=3902"},{"taxonomy":"product_tag","embeddable":true,"href":"https:\/\/www.koupelnapro.com\/index.php\/wp-json\/wp\/v2\/product_tag?post=3902"}],"curies":[{"name":"wp","href":"https:\/\/api.w.org\/{rel}","templated":true}]}}