{"id":3900,"date":"2026-04-26T09:13:08","date_gmt":"2026-04-26T09:13:08","guid":{"rendered":""},"modified":"2026-04-26T09:13:08","modified_gmt":"2026-04-26T09:13:08","slug":"cata-x-mart-10-t-ventilator-bila-kremova-dobeh-celni-panel-100mm-nejlepsi-cena-3900","status":"publish","type":"product","link":"https:\/\/www.koupelnapro.com\/index.php\/produkt\/cata-x-mart-10-t-ventilator-bila-kremova-dobeh-celni-panel-100mm-nejlepsi-cena-3900\/","title":{"rendered":"CATA X-MART 10  T ventil\u00e1tor b\u00edl\u00e1 kr\u00e9mov\u00e1 &#8211; dob\u011bh, \u010deln\u00ed panel 100mm Nejlep\u0161\u00ed Cena"},"content":{"rendered":"<div id=\"e9178695\" class=\"pages\">\n<div id=\"PDDescription\" class=\"UserContentView userContent v1a v1 bs-view dcon dc150 PDDescription\" >\n<p style=\"font: small\/1.5em 'Arial CE', Arial, 'Helvetica CE', Helvetica, sans-serif; margin: 0px 0px 0.5em; padding: 0px; text-align: left; color: #333333; text-transform: none; text-indent: 0px; letter-spacing: normal; word-spacing: 0px; white-space: normal; -ms-word-wrap: break-word; background-color: #ffffff; -webkit-text-stroke-width: 0px;\">B\u00edl\u00fd designov\u00fd axi\u00e1ln\u00ed ventil\u00e1tor s \u010dasova\u010dem na ze\u010f,do stropu \u010di do okna,integrovan\u00e1 zp\u011btn\u00e1 klapka,snadn\u00e1 mont\u00e1\u017e bez vrt\u00e1n\u00ed a \u00fadr\u017eba pro ka\u017ed\u00fd interi\u00e9r<\/p>\n<p style=\"font: small\/1.5em 'Arial CE', Arial, 'Helvetica CE', Helvetica, sans-serif; margin: 0px 0px 0.5em; padding: 0px; text-align: left; color: #333333; text-transform: none; text-indent: 0px; letter-spacing: normal; word-spacing: 0px; white-space: normal; -ms-word-wrap: break-word; background-color: #ffffff; -webkit-text-stroke-width: 0px;\">CHARAKTERISTIKA: Axi\u00e1ln\u00ed ventil\u00e1tory zcela nov\u00e9 konstrukce a designu. Vyzna\u010duj\u00ed se velmi n\u00edzkou provozn\u00ed hlu\u010dnost\u00ed, snadnou mont\u00e1\u017e\u00ed a snadnou \u00fadr\u017ebou. POU\u017dIT\u00cd: Ods\u00e1v\u00e1n\u00ed p\u0159es ze\u010f nebo p\u0159es okno (po zakoupen\u00ed okenn\u00ed soupravy) nebo do krat\u0161\u00edch potrub\u00ed s n\u00edzkou tlakovou ztr\u00e1tou. Ventil\u00e1tory lze montovat jak ve svisl\u00e9, tak i v horizont\u00e1ln\u00ed poloze. Ventil\u00e1tor je ur\u010den pro provoz ve vnit\u0159n\u00edm z\u00e1kladn\u00edm prost\u0159ed\u00ed s okoln\u00ed teplotou od 0 do +40\u00b0C, pro dopravu \u010dist\u00e9ho vzduchu bez prachu, mastnost, chemick\u00fdch v\u00fdpar\u016f a dal\u0161\u00edch zne\u010di\u0161t\u011bn\u00ed. D\u00e1le je nutn\u00e9 zajistit, aby ventil\u00e1tor nenamrzal a nest\u00e9kal do n\u011bj kondenz\u00e1t vody z potrub\u00ed. SK\u0158\u00cd\u0147: Sk\u0159\u00ed\u0148 a \u010deln\u00ed deska je zhotovena z mechanicky odoln\u00e9ho termoplastu ABS b\u00edl\u00e9 barvy s vysokou barevnou st\u00e1lost\u00ed. U proveden\u00ed INOX je sk\u0159\u00ed\u0148 \u0161ed\u00e1 a \u010deln\u00ed deska je p\u0159epl\u00e1tovan\u00e1 kart\u00e1\u010dovan\u00fdm nerez plechem. OB\u011a\u017dN\u00c9 KOLO: Axi\u00e1ln\u00ed ob\u011b\u017en\u00e9 kolo je vyrobeno z ABS. MOTOR: Asynchronn\u00ed s kotvou nakr\u00e1tko. Je vybaven kluzn\u00fdmi lo\u017eisky s tukovou n\u00e1pln\u00ed pro celou dobu \u017eivotnosti a axi\u00e1ln\u00edm lo\u017eiskem pro horizont\u00e1ln\u00ed mont\u00e1\u017e. Motor je opat\u0159en jednor\u00e1zovou tepelnou pojistkou proti p\u0159et\u00ed\u017een\u00ed. Pracovn\u00ed teplota je max. 40\u00b0C. Stupe\u0148 kryt\u00ed je IPX4. Nap\u00e1jen\u00ed 230V\/50 Hz. SVORKOVNICE: Svorkovnice je p\u0159\u00edstupn\u00e1 po sejmut\u00ed \u010deln\u00ed desky a odklopen\u00ed krytu svorkovnice. Jednotliv\u00e9 svorky maj\u00ed p\u00edsmenn\u00e9 ozna\u010den\u00ed: N \u2013 nulov\u00fd vodi\u010d L \u2013 f\u00e1ze SL \u2013 ovl\u00e1dac\u00ed f\u00e1ze (modely T a H) OVL\u00c1DAC\u00cd PRVKY: Pod krytem jsou rovn\u011b\u017e p\u0159\u00edstupn\u00e9 ovl\u00e1dac\u00ed prvky pro nastaven\u00ed po\u017eadovan\u00e9ho zpo\u017ed\u011bn\u00ed dob\u011bhu a po\u017eadovan\u00e9 vlhkosti (u model\u016f s p\u0159\u00edslu\u0161nou v\u00fdbavou). SM\u011aR PR\u016eTOKU: Sm\u011br pr\u016ftoku ods\u00e1van\u00e9ho vzduchu je od \u010deln\u00ed desky k zadn\u00edmu v\u00fdfukov\u00e9mu hrdlu. Zm\u011bna sm\u011bru pr\u016ftoku nen\u00ed mo\u017en\u00e1. MONT\u00c1\u017d: Ventil\u00e1tory lze montovat jak na ze\u010f, tak i do stropu. Pro rychlou a snadnou mont\u00e1\u017e do plastov\u00e9ho potrub\u00ed lze vyu\u017e\u00edt syst\u00e9mu QUICK FIX GRIP \u2013 rozp\u011brn\u00fdch pacek, kter\u00e9 se pomoc\u00ed zp\u0159edu p\u0159\u00edstupn\u00fdch \u0161roub\u016f v trubce rozep\u0159ou a ventil\u00e1tor zafixuj\u00ed. Sou\u010d\u00e1st\u00ed balen\u00ed jsou i hmo\u017edinky a vruty pro standardn\u00ed zp\u016fsob mont\u00e1\u017ee. Ventil\u00e1tor m\u00e1 pro tento zp\u016fsob mont\u00e1\u017ee pod \u010deln\u00ed deskou \u010dty\u0159i otvory v roz\u00edch sk\u0159\u00edn\u011b (zaslepen\u00e9 krytkou). ZP\u011aTN\u00c1 KLAPKA: V\u0161echny modely jsou opat\u0159eny f\u00f3liovou zp\u011btnou klapkou pro zabr\u00e1n\u011bn\u00ed pronik\u00e1n\u00ed vzduchu z odtahov\u00e9ho potrub\u00ed zp\u011bt do m\u00edstnosti v dob\u011b ne\u010dinnosti ventil\u00e1toru. REGULACE OT\u00c1\u010cEK: Prov\u00e1d\u00ed se elektronick\u00fdmi nebo transform\u00e1torov\u00fdmi regul\u00e1tory ot\u00e1\u010dek zm\u011bnou nap\u011bt\u00ed. HLUK: Hladina hluku je m\u011b\u0159ena ve vzd\u00e1lenosti 2m v ose s\u00e1n\u00ed p\u0159i pln\u00e9m chodu ventil\u00e1toru. \u00daDR\u017dBA: \u010celn\u00ed desku lze snadno tahem sejmout a opl\u00e1chnout pod tekouc\u00ed vodou. V\u00ddBAVA: Modely s ozna\u010den\u00edm T jsou vybaveny dob\u011bhov\u00fdm \u010dasova\u010dem s nastaven\u00edm doby dob\u011bhu v rozmez\u00ed 3-15 min. (\u010derven\u00e9 to\u010d\u00edtko). Modely s ozna\u010den\u00edm H jsou vybaveny vlhkostn\u00ed automatikou s nastaven\u00edm po\u017eadovan\u00e9 \u00farovn\u011b vlhkosti v rozmez\u00ed 40\u201390% rel. vlhkosti (modr\u00e9 to\u010d\u00edtko) a z\u00e1rove\u0148 obsahuj\u00ed funkci dob\u011bhov\u00e9ho \u010dasova\u010de. INDIKACE: Sepnut\u00ed sp\u00edna\u010de je indikov\u00e1no svitem t\u0159\u00ed bod\u016f ve vrchl\u00edku ventil\u00e1toru. U model\u016f ozna\u010den\u00fdch T a H body sv\u00edt\u00ed po dobu p\u0159\u00edtomnosti f\u00e1ze na pomocn\u00e9 ovl\u00e1dac\u00ed svorce.<\/p>\n<div id=\"PDTable3\" class=\"ProductDetailTableView v3a v3 bs-view dcon dc175 PDTable3\" >\n<table>\n<thead><\/thead>\n<tbody>\n<tr class=\"attribute attr_Prumer\">\n<td class=\"caption\">Pr\u016fm\u011br<\/td>\n<td class=\"value\">100 mm<\/td>\n<\/tr>\n<tr class=\"attribute attr_Dobeh\">\n<td class=\"caption\">Dob\u011bh<\/td>\n<td class=\"value\">Ano<\/td>\n<\/tr>\n<tr class=\"attribute attr_Panel\">\n<td class=\"caption\">\u010celn\u00ed panel<\/td>\n<td class=\"value\">Ano<\/td>\n<\/tr>\n<tr class=\"attribute attr_Napeti\">\n<td class=\"caption\">Nap\u011bt\u00ed<\/td>\n<td class=\"value\">230V<\/td>\n<\/tr>\n<tr class=\"attribute attr_Typ\">\n<td class=\"caption\">Typ<\/td>\n<td class=\"value\">Axi\u00e1ln\u00ed ventil\u00e1tor<\/td>\n<\/tr>\n<tr class=\"attribute attr_bsshop_maker\">\n<td class=\"caption\">V\u00fdrobce<\/td>\n<td class=\"value\">CATA<\/td>\n<\/tr>\n<\/tbody>\n<\/table><\/div>\n<\/div>\n<\/div>\n<div id=\"e9178696\" class=\"tabs\">\n","protected":false},"excerpt":{"rendered":"<p>B\u00edl\u00fd designov\u00fd axi\u00e1ln\u00ed ventil\u00e1tor s \u010dasova\u010dem na ze\u010f,do stropu \u010di do okna,integrovan\u00e1 zp\u011btn\u00e1 klapka,snadn\u00e1 mont\u00e1\u017e bez vrt\u00e1n\u00ed a \u00fadr\u017eba pro ka\u017ed\u00fd interi\u00e9r CHARAKTERISTIKA: Axi\u00e1ln\u00ed ventil\u00e1tory zcela nov\u00e9 konstrukce a designu. Vyzna\u010duj\u00ed se velmi n\u00edzkou provozn\u00ed hlu\u010dnost\u00ed, snadnou mont\u00e1\u017e\u00ed a snadnou \u00fadr\u017ebou. POU\u017dIT\u00cd: Ods\u00e1v\u00e1n\u00ed p\u0159es ze\u010f nebo p\u0159es okno (po zakoupen\u00ed okenn\u00ed soupravy) nebo do krat\u0161\u00edch [&hellip;]<\/p>\n","protected":false},"featured_media":4000,"comment_status":"open","ping_status":"open","template":"","meta":[],"product_brand":[],"product_cat":[42],"product_tag":[],"class_list":{"0":"post-3900","1":"product","2":"type-product","3":"status-publish","4":"has-post-thumbnail","6":"product_cat-ventil-225-tory","8":"first","9":"instock","10":"sale","11":"shipping-taxable","12":"purchasable","13":"product-type-simple"},"yoast_head":"<!-- This site is optimized with the Yoast SEO plugin v26.8 - https:\/\/yoast.com\/product\/yoast-seo-wordpress\/ -->\n<title>CATA X-MART 10 T ventil\u00e1tor b\u00edl\u00e1 kr\u00e9mov\u00e1 - dob\u011bh, \u010deln\u00ed panel 100mm Nejlep\u0161\u00ed Cena -<\/title>\n<meta name=\"robots\" content=\"index, follow, max-snippet:-1, max-image-preview:large, max-video-preview:-1\" \/>\n<link rel=\"canonical\" href=\"https:\/\/www.koupelnapro.com\/index.php\/produkt\/cata-x-mart-10-t-ventilator-bila-kremova-dobeh-celni-panel-100mm-nejlepsi-cena-3900\/\" \/>\n<meta property=\"og:locale\" content=\"cs_CZ\" \/>\n<meta property=\"og:type\" content=\"article\" \/>\n<meta property=\"og:title\" content=\"CATA X-MART 10 T ventil\u00e1tor b\u00edl\u00e1 kr\u00e9mov\u00e1 - dob\u011bh, \u010deln\u00ed panel 100mm Nejlep\u0161\u00ed Cena -\" \/>\n<meta property=\"og:description\" content=\"B\u00edl\u00fd designov\u00fd axi\u00e1ln\u00ed ventil\u00e1tor s \u010dasova\u010dem na ze\u010f,do stropu \u010di do okna,integrovan\u00e1 zp\u011btn\u00e1 klapka,snadn\u00e1 mont\u00e1\u017e bez vrt\u00e1n\u00ed a \u00fadr\u017eba pro ka\u017ed\u00fd interi\u00e9r CHARAKTERISTIKA: Axi\u00e1ln\u00ed ventil\u00e1tory zcela nov\u00e9 konstrukce a designu. Vyzna\u010duj\u00ed se velmi n\u00edzkou provozn\u00ed hlu\u010dnost\u00ed, snadnou mont\u00e1\u017e\u00ed a snadnou \u00fadr\u017ebou. POU\u017dIT\u00cd: Ods\u00e1v\u00e1n\u00ed p\u0159es ze\u010f nebo p\u0159es okno (po zakoupen\u00ed okenn\u00ed soupravy) nebo do krat\u0161\u00edch [&hellip;]\" \/>\n<meta property=\"og:url\" content=\"https:\/\/www.koupelnapro.com\/index.php\/produkt\/cata-x-mart-10-t-ventilator-bila-kremova-dobeh-celni-panel-100mm-nejlepsi-cena-3900\/\" \/>\n<meta property=\"og:image\" content=\"https:\/\/www.koupelnapro.com\/wp-content\/uploads\/2026\/SK0003471-CZ20260425-091623-0-1777079785-cata-x-mart-10-t-ventilator-bila-kremova-dobeh-celni-panel-.webp\" \/>\n\t<meta property=\"og:image:width\" content=\"1000\" \/>\n\t<meta property=\"og:image:height\" content=\"525\" \/>\n\t<meta property=\"og:image:type\" content=\"image\/webp\" \/>\n<meta name=\"twitter:card\" content=\"summary_large_image\" \/>\n<meta name=\"twitter:label1\" content=\"Odhadovan\u00e1 doba \u010dten\u00ed\" \/>\n\t<meta name=\"twitter:data1\" content=\"3 minuty\" \/>\n<script type=\"application\/ld+json\" class=\"yoast-schema-graph\">{\"@context\":\"https:\/\/schema.org\",\"@graph\":[{\"@type\":\"WebPage\",\"@id\":\"https:\/\/www.koupelnapro.com\/index.php\/produkt\/cata-x-mart-10-t-ventilator-bila-kremova-dobeh-celni-panel-100mm-nejlepsi-cena-3900\/\",\"url\":\"https:\/\/www.koupelnapro.com\/index.php\/produkt\/cata-x-mart-10-t-ventilator-bila-kremova-dobeh-celni-panel-100mm-nejlepsi-cena-3900\/\",\"name\":\"CATA X-MART 10 T ventil\u00e1tor b\u00edl\u00e1 kr\u00e9mov\u00e1 - dob\u011bh, \u010deln\u00ed panel 100mm Nejlep\u0161\u00ed Cena -\",\"isPartOf\":{\"@id\":\"https:\/\/www.koupelnapro.com\/#website\"},\"primaryImageOfPage\":{\"@id\":\"https:\/\/www.koupelnapro.com\/index.php\/produkt\/cata-x-mart-10-t-ventilator-bila-kremova-dobeh-celni-panel-100mm-nejlepsi-cena-3900\/#primaryimage\"},\"image\":{\"@id\":\"https:\/\/www.koupelnapro.com\/index.php\/produkt\/cata-x-mart-10-t-ventilator-bila-kremova-dobeh-celni-panel-100mm-nejlepsi-cena-3900\/#primaryimage\"},\"thumbnailUrl\":\"https:\/\/www.koupelnapro.com\/wp-content\/uploads\/2026\/SK0003471-CZ20260425-091623-0-1777079785-cata-x-mart-10-t-ventilator-bila-kremova-dobeh-celni-panel-.webp\",\"datePublished\":\"2026-04-26T09:13:08+00:00\",\"breadcrumb\":{\"@id\":\"https:\/\/www.koupelnapro.com\/index.php\/produkt\/cata-x-mart-10-t-ventilator-bila-kremova-dobeh-celni-panel-100mm-nejlepsi-cena-3900\/#breadcrumb\"},\"inLanguage\":\"cs\",\"potentialAction\":[{\"@type\":\"ReadAction\",\"target\":[\"https:\/\/www.koupelnapro.com\/index.php\/produkt\/cata-x-mart-10-t-ventilator-bila-kremova-dobeh-celni-panel-100mm-nejlepsi-cena-3900\/\"]}]},{\"@type\":\"ImageObject\",\"inLanguage\":\"cs\",\"@id\":\"https:\/\/www.koupelnapro.com\/index.php\/produkt\/cata-x-mart-10-t-ventilator-bila-kremova-dobeh-celni-panel-100mm-nejlepsi-cena-3900\/#primaryimage\",\"url\":\"https:\/\/www.koupelnapro.com\/wp-content\/uploads\/2026\/SK0003471-CZ20260425-091623-0-1777079785-cata-x-mart-10-t-ventilator-bila-kremova-dobeh-celni-panel-.webp\",\"contentUrl\":\"https:\/\/www.koupelnapro.com\/wp-content\/uploads\/2026\/SK0003471-CZ20260425-091623-0-1777079785-cata-x-mart-10-t-ventilator-bila-kremova-dobeh-celni-panel-.webp\",\"width\":1000,\"height\":525},{\"@type\":\"BreadcrumbList\",\"@id\":\"https:\/\/www.koupelnapro.com\/index.php\/produkt\/cata-x-mart-10-t-ventilator-bila-kremova-dobeh-celni-panel-100mm-nejlepsi-cena-3900\/#breadcrumb\",\"itemListElement\":[{\"@type\":\"ListItem\",\"position\":1,\"name\":\"Home\",\"item\":\"https:\/\/www.koupelnapro.com\/\"},{\"@type\":\"ListItem\",\"position\":2,\"name\":\"Products\",\"item\":\"https:\/\/www.koupelnapro.com\/index.php\/products\/\"},{\"@type\":\"ListItem\",\"position\":3,\"name\":\"CATA X-MART 10 T ventil\u00e1tor b\u00edl\u00e1 kr\u00e9mov\u00e1 &#8211; dob\u011bh, \u010deln\u00ed panel 100mm Nejlep\u0161\u00ed Cena\"}]},{\"@type\":\"WebSite\",\"@id\":\"https:\/\/www.koupelnapro.com\/#website\",\"url\":\"https:\/\/www.koupelnapro.com\/\",\"name\":\"\",\"description\":\"\",\"potentialAction\":[{\"@type\":\"SearchAction\",\"target\":{\"@type\":\"EntryPoint\",\"urlTemplate\":\"https:\/\/www.koupelnapro.com\/?s={search_term_string}\"},\"query-input\":{\"@type\":\"PropertyValueSpecification\",\"valueRequired\":true,\"valueName\":\"search_term_string\"}}],\"inLanguage\":\"cs\"}]}<\/script>\n<!-- \/ Yoast SEO plugin. -->","yoast_head_json":{"title":"CATA X-MART 10 T ventil\u00e1tor b\u00edl\u00e1 kr\u00e9mov\u00e1 - dob\u011bh, \u010deln\u00ed panel 100mm Nejlep\u0161\u00ed Cena -","robots":{"index":"index","follow":"follow","max-snippet":"max-snippet:-1","max-image-preview":"max-image-preview:large","max-video-preview":"max-video-preview:-1"},"canonical":"https:\/\/www.koupelnapro.com\/index.php\/produkt\/cata-x-mart-10-t-ventilator-bila-kremova-dobeh-celni-panel-100mm-nejlepsi-cena-3900\/","og_locale":"cs_CZ","og_type":"article","og_title":"CATA X-MART 10 T ventil\u00e1tor b\u00edl\u00e1 kr\u00e9mov\u00e1 - dob\u011bh, \u010deln\u00ed panel 100mm Nejlep\u0161\u00ed Cena -","og_description":"B\u00edl\u00fd designov\u00fd axi\u00e1ln\u00ed ventil\u00e1tor s \u010dasova\u010dem na ze\u010f,do stropu \u010di do okna,integrovan\u00e1 zp\u011btn\u00e1 klapka,snadn\u00e1 mont\u00e1\u017e bez vrt\u00e1n\u00ed a \u00fadr\u017eba pro ka\u017ed\u00fd interi\u00e9r CHARAKTERISTIKA: Axi\u00e1ln\u00ed ventil\u00e1tory zcela nov\u00e9 konstrukce a designu. Vyzna\u010duj\u00ed se velmi n\u00edzkou provozn\u00ed hlu\u010dnost\u00ed, snadnou mont\u00e1\u017e\u00ed a snadnou \u00fadr\u017ebou. POU\u017dIT\u00cd: Ods\u00e1v\u00e1n\u00ed p\u0159es ze\u010f nebo p\u0159es okno (po zakoupen\u00ed okenn\u00ed soupravy) nebo do krat\u0161\u00edch [&hellip;]","og_url":"https:\/\/www.koupelnapro.com\/index.php\/produkt\/cata-x-mart-10-t-ventilator-bila-kremova-dobeh-celni-panel-100mm-nejlepsi-cena-3900\/","og_image":[{"width":1000,"height":525,"url":"https:\/\/www.koupelnapro.com\/wp-content\/uploads\/2026\/SK0003471-CZ20260425-091623-0-1777079785-cata-x-mart-10-t-ventilator-bila-kremova-dobeh-celni-panel-.webp","type":"image\/webp"}],"twitter_card":"summary_large_image","twitter_misc":{"Odhadovan\u00e1 doba \u010dten\u00ed":"3 minuty"},"schema":{"@context":"https:\/\/schema.org","@graph":[{"@type":"WebPage","@id":"https:\/\/www.koupelnapro.com\/index.php\/produkt\/cata-x-mart-10-t-ventilator-bila-kremova-dobeh-celni-panel-100mm-nejlepsi-cena-3900\/","url":"https:\/\/www.koupelnapro.com\/index.php\/produkt\/cata-x-mart-10-t-ventilator-bila-kremova-dobeh-celni-panel-100mm-nejlepsi-cena-3900\/","name":"CATA X-MART 10 T ventil\u00e1tor b\u00edl\u00e1 kr\u00e9mov\u00e1 - dob\u011bh, \u010deln\u00ed panel 100mm Nejlep\u0161\u00ed Cena -","isPartOf":{"@id":"https:\/\/www.koupelnapro.com\/#website"},"primaryImageOfPage":{"@id":"https:\/\/www.koupelnapro.com\/index.php\/produkt\/cata-x-mart-10-t-ventilator-bila-kremova-dobeh-celni-panel-100mm-nejlepsi-cena-3900\/#primaryimage"},"image":{"@id":"https:\/\/www.koupelnapro.com\/index.php\/produkt\/cata-x-mart-10-t-ventilator-bila-kremova-dobeh-celni-panel-100mm-nejlepsi-cena-3900\/#primaryimage"},"thumbnailUrl":"https:\/\/www.koupelnapro.com\/wp-content\/uploads\/2026\/SK0003471-CZ20260425-091623-0-1777079785-cata-x-mart-10-t-ventilator-bila-kremova-dobeh-celni-panel-.webp","datePublished":"2026-04-26T09:13:08+00:00","breadcrumb":{"@id":"https:\/\/www.koupelnapro.com\/index.php\/produkt\/cata-x-mart-10-t-ventilator-bila-kremova-dobeh-celni-panel-100mm-nejlepsi-cena-3900\/#breadcrumb"},"inLanguage":"cs","potentialAction":[{"@type":"ReadAction","target":["https:\/\/www.koupelnapro.com\/index.php\/produkt\/cata-x-mart-10-t-ventilator-bila-kremova-dobeh-celni-panel-100mm-nejlepsi-cena-3900\/"]}]},{"@type":"ImageObject","inLanguage":"cs","@id":"https:\/\/www.koupelnapro.com\/index.php\/produkt\/cata-x-mart-10-t-ventilator-bila-kremova-dobeh-celni-panel-100mm-nejlepsi-cena-3900\/#primaryimage","url":"https:\/\/www.koupelnapro.com\/wp-content\/uploads\/2026\/SK0003471-CZ20260425-091623-0-1777079785-cata-x-mart-10-t-ventilator-bila-kremova-dobeh-celni-panel-.webp","contentUrl":"https:\/\/www.koupelnapro.com\/wp-content\/uploads\/2026\/SK0003471-CZ20260425-091623-0-1777079785-cata-x-mart-10-t-ventilator-bila-kremova-dobeh-celni-panel-.webp","width":1000,"height":525},{"@type":"BreadcrumbList","@id":"https:\/\/www.koupelnapro.com\/index.php\/produkt\/cata-x-mart-10-t-ventilator-bila-kremova-dobeh-celni-panel-100mm-nejlepsi-cena-3900\/#breadcrumb","itemListElement":[{"@type":"ListItem","position":1,"name":"Home","item":"https:\/\/www.koupelnapro.com\/"},{"@type":"ListItem","position":2,"name":"Products","item":"https:\/\/www.koupelnapro.com\/index.php\/products\/"},{"@type":"ListItem","position":3,"name":"CATA X-MART 10 T ventil\u00e1tor b\u00edl\u00e1 kr\u00e9mov\u00e1 &#8211; dob\u011bh, \u010deln\u00ed panel 100mm Nejlep\u0161\u00ed Cena"}]},{"@type":"WebSite","@id":"https:\/\/www.koupelnapro.com\/#website","url":"https:\/\/www.koupelnapro.com\/","name":"","description":"","potentialAction":[{"@type":"SearchAction","target":{"@type":"EntryPoint","urlTemplate":"https:\/\/www.koupelnapro.com\/?s={search_term_string}"},"query-input":{"@type":"PropertyValueSpecification","valueRequired":true,"valueName":"search_term_string"}}],"inLanguage":"cs"}]}},"_links":{"self":[{"href":"https:\/\/www.koupelnapro.com\/index.php\/wp-json\/wp\/v2\/product\/3900","targetHints":{"allow":["GET"]}}],"collection":[{"href":"https:\/\/www.koupelnapro.com\/index.php\/wp-json\/wp\/v2\/product"}],"about":[{"href":"https:\/\/www.koupelnapro.com\/index.php\/wp-json\/wp\/v2\/types\/product"}],"replies":[{"embeddable":true,"href":"https:\/\/www.koupelnapro.com\/index.php\/wp-json\/wp\/v2\/comments?post=3900"}],"wp:featuredmedia":[{"embeddable":true,"href":"https:\/\/www.koupelnapro.com\/index.php\/wp-json\/wp\/v2\/media\/4000"}],"wp:attachment":[{"href":"https:\/\/www.koupelnapro.com\/index.php\/wp-json\/wp\/v2\/media?parent=3900"}],"wp:term":[{"taxonomy":"product_brand","embeddable":true,"href":"https:\/\/www.koupelnapro.com\/index.php\/wp-json\/wp\/v2\/product_brand?post=3900"},{"taxonomy":"product_cat","embeddable":true,"href":"https:\/\/www.koupelnapro.com\/index.php\/wp-json\/wp\/v2\/product_cat?post=3900"},{"taxonomy":"product_tag","embeddable":true,"href":"https:\/\/www.koupelnapro.com\/index.php\/wp-json\/wp\/v2\/product_tag?post=3900"}],"curies":[{"name":"wp","href":"https:\/\/api.w.org\/{rel}","templated":true}]}}