{"id":3897,"date":"2026-04-26T09:13:08","date_gmt":"2026-04-26T09:13:08","guid":{"rendered":""},"modified":"2026-04-26T09:13:08","modified_gmt":"2026-04-26T09:13:08","slug":"cata-e-100-gt-ventilator-bily-dobeh-skleneny-celni-panel-100mm-oblibeny-3897","status":"publish","type":"product","link":"https:\/\/www.koupelnapro.com\/index.php\/produkt\/cata-e-100-gt-ventilator-bily-dobeh-skleneny-celni-panel-100mm-oblibeny-3897\/","title":{"rendered":"CATA e-100 GT ventil\u00e1tor b\u00edl\u00fd &#8211; dob\u011bh, sklen\u011bn\u00fd \u010deln\u00ed panel 100mm Obl\u00edben\u00fd"},"content":{"rendered":"<div id=\"e9177689\" class=\"pages\">\n<div id=\"PDDescription\" class=\"UserContentView userContent v1a v1 bs-view dcon dc150 PDDescription\" >\n<div class=\"perex\" style=\"font: 12.8px\/normal 'Arial CE', Arial, sans-serif; padding: 0px; color: #666666; text-transform: none; text-indent: 0px; letter-spacing: normal; margin-bottom: 16px; word-spacing: 0px; white-space: normal; background-color: #ffffff; -webkit-text-stroke-width: 0px;\">\u00a0<\/div>\n<div class=\"perex\" style=\"font: 12.8px\/normal 'Arial CE', Arial, sans-serif; padding: 0px; color: #666666; text-transform: none; text-indent: 0px; letter-spacing: normal; margin-bottom: 16px; word-spacing: 0px; white-space: normal; background-color: #ffffff; -webkit-text-stroke-width: 0px;\">Axi\u00e1ln\u00ed ventil\u00e1tor CATA e100GT se hod\u00ed do ka\u017ed\u00e9 koupelny i kuchyn\u011b.\u00a0Ventil\u00e1tor s funkc\u00ed dob\u011bhov\u00e9 \u010dasova\u010de 3-15 minut o v\u00fdkonu 8 W. Maxim\u00e1ln\u00ed sac\u00ed v\u00fdkon 90 m3\/hod. Tich\u00fd &#8211; 31 dB(A), snadn\u00e1 \u00fadr\u017eba. B\u00edl\u00e9 proveden\u00ed.<\/div>\n<p><span style=\"font: 12.8px\/normal 'Arial CE', Arial, sans-serif; color: #666666; text-transform: none; text-indent: 0px; letter-spacing: normal; word-spacing: 0px; float: none; display: inline !important; white-space: normal; background-color: #ffffff; -webkit-text-stroke-width: 0px;\">Nastaviteln\u00fd elektronick\u00fd \u010dasova\u010d od 3 do 15 minut.<\/span><br style=\"font: 12.8px\/normal 'Arial CE', Arial, sans-serif; color: #666666; text-transform: none; text-indent: 0px; letter-spacing: normal; word-spacing: 0px; white-space: normal; background-color: #ffffff; -webkit-text-stroke-width: 0px;\"><br style=\"font: 12.8px\/normal 'Arial CE', Arial, sans-serif; color: #666666; text-transform: none; text-indent: 0px; letter-spacing: normal; word-spacing: 0px; white-space: normal; background-color: #ffffff; -webkit-text-stroke-width: 0px;\"><span style=\"font: 12.8px\/normal 'Arial CE', Arial, sans-serif; color: #666666; text-transform: none; text-indent: 0px; letter-spacing: normal; word-spacing: 0px; float: none; display: inline !important; white-space: normal; background-color: #ffffff; -webkit-text-stroke-width: 0px;\">sklen\u011bn\u00fd panel<\/span><br style=\"font: 12.8px\/normal 'Arial CE', Arial, sans-serif; color: #666666; text-transform: none; text-indent: 0px; letter-spacing: normal; word-spacing: 0px; white-space: normal; background-color: #ffffff; -webkit-text-stroke-width: 0px;\"><span style=\"font: 12.8px\/normal 'Arial CE', Arial, sans-serif; color: #666666; text-transform: none; text-indent: 0px; letter-spacing: normal; word-spacing: 0px; float: none; display: inline !important; white-space: normal; background-color: #ffffff; -webkit-text-stroke-width: 0px;\">tich\u00fd &#8211; 31 dB(A)<\/span><br style=\"font: 12.8px\/normal 'Arial CE', Arial, sans-serif; color: #666666; text-transform: none; text-indent: 0px; letter-spacing: normal; word-spacing: 0px; white-space: normal; background-color: #ffffff; -webkit-text-stroke-width: 0px;\"><span style=\"font: 12.8px\/normal 'Arial CE', Arial, sans-serif; color: #666666; text-transform: none; text-indent: 0px; letter-spacing: normal; word-spacing: 0px; float: none; display: inline !important; white-space: normal; background-color: #ffffff; -webkit-text-stroke-width: 0px;\">\u00fasporn\u00fd &#8211; 8 W<\/span><br style=\"font: 12.8px\/normal 'Arial CE', Arial, sans-serif; color: #666666; text-transform: none; text-indent: 0px; letter-spacing: normal; word-spacing: 0px; white-space: normal; background-color: #ffffff; -webkit-text-stroke-width: 0px;\"><span style=\"font: 12.8px\/normal 'Arial CE', Arial, sans-serif; color: #666666; text-transform: none; text-indent: 0px; letter-spacing: normal; word-spacing: 0px; float: none; display: inline !important; white-space: normal; background-color: #ffffff; -webkit-text-stroke-width: 0px;\">snadn\u00e1 \u00fadr\u017eba<\/span><br style=\"font: 12.8px\/normal 'Arial CE', Arial, sans-serif; color: #666666; text-transform: none; text-indent: 0px; letter-spacing: normal; word-spacing: 0px; white-space: normal; background-color: #ffffff; -webkit-text-stroke-width: 0px;\"><span style=\"font: 12.8px\/normal 'Arial CE', Arial, sans-serif; color: #666666; text-transform: none; text-indent: 0px; letter-spacing: normal; word-spacing: 0px; float: none; display: inline !important; white-space: normal; background-color: #ffffff; -webkit-text-stroke-width: 0px;\">dob\u011bhov\u00fd \u010dasova\u010d 3-15 min.<\/span><br style=\"font: 12.8px\/normal 'Arial CE', Arial, sans-serif; color: #666666; text-transform: none; text-indent: 0px; letter-spacing: normal; word-spacing: 0px; white-space: normal; background-color: #ffffff; -webkit-text-stroke-width: 0px;\"><br style=\"font: 12.8px\/normal 'Arial CE', Arial, sans-serif; color: #666666; text-transform: none; text-indent: 0px; letter-spacing: normal; word-spacing: 0px; white-space: normal; background-color: #ffffff; -webkit-text-stroke-width: 0px;\"><span style=\"font: 12.8px\/normal 'Arial CE', Arial, sans-serif; color: #666666; text-transform: none; text-indent: 0px; letter-spacing: normal; word-spacing: 0px; float: none; display: inline !important; white-space: normal; background-color: #ffffff; -webkit-text-stroke-width: 0px;\">Pr\u016fm\u011br odtahu: 100 mm<\/span><br style=\"font: 12.8px\/normal 'Arial CE', Arial, sans-serif; color: #666666; text-transform: none; text-indent: 0px; letter-spacing: normal; word-spacing: 0px; white-space: normal; background-color: #ffffff; -webkit-text-stroke-width: 0px;\"><span style=\"font: 12.8px\/normal 'Arial CE', Arial, sans-serif; color: #666666; text-transform: none; text-indent: 0px; letter-spacing: normal; word-spacing: 0px; float: none; display: inline !important; white-space: normal; background-color: #ffffff; -webkit-text-stroke-width: 0px;\">Barva: B\u00edl\u00e1<\/span><br style=\"font: 12.8px\/normal 'Arial CE', Arial, sans-serif; color: #666666; text-transform: none; text-indent: 0px; letter-spacing: normal; word-spacing: 0px; white-space: normal; background-color: #ffffff; -webkit-text-stroke-width: 0px;\"><span style=\"font: 12.8px\/normal 'Arial CE', Arial, sans-serif; color: #666666; text-transform: none; text-indent: 0px; letter-spacing: normal; word-spacing: 0px; float: none; display: inline !important; white-space: normal; background-color: #ffffff; -webkit-text-stroke-width: 0px;\">P\u0159\u00edkon motoru: 8 W<\/span><br style=\"font: 12.8px\/normal 'Arial CE', Arial, sans-serif; color: #666666; text-transform: none; text-indent: 0px; letter-spacing: normal; word-spacing: 0px; white-space: normal; background-color: #ffffff; -webkit-text-stroke-width: 0px;\"><span style=\"font: 12.8px\/normal 'Arial CE', Arial, sans-serif; color: #666666; text-transform: none; text-indent: 0px; letter-spacing: normal; word-spacing: 0px; float: none; display: inline !important; white-space: normal; background-color: #ffffff; -webkit-text-stroke-width: 0px;\">Ot\u00e1\u010dek\/min.: 2600<\/span><br style=\"font: 12.8px\/normal 'Arial CE', Arial, sans-serif; color: #666666; text-transform: none; text-indent: 0px; letter-spacing: normal; word-spacing: 0px; white-space: normal; background-color: #ffffff; -webkit-text-stroke-width: 0px;\"><span style=\"font: 12.8px\/normal 'Arial CE', Arial, sans-serif; color: #666666; text-transform: none; text-indent: 0px; letter-spacing: normal; word-spacing: 0px; float: none; display: inline !important; white-space: normal; background-color: #ffffff; -webkit-text-stroke-width: 0px;\">Max. sac\u00ed v\u00fdkon: 90 m\u00b3\/hod<\/span><br style=\"font: 12.8px\/normal 'Arial CE', Arial, sans-serif; color: #666666; text-transform: none; text-indent: 0px; letter-spacing: normal; word-spacing: 0px; white-space: normal; background-color: #ffffff; -webkit-text-stroke-width: 0px;\"><span style=\"font: 12.8px\/normal 'Arial CE', Arial, sans-serif; color: #666666; text-transform: none; text-indent: 0px; letter-spacing: normal; word-spacing: 0px; float: none; display: inline !important; white-space: normal; background-color: #ffffff; -webkit-text-stroke-width: 0px;\">Max. tlak: 29 Pa<\/span><br style=\"font: 12.8px\/normal 'Arial CE', Arial, sans-serif; color: #666666; text-transform: none; text-indent: 0px; letter-spacing: normal; word-spacing: 0px; white-space: normal; background-color: #ffffff; -webkit-text-stroke-width: 0px;\"><span style=\"font: 12.8px\/normal 'Arial CE', Arial, sans-serif; color: #666666; text-transform: none; text-indent: 0px; letter-spacing: normal; word-spacing: 0px; float: none; display: inline !important; white-space: normal; background-color: #ffffff; -webkit-text-stroke-width: 0px;\">Max. d\u00e9lka odtahu: 3 m<\/span><br style=\"font: 12.8px\/normal 'Arial CE', Arial, sans-serif; color: #666666; text-transform: none; text-indent: 0px; letter-spacing: normal; word-spacing: 0px; white-space: normal; background-color: #ffffff; -webkit-text-stroke-width: 0px;\"><span style=\"font: 12.8px\/normal 'Arial CE', Arial, sans-serif; color: #666666; text-transform: none; text-indent: 0px; letter-spacing: normal; word-spacing: 0px; float: none; display: inline !important; white-space: normal; background-color: #ffffff; -webkit-text-stroke-width: 0px;\">Hlu\u010dnost &#8211; 2 m: 31 dB(A)<\/span><br style=\"font: 12.8px\/normal 'Arial CE', Arial, sans-serif; color: #666666; text-transform: none; text-indent: 0px; letter-spacing: normal; word-spacing: 0px; white-space: normal; background-color: #ffffff; -webkit-text-stroke-width: 0px;\"><span style=\"font: 12.8px\/normal 'Arial CE', Arial, sans-serif; color: #666666; text-transform: none; text-indent: 0px; letter-spacing: normal; word-spacing: 0px; float: none; display: inline !important; white-space: normal; background-color: #ffffff; -webkit-text-stroke-width: 0px;\">Stupe\u0148 kryt\u00ed: IP44<\/span><br style=\"font: 12.8px\/normal 'Arial CE', Arial, sans-serif; color: #666666; text-transform: none; text-indent: 0px; letter-spacing: normal; word-spacing: 0px; white-space: normal; background-color: #ffffff; -webkit-text-stroke-width: 0px;\"><span style=\"font: 12.8px\/normal 'Arial CE', Arial, sans-serif; color: #666666; text-transform: none; text-indent: 0px; letter-spacing: normal; word-spacing: 0px; float: none; display: inline !important; white-space: normal; background-color: #ffffff; -webkit-text-stroke-width: 0px;\">Mont\u00e1\u017en\u00ed poloha: Na ze\u010f i do stropu<\/span><\/p>\n<p>\u00a0<\/p>\n<div id=\"PDTable3\" class=\"ProductDetailTableView v3a v3 bs-view dcon dc175 PDTable3\" >\n<table>\n<thead><\/thead>\n<tbody>\n<tr class=\"attribute attr_Prumer\">\n<td class=\"caption\">Pr\u016fm\u011br<\/td>\n<td class=\"value\">100 mm<\/td>\n<\/tr>\n<tr class=\"attribute attr_Dobeh\">\n<td class=\"caption\">Dob\u011bh<\/td>\n<td class=\"value\">Ano<\/td>\n<\/tr>\n<tr class=\"attribute attr_Panel\">\n<td class=\"caption\">\u010celn\u00ed panel<\/td>\n<td class=\"value\">Ano<\/td>\n<\/tr>\n<tr class=\"attribute attr_Napeti\">\n<td class=\"caption\">Nap\u011bt\u00ed<\/td>\n<td class=\"value\">230V<\/td>\n<\/tr>\n<tr class=\"attribute attr_Typ\">\n<td class=\"caption\">Typ<\/td>\n<td class=\"value\">Axi\u00e1ln\u00ed ventil\u00e1tor<\/td>\n<\/tr>\n<tr class=\"attribute attr_bsshop_maker\">\n<td class=\"caption\">V\u00fdrobce<\/td>\n<td class=\"value\">CATA<\/td>\n<\/tr>\n<\/tbody>\n<\/table><\/div>\n<\/div>\n<\/div>\n<div id=\"e9177690\" class=\"tabs\">\n","protected":false},"excerpt":{"rendered":"<p>\u00a0 Axi\u00e1ln\u00ed ventil\u00e1tor CATA e100GT se hod\u00ed do ka\u017ed\u00e9 koupelny i kuchyn\u011b.\u00a0Ventil\u00e1tor s funkc\u00ed dob\u011bhov\u00e9 \u010dasova\u010de 3-15 minut o v\u00fdkonu 8 W. Maxim\u00e1ln\u00ed sac\u00ed v\u00fdkon 90 m3\/hod. Tich\u00fd &#8211; 31 dB(A), snadn\u00e1 \u00fadr\u017eba. B\u00edl\u00e9 proveden\u00ed. Nastaviteln\u00fd elektronick\u00fd \u010dasova\u010d od 3 do 15 minut.sklen\u011bn\u00fd paneltich\u00fd &#8211; 31 dB(A)\u00fasporn\u00fd &#8211; 8 Wsnadn\u00e1 \u00fadr\u017ebadob\u011bhov\u00fd \u010dasova\u010d 3-15 min.Pr\u016fm\u011br odtahu: [&hellip;]<\/p>\n","protected":false},"featured_media":3997,"comment_status":"open","ping_status":"open","template":"","meta":[],"product_brand":[],"product_cat":[42],"product_tag":[],"class_list":{"0":"post-3897","1":"product","2":"type-product","3":"status-publish","4":"has-post-thumbnail","6":"product_cat-ventil-225-tory","8":"first","9":"instock","10":"sale","11":"shipping-taxable","12":"purchasable","13":"product-type-simple"},"yoast_head":"<!-- This site is optimized with the Yoast SEO plugin v26.8 - https:\/\/yoast.com\/product\/yoast-seo-wordpress\/ -->\n<title>CATA e-100 GT ventil\u00e1tor b\u00edl\u00fd - dob\u011bh, sklen\u011bn\u00fd \u010deln\u00ed panel 100mm Obl\u00edben\u00fd -<\/title>\n<meta name=\"robots\" content=\"index, follow, max-snippet:-1, max-image-preview:large, max-video-preview:-1\" \/>\n<link rel=\"canonical\" href=\"https:\/\/www.koupelnapro.com\/index.php\/produkt\/cata-e-100-gt-ventilator-bily-dobeh-skleneny-celni-panel-100mm-oblibeny-3897\/\" \/>\n<meta property=\"og:locale\" content=\"cs_CZ\" \/>\n<meta property=\"og:type\" content=\"article\" \/>\n<meta property=\"og:title\" content=\"CATA e-100 GT ventil\u00e1tor b\u00edl\u00fd - dob\u011bh, sklen\u011bn\u00fd \u010deln\u00ed panel 100mm Obl\u00edben\u00fd -\" \/>\n<meta property=\"og:description\" content=\"\u00a0 Axi\u00e1ln\u00ed ventil\u00e1tor CATA e100GT se hod\u00ed do ka\u017ed\u00e9 koupelny i kuchyn\u011b.\u00a0Ventil\u00e1tor s funkc\u00ed dob\u011bhov\u00e9 \u010dasova\u010de 3-15 minut o v\u00fdkonu 8 W. Maxim\u00e1ln\u00ed sac\u00ed v\u00fdkon 90 m3\/hod. Tich\u00fd &#8211; 31 dB(A), snadn\u00e1 \u00fadr\u017eba. B\u00edl\u00e9 proveden\u00ed. Nastaviteln\u00fd elektronick\u00fd \u010dasova\u010d od 3 do 15 minut.sklen\u011bn\u00fd paneltich\u00fd &#8211; 31 dB(A)\u00fasporn\u00fd &#8211; 8 Wsnadn\u00e1 \u00fadr\u017ebadob\u011bhov\u00fd \u010dasova\u010d 3-15 min.Pr\u016fm\u011br odtahu: [&hellip;]\" \/>\n<meta property=\"og:url\" content=\"https:\/\/www.koupelnapro.com\/index.php\/produkt\/cata-e-100-gt-ventilator-bily-dobeh-skleneny-celni-panel-100mm-oblibeny-3897\/\" \/>\n<meta property=\"og:image\" content=\"https:\/\/www.koupelnapro.com\/wp-content\/uploads\/2026\/SK0003468-CZ20260425-091623-0-1777079785-cata-e-100-gt-ventilator-bily-dobeh-skleneny-celni-panel-10.webp\" \/>\n\t<meta property=\"og:image:width\" content=\"1000\" \/>\n\t<meta property=\"og:image:height\" content=\"525\" \/>\n\t<meta property=\"og:image:type\" content=\"image\/webp\" \/>\n<meta name=\"twitter:card\" content=\"summary_large_image\" \/>\n<meta name=\"twitter:label1\" content=\"Odhadovan\u00e1 doba \u010dten\u00ed\" \/>\n\t<meta name=\"twitter:data1\" content=\"1 minuta\" \/>\n<script type=\"application\/ld+json\" class=\"yoast-schema-graph\">{\"@context\":\"https:\/\/schema.org\",\"@graph\":[{\"@type\":\"WebPage\",\"@id\":\"https:\/\/www.koupelnapro.com\/index.php\/produkt\/cata-e-100-gt-ventilator-bily-dobeh-skleneny-celni-panel-100mm-oblibeny-3897\/\",\"url\":\"https:\/\/www.koupelnapro.com\/index.php\/produkt\/cata-e-100-gt-ventilator-bily-dobeh-skleneny-celni-panel-100mm-oblibeny-3897\/\",\"name\":\"CATA e-100 GT ventil\u00e1tor b\u00edl\u00fd - dob\u011bh, sklen\u011bn\u00fd \u010deln\u00ed panel 100mm Obl\u00edben\u00fd -\",\"isPartOf\":{\"@id\":\"https:\/\/www.koupelnapro.com\/#website\"},\"primaryImageOfPage\":{\"@id\":\"https:\/\/www.koupelnapro.com\/index.php\/produkt\/cata-e-100-gt-ventilator-bily-dobeh-skleneny-celni-panel-100mm-oblibeny-3897\/#primaryimage\"},\"image\":{\"@id\":\"https:\/\/www.koupelnapro.com\/index.php\/produkt\/cata-e-100-gt-ventilator-bily-dobeh-skleneny-celni-panel-100mm-oblibeny-3897\/#primaryimage\"},\"thumbnailUrl\":\"https:\/\/www.koupelnapro.com\/wp-content\/uploads\/2026\/SK0003468-CZ20260425-091623-0-1777079785-cata-e-100-gt-ventilator-bily-dobeh-skleneny-celni-panel-10.webp\",\"datePublished\":\"2026-04-26T09:13:08+00:00\",\"breadcrumb\":{\"@id\":\"https:\/\/www.koupelnapro.com\/index.php\/produkt\/cata-e-100-gt-ventilator-bily-dobeh-skleneny-celni-panel-100mm-oblibeny-3897\/#breadcrumb\"},\"inLanguage\":\"cs\",\"potentialAction\":[{\"@type\":\"ReadAction\",\"target\":[\"https:\/\/www.koupelnapro.com\/index.php\/produkt\/cata-e-100-gt-ventilator-bily-dobeh-skleneny-celni-panel-100mm-oblibeny-3897\/\"]}]},{\"@type\":\"ImageObject\",\"inLanguage\":\"cs\",\"@id\":\"https:\/\/www.koupelnapro.com\/index.php\/produkt\/cata-e-100-gt-ventilator-bily-dobeh-skleneny-celni-panel-100mm-oblibeny-3897\/#primaryimage\",\"url\":\"https:\/\/www.koupelnapro.com\/wp-content\/uploads\/2026\/SK0003468-CZ20260425-091623-0-1777079785-cata-e-100-gt-ventilator-bily-dobeh-skleneny-celni-panel-10.webp\",\"contentUrl\":\"https:\/\/www.koupelnapro.com\/wp-content\/uploads\/2026\/SK0003468-CZ20260425-091623-0-1777079785-cata-e-100-gt-ventilator-bily-dobeh-skleneny-celni-panel-10.webp\",\"width\":1000,\"height\":525},{\"@type\":\"BreadcrumbList\",\"@id\":\"https:\/\/www.koupelnapro.com\/index.php\/produkt\/cata-e-100-gt-ventilator-bily-dobeh-skleneny-celni-panel-100mm-oblibeny-3897\/#breadcrumb\",\"itemListElement\":[{\"@type\":\"ListItem\",\"position\":1,\"name\":\"Home\",\"item\":\"https:\/\/www.koupelnapro.com\/\"},{\"@type\":\"ListItem\",\"position\":2,\"name\":\"Products\",\"item\":\"https:\/\/www.koupelnapro.com\/index.php\/products\/\"},{\"@type\":\"ListItem\",\"position\":3,\"name\":\"CATA e-100 GT ventil\u00e1tor b\u00edl\u00fd &#8211; dob\u011bh, sklen\u011bn\u00fd \u010deln\u00ed panel 100mm Obl\u00edben\u00fd\"}]},{\"@type\":\"WebSite\",\"@id\":\"https:\/\/www.koupelnapro.com\/#website\",\"url\":\"https:\/\/www.koupelnapro.com\/\",\"name\":\"\",\"description\":\"\",\"potentialAction\":[{\"@type\":\"SearchAction\",\"target\":{\"@type\":\"EntryPoint\",\"urlTemplate\":\"https:\/\/www.koupelnapro.com\/?s={search_term_string}\"},\"query-input\":{\"@type\":\"PropertyValueSpecification\",\"valueRequired\":true,\"valueName\":\"search_term_string\"}}],\"inLanguage\":\"cs\"}]}<\/script>\n<!-- \/ Yoast SEO plugin. -->","yoast_head_json":{"title":"CATA e-100 GT ventil\u00e1tor b\u00edl\u00fd - dob\u011bh, sklen\u011bn\u00fd \u010deln\u00ed panel 100mm Obl\u00edben\u00fd -","robots":{"index":"index","follow":"follow","max-snippet":"max-snippet:-1","max-image-preview":"max-image-preview:large","max-video-preview":"max-video-preview:-1"},"canonical":"https:\/\/www.koupelnapro.com\/index.php\/produkt\/cata-e-100-gt-ventilator-bily-dobeh-skleneny-celni-panel-100mm-oblibeny-3897\/","og_locale":"cs_CZ","og_type":"article","og_title":"CATA e-100 GT ventil\u00e1tor b\u00edl\u00fd - dob\u011bh, sklen\u011bn\u00fd \u010deln\u00ed panel 100mm Obl\u00edben\u00fd -","og_description":"\u00a0 Axi\u00e1ln\u00ed ventil\u00e1tor CATA e100GT se hod\u00ed do ka\u017ed\u00e9 koupelny i kuchyn\u011b.\u00a0Ventil\u00e1tor s funkc\u00ed dob\u011bhov\u00e9 \u010dasova\u010de 3-15 minut o v\u00fdkonu 8 W. Maxim\u00e1ln\u00ed sac\u00ed v\u00fdkon 90 m3\/hod. Tich\u00fd &#8211; 31 dB(A), snadn\u00e1 \u00fadr\u017eba. B\u00edl\u00e9 proveden\u00ed. Nastaviteln\u00fd elektronick\u00fd \u010dasova\u010d od 3 do 15 minut.sklen\u011bn\u00fd paneltich\u00fd &#8211; 31 dB(A)\u00fasporn\u00fd &#8211; 8 Wsnadn\u00e1 \u00fadr\u017ebadob\u011bhov\u00fd \u010dasova\u010d 3-15 min.Pr\u016fm\u011br odtahu: [&hellip;]","og_url":"https:\/\/www.koupelnapro.com\/index.php\/produkt\/cata-e-100-gt-ventilator-bily-dobeh-skleneny-celni-panel-100mm-oblibeny-3897\/","og_image":[{"width":1000,"height":525,"url":"https:\/\/www.koupelnapro.com\/wp-content\/uploads\/2026\/SK0003468-CZ20260425-091623-0-1777079785-cata-e-100-gt-ventilator-bily-dobeh-skleneny-celni-panel-10.webp","type":"image\/webp"}],"twitter_card":"summary_large_image","twitter_misc":{"Odhadovan\u00e1 doba \u010dten\u00ed":"1 minuta"},"schema":{"@context":"https:\/\/schema.org","@graph":[{"@type":"WebPage","@id":"https:\/\/www.koupelnapro.com\/index.php\/produkt\/cata-e-100-gt-ventilator-bily-dobeh-skleneny-celni-panel-100mm-oblibeny-3897\/","url":"https:\/\/www.koupelnapro.com\/index.php\/produkt\/cata-e-100-gt-ventilator-bily-dobeh-skleneny-celni-panel-100mm-oblibeny-3897\/","name":"CATA e-100 GT ventil\u00e1tor b\u00edl\u00fd - dob\u011bh, sklen\u011bn\u00fd \u010deln\u00ed panel 100mm Obl\u00edben\u00fd -","isPartOf":{"@id":"https:\/\/www.koupelnapro.com\/#website"},"primaryImageOfPage":{"@id":"https:\/\/www.koupelnapro.com\/index.php\/produkt\/cata-e-100-gt-ventilator-bily-dobeh-skleneny-celni-panel-100mm-oblibeny-3897\/#primaryimage"},"image":{"@id":"https:\/\/www.koupelnapro.com\/index.php\/produkt\/cata-e-100-gt-ventilator-bily-dobeh-skleneny-celni-panel-100mm-oblibeny-3897\/#primaryimage"},"thumbnailUrl":"https:\/\/www.koupelnapro.com\/wp-content\/uploads\/2026\/SK0003468-CZ20260425-091623-0-1777079785-cata-e-100-gt-ventilator-bily-dobeh-skleneny-celni-panel-10.webp","datePublished":"2026-04-26T09:13:08+00:00","breadcrumb":{"@id":"https:\/\/www.koupelnapro.com\/index.php\/produkt\/cata-e-100-gt-ventilator-bily-dobeh-skleneny-celni-panel-100mm-oblibeny-3897\/#breadcrumb"},"inLanguage":"cs","potentialAction":[{"@type":"ReadAction","target":["https:\/\/www.koupelnapro.com\/index.php\/produkt\/cata-e-100-gt-ventilator-bily-dobeh-skleneny-celni-panel-100mm-oblibeny-3897\/"]}]},{"@type":"ImageObject","inLanguage":"cs","@id":"https:\/\/www.koupelnapro.com\/index.php\/produkt\/cata-e-100-gt-ventilator-bily-dobeh-skleneny-celni-panel-100mm-oblibeny-3897\/#primaryimage","url":"https:\/\/www.koupelnapro.com\/wp-content\/uploads\/2026\/SK0003468-CZ20260425-091623-0-1777079785-cata-e-100-gt-ventilator-bily-dobeh-skleneny-celni-panel-10.webp","contentUrl":"https:\/\/www.koupelnapro.com\/wp-content\/uploads\/2026\/SK0003468-CZ20260425-091623-0-1777079785-cata-e-100-gt-ventilator-bily-dobeh-skleneny-celni-panel-10.webp","width":1000,"height":525},{"@type":"BreadcrumbList","@id":"https:\/\/www.koupelnapro.com\/index.php\/produkt\/cata-e-100-gt-ventilator-bily-dobeh-skleneny-celni-panel-100mm-oblibeny-3897\/#breadcrumb","itemListElement":[{"@type":"ListItem","position":1,"name":"Home","item":"https:\/\/www.koupelnapro.com\/"},{"@type":"ListItem","position":2,"name":"Products","item":"https:\/\/www.koupelnapro.com\/index.php\/products\/"},{"@type":"ListItem","position":3,"name":"CATA e-100 GT ventil\u00e1tor b\u00edl\u00fd &#8211; dob\u011bh, sklen\u011bn\u00fd \u010deln\u00ed panel 100mm Obl\u00edben\u00fd"}]},{"@type":"WebSite","@id":"https:\/\/www.koupelnapro.com\/#website","url":"https:\/\/www.koupelnapro.com\/","name":"","description":"","potentialAction":[{"@type":"SearchAction","target":{"@type":"EntryPoint","urlTemplate":"https:\/\/www.koupelnapro.com\/?s={search_term_string}"},"query-input":{"@type":"PropertyValueSpecification","valueRequired":true,"valueName":"search_term_string"}}],"inLanguage":"cs"}]}},"_links":{"self":[{"href":"https:\/\/www.koupelnapro.com\/index.php\/wp-json\/wp\/v2\/product\/3897","targetHints":{"allow":["GET"]}}],"collection":[{"href":"https:\/\/www.koupelnapro.com\/index.php\/wp-json\/wp\/v2\/product"}],"about":[{"href":"https:\/\/www.koupelnapro.com\/index.php\/wp-json\/wp\/v2\/types\/product"}],"replies":[{"embeddable":true,"href":"https:\/\/www.koupelnapro.com\/index.php\/wp-json\/wp\/v2\/comments?post=3897"}],"wp:featuredmedia":[{"embeddable":true,"href":"https:\/\/www.koupelnapro.com\/index.php\/wp-json\/wp\/v2\/media\/3997"}],"wp:attachment":[{"href":"https:\/\/www.koupelnapro.com\/index.php\/wp-json\/wp\/v2\/media?parent=3897"}],"wp:term":[{"taxonomy":"product_brand","embeddable":true,"href":"https:\/\/www.koupelnapro.com\/index.php\/wp-json\/wp\/v2\/product_brand?post=3897"},{"taxonomy":"product_cat","embeddable":true,"href":"https:\/\/www.koupelnapro.com\/index.php\/wp-json\/wp\/v2\/product_cat?post=3897"},{"taxonomy":"product_tag","embeddable":true,"href":"https:\/\/www.koupelnapro.com\/index.php\/wp-json\/wp\/v2\/product_tag?post=3897"}],"curies":[{"name":"wp","href":"https:\/\/api.w.org\/{rel}","templated":true}]}}