{"id":3893,"date":"2026-04-26T09:13:08","date_gmt":"2026-04-26T09:13:08","guid":{"rendered":""},"modified":"2026-04-26T09:13:08","modified_gmt":"2026-04-26T09:13:08","slug":"cata-b-12-matic-ventilator-zaluzie-118mm-00925000-overeny-3893","status":"publish","type":"product","link":"https:\/\/www.koupelnapro.com\/index.php\/produkt\/cata-b-12-matic-ventilator-zaluzie-118mm-00925000-overeny-3893\/","title":{"rendered":"CATA B-12 Matic ventil\u00e1tor &#8211; \u017ealuzie 118mm \/00925000\/ Ov\u011b\u0159en\u00fd"},"content":{"rendered":"<div id=\"e9177281\" class=\"pages\">\n<div id=\"PDDescription\" class=\"UserContentView userContent v1a v1 bs-view dcon dc150 PDDescription\" >\n<h2><span style=\"color: #008080;\">CATA B-12 Matic ventil\u00e1tor &#8211; \u017ealuzie 118mm<\/span><\/h2>\n<p>B, B MATIC Klasick\u00fd vzhled s pevnou m\u0159\u00ed\u017ekou nebo automatickou \u017ealuzi\u00ed Popis: V\u00fdhody: Design: \u2022 klasick\u00fd axi\u00e1ln\u00ed ventil\u00e1tor v proveden\u00ed s m\u0159\u00ed\u017ekou (B), nebo s automatickou \u017ealuzi\u00ed (B MATIC) \u2022 pro pr\u016fm\u011bry potrub\u00ed 100, 120 a 150 mm \u2022 kluzn\u00e9 lo\u017eisko s tukovou n\u00e1pln\u00ed pro celou dobu \u017eivotnosti \u2022 kr\u00e1tk\u00fd v\u00fdstup do potrub\u00ed umo\u017e\u0148uje mont\u00e1\u017e v omezen\u00e9m prostoru (nap\u0159. tam, kde kv\u016fli p\u0159ek\u00e1\u017ece v kolenu nebo p\u0159echodu do \u010dtverhrann\u00e9ho profilu zb\u00fdv\u00e1 m\u00e1lo m\u00edsta) \u2022 ovl\u00e1dan\u00e1 bimetalem (B MATIC) \u2022 spolehliv\u00fd ventil\u00e1tor za p\u0159\u00edznivou cenu \u2022 klasick\u00fd \u2013 v barv\u011b b\u00edl\u00e9<\/p>\n<p>\u00a0<\/p>\n<p>V\u00fdbava: Mont\u00e1\u017e: Voliteln\u00e9 p\u0159\u00edslu\u0161enstv\u00ed: \u2022 \u2013 spou\u0161t\u00ed se samostatn\u00fdm vyp\u00edna\u010dem nebo vyp\u00edna\u010dem ovl\u00e1daj\u00edc\u00edm osv\u011btlen\u00ed \u2022 \u2013 s dob\u011bhov\u00fdm \u010dasova\u010dem (nastaviteln\u00e1 doba 3 \u2013 15 minut) \u2013 spou\u0161t\u00ed se tla\u010d\u00edtkov\u00fdm vyp\u00edna\u010dem a po uplynut\u00ed nastaven\u00e9 doby se automaticky vypne \u2022 \u2013 vlhkostn\u00ed automatika kombinovan\u00e1 s \u010dasov\u00fdm sp\u00edna\u010dem \u2022 \u2013 se \u0161\u0148\u016frkou \u2013 zap\u00edn\u00e1 a vyp\u00edn\u00e1 se tahem za \u0161\u0148\u016frku sp\u00edna\u010de (nen\u00ed nutn\u00fd dal\u0161\u00ed vyp\u00edna\u010d) \u2022 do svisl\u00e9 i vodorovn\u00e9 pozice (do st\u011bny i do stropu) \u2022 pomoc\u00ed hmo\u017edinek (sou\u010d\u00e1st\u00ed balen\u00ed) \u2022 u proveden\u00ed T (TIMER) a H (HYGROSTAT) se ovl\u00e1dac\u00ed prvky nach\u00e1zej\u00ed pod krytem svorkovnice \u2022 vn\u011bj\u0161\u00ed m\u0159\u00ed\u017eka s pevnou nebo samot\u00ed\u017enou \u017ealuzi\u00ed \u2022 sada pro mont\u00e1\u017e do okna<\/p>\n<div id=\"PDTable3\" class=\"ProductDetailTableView v3a v3 bs-view dcon dc175 PDTable3\" >\n<table>\n<thead><\/thead>\n<tbody>\n<tr class=\"attribute attr_Prumer\">\n<td class=\"caption\">Pr\u016fm\u011br<\/td>\n<td class=\"value\">120 mm<\/td>\n<\/tr>\n<tr class=\"attribute attr_Zaluzie\">\n<td class=\"caption\">\u017daluzie<\/td>\n<td class=\"value\">Ano<\/td>\n<\/tr>\n<tr class=\"attribute attr_Napeti\">\n<td class=\"caption\">Nap\u011bt\u00ed<\/td>\n<td class=\"value\">230V<\/td>\n<\/tr>\n<tr class=\"attribute attr_Typ\">\n<td class=\"caption\">Typ<\/td>\n<td class=\"value\">Axi\u00e1ln\u00ed ventil\u00e1tor<\/td>\n<\/tr>\n<tr class=\"attribute attr_bsshop_maker\">\n<td class=\"caption\">V\u00fdrobce<\/td>\n<td class=\"value\">CATA<\/td>\n<\/tr>\n<\/tbody>\n<\/table><\/div>\n<\/div>\n<\/div>\n<div id=\"e9177282\" class=\"tabs\">\n","protected":false},"excerpt":{"rendered":"<p>CATA B-12 Matic ventil\u00e1tor &#8211; \u017ealuzie 118mm B, B MATIC Klasick\u00fd vzhled s pevnou m\u0159\u00ed\u017ekou nebo automatickou \u017ealuzi\u00ed Popis: V\u00fdhody: Design: \u2022 klasick\u00fd axi\u00e1ln\u00ed ventil\u00e1tor v proveden\u00ed s m\u0159\u00ed\u017ekou (B), nebo s automatickou \u017ealuzi\u00ed (B MATIC) \u2022 pro pr\u016fm\u011bry potrub\u00ed 100, 120 a 150 mm \u2022 kluzn\u00e9 lo\u017eisko s tukovou n\u00e1pln\u00ed pro celou dobu \u017eivotnosti [&hellip;]<\/p>\n","protected":false},"featured_media":3993,"comment_status":"open","ping_status":"open","template":"","meta":[],"product_brand":[],"product_cat":[42],"product_tag":[],"class_list":{"0":"post-3893","1":"product","2":"type-product","3":"status-publish","4":"has-post-thumbnail","6":"product_cat-ventil-225-tory","8":"first","9":"instock","10":"sale","11":"shipping-taxable","12":"purchasable","13":"product-type-simple"},"yoast_head":"<!-- This site is optimized with the Yoast SEO plugin v26.8 - https:\/\/yoast.com\/product\/yoast-seo-wordpress\/ -->\n<title>CATA B-12 Matic ventil\u00e1tor - \u017ealuzie 118mm \/00925000\/ Ov\u011b\u0159en\u00fd -<\/title>\n<meta name=\"robots\" content=\"index, follow, max-snippet:-1, max-image-preview:large, max-video-preview:-1\" \/>\n<link rel=\"canonical\" href=\"https:\/\/www.koupelnapro.com\/index.php\/produkt\/cata-b-12-matic-ventilator-zaluzie-118mm-00925000-overeny-3893\/\" \/>\n<meta property=\"og:locale\" content=\"cs_CZ\" \/>\n<meta property=\"og:type\" content=\"article\" \/>\n<meta property=\"og:title\" content=\"CATA B-12 Matic ventil\u00e1tor - \u017ealuzie 118mm \/00925000\/ Ov\u011b\u0159en\u00fd -\" \/>\n<meta property=\"og:description\" content=\"CATA B-12 Matic ventil\u00e1tor &#8211; \u017ealuzie 118mm B, B MATIC Klasick\u00fd vzhled s pevnou m\u0159\u00ed\u017ekou nebo automatickou \u017ealuzi\u00ed Popis: V\u00fdhody: Design: \u2022 klasick\u00fd axi\u00e1ln\u00ed ventil\u00e1tor v proveden\u00ed s m\u0159\u00ed\u017ekou (B), nebo s automatickou \u017ealuzi\u00ed (B MATIC) \u2022 pro pr\u016fm\u011bry potrub\u00ed 100, 120 a 150 mm \u2022 kluzn\u00e9 lo\u017eisko s tukovou n\u00e1pln\u00ed pro celou dobu \u017eivotnosti [&hellip;]\" \/>\n<meta property=\"og:url\" content=\"https:\/\/www.koupelnapro.com\/index.php\/produkt\/cata-b-12-matic-ventilator-zaluzie-118mm-00925000-overeny-3893\/\" \/>\n<meta property=\"og:image\" content=\"https:\/\/www.koupelnapro.com\/wp-content\/uploads\/2026\/SK0003464-CZ20260425-091623-0-1777079785-cata-b-12-matic-ventilator-zaluzie-118mm-00925000.webp\" \/>\n\t<meta property=\"og:image:width\" content=\"1000\" \/>\n\t<meta property=\"og:image:height\" content=\"525\" \/>\n\t<meta property=\"og:image:type\" content=\"image\/webp\" \/>\n<meta name=\"twitter:card\" content=\"summary_large_image\" \/>\n<meta name=\"twitter:label1\" content=\"Odhadovan\u00e1 doba \u010dten\u00ed\" \/>\n\t<meta name=\"twitter:data1\" content=\"1 minuta\" \/>\n<script type=\"application\/ld+json\" class=\"yoast-schema-graph\">{\"@context\":\"https:\/\/schema.org\",\"@graph\":[{\"@type\":\"WebPage\",\"@id\":\"https:\/\/www.koupelnapro.com\/index.php\/produkt\/cata-b-12-matic-ventilator-zaluzie-118mm-00925000-overeny-3893\/\",\"url\":\"https:\/\/www.koupelnapro.com\/index.php\/produkt\/cata-b-12-matic-ventilator-zaluzie-118mm-00925000-overeny-3893\/\",\"name\":\"CATA B-12 Matic ventil\u00e1tor - \u017ealuzie 118mm \/00925000\/ Ov\u011b\u0159en\u00fd -\",\"isPartOf\":{\"@id\":\"https:\/\/www.koupelnapro.com\/#website\"},\"primaryImageOfPage\":{\"@id\":\"https:\/\/www.koupelnapro.com\/index.php\/produkt\/cata-b-12-matic-ventilator-zaluzie-118mm-00925000-overeny-3893\/#primaryimage\"},\"image\":{\"@id\":\"https:\/\/www.koupelnapro.com\/index.php\/produkt\/cata-b-12-matic-ventilator-zaluzie-118mm-00925000-overeny-3893\/#primaryimage\"},\"thumbnailUrl\":\"https:\/\/www.koupelnapro.com\/wp-content\/uploads\/2026\/SK0003464-CZ20260425-091623-0-1777079785-cata-b-12-matic-ventilator-zaluzie-118mm-00925000.webp\",\"datePublished\":\"2026-04-26T09:13:08+00:00\",\"breadcrumb\":{\"@id\":\"https:\/\/www.koupelnapro.com\/index.php\/produkt\/cata-b-12-matic-ventilator-zaluzie-118mm-00925000-overeny-3893\/#breadcrumb\"},\"inLanguage\":\"cs\",\"potentialAction\":[{\"@type\":\"ReadAction\",\"target\":[\"https:\/\/www.koupelnapro.com\/index.php\/produkt\/cata-b-12-matic-ventilator-zaluzie-118mm-00925000-overeny-3893\/\"]}]},{\"@type\":\"ImageObject\",\"inLanguage\":\"cs\",\"@id\":\"https:\/\/www.koupelnapro.com\/index.php\/produkt\/cata-b-12-matic-ventilator-zaluzie-118mm-00925000-overeny-3893\/#primaryimage\",\"url\":\"https:\/\/www.koupelnapro.com\/wp-content\/uploads\/2026\/SK0003464-CZ20260425-091623-0-1777079785-cata-b-12-matic-ventilator-zaluzie-118mm-00925000.webp\",\"contentUrl\":\"https:\/\/www.koupelnapro.com\/wp-content\/uploads\/2026\/SK0003464-CZ20260425-091623-0-1777079785-cata-b-12-matic-ventilator-zaluzie-118mm-00925000.webp\",\"width\":1000,\"height\":525},{\"@type\":\"BreadcrumbList\",\"@id\":\"https:\/\/www.koupelnapro.com\/index.php\/produkt\/cata-b-12-matic-ventilator-zaluzie-118mm-00925000-overeny-3893\/#breadcrumb\",\"itemListElement\":[{\"@type\":\"ListItem\",\"position\":1,\"name\":\"Home\",\"item\":\"https:\/\/www.koupelnapro.com\/\"},{\"@type\":\"ListItem\",\"position\":2,\"name\":\"Products\",\"item\":\"https:\/\/www.koupelnapro.com\/index.php\/products\/\"},{\"@type\":\"ListItem\",\"position\":3,\"name\":\"CATA B-12 Matic ventil\u00e1tor &#8211; \u017ealuzie 118mm \/00925000\/ Ov\u011b\u0159en\u00fd\"}]},{\"@type\":\"WebSite\",\"@id\":\"https:\/\/www.koupelnapro.com\/#website\",\"url\":\"https:\/\/www.koupelnapro.com\/\",\"name\":\"\",\"description\":\"\",\"potentialAction\":[{\"@type\":\"SearchAction\",\"target\":{\"@type\":\"EntryPoint\",\"urlTemplate\":\"https:\/\/www.koupelnapro.com\/?s={search_term_string}\"},\"query-input\":{\"@type\":\"PropertyValueSpecification\",\"valueRequired\":true,\"valueName\":\"search_term_string\"}}],\"inLanguage\":\"cs\"}]}<\/script>\n<!-- \/ Yoast SEO plugin. -->","yoast_head_json":{"title":"CATA B-12 Matic ventil\u00e1tor - \u017ealuzie 118mm \/00925000\/ Ov\u011b\u0159en\u00fd -","robots":{"index":"index","follow":"follow","max-snippet":"max-snippet:-1","max-image-preview":"max-image-preview:large","max-video-preview":"max-video-preview:-1"},"canonical":"https:\/\/www.koupelnapro.com\/index.php\/produkt\/cata-b-12-matic-ventilator-zaluzie-118mm-00925000-overeny-3893\/","og_locale":"cs_CZ","og_type":"article","og_title":"CATA B-12 Matic ventil\u00e1tor - \u017ealuzie 118mm \/00925000\/ Ov\u011b\u0159en\u00fd -","og_description":"CATA B-12 Matic ventil\u00e1tor &#8211; \u017ealuzie 118mm B, B MATIC Klasick\u00fd vzhled s pevnou m\u0159\u00ed\u017ekou nebo automatickou \u017ealuzi\u00ed Popis: V\u00fdhody: Design: \u2022 klasick\u00fd axi\u00e1ln\u00ed ventil\u00e1tor v proveden\u00ed s m\u0159\u00ed\u017ekou (B), nebo s automatickou \u017ealuzi\u00ed (B MATIC) \u2022 pro pr\u016fm\u011bry potrub\u00ed 100, 120 a 150 mm \u2022 kluzn\u00e9 lo\u017eisko s tukovou n\u00e1pln\u00ed pro celou dobu \u017eivotnosti [&hellip;]","og_url":"https:\/\/www.koupelnapro.com\/index.php\/produkt\/cata-b-12-matic-ventilator-zaluzie-118mm-00925000-overeny-3893\/","og_image":[{"width":1000,"height":525,"url":"https:\/\/www.koupelnapro.com\/wp-content\/uploads\/2026\/SK0003464-CZ20260425-091623-0-1777079785-cata-b-12-matic-ventilator-zaluzie-118mm-00925000.webp","type":"image\/webp"}],"twitter_card":"summary_large_image","twitter_misc":{"Odhadovan\u00e1 doba \u010dten\u00ed":"1 minuta"},"schema":{"@context":"https:\/\/schema.org","@graph":[{"@type":"WebPage","@id":"https:\/\/www.koupelnapro.com\/index.php\/produkt\/cata-b-12-matic-ventilator-zaluzie-118mm-00925000-overeny-3893\/","url":"https:\/\/www.koupelnapro.com\/index.php\/produkt\/cata-b-12-matic-ventilator-zaluzie-118mm-00925000-overeny-3893\/","name":"CATA B-12 Matic ventil\u00e1tor - \u017ealuzie 118mm \/00925000\/ Ov\u011b\u0159en\u00fd -","isPartOf":{"@id":"https:\/\/www.koupelnapro.com\/#website"},"primaryImageOfPage":{"@id":"https:\/\/www.koupelnapro.com\/index.php\/produkt\/cata-b-12-matic-ventilator-zaluzie-118mm-00925000-overeny-3893\/#primaryimage"},"image":{"@id":"https:\/\/www.koupelnapro.com\/index.php\/produkt\/cata-b-12-matic-ventilator-zaluzie-118mm-00925000-overeny-3893\/#primaryimage"},"thumbnailUrl":"https:\/\/www.koupelnapro.com\/wp-content\/uploads\/2026\/SK0003464-CZ20260425-091623-0-1777079785-cata-b-12-matic-ventilator-zaluzie-118mm-00925000.webp","datePublished":"2026-04-26T09:13:08+00:00","breadcrumb":{"@id":"https:\/\/www.koupelnapro.com\/index.php\/produkt\/cata-b-12-matic-ventilator-zaluzie-118mm-00925000-overeny-3893\/#breadcrumb"},"inLanguage":"cs","potentialAction":[{"@type":"ReadAction","target":["https:\/\/www.koupelnapro.com\/index.php\/produkt\/cata-b-12-matic-ventilator-zaluzie-118mm-00925000-overeny-3893\/"]}]},{"@type":"ImageObject","inLanguage":"cs","@id":"https:\/\/www.koupelnapro.com\/index.php\/produkt\/cata-b-12-matic-ventilator-zaluzie-118mm-00925000-overeny-3893\/#primaryimage","url":"https:\/\/www.koupelnapro.com\/wp-content\/uploads\/2026\/SK0003464-CZ20260425-091623-0-1777079785-cata-b-12-matic-ventilator-zaluzie-118mm-00925000.webp","contentUrl":"https:\/\/www.koupelnapro.com\/wp-content\/uploads\/2026\/SK0003464-CZ20260425-091623-0-1777079785-cata-b-12-matic-ventilator-zaluzie-118mm-00925000.webp","width":1000,"height":525},{"@type":"BreadcrumbList","@id":"https:\/\/www.koupelnapro.com\/index.php\/produkt\/cata-b-12-matic-ventilator-zaluzie-118mm-00925000-overeny-3893\/#breadcrumb","itemListElement":[{"@type":"ListItem","position":1,"name":"Home","item":"https:\/\/www.koupelnapro.com\/"},{"@type":"ListItem","position":2,"name":"Products","item":"https:\/\/www.koupelnapro.com\/index.php\/products\/"},{"@type":"ListItem","position":3,"name":"CATA B-12 Matic ventil\u00e1tor &#8211; \u017ealuzie 118mm \/00925000\/ Ov\u011b\u0159en\u00fd"}]},{"@type":"WebSite","@id":"https:\/\/www.koupelnapro.com\/#website","url":"https:\/\/www.koupelnapro.com\/","name":"","description":"","potentialAction":[{"@type":"SearchAction","target":{"@type":"EntryPoint","urlTemplate":"https:\/\/www.koupelnapro.com\/?s={search_term_string}"},"query-input":{"@type":"PropertyValueSpecification","valueRequired":true,"valueName":"search_term_string"}}],"inLanguage":"cs"}]}},"_links":{"self":[{"href":"https:\/\/www.koupelnapro.com\/index.php\/wp-json\/wp\/v2\/product\/3893","targetHints":{"allow":["GET"]}}],"collection":[{"href":"https:\/\/www.koupelnapro.com\/index.php\/wp-json\/wp\/v2\/product"}],"about":[{"href":"https:\/\/www.koupelnapro.com\/index.php\/wp-json\/wp\/v2\/types\/product"}],"replies":[{"embeddable":true,"href":"https:\/\/www.koupelnapro.com\/index.php\/wp-json\/wp\/v2\/comments?post=3893"}],"wp:featuredmedia":[{"embeddable":true,"href":"https:\/\/www.koupelnapro.com\/index.php\/wp-json\/wp\/v2\/media\/3993"}],"wp:attachment":[{"href":"https:\/\/www.koupelnapro.com\/index.php\/wp-json\/wp\/v2\/media?parent=3893"}],"wp:term":[{"taxonomy":"product_brand","embeddable":true,"href":"https:\/\/www.koupelnapro.com\/index.php\/wp-json\/wp\/v2\/product_brand?post=3893"},{"taxonomy":"product_cat","embeddable":true,"href":"https:\/\/www.koupelnapro.com\/index.php\/wp-json\/wp\/v2\/product_cat?post=3893"},{"taxonomy":"product_tag","embeddable":true,"href":"https:\/\/www.koupelnapro.com\/index.php\/wp-json\/wp\/v2\/product_tag?post=3893"}],"curies":[{"name":"wp","href":"https:\/\/api.w.org\/{rel}","templated":true}]}}