{"id":3892,"date":"2026-04-26T09:13:08","date_gmt":"2026-04-26T09:13:08","guid":{"rendered":""},"modified":"2026-04-26T09:13:08","modified_gmt":"2026-04-26T09:13:08","slug":"nizka-cena-cata-b-10-plus-ventilator-bily-zakladni-provedeni-100mm-3892","status":"publish","type":"product","link":"https:\/\/www.koupelnapro.com\/index.php\/produkt\/nizka-cena-cata-b-10-plus-ventilator-bily-zakladni-provedeni-100mm-3892\/","title":{"rendered":"N\u00edzk\u00e1 Cena CATA B-10 PLUS ventil\u00e1tor  b\u00edl\u00fd &#8211; z\u00e1kladn\u00ed proveden\u00ed 100mm"},"content":{"rendered":"<div id=\"e9177186\" class=\"pages\">\n<div id=\"PDDescription\" class=\"UserContentView userContent v1a v1 bs-view dcon dc150 PDDescription\" >\n<div class=\"perex\" style=\"font: 12.8px\/normal 'Arial CE', Arial, sans-serif; padding: 0px; color: #666666; text-transform: none; text-indent: 0px; letter-spacing: normal; margin-bottom: 16px; word-spacing: 0px; white-space: normal; background-color: #ffffff; -webkit-text-stroke-width: 0px;\"><span style=\"font: 12.8px\/normal 'Arial CE', Arial, sans-serif; color: #666666; text-transform: none; text-indent: 0px; letter-spacing: normal; word-spacing: 0px; float: none; display: inline !important; white-space: normal; background-color: #ffffff; -webkit-text-stroke-width: 0px;\">B PLUS Nen\u00e1padn\u00fd a velmi obl\u00edben\u00fd Popis: V\u00fdhody: Design: \u2022 axi\u00e1ln\u00ed ventil\u00e1tor \u2022 konstrukce umo\u017e\u0148uje \u2022 pro pr\u016fm\u011bry potrub\u00ed 100, 120 a 150 mm \u2022 kluzn\u00e9 lo\u017eisko s tukovou n\u00e1pln\u00ed pro celou dobu \u017eivotnosti \u2022 nad povrch vystupuje pouze dekorativn\u00ed m\u0159\u00ed\u017eka \u2022 mo\u017enost snadn\u00e9 instalace bez pou\u017eit\u00ed \u0161roubk\u016f \u2022 spolehliv\u00fd ventil\u00e1tor za p\u0159\u00edznivou cenu \u2022 klasick\u00fd \u2013 v barv\u011b b\u00edl\u00e9<\/span><\/div>\n<div class=\"perex\" style=\"font: 12.8px\/normal 'Arial CE', Arial, sans-serif; padding: 0px; color: #666666; text-transform: none; text-indent: 0px; letter-spacing: normal; margin-bottom: 16px; word-spacing: 0px; white-space: normal; background-color: #ffffff; -webkit-text-stroke-width: 0px;\">\u00a0<\/div>\n<div class=\"perex\" style=\"font: 12.8px\/normal 'Arial CE', Arial, sans-serif; padding: 0px; color: #666666; text-transform: none; text-indent: 0px; letter-spacing: normal; margin-bottom: 16px; word-spacing: 0px; white-space: normal; background-color: #ffffff; -webkit-text-stroke-width: 0px;\"><span style=\"font: 12.8px\/normal 'Arial CE', Arial, sans-serif; color: #666666; text-transform: none; text-indent: 0px; letter-spacing: normal; word-spacing: 0px; float: none; display: inline !important; white-space: normal; background-color: #ffffff; -webkit-text-stroke-width: 0px;\">V\u00fdbava: Mont\u00e1\u017e: Voliteln\u00e9 p\u0159\u00edslu\u0161enstv\u00ed: \u2022 \u2013 spou\u0161t\u00ed se samostatn\u00fdm vyp\u00edna\u010dem nebo vyp\u00edna\u010dem ovl\u00e1daj\u00edc\u00edm osv\u011btlen\u00ed \u2022 \u2013 s dob\u011bhov\u00fdm \u010dasova\u010dem (nastaviteln\u00e1 doba 3 \u2013 15 minut) &#8211; spou\u0161t\u00ed se tla\u010d\u00edtkov\u00fdm vyp\u00edna\u010dem a po uplynut\u00ed nastaven\u00e9 doby se automaticky vypne \u2022 \u2013 vlhkostn\u00ed automatika kombinovan\u00e1 s \u010dasov\u00fdm sp\u00edna\u010dem \u2022 \u2013 zap\u00edn\u00e1 a vyp\u00edn\u00e1 se tahem za \u0161\u0148\u016frku (nen\u00ed nutn\u00fd dal\u0161\u00ed vyp\u00edna\u010d) \u2022 do svisl\u00e9 i vodorovn\u00e9 pozice (do st\u011bny i do stropu) \u2022 dvoj\u00ed mo\u017enost upevn\u011bn\u00ed: 1) QUICK FIX GRIP \u2013 jednoduch\u00fdm up\u00ednac\u00edm syst\u00e9mem bez nutnosti vrt\u00e1n\u00ed 2) pomoc\u00ed hmo\u017edinek (sou\u010d\u00e1st\u00ed balen\u00ed) \u2022 u proveden\u00ed DOB\u011aH a HYGROSTAT se ovl\u00e1dac\u00ed prvky nach\u00e1zej\u00ed pod krytem \u2022 vn\u011bj\u0161\u00ed m\u0159\u00ed\u017eka s pevnou nebo samot\u00ed\u017enou \u017ealuzi\u00ed \u2022 zp\u011btn\u00e1 klapka, kter\u00e1 se jednoduch\u00fdm zp\u016fsobem p\u0159ipevn\u00ed na v\u00fddechovou \u010d\u00e1st \u2022 sada pro mont\u00e1\u017e do okna<\/span><\/div>\n<div class=\"perex\" style=\"font: 12.8px\/normal 'Arial CE', Arial, sans-serif; padding: 0px; color: #666666; text-transform: none; text-indent: 0px; letter-spacing: normal; margin-bottom: 16px; word-spacing: 0px; white-space: normal; background-color: #ffffff; -webkit-text-stroke-width: 0px;\">\u00a0<\/div>\n<div id=\"PDTable3\" class=\"ProductDetailTableView v3a v3 bs-view dcon dc175 PDTable3\" >\n<table>\n<thead><\/thead>\n<tbody>\n<tr class=\"attribute attr_Prumer\">\n<td class=\"caption\">Pr\u016fm\u011br<\/td>\n<td class=\"value\">100 mm<\/td>\n<\/tr>\n<tr class=\"attribute attr_Napeti\">\n<td class=\"caption\">Nap\u011bt\u00ed<\/td>\n<td class=\"value\">230V<\/td>\n<\/tr>\n<tr class=\"attribute attr_Typ\">\n<td class=\"caption\">Typ<\/td>\n<td class=\"value\">Axi\u00e1ln\u00ed ventil\u00e1tor<\/td>\n<\/tr>\n<tr class=\"attribute attr_bsshop_maker\">\n<td class=\"caption\">V\u00fdrobce<\/td>\n<td class=\"value\">CATA<\/td>\n<\/tr>\n<\/tbody>\n<\/table><\/div>\n<\/div>\n<\/div>\n<div id=\"e9177187\" class=\"tabs\">\n","protected":false},"excerpt":{"rendered":"<p>B PLUS Nen\u00e1padn\u00fd a velmi obl\u00edben\u00fd Popis: V\u00fdhody: Design: \u2022 axi\u00e1ln\u00ed ventil\u00e1tor \u2022 konstrukce umo\u017e\u0148uje \u2022 pro pr\u016fm\u011bry potrub\u00ed 100, 120 a 150 mm \u2022 kluzn\u00e9 lo\u017eisko s tukovou n\u00e1pln\u00ed pro celou dobu \u017eivotnosti \u2022 nad povrch vystupuje pouze dekorativn\u00ed m\u0159\u00ed\u017eka \u2022 mo\u017enost snadn\u00e9 instalace bez pou\u017eit\u00ed \u0161roubk\u016f \u2022 spolehliv\u00fd ventil\u00e1tor za p\u0159\u00edznivou cenu \u2022 [&hellip;]<\/p>\n","protected":false},"featured_media":3992,"comment_status":"open","ping_status":"open","template":"","meta":[],"product_brand":[],"product_cat":[42],"product_tag":[],"class_list":{"0":"post-3892","1":"product","2":"type-product","3":"status-publish","4":"has-post-thumbnail","6":"product_cat-ventil-225-tory","8":"first","9":"instock","10":"sale","11":"shipping-taxable","12":"purchasable","13":"product-type-simple"},"yoast_head":"<!-- This site is optimized with the Yoast SEO plugin v26.8 - https:\/\/yoast.com\/product\/yoast-seo-wordpress\/ -->\n<title>N\u00edzk\u00e1 Cena CATA B-10 PLUS ventil\u00e1tor b\u00edl\u00fd - z\u00e1kladn\u00ed proveden\u00ed 100mm -<\/title>\n<meta name=\"robots\" content=\"index, follow, max-snippet:-1, max-image-preview:large, max-video-preview:-1\" \/>\n<link rel=\"canonical\" href=\"https:\/\/www.koupelnapro.com\/index.php\/produkt\/nizka-cena-cata-b-10-plus-ventilator-bily-zakladni-provedeni-100mm-3892\/\" \/>\n<meta property=\"og:locale\" content=\"cs_CZ\" \/>\n<meta property=\"og:type\" content=\"article\" \/>\n<meta property=\"og:title\" content=\"N\u00edzk\u00e1 Cena CATA B-10 PLUS ventil\u00e1tor b\u00edl\u00fd - z\u00e1kladn\u00ed proveden\u00ed 100mm -\" \/>\n<meta property=\"og:description\" content=\"B PLUS Nen\u00e1padn\u00fd a velmi obl\u00edben\u00fd Popis: V\u00fdhody: Design: \u2022 axi\u00e1ln\u00ed ventil\u00e1tor \u2022 konstrukce umo\u017e\u0148uje \u2022 pro pr\u016fm\u011bry potrub\u00ed 100, 120 a 150 mm \u2022 kluzn\u00e9 lo\u017eisko s tukovou n\u00e1pln\u00ed pro celou dobu \u017eivotnosti \u2022 nad povrch vystupuje pouze dekorativn\u00ed m\u0159\u00ed\u017eka \u2022 mo\u017enost snadn\u00e9 instalace bez pou\u017eit\u00ed \u0161roubk\u016f \u2022 spolehliv\u00fd ventil\u00e1tor za p\u0159\u00edznivou cenu \u2022 [&hellip;]\" \/>\n<meta property=\"og:url\" content=\"https:\/\/www.koupelnapro.com\/index.php\/produkt\/nizka-cena-cata-b-10-plus-ventilator-bily-zakladni-provedeni-100mm-3892\/\" \/>\n<meta property=\"og:image\" content=\"https:\/\/www.koupelnapro.com\/wp-content\/uploads\/2026\/SK0003463-CZ20260425-091623-0-1777079785-cata-b-10-plus-ventilator-bily-zakladni-provedeni-100mm.webp\" \/>\n\t<meta property=\"og:image:width\" content=\"1000\" \/>\n\t<meta property=\"og:image:height\" content=\"525\" \/>\n\t<meta property=\"og:image:type\" content=\"image\/webp\" \/>\n<meta name=\"twitter:card\" content=\"summary_large_image\" \/>\n<meta name=\"twitter:label1\" content=\"Odhadovan\u00e1 doba \u010dten\u00ed\" \/>\n\t<meta name=\"twitter:data1\" content=\"1 minuta\" \/>\n<script type=\"application\/ld+json\" class=\"yoast-schema-graph\">{\"@context\":\"https:\/\/schema.org\",\"@graph\":[{\"@type\":\"WebPage\",\"@id\":\"https:\/\/www.koupelnapro.com\/index.php\/produkt\/nizka-cena-cata-b-10-plus-ventilator-bily-zakladni-provedeni-100mm-3892\/\",\"url\":\"https:\/\/www.koupelnapro.com\/index.php\/produkt\/nizka-cena-cata-b-10-plus-ventilator-bily-zakladni-provedeni-100mm-3892\/\",\"name\":\"N\u00edzk\u00e1 Cena CATA B-10 PLUS ventil\u00e1tor b\u00edl\u00fd - z\u00e1kladn\u00ed proveden\u00ed 100mm -\",\"isPartOf\":{\"@id\":\"https:\/\/www.koupelnapro.com\/#website\"},\"primaryImageOfPage\":{\"@id\":\"https:\/\/www.koupelnapro.com\/index.php\/produkt\/nizka-cena-cata-b-10-plus-ventilator-bily-zakladni-provedeni-100mm-3892\/#primaryimage\"},\"image\":{\"@id\":\"https:\/\/www.koupelnapro.com\/index.php\/produkt\/nizka-cena-cata-b-10-plus-ventilator-bily-zakladni-provedeni-100mm-3892\/#primaryimage\"},\"thumbnailUrl\":\"https:\/\/www.koupelnapro.com\/wp-content\/uploads\/2026\/SK0003463-CZ20260425-091623-0-1777079785-cata-b-10-plus-ventilator-bily-zakladni-provedeni-100mm.webp\",\"datePublished\":\"2026-04-26T09:13:08+00:00\",\"breadcrumb\":{\"@id\":\"https:\/\/www.koupelnapro.com\/index.php\/produkt\/nizka-cena-cata-b-10-plus-ventilator-bily-zakladni-provedeni-100mm-3892\/#breadcrumb\"},\"inLanguage\":\"cs\",\"potentialAction\":[{\"@type\":\"ReadAction\",\"target\":[\"https:\/\/www.koupelnapro.com\/index.php\/produkt\/nizka-cena-cata-b-10-plus-ventilator-bily-zakladni-provedeni-100mm-3892\/\"]}]},{\"@type\":\"ImageObject\",\"inLanguage\":\"cs\",\"@id\":\"https:\/\/www.koupelnapro.com\/index.php\/produkt\/nizka-cena-cata-b-10-plus-ventilator-bily-zakladni-provedeni-100mm-3892\/#primaryimage\",\"url\":\"https:\/\/www.koupelnapro.com\/wp-content\/uploads\/2026\/SK0003463-CZ20260425-091623-0-1777079785-cata-b-10-plus-ventilator-bily-zakladni-provedeni-100mm.webp\",\"contentUrl\":\"https:\/\/www.koupelnapro.com\/wp-content\/uploads\/2026\/SK0003463-CZ20260425-091623-0-1777079785-cata-b-10-plus-ventilator-bily-zakladni-provedeni-100mm.webp\",\"width\":1000,\"height\":525},{\"@type\":\"BreadcrumbList\",\"@id\":\"https:\/\/www.koupelnapro.com\/index.php\/produkt\/nizka-cena-cata-b-10-plus-ventilator-bily-zakladni-provedeni-100mm-3892\/#breadcrumb\",\"itemListElement\":[{\"@type\":\"ListItem\",\"position\":1,\"name\":\"Home\",\"item\":\"https:\/\/www.koupelnapro.com\/\"},{\"@type\":\"ListItem\",\"position\":2,\"name\":\"Products\",\"item\":\"https:\/\/www.koupelnapro.com\/index.php\/products\/\"},{\"@type\":\"ListItem\",\"position\":3,\"name\":\"N\u00edzk\u00e1 Cena CATA B-10 PLUS ventil\u00e1tor b\u00edl\u00fd &#8211; z\u00e1kladn\u00ed proveden\u00ed 100mm\"}]},{\"@type\":\"WebSite\",\"@id\":\"https:\/\/www.koupelnapro.com\/#website\",\"url\":\"https:\/\/www.koupelnapro.com\/\",\"name\":\"\",\"description\":\"\",\"potentialAction\":[{\"@type\":\"SearchAction\",\"target\":{\"@type\":\"EntryPoint\",\"urlTemplate\":\"https:\/\/www.koupelnapro.com\/?s={search_term_string}\"},\"query-input\":{\"@type\":\"PropertyValueSpecification\",\"valueRequired\":true,\"valueName\":\"search_term_string\"}}],\"inLanguage\":\"cs\"}]}<\/script>\n<!-- \/ Yoast SEO plugin. -->","yoast_head_json":{"title":"N\u00edzk\u00e1 Cena CATA B-10 PLUS ventil\u00e1tor b\u00edl\u00fd - z\u00e1kladn\u00ed proveden\u00ed 100mm -","robots":{"index":"index","follow":"follow","max-snippet":"max-snippet:-1","max-image-preview":"max-image-preview:large","max-video-preview":"max-video-preview:-1"},"canonical":"https:\/\/www.koupelnapro.com\/index.php\/produkt\/nizka-cena-cata-b-10-plus-ventilator-bily-zakladni-provedeni-100mm-3892\/","og_locale":"cs_CZ","og_type":"article","og_title":"N\u00edzk\u00e1 Cena CATA B-10 PLUS ventil\u00e1tor b\u00edl\u00fd - z\u00e1kladn\u00ed proveden\u00ed 100mm -","og_description":"B PLUS Nen\u00e1padn\u00fd a velmi obl\u00edben\u00fd Popis: V\u00fdhody: Design: \u2022 axi\u00e1ln\u00ed ventil\u00e1tor \u2022 konstrukce umo\u017e\u0148uje \u2022 pro pr\u016fm\u011bry potrub\u00ed 100, 120 a 150 mm \u2022 kluzn\u00e9 lo\u017eisko s tukovou n\u00e1pln\u00ed pro celou dobu \u017eivotnosti \u2022 nad povrch vystupuje pouze dekorativn\u00ed m\u0159\u00ed\u017eka \u2022 mo\u017enost snadn\u00e9 instalace bez pou\u017eit\u00ed \u0161roubk\u016f \u2022 spolehliv\u00fd ventil\u00e1tor za p\u0159\u00edznivou cenu \u2022 [&hellip;]","og_url":"https:\/\/www.koupelnapro.com\/index.php\/produkt\/nizka-cena-cata-b-10-plus-ventilator-bily-zakladni-provedeni-100mm-3892\/","og_image":[{"width":1000,"height":525,"url":"https:\/\/www.koupelnapro.com\/wp-content\/uploads\/2026\/SK0003463-CZ20260425-091623-0-1777079785-cata-b-10-plus-ventilator-bily-zakladni-provedeni-100mm.webp","type":"image\/webp"}],"twitter_card":"summary_large_image","twitter_misc":{"Odhadovan\u00e1 doba \u010dten\u00ed":"1 minuta"},"schema":{"@context":"https:\/\/schema.org","@graph":[{"@type":"WebPage","@id":"https:\/\/www.koupelnapro.com\/index.php\/produkt\/nizka-cena-cata-b-10-plus-ventilator-bily-zakladni-provedeni-100mm-3892\/","url":"https:\/\/www.koupelnapro.com\/index.php\/produkt\/nizka-cena-cata-b-10-plus-ventilator-bily-zakladni-provedeni-100mm-3892\/","name":"N\u00edzk\u00e1 Cena CATA B-10 PLUS ventil\u00e1tor b\u00edl\u00fd - z\u00e1kladn\u00ed proveden\u00ed 100mm -","isPartOf":{"@id":"https:\/\/www.koupelnapro.com\/#website"},"primaryImageOfPage":{"@id":"https:\/\/www.koupelnapro.com\/index.php\/produkt\/nizka-cena-cata-b-10-plus-ventilator-bily-zakladni-provedeni-100mm-3892\/#primaryimage"},"image":{"@id":"https:\/\/www.koupelnapro.com\/index.php\/produkt\/nizka-cena-cata-b-10-plus-ventilator-bily-zakladni-provedeni-100mm-3892\/#primaryimage"},"thumbnailUrl":"https:\/\/www.koupelnapro.com\/wp-content\/uploads\/2026\/SK0003463-CZ20260425-091623-0-1777079785-cata-b-10-plus-ventilator-bily-zakladni-provedeni-100mm.webp","datePublished":"2026-04-26T09:13:08+00:00","breadcrumb":{"@id":"https:\/\/www.koupelnapro.com\/index.php\/produkt\/nizka-cena-cata-b-10-plus-ventilator-bily-zakladni-provedeni-100mm-3892\/#breadcrumb"},"inLanguage":"cs","potentialAction":[{"@type":"ReadAction","target":["https:\/\/www.koupelnapro.com\/index.php\/produkt\/nizka-cena-cata-b-10-plus-ventilator-bily-zakladni-provedeni-100mm-3892\/"]}]},{"@type":"ImageObject","inLanguage":"cs","@id":"https:\/\/www.koupelnapro.com\/index.php\/produkt\/nizka-cena-cata-b-10-plus-ventilator-bily-zakladni-provedeni-100mm-3892\/#primaryimage","url":"https:\/\/www.koupelnapro.com\/wp-content\/uploads\/2026\/SK0003463-CZ20260425-091623-0-1777079785-cata-b-10-plus-ventilator-bily-zakladni-provedeni-100mm.webp","contentUrl":"https:\/\/www.koupelnapro.com\/wp-content\/uploads\/2026\/SK0003463-CZ20260425-091623-0-1777079785-cata-b-10-plus-ventilator-bily-zakladni-provedeni-100mm.webp","width":1000,"height":525},{"@type":"BreadcrumbList","@id":"https:\/\/www.koupelnapro.com\/index.php\/produkt\/nizka-cena-cata-b-10-plus-ventilator-bily-zakladni-provedeni-100mm-3892\/#breadcrumb","itemListElement":[{"@type":"ListItem","position":1,"name":"Home","item":"https:\/\/www.koupelnapro.com\/"},{"@type":"ListItem","position":2,"name":"Products","item":"https:\/\/www.koupelnapro.com\/index.php\/products\/"},{"@type":"ListItem","position":3,"name":"N\u00edzk\u00e1 Cena CATA B-10 PLUS ventil\u00e1tor b\u00edl\u00fd &#8211; z\u00e1kladn\u00ed proveden\u00ed 100mm"}]},{"@type":"WebSite","@id":"https:\/\/www.koupelnapro.com\/#website","url":"https:\/\/www.koupelnapro.com\/","name":"","description":"","potentialAction":[{"@type":"SearchAction","target":{"@type":"EntryPoint","urlTemplate":"https:\/\/www.koupelnapro.com\/?s={search_term_string}"},"query-input":{"@type":"PropertyValueSpecification","valueRequired":true,"valueName":"search_term_string"}}],"inLanguage":"cs"}]}},"_links":{"self":[{"href":"https:\/\/www.koupelnapro.com\/index.php\/wp-json\/wp\/v2\/product\/3892","targetHints":{"allow":["GET"]}}],"collection":[{"href":"https:\/\/www.koupelnapro.com\/index.php\/wp-json\/wp\/v2\/product"}],"about":[{"href":"https:\/\/www.koupelnapro.com\/index.php\/wp-json\/wp\/v2\/types\/product"}],"replies":[{"embeddable":true,"href":"https:\/\/www.koupelnapro.com\/index.php\/wp-json\/wp\/v2\/comments?post=3892"}],"wp:featuredmedia":[{"embeddable":true,"href":"https:\/\/www.koupelnapro.com\/index.php\/wp-json\/wp\/v2\/media\/3992"}],"wp:attachment":[{"href":"https:\/\/www.koupelnapro.com\/index.php\/wp-json\/wp\/v2\/media?parent=3892"}],"wp:term":[{"taxonomy":"product_brand","embeddable":true,"href":"https:\/\/www.koupelnapro.com\/index.php\/wp-json\/wp\/v2\/product_brand?post=3892"},{"taxonomy":"product_cat","embeddable":true,"href":"https:\/\/www.koupelnapro.com\/index.php\/wp-json\/wp\/v2\/product_cat?post=3892"},{"taxonomy":"product_tag","embeddable":true,"href":"https:\/\/www.koupelnapro.com\/index.php\/wp-json\/wp\/v2\/product_tag?post=3892"}],"curies":[{"name":"wp","href":"https:\/\/api.w.org\/{rel}","templated":true}]}}