{"id":3891,"date":"2026-04-26T09:13:08","date_gmt":"2026-04-26T09:13:08","guid":{"rendered":""},"modified":"2026-04-26T09:13:08","modified_gmt":"2026-04-26T09:13:08","slug":"casove-omezene-cata-b-10-matic-t-ventilator-zaluzie-dobeh-100mm-3891","status":"publish","type":"product","link":"https:\/\/www.koupelnapro.com\/index.php\/produkt\/casove-omezene-cata-b-10-matic-t-ventilator-zaluzie-dobeh-100mm-3891\/","title":{"rendered":"\u010casov\u011b Omezen\u00e9 CATA B-10 Matic T ventil\u00e1tor &#8211; \u017ealuzie, dob\u011bh 100mm"},"content":{"rendered":"<div id=\"e9177091\" class=\"pages\">\n<div id=\"PDDescription\" class=\"UserContentView userContent v1a v1 bs-view dcon dc150 PDDescription\" >\n<h2><span style=\"color: #008080;\">CATA B-10 Matic T ventil\u00e1tor &#8211; \u017ealuzie, dob\u011bh 100mm<\/span><\/h2>\n<p>\u00a0<\/p>\n<p>Axi\u00e1ln\u00ed ventil\u00e1tor na ze\u010f, do stropu \u010di do okna, pr. 100 mm, 98 m\u00b3\/h, 43 dB(A), 3 mmH2O (29 Pa), IPX4, \u017ealuzie, dob\u011bhov\u00fd \u010dasova\u010d<\/p>\n<p>Ventil\u00e1tor s kr\u00e1tk\u00fdm v\u00fddechem<br \/>Za ventil\u00e1torem m\u016f\u017ee n\u00e1sledovat koleno<br \/>Automatick\u00e1 \u017ealuzie s plynul\u00fdm pohybem<\/p>\n<p>\u00a0<\/p>\n<ul>\n<li>Pr\u016fm\u011br odtahu:\u00a0100 mm<\/li>\n<li>Barva:\u00a0B\u00edl\u00e1<\/li>\n<li>P\u0159\u00edkon motoru:\u00a015 W<\/li>\n<li>Ot\u00e1\u010dek\/min.:\u00a02500<\/li>\n<li>Max. sac\u00ed v\u00fdkon:\u00a098 m\u00b3\/hod<\/li>\n<li>Max. tlak:\u00a029 Pa<\/li>\n<li>Max. d\u00e9lka odtahu:\u00a03 m<\/li>\n<li>Hlu\u010dnost &#8211; 2 m:\u00a043 dB(A)<\/li>\n<li>Stupe\u0148 kryt\u00ed:\u00a0IPX4<\/li>\n<li>V\u00fdbava:\u00a0Dob\u011bhov\u00fd \u010dasova\u010d 3-15 min.<\/li>\n<li>Zp\u011btn\u00e1 klapka:\u00a0Automatick\u00e9 \u017ealuzie<\/li>\n<li>Mont\u00e1\u017en\u00ed poloha:\u00a0Na ze\u010f i do stropu<\/li>\n<\/ul>\n<p>\u00a0<\/p>\n<p>\u00a0<\/p>\n<div id=\"PDTable3\" class=\"ProductDetailTableView v3a v3 bs-view dcon dc175 PDTable3\" >\n<table>\n<thead><\/thead>\n<tbody>\n<tr class=\"attribute attr_Prumer\">\n<td class=\"caption\">Pr\u016fm\u011br<\/td>\n<td class=\"value\">100 mm<\/td>\n<\/tr>\n<tr class=\"attribute attr_Dobeh\">\n<td class=\"caption\">Dob\u011bh<\/td>\n<td class=\"value\">Ano<\/td>\n<\/tr>\n<tr class=\"attribute attr_Zaluzie\">\n<td class=\"caption\">\u017daluzie<\/td>\n<td class=\"value\">Ano<\/td>\n<\/tr>\n<tr class=\"attribute attr_Napeti\">\n<td class=\"caption\">Nap\u011bt\u00ed<\/td>\n<td class=\"value\">230V<\/td>\n<\/tr>\n<tr class=\"attribute attr_Typ\">\n<td class=\"caption\">Typ<\/td>\n<td class=\"value\">Axi\u00e1ln\u00ed ventil\u00e1tor<\/td>\n<\/tr>\n<tr class=\"attribute attr_bsshop_maker\">\n<td class=\"caption\">V\u00fdrobce<\/td>\n<td class=\"value\">CATA<\/td>\n<\/tr>\n<\/tbody>\n<\/table><\/div>\n<\/div>\n<\/div>\n<div id=\"e9177092\" class=\"tabs\">\n","protected":false},"excerpt":{"rendered":"<p>CATA B-10 Matic T ventil\u00e1tor &#8211; \u017ealuzie, dob\u011bh 100mm \u00a0 Axi\u00e1ln\u00ed ventil\u00e1tor na ze\u010f, do stropu \u010di do okna, pr. 100 mm, 98 m\u00b3\/h, 43 dB(A), 3 mmH2O (29 Pa), IPX4, \u017ealuzie, dob\u011bhov\u00fd \u010dasova\u010d Ventil\u00e1tor s kr\u00e1tk\u00fdm v\u00fddechemZa ventil\u00e1torem m\u016f\u017ee n\u00e1sledovat kolenoAutomatick\u00e1 \u017ealuzie s plynul\u00fdm pohybem \u00a0 Pr\u016fm\u011br odtahu:\u00a0100 mm Barva:\u00a0B\u00edl\u00e1 P\u0159\u00edkon motoru:\u00a015 W Ot\u00e1\u010dek\/min.:\u00a02500 [&hellip;]<\/p>\n","protected":false},"featured_media":3991,"comment_status":"open","ping_status":"open","template":"","meta":[],"product_brand":[],"product_cat":[42],"product_tag":[],"class_list":{"0":"post-3891","1":"product","2":"type-product","3":"status-publish","4":"has-post-thumbnail","6":"product_cat-ventil-225-tory","8":"first","9":"instock","10":"sale","11":"shipping-taxable","12":"purchasable","13":"product-type-simple"},"yoast_head":"<!-- This site is optimized with the Yoast SEO plugin v26.8 - https:\/\/yoast.com\/product\/yoast-seo-wordpress\/ -->\n<title>\u010casov\u011b Omezen\u00e9 CATA B-10 Matic T ventil\u00e1tor - \u017ealuzie, dob\u011bh 100mm -<\/title>\n<meta name=\"robots\" content=\"index, follow, max-snippet:-1, max-image-preview:large, max-video-preview:-1\" \/>\n<link rel=\"canonical\" href=\"https:\/\/www.koupelnapro.com\/index.php\/produkt\/casove-omezene-cata-b-10-matic-t-ventilator-zaluzie-dobeh-100mm-3891\/\" \/>\n<meta property=\"og:locale\" content=\"cs_CZ\" \/>\n<meta property=\"og:type\" content=\"article\" \/>\n<meta property=\"og:title\" content=\"\u010casov\u011b Omezen\u00e9 CATA B-10 Matic T ventil\u00e1tor - \u017ealuzie, dob\u011bh 100mm -\" \/>\n<meta property=\"og:description\" content=\"CATA B-10 Matic T ventil\u00e1tor &#8211; \u017ealuzie, dob\u011bh 100mm \u00a0 Axi\u00e1ln\u00ed ventil\u00e1tor na ze\u010f, do stropu \u010di do okna, pr. 100 mm, 98 m\u00b3\/h, 43 dB(A), 3 mmH2O (29 Pa), IPX4, \u017ealuzie, dob\u011bhov\u00fd \u010dasova\u010d Ventil\u00e1tor s kr\u00e1tk\u00fdm v\u00fddechemZa ventil\u00e1torem m\u016f\u017ee n\u00e1sledovat kolenoAutomatick\u00e1 \u017ealuzie s plynul\u00fdm pohybem \u00a0 Pr\u016fm\u011br odtahu:\u00a0100 mm Barva:\u00a0B\u00edl\u00e1 P\u0159\u00edkon motoru:\u00a015 W Ot\u00e1\u010dek\/min.:\u00a02500 [&hellip;]\" \/>\n<meta property=\"og:url\" content=\"https:\/\/www.koupelnapro.com\/index.php\/produkt\/casove-omezene-cata-b-10-matic-t-ventilator-zaluzie-dobeh-100mm-3891\/\" \/>\n<meta property=\"og:image\" content=\"https:\/\/www.koupelnapro.com\/wp-content\/uploads\/2026\/SK0003462-CZ20260425-091623-0-1777079785-cata-b-10-matic-t-ventilator-zaluzie-dobeh-100mm.webp\" \/>\n\t<meta property=\"og:image:width\" content=\"1000\" \/>\n\t<meta property=\"og:image:height\" content=\"525\" \/>\n\t<meta property=\"og:image:type\" content=\"image\/webp\" \/>\n<meta name=\"twitter:card\" content=\"summary_large_image\" \/>\n<meta name=\"twitter:label1\" content=\"Odhadovan\u00e1 doba \u010dten\u00ed\" \/>\n\t<meta name=\"twitter:data1\" content=\"1 minuta\" \/>\n<script type=\"application\/ld+json\" class=\"yoast-schema-graph\">{\"@context\":\"https:\/\/schema.org\",\"@graph\":[{\"@type\":\"WebPage\",\"@id\":\"https:\/\/www.koupelnapro.com\/index.php\/produkt\/casove-omezene-cata-b-10-matic-t-ventilator-zaluzie-dobeh-100mm-3891\/\",\"url\":\"https:\/\/www.koupelnapro.com\/index.php\/produkt\/casove-omezene-cata-b-10-matic-t-ventilator-zaluzie-dobeh-100mm-3891\/\",\"name\":\"\u010casov\u011b Omezen\u00e9 CATA B-10 Matic T ventil\u00e1tor - \u017ealuzie, dob\u011bh 100mm -\",\"isPartOf\":{\"@id\":\"https:\/\/www.koupelnapro.com\/#website\"},\"primaryImageOfPage\":{\"@id\":\"https:\/\/www.koupelnapro.com\/index.php\/produkt\/casove-omezene-cata-b-10-matic-t-ventilator-zaluzie-dobeh-100mm-3891\/#primaryimage\"},\"image\":{\"@id\":\"https:\/\/www.koupelnapro.com\/index.php\/produkt\/casove-omezene-cata-b-10-matic-t-ventilator-zaluzie-dobeh-100mm-3891\/#primaryimage\"},\"thumbnailUrl\":\"https:\/\/www.koupelnapro.com\/wp-content\/uploads\/2026\/SK0003462-CZ20260425-091623-0-1777079785-cata-b-10-matic-t-ventilator-zaluzie-dobeh-100mm.webp\",\"datePublished\":\"2026-04-26T09:13:08+00:00\",\"breadcrumb\":{\"@id\":\"https:\/\/www.koupelnapro.com\/index.php\/produkt\/casove-omezene-cata-b-10-matic-t-ventilator-zaluzie-dobeh-100mm-3891\/#breadcrumb\"},\"inLanguage\":\"cs\",\"potentialAction\":[{\"@type\":\"ReadAction\",\"target\":[\"https:\/\/www.koupelnapro.com\/index.php\/produkt\/casove-omezene-cata-b-10-matic-t-ventilator-zaluzie-dobeh-100mm-3891\/\"]}]},{\"@type\":\"ImageObject\",\"inLanguage\":\"cs\",\"@id\":\"https:\/\/www.koupelnapro.com\/index.php\/produkt\/casove-omezene-cata-b-10-matic-t-ventilator-zaluzie-dobeh-100mm-3891\/#primaryimage\",\"url\":\"https:\/\/www.koupelnapro.com\/wp-content\/uploads\/2026\/SK0003462-CZ20260425-091623-0-1777079785-cata-b-10-matic-t-ventilator-zaluzie-dobeh-100mm.webp\",\"contentUrl\":\"https:\/\/www.koupelnapro.com\/wp-content\/uploads\/2026\/SK0003462-CZ20260425-091623-0-1777079785-cata-b-10-matic-t-ventilator-zaluzie-dobeh-100mm.webp\",\"width\":1000,\"height\":525},{\"@type\":\"BreadcrumbList\",\"@id\":\"https:\/\/www.koupelnapro.com\/index.php\/produkt\/casove-omezene-cata-b-10-matic-t-ventilator-zaluzie-dobeh-100mm-3891\/#breadcrumb\",\"itemListElement\":[{\"@type\":\"ListItem\",\"position\":1,\"name\":\"Home\",\"item\":\"https:\/\/www.koupelnapro.com\/\"},{\"@type\":\"ListItem\",\"position\":2,\"name\":\"Products\",\"item\":\"https:\/\/www.koupelnapro.com\/index.php\/products\/\"},{\"@type\":\"ListItem\",\"position\":3,\"name\":\"\u010casov\u011b Omezen\u00e9 CATA B-10 Matic T ventil\u00e1tor &#8211; \u017ealuzie, dob\u011bh 100mm\"}]},{\"@type\":\"WebSite\",\"@id\":\"https:\/\/www.koupelnapro.com\/#website\",\"url\":\"https:\/\/www.koupelnapro.com\/\",\"name\":\"\",\"description\":\"\",\"potentialAction\":[{\"@type\":\"SearchAction\",\"target\":{\"@type\":\"EntryPoint\",\"urlTemplate\":\"https:\/\/www.koupelnapro.com\/?s={search_term_string}\"},\"query-input\":{\"@type\":\"PropertyValueSpecification\",\"valueRequired\":true,\"valueName\":\"search_term_string\"}}],\"inLanguage\":\"cs\"}]}<\/script>\n<!-- \/ Yoast SEO plugin. -->","yoast_head_json":{"title":"\u010casov\u011b Omezen\u00e9 CATA B-10 Matic T ventil\u00e1tor - \u017ealuzie, dob\u011bh 100mm -","robots":{"index":"index","follow":"follow","max-snippet":"max-snippet:-1","max-image-preview":"max-image-preview:large","max-video-preview":"max-video-preview:-1"},"canonical":"https:\/\/www.koupelnapro.com\/index.php\/produkt\/casove-omezene-cata-b-10-matic-t-ventilator-zaluzie-dobeh-100mm-3891\/","og_locale":"cs_CZ","og_type":"article","og_title":"\u010casov\u011b Omezen\u00e9 CATA B-10 Matic T ventil\u00e1tor - \u017ealuzie, dob\u011bh 100mm -","og_description":"CATA B-10 Matic T ventil\u00e1tor &#8211; \u017ealuzie, dob\u011bh 100mm \u00a0 Axi\u00e1ln\u00ed ventil\u00e1tor na ze\u010f, do stropu \u010di do okna, pr. 100 mm, 98 m\u00b3\/h, 43 dB(A), 3 mmH2O (29 Pa), IPX4, \u017ealuzie, dob\u011bhov\u00fd \u010dasova\u010d Ventil\u00e1tor s kr\u00e1tk\u00fdm v\u00fddechemZa ventil\u00e1torem m\u016f\u017ee n\u00e1sledovat kolenoAutomatick\u00e1 \u017ealuzie s plynul\u00fdm pohybem \u00a0 Pr\u016fm\u011br odtahu:\u00a0100 mm Barva:\u00a0B\u00edl\u00e1 P\u0159\u00edkon motoru:\u00a015 W Ot\u00e1\u010dek\/min.:\u00a02500 [&hellip;]","og_url":"https:\/\/www.koupelnapro.com\/index.php\/produkt\/casove-omezene-cata-b-10-matic-t-ventilator-zaluzie-dobeh-100mm-3891\/","og_image":[{"width":1000,"height":525,"url":"https:\/\/www.koupelnapro.com\/wp-content\/uploads\/2026\/SK0003462-CZ20260425-091623-0-1777079785-cata-b-10-matic-t-ventilator-zaluzie-dobeh-100mm.webp","type":"image\/webp"}],"twitter_card":"summary_large_image","twitter_misc":{"Odhadovan\u00e1 doba \u010dten\u00ed":"1 minuta"},"schema":{"@context":"https:\/\/schema.org","@graph":[{"@type":"WebPage","@id":"https:\/\/www.koupelnapro.com\/index.php\/produkt\/casove-omezene-cata-b-10-matic-t-ventilator-zaluzie-dobeh-100mm-3891\/","url":"https:\/\/www.koupelnapro.com\/index.php\/produkt\/casove-omezene-cata-b-10-matic-t-ventilator-zaluzie-dobeh-100mm-3891\/","name":"\u010casov\u011b Omezen\u00e9 CATA B-10 Matic T ventil\u00e1tor - \u017ealuzie, dob\u011bh 100mm -","isPartOf":{"@id":"https:\/\/www.koupelnapro.com\/#website"},"primaryImageOfPage":{"@id":"https:\/\/www.koupelnapro.com\/index.php\/produkt\/casove-omezene-cata-b-10-matic-t-ventilator-zaluzie-dobeh-100mm-3891\/#primaryimage"},"image":{"@id":"https:\/\/www.koupelnapro.com\/index.php\/produkt\/casove-omezene-cata-b-10-matic-t-ventilator-zaluzie-dobeh-100mm-3891\/#primaryimage"},"thumbnailUrl":"https:\/\/www.koupelnapro.com\/wp-content\/uploads\/2026\/SK0003462-CZ20260425-091623-0-1777079785-cata-b-10-matic-t-ventilator-zaluzie-dobeh-100mm.webp","datePublished":"2026-04-26T09:13:08+00:00","breadcrumb":{"@id":"https:\/\/www.koupelnapro.com\/index.php\/produkt\/casove-omezene-cata-b-10-matic-t-ventilator-zaluzie-dobeh-100mm-3891\/#breadcrumb"},"inLanguage":"cs","potentialAction":[{"@type":"ReadAction","target":["https:\/\/www.koupelnapro.com\/index.php\/produkt\/casove-omezene-cata-b-10-matic-t-ventilator-zaluzie-dobeh-100mm-3891\/"]}]},{"@type":"ImageObject","inLanguage":"cs","@id":"https:\/\/www.koupelnapro.com\/index.php\/produkt\/casove-omezene-cata-b-10-matic-t-ventilator-zaluzie-dobeh-100mm-3891\/#primaryimage","url":"https:\/\/www.koupelnapro.com\/wp-content\/uploads\/2026\/SK0003462-CZ20260425-091623-0-1777079785-cata-b-10-matic-t-ventilator-zaluzie-dobeh-100mm.webp","contentUrl":"https:\/\/www.koupelnapro.com\/wp-content\/uploads\/2026\/SK0003462-CZ20260425-091623-0-1777079785-cata-b-10-matic-t-ventilator-zaluzie-dobeh-100mm.webp","width":1000,"height":525},{"@type":"BreadcrumbList","@id":"https:\/\/www.koupelnapro.com\/index.php\/produkt\/casove-omezene-cata-b-10-matic-t-ventilator-zaluzie-dobeh-100mm-3891\/#breadcrumb","itemListElement":[{"@type":"ListItem","position":1,"name":"Home","item":"https:\/\/www.koupelnapro.com\/"},{"@type":"ListItem","position":2,"name":"Products","item":"https:\/\/www.koupelnapro.com\/index.php\/products\/"},{"@type":"ListItem","position":3,"name":"\u010casov\u011b Omezen\u00e9 CATA B-10 Matic T ventil\u00e1tor &#8211; \u017ealuzie, dob\u011bh 100mm"}]},{"@type":"WebSite","@id":"https:\/\/www.koupelnapro.com\/#website","url":"https:\/\/www.koupelnapro.com\/","name":"","description":"","potentialAction":[{"@type":"SearchAction","target":{"@type":"EntryPoint","urlTemplate":"https:\/\/www.koupelnapro.com\/?s={search_term_string}"},"query-input":{"@type":"PropertyValueSpecification","valueRequired":true,"valueName":"search_term_string"}}],"inLanguage":"cs"}]}},"_links":{"self":[{"href":"https:\/\/www.koupelnapro.com\/index.php\/wp-json\/wp\/v2\/product\/3891","targetHints":{"allow":["GET"]}}],"collection":[{"href":"https:\/\/www.koupelnapro.com\/index.php\/wp-json\/wp\/v2\/product"}],"about":[{"href":"https:\/\/www.koupelnapro.com\/index.php\/wp-json\/wp\/v2\/types\/product"}],"replies":[{"embeddable":true,"href":"https:\/\/www.koupelnapro.com\/index.php\/wp-json\/wp\/v2\/comments?post=3891"}],"wp:featuredmedia":[{"embeddable":true,"href":"https:\/\/www.koupelnapro.com\/index.php\/wp-json\/wp\/v2\/media\/3991"}],"wp:attachment":[{"href":"https:\/\/www.koupelnapro.com\/index.php\/wp-json\/wp\/v2\/media?parent=3891"}],"wp:term":[{"taxonomy":"product_brand","embeddable":true,"href":"https:\/\/www.koupelnapro.com\/index.php\/wp-json\/wp\/v2\/product_brand?post=3891"},{"taxonomy":"product_cat","embeddable":true,"href":"https:\/\/www.koupelnapro.com\/index.php\/wp-json\/wp\/v2\/product_cat?post=3891"},{"taxonomy":"product_tag","embeddable":true,"href":"https:\/\/www.koupelnapro.com\/index.php\/wp-json\/wp\/v2\/product_tag?post=3891"}],"curies":[{"name":"wp","href":"https:\/\/api.w.org\/{rel}","templated":true}]}}