{"id":38388,"date":"2026-04-26T09:15:49","date_gmt":"2026-04-26T09:15:49","guid":{"rendered":""},"modified":"2026-04-26T09:15:49","modified_gmt":"2026-04-26T09:15:49","slug":"zoom-black-sprchove-dvere-1200mm-cire-sklo-vysoce-kvalitni-38388","status":"publish","type":"product","link":"https:\/\/www.koupelnapro.com\/index.php\/produkt\/zoom-black-sprchove-dvere-1200mm-cire-sklo-vysoce-kvalitni-38388\/","title":{"rendered":"ZOOM BLACK sprchov\u00e9 dve\u0159e 1200mm, \u010dir\u00e9 sklo Vysoce Kvalitn\u00ed"},"content":{"rendered":"<div class=\"basic-description\">\n<h3>Detailn\u00ed popis produktu<\/h3>\n<p style=\"text-align: justify;\">Sprchov\u00e9 z\u00e1st\u011bny <strong>ZOOM BLACK<\/strong> okouzl\u00ed nejen sv\u00fdm proveden\u00edm v modern\u00ed \u010dern\u00e9, ale i propracovanost\u00ed do nejmen\u0161\u00edch detail\u016f. Sprchov\u00e9 dve\u0159e s hranat\u00fdmi oto\u010dn\u00fdmi profily se zvedac\u00edm mechanismem umo\u017e\u0148uj\u00ed snadn\u00e9 otev\u00edr\u00e1n\u00ed vn\u011b i dovnit\u0159 a zaru\u010duj\u00ed maxim\u00e1ln\u00ed \u0161\u00ed\u0159ku vstupu. V\u00fdjimku tvo\u0159\u00ed \u010dtvrtkruhov\u00e1 z\u00e1st\u011bna ZL2615B (90&#215;90 cm), kter\u00e1 se otv\u00edr\u00e1 pouze sm\u011brem ven.<\/p>\n<p><strong>Charakteristika sprchov\u00fdch z\u00e1st\u011bn s\u00e9rie ZOOM BLACK:<\/strong><\/p>\n<ul>\n<li>\u010cir\u00e9 bezpe\u010dnostn\u00ed sklo o s\u00edle 6 mm<\/li>\n<li>Povrchov\u00e1 \u00faprava Antidrop zabra\u0148uje usazov\u00e1n\u00ed vodn\u00edho kamene a usnad\u0148uje \u010di\u0161t\u011bn\u00ed<\/li>\n<li>Hlin\u00edkov\u00e9 oto\u010dn\u00e9 profily v matn\u011b \u010dern\u00e9 povrchov\u00e9 \u00faprav\u011b, s integrovan\u00fdm zdvihov\u00fdm mechanismem<\/li>\n<li>Matn\u011b \u010dern\u00e9 proveden\u00ed profil\u016f dod\u00e1v\u00e1 z\u00e1st\u011bn\u00e1m luxusn\u00ed vzhled<\/li>\n<li>Magnetick\u00e9 t\u011bsn\u011bn\u00ed je skryto v profilech<\/li>\n<li>V\u00fd\u0161ka 2000 mm<\/li>\n<li>Snadn\u00e1 mont\u00e1\u017e, tolerance a\u017e 20 mm nastaven\u00edm skel v profilu<\/li>\n<li>Dve\u0159e 800 a 900 mm jsou jednod\u00edln\u00e9 a umo\u017e\u0148uj\u00ed maxim\u00e1ln\u00ed \u0161\u00ed\u0159ku vstupu<\/li>\n<li>Dve\u0159e 1000-1400 mm jsou d\u011bleny na \u010d\u00e1st pevnou a \u010d\u00e1st oto\u010dnou<\/li>\n<li>Dve\u0159e je mo\u017eno instalovat do niky nebo v kombinaci s bo\u010dn\u00ed st\u011bnou, umo\u017e\u0148uj\u00ed variabiln\u00ed instalaci s lev\u00fdm nebo prav\u00fdm otev\u00edr\u00e1n\u00edm<\/li>\n<li>Dve\u0159e&nbsp;<span>se&nbsp;zdvihov\u00fdm mechanismem profilu<\/span><\/li>\n<li>Vzp\u011bry jsou sou\u010d\u00e1st\u00ed balen\u00ed<\/li>\n<li><span>Skl\u00e1dac\u00ed dve\u0159e 700 a\u017e 900 mm v proveden\u00ed lev\u00e1 a prav\u00e1 lze instalovat do niky nebo v kombinaci L\/R vytvo\u0159it \u010dtvercovou nebo obd\u00e9ln\u00edkovou z\u00e1st\u011bnu s rohov\u00fdm vstupem<\/span><\/li>\n<\/ul>\n<table style=\"width: 720px;\" border=\"0\">\n<tbody>\n<tr>\n<td><\/td>\n<td><\/td>\n<td><\/td>\n<td><\/td>\n<\/tr>\n<tr>\n<td style=\"vertical-align: top;\">Speci\u00e1ln\u011b navr\u017een\u00e9 madlo pro pohodln\u00e9 otev\u00edr\u00e1n\u00ed dve\u0159\u00ed.<\/td>\n<td style=\"vertical-align: top;\">Ploch\u00e9 magnetick\u00e9 t\u011bsn\u011bn\u00ed skryt\u00e9 v hlin\u00edkov\u00e9m profilu v modern\u00edm matn\u011b \u010dern\u00e9m proveden\u00ed.<\/td>\n<td style=\"vertical-align: top;\">St\u011bnov\u00e9 nerovnosti skryje hlin\u00edkov\u00fd profil v \u010dern\u00e9, do kter\u00e9ho lze zasunout sklo dle pot\u0159eby a\u017e 20 mm.<\/td>\n<td style=\"vertical-align: top;\">Oto\u010dn\u00fd profil se zvedac\u00ed funkc\u00ed pro pohodln\u00e9 otev\u00edr\u00e1n\u00ed.\u010cist\u00e1 linie &#8211; sklo prot\u00edn\u00e1 profil na obou stran\u00e1ch ve stejn\u00e9 \u00farovni.Stabilitu skel zaji\u0161\u0165uje elegantn\u00ed vzp\u011bra s nastaviteln\u00fdm \u00fahlem uchycen\u00ed na obou stran\u00e1ch.<\/td>\n<\/tr>\n<\/tbody>\n<\/table>\n<div class=\"product-explanation-item\">\n<h3>Sm\u011br otev\u00edr\u00e1n\u00ed &#8211; univerz\u00e1ln\u00ed<\/h3>\n<p style=\"text-align: justify;\">Instalace je mo\u017en\u00e1 s lev\u00fdm nebo prav\u00fdm otev\u00edr\u00e1n\u00edm dve\u0159\u00ed.<\/p>\n<\/div>\n<div class=\"product-explanation-item\">\n<h3>Antidrop<\/h3>\n<p style=\"text-align: justify;\">Antidrop je povrchov\u00e1 \u00faprava skla pro jeho snadnou \u00fadr\u017ebu. P\u0159i v\u00fdrob\u011b skla je nan\u00e1\u0161ena na jeho povrch s pou\u017eit\u00edm nanotechnologie a je obsa\u017eena v cen\u011b z\u00e1st\u011bn.<\/p>\n<\/div>\n<div class=\"product-explanation-item\">\n<h3>Bezr\u00e1mov\u00e9 sprchov\u00e9 z\u00e1st\u011bny<\/h3>\n<p style=\"text-align: justify;\">Ochranu proti p\u0159ete\u010den\u00ed vody u bezr\u00e1mov\u00fdch z\u00e1st\u011bn zaji\u0161\u0165uje n\u00edzk\u00e1 p\u0159etokov\u00e1 li\u0161ta, kter\u00e1 dotv\u00e1\u0159\u00ed \u010dist\u00fd vzhled z\u00e1st\u011bny. Bezr\u00e1mov\u00e9 z\u00e1st\u011bny tak p\u016fsob\u00ed sv\u011b\u017e\u00edm elegantn\u00edm dojmem.<\/p>\n<\/p>\n<\/div>\n<p><b>Video ke shl\u00e9dnut\u00ed<\/b><video width=\"640\" height=\"480\" controls><source src=\"https:\/\/ubc.k2.cz\/K2FTPdata\/UBC\/video\/produkt_ostatne\/zoom-line-sprchove-zasteny.mp4\" type=\"video\/mp4\">V\u00e1\u0161 prohl\u00ed\u017ee\u010d nepodporuje video tag.<\/video>                            <\/div>\n<div class=\"extended-description\">\n<h3>Dopl\u0148kov\u00e9 parametry<\/h3>\n<table class=\"detail-parameters\">\n<tbody>\n<tr>\n<th>        <span class=\"row-header-label\">            Kategorie<span class=\"row-header-label-colon\">:<\/span>        <\/span>    <\/th>\n<td>            <\/td>\n<\/tr>\n<tr>\n<th>            <span class=\"row-header-label\">                Z\u00e1ruka<span class=\"row-header-label-colon\">:<\/span>            <\/span>        <\/th>\n<td>            24        <\/td>\n<\/tr>\n<tr>\n<th>            <span class=\"row-header-label\">                Hmotnost<span class=\"row-header-label-colon\">:<\/span>            <\/span>        <\/th>\n<td>            38 kg        <\/td>\n<\/tr>\n<tr class=\"productEan\">\n<th>          <span class=\"row-header-label productEan__label\">              EAN<span class=\"row-header-label-colon\">:<\/span>          <\/span>      <\/th>\n<td>          <span class=\"productEan__value\">8590913856044<\/span>      <\/td>\n<\/tr>\n<tr>\n<th>                <span class=\"row-header-label\">                                            3D model<span class=\"row-header-label-colon\">:<\/span>                                    <\/span>            <\/th>\n<td>                                                            ANO                                                <\/td>\n<\/tr>\n<tr>\n<th>                <span class=\"row-header-label\">                                            Balen\u00ed<span class=\"row-header-label-colon\">:<\/span>                                    <\/span>            <\/th>\n<td>                                                            1 ks                                                <\/td>\n<\/tr>\n<tr>\n<th>                <span class=\"row-header-label\">                                            Barva profilu<span class=\"row-header-label-colon\">:<\/span>                                    <\/span>            <\/th>\n<td>                                                            \u010cern\u00e1 mat                                                <\/td>\n<\/tr>\n<tr>\n<th>                <span class=\"row-header-label\">                                            Dostupnost<span class=\"row-header-label-colon\">:<\/span>                                    <\/span>            <\/th>\n<td>                                                            Skladem                                                <\/td>\n<\/tr>\n<tr>\n<th>                <span class=\"row-header-label\">                                            Instala\u010dn\u00ed \u0161\u00ed\u0159ka do<span class=\"row-header-label-colon\">:<\/span>                                    <\/span>            <\/th>\n<td>                                                            1200 mm                                                <\/td>\n<\/tr>\n<tr>\n<th>                <span class=\"row-header-label\">                                            Instala\u010dn\u00ed \u0161\u00ed\u0159ka od<span class=\"row-header-label-colon\">:<\/span>                                    <\/span>            <\/th>\n<td>                                                            1170 mm                                                <\/td>\n<\/tr>\n<tr>\n<th>                <span class=\"row-header-label\">                                            Sm\u011br otev\u00edr\u00e1n\u00ed<span class=\"row-header-label-colon\">:<\/span>                                    <\/span>            <\/th>\n<td>                                                            Univerz\u00e1ln\u00ed                                                <\/td>\n<\/tr>\n<tr>\n<th>                <span class=\"row-header-label\">                                            \u0160\u00ed\u0159ka<span class=\"row-header-label-colon\">:<\/span>                                    <\/span>            <\/th>\n<td>                                                            1200 mm                                                <\/td>\n<\/tr>\n<tr>\n<th>                <span class=\"row-header-label\">                                            \u0160\u00ed\u0159ka vstupu<span class=\"row-header-label-colon\">:<\/span>                                    <\/span>            <\/th>\n<td>                                                            620 mm                                                <\/td>\n<\/tr>\n<tr>\n<th>                <span class=\"row-header-label\">                                            Tlou\u0161\u0165ka skla<span class=\"row-header-label-colon\">:<\/span>                                    <\/span>            <\/th>\n<td>                                                            6 mm                                                <\/td>\n<\/tr>\n<tr>\n<th>                <span class=\"row-header-label\">                                            Tvar<span class=\"row-header-label-colon\">:<\/span>                                    <\/span>            <\/th>\n<td>                                                            Dve\u0159e do niky                                                <\/td>\n<\/tr>\n<tr>\n<th>                <span class=\"row-header-label\">                                            Typ otev\u00edr\u00e1n\u00ed<span class=\"row-header-label-colon\">:<\/span>                                    <\/span>            <\/th>\n<td>                                                            Otev\u00edrac\u00ed jednok\u0159\u00eddl\u00e9                                                <\/td>\n<\/tr>\n<tr>\n<th>                <span class=\"row-header-label\">                                            Typ v\u00fdpln\u011b<span class=\"row-header-label-colon\">:<\/span>                                    <\/span>            <\/th>\n<td>                                                            \u010cIR\u00c9 sklo                                                <\/td>\n<\/tr>\n<tr>\n<th>                <span class=\"row-header-label\">                                            \u00daprava skla<span class=\"row-header-label-colon\">:<\/span>                                    <\/span>            <\/th>\n<td>                                                            Antidrop                                                <\/td>\n<\/tr>\n<tr>\n<th>                <span class=\"row-header-label\">                                            Vlastnosti<span class=\"row-header-label-colon\">:<\/span>                                    <\/span>            <\/th>\n<td>                                                            Otev\u00edr\u00e1n\u00ed vn\u011b i dovnit\u0159;Bezr\u00e1mov\u00e9 proveden\u00ed                                                <\/td>\n<\/tr>\n<tr>\n<th>                <span class=\"row-header-label\">                                            V\u00fd\u0161ka<span class=\"row-header-label-colon\">:<\/span>                                    <\/span>            <\/th>\n<td>                                                            2000 mm                                                <\/td>\n<\/tr>\n<tr>\n<th>                <span class=\"row-header-label\">                                            Z\u00e1ruka<span class=\"row-header-label-colon\">:<\/span>                                    <\/span>            <\/th>\n<td>                                                            2 roky                                                <\/td>\n<\/tr>\n<\/tbody>\n<\/table><\/div>\n<\/p><\/div>\n<\/p><\/div>\n","protected":false},"excerpt":{"rendered":"<p>Detailn\u00ed popis produktu Sprchov\u00e9 z\u00e1st\u011bny ZOOM BLACK okouzl\u00ed nejen sv\u00fdm proveden\u00edm v modern\u00ed \u010dern\u00e9, ale i propracovanost\u00ed do nejmen\u0161\u00edch detail\u016f. Sprchov\u00e9 dve\u0159e s hranat\u00fdmi oto\u010dn\u00fdmi profily se zvedac\u00edm mechanismem umo\u017e\u0148uj\u00ed snadn\u00e9 otev\u00edr\u00e1n\u00ed vn\u011b i dovnit\u0159 a zaru\u010duj\u00ed maxim\u00e1ln\u00ed \u0161\u00ed\u0159ku vstupu. V\u00fdjimku tvo\u0159\u00ed \u010dtvrtkruhov\u00e1 z\u00e1st\u011bna ZL2615B (90&#215;90 cm), kter\u00e1 se otv\u00edr\u00e1 pouze sm\u011brem ven. Charakteristika sprchov\u00fdch [&hellip;]<\/p>\n","protected":false},"featured_media":38488,"comment_status":"open","ping_status":"open","template":"","meta":[],"product_brand":[],"product_cat":[122],"product_tag":[],"class_list":{"0":"post-38388","1":"product","2":"type-product","3":"status-publish","4":"has-post-thumbnail","6":"product_cat-sprchove-kouty","8":"first","9":"instock","10":"sale","11":"shipping-taxable","12":"purchasable","13":"product-type-simple"},"yoast_head":"<!-- This site is optimized with the Yoast SEO plugin v26.8 - https:\/\/yoast.com\/product\/yoast-seo-wordpress\/ -->\n<title>ZOOM BLACK sprchov\u00e9 dve\u0159e 1200mm, \u010dir\u00e9 sklo Vysoce Kvalitn\u00ed -<\/title>\n<meta name=\"robots\" content=\"index, follow, max-snippet:-1, max-image-preview:large, max-video-preview:-1\" \/>\n<link rel=\"canonical\" href=\"https:\/\/www.koupelnapro.com\/index.php\/produkt\/zoom-black-sprchove-dvere-1200mm-cire-sklo-vysoce-kvalitni-38388\/\" \/>\n<meta property=\"og:locale\" content=\"cs_CZ\" \/>\n<meta property=\"og:type\" content=\"article\" \/>\n<meta property=\"og:title\" content=\"ZOOM BLACK sprchov\u00e9 dve\u0159e 1200mm, \u010dir\u00e9 sklo Vysoce Kvalitn\u00ed -\" \/>\n<meta property=\"og:description\" content=\"Detailn\u00ed popis produktu Sprchov\u00e9 z\u00e1st\u011bny ZOOM BLACK okouzl\u00ed nejen sv\u00fdm proveden\u00edm v modern\u00ed \u010dern\u00e9, ale i propracovanost\u00ed do nejmen\u0161\u00edch detail\u016f. Sprchov\u00e9 dve\u0159e s hranat\u00fdmi oto\u010dn\u00fdmi profily se zvedac\u00edm mechanismem umo\u017e\u0148uj\u00ed snadn\u00e9 otev\u00edr\u00e1n\u00ed vn\u011b i dovnit\u0159 a zaru\u010duj\u00ed maxim\u00e1ln\u00ed \u0161\u00ed\u0159ku vstupu. V\u00fdjimku tvo\u0159\u00ed \u010dtvrtkruhov\u00e1 z\u00e1st\u011bna ZL2615B (90&#215;90 cm), kter\u00e1 se otv\u00edr\u00e1 pouze sm\u011brem ven. Charakteristika sprchov\u00fdch [&hellip;]\" \/>\n<meta property=\"og:url\" content=\"https:\/\/www.koupelnapro.com\/index.php\/produkt\/zoom-black-sprchove-dvere-1200mm-cire-sklo-vysoce-kvalitni-38388\/\" \/>\n<meta property=\"og:image\" content=\"https:\/\/www.koupelnapro.com\/wp-content\/uploads\/2026\/SK0004137-CZ20260425-092556-0-1777080363-145464_zl1312b-187934883971106.webp\" \/>\n\t<meta property=\"og:image:width\" content=\"1000\" \/>\n\t<meta property=\"og:image:height\" content=\"750\" \/>\n\t<meta property=\"og:image:type\" content=\"image\/webp\" \/>\n<meta name=\"twitter:card\" content=\"summary_large_image\" \/>\n<meta name=\"twitter:label1\" content=\"Odhadovan\u00e1 doba \u010dten\u00ed\" \/>\n\t<meta name=\"twitter:data1\" content=\"3 minuty\" \/>\n<script type=\"application\/ld+json\" class=\"yoast-schema-graph\">{\"@context\":\"https:\/\/schema.org\",\"@graph\":[{\"@type\":\"WebPage\",\"@id\":\"https:\/\/www.koupelnapro.com\/index.php\/produkt\/zoom-black-sprchove-dvere-1200mm-cire-sklo-vysoce-kvalitni-38388\/\",\"url\":\"https:\/\/www.koupelnapro.com\/index.php\/produkt\/zoom-black-sprchove-dvere-1200mm-cire-sklo-vysoce-kvalitni-38388\/\",\"name\":\"ZOOM BLACK sprchov\u00e9 dve\u0159e 1200mm, \u010dir\u00e9 sklo Vysoce Kvalitn\u00ed -\",\"isPartOf\":{\"@id\":\"https:\/\/www.koupelnapro.com\/#website\"},\"primaryImageOfPage\":{\"@id\":\"https:\/\/www.koupelnapro.com\/index.php\/produkt\/zoom-black-sprchove-dvere-1200mm-cire-sklo-vysoce-kvalitni-38388\/#primaryimage\"},\"image\":{\"@id\":\"https:\/\/www.koupelnapro.com\/index.php\/produkt\/zoom-black-sprchove-dvere-1200mm-cire-sklo-vysoce-kvalitni-38388\/#primaryimage\"},\"thumbnailUrl\":\"https:\/\/www.koupelnapro.com\/wp-content\/uploads\/2026\/SK0004137-CZ20260425-092556-0-1777080363-145464_zl1312b-187934883971106.webp\",\"datePublished\":\"2026-04-26T09:15:49+00:00\",\"breadcrumb\":{\"@id\":\"https:\/\/www.koupelnapro.com\/index.php\/produkt\/zoom-black-sprchove-dvere-1200mm-cire-sklo-vysoce-kvalitni-38388\/#breadcrumb\"},\"inLanguage\":\"cs\",\"potentialAction\":[{\"@type\":\"ReadAction\",\"target\":[\"https:\/\/www.koupelnapro.com\/index.php\/produkt\/zoom-black-sprchove-dvere-1200mm-cire-sklo-vysoce-kvalitni-38388\/\"]}]},{\"@type\":\"ImageObject\",\"inLanguage\":\"cs\",\"@id\":\"https:\/\/www.koupelnapro.com\/index.php\/produkt\/zoom-black-sprchove-dvere-1200mm-cire-sklo-vysoce-kvalitni-38388\/#primaryimage\",\"url\":\"https:\/\/www.koupelnapro.com\/wp-content\/uploads\/2026\/SK0004137-CZ20260425-092556-0-1777080363-145464_zl1312b-187934883971106.webp\",\"contentUrl\":\"https:\/\/www.koupelnapro.com\/wp-content\/uploads\/2026\/SK0004137-CZ20260425-092556-0-1777080363-145464_zl1312b-187934883971106.webp\",\"width\":1000,\"height\":750},{\"@type\":\"BreadcrumbList\",\"@id\":\"https:\/\/www.koupelnapro.com\/index.php\/produkt\/zoom-black-sprchove-dvere-1200mm-cire-sklo-vysoce-kvalitni-38388\/#breadcrumb\",\"itemListElement\":[{\"@type\":\"ListItem\",\"position\":1,\"name\":\"Home\",\"item\":\"https:\/\/www.koupelnapro.com\/\"},{\"@type\":\"ListItem\",\"position\":2,\"name\":\"Products\",\"item\":\"https:\/\/www.koupelnapro.com\/index.php\/products\/\"},{\"@type\":\"ListItem\",\"position\":3,\"name\":\"ZOOM BLACK sprchov\u00e9 dve\u0159e 1200mm, \u010dir\u00e9 sklo Vysoce Kvalitn\u00ed\"}]},{\"@type\":\"WebSite\",\"@id\":\"https:\/\/www.koupelnapro.com\/#website\",\"url\":\"https:\/\/www.koupelnapro.com\/\",\"name\":\"\",\"description\":\"\",\"potentialAction\":[{\"@type\":\"SearchAction\",\"target\":{\"@type\":\"EntryPoint\",\"urlTemplate\":\"https:\/\/www.koupelnapro.com\/?s={search_term_string}\"},\"query-input\":{\"@type\":\"PropertyValueSpecification\",\"valueRequired\":true,\"valueName\":\"search_term_string\"}}],\"inLanguage\":\"cs\"}]}<\/script>\n<!-- \/ Yoast SEO plugin. -->","yoast_head_json":{"title":"ZOOM BLACK sprchov\u00e9 dve\u0159e 1200mm, \u010dir\u00e9 sklo Vysoce Kvalitn\u00ed -","robots":{"index":"index","follow":"follow","max-snippet":"max-snippet:-1","max-image-preview":"max-image-preview:large","max-video-preview":"max-video-preview:-1"},"canonical":"https:\/\/www.koupelnapro.com\/index.php\/produkt\/zoom-black-sprchove-dvere-1200mm-cire-sklo-vysoce-kvalitni-38388\/","og_locale":"cs_CZ","og_type":"article","og_title":"ZOOM BLACK sprchov\u00e9 dve\u0159e 1200mm, \u010dir\u00e9 sklo Vysoce Kvalitn\u00ed -","og_description":"Detailn\u00ed popis produktu Sprchov\u00e9 z\u00e1st\u011bny ZOOM BLACK okouzl\u00ed nejen sv\u00fdm proveden\u00edm v modern\u00ed \u010dern\u00e9, ale i propracovanost\u00ed do nejmen\u0161\u00edch detail\u016f. Sprchov\u00e9 dve\u0159e s hranat\u00fdmi oto\u010dn\u00fdmi profily se zvedac\u00edm mechanismem umo\u017e\u0148uj\u00ed snadn\u00e9 otev\u00edr\u00e1n\u00ed vn\u011b i dovnit\u0159 a zaru\u010duj\u00ed maxim\u00e1ln\u00ed \u0161\u00ed\u0159ku vstupu. V\u00fdjimku tvo\u0159\u00ed \u010dtvrtkruhov\u00e1 z\u00e1st\u011bna ZL2615B (90&#215;90 cm), kter\u00e1 se otv\u00edr\u00e1 pouze sm\u011brem ven. Charakteristika sprchov\u00fdch [&hellip;]","og_url":"https:\/\/www.koupelnapro.com\/index.php\/produkt\/zoom-black-sprchove-dvere-1200mm-cire-sklo-vysoce-kvalitni-38388\/","og_image":[{"width":1000,"height":750,"url":"https:\/\/www.koupelnapro.com\/wp-content\/uploads\/2026\/SK0004137-CZ20260425-092556-0-1777080363-145464_zl1312b-187934883971106.webp","type":"image\/webp"}],"twitter_card":"summary_large_image","twitter_misc":{"Odhadovan\u00e1 doba \u010dten\u00ed":"3 minuty"},"schema":{"@context":"https:\/\/schema.org","@graph":[{"@type":"WebPage","@id":"https:\/\/www.koupelnapro.com\/index.php\/produkt\/zoom-black-sprchove-dvere-1200mm-cire-sklo-vysoce-kvalitni-38388\/","url":"https:\/\/www.koupelnapro.com\/index.php\/produkt\/zoom-black-sprchove-dvere-1200mm-cire-sklo-vysoce-kvalitni-38388\/","name":"ZOOM BLACK sprchov\u00e9 dve\u0159e 1200mm, \u010dir\u00e9 sklo Vysoce Kvalitn\u00ed -","isPartOf":{"@id":"https:\/\/www.koupelnapro.com\/#website"},"primaryImageOfPage":{"@id":"https:\/\/www.koupelnapro.com\/index.php\/produkt\/zoom-black-sprchove-dvere-1200mm-cire-sklo-vysoce-kvalitni-38388\/#primaryimage"},"image":{"@id":"https:\/\/www.koupelnapro.com\/index.php\/produkt\/zoom-black-sprchove-dvere-1200mm-cire-sklo-vysoce-kvalitni-38388\/#primaryimage"},"thumbnailUrl":"https:\/\/www.koupelnapro.com\/wp-content\/uploads\/2026\/SK0004137-CZ20260425-092556-0-1777080363-145464_zl1312b-187934883971106.webp","datePublished":"2026-04-26T09:15:49+00:00","breadcrumb":{"@id":"https:\/\/www.koupelnapro.com\/index.php\/produkt\/zoom-black-sprchove-dvere-1200mm-cire-sklo-vysoce-kvalitni-38388\/#breadcrumb"},"inLanguage":"cs","potentialAction":[{"@type":"ReadAction","target":["https:\/\/www.koupelnapro.com\/index.php\/produkt\/zoom-black-sprchove-dvere-1200mm-cire-sklo-vysoce-kvalitni-38388\/"]}]},{"@type":"ImageObject","inLanguage":"cs","@id":"https:\/\/www.koupelnapro.com\/index.php\/produkt\/zoom-black-sprchove-dvere-1200mm-cire-sklo-vysoce-kvalitni-38388\/#primaryimage","url":"https:\/\/www.koupelnapro.com\/wp-content\/uploads\/2026\/SK0004137-CZ20260425-092556-0-1777080363-145464_zl1312b-187934883971106.webp","contentUrl":"https:\/\/www.koupelnapro.com\/wp-content\/uploads\/2026\/SK0004137-CZ20260425-092556-0-1777080363-145464_zl1312b-187934883971106.webp","width":1000,"height":750},{"@type":"BreadcrumbList","@id":"https:\/\/www.koupelnapro.com\/index.php\/produkt\/zoom-black-sprchove-dvere-1200mm-cire-sklo-vysoce-kvalitni-38388\/#breadcrumb","itemListElement":[{"@type":"ListItem","position":1,"name":"Home","item":"https:\/\/www.koupelnapro.com\/"},{"@type":"ListItem","position":2,"name":"Products","item":"https:\/\/www.koupelnapro.com\/index.php\/products\/"},{"@type":"ListItem","position":3,"name":"ZOOM BLACK sprchov\u00e9 dve\u0159e 1200mm, \u010dir\u00e9 sklo Vysoce Kvalitn\u00ed"}]},{"@type":"WebSite","@id":"https:\/\/www.koupelnapro.com\/#website","url":"https:\/\/www.koupelnapro.com\/","name":"","description":"","potentialAction":[{"@type":"SearchAction","target":{"@type":"EntryPoint","urlTemplate":"https:\/\/www.koupelnapro.com\/?s={search_term_string}"},"query-input":{"@type":"PropertyValueSpecification","valueRequired":true,"valueName":"search_term_string"}}],"inLanguage":"cs"}]}},"_links":{"self":[{"href":"https:\/\/www.koupelnapro.com\/index.php\/wp-json\/wp\/v2\/product\/38388","targetHints":{"allow":["GET"]}}],"collection":[{"href":"https:\/\/www.koupelnapro.com\/index.php\/wp-json\/wp\/v2\/product"}],"about":[{"href":"https:\/\/www.koupelnapro.com\/index.php\/wp-json\/wp\/v2\/types\/product"}],"replies":[{"embeddable":true,"href":"https:\/\/www.koupelnapro.com\/index.php\/wp-json\/wp\/v2\/comments?post=38388"}],"wp:featuredmedia":[{"embeddable":true,"href":"https:\/\/www.koupelnapro.com\/index.php\/wp-json\/wp\/v2\/media\/38488"}],"wp:attachment":[{"href":"https:\/\/www.koupelnapro.com\/index.php\/wp-json\/wp\/v2\/media?parent=38388"}],"wp:term":[{"taxonomy":"product_brand","embeddable":true,"href":"https:\/\/www.koupelnapro.com\/index.php\/wp-json\/wp\/v2\/product_brand?post=38388"},{"taxonomy":"product_cat","embeddable":true,"href":"https:\/\/www.koupelnapro.com\/index.php\/wp-json\/wp\/v2\/product_cat?post=38388"},{"taxonomy":"product_tag","embeddable":true,"href":"https:\/\/www.koupelnapro.com\/index.php\/wp-json\/wp\/v2\/product_tag?post=38388"}],"curies":[{"name":"wp","href":"https:\/\/api.w.org\/{rel}","templated":true}]}}