{"id":37968,"date":"2026-04-26T09:15:47","date_gmt":"2026-04-26T09:15:47","guid":{"rendered":""},"modified":"2026-04-26T09:15:47","modified_gmt":"2026-04-26T09:15:47","slug":"wc-sedatko-schutte-bambus-soft-close-cenove-vyhodny-37968","status":"publish","type":"product","link":"https:\/\/www.koupelnapro.com\/index.php\/produkt\/wc-sedatko-schutte-bambus-soft-close-cenove-vyhodny-37968\/","title":{"rendered":"WC sed\u00e1tko Sch\u00fctte BAMBUS | Soft Close Cenov\u011b V\u00fdhodn\u00fd"},"content":{"rendered":"<div class=\"basic-description\">\n<h3>Detailn\u00ed popis produktu<\/h3>\n<div class=\"rowNewText\">\n<h2>Kl\u00ed\u010dov\u00e9 vlastnosti WC sed\u00e1tka SCH\u00dcTTE BAMBUS<\/h2>\n<\/div>\n<div class=\"rowNewText\">\n<ul>\n<li>Z\u00e1chodov\u00e9 prk\u00e9nko pro v\u0161echny WC m\u00edsy standardn\u00edch rozm\u011br\u016f<\/li>\n<li>Dvojit\u00fd mechanismus soft-close zaji\u0161\u0165uje, \u017ee se z\u00e1chodov\u00e9 prk\u00e9nko zav\u00edr\u00e1 pomalu a ti\u0161e<\/li>\n<li>Obsahuje kompletn\u00ed mont\u00e1\u017en\u00ed materi\u00e1l pro rychlou a snadnou instalaci z\u00e1chodov\u00e9ho sed\u00e1tka<\/li>\n<li>Udr\u017eitelnost: Bambus jako obnoviteln\u00e1 surovina \u0161et\u0159\u00ed \u017eivotn\u00ed prost\u0159ed\u00ed<\/li>\n<\/ul>\n<\/div>\n<div class=\"rowNewText\">\n<h2>BAMBUS<\/h2>\n<\/div>\n<div class=\"rowNewText\">\n<p>Z\u00e1chodov\u00e9 prk\u00e9nko je vyrobeno z vysoce kvalitn\u00edho materi\u00e1lu, kter\u00fdm je bambus. D\u0159ev\u011bn\u00e9 v\u00edko je extr\u00e9mn\u011b odoln\u00e9 a robustn\u00ed.&nbsp;<\/p>\n<\/div>\n<div class=\"rowNewText\">\n<h2>SOFT-CLOSE<\/h2>\n<\/div>\n<div class=\"rowNewText\">\n<p>Klozetov\u00e9 sed\u00e1tko je vybaveno syst\u00e9mem SOFT-CLOSE. P\u0159i sklopen\u00ed se sed\u00e1tko plynule sn\u00e1\u0161\u00ed dol\u016f bez jak\u00e9hokoliv rizika jeho po\u0161kozen\u00ed, nebo ne\u017e\u00e1douc\u00edho hluku. Ide\u00e1ln\u00ed nejen do rodin s&nbsp;d\u011btmi.<\/p>\n<\/div>\n<div class=\"rowNewText\">\n<p>Panty tohoto bambusov\u00e9ho WC sed\u00e1tka jsou vyrobeny z tlakov\u011b lit\u00e9ho zinku &#8211; proto nedoporu\u010dujeme pou\u017e\u00edvat agresivn\u00ed \u010dist\u00edc\u00ed prost\u0159edky nebo prost\u0159edky s obsahem p\u00edsku.<\/p>\n<\/div>\n<div class=\"rowNewText\">\n<h2>Jednoduch\u00e1 mont\u00e1\u017e&nbsp;<\/h2>\n<\/div>\n<div class=\"rowNewText\">\n<p>S pomoc\u00ed p\u0159ilo\u017een\u00e9 up\u00ednac\u00ed sady a p\u0159ehledn\u00e9ho n\u00e1vodu zvl\u00e1dnete mont\u00e1\u017e b\u011bhem n\u011bkolika minut.&nbsp;<\/p>\n<\/div>\n<p>Sou\u010d\u00e1st\u00ed je :- N\u00e1vod                            <\/p><\/div>\n<div class=\"extended-description\">\n<h3>Dopl\u0148kov\u00e9 parametry<\/h3>\n<table class=\"detail-parameters\">\n<tbody>\n<tr>\n<th>        <span class=\"row-header-label\">            Kategorie<span class=\"row-header-label-colon\">:<\/span>        <\/span>    <\/th>\n<td>            <\/td>\n<\/tr>\n<tr>\n<th>            <span class=\"row-header-label\">                Z\u00e1ruka<span class=\"row-header-label-colon\">:<\/span>            <\/span>        <\/th>\n<td>            24        <\/td>\n<\/tr>\n<tr>\n<th>            <span class=\"row-header-label\">                Hmotnost<span class=\"row-header-label-colon\">:<\/span>            <\/span>        <\/th>\n<td>            2.1 kg        <\/td>\n<\/tr>\n<tr class=\"productEan\">\n<th>          <span class=\"row-header-label productEan__label\">              EAN<span class=\"row-header-label-colon\">:<\/span>          <\/span>      <\/th>\n<td>          <span class=\"productEan__value\">4008431811017<\/span>      <\/td>\n<\/tr>\n<tr>\n<th>                <span class=\"row-header-label\">                                            Barva<span class=\"row-header-label-colon\">:<\/span>                                    <\/span>            <\/th>\n<td>                                                            V\u00edcebarevn\u00e1                                                <\/td>\n<\/tr>\n<tr>\n<th>                <span class=\"row-header-label\">                                            Dostupnost<span class=\"row-header-label-colon\">:<\/span>                                    <\/span>            <\/th>\n<td>                                                            Skladem                                                <\/td>\n<\/tr>\n<tr>\n<th>                <span class=\"row-header-label\">                                            Hloubka obalu (cm)<span class=\"row-header-label-colon\">:<\/span>                                    <\/span>            <\/th>\n<td>                                                            47                                                <\/td>\n<\/tr>\n<tr>\n<th>                <span class=\"row-header-label\">                                            K\u00f3d zbo\u017e\u00ed TARIC<span class=\"row-header-label-colon\">:<\/span>                                    <\/span>            <\/th>\n<td>                                                            39222000                                                <\/td>\n<\/tr>\n<tr>\n<th>                <span class=\"row-header-label\">                                            Materi\u00e1l<span class=\"row-header-label-colon\">:<\/span>                                    <\/span>            <\/th>\n<td>                                                            BAMBUS                                                <\/td>\n<\/tr>\n<tr>\n<th>                <span class=\"row-header-label\">                                            Rozm\u011bry sed\u00e1tka vn\u011bj\u0161\u00ed (\u0161 x d)<span class=\"row-header-label-colon\">:<\/span>                                    <\/span>            <\/th>\n<td>                                                            cca 375 x 435 mm                                                <\/td>\n<\/tr>\n<tr>\n<th>                <span class=\"row-header-label\">                                            Rozm\u011bry sed\u00e1tka vnit\u0159n\u00ed (\u0161 x d)<span class=\"row-header-label-colon\">:<\/span>                                    <\/span>            <\/th>\n<td>                                                            cca 230 x 260 mm                                                <\/td>\n<\/tr>\n<tr>\n<th>                <span class=\"row-header-label\">                                            Sou\u010d\u00e1st\u00ed balen\u00ed<span class=\"row-header-label-colon\">:<\/span>                                    <\/span>            <\/th>\n<td>                                                            upev\u0148ovac\u00ed sada                                                <\/td>\n<\/tr>\n<tr>\n<th>                <span class=\"row-header-label\">                                            \u0160\u00ed\u0159ka obalu (cm)<span class=\"row-header-label-colon\">:<\/span>                                    <\/span>            <\/th>\n<td>                                                            38                                                <\/td>\n<\/tr>\n<tr>\n<th>                <span class=\"row-header-label\">                                            V\u00e1ha v\u010d. obalu (kg)<span class=\"row-header-label-colon\">:<\/span>                                    <\/span>            <\/th>\n<td>                                                            2,1                                                <\/td>\n<\/tr>\n<tr>\n<th>                <span class=\"row-header-label\">                                            V\u00fd\u0161ka obalu (cm)<span class=\"row-header-label-colon\">:<\/span>                                    <\/span>            <\/th>\n<td>                                                            6                                                <\/td>\n<\/tr>\n<tr>\n<th>                <span class=\"row-header-label\">                                            Vzd\u00e1lenost upev\u0148ovac\u00edch otvor\u016f<span class=\"row-header-label-colon\">:<\/span>                                    <\/span>            <\/th>\n<td>                                                            130 &#8211; 185 mm                                                <\/td>\n<\/tr>\n<tr>\n<th>                <span class=\"row-header-label\">                                            X<span class=\"row-header-label-colon\">:<\/span>                                    <\/span>            <\/th>\n<td>                                                            klasick\u00e9 pevn\u00e9 \u0161roubovac\u00ed panty &#8211; chrom                                                <\/td>\n<\/tr>\n<tr>\n<th>                <span class=\"row-header-label\">                                            Z\u00e1ruka<span class=\"row-header-label-colon\">:<\/span>                                    <\/span>            <\/th>\n<td>                                                            2 roky                                                <\/td>\n<\/tr>\n<tr>\n<th>                <span class=\"row-header-label\">                                            Zav\u00edr\u00e1n\u00ed<span class=\"row-header-label-colon\">:<\/span>                                    <\/span>            <\/th>\n<td>                                                            Soft Close                                                <\/td>\n<\/tr>\n<\/tbody>\n<\/table><\/div>\n<\/p><\/div>\n<\/p><\/div>\n","protected":false},"excerpt":{"rendered":"<p>Detailn\u00ed popis produktu Kl\u00ed\u010dov\u00e9 vlastnosti WC sed\u00e1tka SCH\u00dcTTE BAMBUS Z\u00e1chodov\u00e9 prk\u00e9nko pro v\u0161echny WC m\u00edsy standardn\u00edch rozm\u011br\u016f Dvojit\u00fd mechanismus soft-close zaji\u0161\u0165uje, \u017ee se z\u00e1chodov\u00e9 prk\u00e9nko zav\u00edr\u00e1 pomalu a ti\u0161e Obsahuje kompletn\u00ed mont\u00e1\u017en\u00ed materi\u00e1l pro rychlou a snadnou instalaci z\u00e1chodov\u00e9ho sed\u00e1tka Udr\u017eitelnost: Bambus jako obnoviteln\u00e1 surovina \u0161et\u0159\u00ed \u017eivotn\u00ed prost\u0159ed\u00ed BAMBUS Z\u00e1chodov\u00e9 prk\u00e9nko je vyrobeno z vysoce [&hellip;]<\/p>\n","protected":false},"featured_media":38068,"comment_status":"open","ping_status":"open","template":"","meta":[],"product_brand":[],"product_cat":[142],"product_tag":[],"class_list":{"0":"post-37968","1":"product","2":"type-product","3":"status-publish","4":"has-post-thumbnail","6":"product_cat-wc-sedatka","8":"first","9":"instock","10":"sale","11":"shipping-taxable","12":"purchasable","13":"product-type-simple"},"yoast_head":"<!-- This site is optimized with the Yoast SEO plugin v26.8 - https:\/\/yoast.com\/product\/yoast-seo-wordpress\/ -->\n<title>WC sed\u00e1tko Sch\u00fctte BAMBUS | Soft Close Cenov\u011b V\u00fdhodn\u00fd -<\/title>\n<meta name=\"robots\" content=\"index, follow, max-snippet:-1, max-image-preview:large, max-video-preview:-1\" \/>\n<link rel=\"canonical\" href=\"https:\/\/www.koupelnapro.com\/index.php\/produkt\/wc-sedatko-schutte-bambus-soft-close-cenove-vyhodny-37968\/\" \/>\n<meta property=\"og:locale\" content=\"cs_CZ\" \/>\n<meta property=\"og:type\" content=\"article\" \/>\n<meta property=\"og:title\" content=\"WC sed\u00e1tko Sch\u00fctte BAMBUS | Soft Close Cenov\u011b V\u00fdhodn\u00fd -\" \/>\n<meta property=\"og:description\" content=\"Detailn\u00ed popis produktu Kl\u00ed\u010dov\u00e9 vlastnosti WC sed\u00e1tka SCH\u00dcTTE BAMBUS Z\u00e1chodov\u00e9 prk\u00e9nko pro v\u0161echny WC m\u00edsy standardn\u00edch rozm\u011br\u016f Dvojit\u00fd mechanismus soft-close zaji\u0161\u0165uje, \u017ee se z\u00e1chodov\u00e9 prk\u00e9nko zav\u00edr\u00e1 pomalu a ti\u0161e Obsahuje kompletn\u00ed mont\u00e1\u017en\u00ed materi\u00e1l pro rychlou a snadnou instalaci z\u00e1chodov\u00e9ho sed\u00e1tka Udr\u017eitelnost: Bambus jako obnoviteln\u00e1 surovina \u0161et\u0159\u00ed \u017eivotn\u00ed prost\u0159ed\u00ed BAMBUS Z\u00e1chodov\u00e9 prk\u00e9nko je vyrobeno z vysoce [&hellip;]\" \/>\n<meta property=\"og:url\" content=\"https:\/\/www.koupelnapro.com\/index.php\/produkt\/wc-sedatko-schutte-bambus-soft-close-cenove-vyhodny-37968\/\" \/>\n<meta property=\"og:image\" content=\"https:\/\/www.koupelnapro.com\/wp-content\/uploads\/2026\/SK0003913-CZ20260425-092556-0-1777080363-68145_schutte-bambus-soft-close.webp\" \/>\n\t<meta property=\"og:image:width\" content=\"1000\" \/>\n\t<meta property=\"og:image:height\" content=\"750\" \/>\n\t<meta property=\"og:image:type\" content=\"image\/webp\" \/>\n<meta name=\"twitter:card\" content=\"summary_large_image\" \/>\n<meta name=\"twitter:label1\" content=\"Odhadovan\u00e1 doba \u010dten\u00ed\" \/>\n\t<meta name=\"twitter:data1\" content=\"1 minuta\" \/>\n<script type=\"application\/ld+json\" class=\"yoast-schema-graph\">{\"@context\":\"https:\/\/schema.org\",\"@graph\":[{\"@type\":\"WebPage\",\"@id\":\"https:\/\/www.koupelnapro.com\/index.php\/produkt\/wc-sedatko-schutte-bambus-soft-close-cenove-vyhodny-37968\/\",\"url\":\"https:\/\/www.koupelnapro.com\/index.php\/produkt\/wc-sedatko-schutte-bambus-soft-close-cenove-vyhodny-37968\/\",\"name\":\"WC sed\u00e1tko Sch\u00fctte BAMBUS | Soft Close Cenov\u011b V\u00fdhodn\u00fd -\",\"isPartOf\":{\"@id\":\"https:\/\/www.koupelnapro.com\/#website\"},\"primaryImageOfPage\":{\"@id\":\"https:\/\/www.koupelnapro.com\/index.php\/produkt\/wc-sedatko-schutte-bambus-soft-close-cenove-vyhodny-37968\/#primaryimage\"},\"image\":{\"@id\":\"https:\/\/www.koupelnapro.com\/index.php\/produkt\/wc-sedatko-schutte-bambus-soft-close-cenove-vyhodny-37968\/#primaryimage\"},\"thumbnailUrl\":\"https:\/\/www.koupelnapro.com\/wp-content\/uploads\/2026\/SK0003913-CZ20260425-092556-0-1777080363-68145_schutte-bambus-soft-close.webp\",\"datePublished\":\"2026-04-26T09:15:47+00:00\",\"breadcrumb\":{\"@id\":\"https:\/\/www.koupelnapro.com\/index.php\/produkt\/wc-sedatko-schutte-bambus-soft-close-cenove-vyhodny-37968\/#breadcrumb\"},\"inLanguage\":\"cs\",\"potentialAction\":[{\"@type\":\"ReadAction\",\"target\":[\"https:\/\/www.koupelnapro.com\/index.php\/produkt\/wc-sedatko-schutte-bambus-soft-close-cenove-vyhodny-37968\/\"]}]},{\"@type\":\"ImageObject\",\"inLanguage\":\"cs\",\"@id\":\"https:\/\/www.koupelnapro.com\/index.php\/produkt\/wc-sedatko-schutte-bambus-soft-close-cenove-vyhodny-37968\/#primaryimage\",\"url\":\"https:\/\/www.koupelnapro.com\/wp-content\/uploads\/2026\/SK0003913-CZ20260425-092556-0-1777080363-68145_schutte-bambus-soft-close.webp\",\"contentUrl\":\"https:\/\/www.koupelnapro.com\/wp-content\/uploads\/2026\/SK0003913-CZ20260425-092556-0-1777080363-68145_schutte-bambus-soft-close.webp\",\"width\":1000,\"height\":750},{\"@type\":\"BreadcrumbList\",\"@id\":\"https:\/\/www.koupelnapro.com\/index.php\/produkt\/wc-sedatko-schutte-bambus-soft-close-cenove-vyhodny-37968\/#breadcrumb\",\"itemListElement\":[{\"@type\":\"ListItem\",\"position\":1,\"name\":\"Home\",\"item\":\"https:\/\/www.koupelnapro.com\/\"},{\"@type\":\"ListItem\",\"position\":2,\"name\":\"Products\",\"item\":\"https:\/\/www.koupelnapro.com\/index.php\/products\/\"},{\"@type\":\"ListItem\",\"position\":3,\"name\":\"WC sed\u00e1tko Sch\u00fctte BAMBUS | Soft Close Cenov\u011b V\u00fdhodn\u00fd\"}]},{\"@type\":\"WebSite\",\"@id\":\"https:\/\/www.koupelnapro.com\/#website\",\"url\":\"https:\/\/www.koupelnapro.com\/\",\"name\":\"\",\"description\":\"\",\"potentialAction\":[{\"@type\":\"SearchAction\",\"target\":{\"@type\":\"EntryPoint\",\"urlTemplate\":\"https:\/\/www.koupelnapro.com\/?s={search_term_string}\"},\"query-input\":{\"@type\":\"PropertyValueSpecification\",\"valueRequired\":true,\"valueName\":\"search_term_string\"}}],\"inLanguage\":\"cs\"}]}<\/script>\n<!-- \/ Yoast SEO plugin. -->","yoast_head_json":{"title":"WC sed\u00e1tko Sch\u00fctte BAMBUS | Soft Close Cenov\u011b V\u00fdhodn\u00fd -","robots":{"index":"index","follow":"follow","max-snippet":"max-snippet:-1","max-image-preview":"max-image-preview:large","max-video-preview":"max-video-preview:-1"},"canonical":"https:\/\/www.koupelnapro.com\/index.php\/produkt\/wc-sedatko-schutte-bambus-soft-close-cenove-vyhodny-37968\/","og_locale":"cs_CZ","og_type":"article","og_title":"WC sed\u00e1tko Sch\u00fctte BAMBUS | Soft Close Cenov\u011b V\u00fdhodn\u00fd -","og_description":"Detailn\u00ed popis produktu Kl\u00ed\u010dov\u00e9 vlastnosti WC sed\u00e1tka SCH\u00dcTTE BAMBUS Z\u00e1chodov\u00e9 prk\u00e9nko pro v\u0161echny WC m\u00edsy standardn\u00edch rozm\u011br\u016f Dvojit\u00fd mechanismus soft-close zaji\u0161\u0165uje, \u017ee se z\u00e1chodov\u00e9 prk\u00e9nko zav\u00edr\u00e1 pomalu a ti\u0161e Obsahuje kompletn\u00ed mont\u00e1\u017en\u00ed materi\u00e1l pro rychlou a snadnou instalaci z\u00e1chodov\u00e9ho sed\u00e1tka Udr\u017eitelnost: Bambus jako obnoviteln\u00e1 surovina \u0161et\u0159\u00ed \u017eivotn\u00ed prost\u0159ed\u00ed BAMBUS Z\u00e1chodov\u00e9 prk\u00e9nko je vyrobeno z vysoce [&hellip;]","og_url":"https:\/\/www.koupelnapro.com\/index.php\/produkt\/wc-sedatko-schutte-bambus-soft-close-cenove-vyhodny-37968\/","og_image":[{"width":1000,"height":750,"url":"https:\/\/www.koupelnapro.com\/wp-content\/uploads\/2026\/SK0003913-CZ20260425-092556-0-1777080363-68145_schutte-bambus-soft-close.webp","type":"image\/webp"}],"twitter_card":"summary_large_image","twitter_misc":{"Odhadovan\u00e1 doba \u010dten\u00ed":"1 minuta"},"schema":{"@context":"https:\/\/schema.org","@graph":[{"@type":"WebPage","@id":"https:\/\/www.koupelnapro.com\/index.php\/produkt\/wc-sedatko-schutte-bambus-soft-close-cenove-vyhodny-37968\/","url":"https:\/\/www.koupelnapro.com\/index.php\/produkt\/wc-sedatko-schutte-bambus-soft-close-cenove-vyhodny-37968\/","name":"WC sed\u00e1tko Sch\u00fctte BAMBUS | Soft Close Cenov\u011b V\u00fdhodn\u00fd -","isPartOf":{"@id":"https:\/\/www.koupelnapro.com\/#website"},"primaryImageOfPage":{"@id":"https:\/\/www.koupelnapro.com\/index.php\/produkt\/wc-sedatko-schutte-bambus-soft-close-cenove-vyhodny-37968\/#primaryimage"},"image":{"@id":"https:\/\/www.koupelnapro.com\/index.php\/produkt\/wc-sedatko-schutte-bambus-soft-close-cenove-vyhodny-37968\/#primaryimage"},"thumbnailUrl":"https:\/\/www.koupelnapro.com\/wp-content\/uploads\/2026\/SK0003913-CZ20260425-092556-0-1777080363-68145_schutte-bambus-soft-close.webp","datePublished":"2026-04-26T09:15:47+00:00","breadcrumb":{"@id":"https:\/\/www.koupelnapro.com\/index.php\/produkt\/wc-sedatko-schutte-bambus-soft-close-cenove-vyhodny-37968\/#breadcrumb"},"inLanguage":"cs","potentialAction":[{"@type":"ReadAction","target":["https:\/\/www.koupelnapro.com\/index.php\/produkt\/wc-sedatko-schutte-bambus-soft-close-cenove-vyhodny-37968\/"]}]},{"@type":"ImageObject","inLanguage":"cs","@id":"https:\/\/www.koupelnapro.com\/index.php\/produkt\/wc-sedatko-schutte-bambus-soft-close-cenove-vyhodny-37968\/#primaryimage","url":"https:\/\/www.koupelnapro.com\/wp-content\/uploads\/2026\/SK0003913-CZ20260425-092556-0-1777080363-68145_schutte-bambus-soft-close.webp","contentUrl":"https:\/\/www.koupelnapro.com\/wp-content\/uploads\/2026\/SK0003913-CZ20260425-092556-0-1777080363-68145_schutte-bambus-soft-close.webp","width":1000,"height":750},{"@type":"BreadcrumbList","@id":"https:\/\/www.koupelnapro.com\/index.php\/produkt\/wc-sedatko-schutte-bambus-soft-close-cenove-vyhodny-37968\/#breadcrumb","itemListElement":[{"@type":"ListItem","position":1,"name":"Home","item":"https:\/\/www.koupelnapro.com\/"},{"@type":"ListItem","position":2,"name":"Products","item":"https:\/\/www.koupelnapro.com\/index.php\/products\/"},{"@type":"ListItem","position":3,"name":"WC sed\u00e1tko Sch\u00fctte BAMBUS | Soft Close Cenov\u011b V\u00fdhodn\u00fd"}]},{"@type":"WebSite","@id":"https:\/\/www.koupelnapro.com\/#website","url":"https:\/\/www.koupelnapro.com\/","name":"","description":"","potentialAction":[{"@type":"SearchAction","target":{"@type":"EntryPoint","urlTemplate":"https:\/\/www.koupelnapro.com\/?s={search_term_string}"},"query-input":{"@type":"PropertyValueSpecification","valueRequired":true,"valueName":"search_term_string"}}],"inLanguage":"cs"}]}},"_links":{"self":[{"href":"https:\/\/www.koupelnapro.com\/index.php\/wp-json\/wp\/v2\/product\/37968","targetHints":{"allow":["GET"]}}],"collection":[{"href":"https:\/\/www.koupelnapro.com\/index.php\/wp-json\/wp\/v2\/product"}],"about":[{"href":"https:\/\/www.koupelnapro.com\/index.php\/wp-json\/wp\/v2\/types\/product"}],"replies":[{"embeddable":true,"href":"https:\/\/www.koupelnapro.com\/index.php\/wp-json\/wp\/v2\/comments?post=37968"}],"wp:featuredmedia":[{"embeddable":true,"href":"https:\/\/www.koupelnapro.com\/index.php\/wp-json\/wp\/v2\/media\/38068"}],"wp:attachment":[{"href":"https:\/\/www.koupelnapro.com\/index.php\/wp-json\/wp\/v2\/media?parent=37968"}],"wp:term":[{"taxonomy":"product_brand","embeddable":true,"href":"https:\/\/www.koupelnapro.com\/index.php\/wp-json\/wp\/v2\/product_brand?post=37968"},{"taxonomy":"product_cat","embeddable":true,"href":"https:\/\/www.koupelnapro.com\/index.php\/wp-json\/wp\/v2\/product_cat?post=37968"},{"taxonomy":"product_tag","embeddable":true,"href":"https:\/\/www.koupelnapro.com\/index.php\/wp-json\/wp\/v2\/product_tag?post=37968"}],"curies":[{"name":"wp","href":"https:\/\/api.w.org\/{rel}","templated":true}]}}