{"id":37912,"date":"2026-04-26T09:15:47","date_gmt":"2026-04-26T09:15:47","guid":{"rendered":""},"modified":"2026-04-26T09:15:47","modified_gmt":"2026-04-26T09:15:47","slug":"zrcadlo-s-led-osvetlenim-1000-x-700-x-30-mm-nastavitelna-teplota-barvy-svetla-objednat-nyni-37912","status":"publish","type":"product","link":"https:\/\/www.koupelnapro.com\/index.php\/produkt\/zrcadlo-s-led-osvetlenim-1000-x-700-x-30-mm-nastavitelna-teplota-barvy-svetla-objednat-nyni-37912\/","title":{"rendered":"Zrcadlo s LED osv\u011btlen\u00edm, 1000 x 700 x 30 mm, nastaviteln\u00e1 teplota barvy sv\u011btla Objednat Nyn\u00ed"},"content":{"rendered":"<div class=\"basic-description\">\n<h3>Detailn\u00ed popis produktu<\/h3>\n<p><span style=\"font-size: 14px;\"><strong>Zrcadlo s LED osv\u011btlen\u00edm a nastavitelnou teplotou barvy sv\u011btla.<\/strong><\/span><\/p>\n<p><span style=\"font-size: 14px;\"><strong>Koupelnov\u00e9 zrcadlo je osv\u011btlen\u00e9 po cel\u00e9m obvodu pomoc\u00ed 384 ks LED diod<\/strong> se sv\u00edtivost\u00ed <strong>1210 Lumen\u016f<\/strong>. <strong>Barva sv\u011btla je nastaviteln\u00e1 od tepl\u00e9 \u017elut\u00e9 a\u017e po\u00a0studenou b\u00edlou 2700 &#8211;\u00a06500K <\/strong><strong> <\/strong>Dlouh\u00fdm stiskem dotykov\u00e9ho sp\u00edna\u010de <strong>jednodu\u0161e nastav\u00edte V\u00e1mi po\u017eadovanou barvu \/ teplotu sv\u011btla<\/strong>.\u00a0<span>Spot\u0159eba energie zrcadla je 11,52 W v energetick\u00e9 t\u0159\u00edd\u011b A.<\/span><\/span><\/p>\n<p><span style=\"font-size: 14px;\">Jednoduch\u00e9 ovl\u00e1d\u00e1n\u00ed zrcadla zaji\u0161\u0165uje <strong>dotykov\u00fd sp\u00edna\u010d<\/strong> um\u00edst\u011bn\u00fd ve spodn\u00ed \u010d\u00e1sti uprost\u0159ed zrcadla.<\/span><\/p>\n<p><span style=\"font-size: 14px;\">Zrcadlo m\u00e1 <strong>ze zadn\u00ed strany hlin\u00edkov\u00fd r\u00e1m o hloubce 30 mm<\/strong> pro dostate\u010dn\u00e9 chlazen\u00ed modulu zrcadla a pohodlnou instalaci. Sou\u010d\u00e1st\u00ed horn\u00ed \u010d\u00e1sti r\u00e1mu jsou i <strong>otvory pro zav\u011b\u0161en\u00ed na ze\u010f<\/strong>. <strong>Instala\u010dn\u00ed materi\u00e1l je sou\u010d\u00e1st\u00ed<\/strong>.<\/span><\/p>\n<p><span style=\"font-size: 14px;\"><strong>Zadn\u00ed \u010d\u00e1st zrcadla je otev\u0159en\u00e1<\/strong>, je tak mo\u017en\u00e9 <strong>pohodln\u011b p\u0159ipojit elektrick\u00fd p\u0159\u00edvod<\/strong>.<\/span><\/p>\n<p><span style=\"font-size: 14px;\">Balen\u00ed zrcadla je ve zpevn\u011bn\u00e9m kartonu s tvarovan\u00fdm lisovan\u00fdm polystyrenem a ochrannou bezpe\u010dnostn\u00ed f\u00f3li\u00ed. Rohy zrcadla jsou chr\u00e1n\u011bny tvarovan\u00fdmi rohy.<\/span><\/p>\n<p><span>Tento model zrcadla s LED osv\u011btlen\u00edm a nastavitelnou teplotou dod\u00e1v\u00e1me v \u0161esti rozm\u011brech:<\/span><\/p>\n<h2><span><\/span><\/h2>\n<h2><span><\/span><\/h2>\n<h2><span><\/span><\/h2>\n<h2><span><\/span><\/h2>\n<h2><span><\/span><\/h2>\n<h2><span><\/span><\/h2>\n<\/p><\/div>\n<div class=\"extended-description\">\n<h3>Dopl\u0148kov\u00e9 parametry<\/h3>\n<table class=\"detail-parameters\">\n<tbody>\n<tr>\n<th>        <span class=\"row-header-label\">            Kategorie<span class=\"row-header-label-colon\">:<\/span>        <\/span>    <\/th>\n<td>            <\/td>\n<\/tr>\n<tr>\n<th>            <span class=\"row-header-label\">                Z\u00e1ruka<span class=\"row-header-label-colon\">:<\/span>            <\/span>        <\/th>\n<td>            2 roky        <\/td>\n<\/tr>\n<tr>\n<th>            <span class=\"row-header-label\">                Hmotnost<span class=\"row-header-label-colon\">:<\/span>            <\/span>        <\/th>\n<td>            10 kg        <\/td>\n<\/tr>\n<tr>\n<th>                <span class=\"row-header-label\">                                            Dostupnost<span class=\"row-header-label-colon\">:<\/span>                                    <\/span>            <\/th>\n<td>                                                            Skladem                                                <\/td>\n<\/tr>\n<tr>\n<th>                <span class=\"row-header-label\">                                            Hloubka<span class=\"row-header-label-colon\">:<\/span>                                    <\/span>            <\/th>\n<td>                                                            3 cm                                                <\/td>\n<\/tr>\n<tr>\n<th>                <span class=\"row-header-label\">                                            Kryt\u00ed<span class=\"row-header-label-colon\">:<\/span>                                    <\/span>            <\/th>\n<td>                                                            IP44                                                <\/td>\n<\/tr>\n<tr>\n<th>                <span class=\"row-header-label\">                                            Nap\u011bt\u00ed<span class=\"row-header-label-colon\">:<\/span>                                    <\/span>            <\/th>\n<td>                                                            230 V                                                <\/td>\n<\/tr>\n<tr>\n<th>                <span class=\"row-header-label\">                                            Objednac\u00ed k\u00f3d<span class=\"row-header-label-colon\">:<\/span>                                    <\/span>            <\/th>\n<td>                                                            bssMLS7010                                                <\/td>\n<\/tr>\n<tr>\n<th>                <span class=\"row-header-label\">                                            Rozm\u011br<span class=\"row-header-label-colon\">:<\/span>                                    <\/span>            <\/th>\n<td>                                                            100 x 70 x 3 cm                                                <\/td>\n<\/tr>\n<tr>\n<th>                <span class=\"row-header-label\">                                            S\u00e9rie<span class=\"row-header-label-colon\">:<\/span>                                    <\/span>            <\/th>\n<td>                                                            Chytr\u00e1 zrcadla                                                <\/td>\n<\/tr>\n<tr>\n<th>                <span class=\"row-header-label\">                                            Styl<span class=\"row-header-label-colon\">:<\/span>                                    <\/span>            <\/th>\n<td>                                                            Modern\u00ed-hranat\u00fd                                                <\/td>\n<\/tr>\n<tr>\n<th>                <span class=\"row-header-label\">                                            Sv\u00edtivost<span class=\"row-header-label-colon\">:<\/span>                                    <\/span>            <\/th>\n<td>                                                            1210 Lumen\u016f                                                <\/td>\n<\/tr>\n<tr>\n<th>                <span class=\"row-header-label\">                                            \u0160\u00ed\u0159ka<span class=\"row-header-label-colon\">:<\/span>                                    <\/span>            <\/th>\n<td>                                                            100 cm                                                <\/td>\n<\/tr>\n<tr>\n<th>                <span class=\"row-header-label\">                                            Typ osv\u011btlen\u00ed<span class=\"row-header-label-colon\">:<\/span>                                    <\/span>            <\/th>\n<td>                                                            LED (384 LED diod)                                                <\/td>\n<\/tr>\n<tr>\n<th>                <span class=\"row-header-label\">                                            Typ zrcadla<span class=\"row-header-label-colon\">:<\/span>                                    <\/span>            <\/th>\n<td>                                                            Podsv\u00edcen\u00e1 zrcadla                                                <\/td>\n<\/tr>\n<tr>\n<th>                <span class=\"row-header-label\">                                            V\u00fdbava<span class=\"row-header-label-colon\">:<\/span>                                    <\/span>            <\/th>\n<td>                                                            Kosmetick\u00e9 zrc\u00e1tko, lupa 5 x zoom, LED osv\u011btlen\u00ed, nastaviteln\u00e1 teplota osv\u011btlen\u00ed                                                <\/td>\n<\/tr>\n<tr>\n<th>                <span class=\"row-header-label\">                                            V\u00fdrobce<span class=\"row-header-label-colon\">:<\/span>                                    <\/span>            <\/th>\n<td>                                                            bss                                                <\/td>\n<\/tr>\n<tr>\n<th>                <span class=\"row-header-label\">                                            V\u00fd\u0161ka<span class=\"row-header-label-colon\">:<\/span>                                    <\/span>            <\/th>\n<td>                                                            70 cm                                                <\/td>\n<\/tr>\n<\/tbody>\n<\/table><\/div>\n<\/p><\/div>\n<\/p><\/div>\n","protected":false},"excerpt":{"rendered":"<p>Detailn\u00ed popis produktu Zrcadlo s LED osv\u011btlen\u00edm a nastavitelnou teplotou barvy sv\u011btla. Koupelnov\u00e9 zrcadlo je osv\u011btlen\u00e9 po cel\u00e9m obvodu pomoc\u00ed 384 ks LED diod se sv\u00edtivost\u00ed 1210 Lumen\u016f. Barva sv\u011btla je nastaviteln\u00e1 od tepl\u00e9 \u017elut\u00e9 a\u017e po\u00a0studenou b\u00edlou 2700 &#8211;\u00a06500K Dlouh\u00fdm stiskem dotykov\u00e9ho sp\u00edna\u010de jednodu\u0161e nastav\u00edte V\u00e1mi po\u017eadovanou barvu \/ teplotu sv\u011btla.\u00a0Spot\u0159eba energie zrcadla je [&hellip;]<\/p>\n","protected":false},"featured_media":38012,"comment_status":"open","ping_status":"open","template":"","meta":[],"product_brand":[],"product_cat":[132],"product_tag":[],"class_list":{"0":"post-37912","1":"product","2":"type-product","3":"status-publish","4":"has-post-thumbnail","6":"product_cat-zrcadla","8":"first","9":"instock","10":"sale","11":"shipping-taxable","12":"purchasable","13":"product-type-simple"},"yoast_head":"<!-- This site is optimized with the Yoast SEO plugin v26.8 - https:\/\/yoast.com\/product\/yoast-seo-wordpress\/ -->\n<title>Zrcadlo s LED osv\u011btlen\u00edm, 1000 x 700 x 30 mm, nastaviteln\u00e1 teplota barvy sv\u011btla Objednat Nyn\u00ed -<\/title>\n<meta name=\"robots\" content=\"index, follow, max-snippet:-1, max-image-preview:large, max-video-preview:-1\" \/>\n<link rel=\"canonical\" href=\"https:\/\/www.koupelnapro.com\/index.php\/produkt\/zrcadlo-s-led-osvetlenim-1000-x-700-x-30-mm-nastavitelna-teplota-barvy-svetla-objednat-nyni-37912\/\" \/>\n<meta property=\"og:locale\" content=\"cs_CZ\" \/>\n<meta property=\"og:type\" content=\"article\" \/>\n<meta property=\"og:title\" content=\"Zrcadlo s LED osv\u011btlen\u00edm, 1000 x 700 x 30 mm, nastaviteln\u00e1 teplota barvy sv\u011btla Objednat Nyn\u00ed -\" \/>\n<meta property=\"og:description\" content=\"Detailn\u00ed popis produktu Zrcadlo s LED osv\u011btlen\u00edm a nastavitelnou teplotou barvy sv\u011btla. Koupelnov\u00e9 zrcadlo je osv\u011btlen\u00e9 po cel\u00e9m obvodu pomoc\u00ed 384 ks LED diod se sv\u00edtivost\u00ed 1210 Lumen\u016f. Barva sv\u011btla je nastaviteln\u00e1 od tepl\u00e9 \u017elut\u00e9 a\u017e po\u00a0studenou b\u00edlou 2700 &#8211;\u00a06500K Dlouh\u00fdm stiskem dotykov\u00e9ho sp\u00edna\u010de jednodu\u0161e nastav\u00edte V\u00e1mi po\u017eadovanou barvu \/ teplotu sv\u011btla.\u00a0Spot\u0159eba energie zrcadla je [&hellip;]\" \/>\n<meta property=\"og:url\" content=\"https:\/\/www.koupelnapro.com\/index.php\/produkt\/zrcadlo-s-led-osvetlenim-1000-x-700-x-30-mm-nastavitelna-teplota-barvy-svetla-objednat-nyni-37912\/\" \/>\n<meta property=\"og:image\" content=\"https:\/\/www.koupelnapro.com\/wp-content\/uploads\/2026\/SK0003855-CZ20260425-092556-0-1777080363-63732_zrcadlo-s-led-osvetlenim--1000-x-700-x-30-mm--nastavi.webp\" \/>\n\t<meta property=\"og:image:width\" content=\"1000\" \/>\n\t<meta property=\"og:image:height\" content=\"750\" \/>\n\t<meta property=\"og:image:type\" content=\"image\/webp\" \/>\n<meta name=\"twitter:card\" content=\"summary_large_image\" \/>\n<meta name=\"twitter:label1\" content=\"Odhadovan\u00e1 doba \u010dten\u00ed\" \/>\n\t<meta name=\"twitter:data1\" content=\"1 minuta\" \/>\n<script type=\"application\/ld+json\" class=\"yoast-schema-graph\">{\"@context\":\"https:\/\/schema.org\",\"@graph\":[{\"@type\":\"WebPage\",\"@id\":\"https:\/\/www.koupelnapro.com\/index.php\/produkt\/zrcadlo-s-led-osvetlenim-1000-x-700-x-30-mm-nastavitelna-teplota-barvy-svetla-objednat-nyni-37912\/\",\"url\":\"https:\/\/www.koupelnapro.com\/index.php\/produkt\/zrcadlo-s-led-osvetlenim-1000-x-700-x-30-mm-nastavitelna-teplota-barvy-svetla-objednat-nyni-37912\/\",\"name\":\"Zrcadlo s LED osv\u011btlen\u00edm, 1000 x 700 x 30 mm, nastaviteln\u00e1 teplota barvy sv\u011btla Objednat Nyn\u00ed -\",\"isPartOf\":{\"@id\":\"https:\/\/www.koupelnapro.com\/#website\"},\"primaryImageOfPage\":{\"@id\":\"https:\/\/www.koupelnapro.com\/index.php\/produkt\/zrcadlo-s-led-osvetlenim-1000-x-700-x-30-mm-nastavitelna-teplota-barvy-svetla-objednat-nyni-37912\/#primaryimage\"},\"image\":{\"@id\":\"https:\/\/www.koupelnapro.com\/index.php\/produkt\/zrcadlo-s-led-osvetlenim-1000-x-700-x-30-mm-nastavitelna-teplota-barvy-svetla-objednat-nyni-37912\/#primaryimage\"},\"thumbnailUrl\":\"https:\/\/www.koupelnapro.com\/wp-content\/uploads\/2026\/SK0003855-CZ20260425-092556-0-1777080363-63732_zrcadlo-s-led-osvetlenim--1000-x-700-x-30-mm--nastavi.webp\",\"datePublished\":\"2026-04-26T09:15:47+00:00\",\"breadcrumb\":{\"@id\":\"https:\/\/www.koupelnapro.com\/index.php\/produkt\/zrcadlo-s-led-osvetlenim-1000-x-700-x-30-mm-nastavitelna-teplota-barvy-svetla-objednat-nyni-37912\/#breadcrumb\"},\"inLanguage\":\"cs\",\"potentialAction\":[{\"@type\":\"ReadAction\",\"target\":[\"https:\/\/www.koupelnapro.com\/index.php\/produkt\/zrcadlo-s-led-osvetlenim-1000-x-700-x-30-mm-nastavitelna-teplota-barvy-svetla-objednat-nyni-37912\/\"]}]},{\"@type\":\"ImageObject\",\"inLanguage\":\"cs\",\"@id\":\"https:\/\/www.koupelnapro.com\/index.php\/produkt\/zrcadlo-s-led-osvetlenim-1000-x-700-x-30-mm-nastavitelna-teplota-barvy-svetla-objednat-nyni-37912\/#primaryimage\",\"url\":\"https:\/\/www.koupelnapro.com\/wp-content\/uploads\/2026\/SK0003855-CZ20260425-092556-0-1777080363-63732_zrcadlo-s-led-osvetlenim--1000-x-700-x-30-mm--nastavi.webp\",\"contentUrl\":\"https:\/\/www.koupelnapro.com\/wp-content\/uploads\/2026\/SK0003855-CZ20260425-092556-0-1777080363-63732_zrcadlo-s-led-osvetlenim--1000-x-700-x-30-mm--nastavi.webp\",\"width\":1000,\"height\":750},{\"@type\":\"BreadcrumbList\",\"@id\":\"https:\/\/www.koupelnapro.com\/index.php\/produkt\/zrcadlo-s-led-osvetlenim-1000-x-700-x-30-mm-nastavitelna-teplota-barvy-svetla-objednat-nyni-37912\/#breadcrumb\",\"itemListElement\":[{\"@type\":\"ListItem\",\"position\":1,\"name\":\"Home\",\"item\":\"https:\/\/www.koupelnapro.com\/\"},{\"@type\":\"ListItem\",\"position\":2,\"name\":\"Products\",\"item\":\"https:\/\/www.koupelnapro.com\/index.php\/products\/\"},{\"@type\":\"ListItem\",\"position\":3,\"name\":\"Zrcadlo s LED osv\u011btlen\u00edm, 1000 x 700 x 30 mm, nastaviteln\u00e1 teplota barvy sv\u011btla Objednat Nyn\u00ed\"}]},{\"@type\":\"WebSite\",\"@id\":\"https:\/\/www.koupelnapro.com\/#website\",\"url\":\"https:\/\/www.koupelnapro.com\/\",\"name\":\"\",\"description\":\"\",\"potentialAction\":[{\"@type\":\"SearchAction\",\"target\":{\"@type\":\"EntryPoint\",\"urlTemplate\":\"https:\/\/www.koupelnapro.com\/?s={search_term_string}\"},\"query-input\":{\"@type\":\"PropertyValueSpecification\",\"valueRequired\":true,\"valueName\":\"search_term_string\"}}],\"inLanguage\":\"cs\"}]}<\/script>\n<!-- \/ Yoast SEO plugin. -->","yoast_head_json":{"title":"Zrcadlo s LED osv\u011btlen\u00edm, 1000 x 700 x 30 mm, nastaviteln\u00e1 teplota barvy sv\u011btla Objednat Nyn\u00ed -","robots":{"index":"index","follow":"follow","max-snippet":"max-snippet:-1","max-image-preview":"max-image-preview:large","max-video-preview":"max-video-preview:-1"},"canonical":"https:\/\/www.koupelnapro.com\/index.php\/produkt\/zrcadlo-s-led-osvetlenim-1000-x-700-x-30-mm-nastavitelna-teplota-barvy-svetla-objednat-nyni-37912\/","og_locale":"cs_CZ","og_type":"article","og_title":"Zrcadlo s LED osv\u011btlen\u00edm, 1000 x 700 x 30 mm, nastaviteln\u00e1 teplota barvy sv\u011btla Objednat Nyn\u00ed -","og_description":"Detailn\u00ed popis produktu Zrcadlo s LED osv\u011btlen\u00edm a nastavitelnou teplotou barvy sv\u011btla. Koupelnov\u00e9 zrcadlo je osv\u011btlen\u00e9 po cel\u00e9m obvodu pomoc\u00ed 384 ks LED diod se sv\u00edtivost\u00ed 1210 Lumen\u016f. Barva sv\u011btla je nastaviteln\u00e1 od tepl\u00e9 \u017elut\u00e9 a\u017e po\u00a0studenou b\u00edlou 2700 &#8211;\u00a06500K Dlouh\u00fdm stiskem dotykov\u00e9ho sp\u00edna\u010de jednodu\u0161e nastav\u00edte V\u00e1mi po\u017eadovanou barvu \/ teplotu sv\u011btla.\u00a0Spot\u0159eba energie zrcadla je [&hellip;]","og_url":"https:\/\/www.koupelnapro.com\/index.php\/produkt\/zrcadlo-s-led-osvetlenim-1000-x-700-x-30-mm-nastavitelna-teplota-barvy-svetla-objednat-nyni-37912\/","og_image":[{"width":1000,"height":750,"url":"https:\/\/www.koupelnapro.com\/wp-content\/uploads\/2026\/SK0003855-CZ20260425-092556-0-1777080363-63732_zrcadlo-s-led-osvetlenim--1000-x-700-x-30-mm--nastavi.webp","type":"image\/webp"}],"twitter_card":"summary_large_image","twitter_misc":{"Odhadovan\u00e1 doba \u010dten\u00ed":"1 minuta"},"schema":{"@context":"https:\/\/schema.org","@graph":[{"@type":"WebPage","@id":"https:\/\/www.koupelnapro.com\/index.php\/produkt\/zrcadlo-s-led-osvetlenim-1000-x-700-x-30-mm-nastavitelna-teplota-barvy-svetla-objednat-nyni-37912\/","url":"https:\/\/www.koupelnapro.com\/index.php\/produkt\/zrcadlo-s-led-osvetlenim-1000-x-700-x-30-mm-nastavitelna-teplota-barvy-svetla-objednat-nyni-37912\/","name":"Zrcadlo s LED osv\u011btlen\u00edm, 1000 x 700 x 30 mm, nastaviteln\u00e1 teplota barvy sv\u011btla Objednat Nyn\u00ed -","isPartOf":{"@id":"https:\/\/www.koupelnapro.com\/#website"},"primaryImageOfPage":{"@id":"https:\/\/www.koupelnapro.com\/index.php\/produkt\/zrcadlo-s-led-osvetlenim-1000-x-700-x-30-mm-nastavitelna-teplota-barvy-svetla-objednat-nyni-37912\/#primaryimage"},"image":{"@id":"https:\/\/www.koupelnapro.com\/index.php\/produkt\/zrcadlo-s-led-osvetlenim-1000-x-700-x-30-mm-nastavitelna-teplota-barvy-svetla-objednat-nyni-37912\/#primaryimage"},"thumbnailUrl":"https:\/\/www.koupelnapro.com\/wp-content\/uploads\/2026\/SK0003855-CZ20260425-092556-0-1777080363-63732_zrcadlo-s-led-osvetlenim--1000-x-700-x-30-mm--nastavi.webp","datePublished":"2026-04-26T09:15:47+00:00","breadcrumb":{"@id":"https:\/\/www.koupelnapro.com\/index.php\/produkt\/zrcadlo-s-led-osvetlenim-1000-x-700-x-30-mm-nastavitelna-teplota-barvy-svetla-objednat-nyni-37912\/#breadcrumb"},"inLanguage":"cs","potentialAction":[{"@type":"ReadAction","target":["https:\/\/www.koupelnapro.com\/index.php\/produkt\/zrcadlo-s-led-osvetlenim-1000-x-700-x-30-mm-nastavitelna-teplota-barvy-svetla-objednat-nyni-37912\/"]}]},{"@type":"ImageObject","inLanguage":"cs","@id":"https:\/\/www.koupelnapro.com\/index.php\/produkt\/zrcadlo-s-led-osvetlenim-1000-x-700-x-30-mm-nastavitelna-teplota-barvy-svetla-objednat-nyni-37912\/#primaryimage","url":"https:\/\/www.koupelnapro.com\/wp-content\/uploads\/2026\/SK0003855-CZ20260425-092556-0-1777080363-63732_zrcadlo-s-led-osvetlenim--1000-x-700-x-30-mm--nastavi.webp","contentUrl":"https:\/\/www.koupelnapro.com\/wp-content\/uploads\/2026\/SK0003855-CZ20260425-092556-0-1777080363-63732_zrcadlo-s-led-osvetlenim--1000-x-700-x-30-mm--nastavi.webp","width":1000,"height":750},{"@type":"BreadcrumbList","@id":"https:\/\/www.koupelnapro.com\/index.php\/produkt\/zrcadlo-s-led-osvetlenim-1000-x-700-x-30-mm-nastavitelna-teplota-barvy-svetla-objednat-nyni-37912\/#breadcrumb","itemListElement":[{"@type":"ListItem","position":1,"name":"Home","item":"https:\/\/www.koupelnapro.com\/"},{"@type":"ListItem","position":2,"name":"Products","item":"https:\/\/www.koupelnapro.com\/index.php\/products\/"},{"@type":"ListItem","position":3,"name":"Zrcadlo s LED osv\u011btlen\u00edm, 1000 x 700 x 30 mm, nastaviteln\u00e1 teplota barvy sv\u011btla Objednat Nyn\u00ed"}]},{"@type":"WebSite","@id":"https:\/\/www.koupelnapro.com\/#website","url":"https:\/\/www.koupelnapro.com\/","name":"","description":"","potentialAction":[{"@type":"SearchAction","target":{"@type":"EntryPoint","urlTemplate":"https:\/\/www.koupelnapro.com\/?s={search_term_string}"},"query-input":{"@type":"PropertyValueSpecification","valueRequired":true,"valueName":"search_term_string"}}],"inLanguage":"cs"}]}},"_links":{"self":[{"href":"https:\/\/www.koupelnapro.com\/index.php\/wp-json\/wp\/v2\/product\/37912","targetHints":{"allow":["GET"]}}],"collection":[{"href":"https:\/\/www.koupelnapro.com\/index.php\/wp-json\/wp\/v2\/product"}],"about":[{"href":"https:\/\/www.koupelnapro.com\/index.php\/wp-json\/wp\/v2\/types\/product"}],"replies":[{"embeddable":true,"href":"https:\/\/www.koupelnapro.com\/index.php\/wp-json\/wp\/v2\/comments?post=37912"}],"wp:featuredmedia":[{"embeddable":true,"href":"https:\/\/www.koupelnapro.com\/index.php\/wp-json\/wp\/v2\/media\/38012"}],"wp:attachment":[{"href":"https:\/\/www.koupelnapro.com\/index.php\/wp-json\/wp\/v2\/media?parent=37912"}],"wp:term":[{"taxonomy":"product_brand","embeddable":true,"href":"https:\/\/www.koupelnapro.com\/index.php\/wp-json\/wp\/v2\/product_brand?post=37912"},{"taxonomy":"product_cat","embeddable":true,"href":"https:\/\/www.koupelnapro.com\/index.php\/wp-json\/wp\/v2\/product_cat?post=37912"},{"taxonomy":"product_tag","embeddable":true,"href":"https:\/\/www.koupelnapro.com\/index.php\/wp-json\/wp\/v2\/product_tag?post=37912"}],"curies":[{"name":"wp","href":"https:\/\/api.w.org\/{rel}","templated":true}]}}