{"id":3758,"date":"2026-04-26T09:13:08","date_gmt":"2026-04-26T09:13:08","guid":{"rendered":""},"modified":"2026-04-26T09:13:08","modified_gmt":"2026-04-26T09:13:08","slug":"led-filament-hruska-incanto-white-9w-e27-2700k-360d-century-finalni-vyprodej-3758","status":"publish","type":"product","link":"https:\/\/www.koupelnapro.com\/index.php\/produkt\/led-filament-hruska-incanto-white-9w-e27-2700k-360d-century-finalni-vyprodej-3758\/","title":{"rendered":"LED FILAMENT HRU\u0160KA INCANTO WHITE 9W E27 2700K 360d &#8211; CENTURY Fin\u00e1ln\u00ed V\u00fdprodej"},"content":{"rendered":"<p><\/p>\n<div class=\"top-params\">\n<h3 class=\"product-h3 collapse-header \" data-toggle=\"collapse\" data-target=\"#collapseOne\" aria-expanded=\"true\" aria-controls=\"collapseOne\">Parametry<\/h3>\n<div id=\"collapseOne\" class=\"collapse show\" aria-labelledby=\"headingOne\" data-parent=\"#product-info-accordion1\">\n<table class=\"table-striped\">\n<tr>\n<td>                Vystaveno na studiu            <\/td>\n<td>                ano            <\/td>\n<\/tr>\n<tr>\n<td>                V\u00fd\u0161ka v mm            <\/td>\n<td>                108            <\/td>\n<\/tr>\n<tr>\n<td>                \u00dahel z\u00e1\u0159en\u00ed            <\/td>\n<td>                330\u00b0            <\/td>\n<\/tr>\n<tr>\n<td>                Stm\u00edvateln\u00e9            <\/td>\n<td>                ne            <\/td>\n<\/tr>\n<tr>\n<td>                \u017divotnost            <\/td>\n<td>                15000h            <\/td>\n<\/tr>\n<tr>\n<td>                Po\u010det sepnut\u00ed            <\/td>\n<td>                7500            <\/td>\n<\/tr>\n<tr>\n<td>                Hmotnost g            <\/td>\n<td>                33            <\/td>\n<\/tr>\n<tr>\n<td>                Energetick\u00e1 \u00fa\u010dinnost            <\/td>\n<td>                E            <\/td>\n<\/tr>\n<tr>\n<td>                Index pod\u00e1n\u00ed barev            <\/td>\n<td>                80            <\/td>\n<\/tr>\n<tr>\n<td>                Pr\u016fm\u011br v mm            <\/td>\n<td>                60            <\/td>\n<\/tr>\n<tr>\n<td>                Ochrana IP            <\/td>\n<td>                IP20            <\/td>\n<\/tr>\n<tr>\n<td>                Sv\u011bteln\u00fd tok            <\/td>\n<td>                1055lm            <\/td>\n<\/tr>\n<tr>\n<td>                Teplota barvy sv\u011btla            <\/td>\n<td>                2700K            <\/td>\n<\/tr>\n<tr>\n<td>                Max. p\u0159\u00edkon sv\u011bteln\u00e9ho zdroje            <\/td>\n<td>                9W            <\/td>\n<\/tr>\n<tr>\n<td>                Sv\u00edt\u00ed jako            <\/td>\n<td>                75W            <\/td>\n<\/tr>\n<tr>\n<td>                V\u00fdkon            <\/td>\n<td>                9W            <\/td>\n<\/tr>\n<tr>\n<td>                Nap\u00e1jec\u00ed nap\u011bt\u00ed            <\/td>\n<td>                220-240V            <\/td>\n<\/tr>\n<tr>\n<td>                Patice            <\/td>\n<td>                E27            <\/td>\n<\/tr>\n<tr>\n<td>                Proudov\u00e9 zat\u00ed\u017een\u00ed            <\/td>\n<td>                52mA            <\/td>\n<\/tr>\n<tr>\n<td>                V\u010detn\u011b sv\u011bteln\u00e9ho zdroje            <\/td>\n<td>                ano            <\/td>\n<\/tr>\n<tr>\n<td>                Barva            <\/td>\n<td>                \u010dir\u00e1            <\/td>\n<\/tr>\n<tr>\n<td>                Kolekce            <\/td>\n<td>                INCANTO WHITE            <\/td>\n<\/tr>\n<tr>\n<td>                Okoln\u00ed teplota            <\/td>\n<td>                -15 +40 \u00b0C            <\/td>\n<\/tr>\n<tr>\n<td>                V\u00fdrobce            <\/td>\n<td>                CENTURY            <\/td>\n<\/tr>\n<\/table>\n<\/div><\/div>\n<\/div>\n<div class=\"accordion\" id=\"product-info-accordion2\">\n","protected":false},"excerpt":{"rendered":"<p>Parametry Vystaveno na studiu ano V\u00fd\u0161ka v mm 108 \u00dahel z\u00e1\u0159en\u00ed 330\u00b0 Stm\u00edvateln\u00e9 ne \u017divotnost 15000h Po\u010det sepnut\u00ed 7500 Hmotnost g 33 Energetick\u00e1 \u00fa\u010dinnost E Index pod\u00e1n\u00ed barev 80 Pr\u016fm\u011br v mm 60 Ochrana IP IP20 Sv\u011bteln\u00fd tok 1055lm Teplota barvy sv\u011btla 2700K Max. p\u0159\u00edkon sv\u011bteln\u00e9ho zdroje 9W Sv\u00edt\u00ed jako 75W V\u00fdkon 9W Nap\u00e1jec\u00ed nap\u011bt\u00ed [&hellip;]<\/p>\n","protected":false},"featured_media":3858,"comment_status":"open","ping_status":"open","template":"","meta":[],"product_brand":[],"product_cat":[44],"product_tag":[],"class_list":{"0":"post-3758","1":"product","2":"type-product","3":"status-publish","4":"has-post-thumbnail","6":"product_cat-nejlepsi-prodejci","8":"first","9":"instock","10":"sale","11":"shipping-taxable","12":"purchasable","13":"product-type-simple"},"yoast_head":"<!-- This site is optimized with the Yoast SEO plugin v26.8 - https:\/\/yoast.com\/product\/yoast-seo-wordpress\/ -->\n<title>LED FILAMENT HRU\u0160KA INCANTO WHITE 9W E27 2700K 360d - CENTURY Fin\u00e1ln\u00ed V\u00fdprodej -<\/title>\n<meta name=\"robots\" content=\"index, follow, max-snippet:-1, max-image-preview:large, max-video-preview:-1\" \/>\n<link rel=\"canonical\" href=\"https:\/\/www.koupelnapro.com\/index.php\/produkt\/led-filament-hruska-incanto-white-9w-e27-2700k-360d-century-finalni-vyprodej-3758\/\" \/>\n<meta property=\"og:locale\" content=\"cs_CZ\" \/>\n<meta property=\"og:type\" content=\"article\" \/>\n<meta property=\"og:title\" content=\"LED FILAMENT HRU\u0160KA INCANTO WHITE 9W E27 2700K 360d - CENTURY Fin\u00e1ln\u00ed V\u00fdprodej -\" \/>\n<meta property=\"og:description\" content=\"Parametry Vystaveno na studiu ano V\u00fd\u0161ka v mm 108 \u00dahel z\u00e1\u0159en\u00ed 330\u00b0 Stm\u00edvateln\u00e9 ne \u017divotnost 15000h Po\u010det sepnut\u00ed 7500 Hmotnost g 33 Energetick\u00e1 \u00fa\u010dinnost E Index pod\u00e1n\u00ed barev 80 Pr\u016fm\u011br v mm 60 Ochrana IP IP20 Sv\u011bteln\u00fd tok 1055lm Teplota barvy sv\u011btla 2700K Max. p\u0159\u00edkon sv\u011bteln\u00e9ho zdroje 9W Sv\u00edt\u00ed jako 75W V\u00fdkon 9W Nap\u00e1jec\u00ed nap\u011bt\u00ed [&hellip;]\" \/>\n<meta property=\"og:url\" content=\"https:\/\/www.koupelnapro.com\/index.php\/produkt\/led-filament-hruska-incanto-white-9w-e27-2700k-360d-century-finalni-vyprodej-3758\/\" \/>\n<meta property=\"og:image\" content=\"https:\/\/www.koupelnapro.com\/wp-content\/uploads\/2026\/SK0005692-CZ20260425-091535-0-1777079743-CEN-ING3W-092727.webp\" \/>\n\t<meta property=\"og:image:width\" content=\"625\" \/>\n\t<meta property=\"og:image:height\" content=\"800\" \/>\n\t<meta property=\"og:image:type\" content=\"image\/webp\" \/>\n<meta name=\"twitter:card\" content=\"summary_large_image\" \/>\n<script type=\"application\/ld+json\" class=\"yoast-schema-graph\">{\"@context\":\"https:\/\/schema.org\",\"@graph\":[{\"@type\":\"WebPage\",\"@id\":\"https:\/\/www.koupelnapro.com\/index.php\/produkt\/led-filament-hruska-incanto-white-9w-e27-2700k-360d-century-finalni-vyprodej-3758\/\",\"url\":\"https:\/\/www.koupelnapro.com\/index.php\/produkt\/led-filament-hruska-incanto-white-9w-e27-2700k-360d-century-finalni-vyprodej-3758\/\",\"name\":\"LED FILAMENT HRU\u0160KA INCANTO WHITE 9W E27 2700K 360d - CENTURY Fin\u00e1ln\u00ed V\u00fdprodej -\",\"isPartOf\":{\"@id\":\"https:\/\/www.koupelnapro.com\/#website\"},\"primaryImageOfPage\":{\"@id\":\"https:\/\/www.koupelnapro.com\/index.php\/produkt\/led-filament-hruska-incanto-white-9w-e27-2700k-360d-century-finalni-vyprodej-3758\/#primaryimage\"},\"image\":{\"@id\":\"https:\/\/www.koupelnapro.com\/index.php\/produkt\/led-filament-hruska-incanto-white-9w-e27-2700k-360d-century-finalni-vyprodej-3758\/#primaryimage\"},\"thumbnailUrl\":\"https:\/\/www.koupelnapro.com\/wp-content\/uploads\/2026\/SK0005692-CZ20260425-091535-0-1777079743-CEN-ING3W-092727.webp\",\"datePublished\":\"2026-04-26T09:13:08+00:00\",\"breadcrumb\":{\"@id\":\"https:\/\/www.koupelnapro.com\/index.php\/produkt\/led-filament-hruska-incanto-white-9w-e27-2700k-360d-century-finalni-vyprodej-3758\/#breadcrumb\"},\"inLanguage\":\"cs\",\"potentialAction\":[{\"@type\":\"ReadAction\",\"target\":[\"https:\/\/www.koupelnapro.com\/index.php\/produkt\/led-filament-hruska-incanto-white-9w-e27-2700k-360d-century-finalni-vyprodej-3758\/\"]}]},{\"@type\":\"ImageObject\",\"inLanguage\":\"cs\",\"@id\":\"https:\/\/www.koupelnapro.com\/index.php\/produkt\/led-filament-hruska-incanto-white-9w-e27-2700k-360d-century-finalni-vyprodej-3758\/#primaryimage\",\"url\":\"https:\/\/www.koupelnapro.com\/wp-content\/uploads\/2026\/SK0005692-CZ20260425-091535-0-1777079743-CEN-ING3W-092727.webp\",\"contentUrl\":\"https:\/\/www.koupelnapro.com\/wp-content\/uploads\/2026\/SK0005692-CZ20260425-091535-0-1777079743-CEN-ING3W-092727.webp\",\"width\":625,\"height\":800},{\"@type\":\"BreadcrumbList\",\"@id\":\"https:\/\/www.koupelnapro.com\/index.php\/produkt\/led-filament-hruska-incanto-white-9w-e27-2700k-360d-century-finalni-vyprodej-3758\/#breadcrumb\",\"itemListElement\":[{\"@type\":\"ListItem\",\"position\":1,\"name\":\"Home\",\"item\":\"https:\/\/www.koupelnapro.com\/\"},{\"@type\":\"ListItem\",\"position\":2,\"name\":\"Products\",\"item\":\"https:\/\/www.koupelnapro.com\/index.php\/products\/\"},{\"@type\":\"ListItem\",\"position\":3,\"name\":\"LED FILAMENT HRU\u0160KA INCANTO WHITE 9W E27 2700K 360d &#8211; CENTURY Fin\u00e1ln\u00ed V\u00fdprodej\"}]},{\"@type\":\"WebSite\",\"@id\":\"https:\/\/www.koupelnapro.com\/#website\",\"url\":\"https:\/\/www.koupelnapro.com\/\",\"name\":\"\",\"description\":\"\",\"potentialAction\":[{\"@type\":\"SearchAction\",\"target\":{\"@type\":\"EntryPoint\",\"urlTemplate\":\"https:\/\/www.koupelnapro.com\/?s={search_term_string}\"},\"query-input\":{\"@type\":\"PropertyValueSpecification\",\"valueRequired\":true,\"valueName\":\"search_term_string\"}}],\"inLanguage\":\"cs\"}]}<\/script>\n<!-- \/ Yoast SEO plugin. -->","yoast_head_json":{"title":"LED FILAMENT HRU\u0160KA INCANTO WHITE 9W E27 2700K 360d - CENTURY Fin\u00e1ln\u00ed V\u00fdprodej -","robots":{"index":"index","follow":"follow","max-snippet":"max-snippet:-1","max-image-preview":"max-image-preview:large","max-video-preview":"max-video-preview:-1"},"canonical":"https:\/\/www.koupelnapro.com\/index.php\/produkt\/led-filament-hruska-incanto-white-9w-e27-2700k-360d-century-finalni-vyprodej-3758\/","og_locale":"cs_CZ","og_type":"article","og_title":"LED FILAMENT HRU\u0160KA INCANTO WHITE 9W E27 2700K 360d - CENTURY Fin\u00e1ln\u00ed V\u00fdprodej -","og_description":"Parametry Vystaveno na studiu ano V\u00fd\u0161ka v mm 108 \u00dahel z\u00e1\u0159en\u00ed 330\u00b0 Stm\u00edvateln\u00e9 ne \u017divotnost 15000h Po\u010det sepnut\u00ed 7500 Hmotnost g 33 Energetick\u00e1 \u00fa\u010dinnost E Index pod\u00e1n\u00ed barev 80 Pr\u016fm\u011br v mm 60 Ochrana IP IP20 Sv\u011bteln\u00fd tok 1055lm Teplota barvy sv\u011btla 2700K Max. p\u0159\u00edkon sv\u011bteln\u00e9ho zdroje 9W Sv\u00edt\u00ed jako 75W V\u00fdkon 9W Nap\u00e1jec\u00ed nap\u011bt\u00ed [&hellip;]","og_url":"https:\/\/www.koupelnapro.com\/index.php\/produkt\/led-filament-hruska-incanto-white-9w-e27-2700k-360d-century-finalni-vyprodej-3758\/","og_image":[{"width":625,"height":800,"url":"https:\/\/www.koupelnapro.com\/wp-content\/uploads\/2026\/SK0005692-CZ20260425-091535-0-1777079743-CEN-ING3W-092727.webp","type":"image\/webp"}],"twitter_card":"summary_large_image","schema":{"@context":"https:\/\/schema.org","@graph":[{"@type":"WebPage","@id":"https:\/\/www.koupelnapro.com\/index.php\/produkt\/led-filament-hruska-incanto-white-9w-e27-2700k-360d-century-finalni-vyprodej-3758\/","url":"https:\/\/www.koupelnapro.com\/index.php\/produkt\/led-filament-hruska-incanto-white-9w-e27-2700k-360d-century-finalni-vyprodej-3758\/","name":"LED FILAMENT HRU\u0160KA INCANTO WHITE 9W E27 2700K 360d - CENTURY Fin\u00e1ln\u00ed V\u00fdprodej -","isPartOf":{"@id":"https:\/\/www.koupelnapro.com\/#website"},"primaryImageOfPage":{"@id":"https:\/\/www.koupelnapro.com\/index.php\/produkt\/led-filament-hruska-incanto-white-9w-e27-2700k-360d-century-finalni-vyprodej-3758\/#primaryimage"},"image":{"@id":"https:\/\/www.koupelnapro.com\/index.php\/produkt\/led-filament-hruska-incanto-white-9w-e27-2700k-360d-century-finalni-vyprodej-3758\/#primaryimage"},"thumbnailUrl":"https:\/\/www.koupelnapro.com\/wp-content\/uploads\/2026\/SK0005692-CZ20260425-091535-0-1777079743-CEN-ING3W-092727.webp","datePublished":"2026-04-26T09:13:08+00:00","breadcrumb":{"@id":"https:\/\/www.koupelnapro.com\/index.php\/produkt\/led-filament-hruska-incanto-white-9w-e27-2700k-360d-century-finalni-vyprodej-3758\/#breadcrumb"},"inLanguage":"cs","potentialAction":[{"@type":"ReadAction","target":["https:\/\/www.koupelnapro.com\/index.php\/produkt\/led-filament-hruska-incanto-white-9w-e27-2700k-360d-century-finalni-vyprodej-3758\/"]}]},{"@type":"ImageObject","inLanguage":"cs","@id":"https:\/\/www.koupelnapro.com\/index.php\/produkt\/led-filament-hruska-incanto-white-9w-e27-2700k-360d-century-finalni-vyprodej-3758\/#primaryimage","url":"https:\/\/www.koupelnapro.com\/wp-content\/uploads\/2026\/SK0005692-CZ20260425-091535-0-1777079743-CEN-ING3W-092727.webp","contentUrl":"https:\/\/www.koupelnapro.com\/wp-content\/uploads\/2026\/SK0005692-CZ20260425-091535-0-1777079743-CEN-ING3W-092727.webp","width":625,"height":800},{"@type":"BreadcrumbList","@id":"https:\/\/www.koupelnapro.com\/index.php\/produkt\/led-filament-hruska-incanto-white-9w-e27-2700k-360d-century-finalni-vyprodej-3758\/#breadcrumb","itemListElement":[{"@type":"ListItem","position":1,"name":"Home","item":"https:\/\/www.koupelnapro.com\/"},{"@type":"ListItem","position":2,"name":"Products","item":"https:\/\/www.koupelnapro.com\/index.php\/products\/"},{"@type":"ListItem","position":3,"name":"LED FILAMENT HRU\u0160KA INCANTO WHITE 9W E27 2700K 360d &#8211; CENTURY Fin\u00e1ln\u00ed V\u00fdprodej"}]},{"@type":"WebSite","@id":"https:\/\/www.koupelnapro.com\/#website","url":"https:\/\/www.koupelnapro.com\/","name":"","description":"","potentialAction":[{"@type":"SearchAction","target":{"@type":"EntryPoint","urlTemplate":"https:\/\/www.koupelnapro.com\/?s={search_term_string}"},"query-input":{"@type":"PropertyValueSpecification","valueRequired":true,"valueName":"search_term_string"}}],"inLanguage":"cs"}]}},"_links":{"self":[{"href":"https:\/\/www.koupelnapro.com\/index.php\/wp-json\/wp\/v2\/product\/3758","targetHints":{"allow":["GET"]}}],"collection":[{"href":"https:\/\/www.koupelnapro.com\/index.php\/wp-json\/wp\/v2\/product"}],"about":[{"href":"https:\/\/www.koupelnapro.com\/index.php\/wp-json\/wp\/v2\/types\/product"}],"replies":[{"embeddable":true,"href":"https:\/\/www.koupelnapro.com\/index.php\/wp-json\/wp\/v2\/comments?post=3758"}],"wp:featuredmedia":[{"embeddable":true,"href":"https:\/\/www.koupelnapro.com\/index.php\/wp-json\/wp\/v2\/media\/3858"}],"wp:attachment":[{"href":"https:\/\/www.koupelnapro.com\/index.php\/wp-json\/wp\/v2\/media?parent=3758"}],"wp:term":[{"taxonomy":"product_brand","embeddable":true,"href":"https:\/\/www.koupelnapro.com\/index.php\/wp-json\/wp\/v2\/product_brand?post=3758"},{"taxonomy":"product_cat","embeddable":true,"href":"https:\/\/www.koupelnapro.com\/index.php\/wp-json\/wp\/v2\/product_cat?post=3758"},{"taxonomy":"product_tag","embeddable":true,"href":"https:\/\/www.koupelnapro.com\/index.php\/wp-json\/wp\/v2\/product_tag?post=3758"}],"curies":[{"name":"wp","href":"https:\/\/api.w.org\/{rel}","templated":true}]}}