{"id":37294,"date":"2026-04-26T09:15:44","date_gmt":"2026-04-26T09:15:44","guid":{"rendered":""},"modified":"2026-04-26T09:15:44","modified_gmt":"2026-04-26T09:15:44","slug":"overeny-kai-podomitkova-sprchova-baterie-2-vystupy-otocny-prepinac-cerna-mat-37294","status":"publish","type":"product","link":"https:\/\/www.koupelnapro.com\/index.php\/produkt\/overeny-kai-podomitkova-sprchova-baterie-2-vystupy-otocny-prepinac-cerna-mat-37294\/","title":{"rendered":"Ov\u011b\u0159en\u00fd KAI podom\u00edtkov\u00e1 sprchov\u00e1 baterie, 2 v\u00fdstupy, oto\u010dn\u00fd p\u0159ep\u00edna\u010d, \u010dern\u00e1 mat"},"content":{"rendered":"<div class=\"basic-description\">\n<h3>Detailn\u00ed popis produktu<\/h3>\n<p style=\"text-align: justify;\">V\u00e1lcov\u00e9 t\u011blo a hranat\u00e1 hubice&nbsp;nebo hranat\u00e9 t\u011blo a hranat\u00e1 hubice,&nbsp;tyto nad\u010dasov\u011b p\u016fsob\u00edc\u00ed varianty najdete v nab\u00eddce s\u00e9rie KAI. Jednotn\u00fd design podtrhuje masivn\u00ed p\u00e1ka, kter\u00e1 tvarov\u011b koresponduje&nbsp;s v\u00fdtokov\u00fdmi hubicemi. KAI nab\u00edz\u00edme v chromu a \u010dern\u00e9 mat.<\/p>\n<\/p><\/div>\n<div class=\"extended-description\">\n<h3>Dopl\u0148kov\u00e9 parametry<\/h3>\n<table class=\"detail-parameters\">\n<tbody>\n<tr>\n<th>        <span class=\"row-header-label\">            Kategorie<span class=\"row-header-label-colon\">:<\/span>        <\/span>    <\/th>\n<td>            <\/td>\n<\/tr>\n<tr>\n<th>            <span class=\"row-header-label\">                Z\u00e1ruka<span class=\"row-header-label-colon\">:<\/span>            <\/span>        <\/th>\n<td>            72        <\/td>\n<\/tr>\n<tr>\n<th>            <span class=\"row-header-label\">                Hmotnost<span class=\"row-header-label-colon\">:<\/span>            <\/span>        <\/th>\n<td>            2.047 kg        <\/td>\n<\/tr>\n<tr class=\"productEan\">\n<th>          <span class=\"row-header-label productEan__label\">              EAN<span class=\"row-header-label-colon\">:<\/span>          <\/span>      <\/th>\n<td>          <span class=\"productEan__value\">8590913914386<\/span>      <\/td>\n<\/tr>\n<tr>\n<th>                <span class=\"row-header-label\">                                            Balen\u00ed<span class=\"row-header-label-colon\">:<\/span>                                    <\/span>            <\/th>\n<td>                                                            1 ks                                                <\/td>\n<\/tr>\n<tr>\n<th>                <span class=\"row-header-label\">                                            Barva<span class=\"row-header-label-colon\">:<\/span>                                    <\/span>            <\/th>\n<td>                                                            \u010cern\u00e1 mat                                                <\/td>\n<\/tr>\n<tr>\n<th>                <span class=\"row-header-label\">                                            Dostupnost<span class=\"row-header-label-colon\">:<\/span>                                    <\/span>            <\/th>\n<td>                                                            Skladem                                                <\/td>\n<\/tr>\n<tr>\n<th>                <span class=\"row-header-label\">                                            Druh ovl\u00e1d\u00e1n\u00ed<span class=\"row-header-label-colon\">:<\/span>                                    <\/span>            <\/th>\n<td>                                                            P\u00e1ka                                                <\/td>\n<\/tr>\n<tr>\n<th>                <span class=\"row-header-label\">                                            Instalace<span class=\"row-header-label-colon\">:<\/span>                                    <\/span>            <\/th>\n<td>                                                            Podom\u00edtkov\u00e1                                                <\/td>\n<\/tr>\n<tr>\n<th>                <span class=\"row-header-label\">                                            Materi\u00e1l<span class=\"row-header-label-colon\">:<\/span>                                    <\/span>            <\/th>\n<td>                                                            Mosaz                                                <\/td>\n<\/tr>\n<tr>\n<th>                <span class=\"row-header-label\">                                            Ostatn\u00ed<span class=\"row-header-label-colon\">:<\/span>                                    <\/span>            <\/th>\n<td>                                                            2 v\u00fdstupy                                                <\/td>\n<\/tr>\n<tr>\n<th>                <span class=\"row-header-label\">                                            Pr\u016fm\u011br kartu\u0161e<span class=\"row-header-label-colon\">:<\/span>                                    <\/span>            <\/th>\n<td>                                                            35 mm                                                <\/td>\n<\/tr>\n<tr>\n<th>                <span class=\"row-header-label\">                                            P\u0159ep\u00edna\u010d na sprchu<span class=\"row-header-label-colon\">:<\/span>                                    <\/span>            <\/th>\n<td>                                                            Oto\u010dn\u00fd                                                <\/td>\n<\/tr>\n<tr>\n<th>                <span class=\"row-header-label\">                                            \u0160\u00ed\u0159ka<span class=\"row-header-label-colon\">:<\/span>                                    <\/span>            <\/th>\n<td>                                                            160 mm                                                <\/td>\n<\/tr>\n<tr>\n<th>                <span class=\"row-header-label\">                                            Tvar<span class=\"row-header-label-colon\">:<\/span>                                    <\/span>            <\/th>\n<td>                                                            Kruhov\u00e9                                                <\/td>\n<\/tr>\n<tr>\n<th>                <span class=\"row-header-label\">                                            V\u00fd\u0161ka<span class=\"row-header-label-colon\">:<\/span>                                    <\/span>            <\/th>\n<td>                                                            160 mm                                                <\/td>\n<\/tr>\n<tr>\n<th>                <span class=\"row-header-label\">                                            Z\u00e1ruka<span class=\"row-header-label-colon\">:<\/span>                                    <\/span>            <\/th>\n<td>                                                            6 let                                                <\/td>\n<\/tr>\n<\/tbody>\n<\/table><\/div>\n<\/p><\/div>\n<\/p><\/div>\n","protected":false},"excerpt":{"rendered":"<p>Detailn\u00ed popis produktu V\u00e1lcov\u00e9 t\u011blo a hranat\u00e1 hubice&nbsp;nebo hranat\u00e9 t\u011blo a hranat\u00e1 hubice,&nbsp;tyto nad\u010dasov\u011b p\u016fsob\u00edc\u00ed varianty najdete v nab\u00eddce s\u00e9rie KAI. Jednotn\u00fd design podtrhuje masivn\u00ed p\u00e1ka, kter\u00e1 tvarov\u011b koresponduje&nbsp;s v\u00fdtokov\u00fdmi hubicemi. KAI nab\u00edz\u00edme v chromu a \u010dern\u00e9 mat. Dopl\u0148kov\u00e9 parametry Kategorie: Z\u00e1ruka: 72 Hmotnost: 2.047 kg EAN: 8590913914386 Balen\u00ed: 1 ks Barva: \u010cern\u00e1 mat Dostupnost: [&hellip;]<\/p>\n","protected":false},"featured_media":37394,"comment_status":"open","ping_status":"open","template":"","meta":[],"product_brand":[],"product_cat":[124],"product_tag":[],"class_list":{"0":"post-37294","1":"product","2":"type-product","3":"status-publish","4":"has-post-thumbnail","6":"product_cat-vodovodni-baterie","8":"first","9":"instock","10":"sale","11":"shipping-taxable","12":"purchasable","13":"product-type-simple"},"yoast_head":"<!-- This site is optimized with the Yoast SEO plugin v26.8 - https:\/\/yoast.com\/product\/yoast-seo-wordpress\/ -->\n<title>Ov\u011b\u0159en\u00fd KAI podom\u00edtkov\u00e1 sprchov\u00e1 baterie, 2 v\u00fdstupy, oto\u010dn\u00fd p\u0159ep\u00edna\u010d, \u010dern\u00e1 mat -<\/title>\n<meta name=\"robots\" content=\"index, follow, max-snippet:-1, max-image-preview:large, max-video-preview:-1\" \/>\n<link rel=\"canonical\" href=\"https:\/\/www.koupelnapro.com\/index.php\/produkt\/overeny-kai-podomitkova-sprchova-baterie-2-vystupy-otocny-prepinac-cerna-mat-37294\/\" \/>\n<meta property=\"og:locale\" content=\"cs_CZ\" \/>\n<meta property=\"og:type\" content=\"article\" \/>\n<meta property=\"og:title\" content=\"Ov\u011b\u0159en\u00fd KAI podom\u00edtkov\u00e1 sprchov\u00e1 baterie, 2 v\u00fdstupy, oto\u010dn\u00fd p\u0159ep\u00edna\u010d, \u010dern\u00e1 mat -\" \/>\n<meta property=\"og:description\" content=\"Detailn\u00ed popis produktu V\u00e1lcov\u00e9 t\u011blo a hranat\u00e1 hubice&nbsp;nebo hranat\u00e9 t\u011blo a hranat\u00e1 hubice,&nbsp;tyto nad\u010dasov\u011b p\u016fsob\u00edc\u00ed varianty najdete v nab\u00eddce s\u00e9rie KAI. Jednotn\u00fd design podtrhuje masivn\u00ed p\u00e1ka, kter\u00e1 tvarov\u011b koresponduje&nbsp;s v\u00fdtokov\u00fdmi hubicemi. KAI nab\u00edz\u00edme v chromu a \u010dern\u00e9 mat. Dopl\u0148kov\u00e9 parametry Kategorie: Z\u00e1ruka: 72 Hmotnost: 2.047 kg EAN: 8590913914386 Balen\u00ed: 1 ks Barva: \u010cern\u00e1 mat Dostupnost: [&hellip;]\" \/>\n<meta property=\"og:url\" content=\"https:\/\/www.koupelnapro.com\/index.php\/produkt\/overeny-kai-podomitkova-sprchova-baterie-2-vystupy-otocny-prepinac-cerna-mat-37294\/\" \/>\n<meta property=\"og:image\" content=\"https:\/\/www.koupelnapro.com\/wp-content\/uploads\/2026\/SK0003504-CZ20260425-092556-0-1777080363-53439_ka43-15-217514323741164.webp\" \/>\n\t<meta property=\"og:image:width\" content=\"1000\" \/>\n\t<meta property=\"og:image:height\" content=\"750\" \/>\n\t<meta property=\"og:image:type\" content=\"image\/webp\" \/>\n<meta name=\"twitter:card\" content=\"summary_large_image\" \/>\n<meta name=\"twitter:label1\" content=\"Odhadovan\u00e1 doba \u010dten\u00ed\" \/>\n\t<meta name=\"twitter:data1\" content=\"1 minuta\" \/>\n<script type=\"application\/ld+json\" class=\"yoast-schema-graph\">{\"@context\":\"https:\/\/schema.org\",\"@graph\":[{\"@type\":\"WebPage\",\"@id\":\"https:\/\/www.koupelnapro.com\/index.php\/produkt\/overeny-kai-podomitkova-sprchova-baterie-2-vystupy-otocny-prepinac-cerna-mat-37294\/\",\"url\":\"https:\/\/www.koupelnapro.com\/index.php\/produkt\/overeny-kai-podomitkova-sprchova-baterie-2-vystupy-otocny-prepinac-cerna-mat-37294\/\",\"name\":\"Ov\u011b\u0159en\u00fd KAI podom\u00edtkov\u00e1 sprchov\u00e1 baterie, 2 v\u00fdstupy, oto\u010dn\u00fd p\u0159ep\u00edna\u010d, \u010dern\u00e1 mat -\",\"isPartOf\":{\"@id\":\"https:\/\/www.koupelnapro.com\/#website\"},\"primaryImageOfPage\":{\"@id\":\"https:\/\/www.koupelnapro.com\/index.php\/produkt\/overeny-kai-podomitkova-sprchova-baterie-2-vystupy-otocny-prepinac-cerna-mat-37294\/#primaryimage\"},\"image\":{\"@id\":\"https:\/\/www.koupelnapro.com\/index.php\/produkt\/overeny-kai-podomitkova-sprchova-baterie-2-vystupy-otocny-prepinac-cerna-mat-37294\/#primaryimage\"},\"thumbnailUrl\":\"https:\/\/www.koupelnapro.com\/wp-content\/uploads\/2026\/SK0003504-CZ20260425-092556-0-1777080363-53439_ka43-15-217514323741164.webp\",\"datePublished\":\"2026-04-26T09:15:44+00:00\",\"breadcrumb\":{\"@id\":\"https:\/\/www.koupelnapro.com\/index.php\/produkt\/overeny-kai-podomitkova-sprchova-baterie-2-vystupy-otocny-prepinac-cerna-mat-37294\/#breadcrumb\"},\"inLanguage\":\"cs\",\"potentialAction\":[{\"@type\":\"ReadAction\",\"target\":[\"https:\/\/www.koupelnapro.com\/index.php\/produkt\/overeny-kai-podomitkova-sprchova-baterie-2-vystupy-otocny-prepinac-cerna-mat-37294\/\"]}]},{\"@type\":\"ImageObject\",\"inLanguage\":\"cs\",\"@id\":\"https:\/\/www.koupelnapro.com\/index.php\/produkt\/overeny-kai-podomitkova-sprchova-baterie-2-vystupy-otocny-prepinac-cerna-mat-37294\/#primaryimage\",\"url\":\"https:\/\/www.koupelnapro.com\/wp-content\/uploads\/2026\/SK0003504-CZ20260425-092556-0-1777080363-53439_ka43-15-217514323741164.webp\",\"contentUrl\":\"https:\/\/www.koupelnapro.com\/wp-content\/uploads\/2026\/SK0003504-CZ20260425-092556-0-1777080363-53439_ka43-15-217514323741164.webp\",\"width\":1000,\"height\":750},{\"@type\":\"BreadcrumbList\",\"@id\":\"https:\/\/www.koupelnapro.com\/index.php\/produkt\/overeny-kai-podomitkova-sprchova-baterie-2-vystupy-otocny-prepinac-cerna-mat-37294\/#breadcrumb\",\"itemListElement\":[{\"@type\":\"ListItem\",\"position\":1,\"name\":\"Home\",\"item\":\"https:\/\/www.koupelnapro.com\/\"},{\"@type\":\"ListItem\",\"position\":2,\"name\":\"Products\",\"item\":\"https:\/\/www.koupelnapro.com\/index.php\/products\/\"},{\"@type\":\"ListItem\",\"position\":3,\"name\":\"Ov\u011b\u0159en\u00fd KAI podom\u00edtkov\u00e1 sprchov\u00e1 baterie, 2 v\u00fdstupy, oto\u010dn\u00fd p\u0159ep\u00edna\u010d, \u010dern\u00e1 mat\"}]},{\"@type\":\"WebSite\",\"@id\":\"https:\/\/www.koupelnapro.com\/#website\",\"url\":\"https:\/\/www.koupelnapro.com\/\",\"name\":\"\",\"description\":\"\",\"potentialAction\":[{\"@type\":\"SearchAction\",\"target\":{\"@type\":\"EntryPoint\",\"urlTemplate\":\"https:\/\/www.koupelnapro.com\/?s={search_term_string}\"},\"query-input\":{\"@type\":\"PropertyValueSpecification\",\"valueRequired\":true,\"valueName\":\"search_term_string\"}}],\"inLanguage\":\"cs\"}]}<\/script>\n<!-- \/ Yoast SEO plugin. -->","yoast_head_json":{"title":"Ov\u011b\u0159en\u00fd KAI podom\u00edtkov\u00e1 sprchov\u00e1 baterie, 2 v\u00fdstupy, oto\u010dn\u00fd p\u0159ep\u00edna\u010d, \u010dern\u00e1 mat -","robots":{"index":"index","follow":"follow","max-snippet":"max-snippet:-1","max-image-preview":"max-image-preview:large","max-video-preview":"max-video-preview:-1"},"canonical":"https:\/\/www.koupelnapro.com\/index.php\/produkt\/overeny-kai-podomitkova-sprchova-baterie-2-vystupy-otocny-prepinac-cerna-mat-37294\/","og_locale":"cs_CZ","og_type":"article","og_title":"Ov\u011b\u0159en\u00fd KAI podom\u00edtkov\u00e1 sprchov\u00e1 baterie, 2 v\u00fdstupy, oto\u010dn\u00fd p\u0159ep\u00edna\u010d, \u010dern\u00e1 mat -","og_description":"Detailn\u00ed popis produktu V\u00e1lcov\u00e9 t\u011blo a hranat\u00e1 hubice&nbsp;nebo hranat\u00e9 t\u011blo a hranat\u00e1 hubice,&nbsp;tyto nad\u010dasov\u011b p\u016fsob\u00edc\u00ed varianty najdete v nab\u00eddce s\u00e9rie KAI. Jednotn\u00fd design podtrhuje masivn\u00ed p\u00e1ka, kter\u00e1 tvarov\u011b koresponduje&nbsp;s v\u00fdtokov\u00fdmi hubicemi. KAI nab\u00edz\u00edme v chromu a \u010dern\u00e9 mat. Dopl\u0148kov\u00e9 parametry Kategorie: Z\u00e1ruka: 72 Hmotnost: 2.047 kg EAN: 8590913914386 Balen\u00ed: 1 ks Barva: \u010cern\u00e1 mat Dostupnost: [&hellip;]","og_url":"https:\/\/www.koupelnapro.com\/index.php\/produkt\/overeny-kai-podomitkova-sprchova-baterie-2-vystupy-otocny-prepinac-cerna-mat-37294\/","og_image":[{"width":1000,"height":750,"url":"https:\/\/www.koupelnapro.com\/wp-content\/uploads\/2026\/SK0003504-CZ20260425-092556-0-1777080363-53439_ka43-15-217514323741164.webp","type":"image\/webp"}],"twitter_card":"summary_large_image","twitter_misc":{"Odhadovan\u00e1 doba \u010dten\u00ed":"1 minuta"},"schema":{"@context":"https:\/\/schema.org","@graph":[{"@type":"WebPage","@id":"https:\/\/www.koupelnapro.com\/index.php\/produkt\/overeny-kai-podomitkova-sprchova-baterie-2-vystupy-otocny-prepinac-cerna-mat-37294\/","url":"https:\/\/www.koupelnapro.com\/index.php\/produkt\/overeny-kai-podomitkova-sprchova-baterie-2-vystupy-otocny-prepinac-cerna-mat-37294\/","name":"Ov\u011b\u0159en\u00fd KAI podom\u00edtkov\u00e1 sprchov\u00e1 baterie, 2 v\u00fdstupy, oto\u010dn\u00fd p\u0159ep\u00edna\u010d, \u010dern\u00e1 mat -","isPartOf":{"@id":"https:\/\/www.koupelnapro.com\/#website"},"primaryImageOfPage":{"@id":"https:\/\/www.koupelnapro.com\/index.php\/produkt\/overeny-kai-podomitkova-sprchova-baterie-2-vystupy-otocny-prepinac-cerna-mat-37294\/#primaryimage"},"image":{"@id":"https:\/\/www.koupelnapro.com\/index.php\/produkt\/overeny-kai-podomitkova-sprchova-baterie-2-vystupy-otocny-prepinac-cerna-mat-37294\/#primaryimage"},"thumbnailUrl":"https:\/\/www.koupelnapro.com\/wp-content\/uploads\/2026\/SK0003504-CZ20260425-092556-0-1777080363-53439_ka43-15-217514323741164.webp","datePublished":"2026-04-26T09:15:44+00:00","breadcrumb":{"@id":"https:\/\/www.koupelnapro.com\/index.php\/produkt\/overeny-kai-podomitkova-sprchova-baterie-2-vystupy-otocny-prepinac-cerna-mat-37294\/#breadcrumb"},"inLanguage":"cs","potentialAction":[{"@type":"ReadAction","target":["https:\/\/www.koupelnapro.com\/index.php\/produkt\/overeny-kai-podomitkova-sprchova-baterie-2-vystupy-otocny-prepinac-cerna-mat-37294\/"]}]},{"@type":"ImageObject","inLanguage":"cs","@id":"https:\/\/www.koupelnapro.com\/index.php\/produkt\/overeny-kai-podomitkova-sprchova-baterie-2-vystupy-otocny-prepinac-cerna-mat-37294\/#primaryimage","url":"https:\/\/www.koupelnapro.com\/wp-content\/uploads\/2026\/SK0003504-CZ20260425-092556-0-1777080363-53439_ka43-15-217514323741164.webp","contentUrl":"https:\/\/www.koupelnapro.com\/wp-content\/uploads\/2026\/SK0003504-CZ20260425-092556-0-1777080363-53439_ka43-15-217514323741164.webp","width":1000,"height":750},{"@type":"BreadcrumbList","@id":"https:\/\/www.koupelnapro.com\/index.php\/produkt\/overeny-kai-podomitkova-sprchova-baterie-2-vystupy-otocny-prepinac-cerna-mat-37294\/#breadcrumb","itemListElement":[{"@type":"ListItem","position":1,"name":"Home","item":"https:\/\/www.koupelnapro.com\/"},{"@type":"ListItem","position":2,"name":"Products","item":"https:\/\/www.koupelnapro.com\/index.php\/products\/"},{"@type":"ListItem","position":3,"name":"Ov\u011b\u0159en\u00fd KAI podom\u00edtkov\u00e1 sprchov\u00e1 baterie, 2 v\u00fdstupy, oto\u010dn\u00fd p\u0159ep\u00edna\u010d, \u010dern\u00e1 mat"}]},{"@type":"WebSite","@id":"https:\/\/www.koupelnapro.com\/#website","url":"https:\/\/www.koupelnapro.com\/","name":"","description":"","potentialAction":[{"@type":"SearchAction","target":{"@type":"EntryPoint","urlTemplate":"https:\/\/www.koupelnapro.com\/?s={search_term_string}"},"query-input":{"@type":"PropertyValueSpecification","valueRequired":true,"valueName":"search_term_string"}}],"inLanguage":"cs"}]}},"_links":{"self":[{"href":"https:\/\/www.koupelnapro.com\/index.php\/wp-json\/wp\/v2\/product\/37294","targetHints":{"allow":["GET"]}}],"collection":[{"href":"https:\/\/www.koupelnapro.com\/index.php\/wp-json\/wp\/v2\/product"}],"about":[{"href":"https:\/\/www.koupelnapro.com\/index.php\/wp-json\/wp\/v2\/types\/product"}],"replies":[{"embeddable":true,"href":"https:\/\/www.koupelnapro.com\/index.php\/wp-json\/wp\/v2\/comments?post=37294"}],"wp:featuredmedia":[{"embeddable":true,"href":"https:\/\/www.koupelnapro.com\/index.php\/wp-json\/wp\/v2\/media\/37394"}],"wp:attachment":[{"href":"https:\/\/www.koupelnapro.com\/index.php\/wp-json\/wp\/v2\/media?parent=37294"}],"wp:term":[{"taxonomy":"product_brand","embeddable":true,"href":"https:\/\/www.koupelnapro.com\/index.php\/wp-json\/wp\/v2\/product_brand?post=37294"},{"taxonomy":"product_cat","embeddable":true,"href":"https:\/\/www.koupelnapro.com\/index.php\/wp-json\/wp\/v2\/product_cat?post=37294"},{"taxonomy":"product_tag","embeddable":true,"href":"https:\/\/www.koupelnapro.com\/index.php\/wp-json\/wp\/v2\/product_tag?post=37294"}],"curies":[{"name":"wp","href":"https:\/\/api.w.org\/{rel}","templated":true}]}}