{"id":37157,"date":"2026-04-26T09:15:43","date_gmt":"2026-04-26T09:15:43","guid":{"rendered":""},"modified":"2026-04-26T09:15:43","modified_gmt":"2026-04-26T09:15:43","slug":"pruchodka-kulata-plocha-na-sprchu-hadice-follow-me-chrom-originalni-37157","status":"publish","type":"product","link":"https:\/\/www.koupelnapro.com\/index.php\/produkt\/pruchodka-kulata-plocha-na-sprchu-hadice-follow-me-chrom-originalni-37157\/","title":{"rendered":"Pr\u016fchodka kulat\u00e1 ploch\u00e1 na sprchu, hadice FOLLOW ME, chrom Origin\u00e1ln\u00ed"},"content":{"rendered":"<div class=\"basic-description\">\n<h3>Detailn\u00ed popis produktu<\/h3>\n<ul>\n<li><span>D\u00e9lka sprchov\u00e9 hadice: 150 cm<\/span><\/li>\n<\/ul>\n<p><span>FOLLOW ME = syst\u00e9m v\u00fdsuvu hadice pro mont\u00e1\u017e na hranu vany. Sprcha se vratnou pru\u017einou navrac\u00ed zp\u011bt a z\u00e1rove\u0148 je hadice osu\u0161ena. Syst\u00e9m pomoc\u00ed dren\u00e1\u017ee zamezuje zat\u00e9k\u00e1n\u00ed vody pod vanu. V cen\u011b je i p\u0159echodov\u00fd dren\u00e1\u017en\u00ed kus (viz obr\u00e1zek ve foto galerii) pro zapojen\u00ed do odpadu. Syst\u00e9m ANTICALC zabra\u0148uje usazov\u00e1n\u00ed vodn\u00edho kamene.<\/span><\/p>\n<p>Technick\u00fd list ke sta\u017een\u00ed zde                            <\/p><\/div>\n<div class=\"extended-description\">\n<h3>Dopl\u0148kov\u00e9 parametry<\/h3>\n<table class=\"detail-parameters\">\n<tbody>\n<tr>\n<th>        <span class=\"row-header-label\">            Kategorie<span class=\"row-header-label-colon\">:<\/span>        <\/span>    <\/th>\n<td>            <\/td>\n<\/tr>\n<tr>\n<th>            <span class=\"row-header-label\">                Z\u00e1ruka<span class=\"row-header-label-colon\">:<\/span>            <\/span>        <\/th>\n<td>            24        <\/td>\n<\/tr>\n<tr>\n<th>            <span class=\"row-header-label\">                Hmotnost<span class=\"row-header-label-colon\">:<\/span>            <\/span>        <\/th>\n<td>            1.34 kg        <\/td>\n<\/tr>\n<tr class=\"productEan\">\n<th>          <span class=\"row-header-label productEan__label\">              EAN<span class=\"row-header-label-colon\">:<\/span>          <\/span>      <\/th>\n<td>          <span class=\"productEan__value\">8019571565926<\/span>      <\/td>\n<\/tr>\n<tr>\n<th>                <span class=\"row-header-label\">                                            Balen\u00ed<span class=\"row-header-label-colon\">:<\/span>                                    <\/span>            <\/th>\n<td>                                                            1 ks                                                <\/td>\n<\/tr>\n<tr>\n<th>                <span class=\"row-header-label\">                                            Barva<span class=\"row-header-label-colon\">:<\/span>                                    <\/span>            <\/th>\n<td>                                                            Chrom                                                <\/td>\n<\/tr>\n<tr>\n<th>                <span class=\"row-header-label\">                                            D\u00e9lka<span class=\"row-header-label-colon\">:<\/span>                                    <\/span>            <\/th>\n<td>                                                            1500 mm                                                <\/td>\n<\/tr>\n<tr>\n<th>                <span class=\"row-header-label\">                                            Instalace<span class=\"row-header-label-colon\">:<\/span>                                    <\/span>            <\/th>\n<td>                                                            Na okraj vany                                                <\/td>\n<\/tr>\n<tr>\n<th>                <span class=\"row-header-label\">                                            Materi\u00e1l<span class=\"row-header-label-colon\">:<\/span>                                    <\/span>            <\/th>\n<td>                                                            Mosaz                                                <\/td>\n<\/tr>\n<tr>\n<th>                <span class=\"row-header-label\">                                            Pr\u016fm\u011br<span class=\"row-header-label-colon\">:<\/span>                                    <\/span>            <\/th>\n<td>                                                            45 mm                                                <\/td>\n<\/tr>\n<tr>\n<th>                <span class=\"row-header-label\">                                            Z\u00e1ruka<span class=\"row-header-label-colon\">:<\/span>                                    <\/span>            <\/th>\n<td>                                                            2 roky                                                <\/td>\n<\/tr>\n<\/tbody>\n<\/table><\/div>\n<\/p><\/div>\n<\/p><\/div>\n","protected":false},"excerpt":{"rendered":"<p>Detailn\u00ed popis produktu D\u00e9lka sprchov\u00e9 hadice: 150 cm FOLLOW ME = syst\u00e9m v\u00fdsuvu hadice pro mont\u00e1\u017e na hranu vany. Sprcha se vratnou pru\u017einou navrac\u00ed zp\u011bt a z\u00e1rove\u0148 je hadice osu\u0161ena. Syst\u00e9m pomoc\u00ed dren\u00e1\u017ee zamezuje zat\u00e9k\u00e1n\u00ed vody pod vanu. V cen\u011b je i p\u0159echodov\u00fd dren\u00e1\u017en\u00ed kus (viz obr\u00e1zek ve foto galerii) pro zapojen\u00ed do odpadu. Syst\u00e9m [&hellip;]<\/p>\n","protected":false},"featured_media":37257,"comment_status":"open","ping_status":"open","template":"","meta":[],"product_brand":[],"product_cat":[124],"product_tag":[],"class_list":{"0":"post-37157","1":"product","2":"type-product","3":"status-publish","4":"has-post-thumbnail","6":"product_cat-vodovodni-baterie","8":"first","9":"instock","10":"sale","11":"shipping-taxable","12":"purchasable","13":"product-type-simple"},"yoast_head":"<!-- This site is optimized with the Yoast SEO plugin v26.8 - https:\/\/yoast.com\/product\/yoast-seo-wordpress\/ -->\n<title>Pr\u016fchodka kulat\u00e1 ploch\u00e1 na sprchu, hadice FOLLOW ME, chrom Origin\u00e1ln\u00ed -<\/title>\n<meta name=\"robots\" content=\"index, follow, max-snippet:-1, max-image-preview:large, max-video-preview:-1\" \/>\n<link rel=\"canonical\" href=\"https:\/\/www.koupelnapro.com\/index.php\/produkt\/pruchodka-kulata-plocha-na-sprchu-hadice-follow-me-chrom-originalni-37157\/\" \/>\n<meta property=\"og:locale\" content=\"cs_CZ\" \/>\n<meta property=\"og:type\" content=\"article\" \/>\n<meta property=\"og:title\" content=\"Pr\u016fchodka kulat\u00e1 ploch\u00e1 na sprchu, hadice FOLLOW ME, chrom Origin\u00e1ln\u00ed -\" \/>\n<meta property=\"og:description\" content=\"Detailn\u00ed popis produktu D\u00e9lka sprchov\u00e9 hadice: 150 cm FOLLOW ME = syst\u00e9m v\u00fdsuvu hadice pro mont\u00e1\u017e na hranu vany. Sprcha se vratnou pru\u017einou navrac\u00ed zp\u011bt a z\u00e1rove\u0148 je hadice osu\u0161ena. Syst\u00e9m pomoc\u00ed dren\u00e1\u017ee zamezuje zat\u00e9k\u00e1n\u00ed vody pod vanu. V cen\u011b je i p\u0159echodov\u00fd dren\u00e1\u017en\u00ed kus (viz obr\u00e1zek ve foto galerii) pro zapojen\u00ed do odpadu. Syst\u00e9m [&hellip;]\" \/>\n<meta property=\"og:url\" content=\"https:\/\/www.koupelnapro.com\/index.php\/produkt\/pruchodka-kulata-plocha-na-sprchu-hadice-follow-me-chrom-originalni-37157\/\" \/>\n<meta property=\"og:image\" content=\"https:\/\/www.koupelnapro.com\/wp-content\/uploads\/2026\/SK0003467-CZ20260425-092556-0-1777080363-43491_pruchodka-kulata-plocha-na-sprchu--hadice-follow-me--.webp\" \/>\n\t<meta property=\"og:image:width\" content=\"1000\" \/>\n\t<meta property=\"og:image:height\" content=\"750\" \/>\n\t<meta property=\"og:image:type\" content=\"image\/webp\" \/>\n<meta name=\"twitter:card\" content=\"summary_large_image\" \/>\n<meta name=\"twitter:label1\" content=\"Odhadovan\u00e1 doba \u010dten\u00ed\" \/>\n\t<meta name=\"twitter:data1\" content=\"1 minuta\" \/>\n<script type=\"application\/ld+json\" class=\"yoast-schema-graph\">{\"@context\":\"https:\/\/schema.org\",\"@graph\":[{\"@type\":\"WebPage\",\"@id\":\"https:\/\/www.koupelnapro.com\/index.php\/produkt\/pruchodka-kulata-plocha-na-sprchu-hadice-follow-me-chrom-originalni-37157\/\",\"url\":\"https:\/\/www.koupelnapro.com\/index.php\/produkt\/pruchodka-kulata-plocha-na-sprchu-hadice-follow-me-chrom-originalni-37157\/\",\"name\":\"Pr\u016fchodka kulat\u00e1 ploch\u00e1 na sprchu, hadice FOLLOW ME, chrom Origin\u00e1ln\u00ed -\",\"isPartOf\":{\"@id\":\"https:\/\/www.koupelnapro.com\/#website\"},\"primaryImageOfPage\":{\"@id\":\"https:\/\/www.koupelnapro.com\/index.php\/produkt\/pruchodka-kulata-plocha-na-sprchu-hadice-follow-me-chrom-originalni-37157\/#primaryimage\"},\"image\":{\"@id\":\"https:\/\/www.koupelnapro.com\/index.php\/produkt\/pruchodka-kulata-plocha-na-sprchu-hadice-follow-me-chrom-originalni-37157\/#primaryimage\"},\"thumbnailUrl\":\"https:\/\/www.koupelnapro.com\/wp-content\/uploads\/2026\/SK0003467-CZ20260425-092556-0-1777080363-43491_pruchodka-kulata-plocha-na-sprchu--hadice-follow-me--.webp\",\"datePublished\":\"2026-04-26T09:15:43+00:00\",\"breadcrumb\":{\"@id\":\"https:\/\/www.koupelnapro.com\/index.php\/produkt\/pruchodka-kulata-plocha-na-sprchu-hadice-follow-me-chrom-originalni-37157\/#breadcrumb\"},\"inLanguage\":\"cs\",\"potentialAction\":[{\"@type\":\"ReadAction\",\"target\":[\"https:\/\/www.koupelnapro.com\/index.php\/produkt\/pruchodka-kulata-plocha-na-sprchu-hadice-follow-me-chrom-originalni-37157\/\"]}]},{\"@type\":\"ImageObject\",\"inLanguage\":\"cs\",\"@id\":\"https:\/\/www.koupelnapro.com\/index.php\/produkt\/pruchodka-kulata-plocha-na-sprchu-hadice-follow-me-chrom-originalni-37157\/#primaryimage\",\"url\":\"https:\/\/www.koupelnapro.com\/wp-content\/uploads\/2026\/SK0003467-CZ20260425-092556-0-1777080363-43491_pruchodka-kulata-plocha-na-sprchu--hadice-follow-me--.webp\",\"contentUrl\":\"https:\/\/www.koupelnapro.com\/wp-content\/uploads\/2026\/SK0003467-CZ20260425-092556-0-1777080363-43491_pruchodka-kulata-plocha-na-sprchu--hadice-follow-me--.webp\",\"width\":1000,\"height\":750},{\"@type\":\"BreadcrumbList\",\"@id\":\"https:\/\/www.koupelnapro.com\/index.php\/produkt\/pruchodka-kulata-plocha-na-sprchu-hadice-follow-me-chrom-originalni-37157\/#breadcrumb\",\"itemListElement\":[{\"@type\":\"ListItem\",\"position\":1,\"name\":\"Home\",\"item\":\"https:\/\/www.koupelnapro.com\/\"},{\"@type\":\"ListItem\",\"position\":2,\"name\":\"Products\",\"item\":\"https:\/\/www.koupelnapro.com\/index.php\/products\/\"},{\"@type\":\"ListItem\",\"position\":3,\"name\":\"Pr\u016fchodka kulat\u00e1 ploch\u00e1 na sprchu, hadice FOLLOW ME, chrom Origin\u00e1ln\u00ed\"}]},{\"@type\":\"WebSite\",\"@id\":\"https:\/\/www.koupelnapro.com\/#website\",\"url\":\"https:\/\/www.koupelnapro.com\/\",\"name\":\"\",\"description\":\"\",\"potentialAction\":[{\"@type\":\"SearchAction\",\"target\":{\"@type\":\"EntryPoint\",\"urlTemplate\":\"https:\/\/www.koupelnapro.com\/?s={search_term_string}\"},\"query-input\":{\"@type\":\"PropertyValueSpecification\",\"valueRequired\":true,\"valueName\":\"search_term_string\"}}],\"inLanguage\":\"cs\"}]}<\/script>\n<!-- \/ Yoast SEO plugin. -->","yoast_head_json":{"title":"Pr\u016fchodka kulat\u00e1 ploch\u00e1 na sprchu, hadice FOLLOW ME, chrom Origin\u00e1ln\u00ed -","robots":{"index":"index","follow":"follow","max-snippet":"max-snippet:-1","max-image-preview":"max-image-preview:large","max-video-preview":"max-video-preview:-1"},"canonical":"https:\/\/www.koupelnapro.com\/index.php\/produkt\/pruchodka-kulata-plocha-na-sprchu-hadice-follow-me-chrom-originalni-37157\/","og_locale":"cs_CZ","og_type":"article","og_title":"Pr\u016fchodka kulat\u00e1 ploch\u00e1 na sprchu, hadice FOLLOW ME, chrom Origin\u00e1ln\u00ed -","og_description":"Detailn\u00ed popis produktu D\u00e9lka sprchov\u00e9 hadice: 150 cm FOLLOW ME = syst\u00e9m v\u00fdsuvu hadice pro mont\u00e1\u017e na hranu vany. Sprcha se vratnou pru\u017einou navrac\u00ed zp\u011bt a z\u00e1rove\u0148 je hadice osu\u0161ena. Syst\u00e9m pomoc\u00ed dren\u00e1\u017ee zamezuje zat\u00e9k\u00e1n\u00ed vody pod vanu. V cen\u011b je i p\u0159echodov\u00fd dren\u00e1\u017en\u00ed kus (viz obr\u00e1zek ve foto galerii) pro zapojen\u00ed do odpadu. Syst\u00e9m [&hellip;]","og_url":"https:\/\/www.koupelnapro.com\/index.php\/produkt\/pruchodka-kulata-plocha-na-sprchu-hadice-follow-me-chrom-originalni-37157\/","og_image":[{"width":1000,"height":750,"url":"https:\/\/www.koupelnapro.com\/wp-content\/uploads\/2026\/SK0003467-CZ20260425-092556-0-1777080363-43491_pruchodka-kulata-plocha-na-sprchu--hadice-follow-me--.webp","type":"image\/webp"}],"twitter_card":"summary_large_image","twitter_misc":{"Odhadovan\u00e1 doba \u010dten\u00ed":"1 minuta"},"schema":{"@context":"https:\/\/schema.org","@graph":[{"@type":"WebPage","@id":"https:\/\/www.koupelnapro.com\/index.php\/produkt\/pruchodka-kulata-plocha-na-sprchu-hadice-follow-me-chrom-originalni-37157\/","url":"https:\/\/www.koupelnapro.com\/index.php\/produkt\/pruchodka-kulata-plocha-na-sprchu-hadice-follow-me-chrom-originalni-37157\/","name":"Pr\u016fchodka kulat\u00e1 ploch\u00e1 na sprchu, hadice FOLLOW ME, chrom Origin\u00e1ln\u00ed -","isPartOf":{"@id":"https:\/\/www.koupelnapro.com\/#website"},"primaryImageOfPage":{"@id":"https:\/\/www.koupelnapro.com\/index.php\/produkt\/pruchodka-kulata-plocha-na-sprchu-hadice-follow-me-chrom-originalni-37157\/#primaryimage"},"image":{"@id":"https:\/\/www.koupelnapro.com\/index.php\/produkt\/pruchodka-kulata-plocha-na-sprchu-hadice-follow-me-chrom-originalni-37157\/#primaryimage"},"thumbnailUrl":"https:\/\/www.koupelnapro.com\/wp-content\/uploads\/2026\/SK0003467-CZ20260425-092556-0-1777080363-43491_pruchodka-kulata-plocha-na-sprchu--hadice-follow-me--.webp","datePublished":"2026-04-26T09:15:43+00:00","breadcrumb":{"@id":"https:\/\/www.koupelnapro.com\/index.php\/produkt\/pruchodka-kulata-plocha-na-sprchu-hadice-follow-me-chrom-originalni-37157\/#breadcrumb"},"inLanguage":"cs","potentialAction":[{"@type":"ReadAction","target":["https:\/\/www.koupelnapro.com\/index.php\/produkt\/pruchodka-kulata-plocha-na-sprchu-hadice-follow-me-chrom-originalni-37157\/"]}]},{"@type":"ImageObject","inLanguage":"cs","@id":"https:\/\/www.koupelnapro.com\/index.php\/produkt\/pruchodka-kulata-plocha-na-sprchu-hadice-follow-me-chrom-originalni-37157\/#primaryimage","url":"https:\/\/www.koupelnapro.com\/wp-content\/uploads\/2026\/SK0003467-CZ20260425-092556-0-1777080363-43491_pruchodka-kulata-plocha-na-sprchu--hadice-follow-me--.webp","contentUrl":"https:\/\/www.koupelnapro.com\/wp-content\/uploads\/2026\/SK0003467-CZ20260425-092556-0-1777080363-43491_pruchodka-kulata-plocha-na-sprchu--hadice-follow-me--.webp","width":1000,"height":750},{"@type":"BreadcrumbList","@id":"https:\/\/www.koupelnapro.com\/index.php\/produkt\/pruchodka-kulata-plocha-na-sprchu-hadice-follow-me-chrom-originalni-37157\/#breadcrumb","itemListElement":[{"@type":"ListItem","position":1,"name":"Home","item":"https:\/\/www.koupelnapro.com\/"},{"@type":"ListItem","position":2,"name":"Products","item":"https:\/\/www.koupelnapro.com\/index.php\/products\/"},{"@type":"ListItem","position":3,"name":"Pr\u016fchodka kulat\u00e1 ploch\u00e1 na sprchu, hadice FOLLOW ME, chrom Origin\u00e1ln\u00ed"}]},{"@type":"WebSite","@id":"https:\/\/www.koupelnapro.com\/#website","url":"https:\/\/www.koupelnapro.com\/","name":"","description":"","potentialAction":[{"@type":"SearchAction","target":{"@type":"EntryPoint","urlTemplate":"https:\/\/www.koupelnapro.com\/?s={search_term_string}"},"query-input":{"@type":"PropertyValueSpecification","valueRequired":true,"valueName":"search_term_string"}}],"inLanguage":"cs"}]}},"_links":{"self":[{"href":"https:\/\/www.koupelnapro.com\/index.php\/wp-json\/wp\/v2\/product\/37157","targetHints":{"allow":["GET"]}}],"collection":[{"href":"https:\/\/www.koupelnapro.com\/index.php\/wp-json\/wp\/v2\/product"}],"about":[{"href":"https:\/\/www.koupelnapro.com\/index.php\/wp-json\/wp\/v2\/types\/product"}],"replies":[{"embeddable":true,"href":"https:\/\/www.koupelnapro.com\/index.php\/wp-json\/wp\/v2\/comments?post=37157"}],"wp:featuredmedia":[{"embeddable":true,"href":"https:\/\/www.koupelnapro.com\/index.php\/wp-json\/wp\/v2\/media\/37257"}],"wp:attachment":[{"href":"https:\/\/www.koupelnapro.com\/index.php\/wp-json\/wp\/v2\/media?parent=37157"}],"wp:term":[{"taxonomy":"product_brand","embeddable":true,"href":"https:\/\/www.koupelnapro.com\/index.php\/wp-json\/wp\/v2\/product_brand?post=37157"},{"taxonomy":"product_cat","embeddable":true,"href":"https:\/\/www.koupelnapro.com\/index.php\/wp-json\/wp\/v2\/product_cat?post=37157"},{"taxonomy":"product_tag","embeddable":true,"href":"https:\/\/www.koupelnapro.com\/index.php\/wp-json\/wp\/v2\/product_tag?post=37157"}],"curies":[{"name":"wp","href":"https:\/\/api.w.org\/{rel}","templated":true}]}}