{"id":37153,"date":"2026-04-26T09:15:43","date_gmt":"2026-04-26T09:15:43","guid":{"rendered":""},"modified":"2026-04-26T09:15:43","modified_gmt":"2026-04-26T09:15:43","slug":"must-have-kirke-white-nastenna-baterie-bila-packa-chrom-37153","status":"publish","type":"product","link":"https:\/\/www.koupelnapro.com\/index.php\/produkt\/must-have-kirke-white-nastenna-baterie-bila-packa-chrom-37153\/","title":{"rendered":"Must-Have KIRK\u00c9 WHITE n\u00e1st\u011bnn\u00e1 baterie, b\u00edl\u00e1 p\u00e1\u010dka, chrom"},"content":{"rendered":"<div class=\"basic-description\">\n<h3>Detailn\u00ed popis produktu<\/h3>\n<p>                                    Technick\u00fd list ke sta\u017een\u00ed zdeDokumenty &#8211; N\u00e1vodDokumenty &#8211; N\u00e1vod                            <\/p><\/div>\n<div class=\"extended-description\">\n<h3>Dopl\u0148kov\u00e9 parametry<\/h3>\n<table class=\"detail-parameters\">\n<tbody>\n<tr>\n<th>        <span class=\"row-header-label\">            Kategorie<span class=\"row-header-label-colon\">:<\/span>        <\/span>    <\/th>\n<td>            <\/td>\n<\/tr>\n<tr>\n<th>            <span class=\"row-header-label\">                Z\u00e1ruka<span class=\"row-header-label-colon\">:<\/span>            <\/span>        <\/th>\n<td>            72        <\/td>\n<\/tr>\n<tr>\n<th>            <span class=\"row-header-label\">                Hmotnost<span class=\"row-header-label-colon\">:<\/span>            <\/span>        <\/th>\n<td>            1.99 kg        <\/td>\n<\/tr>\n<tr class=\"productEan\">\n<th>          <span class=\"row-header-label productEan__label\">              EAN<span class=\"row-header-label-colon\">:<\/span>          <\/span>      <\/th>\n<td>          <span class=\"productEan__value\">8590913839030<\/span>      <\/td>\n<\/tr>\n<tr>\n<th>                <span class=\"row-header-label\">                                            Balen\u00ed<span class=\"row-header-label-colon\">:<\/span>                                    <\/span>            <\/th>\n<td>                                                            1 ks                                                <\/td>\n<\/tr>\n<tr>\n<th>                <span class=\"row-header-label\">                                            Barva<span class=\"row-header-label-colon\">:<\/span>                                    <\/span>            <\/th>\n<td>                                                            Chrom                                                <\/td>\n<\/tr>\n<tr>\n<th>                <span class=\"row-header-label\">                                            Druh ovl\u00e1d\u00e1n\u00ed<span class=\"row-header-label-colon\">:<\/span>                                    <\/span>            <\/th>\n<td>                                                            P\u00e1ka                                                <\/td>\n<\/tr>\n<tr>\n<th>                <span class=\"row-header-label\">                                            Hloubka<span class=\"row-header-label-colon\">:<\/span>                                    <\/span>            <\/th>\n<td>                                                            265 mm                                                <\/td>\n<\/tr>\n<tr>\n<th>                <span class=\"row-header-label\">                                            Instalace<span class=\"row-header-label-colon\">:<\/span>                                    <\/span>            <\/th>\n<td>                                                            N\u00e1st\u011bnn\u00e1 150 mm                                                <\/td>\n<\/tr>\n<tr>\n<th>                <span class=\"row-header-label\">                                            Materi\u00e1l<span class=\"row-header-label-colon\">:<\/span>                                    <\/span>            <\/th>\n<td>                                                            Mosaz                                                <\/td>\n<\/tr>\n<tr>\n<th>                <span class=\"row-header-label\">                                            Pr\u016fm\u011br kartu\u0161e<span class=\"row-header-label-colon\">:<\/span>                                    <\/span>            <\/th>\n<td>                                                            42 mm                                                <\/td>\n<\/tr>\n<tr>\n<th>                <span class=\"row-header-label\">                                            Tvar<span class=\"row-header-label-colon\">:<\/span>                                    <\/span>            <\/th>\n<td>                                                            Retro                                                <\/td>\n<\/tr>\n<tr>\n<th>                <span class=\"row-header-label\">                                            V\u00fdbava<span class=\"row-header-label-colon\">:<\/span>                                    <\/span>            <\/th>\n<td>                                                            Oto\u010dn\u00e9 ram\u00ednko                                                <\/td>\n<\/tr>\n<tr>\n<th>                <span class=\"row-header-label\">                                            V\u00fd\u0161ka<span class=\"row-header-label-colon\">:<\/span>                                    <\/span>            <\/th>\n<td>                                                            252 mm                                                <\/td>\n<\/tr>\n<tr>\n<th>                <span class=\"row-header-label\">                                            Z\u00e1ruka<span class=\"row-header-label-colon\">:<\/span>                                    <\/span>            <\/th>\n<td>                                                            6 let                                                <\/td>\n<\/tr>\n<\/tbody>\n<\/table><\/div>\n<\/p><\/div>\n<\/p><\/div>\n","protected":false},"excerpt":{"rendered":"<p>Detailn\u00ed popis produktu Technick\u00fd list ke sta\u017een\u00ed zdeDokumenty &#8211; N\u00e1vodDokumenty &#8211; N\u00e1vod Dopl\u0148kov\u00e9 parametry Kategorie: Z\u00e1ruka: 72 Hmotnost: 1.99 kg EAN: 8590913839030 Balen\u00ed: 1 ks Barva: Chrom Druh ovl\u00e1d\u00e1n\u00ed: P\u00e1ka Hloubka: 265 mm Instalace: N\u00e1st\u011bnn\u00e1 150 mm Materi\u00e1l: Mosaz Pr\u016fm\u011br kartu\u0161e: 42 mm Tvar: Retro V\u00fdbava: Oto\u010dn\u00e9 ram\u00ednko V\u00fd\u0161ka: 252 mm Z\u00e1ruka: 6 let<\/p>\n","protected":false},"featured_media":37253,"comment_status":"open","ping_status":"open","template":"","meta":[],"product_brand":[],"product_cat":[124],"product_tag":[],"class_list":{"0":"post-37153","1":"product","2":"type-product","3":"status-publish","4":"has-post-thumbnail","6":"product_cat-vodovodni-baterie","8":"first","9":"instock","10":"sale","11":"shipping-taxable","12":"purchasable","13":"product-type-simple"},"yoast_head":"<!-- This site is optimized with the Yoast SEO plugin v26.8 - https:\/\/yoast.com\/product\/yoast-seo-wordpress\/ -->\n<title>Must-Have KIRK\u00c9 WHITE n\u00e1st\u011bnn\u00e1 baterie, b\u00edl\u00e1 p\u00e1\u010dka, chrom -<\/title>\n<meta name=\"robots\" content=\"index, follow, max-snippet:-1, max-image-preview:large, max-video-preview:-1\" \/>\n<link rel=\"canonical\" href=\"https:\/\/www.koupelnapro.com\/index.php\/produkt\/must-have-kirke-white-nastenna-baterie-bila-packa-chrom-37153\/\" \/>\n<meta property=\"og:locale\" content=\"cs_CZ\" \/>\n<meta property=\"og:type\" content=\"article\" \/>\n<meta property=\"og:title\" content=\"Must-Have KIRK\u00c9 WHITE n\u00e1st\u011bnn\u00e1 baterie, b\u00edl\u00e1 p\u00e1\u010dka, chrom -\" \/>\n<meta property=\"og:description\" content=\"Detailn\u00ed popis produktu Technick\u00fd list ke sta\u017een\u00ed zdeDokumenty &#8211; N\u00e1vodDokumenty &#8211; N\u00e1vod Dopl\u0148kov\u00e9 parametry Kategorie: Z\u00e1ruka: 72 Hmotnost: 1.99 kg EAN: 8590913839030 Balen\u00ed: 1 ks Barva: Chrom Druh ovl\u00e1d\u00e1n\u00ed: P\u00e1ka Hloubka: 265 mm Instalace: N\u00e1st\u011bnn\u00e1 150 mm Materi\u00e1l: Mosaz Pr\u016fm\u011br kartu\u0161e: 42 mm Tvar: Retro V\u00fdbava: Oto\u010dn\u00e9 ram\u00ednko V\u00fd\u0161ka: 252 mm Z\u00e1ruka: 6 let\" \/>\n<meta property=\"og:url\" content=\"https:\/\/www.koupelnapro.com\/index.php\/produkt\/must-have-kirke-white-nastenna-baterie-bila-packa-chrom-37153\/\" \/>\n<meta property=\"og:image\" content=\"https:\/\/www.koupelnapro.com\/wp-content\/uploads\/2026\/SK0003463-CZ20260425-092556-0-1777080363-43470_kirke-white-nastenna-baterie--bila-packa--chrom.webp\" \/>\n\t<meta property=\"og:image:width\" content=\"1000\" \/>\n\t<meta property=\"og:image:height\" content=\"750\" \/>\n\t<meta property=\"og:image:type\" content=\"image\/webp\" \/>\n<meta name=\"twitter:card\" content=\"summary_large_image\" \/>\n<script type=\"application\/ld+json\" class=\"yoast-schema-graph\">{\"@context\":\"https:\/\/schema.org\",\"@graph\":[{\"@type\":\"WebPage\",\"@id\":\"https:\/\/www.koupelnapro.com\/index.php\/produkt\/must-have-kirke-white-nastenna-baterie-bila-packa-chrom-37153\/\",\"url\":\"https:\/\/www.koupelnapro.com\/index.php\/produkt\/must-have-kirke-white-nastenna-baterie-bila-packa-chrom-37153\/\",\"name\":\"Must-Have KIRK\u00c9 WHITE n\u00e1st\u011bnn\u00e1 baterie, b\u00edl\u00e1 p\u00e1\u010dka, chrom -\",\"isPartOf\":{\"@id\":\"https:\/\/www.koupelnapro.com\/#website\"},\"primaryImageOfPage\":{\"@id\":\"https:\/\/www.koupelnapro.com\/index.php\/produkt\/must-have-kirke-white-nastenna-baterie-bila-packa-chrom-37153\/#primaryimage\"},\"image\":{\"@id\":\"https:\/\/www.koupelnapro.com\/index.php\/produkt\/must-have-kirke-white-nastenna-baterie-bila-packa-chrom-37153\/#primaryimage\"},\"thumbnailUrl\":\"https:\/\/www.koupelnapro.com\/wp-content\/uploads\/2026\/SK0003463-CZ20260425-092556-0-1777080363-43470_kirke-white-nastenna-baterie--bila-packa--chrom.webp\",\"datePublished\":\"2026-04-26T09:15:43+00:00\",\"breadcrumb\":{\"@id\":\"https:\/\/www.koupelnapro.com\/index.php\/produkt\/must-have-kirke-white-nastenna-baterie-bila-packa-chrom-37153\/#breadcrumb\"},\"inLanguage\":\"cs\",\"potentialAction\":[{\"@type\":\"ReadAction\",\"target\":[\"https:\/\/www.koupelnapro.com\/index.php\/produkt\/must-have-kirke-white-nastenna-baterie-bila-packa-chrom-37153\/\"]}]},{\"@type\":\"ImageObject\",\"inLanguage\":\"cs\",\"@id\":\"https:\/\/www.koupelnapro.com\/index.php\/produkt\/must-have-kirke-white-nastenna-baterie-bila-packa-chrom-37153\/#primaryimage\",\"url\":\"https:\/\/www.koupelnapro.com\/wp-content\/uploads\/2026\/SK0003463-CZ20260425-092556-0-1777080363-43470_kirke-white-nastenna-baterie--bila-packa--chrom.webp\",\"contentUrl\":\"https:\/\/www.koupelnapro.com\/wp-content\/uploads\/2026\/SK0003463-CZ20260425-092556-0-1777080363-43470_kirke-white-nastenna-baterie--bila-packa--chrom.webp\",\"width\":1000,\"height\":750},{\"@type\":\"BreadcrumbList\",\"@id\":\"https:\/\/www.koupelnapro.com\/index.php\/produkt\/must-have-kirke-white-nastenna-baterie-bila-packa-chrom-37153\/#breadcrumb\",\"itemListElement\":[{\"@type\":\"ListItem\",\"position\":1,\"name\":\"Home\",\"item\":\"https:\/\/www.koupelnapro.com\/\"},{\"@type\":\"ListItem\",\"position\":2,\"name\":\"Products\",\"item\":\"https:\/\/www.koupelnapro.com\/index.php\/products\/\"},{\"@type\":\"ListItem\",\"position\":3,\"name\":\"Must-Have KIRK\u00c9 WHITE n\u00e1st\u011bnn\u00e1 baterie, b\u00edl\u00e1 p\u00e1\u010dka, chrom\"}]},{\"@type\":\"WebSite\",\"@id\":\"https:\/\/www.koupelnapro.com\/#website\",\"url\":\"https:\/\/www.koupelnapro.com\/\",\"name\":\"\",\"description\":\"\",\"potentialAction\":[{\"@type\":\"SearchAction\",\"target\":{\"@type\":\"EntryPoint\",\"urlTemplate\":\"https:\/\/www.koupelnapro.com\/?s={search_term_string}\"},\"query-input\":{\"@type\":\"PropertyValueSpecification\",\"valueRequired\":true,\"valueName\":\"search_term_string\"}}],\"inLanguage\":\"cs\"}]}<\/script>\n<!-- \/ Yoast SEO plugin. -->","yoast_head_json":{"title":"Must-Have KIRK\u00c9 WHITE n\u00e1st\u011bnn\u00e1 baterie, b\u00edl\u00e1 p\u00e1\u010dka, chrom -","robots":{"index":"index","follow":"follow","max-snippet":"max-snippet:-1","max-image-preview":"max-image-preview:large","max-video-preview":"max-video-preview:-1"},"canonical":"https:\/\/www.koupelnapro.com\/index.php\/produkt\/must-have-kirke-white-nastenna-baterie-bila-packa-chrom-37153\/","og_locale":"cs_CZ","og_type":"article","og_title":"Must-Have KIRK\u00c9 WHITE n\u00e1st\u011bnn\u00e1 baterie, b\u00edl\u00e1 p\u00e1\u010dka, chrom -","og_description":"Detailn\u00ed popis produktu Technick\u00fd list ke sta\u017een\u00ed zdeDokumenty &#8211; N\u00e1vodDokumenty &#8211; N\u00e1vod Dopl\u0148kov\u00e9 parametry Kategorie: Z\u00e1ruka: 72 Hmotnost: 1.99 kg EAN: 8590913839030 Balen\u00ed: 1 ks Barva: Chrom Druh ovl\u00e1d\u00e1n\u00ed: P\u00e1ka Hloubka: 265 mm Instalace: N\u00e1st\u011bnn\u00e1 150 mm Materi\u00e1l: Mosaz Pr\u016fm\u011br kartu\u0161e: 42 mm Tvar: Retro V\u00fdbava: Oto\u010dn\u00e9 ram\u00ednko V\u00fd\u0161ka: 252 mm Z\u00e1ruka: 6 let","og_url":"https:\/\/www.koupelnapro.com\/index.php\/produkt\/must-have-kirke-white-nastenna-baterie-bila-packa-chrom-37153\/","og_image":[{"width":1000,"height":750,"url":"https:\/\/www.koupelnapro.com\/wp-content\/uploads\/2026\/SK0003463-CZ20260425-092556-0-1777080363-43470_kirke-white-nastenna-baterie--bila-packa--chrom.webp","type":"image\/webp"}],"twitter_card":"summary_large_image","schema":{"@context":"https:\/\/schema.org","@graph":[{"@type":"WebPage","@id":"https:\/\/www.koupelnapro.com\/index.php\/produkt\/must-have-kirke-white-nastenna-baterie-bila-packa-chrom-37153\/","url":"https:\/\/www.koupelnapro.com\/index.php\/produkt\/must-have-kirke-white-nastenna-baterie-bila-packa-chrom-37153\/","name":"Must-Have KIRK\u00c9 WHITE n\u00e1st\u011bnn\u00e1 baterie, b\u00edl\u00e1 p\u00e1\u010dka, chrom -","isPartOf":{"@id":"https:\/\/www.koupelnapro.com\/#website"},"primaryImageOfPage":{"@id":"https:\/\/www.koupelnapro.com\/index.php\/produkt\/must-have-kirke-white-nastenna-baterie-bila-packa-chrom-37153\/#primaryimage"},"image":{"@id":"https:\/\/www.koupelnapro.com\/index.php\/produkt\/must-have-kirke-white-nastenna-baterie-bila-packa-chrom-37153\/#primaryimage"},"thumbnailUrl":"https:\/\/www.koupelnapro.com\/wp-content\/uploads\/2026\/SK0003463-CZ20260425-092556-0-1777080363-43470_kirke-white-nastenna-baterie--bila-packa--chrom.webp","datePublished":"2026-04-26T09:15:43+00:00","breadcrumb":{"@id":"https:\/\/www.koupelnapro.com\/index.php\/produkt\/must-have-kirke-white-nastenna-baterie-bila-packa-chrom-37153\/#breadcrumb"},"inLanguage":"cs","potentialAction":[{"@type":"ReadAction","target":["https:\/\/www.koupelnapro.com\/index.php\/produkt\/must-have-kirke-white-nastenna-baterie-bila-packa-chrom-37153\/"]}]},{"@type":"ImageObject","inLanguage":"cs","@id":"https:\/\/www.koupelnapro.com\/index.php\/produkt\/must-have-kirke-white-nastenna-baterie-bila-packa-chrom-37153\/#primaryimage","url":"https:\/\/www.koupelnapro.com\/wp-content\/uploads\/2026\/SK0003463-CZ20260425-092556-0-1777080363-43470_kirke-white-nastenna-baterie--bila-packa--chrom.webp","contentUrl":"https:\/\/www.koupelnapro.com\/wp-content\/uploads\/2026\/SK0003463-CZ20260425-092556-0-1777080363-43470_kirke-white-nastenna-baterie--bila-packa--chrom.webp","width":1000,"height":750},{"@type":"BreadcrumbList","@id":"https:\/\/www.koupelnapro.com\/index.php\/produkt\/must-have-kirke-white-nastenna-baterie-bila-packa-chrom-37153\/#breadcrumb","itemListElement":[{"@type":"ListItem","position":1,"name":"Home","item":"https:\/\/www.koupelnapro.com\/"},{"@type":"ListItem","position":2,"name":"Products","item":"https:\/\/www.koupelnapro.com\/index.php\/products\/"},{"@type":"ListItem","position":3,"name":"Must-Have KIRK\u00c9 WHITE n\u00e1st\u011bnn\u00e1 baterie, b\u00edl\u00e1 p\u00e1\u010dka, chrom"}]},{"@type":"WebSite","@id":"https:\/\/www.koupelnapro.com\/#website","url":"https:\/\/www.koupelnapro.com\/","name":"","description":"","potentialAction":[{"@type":"SearchAction","target":{"@type":"EntryPoint","urlTemplate":"https:\/\/www.koupelnapro.com\/?s={search_term_string}"},"query-input":{"@type":"PropertyValueSpecification","valueRequired":true,"valueName":"search_term_string"}}],"inLanguage":"cs"}]}},"_links":{"self":[{"href":"https:\/\/www.koupelnapro.com\/index.php\/wp-json\/wp\/v2\/product\/37153","targetHints":{"allow":["GET"]}}],"collection":[{"href":"https:\/\/www.koupelnapro.com\/index.php\/wp-json\/wp\/v2\/product"}],"about":[{"href":"https:\/\/www.koupelnapro.com\/index.php\/wp-json\/wp\/v2\/types\/product"}],"replies":[{"embeddable":true,"href":"https:\/\/www.koupelnapro.com\/index.php\/wp-json\/wp\/v2\/comments?post=37153"}],"wp:featuredmedia":[{"embeddable":true,"href":"https:\/\/www.koupelnapro.com\/index.php\/wp-json\/wp\/v2\/media\/37253"}],"wp:attachment":[{"href":"https:\/\/www.koupelnapro.com\/index.php\/wp-json\/wp\/v2\/media?parent=37153"}],"wp:term":[{"taxonomy":"product_brand","embeddable":true,"href":"https:\/\/www.koupelnapro.com\/index.php\/wp-json\/wp\/v2\/product_brand?post=37153"},{"taxonomy":"product_cat","embeddable":true,"href":"https:\/\/www.koupelnapro.com\/index.php\/wp-json\/wp\/v2\/product_cat?post=37153"},{"taxonomy":"product_tag","embeddable":true,"href":"https:\/\/www.koupelnapro.com\/index.php\/wp-json\/wp\/v2\/product_tag?post=37153"}],"curies":[{"name":"wp","href":"https:\/\/api.w.org\/{rel}","templated":true}]}}