{"id":36990,"date":"2026-04-26T09:15:42","date_gmt":"2026-04-26T09:15:42","guid":{"rendered":""},"modified":"2026-04-26T09:15:42","modified_gmt":"2026-04-26T09:15:42","slug":"akce-senzorova-vysoka-stojankova-baterie-230v-ac-6v-dc-4xaa-chrom-36990","status":"publish","type":"product","link":"https:\/\/www.koupelnapro.com\/index.php\/produkt\/akce-senzorova-vysoka-stojankova-baterie-230v-ac-6v-dc-4xaa-chrom-36990\/","title":{"rendered":"Akce Senzorov\u00e1 vysok\u00e1 stoj\u00e1nkov\u00e1 baterie 230V AC \/ 6V DC (4xAA), chrom"},"content":{"rendered":"<div class=\"basic-description\">\n<h3>Detailn\u00ed popis produktu<\/h3>\n<div>\n<p><strong>Parametry:<\/strong><\/p>\n<ul>\n<li>P\u0159\u00edvod vody: G 1\/2&#8243; &#8211; 1 voda (studen\u00e1 nebo m\u00edsen\u00e1)   <\/li>\n<li>Nap\u00e1jec\u00ed nap\u011bt\u00ed: 230V 50Hz nebo 6 V (baterie 4 x AA)   <\/li>\n<li>Sv\u011bteln\u00e1 signalizace stavu bateri\u00ed (LED blik\u00e1 = v\u00fdm\u011bna baterie)   <\/li>\n<li>Statick\u00fd p\u0159\u00edkon: 0,5 mW   <\/li>\n<li>Dosah sn\u00edma\u010de: 12-18 cm (nastavuje se automaticky)   <\/li>\n<li>Tlak vody: 0,05-0,6 MPa   <\/li>\n<li>Teplota vody: 5 &#8211; 45 \u00b0C   <\/li>\n<li>Teplota okol\u00ed: 5 &#8211;\u00a040 \u00b0C (nutno chr\u00e1nit p\u0159ed mrazem)   <\/li>\n<li>Pr\u016fm\u011br mont\u00e1\u017en\u00edho otvoru v umyvadle: 35 mm   <\/li>\n<li>Hmotnost: 2,1 kg<\/li>\n<\/ul>\n<p><strong>Balen\u00ed obsahuje:<\/strong><\/p>\n<ul>\n<li>V\u00fdtokov\u00e9 ram\u00ednko se sn\u00edma\u010dem   <\/li>\n<li>Ovl\u00e1dac\u00ed sk\u0159\u00ed\u0148 s elektromagnetick\u00fdm ventil   <\/li>\n<li>P\u0159ipojovac\u00ed hadice<\/li>\n<\/ul>\n<\/div><\/div>\n<div class=\"extended-description\">\n<h3>Dopl\u0148kov\u00e9 parametry<\/h3>\n<table class=\"detail-parameters\">\n<tbody>\n<tr>\n<th>        <span class=\"row-header-label\">            Kategorie<span class=\"row-header-label-colon\">:<\/span>        <\/span>    <\/th>\n<td>            <\/td>\n<\/tr>\n<tr>\n<th>            <span class=\"row-header-label\">                Z\u00e1ruka<span class=\"row-header-label-colon\">:<\/span>            <\/span>        <\/th>\n<td>            24        <\/td>\n<\/tr>\n<tr>\n<th>            <span class=\"row-header-label\">                Hmotnost<span class=\"row-header-label-colon\">:<\/span>            <\/span>        <\/th>\n<td>            2.2 kg        <\/td>\n<\/tr>\n<tr class=\"productEan\">\n<th>          <span class=\"row-header-label productEan__label\">              EAN<span class=\"row-header-label-colon\">:<\/span>          <\/span>      <\/th>\n<td>          <span class=\"productEan__value\">8698531163848<\/span>      <\/td>\n<\/tr>\n<tr>\n<th>                <span class=\"row-header-label\">                                            Balen\u00ed<span class=\"row-header-label-colon\">:<\/span>                                    <\/span>            <\/th>\n<td>                                                            1 ks                                                <\/td>\n<\/tr>\n<tr>\n<th>                <span class=\"row-header-label\">                                            Barva<span class=\"row-header-label-colon\">:<\/span>                                    <\/span>            <\/th>\n<td>                                                            Chrom                                                <\/td>\n<\/tr>\n<tr>\n<th>                <span class=\"row-header-label\">                                            Dostupnost<span class=\"row-header-label-colon\">:<\/span>                                    <\/span>            <\/th>\n<td>                                                            Dod\u00e1n\u00ed do 6ti t\u00fddn\u016f                                                <\/td>\n<\/tr>\n<tr>\n<th>                <span class=\"row-header-label\">                                            Druh ovl\u00e1d\u00e1n\u00ed<span class=\"row-header-label-colon\">:<\/span>                                    <\/span>            <\/th>\n<td>                                                            Elektronick\u00e9                                                <\/td>\n<\/tr>\n<tr>\n<th>                <span class=\"row-header-label\">                                            Instalace<span class=\"row-header-label-colon\">:<\/span>                                    <\/span>            <\/th>\n<td>                                                            Stoj\u00e1nkov\u00e1                                                <\/td>\n<\/tr>\n<tr>\n<th>                <span class=\"row-header-label\">                                            Materi\u00e1l<span class=\"row-header-label-colon\">:<\/span>                                    <\/span>            <\/th>\n<td>                                                            Mosaz                                                <\/td>\n<\/tr>\n<tr>\n<th>                <span class=\"row-header-label\">                                            Ostatn\u00ed<span class=\"row-header-label-colon\">:<\/span>                                    <\/span>            <\/th>\n<td>                                                            Bezdotykov\u00e9 ovl\u00e1d\u00e1n\u00ed                                                <\/td>\n<\/tr>\n<tr>\n<th>                <span class=\"row-header-label\">                                            Pr\u016ftok (3 bar)<span class=\"row-header-label-colon\">:<\/span>                                    <\/span>            <\/th>\n<td>                                                            6 l\/min                                                <\/td>\n<\/tr>\n<tr>\n<th>                <span class=\"row-header-label\">                                            Tvar<span class=\"row-header-label-colon\">:<\/span>                                    <\/span>            <\/th>\n<td>                                                            Kruhov\u00e9                                                <\/td>\n<\/tr>\n<tr>\n<th>                <span class=\"row-header-label\">                                            V\u00fd\u0161ka<span class=\"row-header-label-colon\">:<\/span>                                    <\/span>            <\/th>\n<td>                                                            255 mm                                                <\/td>\n<\/tr>\n<tr>\n<th>                <span class=\"row-header-label\">                                            V\u00fd\u0161ka v\u00fdtoku<span class=\"row-header-label-colon\">:<\/span>                                    <\/span>            <\/th>\n<td>                                                            231 mm                                                <\/td>\n<\/tr>\n<tr>\n<th>                <span class=\"row-header-label\">                                            Z\u00e1ruka<span class=\"row-header-label-colon\">:<\/span>                                    <\/span>            <\/th>\n<td>                                                            2 roky                                                <\/td>\n<\/tr>\n<\/tbody>\n<\/table><\/div>\n<\/p><\/div>\n<\/p><\/div>\n","protected":false},"excerpt":{"rendered":"<p>Detailn\u00ed popis produktu Parametry: P\u0159\u00edvod vody: G 1\/2&#8243; &#8211; 1 voda (studen\u00e1 nebo m\u00edsen\u00e1) Nap\u00e1jec\u00ed nap\u011bt\u00ed: 230V 50Hz nebo 6 V (baterie 4 x AA) Sv\u011bteln\u00e1 signalizace stavu bateri\u00ed (LED blik\u00e1 = v\u00fdm\u011bna baterie) Statick\u00fd p\u0159\u00edkon: 0,5 mW Dosah sn\u00edma\u010de: 12-18 cm (nastavuje se automaticky) Tlak vody: 0,05-0,6 MPa Teplota vody: 5 &#8211; 45 \u00b0C [&hellip;]<\/p>\n","protected":false},"featured_media":37090,"comment_status":"open","ping_status":"open","template":"","meta":[],"product_brand":[],"product_cat":[124],"product_tag":[],"class_list":{"0":"post-36990","1":"product","2":"type-product","3":"status-publish","4":"has-post-thumbnail","6":"product_cat-vodovodni-baterie","8":"first","9":"instock","10":"sale","11":"shipping-taxable","12":"purchasable","13":"product-type-simple"},"yoast_head":"<!-- This site is optimized with the Yoast SEO plugin v26.8 - https:\/\/yoast.com\/product\/yoast-seo-wordpress\/ -->\n<title>Akce Senzorov\u00e1 vysok\u00e1 stoj\u00e1nkov\u00e1 baterie 230V AC \/ 6V DC (4xAA), chrom -<\/title>\n<meta name=\"robots\" content=\"index, follow, max-snippet:-1, max-image-preview:large, max-video-preview:-1\" \/>\n<link rel=\"canonical\" href=\"https:\/\/www.koupelnapro.com\/index.php\/produkt\/akce-senzorova-vysoka-stojankova-baterie-230v-ac-6v-dc-4xaa-chrom-36990\/\" \/>\n<meta property=\"og:locale\" content=\"cs_CZ\" \/>\n<meta property=\"og:type\" content=\"article\" \/>\n<meta property=\"og:title\" content=\"Akce Senzorov\u00e1 vysok\u00e1 stoj\u00e1nkov\u00e1 baterie 230V AC \/ 6V DC (4xAA), chrom -\" \/>\n<meta property=\"og:description\" content=\"Detailn\u00ed popis produktu Parametry: P\u0159\u00edvod vody: G 1\/2&#8243; &#8211; 1 voda (studen\u00e1 nebo m\u00edsen\u00e1) Nap\u00e1jec\u00ed nap\u011bt\u00ed: 230V 50Hz nebo 6 V (baterie 4 x AA) Sv\u011bteln\u00e1 signalizace stavu bateri\u00ed (LED blik\u00e1 = v\u00fdm\u011bna baterie) Statick\u00fd p\u0159\u00edkon: 0,5 mW Dosah sn\u00edma\u010de: 12-18 cm (nastavuje se automaticky) Tlak vody: 0,05-0,6 MPa Teplota vody: 5 &#8211; 45 \u00b0C [&hellip;]\" \/>\n<meta property=\"og:url\" content=\"https:\/\/www.koupelnapro.com\/index.php\/produkt\/akce-senzorova-vysoka-stojankova-baterie-230v-ac-6v-dc-4xaa-chrom-36990\/\" \/>\n<meta property=\"og:image\" content=\"https:\/\/www.koupelnapro.com\/wp-content\/uploads\/2026\/SK0003399-CZ20260425-092556-0-1777080363-42972-2_bt-es6500-244353574372782.webp\" \/>\n\t<meta property=\"og:image:width\" content=\"1000\" \/>\n\t<meta property=\"og:image:height\" content=\"750\" \/>\n\t<meta property=\"og:image:type\" content=\"image\/webp\" \/>\n<meta name=\"twitter:card\" content=\"summary_large_image\" \/>\n<meta name=\"twitter:label1\" content=\"Odhadovan\u00e1 doba \u010dten\u00ed\" \/>\n\t<meta name=\"twitter:data1\" content=\"1 minuta\" \/>\n<script type=\"application\/ld+json\" class=\"yoast-schema-graph\">{\"@context\":\"https:\/\/schema.org\",\"@graph\":[{\"@type\":\"WebPage\",\"@id\":\"https:\/\/www.koupelnapro.com\/index.php\/produkt\/akce-senzorova-vysoka-stojankova-baterie-230v-ac-6v-dc-4xaa-chrom-36990\/\",\"url\":\"https:\/\/www.koupelnapro.com\/index.php\/produkt\/akce-senzorova-vysoka-stojankova-baterie-230v-ac-6v-dc-4xaa-chrom-36990\/\",\"name\":\"Akce Senzorov\u00e1 vysok\u00e1 stoj\u00e1nkov\u00e1 baterie 230V AC \/ 6V DC (4xAA), chrom -\",\"isPartOf\":{\"@id\":\"https:\/\/www.koupelnapro.com\/#website\"},\"primaryImageOfPage\":{\"@id\":\"https:\/\/www.koupelnapro.com\/index.php\/produkt\/akce-senzorova-vysoka-stojankova-baterie-230v-ac-6v-dc-4xaa-chrom-36990\/#primaryimage\"},\"image\":{\"@id\":\"https:\/\/www.koupelnapro.com\/index.php\/produkt\/akce-senzorova-vysoka-stojankova-baterie-230v-ac-6v-dc-4xaa-chrom-36990\/#primaryimage\"},\"thumbnailUrl\":\"https:\/\/www.koupelnapro.com\/wp-content\/uploads\/2026\/SK0003399-CZ20260425-092556-0-1777080363-42972-2_bt-es6500-244353574372782.webp\",\"datePublished\":\"2026-04-26T09:15:42+00:00\",\"breadcrumb\":{\"@id\":\"https:\/\/www.koupelnapro.com\/index.php\/produkt\/akce-senzorova-vysoka-stojankova-baterie-230v-ac-6v-dc-4xaa-chrom-36990\/#breadcrumb\"},\"inLanguage\":\"cs\",\"potentialAction\":[{\"@type\":\"ReadAction\",\"target\":[\"https:\/\/www.koupelnapro.com\/index.php\/produkt\/akce-senzorova-vysoka-stojankova-baterie-230v-ac-6v-dc-4xaa-chrom-36990\/\"]}]},{\"@type\":\"ImageObject\",\"inLanguage\":\"cs\",\"@id\":\"https:\/\/www.koupelnapro.com\/index.php\/produkt\/akce-senzorova-vysoka-stojankova-baterie-230v-ac-6v-dc-4xaa-chrom-36990\/#primaryimage\",\"url\":\"https:\/\/www.koupelnapro.com\/wp-content\/uploads\/2026\/SK0003399-CZ20260425-092556-0-1777080363-42972-2_bt-es6500-244353574372782.webp\",\"contentUrl\":\"https:\/\/www.koupelnapro.com\/wp-content\/uploads\/2026\/SK0003399-CZ20260425-092556-0-1777080363-42972-2_bt-es6500-244353574372782.webp\",\"width\":1000,\"height\":750},{\"@type\":\"BreadcrumbList\",\"@id\":\"https:\/\/www.koupelnapro.com\/index.php\/produkt\/akce-senzorova-vysoka-stojankova-baterie-230v-ac-6v-dc-4xaa-chrom-36990\/#breadcrumb\",\"itemListElement\":[{\"@type\":\"ListItem\",\"position\":1,\"name\":\"Home\",\"item\":\"https:\/\/www.koupelnapro.com\/\"},{\"@type\":\"ListItem\",\"position\":2,\"name\":\"Products\",\"item\":\"https:\/\/www.koupelnapro.com\/index.php\/products\/\"},{\"@type\":\"ListItem\",\"position\":3,\"name\":\"Akce Senzorov\u00e1 vysok\u00e1 stoj\u00e1nkov\u00e1 baterie 230V AC \/ 6V DC (4xAA), chrom\"}]},{\"@type\":\"WebSite\",\"@id\":\"https:\/\/www.koupelnapro.com\/#website\",\"url\":\"https:\/\/www.koupelnapro.com\/\",\"name\":\"\",\"description\":\"\",\"potentialAction\":[{\"@type\":\"SearchAction\",\"target\":{\"@type\":\"EntryPoint\",\"urlTemplate\":\"https:\/\/www.koupelnapro.com\/?s={search_term_string}\"},\"query-input\":{\"@type\":\"PropertyValueSpecification\",\"valueRequired\":true,\"valueName\":\"search_term_string\"}}],\"inLanguage\":\"cs\"}]}<\/script>\n<!-- \/ Yoast SEO plugin. -->","yoast_head_json":{"title":"Akce Senzorov\u00e1 vysok\u00e1 stoj\u00e1nkov\u00e1 baterie 230V AC \/ 6V DC (4xAA), chrom -","robots":{"index":"index","follow":"follow","max-snippet":"max-snippet:-1","max-image-preview":"max-image-preview:large","max-video-preview":"max-video-preview:-1"},"canonical":"https:\/\/www.koupelnapro.com\/index.php\/produkt\/akce-senzorova-vysoka-stojankova-baterie-230v-ac-6v-dc-4xaa-chrom-36990\/","og_locale":"cs_CZ","og_type":"article","og_title":"Akce Senzorov\u00e1 vysok\u00e1 stoj\u00e1nkov\u00e1 baterie 230V AC \/ 6V DC (4xAA), chrom -","og_description":"Detailn\u00ed popis produktu Parametry: P\u0159\u00edvod vody: G 1\/2&#8243; &#8211; 1 voda (studen\u00e1 nebo m\u00edsen\u00e1) Nap\u00e1jec\u00ed nap\u011bt\u00ed: 230V 50Hz nebo 6 V (baterie 4 x AA) Sv\u011bteln\u00e1 signalizace stavu bateri\u00ed (LED blik\u00e1 = v\u00fdm\u011bna baterie) Statick\u00fd p\u0159\u00edkon: 0,5 mW Dosah sn\u00edma\u010de: 12-18 cm (nastavuje se automaticky) Tlak vody: 0,05-0,6 MPa Teplota vody: 5 &#8211; 45 \u00b0C [&hellip;]","og_url":"https:\/\/www.koupelnapro.com\/index.php\/produkt\/akce-senzorova-vysoka-stojankova-baterie-230v-ac-6v-dc-4xaa-chrom-36990\/","og_image":[{"width":1000,"height":750,"url":"https:\/\/www.koupelnapro.com\/wp-content\/uploads\/2026\/SK0003399-CZ20260425-092556-0-1777080363-42972-2_bt-es6500-244353574372782.webp","type":"image\/webp"}],"twitter_card":"summary_large_image","twitter_misc":{"Odhadovan\u00e1 doba \u010dten\u00ed":"1 minuta"},"schema":{"@context":"https:\/\/schema.org","@graph":[{"@type":"WebPage","@id":"https:\/\/www.koupelnapro.com\/index.php\/produkt\/akce-senzorova-vysoka-stojankova-baterie-230v-ac-6v-dc-4xaa-chrom-36990\/","url":"https:\/\/www.koupelnapro.com\/index.php\/produkt\/akce-senzorova-vysoka-stojankova-baterie-230v-ac-6v-dc-4xaa-chrom-36990\/","name":"Akce Senzorov\u00e1 vysok\u00e1 stoj\u00e1nkov\u00e1 baterie 230V AC \/ 6V DC (4xAA), chrom -","isPartOf":{"@id":"https:\/\/www.koupelnapro.com\/#website"},"primaryImageOfPage":{"@id":"https:\/\/www.koupelnapro.com\/index.php\/produkt\/akce-senzorova-vysoka-stojankova-baterie-230v-ac-6v-dc-4xaa-chrom-36990\/#primaryimage"},"image":{"@id":"https:\/\/www.koupelnapro.com\/index.php\/produkt\/akce-senzorova-vysoka-stojankova-baterie-230v-ac-6v-dc-4xaa-chrom-36990\/#primaryimage"},"thumbnailUrl":"https:\/\/www.koupelnapro.com\/wp-content\/uploads\/2026\/SK0003399-CZ20260425-092556-0-1777080363-42972-2_bt-es6500-244353574372782.webp","datePublished":"2026-04-26T09:15:42+00:00","breadcrumb":{"@id":"https:\/\/www.koupelnapro.com\/index.php\/produkt\/akce-senzorova-vysoka-stojankova-baterie-230v-ac-6v-dc-4xaa-chrom-36990\/#breadcrumb"},"inLanguage":"cs","potentialAction":[{"@type":"ReadAction","target":["https:\/\/www.koupelnapro.com\/index.php\/produkt\/akce-senzorova-vysoka-stojankova-baterie-230v-ac-6v-dc-4xaa-chrom-36990\/"]}]},{"@type":"ImageObject","inLanguage":"cs","@id":"https:\/\/www.koupelnapro.com\/index.php\/produkt\/akce-senzorova-vysoka-stojankova-baterie-230v-ac-6v-dc-4xaa-chrom-36990\/#primaryimage","url":"https:\/\/www.koupelnapro.com\/wp-content\/uploads\/2026\/SK0003399-CZ20260425-092556-0-1777080363-42972-2_bt-es6500-244353574372782.webp","contentUrl":"https:\/\/www.koupelnapro.com\/wp-content\/uploads\/2026\/SK0003399-CZ20260425-092556-0-1777080363-42972-2_bt-es6500-244353574372782.webp","width":1000,"height":750},{"@type":"BreadcrumbList","@id":"https:\/\/www.koupelnapro.com\/index.php\/produkt\/akce-senzorova-vysoka-stojankova-baterie-230v-ac-6v-dc-4xaa-chrom-36990\/#breadcrumb","itemListElement":[{"@type":"ListItem","position":1,"name":"Home","item":"https:\/\/www.koupelnapro.com\/"},{"@type":"ListItem","position":2,"name":"Products","item":"https:\/\/www.koupelnapro.com\/index.php\/products\/"},{"@type":"ListItem","position":3,"name":"Akce Senzorov\u00e1 vysok\u00e1 stoj\u00e1nkov\u00e1 baterie 230V AC \/ 6V DC (4xAA), chrom"}]},{"@type":"WebSite","@id":"https:\/\/www.koupelnapro.com\/#website","url":"https:\/\/www.koupelnapro.com\/","name":"","description":"","potentialAction":[{"@type":"SearchAction","target":{"@type":"EntryPoint","urlTemplate":"https:\/\/www.koupelnapro.com\/?s={search_term_string}"},"query-input":{"@type":"PropertyValueSpecification","valueRequired":true,"valueName":"search_term_string"}}],"inLanguage":"cs"}]}},"_links":{"self":[{"href":"https:\/\/www.koupelnapro.com\/index.php\/wp-json\/wp\/v2\/product\/36990","targetHints":{"allow":["GET"]}}],"collection":[{"href":"https:\/\/www.koupelnapro.com\/index.php\/wp-json\/wp\/v2\/product"}],"about":[{"href":"https:\/\/www.koupelnapro.com\/index.php\/wp-json\/wp\/v2\/types\/product"}],"replies":[{"embeddable":true,"href":"https:\/\/www.koupelnapro.com\/index.php\/wp-json\/wp\/v2\/comments?post=36990"}],"wp:featuredmedia":[{"embeddable":true,"href":"https:\/\/www.koupelnapro.com\/index.php\/wp-json\/wp\/v2\/media\/37090"}],"wp:attachment":[{"href":"https:\/\/www.koupelnapro.com\/index.php\/wp-json\/wp\/v2\/media?parent=36990"}],"wp:term":[{"taxonomy":"product_brand","embeddable":true,"href":"https:\/\/www.koupelnapro.com\/index.php\/wp-json\/wp\/v2\/product_brand?post=36990"},{"taxonomy":"product_cat","embeddable":true,"href":"https:\/\/www.koupelnapro.com\/index.php\/wp-json\/wp\/v2\/product_cat?post=36990"},{"taxonomy":"product_tag","embeddable":true,"href":"https:\/\/www.koupelnapro.com\/index.php\/wp-json\/wp\/v2\/product_tag?post=36990"}],"curies":[{"name":"wp","href":"https:\/\/api.w.org\/{rel}","templated":true}]}}