{"id":36978,"date":"2026-04-26T09:15:42","date_gmt":"2026-04-26T09:15:42","guid":{"rendered":""},"modified":"2026-04-26T09:15:42","modified_gmt":"2026-04-26T09:15:42","slug":"hit-sezony-morian-umyvadlova-skrinka-120x14x48cm-dub-cerny-leva-36978","status":"publish","type":"product","link":"https:\/\/www.koupelnapro.com\/index.php\/produkt\/hit-sezony-morian-umyvadlova-skrinka-120x14x48cm-dub-cerny-leva-36978\/","title":{"rendered":"Hit Sez\u00f3ny MORIAN umyvadlov\u00e1 sk\u0159\u00ed\u0148ka 120x14x48cm, dub \u010dern\u00fd, lev\u00e1"},"content":{"rendered":"<div class=\"basic-description\">\n<h3>Detailn\u00ed popis produktu<\/h3>\n<p style=\"text-align: justify;\">Umyvadlov\u00e9 sk\u0159\u00ed\u0148ky MORIAN p\u016fsob\u00ed sv\u011b\u017e\u00edm dojmem, kter\u00fd ocen\u00ed p\u0159edev\u0161\u00edm ti, kte\u0159\u00ed up\u0159ednost\u0148uj\u00ed desku, ale postr\u00e1daj\u00ed u n\u00ed \u00falo\u017en\u00fd prostor. Sk\u0159\u00ed\u0148ky MORIAN tento probl\u00e9m zda\u0159ile \u0159e\u0161\u00ed!&nbsp;Zkosen\u00e9 hrany \u010dela sk\u0159\u00ed\u0148ky j\u00ed dod\u00e1vaj\u00ed na eleganci a p\u0159\u00edmo nav\u00e1d\u00ed ulo\u017eit nezbytnosti do otev\u0159en\u00e9 policov\u00e9 \u010d\u00e1sti. Z\u00e1suvky jsou bez\u00fachytkov\u00e9, otev\u00edraj\u00ed se tahem za bo\u010dn\u00ed stranu a jsou vybaveny syst\u00e9mem automatick\u00e9ho dov\u0159en\u00ed.&nbsp;V nab\u00eddce v dekorech dub a dub \u010dern\u00fd a \u0161\u00ed\u0159ce od 100 do 140 cm.Kolekci dopl\u0148uj\u00ed vysok\u00e9 sk\u0159\u00ed\u0148ky ve stejn\u00e9m stylu se zkosen\u00fdmi hranami \u010dela. Dv\u00ed\u0159ka jsou bez\u00fachytkov\u00e1, otev\u00edraj\u00ed se tahem a jsou vybavena zpomalovac\u00edmi panty.<\/p>\n<p style=\"text-align: justify;\">N\u00e1bytek je dod\u00e1v\u00e1n ve smontovan\u00e9m stavu, p\u0159ipraven k&nbsp;okam\u017eit\u00e9 instalaci.N\u00e1bytek instalujte na rovnou st\u011bnu. P\u0159i zkroucen\u00ed korpusu sk\u0159\u00ed\u0148ky m\u016f\u017ee doj\u00edt k&nbsp;poru\u0161e funkce dov\u00edrac\u00edch mechanism\u016f. Nevystavujte n\u00e1bytek trval\u00e9 vlhkosti a styku s&nbsp;vodou.<\/p>\n<ul>\n<li>Umyvadlov\u00e9 sk\u0159\u00ed\u0148ky jsou bez otvor\u016f pro sifon a baterii v&nbsp;pracovn\u00ed desce, nutno vyvrtat<\/li>\n<\/ul>\n<div class=\"product-explanation-item\">\n<h3>Tich\u00e9 a plynul\u00e9 zav\u00edr\u00e1n\u00ed<\/h3>\n<div style=\"float: left;\"><\/div>\n<p style=\"text-align: justify;\">N\u00e1bytek je vybaven pojezdy z\u00e1suvek s pomal\u00fdm dojezdem a syst\u00e9mem automatick\u00e9ho dov\u0159en\u00ed z\u00e1suvek. Ji\u017e \u017e\u00e1dn\u00e9 hlu\u010dn\u00e9 dov\u00edr\u00e1n\u00ed.<\/p>\n<\/div>\n<p><b>Video ke shl\u00e9dnut\u00ed<\/b><video width=\"640\" height=\"480\" controls><source src=\"https:\/\/ubc.k2.cz\/K2FTPdata\/UBC\/video\/produkt_ostatne\/nabytek-morian.mp4\" type=\"video\/mp4\">V\u00e1\u0161 prohl\u00ed\u017ee\u010d nepodporuje video tag.<\/video>                            <\/div>\n<div class=\"extended-description\">\n<h3>Dopl\u0148kov\u00e9 parametry<\/h3>\n<table class=\"detail-parameters\">\n<tbody>\n<tr>\n<th>        <span class=\"row-header-label\">            Kategorie<span class=\"row-header-label-colon\">:<\/span>        <\/span>    <\/th>\n<td>            <\/td>\n<\/tr>\n<tr>\n<th>            <span class=\"row-header-label\">                Z\u00e1ruka<span class=\"row-header-label-colon\">:<\/span>            <\/span>        <\/th>\n<td>            24        <\/td>\n<\/tr>\n<tr>\n<th>            <span class=\"row-header-label\">                Hmotnost<span class=\"row-header-label-colon\">:<\/span>            <\/span>        <\/th>\n<td>            23 kg        <\/td>\n<\/tr>\n<tr class=\"productEan\">\n<th>          <span class=\"row-header-label productEan__label\">              EAN<span class=\"row-header-label-colon\">:<\/span>          <\/span>      <\/th>\n<td>          <span class=\"productEan__value\">8590913892455<\/span>      <\/td>\n<\/tr>\n<tr>\n<th>                <span class=\"row-header-label\">                                            Balen\u00ed<span class=\"row-header-label-colon\">:<\/span>                                    <\/span>            <\/th>\n<td>                                                            1 ks                                                <\/td>\n<\/tr>\n<tr>\n<th>                <span class=\"row-header-label\">                                            Balen\u00ed neobsahuje<span class=\"row-header-label-colon\">:<\/span>                                    <\/span>            <\/th>\n<td>                                                            Umyvadlo                                                <\/td>\n<\/tr>\n<tr>\n<th>                <span class=\"row-header-label\">                                            Barva<span class=\"row-header-label-colon\">:<\/span>                                    <\/span>            <\/th>\n<td>                                                            Hn\u011bd\u00e1                                                <\/td>\n<\/tr>\n<tr>\n<th>                <span class=\"row-header-label\">                                            Dekor<span class=\"row-header-label-colon\">:<\/span>                                    <\/span>            <\/th>\n<td>                                                            Dub \u010dern\u00fd (KronoSwiss)                                                <\/td>\n<\/tr>\n<tr>\n<th>                <span class=\"row-header-label\">                                            Dostupnost<span class=\"row-header-label-colon\">:<\/span>                                    <\/span>            <\/th>\n<td>                                                            Skladem                                                <\/td>\n<\/tr>\n<tr>\n<th>                <span class=\"row-header-label\">                                            Hloubka<span class=\"row-header-label-colon\">:<\/span>                                    <\/span>            <\/th>\n<td>                                                            480 mm                                                <\/td>\n<\/tr>\n<tr>\n<th>                <span class=\"row-header-label\">                                            Instalace<span class=\"row-header-label-colon\">:<\/span>                                    <\/span>            <\/th>\n<td>                                                            Z\u00e1v\u011bsn\u00e9 na st\u011bnu                                                <\/td>\n<\/tr>\n<tr>\n<th>                <span class=\"row-header-label\">                                            Materi\u00e1l<span class=\"row-header-label-colon\">:<\/span>                                    <\/span>            <\/th>\n<td>                                                            HPL lamin\u00e1t\/lamino                                                <\/td>\n<\/tr>\n<tr>\n<th>                <span class=\"row-header-label\">                                            Rozm\u011br<span class=\"row-header-label-colon\">:<\/span>                                    <\/span>            <\/th>\n<td>                                                            120x14x48 cm                                                <\/td>\n<\/tr>\n<tr>\n<th>                <span class=\"row-header-label\">                                            \u0160\u00ed\u0159ka<span class=\"row-header-label-colon\">:<\/span>                                    <\/span>            <\/th>\n<td>                                                            1200 mm                                                <\/td>\n<\/tr>\n<tr>\n<th>                <span class=\"row-header-label\">                                            Typ sk\u0159\u00ed\u0148ky<span class=\"row-header-label-colon\">:<\/span>                                    <\/span>            <\/th>\n<td>                                                            Z\u00e1suvky                                                <\/td>\n<\/tr>\n<tr>\n<th>                <span class=\"row-header-label\">                                            Typ umyvadla<span class=\"row-header-label-colon\">:<\/span>                                    <\/span>            <\/th>\n<td>                                                            Umyvadlo na desku                                                <\/td>\n<\/tr>\n<tr>\n<th>                <span class=\"row-header-label\">                                            V\u00fdbava<span class=\"row-header-label-colon\">:<\/span>                                    <\/span>            <\/th>\n<td>                                                            Tich\u00e9 a plynul\u00e9 zav\u00edr\u00e1n\u00ed                                                <\/td>\n<\/tr>\n<tr>\n<th>                <span class=\"row-header-label\">                                            V\u00fd\u0161ka<span class=\"row-header-label-colon\">:<\/span>                                    <\/span>            <\/th>\n<td>                                                            140 mm                                                <\/td>\n<\/tr>\n<tr>\n<th>                <span class=\"row-header-label\">                                            Z\u00e1ruka<span class=\"row-header-label-colon\">:<\/span>                                    <\/span>            <\/th>\n<td>                                                            2 roky                                                <\/td>\n<\/tr>\n<\/tbody>\n<\/table><\/div>\n<\/p><\/div>\n<\/p><\/div>\n","protected":false},"excerpt":{"rendered":"<p>Detailn\u00ed popis produktu Umyvadlov\u00e9 sk\u0159\u00ed\u0148ky MORIAN p\u016fsob\u00ed sv\u011b\u017e\u00edm dojmem, kter\u00fd ocen\u00ed p\u0159edev\u0161\u00edm ti, kte\u0159\u00ed up\u0159ednost\u0148uj\u00ed desku, ale postr\u00e1daj\u00ed u n\u00ed \u00falo\u017en\u00fd prostor. Sk\u0159\u00ed\u0148ky MORIAN tento probl\u00e9m zda\u0159ile \u0159e\u0161\u00ed!&nbsp;Zkosen\u00e9 hrany \u010dela sk\u0159\u00ed\u0148ky j\u00ed dod\u00e1vaj\u00ed na eleganci a p\u0159\u00edmo nav\u00e1d\u00ed ulo\u017eit nezbytnosti do otev\u0159en\u00e9 policov\u00e9 \u010d\u00e1sti. Z\u00e1suvky jsou bez\u00fachytkov\u00e9, otev\u00edraj\u00ed se tahem za bo\u010dn\u00ed stranu a jsou [&hellip;]<\/p>\n","protected":false},"featured_media":37078,"comment_status":"open","ping_status":"open","template":"","meta":[],"product_brand":[],"product_cat":[136],"product_tag":[],"class_list":{"0":"post-36978","1":"product","2":"type-product","3":"status-publish","4":"has-post-thumbnail","6":"product_cat-umyvadlove-skrinky","8":"first","9":"instock","10":"sale","11":"shipping-taxable","12":"purchasable","13":"product-type-simple"},"yoast_head":"<!-- This site is optimized with the Yoast SEO plugin v26.8 - https:\/\/yoast.com\/product\/yoast-seo-wordpress\/ -->\n<title>Hit Sez\u00f3ny MORIAN umyvadlov\u00e1 sk\u0159\u00ed\u0148ka 120x14x48cm, dub \u010dern\u00fd, lev\u00e1 -<\/title>\n<meta name=\"robots\" content=\"index, follow, max-snippet:-1, max-image-preview:large, max-video-preview:-1\" \/>\n<link rel=\"canonical\" href=\"https:\/\/www.koupelnapro.com\/index.php\/produkt\/hit-sezony-morian-umyvadlova-skrinka-120x14x48cm-dub-cerny-leva-36978\/\" \/>\n<meta property=\"og:locale\" content=\"cs_CZ\" \/>\n<meta property=\"og:type\" content=\"article\" \/>\n<meta property=\"og:title\" content=\"Hit Sez\u00f3ny MORIAN umyvadlov\u00e1 sk\u0159\u00ed\u0148ka 120x14x48cm, dub \u010dern\u00fd, lev\u00e1 -\" \/>\n<meta property=\"og:description\" content=\"Detailn\u00ed popis produktu Umyvadlov\u00e9 sk\u0159\u00ed\u0148ky MORIAN p\u016fsob\u00ed sv\u011b\u017e\u00edm dojmem, kter\u00fd ocen\u00ed p\u0159edev\u0161\u00edm ti, kte\u0159\u00ed up\u0159ednost\u0148uj\u00ed desku, ale postr\u00e1daj\u00ed u n\u00ed \u00falo\u017en\u00fd prostor. Sk\u0159\u00ed\u0148ky MORIAN tento probl\u00e9m zda\u0159ile \u0159e\u0161\u00ed!&nbsp;Zkosen\u00e9 hrany \u010dela sk\u0159\u00ed\u0148ky j\u00ed dod\u00e1vaj\u00ed na eleganci a p\u0159\u00edmo nav\u00e1d\u00ed ulo\u017eit nezbytnosti do otev\u0159en\u00e9 policov\u00e9 \u010d\u00e1sti. Z\u00e1suvky jsou bez\u00fachytkov\u00e9, otev\u00edraj\u00ed se tahem za bo\u010dn\u00ed stranu a jsou [&hellip;]\" \/>\n<meta property=\"og:url\" content=\"https:\/\/www.koupelnapro.com\/index.php\/produkt\/hit-sezony-morian-umyvadlova-skrinka-120x14x48cm-dub-cerny-leva-36978\/\" \/>\n<meta property=\"og:image\" content=\"https:\/\/www.koupelnapro.com\/wp-content\/uploads\/2026\/SK0003387-CZ20260425-092556-0-1777080363-42849-4_mr122-172322677853433.webp\" \/>\n\t<meta property=\"og:image:width\" content=\"1000\" \/>\n\t<meta property=\"og:image:height\" content=\"750\" \/>\n\t<meta property=\"og:image:type\" content=\"image\/webp\" \/>\n<meta name=\"twitter:card\" content=\"summary_large_image\" \/>\n<meta name=\"twitter:label1\" content=\"Odhadovan\u00e1 doba \u010dten\u00ed\" \/>\n\t<meta name=\"twitter:data1\" content=\"2 minuty\" \/>\n<script type=\"application\/ld+json\" class=\"yoast-schema-graph\">{\"@context\":\"https:\/\/schema.org\",\"@graph\":[{\"@type\":\"WebPage\",\"@id\":\"https:\/\/www.koupelnapro.com\/index.php\/produkt\/hit-sezony-morian-umyvadlova-skrinka-120x14x48cm-dub-cerny-leva-36978\/\",\"url\":\"https:\/\/www.koupelnapro.com\/index.php\/produkt\/hit-sezony-morian-umyvadlova-skrinka-120x14x48cm-dub-cerny-leva-36978\/\",\"name\":\"Hit Sez\u00f3ny MORIAN umyvadlov\u00e1 sk\u0159\u00ed\u0148ka 120x14x48cm, dub \u010dern\u00fd, lev\u00e1 -\",\"isPartOf\":{\"@id\":\"https:\/\/www.koupelnapro.com\/#website\"},\"primaryImageOfPage\":{\"@id\":\"https:\/\/www.koupelnapro.com\/index.php\/produkt\/hit-sezony-morian-umyvadlova-skrinka-120x14x48cm-dub-cerny-leva-36978\/#primaryimage\"},\"image\":{\"@id\":\"https:\/\/www.koupelnapro.com\/index.php\/produkt\/hit-sezony-morian-umyvadlova-skrinka-120x14x48cm-dub-cerny-leva-36978\/#primaryimage\"},\"thumbnailUrl\":\"https:\/\/www.koupelnapro.com\/wp-content\/uploads\/2026\/SK0003387-CZ20260425-092556-0-1777080363-42849-4_mr122-172322677853433.webp\",\"datePublished\":\"2026-04-26T09:15:42+00:00\",\"breadcrumb\":{\"@id\":\"https:\/\/www.koupelnapro.com\/index.php\/produkt\/hit-sezony-morian-umyvadlova-skrinka-120x14x48cm-dub-cerny-leva-36978\/#breadcrumb\"},\"inLanguage\":\"cs\",\"potentialAction\":[{\"@type\":\"ReadAction\",\"target\":[\"https:\/\/www.koupelnapro.com\/index.php\/produkt\/hit-sezony-morian-umyvadlova-skrinka-120x14x48cm-dub-cerny-leva-36978\/\"]}]},{\"@type\":\"ImageObject\",\"inLanguage\":\"cs\",\"@id\":\"https:\/\/www.koupelnapro.com\/index.php\/produkt\/hit-sezony-morian-umyvadlova-skrinka-120x14x48cm-dub-cerny-leva-36978\/#primaryimage\",\"url\":\"https:\/\/www.koupelnapro.com\/wp-content\/uploads\/2026\/SK0003387-CZ20260425-092556-0-1777080363-42849-4_mr122-172322677853433.webp\",\"contentUrl\":\"https:\/\/www.koupelnapro.com\/wp-content\/uploads\/2026\/SK0003387-CZ20260425-092556-0-1777080363-42849-4_mr122-172322677853433.webp\",\"width\":1000,\"height\":750},{\"@type\":\"BreadcrumbList\",\"@id\":\"https:\/\/www.koupelnapro.com\/index.php\/produkt\/hit-sezony-morian-umyvadlova-skrinka-120x14x48cm-dub-cerny-leva-36978\/#breadcrumb\",\"itemListElement\":[{\"@type\":\"ListItem\",\"position\":1,\"name\":\"Home\",\"item\":\"https:\/\/www.koupelnapro.com\/\"},{\"@type\":\"ListItem\",\"position\":2,\"name\":\"Products\",\"item\":\"https:\/\/www.koupelnapro.com\/index.php\/products\/\"},{\"@type\":\"ListItem\",\"position\":3,\"name\":\"Hit Sez\u00f3ny MORIAN umyvadlov\u00e1 sk\u0159\u00ed\u0148ka 120x14x48cm, dub \u010dern\u00fd, lev\u00e1\"}]},{\"@type\":\"WebSite\",\"@id\":\"https:\/\/www.koupelnapro.com\/#website\",\"url\":\"https:\/\/www.koupelnapro.com\/\",\"name\":\"\",\"description\":\"\",\"potentialAction\":[{\"@type\":\"SearchAction\",\"target\":{\"@type\":\"EntryPoint\",\"urlTemplate\":\"https:\/\/www.koupelnapro.com\/?s={search_term_string}\"},\"query-input\":{\"@type\":\"PropertyValueSpecification\",\"valueRequired\":true,\"valueName\":\"search_term_string\"}}],\"inLanguage\":\"cs\"}]}<\/script>\n<!-- \/ Yoast SEO plugin. -->","yoast_head_json":{"title":"Hit Sez\u00f3ny MORIAN umyvadlov\u00e1 sk\u0159\u00ed\u0148ka 120x14x48cm, dub \u010dern\u00fd, lev\u00e1 -","robots":{"index":"index","follow":"follow","max-snippet":"max-snippet:-1","max-image-preview":"max-image-preview:large","max-video-preview":"max-video-preview:-1"},"canonical":"https:\/\/www.koupelnapro.com\/index.php\/produkt\/hit-sezony-morian-umyvadlova-skrinka-120x14x48cm-dub-cerny-leva-36978\/","og_locale":"cs_CZ","og_type":"article","og_title":"Hit Sez\u00f3ny MORIAN umyvadlov\u00e1 sk\u0159\u00ed\u0148ka 120x14x48cm, dub \u010dern\u00fd, lev\u00e1 -","og_description":"Detailn\u00ed popis produktu Umyvadlov\u00e9 sk\u0159\u00ed\u0148ky MORIAN p\u016fsob\u00ed sv\u011b\u017e\u00edm dojmem, kter\u00fd ocen\u00ed p\u0159edev\u0161\u00edm ti, kte\u0159\u00ed up\u0159ednost\u0148uj\u00ed desku, ale postr\u00e1daj\u00ed u n\u00ed \u00falo\u017en\u00fd prostor. Sk\u0159\u00ed\u0148ky MORIAN tento probl\u00e9m zda\u0159ile \u0159e\u0161\u00ed!&nbsp;Zkosen\u00e9 hrany \u010dela sk\u0159\u00ed\u0148ky j\u00ed dod\u00e1vaj\u00ed na eleganci a p\u0159\u00edmo nav\u00e1d\u00ed ulo\u017eit nezbytnosti do otev\u0159en\u00e9 policov\u00e9 \u010d\u00e1sti. Z\u00e1suvky jsou bez\u00fachytkov\u00e9, otev\u00edraj\u00ed se tahem za bo\u010dn\u00ed stranu a jsou [&hellip;]","og_url":"https:\/\/www.koupelnapro.com\/index.php\/produkt\/hit-sezony-morian-umyvadlova-skrinka-120x14x48cm-dub-cerny-leva-36978\/","og_image":[{"width":1000,"height":750,"url":"https:\/\/www.koupelnapro.com\/wp-content\/uploads\/2026\/SK0003387-CZ20260425-092556-0-1777080363-42849-4_mr122-172322677853433.webp","type":"image\/webp"}],"twitter_card":"summary_large_image","twitter_misc":{"Odhadovan\u00e1 doba \u010dten\u00ed":"2 minuty"},"schema":{"@context":"https:\/\/schema.org","@graph":[{"@type":"WebPage","@id":"https:\/\/www.koupelnapro.com\/index.php\/produkt\/hit-sezony-morian-umyvadlova-skrinka-120x14x48cm-dub-cerny-leva-36978\/","url":"https:\/\/www.koupelnapro.com\/index.php\/produkt\/hit-sezony-morian-umyvadlova-skrinka-120x14x48cm-dub-cerny-leva-36978\/","name":"Hit Sez\u00f3ny MORIAN umyvadlov\u00e1 sk\u0159\u00ed\u0148ka 120x14x48cm, dub \u010dern\u00fd, lev\u00e1 -","isPartOf":{"@id":"https:\/\/www.koupelnapro.com\/#website"},"primaryImageOfPage":{"@id":"https:\/\/www.koupelnapro.com\/index.php\/produkt\/hit-sezony-morian-umyvadlova-skrinka-120x14x48cm-dub-cerny-leva-36978\/#primaryimage"},"image":{"@id":"https:\/\/www.koupelnapro.com\/index.php\/produkt\/hit-sezony-morian-umyvadlova-skrinka-120x14x48cm-dub-cerny-leva-36978\/#primaryimage"},"thumbnailUrl":"https:\/\/www.koupelnapro.com\/wp-content\/uploads\/2026\/SK0003387-CZ20260425-092556-0-1777080363-42849-4_mr122-172322677853433.webp","datePublished":"2026-04-26T09:15:42+00:00","breadcrumb":{"@id":"https:\/\/www.koupelnapro.com\/index.php\/produkt\/hit-sezony-morian-umyvadlova-skrinka-120x14x48cm-dub-cerny-leva-36978\/#breadcrumb"},"inLanguage":"cs","potentialAction":[{"@type":"ReadAction","target":["https:\/\/www.koupelnapro.com\/index.php\/produkt\/hit-sezony-morian-umyvadlova-skrinka-120x14x48cm-dub-cerny-leva-36978\/"]}]},{"@type":"ImageObject","inLanguage":"cs","@id":"https:\/\/www.koupelnapro.com\/index.php\/produkt\/hit-sezony-morian-umyvadlova-skrinka-120x14x48cm-dub-cerny-leva-36978\/#primaryimage","url":"https:\/\/www.koupelnapro.com\/wp-content\/uploads\/2026\/SK0003387-CZ20260425-092556-0-1777080363-42849-4_mr122-172322677853433.webp","contentUrl":"https:\/\/www.koupelnapro.com\/wp-content\/uploads\/2026\/SK0003387-CZ20260425-092556-0-1777080363-42849-4_mr122-172322677853433.webp","width":1000,"height":750},{"@type":"BreadcrumbList","@id":"https:\/\/www.koupelnapro.com\/index.php\/produkt\/hit-sezony-morian-umyvadlova-skrinka-120x14x48cm-dub-cerny-leva-36978\/#breadcrumb","itemListElement":[{"@type":"ListItem","position":1,"name":"Home","item":"https:\/\/www.koupelnapro.com\/"},{"@type":"ListItem","position":2,"name":"Products","item":"https:\/\/www.koupelnapro.com\/index.php\/products\/"},{"@type":"ListItem","position":3,"name":"Hit Sez\u00f3ny MORIAN umyvadlov\u00e1 sk\u0159\u00ed\u0148ka 120x14x48cm, dub \u010dern\u00fd, lev\u00e1"}]},{"@type":"WebSite","@id":"https:\/\/www.koupelnapro.com\/#website","url":"https:\/\/www.koupelnapro.com\/","name":"","description":"","potentialAction":[{"@type":"SearchAction","target":{"@type":"EntryPoint","urlTemplate":"https:\/\/www.koupelnapro.com\/?s={search_term_string}"},"query-input":{"@type":"PropertyValueSpecification","valueRequired":true,"valueName":"search_term_string"}}],"inLanguage":"cs"}]}},"_links":{"self":[{"href":"https:\/\/www.koupelnapro.com\/index.php\/wp-json\/wp\/v2\/product\/36978","targetHints":{"allow":["GET"]}}],"collection":[{"href":"https:\/\/www.koupelnapro.com\/index.php\/wp-json\/wp\/v2\/product"}],"about":[{"href":"https:\/\/www.koupelnapro.com\/index.php\/wp-json\/wp\/v2\/types\/product"}],"replies":[{"embeddable":true,"href":"https:\/\/www.koupelnapro.com\/index.php\/wp-json\/wp\/v2\/comments?post=36978"}],"wp:featuredmedia":[{"embeddable":true,"href":"https:\/\/www.koupelnapro.com\/index.php\/wp-json\/wp\/v2\/media\/37078"}],"wp:attachment":[{"href":"https:\/\/www.koupelnapro.com\/index.php\/wp-json\/wp\/v2\/media?parent=36978"}],"wp:term":[{"taxonomy":"product_brand","embeddable":true,"href":"https:\/\/www.koupelnapro.com\/index.php\/wp-json\/wp\/v2\/product_brand?post=36978"},{"taxonomy":"product_cat","embeddable":true,"href":"https:\/\/www.koupelnapro.com\/index.php\/wp-json\/wp\/v2\/product_cat?post=36978"},{"taxonomy":"product_tag","embeddable":true,"href":"https:\/\/www.koupelnapro.com\/index.php\/wp-json\/wp\/v2\/product_tag?post=36978"}],"curies":[{"name":"wp","href":"https:\/\/api.w.org\/{rel}","templated":true}]}}